{"id":72064,"date":"2025-10-21T16:37:38","date_gmt":"2025-10-21T14:37:38","guid":{"rendered":"https:\/\/animefigurer.se\/produkt\/transformers-mdlx-articulated-figure-series-jazz\/"},"modified":"2025-12-21T19:36:37","modified_gmt":"2025-12-21T18:36:37","slug":"transformers-mdlx-articulated-figure-series-jazz","status":"publish","type":"product","link":"https:\/\/animefigurer.se\/en\/figurer\/transformers\/transformers-mdlx-articulated-figure-series-jazz\/","title":{"rendered":"Transformers MDLX Articulated Figure Series Jazz"},"content":{"rendered":"<p>threezero presents Transformers MDLX Jazz \u2014 the Autobot who combines skill and charisma, and Optimus Prime&#039;s faithful right-hand man. A stylish addition to your collection!<\/p>\n<p>MDLX Jazz stands approximately 15 cm (~6 inches) tall and features approximately 46 points of articulation and a die-cast metal frame. Accessory elements include five sets of interchangeable hands, a photon rifle, and a grappling hook with fully functional retractable cord that can be extended and retracted for an interactive experience.<\/p>\n<p>About threezero&#039;s MDLX line<\/p>\n<p>MDLX captures the spirit of threezero\u2019s DLX series on a smaller scale with similar high levels of articulation and improved durability at a more accessible price point. Based on the 1980s The Transformers, the series has been reimagined by threezero Art Director Kelvin Sau. Iconic designs have been given a trezero style with a hyper-detailed mechanical aesthetic.<\/p>\n<p>MDLX figures utilize threezero&#039;s die-cast zinc alloy combined with an engineered plastic frame, providing enhanced tactile playability and durability. Each figure is finished with the detailed craftsmanship and weathered paint job that threezero is known for.<\/p>\n<p>FEATURES<br \/>\n\u2013 Officially licensed by Hasbro<br \/>\n\u2013 Approximately 6 inches (~15 cm) long<br \/>\n\u2013 Retractable grab hook with extendable cable<br \/>\n\u2013 Fully articulated collectible figure with approximately 46 points of articulation<br \/>\n\u2013 New frame construction in engineering plastic + die-cast zinc alloy<br \/>\n\u2013 Improved articulation and stiffness for superior gaming experience<br \/>\n\u2013 Kelvin Sau\u2019s reworking of classic G1 designs<\/p>\n<p>ACCESSORIES<br \/>\n\u2013 1 x photon rifle<br \/>\n\u2013 1 x retractable grab hook<br \/>\n\u2013 5 x sets of interchangeable hands: rifle holding, fists, salute\/right hand, peace sign\/left hand, spread pose\/right hand<\/p>","protected":false},"excerpt":{"rendered":"<p>threezero presents Transformers MDLX Jazz \u2014 the Autobot who combines skill and charisma, and Optimus Prime&#039;s faithful right-hand man. A stylish addition to your collection!<\/p>\n<p>MDLX Jazz is approximately 15 cm (~6 inches) long and has approximately 46 points of articulation and a die-cast metal frame. Accessories include<\/p>","protected":false},"featured_media":72065,"comment_status":"closed","ping_status":"open","template":"","meta":{"_acf_changed":false,"_monsterinsights_skip_tracking":false,"_monsterinsights_sitenote_active":false,"_monsterinsights_sitenote_note":"","_monsterinsights_sitenote_category":0},"product_brand":[7164],"product_cat":[5798],"product_tag":[24],"giftcard-category":[],"class_list":{"0":"post-72064","1":"product","2":"type-product","3":"status-publish","4":"has-post-thumbnail","6":"product_brand-threezero","7":"product_cat-transformers","8":"product_tag-2-3-weeks","9":"pa_franchise-transformers","10":"pa_karaktar-jazz","11":"pa_material-plastic-and-diecast","12":"pa_storlek-15-cm","14":"first","15":"instock","16":"taxable","17":"shipping-taxable","18":"purchasable","19":"product-type-simple"},"acf":[],"yoast_head":"<!-- This site is optimized with the Yoast SEO Premium plugin v24.6 (Yoast SEO v27.3) - https:\/\/yoast.com\/product\/yoast-seo-premium-wordpress\/ -->\n<title>Transformers MDLX Articulated Figure Series Jazz | Animefigurer.se<\/title>\n<meta name=\"robots\" content=\"index, follow, max-snippet:-1, max-image-preview:large, max-video-preview:-1\" \/>\n<link rel=\"canonical\" href=\"https:\/\/animefigurer.se\/en\/figurer\/transformers\/transformers-mdlx-articulated-figure-series-jazz\/\" \/>\n<meta property=\"og:locale\" content=\"en_GB\" \/>\n<meta property=\"og:type\" content=\"article\" \/>\n<meta property=\"og:title\" content=\"Transformers MDLX Articulated Figure Series Jazz\" \/>\n<meta property=\"og:description\" content=\"threezero presenterar Transformers MDLX Jazz \u2014 Autoboten som kombinerar skicklighet och karisma, och Optimus Primes trogna h\u00f6gra hand. Ett stilfullt tillskott i din samling! MDLX Jazz \u00e4r cirka 15 cm (~6 tum) l\u00e5ng och har cirka 46 artikulationspunkter samt en ram i formgjuten metall. Tillbeh\u00f6ren omf\" \/>\n<meta property=\"og:url\" content=\"https:\/\/animefigurer.se\/en\/figurer\/transformers\/transformers-mdlx-articulated-figure-series-jazz\/\" \/>\n<meta property=\"og:site_name\" content=\"Animefigurer.se\" \/>\n<meta property=\"article:publisher\" content=\"https:\/\/www.facebook.com\/profile.php?id=61581826539670\" \/>\n<meta property=\"article:modified_time\" content=\"2025-12-21T18:36:37+00:00\" \/>\n<meta property=\"og:image\" content=\"https:\/\/animefigurer.se\/wp-content\/uploads\/2025\/12\/Animefigurer_logowhite.png\" \/>\n\t<meta property=\"og:image:width\" content=\"1890\" \/>\n\t<meta property=\"og:image:height\" content=\"1417\" \/>\n\t<meta property=\"og:image:type\" content=\"image\/png\" \/>\n<meta name=\"twitter:card\" content=\"summary_large_image\" \/>\n<meta name=\"twitter:label1\" content=\"Estimated reading time\" \/>\n\t<meta name=\"twitter:data1\" content=\"1 minute\" \/>\n<script type=\"application\/ld+json\" class=\"yoast-schema-graph\">{\"@context\":\"https:\\\/\\\/schema.org\",\"@graph\":[{\"@type\":\"WebPage\",\"@id\":\"https:\\\/\\\/animefigurer.se\\\/figurer\\\/transformers\\\/transformers-mdlx-articulated-figure-series-jazz\\\/\",\"url\":\"https:\\\/\\\/animefigurer.se\\\/figurer\\\/transformers\\\/transformers-mdlx-articulated-figure-series-jazz\\\/\",\"name\":\"Transformers MDLX Articulated Figure Series Jazz | Animefigurer.se\",\"isPartOf\":{\"@id\":\"https:\\\/\\\/animefigurer.se\\\/#website\"},\"primaryImageOfPage\":{\"@id\":\"https:\\\/\\\/animefigurer.se\\\/figurer\\\/transformers\\\/transformers-mdlx-articulated-figure-series-jazz\\\/#primaryimage\"},\"image\":{\"@id\":\"https:\\\/\\\/animefigurer.se\\\/figurer\\\/transformers\\\/transformers-mdlx-articulated-figure-series-jazz\\\/#primaryimage\"},\"thumbnailUrl\":\"https:\\\/\\\/animefigurer.se\\\/wp-content\\\/uploads\\\/2025\\\/10\\\/6688151fa110d.jpeg\",\"datePublished\":\"2025-10-21T14:37:38+00:00\",\"dateModified\":\"2025-12-21T18:36:37+00:00\",\"breadcrumb\":{\"@id\":\"https:\\\/\\\/animefigurer.se\\\/figurer\\\/transformers\\\/transformers-mdlx-articulated-figure-series-jazz\\\/#breadcrumb\"},\"inLanguage\":\"en-GB\",\"potentialAction\":[{\"@type\":\"ReadAction\",\"target\":[\"https:\\\/\\\/animefigurer.se\\\/figurer\\\/transformers\\\/transformers-mdlx-articulated-figure-series-jazz\\\/\"]}]},{\"@type\":\"ImageObject\",\"inLanguage\":\"en-GB\",\"@id\":\"https:\\\/\\\/animefigurer.se\\\/figurer\\\/transformers\\\/transformers-mdlx-articulated-figure-series-jazz\\\/#primaryimage\",\"url\":\"https:\\\/\\\/animefigurer.se\\\/wp-content\\\/uploads\\\/2025\\\/10\\\/6688151fa110d.jpeg\",\"contentUrl\":\"https:\\\/\\\/animefigurer.se\\\/wp-content\\\/uploads\\\/2025\\\/10\\\/6688151fa110d.jpeg\",\"width\":720,\"height\":540},{\"@type\":\"BreadcrumbList\",\"@id\":\"https:\\\/\\\/animefigurer.se\\\/figurer\\\/transformers\\\/transformers-mdlx-articulated-figure-series-jazz\\\/#breadcrumb\",\"itemListElement\":[{\"@type\":\"ListItem\",\"position\":1,\"name\":\"Home\",\"item\":\"https:\\\/\\\/animefigurer.se\\\/\"},{\"@type\":\"ListItem\",\"position\":2,\"name\":\"Butik\",\"item\":\"https:\\\/\\\/animefigurer.se\\\/figurer\\\/\"},{\"@type\":\"ListItem\",\"position\":3,\"name\":\"Transformers MDLX Articulated Figure Series Jazz\"}]},{\"@type\":\"WebSite\",\"@id\":\"https:\\\/\\\/animefigurer.se\\\/#website\",\"url\":\"https:\\\/\\\/animefigurer.se\\\/\",\"name\":\"Animefigurer.se\",\"description\":\"Anime figurer fr\u00e5n \u00f6ver 300 olika anime serier med \u00f6ver 9000 produkter | Anime Shop\",\"publisher\":{\"@id\":\"https:\\\/\\\/animefigurer.se\\\/#organization\"},\"potentialAction\":[{\"@type\":\"SearchAction\",\"target\":{\"@type\":\"EntryPoint\",\"urlTemplate\":\"https:\\\/\\\/animefigurer.se\\\/?s={search_term_string}\"},\"query-input\":{\"@type\":\"PropertyValueSpecification\",\"valueRequired\":true,\"valueName\":\"search_term_string\"}}],\"inLanguage\":\"en-GB\"},{\"@type\":\"Organization\",\"@id\":\"https:\\\/\\\/animefigurer.se\\\/#organization\",\"name\":\"Animefigurer.se\",\"alternateName\":\"Anime figurer | Anime shop\",\"url\":\"https:\\\/\\\/animefigurer.se\\\/\",\"logo\":{\"@type\":\"ImageObject\",\"inLanguage\":\"en-GB\",\"@id\":\"https:\\\/\\\/animefigurer.se\\\/#\\\/schema\\\/logo\\\/image\\\/\",\"url\":\"https:\\\/\\\/animefigurer.se\\\/wp-content\\\/uploads\\\/2025\\\/12\\\/Animefigurer_logowhite.png\",\"contentUrl\":\"https:\\\/\\\/animefigurer.se\\\/wp-content\\\/uploads\\\/2025\\\/12\\\/Animefigurer_logowhite.png\",\"width\":1890,\"height\":1417,\"caption\":\"Animefigurer.se\"},\"image\":{\"@id\":\"https:\\\/\\\/animefigurer.se\\\/#\\\/schema\\\/logo\\\/image\\\/\"},\"sameAs\":[\"https:\\\/\\\/www.facebook.com\\\/profile.php?id=61581826539670\",\"https:\\\/\\\/www.instagram.com\\\/animefigurer.se\\\/\"],\"email\":\"info@animefigurer.se\"}]}<\/script>\n<!-- \/ Yoast SEO Premium plugin. -->","yoast_head_json":{"title":"Transformers MDLX Articulated Figure Series Jazz | Animefigurer.se","robots":{"index":"index","follow":"follow","max-snippet":"max-snippet:-1","max-image-preview":"max-image-preview:large","max-video-preview":"max-video-preview:-1"},"canonical":"https:\/\/animefigurer.se\/en\/figurer\/transformers\/transformers-mdlx-articulated-figure-series-jazz\/","og_locale":"en_GB","og_type":"article","og_title":"Transformers MDLX Articulated Figure Series Jazz","og_description":"threezero presenterar Transformers MDLX Jazz \u2014 Autoboten som kombinerar skicklighet och karisma, och Optimus Primes trogna h\u00f6gra hand. Ett stilfullt tillskott i din samling! MDLX Jazz \u00e4r cirka 15 cm (~6 tum) l\u00e5ng och har cirka 46 artikulationspunkter samt en ram i formgjuten metall. Tillbeh\u00f6ren omf","og_url":"https:\/\/animefigurer.se\/en\/figurer\/transformers\/transformers-mdlx-articulated-figure-series-jazz\/","og_site_name":"Animefigurer.se","article_publisher":"https:\/\/www.facebook.com\/profile.php?id=61581826539670","article_modified_time":"2025-12-21T18:36:37+00:00","og_image":[{"width":1890,"height":1417,"url":"https:\/\/animefigurer.se\/wp-content\/uploads\/2025\/12\/Animefigurer_logowhite.png","type":"image\/png"}],"twitter_card":"summary_large_image","twitter_misc":{"Estimated reading time":"1 minute"},"schema":{"@context":"https:\/\/schema.org","@graph":[{"@type":"WebPage","@id":"https:\/\/animefigurer.se\/figurer\/transformers\/transformers-mdlx-articulated-figure-series-jazz\/","url":"https:\/\/animefigurer.se\/figurer\/transformers\/transformers-mdlx-articulated-figure-series-jazz\/","name":"Transformers MDLX Articulated Figure Series Jazz | Animefigurer.se","isPartOf":{"@id":"https:\/\/animefigurer.se\/#website"},"primaryImageOfPage":{"@id":"https:\/\/animefigurer.se\/figurer\/transformers\/transformers-mdlx-articulated-figure-series-jazz\/#primaryimage"},"image":{"@id":"https:\/\/animefigurer.se\/figurer\/transformers\/transformers-mdlx-articulated-figure-series-jazz\/#primaryimage"},"thumbnailUrl":"https:\/\/animefigurer.se\/wp-content\/uploads\/2025\/10\/6688151fa110d.jpeg","datePublished":"2025-10-21T14:37:38+00:00","dateModified":"2025-12-21T18:36:37+00:00","breadcrumb":{"@id":"https:\/\/animefigurer.se\/figurer\/transformers\/transformers-mdlx-articulated-figure-series-jazz\/#breadcrumb"},"inLanguage":"en-GB","potentialAction":[{"@type":"ReadAction","target":["https:\/\/animefigurer.se\/figurer\/transformers\/transformers-mdlx-articulated-figure-series-jazz\/"]}]},{"@type":"ImageObject","inLanguage":"en-GB","@id":"https:\/\/animefigurer.se\/figurer\/transformers\/transformers-mdlx-articulated-figure-series-jazz\/#primaryimage","url":"https:\/\/animefigurer.se\/wp-content\/uploads\/2025\/10\/6688151fa110d.jpeg","contentUrl":"https:\/\/animefigurer.se\/wp-content\/uploads\/2025\/10\/6688151fa110d.jpeg","width":720,"height":540},{"@type":"BreadcrumbList","@id":"https:\/\/animefigurer.se\/figurer\/transformers\/transformers-mdlx-articulated-figure-series-jazz\/#breadcrumb","itemListElement":[{"@type":"ListItem","position":1,"name":"Home","item":"https:\/\/animefigurer.se\/"},{"@type":"ListItem","position":2,"name":"Butik","item":"https:\/\/animefigurer.se\/figurer\/"},{"@type":"ListItem","position":3,"name":"Transformers MDLX Articulated Figure Series Jazz"}]},{"@type":"WebSite","@id":"https:\/\/animefigurer.se\/#website","url":"https:\/\/animefigurer.se\/","name":"Animefigurer.se","description":"Anime figures from over 300 different anime series with over 9000 products | Anime Shop","publisher":{"@id":"https:\/\/animefigurer.se\/#organization"},"potentialAction":[{"@type":"SearchAction","target":{"@type":"EntryPoint","urlTemplate":"https:\/\/animefigurer.se\/?s={search_term_string}"},"query-input":{"@type":"PropertyValueSpecification","valueRequired":true,"valueName":"search_term_string"}}],"inLanguage":"en-GB"},{"@type":"Organization","@id":"https:\/\/animefigurer.se\/#organization","name":"Animefigurer.se","alternateName":"Anime figurer | Anime shop","url":"https:\/\/animefigurer.se\/","logo":{"@type":"ImageObject","inLanguage":"en-GB","@id":"https:\/\/animefigurer.se\/#\/schema\/logo\/image\/","url":"https:\/\/animefigurer.se\/wp-content\/uploads\/2025\/12\/Animefigurer_logowhite.png","contentUrl":"https:\/\/animefigurer.se\/wp-content\/uploads\/2025\/12\/Animefigurer_logowhite.png","width":1890,"height":1417,"caption":"Animefigurer.se"},"image":{"@id":"https:\/\/animefigurer.se\/#\/schema\/logo\/image\/"},"sameAs":["https:\/\/www.facebook.com\/profile.php?id=61581826539670","https:\/\/www.instagram.com\/animefigurer.se\/"],"email":"info@animefigurer.se"}]}},"_links":{"self":[{"href":"https:\/\/animefigurer.se\/en\/wp-json\/wp\/v2\/product\/72064","targetHints":{"allow":["GET"]}}],"collection":[{"href":"https:\/\/animefigurer.se\/en\/wp-json\/wp\/v2\/product"}],"about":[{"href":"https:\/\/animefigurer.se\/en\/wp-json\/wp\/v2\/types\/product"}],"replies":[{"embeddable":true,"href":"https:\/\/animefigurer.se\/en\/wp-json\/wp\/v2\/comments?post=72064"}],"wp:featuredmedia":[{"embeddable":true,"href":"https:\/\/animefigurer.se\/en\/wp-json\/wp\/v2\/media\/72065"}],"wp:attachment":[{"href":"https:\/\/animefigurer.se\/en\/wp-json\/wp\/v2\/media?parent=72064"}],"wp:term":[{"taxonomy":"product_brand","embeddable":true,"href":"https:\/\/animefigurer.se\/en\/wp-json\/wp\/v2\/product_brand?post=72064"},{"taxonomy":"product_cat","embeddable":true,"href":"https:\/\/animefigurer.se\/en\/wp-json\/wp\/v2\/product_cat?post=72064"},{"taxonomy":"product_tag","embeddable":true,"href":"https:\/\/animefigurer.se\/en\/wp-json\/wp\/v2\/product_tag?post=72064"},{"taxonomy":"giftcard-category","embeddable":true,"href":"https:\/\/animefigurer.se\/en\/wp-json\/wp\/v2\/giftcard-category?post=72064"}],"curies":[{"name":"wp","href":"https:\/\/api.w.org\/{rel}","templated":true}]}}