{"id":72027,"date":"2025-10-21T16:37:38","date_gmt":"2025-10-21T14:37:38","guid":{"rendered":"https:\/\/animefigurer.se\/produkt\/transformers-one-mdlx-articulated-figure-series-bumblebee-b127\/"},"modified":"2026-04-21T05:46:01","modified_gmt":"2026-04-21T03:46:01","slug":"transformers-one-mdlx-articulated-figure-series-bumblebee-b127","status":"publish","type":"product","link":"https:\/\/animefigurer.se\/en\/figurer\/transformers\/transformers-one-mdlx-articulated-figure-series-bumblebee-b127\/","title":{"rendered":"Transformers: One MDLX Articulated Figure Series Bumblebee\/B127"},"content":{"rendered":"<p>From the new animated movie Transformers One, threezero presents MDLX Bumblebee\/B127! B127, aka Badassatron, is the chatty young robot who eventually becomes the beloved Autobot companion Bumblebee. MDLX Bumblebee\/B127 stands approximately 5 inches (12.5 cm) tall and has approximately 46 points of articulation.<\/p>\n<p>Accessories include a pair of iconic Arm Blasters, two sets of Stinger Swords, an interchangeable battle mask, and two pairs of interchangeable hands (posed and fisted). The Arm Blasters and Stinger Swords can be attached to the forearms simultaneously to create Bumblebee&#039;s &quot;full armor mode.&quot;.<\/p>\n<p>The MDLX series utilizes specially pressed zinc alloy along with an engineered plastic construction, providing enhanced durability, articulation, and a satisfying hand feel \u2014 all at an affordable price point that makes these figures a must-have for Transformers fans.<\/p>\n<p>FEATURES:<br \/>\n\u2013 Approximately 5\u2033 (12.5 cm) long<br \/>\n\u2013 Approximately 46 junction points<br \/>\n\u2013 Interchangeable armor that can be mounted simultaneously on the figure&#039;s forearm<br \/>\n\u2013 Frame structure combining die-cast metal and engineering plastic<\/p>\n<p>ACCESSORIES:<br \/>\n\u2013 1 pair of Arm Blasters (mountable on left or right forearm)<br \/>\n\u2013 2 pairs of Stinger Swords (mountable on forearm or fist)<br \/>\n\u2013 2 faceplates: standard face and battle mask<br \/>\n\u2013 2 pairs of interchangeable hands: posed and fists<\/p>","protected":false},"excerpt":{"rendered":"<p>From the new animated movie Transformers One, threezero presents MDLX Bumblebee\/B127! B127, aka Badassatron, is the chatty young robot who eventually becomes the beloved Autobot companion Bumblebee. MDLX Bumblebee\/B127 stands approximately 5 inches (12.5 cm) tall and has approximately 46 points of articulation.<\/p>\n<p>Back<\/p>","protected":false},"featured_media":72028,"comment_status":"closed","ping_status":"closed","template":"","meta":{"_acf_changed":false,"_monsterinsights_skip_tracking":false,"_monsterinsights_sitenote_active":false,"_monsterinsights_sitenote_note":"","_monsterinsights_sitenote_category":0},"product_brand":[7164],"product_cat":[5798],"product_tag":[24],"giftcard-category":[],"class_list":{"0":"post-72027","1":"product","2":"type-product","3":"status-publish","4":"has-post-thumbnail","6":"product_brand-threezero","7":"product_cat-transformers","8":"product_tag-2-3-weeks","9":"pa_franchise-transformers","10":"pa_karaktar-bumblebee","11":"pa_material-abs-pom-pvc-zinc-alloy-and-metal-parts","12":"pa_storlek-12-cm","14":"first","15":"instock","16":"taxable","17":"shipping-taxable","18":"purchasable","19":"product-type-simple"},"acf":[],"yoast_head":"<!-- This site is optimized with the Yoast SEO Premium plugin v24.6 (Yoast SEO v27.4) - https:\/\/yoast.com\/product\/yoast-seo-premium-wordpress\/ -->\n<title>Transformers: One MDLX Articulated Figure Series Bumblebee\/B127 | Animefigurer.se<\/title>\n<meta name=\"robots\" content=\"index, follow, max-snippet:-1, max-image-preview:large, max-video-preview:-1\" \/>\n<link rel=\"canonical\" href=\"https:\/\/animefigurer.se\/en\/figurer\/transformers\/transformers-one-mdlx-articulated-figure-series-bumblebee-b127\/\" \/>\n<meta property=\"og:locale\" content=\"en_GB\" \/>\n<meta property=\"og:type\" content=\"article\" \/>\n<meta property=\"og:title\" content=\"Transformers: One MDLX Articulated Figure Series Bumblebee\/B127\" \/>\n<meta property=\"og:description\" content=\"Fr\u00e5n den nya animerade filmen Transformers One presenterar threezero MDLX Bumblebee\/B127! B127, aka Badassatron, \u00e4r den pratsamma unga roboten som s\u00e5 sm\u00e5ningom blir den \u00e4lskade Autobot\u2011kamraten Bumblebee. MDLX Bumblebee\/B127 \u00e4r cirka 5 tum (12,5 cm) l\u00e5ng och har cirka 46 artikulationspunkter.  Tillb\" \/>\n<meta property=\"og:url\" content=\"https:\/\/animefigurer.se\/en\/figurer\/transformers\/transformers-one-mdlx-articulated-figure-series-bumblebee-b127\/\" \/>\n<meta property=\"og:site_name\" content=\"Animefigurer.se\" \/>\n<meta property=\"article:publisher\" content=\"https:\/\/www.facebook.com\/profile.php?id=61581826539670\" \/>\n<meta property=\"article:modified_time\" content=\"2026-04-21T03:46:01+00:00\" \/>\n<meta property=\"og:image\" content=\"https:\/\/animefigurer.se\/wp-content\/uploads\/2025\/12\/Animefigurer_logowhite.png\" \/>\n\t<meta property=\"og:image:width\" content=\"1890\" \/>\n\t<meta property=\"og:image:height\" content=\"1417\" \/>\n\t<meta property=\"og:image:type\" content=\"image\/png\" \/>\n<meta name=\"twitter:card\" content=\"summary_large_image\" \/>\n<meta name=\"twitter:label1\" content=\"Estimated reading time\" \/>\n\t<meta name=\"twitter:data1\" content=\"2 minutes\" \/>\n<script type=\"application\/ld+json\" class=\"yoast-schema-graph\">{\"@context\":\"https:\\\/\\\/schema.org\",\"@graph\":[{\"@type\":\"WebPage\",\"@id\":\"https:\\\/\\\/animefigurer.se\\\/figurer\\\/transformers\\\/transformers-one-mdlx-articulated-figure-series-bumblebee-b127\\\/\",\"url\":\"https:\\\/\\\/animefigurer.se\\\/figurer\\\/transformers\\\/transformers-one-mdlx-articulated-figure-series-bumblebee-b127\\\/\",\"name\":\"Transformers: One MDLX Articulated Figure Series Bumblebee\\\/B127 | Animefigurer.se\",\"isPartOf\":{\"@id\":\"https:\\\/\\\/animefigurer.se\\\/#website\"},\"primaryImageOfPage\":{\"@id\":\"https:\\\/\\\/animefigurer.se\\\/figurer\\\/transformers\\\/transformers-one-mdlx-articulated-figure-series-bumblebee-b127\\\/#primaryimage\"},\"image\":{\"@id\":\"https:\\\/\\\/animefigurer.se\\\/figurer\\\/transformers\\\/transformers-one-mdlx-articulated-figure-series-bumblebee-b127\\\/#primaryimage\"},\"thumbnailUrl\":\"https:\\\/\\\/animefigurer.se\\\/wp-content\\\/uploads\\\/2025\\\/10\\\/66eb5315dec0c.jpeg\",\"datePublished\":\"2025-10-21T14:37:38+00:00\",\"dateModified\":\"2026-04-21T03:46:01+00:00\",\"breadcrumb\":{\"@id\":\"https:\\\/\\\/animefigurer.se\\\/figurer\\\/transformers\\\/transformers-one-mdlx-articulated-figure-series-bumblebee-b127\\\/#breadcrumb\"},\"inLanguage\":\"en-GB\",\"potentialAction\":[{\"@type\":\"ReadAction\",\"target\":[\"https:\\\/\\\/animefigurer.se\\\/figurer\\\/transformers\\\/transformers-one-mdlx-articulated-figure-series-bumblebee-b127\\\/\"]}]},{\"@type\":\"ImageObject\",\"inLanguage\":\"en-GB\",\"@id\":\"https:\\\/\\\/animefigurer.se\\\/figurer\\\/transformers\\\/transformers-one-mdlx-articulated-figure-series-bumblebee-b127\\\/#primaryimage\",\"url\":\"https:\\\/\\\/animefigurer.se\\\/wp-content\\\/uploads\\\/2025\\\/10\\\/66eb5315dec0c.jpeg\",\"contentUrl\":\"https:\\\/\\\/animefigurer.se\\\/wp-content\\\/uploads\\\/2025\\\/10\\\/66eb5315dec0c.jpeg\",\"width\":720,\"height\":540},{\"@type\":\"BreadcrumbList\",\"@id\":\"https:\\\/\\\/animefigurer.se\\\/figurer\\\/transformers\\\/transformers-one-mdlx-articulated-figure-series-bumblebee-b127\\\/#breadcrumb\",\"itemListElement\":[{\"@type\":\"ListItem\",\"position\":1,\"name\":\"Home\",\"item\":\"https:\\\/\\\/animefigurer.se\\\/\"},{\"@type\":\"ListItem\",\"position\":2,\"name\":\"Butik\",\"item\":\"https:\\\/\\\/animefigurer.se\\\/figurer\\\/\"},{\"@type\":\"ListItem\",\"position\":3,\"name\":\"Transformers: One MDLX Articulated Figure Series Bumblebee\\\/B127\"}]},{\"@type\":\"WebSite\",\"@id\":\"https:\\\/\\\/animefigurer.se\\\/#website\",\"url\":\"https:\\\/\\\/animefigurer.se\\\/\",\"name\":\"Animefigurer.se\",\"description\":\"Anime figurer fr\u00e5n \u00f6ver 300 olika anime serier med \u00f6ver 9000 produkter | Anime Shop\",\"publisher\":{\"@id\":\"https:\\\/\\\/animefigurer.se\\\/#organization\"},\"potentialAction\":[{\"@type\":\"SearchAction\",\"target\":{\"@type\":\"EntryPoint\",\"urlTemplate\":\"https:\\\/\\\/animefigurer.se\\\/?s={search_term_string}\"},\"query-input\":{\"@type\":\"PropertyValueSpecification\",\"valueRequired\":true,\"valueName\":\"search_term_string\"}}],\"inLanguage\":\"en-GB\"},{\"@type\":\"Organization\",\"@id\":\"https:\\\/\\\/animefigurer.se\\\/#organization\",\"name\":\"Animefigurer.se\",\"alternateName\":\"Anime figurer | Anime shop\",\"url\":\"https:\\\/\\\/animefigurer.se\\\/\",\"logo\":{\"@type\":\"ImageObject\",\"inLanguage\":\"en-GB\",\"@id\":\"https:\\\/\\\/animefigurer.se\\\/#\\\/schema\\\/logo\\\/image\\\/\",\"url\":\"https:\\\/\\\/animefigurer.se\\\/wp-content\\\/uploads\\\/2025\\\/12\\\/Animefigurer_logowhite.png\",\"contentUrl\":\"https:\\\/\\\/animefigurer.se\\\/wp-content\\\/uploads\\\/2025\\\/12\\\/Animefigurer_logowhite.png\",\"width\":1890,\"height\":1417,\"caption\":\"Animefigurer.se\"},\"image\":{\"@id\":\"https:\\\/\\\/animefigurer.se\\\/#\\\/schema\\\/logo\\\/image\\\/\"},\"sameAs\":[\"https:\\\/\\\/www.facebook.com\\\/profile.php?id=61581826539670\",\"https:\\\/\\\/www.instagram.com\\\/animefigurer.se\\\/\"],\"email\":\"info@animefigurer.se\"}]}<\/script>\n<!-- \/ Yoast SEO Premium plugin. -->","yoast_head_json":{"title":"Transformers: One MDLX Articulated Figure Series Bumblebee\/B127 | Animefigurer.se","robots":{"index":"index","follow":"follow","max-snippet":"max-snippet:-1","max-image-preview":"max-image-preview:large","max-video-preview":"max-video-preview:-1"},"canonical":"https:\/\/animefigurer.se\/en\/figurer\/transformers\/transformers-one-mdlx-articulated-figure-series-bumblebee-b127\/","og_locale":"en_GB","og_type":"article","og_title":"Transformers: One MDLX Articulated Figure Series Bumblebee\/B127","og_description":"Fr\u00e5n den nya animerade filmen Transformers One presenterar threezero MDLX Bumblebee\/B127! B127, aka Badassatron, \u00e4r den pratsamma unga roboten som s\u00e5 sm\u00e5ningom blir den \u00e4lskade Autobot\u2011kamraten Bumblebee. MDLX Bumblebee\/B127 \u00e4r cirka 5 tum (12,5 cm) l\u00e5ng och har cirka 46 artikulationspunkter.  Tillb","og_url":"https:\/\/animefigurer.se\/en\/figurer\/transformers\/transformers-one-mdlx-articulated-figure-series-bumblebee-b127\/","og_site_name":"Animefigurer.se","article_publisher":"https:\/\/www.facebook.com\/profile.php?id=61581826539670","article_modified_time":"2026-04-21T03:46:01+00:00","og_image":[{"width":1890,"height":1417,"url":"https:\/\/animefigurer.se\/wp-content\/uploads\/2025\/12\/Animefigurer_logowhite.png","type":"image\/png"}],"twitter_card":"summary_large_image","twitter_misc":{"Estimated reading time":"2 minutes"},"schema":{"@context":"https:\/\/schema.org","@graph":[{"@type":"WebPage","@id":"https:\/\/animefigurer.se\/figurer\/transformers\/transformers-one-mdlx-articulated-figure-series-bumblebee-b127\/","url":"https:\/\/animefigurer.se\/figurer\/transformers\/transformers-one-mdlx-articulated-figure-series-bumblebee-b127\/","name":"Transformers: One MDLX Articulated Figure Series Bumblebee\/B127 | Animefigurer.se","isPartOf":{"@id":"https:\/\/animefigurer.se\/#website"},"primaryImageOfPage":{"@id":"https:\/\/animefigurer.se\/figurer\/transformers\/transformers-one-mdlx-articulated-figure-series-bumblebee-b127\/#primaryimage"},"image":{"@id":"https:\/\/animefigurer.se\/figurer\/transformers\/transformers-one-mdlx-articulated-figure-series-bumblebee-b127\/#primaryimage"},"thumbnailUrl":"https:\/\/animefigurer.se\/wp-content\/uploads\/2025\/10\/66eb5315dec0c.jpeg","datePublished":"2025-10-21T14:37:38+00:00","dateModified":"2026-04-21T03:46:01+00:00","breadcrumb":{"@id":"https:\/\/animefigurer.se\/figurer\/transformers\/transformers-one-mdlx-articulated-figure-series-bumblebee-b127\/#breadcrumb"},"inLanguage":"en-GB","potentialAction":[{"@type":"ReadAction","target":["https:\/\/animefigurer.se\/figurer\/transformers\/transformers-one-mdlx-articulated-figure-series-bumblebee-b127\/"]}]},{"@type":"ImageObject","inLanguage":"en-GB","@id":"https:\/\/animefigurer.se\/figurer\/transformers\/transformers-one-mdlx-articulated-figure-series-bumblebee-b127\/#primaryimage","url":"https:\/\/animefigurer.se\/wp-content\/uploads\/2025\/10\/66eb5315dec0c.jpeg","contentUrl":"https:\/\/animefigurer.se\/wp-content\/uploads\/2025\/10\/66eb5315dec0c.jpeg","width":720,"height":540},{"@type":"BreadcrumbList","@id":"https:\/\/animefigurer.se\/figurer\/transformers\/transformers-one-mdlx-articulated-figure-series-bumblebee-b127\/#breadcrumb","itemListElement":[{"@type":"ListItem","position":1,"name":"Home","item":"https:\/\/animefigurer.se\/"},{"@type":"ListItem","position":2,"name":"Butik","item":"https:\/\/animefigurer.se\/figurer\/"},{"@type":"ListItem","position":3,"name":"Transformers: One MDLX Articulated Figure Series Bumblebee\/B127"}]},{"@type":"WebSite","@id":"https:\/\/animefigurer.se\/#website","url":"https:\/\/animefigurer.se\/","name":"Animefigurer.se","description":"Anime figures from over 300 different anime series with over 9000 products | Anime Shop","publisher":{"@id":"https:\/\/animefigurer.se\/#organization"},"potentialAction":[{"@type":"SearchAction","target":{"@type":"EntryPoint","urlTemplate":"https:\/\/animefigurer.se\/?s={search_term_string}"},"query-input":{"@type":"PropertyValueSpecification","valueRequired":true,"valueName":"search_term_string"}}],"inLanguage":"en-GB"},{"@type":"Organization","@id":"https:\/\/animefigurer.se\/#organization","name":"Animefigurer.se","alternateName":"Anime figurer | Anime shop","url":"https:\/\/animefigurer.se\/","logo":{"@type":"ImageObject","inLanguage":"en-GB","@id":"https:\/\/animefigurer.se\/#\/schema\/logo\/image\/","url":"https:\/\/animefigurer.se\/wp-content\/uploads\/2025\/12\/Animefigurer_logowhite.png","contentUrl":"https:\/\/animefigurer.se\/wp-content\/uploads\/2025\/12\/Animefigurer_logowhite.png","width":1890,"height":1417,"caption":"Animefigurer.se"},"image":{"@id":"https:\/\/animefigurer.se\/#\/schema\/logo\/image\/"},"sameAs":["https:\/\/www.facebook.com\/profile.php?id=61581826539670","https:\/\/www.instagram.com\/animefigurer.se\/"],"email":"info@animefigurer.se"}]}},"_links":{"self":[{"href":"https:\/\/animefigurer.se\/en\/wp-json\/wp\/v2\/product\/72027","targetHints":{"allow":["GET"]}}],"collection":[{"href":"https:\/\/animefigurer.se\/en\/wp-json\/wp\/v2\/product"}],"about":[{"href":"https:\/\/animefigurer.se\/en\/wp-json\/wp\/v2\/types\/product"}],"replies":[{"embeddable":true,"href":"https:\/\/animefigurer.se\/en\/wp-json\/wp\/v2\/comments?post=72027"}],"wp:featuredmedia":[{"embeddable":true,"href":"https:\/\/animefigurer.se\/en\/wp-json\/wp\/v2\/media\/72028"}],"wp:attachment":[{"href":"https:\/\/animefigurer.se\/en\/wp-json\/wp\/v2\/media?parent=72027"}],"wp:term":[{"taxonomy":"product_brand","embeddable":true,"href":"https:\/\/animefigurer.se\/en\/wp-json\/wp\/v2\/product_brand?post=72027"},{"taxonomy":"product_cat","embeddable":true,"href":"https:\/\/animefigurer.se\/en\/wp-json\/wp\/v2\/product_cat?post=72027"},{"taxonomy":"product_tag","embeddable":true,"href":"https:\/\/animefigurer.se\/en\/wp-json\/wp\/v2\/product_tag?post=72027"},{"taxonomy":"giftcard-category","embeddable":true,"href":"https:\/\/animefigurer.se\/en\/wp-json\/wp\/v2\/giftcard-category?post=72027"}],"curies":[{"name":"wp","href":"https:\/\/api.w.org\/{rel}","templated":true}]}}