{"id":7191,"date":"2025-10-20T16:45:51","date_gmt":"2025-10-20T14:45:51","guid":{"rendered":"https:\/\/animefigurer.se\/produkt\/avatar-the-last-airbender-monitor-buddiez-appa-and-momo-vinyl-figure-set\/"},"modified":"2026-04-21T07:00:59","modified_gmt":"2026-04-21T05:00:59","slug":"avatar-the-last-airbender-monitor-buddiez-appa-and-momo-vinyl-figure-set","status":"publish","type":"product","link":"https:\/\/animefigurer.se\/en\/figurer\/avatar-the-last-airbender\/avatar-the-last-airbender-monitor-buddiez-appa-and-momo-vinyl-figure-set\/","title":{"rendered":"Avatar: The Last Airbender Monitor Buddiez Appa and Momo Vinyl Figure Set"},"content":{"rendered":"<p>In this Monitor Buddiez set, Appa and Momo have been shrunk to perfect friend sizes to grace your screen. The two sit 2 inches tall each, their legs dangling over the edge, keeping an eye on you as they watch over your desk.<\/p>\n<p>Appa has his shaggy fur resting partially over his eyes, curled horns and a long, flat tail resting behind him. Momo leans forward with his arms resting on his knees, ears stretched back and a thin tail winding around his front. These figures are great companions when you&#039;re working, watching cartoons or just chilling - they always bring a smile.<\/p>\n<p>The set comes in a lovingly designed box; the interior is covered with a map of the four nations and the exterior shows them sitting at a computer screen. The figures are visible through a large transparent display window on the front.<\/p>","protected":false},"excerpt":{"rendered":"<p>In this Monitor Buddiez set, Appa and Momo have been shrunk to perfect friend sizes to grace your screen. The two sit 2 inches tall each, their legs dangling over the edge, keeping an eye on you as they watch over your desk.<\/p>\n<p>Appa has his shaggy fur that rests partially over his eyes, curly horns, and<\/p>","protected":false},"featured_media":7192,"comment_status":"closed","ping_status":"closed","template":"","meta":{"_acf_changed":false,"_monsterinsights_skip_tracking":false,"_monsterinsights_sitenote_active":false,"_monsterinsights_sitenote_note":"","_monsterinsights_sitenote_category":0},"product_brand":[7189],"product_cat":[710],"product_tag":[24],"giftcard-category":[],"class_list":{"0":"post-7191","1":"product","2":"type-product","3":"status-publish","4":"has-post-thumbnail","6":"product_brand-youtooz","7":"product_cat-avatar-the-last-airbender","8":"product_tag-2-3-weeks","9":"pa_franchise-avatar","10":"pa_karaktar-appa-momo","11":"pa_material-vinyl","12":"pa_storlek-5-cm","14":"first","15":"instock","16":"taxable","17":"shipping-taxable","18":"purchasable","19":"product-type-simple"},"acf":[],"yoast_head":"<!-- This site is optimized with the Yoast SEO Premium plugin v24.6 (Yoast SEO v27.3) - https:\/\/yoast.com\/product\/yoast-seo-premium-wordpress\/ -->\n<title>Avatar: The Last Airbender Monitor Buddiez Appa and Momo Vinyl Figure Set | Animefigurer.se<\/title>\n<meta name=\"robots\" content=\"index, follow, max-snippet:-1, max-image-preview:large, max-video-preview:-1\" \/>\n<link rel=\"canonical\" href=\"https:\/\/animefigurer.se\/en\/figurer\/avatar-the-last-airbender\/avatar-the-last-airbender-monitor-buddiez-appa-and-momo-vinyl-figure-set\/\" \/>\n<meta property=\"og:locale\" content=\"en_GB\" \/>\n<meta property=\"og:type\" content=\"article\" \/>\n<meta property=\"og:title\" content=\"Avatar: The Last Airbender Monitor Buddiez Appa and Momo Vinyl Figure Set\" \/>\n<meta property=\"og:description\" content=\"I detta Monitor Buddiez-set har Appa och Momo krympts till perfekta v\u00e4nstorlekar f\u00f6r att pryda din sk\u00e4rm. De tv\u00e5 sitter vardera 2 tum h\u00f6ga, med benen dinglande \u00f6ver kanten och h\u00e5ller koll p\u00e5 dig medan de vakar \u00f6ver skrivbordet.  Appa har sin lurviga p\u00e4ls som vilar delvis \u00f6ver \u00f6gonen, krullade horn o\" \/>\n<meta property=\"og:url\" content=\"https:\/\/animefigurer.se\/en\/figurer\/avatar-the-last-airbender\/avatar-the-last-airbender-monitor-buddiez-appa-and-momo-vinyl-figure-set\/\" \/>\n<meta property=\"og:site_name\" content=\"Animefigurer.se\" \/>\n<meta property=\"article:publisher\" content=\"https:\/\/www.facebook.com\/profile.php?id=61581826539670\" \/>\n<meta property=\"article:modified_time\" content=\"2026-04-21T05:00:59+00:00\" \/>\n<meta property=\"og:image\" content=\"https:\/\/animefigurer.se\/wp-content\/uploads\/2025\/12\/Animefigurer_logowhite.png\" \/>\n\t<meta property=\"og:image:width\" content=\"1890\" \/>\n\t<meta property=\"og:image:height\" content=\"1417\" \/>\n\t<meta property=\"og:image:type\" content=\"image\/png\" \/>\n<meta name=\"twitter:card\" content=\"summary_large_image\" \/>\n<meta name=\"twitter:label1\" content=\"Estimated reading time\" \/>\n\t<meta name=\"twitter:data1\" content=\"1 minute\" \/>\n<script type=\"application\/ld+json\" class=\"yoast-schema-graph\">{\"@context\":\"https:\\\/\\\/schema.org\",\"@graph\":[{\"@type\":\"WebPage\",\"@id\":\"https:\\\/\\\/animefigurer.se\\\/figurer\\\/avatar-the-last-airbender\\\/avatar-the-last-airbender-monitor-buddiez-appa-and-momo-vinyl-figure-set\\\/\",\"url\":\"https:\\\/\\\/animefigurer.se\\\/figurer\\\/avatar-the-last-airbender\\\/avatar-the-last-airbender-monitor-buddiez-appa-and-momo-vinyl-figure-set\\\/\",\"name\":\"Avatar: The Last Airbender Monitor Buddiez Appa and Momo Vinyl Figure Set | Animefigurer.se\",\"isPartOf\":{\"@id\":\"https:\\\/\\\/animefigurer.se\\\/#website\"},\"primaryImageOfPage\":{\"@id\":\"https:\\\/\\\/animefigurer.se\\\/figurer\\\/avatar-the-last-airbender\\\/avatar-the-last-airbender-monitor-buddiez-appa-and-momo-vinyl-figure-set\\\/#primaryimage\"},\"image\":{\"@id\":\"https:\\\/\\\/animefigurer.se\\\/figurer\\\/avatar-the-last-airbender\\\/avatar-the-last-airbender-monitor-buddiez-appa-and-momo-vinyl-figure-set\\\/#primaryimage\"},\"thumbnailUrl\":\"https:\\\/\\\/animefigurer.se\\\/wp-content\\\/uploads\\\/2025\\\/10\\\/67d9981ab691d.jpeg\",\"datePublished\":\"2025-10-20T14:45:51+00:00\",\"dateModified\":\"2026-04-21T05:00:59+00:00\",\"breadcrumb\":{\"@id\":\"https:\\\/\\\/animefigurer.se\\\/figurer\\\/avatar-the-last-airbender\\\/avatar-the-last-airbender-monitor-buddiez-appa-and-momo-vinyl-figure-set\\\/#breadcrumb\"},\"inLanguage\":\"en-GB\",\"potentialAction\":[{\"@type\":\"ReadAction\",\"target\":[\"https:\\\/\\\/animefigurer.se\\\/figurer\\\/avatar-the-last-airbender\\\/avatar-the-last-airbender-monitor-buddiez-appa-and-momo-vinyl-figure-set\\\/\"]}]},{\"@type\":\"ImageObject\",\"inLanguage\":\"en-GB\",\"@id\":\"https:\\\/\\\/animefigurer.se\\\/figurer\\\/avatar-the-last-airbender\\\/avatar-the-last-airbender-monitor-buddiez-appa-and-momo-vinyl-figure-set\\\/#primaryimage\",\"url\":\"https:\\\/\\\/animefigurer.se\\\/wp-content\\\/uploads\\\/2025\\\/10\\\/67d9981ab691d.jpeg\",\"contentUrl\":\"https:\\\/\\\/animefigurer.se\\\/wp-content\\\/uploads\\\/2025\\\/10\\\/67d9981ab691d.jpeg\",\"width\":720,\"height\":540},{\"@type\":\"BreadcrumbList\",\"@id\":\"https:\\\/\\\/animefigurer.se\\\/figurer\\\/avatar-the-last-airbender\\\/avatar-the-last-airbender-monitor-buddiez-appa-and-momo-vinyl-figure-set\\\/#breadcrumb\",\"itemListElement\":[{\"@type\":\"ListItem\",\"position\":1,\"name\":\"Home\",\"item\":\"https:\\\/\\\/animefigurer.se\\\/\"},{\"@type\":\"ListItem\",\"position\":2,\"name\":\"Butik\",\"item\":\"https:\\\/\\\/animefigurer.se\\\/figurer\\\/\"},{\"@type\":\"ListItem\",\"position\":3,\"name\":\"Avatar: The Last Airbender Monitor Buddiez Appa and Momo Vinyl Figure Set\"}]},{\"@type\":\"WebSite\",\"@id\":\"https:\\\/\\\/animefigurer.se\\\/#website\",\"url\":\"https:\\\/\\\/animefigurer.se\\\/\",\"name\":\"Animefigurer.se\",\"description\":\"Anime figurer fr\u00e5n \u00f6ver 300 olika anime serier med \u00f6ver 9000 produkter | Anime Shop\",\"publisher\":{\"@id\":\"https:\\\/\\\/animefigurer.se\\\/#organization\"},\"potentialAction\":[{\"@type\":\"SearchAction\",\"target\":{\"@type\":\"EntryPoint\",\"urlTemplate\":\"https:\\\/\\\/animefigurer.se\\\/?s={search_term_string}\"},\"query-input\":{\"@type\":\"PropertyValueSpecification\",\"valueRequired\":true,\"valueName\":\"search_term_string\"}}],\"inLanguage\":\"en-GB\"},{\"@type\":\"Organization\",\"@id\":\"https:\\\/\\\/animefigurer.se\\\/#organization\",\"name\":\"Animefigurer.se\",\"alternateName\":\"Anime figurer | Anime shop\",\"url\":\"https:\\\/\\\/animefigurer.se\\\/\",\"logo\":{\"@type\":\"ImageObject\",\"inLanguage\":\"en-GB\",\"@id\":\"https:\\\/\\\/animefigurer.se\\\/#\\\/schema\\\/logo\\\/image\\\/\",\"url\":\"https:\\\/\\\/animefigurer.se\\\/wp-content\\\/uploads\\\/2025\\\/12\\\/Animefigurer_logowhite.png\",\"contentUrl\":\"https:\\\/\\\/animefigurer.se\\\/wp-content\\\/uploads\\\/2025\\\/12\\\/Animefigurer_logowhite.png\",\"width\":1890,\"height\":1417,\"caption\":\"Animefigurer.se\"},\"image\":{\"@id\":\"https:\\\/\\\/animefigurer.se\\\/#\\\/schema\\\/logo\\\/image\\\/\"},\"sameAs\":[\"https:\\\/\\\/www.facebook.com\\\/profile.php?id=61581826539670\",\"https:\\\/\\\/www.instagram.com\\\/animefigurer.se\\\/\"],\"email\":\"info@animefigurer.se\"}]}<\/script>\n<!-- \/ Yoast SEO Premium plugin. -->","yoast_head_json":{"title":"Avatar: The Last Airbender Monitor Buddiez Appa and Momo Vinyl Figure Set | Animefigurer.se","robots":{"index":"index","follow":"follow","max-snippet":"max-snippet:-1","max-image-preview":"max-image-preview:large","max-video-preview":"max-video-preview:-1"},"canonical":"https:\/\/animefigurer.se\/en\/figurer\/avatar-the-last-airbender\/avatar-the-last-airbender-monitor-buddiez-appa-and-momo-vinyl-figure-set\/","og_locale":"en_GB","og_type":"article","og_title":"Avatar: The Last Airbender Monitor Buddiez Appa and Momo Vinyl Figure Set","og_description":"I detta Monitor Buddiez-set har Appa och Momo krympts till perfekta v\u00e4nstorlekar f\u00f6r att pryda din sk\u00e4rm. De tv\u00e5 sitter vardera 2 tum h\u00f6ga, med benen dinglande \u00f6ver kanten och h\u00e5ller koll p\u00e5 dig medan de vakar \u00f6ver skrivbordet.  Appa har sin lurviga p\u00e4ls som vilar delvis \u00f6ver \u00f6gonen, krullade horn o","og_url":"https:\/\/animefigurer.se\/en\/figurer\/avatar-the-last-airbender\/avatar-the-last-airbender-monitor-buddiez-appa-and-momo-vinyl-figure-set\/","og_site_name":"Animefigurer.se","article_publisher":"https:\/\/www.facebook.com\/profile.php?id=61581826539670","article_modified_time":"2026-04-21T05:00:59+00:00","og_image":[{"width":1890,"height":1417,"url":"https:\/\/animefigurer.se\/wp-content\/uploads\/2025\/12\/Animefigurer_logowhite.png","type":"image\/png"}],"twitter_card":"summary_large_image","twitter_misc":{"Estimated reading time":"1 minute"},"schema":{"@context":"https:\/\/schema.org","@graph":[{"@type":"WebPage","@id":"https:\/\/animefigurer.se\/figurer\/avatar-the-last-airbender\/avatar-the-last-airbender-monitor-buddiez-appa-and-momo-vinyl-figure-set\/","url":"https:\/\/animefigurer.se\/figurer\/avatar-the-last-airbender\/avatar-the-last-airbender-monitor-buddiez-appa-and-momo-vinyl-figure-set\/","name":"Avatar: The Last Airbender Monitor Buddiez Appa and Momo Vinyl Figure Set | Animefigurer.se","isPartOf":{"@id":"https:\/\/animefigurer.se\/#website"},"primaryImageOfPage":{"@id":"https:\/\/animefigurer.se\/figurer\/avatar-the-last-airbender\/avatar-the-last-airbender-monitor-buddiez-appa-and-momo-vinyl-figure-set\/#primaryimage"},"image":{"@id":"https:\/\/animefigurer.se\/figurer\/avatar-the-last-airbender\/avatar-the-last-airbender-monitor-buddiez-appa-and-momo-vinyl-figure-set\/#primaryimage"},"thumbnailUrl":"https:\/\/animefigurer.se\/wp-content\/uploads\/2025\/10\/67d9981ab691d.jpeg","datePublished":"2025-10-20T14:45:51+00:00","dateModified":"2026-04-21T05:00:59+00:00","breadcrumb":{"@id":"https:\/\/animefigurer.se\/figurer\/avatar-the-last-airbender\/avatar-the-last-airbender-monitor-buddiez-appa-and-momo-vinyl-figure-set\/#breadcrumb"},"inLanguage":"en-GB","potentialAction":[{"@type":"ReadAction","target":["https:\/\/animefigurer.se\/figurer\/avatar-the-last-airbender\/avatar-the-last-airbender-monitor-buddiez-appa-and-momo-vinyl-figure-set\/"]}]},{"@type":"ImageObject","inLanguage":"en-GB","@id":"https:\/\/animefigurer.se\/figurer\/avatar-the-last-airbender\/avatar-the-last-airbender-monitor-buddiez-appa-and-momo-vinyl-figure-set\/#primaryimage","url":"https:\/\/animefigurer.se\/wp-content\/uploads\/2025\/10\/67d9981ab691d.jpeg","contentUrl":"https:\/\/animefigurer.se\/wp-content\/uploads\/2025\/10\/67d9981ab691d.jpeg","width":720,"height":540},{"@type":"BreadcrumbList","@id":"https:\/\/animefigurer.se\/figurer\/avatar-the-last-airbender\/avatar-the-last-airbender-monitor-buddiez-appa-and-momo-vinyl-figure-set\/#breadcrumb","itemListElement":[{"@type":"ListItem","position":1,"name":"Home","item":"https:\/\/animefigurer.se\/"},{"@type":"ListItem","position":2,"name":"Butik","item":"https:\/\/animefigurer.se\/figurer\/"},{"@type":"ListItem","position":3,"name":"Avatar: The Last Airbender Monitor Buddiez Appa and Momo Vinyl Figure Set"}]},{"@type":"WebSite","@id":"https:\/\/animefigurer.se\/#website","url":"https:\/\/animefigurer.se\/","name":"Animefigurer.se","description":"Anime figures from over 300 different anime series with over 9000 products | Anime Shop","publisher":{"@id":"https:\/\/animefigurer.se\/#organization"},"potentialAction":[{"@type":"SearchAction","target":{"@type":"EntryPoint","urlTemplate":"https:\/\/animefigurer.se\/?s={search_term_string}"},"query-input":{"@type":"PropertyValueSpecification","valueRequired":true,"valueName":"search_term_string"}}],"inLanguage":"en-GB"},{"@type":"Organization","@id":"https:\/\/animefigurer.se\/#organization","name":"Animefigurer.se","alternateName":"Anime figurer | Anime shop","url":"https:\/\/animefigurer.se\/","logo":{"@type":"ImageObject","inLanguage":"en-GB","@id":"https:\/\/animefigurer.se\/#\/schema\/logo\/image\/","url":"https:\/\/animefigurer.se\/wp-content\/uploads\/2025\/12\/Animefigurer_logowhite.png","contentUrl":"https:\/\/animefigurer.se\/wp-content\/uploads\/2025\/12\/Animefigurer_logowhite.png","width":1890,"height":1417,"caption":"Animefigurer.se"},"image":{"@id":"https:\/\/animefigurer.se\/#\/schema\/logo\/image\/"},"sameAs":["https:\/\/www.facebook.com\/profile.php?id=61581826539670","https:\/\/www.instagram.com\/animefigurer.se\/"],"email":"info@animefigurer.se"}]}},"_links":{"self":[{"href":"https:\/\/animefigurer.se\/en\/wp-json\/wp\/v2\/product\/7191","targetHints":{"allow":["GET"]}}],"collection":[{"href":"https:\/\/animefigurer.se\/en\/wp-json\/wp\/v2\/product"}],"about":[{"href":"https:\/\/animefigurer.se\/en\/wp-json\/wp\/v2\/types\/product"}],"replies":[{"embeddable":true,"href":"https:\/\/animefigurer.se\/en\/wp-json\/wp\/v2\/comments?post=7191"}],"wp:featuredmedia":[{"embeddable":true,"href":"https:\/\/animefigurer.se\/en\/wp-json\/wp\/v2\/media\/7192"}],"wp:attachment":[{"href":"https:\/\/animefigurer.se\/en\/wp-json\/wp\/v2\/media?parent=7191"}],"wp:term":[{"taxonomy":"product_brand","embeddable":true,"href":"https:\/\/animefigurer.se\/en\/wp-json\/wp\/v2\/product_brand?post=7191"},{"taxonomy":"product_cat","embeddable":true,"href":"https:\/\/animefigurer.se\/en\/wp-json\/wp\/v2\/product_cat?post=7191"},{"taxonomy":"product_tag","embeddable":true,"href":"https:\/\/animefigurer.se\/en\/wp-json\/wp\/v2\/product_tag?post=7191"},{"taxonomy":"giftcard-category","embeddable":true,"href":"https:\/\/animefigurer.se\/en\/wp-json\/wp\/v2\/giftcard-category?post=7191"}],"curies":[{"name":"wp","href":"https:\/\/api.w.org\/{rel}","templated":true}]}}