{"id":71857,"date":"2025-10-21T16:35:29","date_gmt":"2025-10-21T14:35:29","guid":{"rendered":"https:\/\/animefigurer.se\/produkt\/transformers-mdlx-articulated-figure-series-thrust\/"},"modified":"2025-12-21T19:36:37","modified_gmt":"2025-12-21T18:36:37","slug":"transformers-mdlx-articulated-figure-series-thrust","status":"publish","type":"product","link":"https:\/\/animefigurer.se\/en\/figurer\/transformers\/transformers-mdlx-articulated-figure-series-thrust\/","title":{"rendered":"Transformers MDLX Articulated Figure Series Thrust"},"content":{"rendered":"<p>threezero presents the roaring Decepticon Seeker warrior MDLX Thrust!<\/p>\n<p>MDLX Thrust stands approximately 20 cm (7.8 inches) tall and features approximately 50 points of articulation. The figure accurately reproduces his signature VTOL turbines and features custom leg wings that enhance his iconic silhouette.<\/p>\n<p>threezero Art Director Kelvin Sau has reworked Thrust for a hyper-detailed mechanical aesthetic while maintaining the classic look. The MDLX Thrust introduces a new head sculpt, newly painted applications and panel details. The figure utilizes threezero&#039;s die-cast zinc alloy and engineered plastic frame system for improved tactile playability and durability. Like the MDLX Dirge, the Thrust features a modified foot design for a more G1-inspired look.<\/p>","protected":false},"excerpt":{"rendered":"<p>threezero presents the roaring Decepticon Seeker warrior MDLX Thrust!<\/p>\n<p>MDLX Thrust stands approximately 20 cm (7.8 inches) tall and features approximately 50 points of articulation. The figure accurately reproduces his signature VTOL turbines and features custom leg wings that enhance his iconic silhouette.<\/p>\n<p>threezero A<\/p>","protected":false},"featured_media":71858,"comment_status":"closed","ping_status":"open","template":"","meta":{"_acf_changed":false,"_monsterinsights_skip_tracking":false,"_monsterinsights_sitenote_active":false,"_monsterinsights_sitenote_note":"","_monsterinsights_sitenote_category":0},"product_brand":[7164],"product_cat":[7233,5798],"product_tag":[26],"giftcard-category":[],"class_list":{"0":"post-71857","1":"product","2":"type-product","3":"status-publish","4":"has-post-thumbnail","6":"product_brand-threezero","7":"product_cat-pre-order","8":"product_cat-transformers","9":"product_tag-pre-order","10":"pa_franchise-transformers","11":"pa_karaktar-thrust","12":"pa_material-plastic-and-die-cast","13":"pa_storlek-20-cm","15":"first","16":"instock","17":"taxable","18":"shipping-taxable","19":"purchasable","20":"product-type-simple"},"acf":[],"yoast_head":"<!-- This site is optimized with the Yoast SEO Premium plugin v24.6 (Yoast SEO v27.3) - https:\/\/yoast.com\/product\/yoast-seo-premium-wordpress\/ -->\n<title>Transformers MDLX Articulated Figure Series Thrust | Animefigurer.se<\/title>\n<meta name=\"robots\" content=\"index, follow, max-snippet:-1, max-image-preview:large, max-video-preview:-1\" \/>\n<link rel=\"canonical\" href=\"https:\/\/animefigurer.se\/en\/figurer\/transformers\/transformers-mdlx-articulated-figure-series-thrust\/\" \/>\n<meta property=\"og:locale\" content=\"en_GB\" \/>\n<meta property=\"og:type\" content=\"article\" \/>\n<meta property=\"og:title\" content=\"Transformers MDLX Articulated Figure Series Thrust\" \/>\n<meta property=\"og:description\" content=\"threezero presenterar den vr\u00e5lande Decepticon Seeker-krigaren MDLX Thrust! MDLX Thrust \u00e4r cirka 20 cm (7,8 tum) h\u00f6g och har omkring 50 artikulationspunkter. Figuren \u00e5terger exakt hans karakt\u00e4ristiska VTOL-turbiner och har specialanpassade benvingar som framh\u00e4ver hans ikoniska silhuett. threezero A\" \/>\n<meta property=\"og:url\" content=\"https:\/\/animefigurer.se\/en\/figurer\/transformers\/transformers-mdlx-articulated-figure-series-thrust\/\" \/>\n<meta property=\"og:site_name\" content=\"Animefigurer.se\" \/>\n<meta property=\"article:publisher\" content=\"https:\/\/www.facebook.com\/profile.php?id=61581826539670\" \/>\n<meta property=\"article:modified_time\" content=\"2025-12-21T18:36:37+00:00\" \/>\n<meta property=\"og:image\" content=\"https:\/\/animefigurer.se\/wp-content\/uploads\/2025\/12\/Animefigurer_logowhite.png\" \/>\n\t<meta property=\"og:image:width\" content=\"1890\" \/>\n\t<meta property=\"og:image:height\" content=\"1417\" \/>\n\t<meta property=\"og:image:type\" content=\"image\/png\" \/>\n<meta name=\"twitter:card\" content=\"summary_large_image\" \/>\n<meta name=\"twitter:label1\" content=\"Estimated reading time\" \/>\n\t<meta name=\"twitter:data1\" content=\"1 minute\" \/>\n<script type=\"application\/ld+json\" class=\"yoast-schema-graph\">{\"@context\":\"https:\\\/\\\/schema.org\",\"@graph\":[{\"@type\":\"WebPage\",\"@id\":\"https:\\\/\\\/animefigurer.se\\\/en\\\/figurer\\\/transformers\\\/transformers-mdlx-articulated-figure-series-thrust\\\/\",\"url\":\"https:\\\/\\\/animefigurer.se\\\/en\\\/figurer\\\/transformers\\\/transformers-mdlx-articulated-figure-series-thrust\\\/\",\"name\":\"Transformers MDLX Articulated Figure Series Thrust | Animefigurer.se\",\"isPartOf\":{\"@id\":\"https:\\\/\\\/animefigurer.se\\\/#website\"},\"primaryImageOfPage\":{\"@id\":\"https:\\\/\\\/animefigurer.se\\\/en\\\/figurer\\\/transformers\\\/transformers-mdlx-articulated-figure-series-thrust\\\/#primaryimage\"},\"image\":{\"@id\":\"https:\\\/\\\/animefigurer.se\\\/en\\\/figurer\\\/transformers\\\/transformers-mdlx-articulated-figure-series-thrust\\\/#primaryimage\"},\"thumbnailUrl\":\"https:\\\/\\\/animefigurer.se\\\/wp-content\\\/uploads\\\/2025\\\/10\\\/68dd226c54a3d.jpeg\",\"datePublished\":\"2025-10-21T14:35:29+00:00\",\"dateModified\":\"2025-12-21T18:36:37+00:00\",\"breadcrumb\":{\"@id\":\"https:\\\/\\\/animefigurer.se\\\/en\\\/figurer\\\/transformers\\\/transformers-mdlx-articulated-figure-series-thrust\\\/#breadcrumb\"},\"inLanguage\":\"en-GB\",\"potentialAction\":[{\"@type\":\"ReadAction\",\"target\":[\"https:\\\/\\\/animefigurer.se\\\/en\\\/figurer\\\/transformers\\\/transformers-mdlx-articulated-figure-series-thrust\\\/\"]}]},{\"@type\":\"ImageObject\",\"inLanguage\":\"en-GB\",\"@id\":\"https:\\\/\\\/animefigurer.se\\\/en\\\/figurer\\\/transformers\\\/transformers-mdlx-articulated-figure-series-thrust\\\/#primaryimage\",\"url\":\"https:\\\/\\\/animefigurer.se\\\/wp-content\\\/uploads\\\/2025\\\/10\\\/68dd226c54a3d.jpeg\",\"contentUrl\":\"https:\\\/\\\/animefigurer.se\\\/wp-content\\\/uploads\\\/2025\\\/10\\\/68dd226c54a3d.jpeg\",\"width\":1000,\"height\":750},{\"@type\":\"BreadcrumbList\",\"@id\":\"https:\\\/\\\/animefigurer.se\\\/en\\\/figurer\\\/transformers\\\/transformers-mdlx-articulated-figure-series-thrust\\\/#breadcrumb\",\"itemListElement\":[{\"@type\":\"ListItem\",\"position\":1,\"name\":\"Home\",\"item\":\"https:\\\/\\\/animefigurer.se\\\/\"},{\"@type\":\"ListItem\",\"position\":2,\"name\":\"Butik\",\"item\":\"https:\\\/\\\/animefigurer.se\\\/figurer\\\/\"},{\"@type\":\"ListItem\",\"position\":3,\"name\":\"Transformers MDLX Articulated Figure Series Thrust\"}]},{\"@type\":\"WebSite\",\"@id\":\"https:\\\/\\\/animefigurer.se\\\/#website\",\"url\":\"https:\\\/\\\/animefigurer.se\\\/\",\"name\":\"Animefigurer.se\",\"description\":\"Anime figurer fr\u00e5n \u00f6ver 300 olika anime serier med \u00f6ver 9000 produkter | Anime Shop\",\"publisher\":{\"@id\":\"https:\\\/\\\/animefigurer.se\\\/#organization\"},\"potentialAction\":[{\"@type\":\"SearchAction\",\"target\":{\"@type\":\"EntryPoint\",\"urlTemplate\":\"https:\\\/\\\/animefigurer.se\\\/?s={search_term_string}\"},\"query-input\":{\"@type\":\"PropertyValueSpecification\",\"valueRequired\":true,\"valueName\":\"search_term_string\"}}],\"inLanguage\":\"en-GB\"},{\"@type\":\"Organization\",\"@id\":\"https:\\\/\\\/animefigurer.se\\\/#organization\",\"name\":\"Animefigurer.se\",\"alternateName\":\"Anime figurer | Anime shop\",\"url\":\"https:\\\/\\\/animefigurer.se\\\/\",\"logo\":{\"@type\":\"ImageObject\",\"inLanguage\":\"en-GB\",\"@id\":\"https:\\\/\\\/animefigurer.se\\\/#\\\/schema\\\/logo\\\/image\\\/\",\"url\":\"https:\\\/\\\/animefigurer.se\\\/wp-content\\\/uploads\\\/2025\\\/12\\\/Animefigurer_logowhite.png\",\"contentUrl\":\"https:\\\/\\\/animefigurer.se\\\/wp-content\\\/uploads\\\/2025\\\/12\\\/Animefigurer_logowhite.png\",\"width\":1890,\"height\":1417,\"caption\":\"Animefigurer.se\"},\"image\":{\"@id\":\"https:\\\/\\\/animefigurer.se\\\/#\\\/schema\\\/logo\\\/image\\\/\"},\"sameAs\":[\"https:\\\/\\\/www.facebook.com\\\/profile.php?id=61581826539670\",\"https:\\\/\\\/www.instagram.com\\\/animefigurer.se\\\/\"],\"email\":\"info@animefigurer.se\"}]}<\/script>\n<!-- \/ Yoast SEO Premium plugin. -->","yoast_head_json":{"title":"Transformers MDLX Articulated Figure Series Thrust | Animefigurer.se","robots":{"index":"index","follow":"follow","max-snippet":"max-snippet:-1","max-image-preview":"max-image-preview:large","max-video-preview":"max-video-preview:-1"},"canonical":"https:\/\/animefigurer.se\/en\/figurer\/transformers\/transformers-mdlx-articulated-figure-series-thrust\/","og_locale":"en_GB","og_type":"article","og_title":"Transformers MDLX Articulated Figure Series Thrust","og_description":"threezero presenterar den vr\u00e5lande Decepticon Seeker-krigaren MDLX Thrust! MDLX Thrust \u00e4r cirka 20 cm (7,8 tum) h\u00f6g och har omkring 50 artikulationspunkter. Figuren \u00e5terger exakt hans karakt\u00e4ristiska VTOL-turbiner och har specialanpassade benvingar som framh\u00e4ver hans ikoniska silhuett. threezero A","og_url":"https:\/\/animefigurer.se\/en\/figurer\/transformers\/transformers-mdlx-articulated-figure-series-thrust\/","og_site_name":"Animefigurer.se","article_publisher":"https:\/\/www.facebook.com\/profile.php?id=61581826539670","article_modified_time":"2025-12-21T18:36:37+00:00","og_image":[{"width":1890,"height":1417,"url":"https:\/\/animefigurer.se\/wp-content\/uploads\/2025\/12\/Animefigurer_logowhite.png","type":"image\/png"}],"twitter_card":"summary_large_image","twitter_misc":{"Estimated reading time":"1 minute"},"schema":{"@context":"https:\/\/schema.org","@graph":[{"@type":"WebPage","@id":"https:\/\/animefigurer.se\/en\/figurer\/transformers\/transformers-mdlx-articulated-figure-series-thrust\/","url":"https:\/\/animefigurer.se\/en\/figurer\/transformers\/transformers-mdlx-articulated-figure-series-thrust\/","name":"Transformers MDLX Articulated Figure Series Thrust | Animefigurer.se","isPartOf":{"@id":"https:\/\/animefigurer.se\/#website"},"primaryImageOfPage":{"@id":"https:\/\/animefigurer.se\/en\/figurer\/transformers\/transformers-mdlx-articulated-figure-series-thrust\/#primaryimage"},"image":{"@id":"https:\/\/animefigurer.se\/en\/figurer\/transformers\/transformers-mdlx-articulated-figure-series-thrust\/#primaryimage"},"thumbnailUrl":"https:\/\/animefigurer.se\/wp-content\/uploads\/2025\/10\/68dd226c54a3d.jpeg","datePublished":"2025-10-21T14:35:29+00:00","dateModified":"2025-12-21T18:36:37+00:00","breadcrumb":{"@id":"https:\/\/animefigurer.se\/en\/figurer\/transformers\/transformers-mdlx-articulated-figure-series-thrust\/#breadcrumb"},"inLanguage":"en-GB","potentialAction":[{"@type":"ReadAction","target":["https:\/\/animefigurer.se\/en\/figurer\/transformers\/transformers-mdlx-articulated-figure-series-thrust\/"]}]},{"@type":"ImageObject","inLanguage":"en-GB","@id":"https:\/\/animefigurer.se\/en\/figurer\/transformers\/transformers-mdlx-articulated-figure-series-thrust\/#primaryimage","url":"https:\/\/animefigurer.se\/wp-content\/uploads\/2025\/10\/68dd226c54a3d.jpeg","contentUrl":"https:\/\/animefigurer.se\/wp-content\/uploads\/2025\/10\/68dd226c54a3d.jpeg","width":1000,"height":750},{"@type":"BreadcrumbList","@id":"https:\/\/animefigurer.se\/en\/figurer\/transformers\/transformers-mdlx-articulated-figure-series-thrust\/#breadcrumb","itemListElement":[{"@type":"ListItem","position":1,"name":"Home","item":"https:\/\/animefigurer.se\/"},{"@type":"ListItem","position":2,"name":"Butik","item":"https:\/\/animefigurer.se\/figurer\/"},{"@type":"ListItem","position":3,"name":"Transformers MDLX Articulated Figure Series Thrust"}]},{"@type":"WebSite","@id":"https:\/\/animefigurer.se\/#website","url":"https:\/\/animefigurer.se\/","name":"Animefigurer.se","description":"Anime figures from over 300 different anime series with over 9000 products | Anime Shop","publisher":{"@id":"https:\/\/animefigurer.se\/#organization"},"potentialAction":[{"@type":"SearchAction","target":{"@type":"EntryPoint","urlTemplate":"https:\/\/animefigurer.se\/?s={search_term_string}"},"query-input":{"@type":"PropertyValueSpecification","valueRequired":true,"valueName":"search_term_string"}}],"inLanguage":"en-GB"},{"@type":"Organization","@id":"https:\/\/animefigurer.se\/#organization","name":"Animefigurer.se","alternateName":"Anime figurer | Anime shop","url":"https:\/\/animefigurer.se\/","logo":{"@type":"ImageObject","inLanguage":"en-GB","@id":"https:\/\/animefigurer.se\/#\/schema\/logo\/image\/","url":"https:\/\/animefigurer.se\/wp-content\/uploads\/2025\/12\/Animefigurer_logowhite.png","contentUrl":"https:\/\/animefigurer.se\/wp-content\/uploads\/2025\/12\/Animefigurer_logowhite.png","width":1890,"height":1417,"caption":"Animefigurer.se"},"image":{"@id":"https:\/\/animefigurer.se\/#\/schema\/logo\/image\/"},"sameAs":["https:\/\/www.facebook.com\/profile.php?id=61581826539670","https:\/\/www.instagram.com\/animefigurer.se\/"],"email":"info@animefigurer.se"}]}},"_links":{"self":[{"href":"https:\/\/animefigurer.se\/en\/wp-json\/wp\/v2\/product\/71857","targetHints":{"allow":["GET"]}}],"collection":[{"href":"https:\/\/animefigurer.se\/en\/wp-json\/wp\/v2\/product"}],"about":[{"href":"https:\/\/animefigurer.se\/en\/wp-json\/wp\/v2\/types\/product"}],"replies":[{"embeddable":true,"href":"https:\/\/animefigurer.se\/en\/wp-json\/wp\/v2\/comments?post=71857"}],"wp:featuredmedia":[{"embeddable":true,"href":"https:\/\/animefigurer.se\/en\/wp-json\/wp\/v2\/media\/71858"}],"wp:attachment":[{"href":"https:\/\/animefigurer.se\/en\/wp-json\/wp\/v2\/media?parent=71857"}],"wp:term":[{"taxonomy":"product_brand","embeddable":true,"href":"https:\/\/animefigurer.se\/en\/wp-json\/wp\/v2\/product_brand?post=71857"},{"taxonomy":"product_cat","embeddable":true,"href":"https:\/\/animefigurer.se\/en\/wp-json\/wp\/v2\/product_cat?post=71857"},{"taxonomy":"product_tag","embeddable":true,"href":"https:\/\/animefigurer.se\/en\/wp-json\/wp\/v2\/product_tag?post=71857"},{"taxonomy":"giftcard-category","embeddable":true,"href":"https:\/\/animefigurer.se\/en\/wp-json\/wp\/v2\/giftcard-category?post=71857"}],"curies":[{"name":"wp","href":"https:\/\/api.w.org\/{rel}","templated":true}]}}