{"id":71819,"date":"2025-10-21T16:34:17","date_gmt":"2025-10-21T14:34:17","guid":{"rendered":"https:\/\/animefigurer.se\/produkt\/transformers-mdlx-articulated-figure-series-optimus-prime-comic-book-edition\/"},"modified":"2025-12-21T19:36:37","modified_gmt":"2025-12-21T18:36:37","slug":"transformers-mdlx-articulated-figure-series-optimus-prime-comic-book-edition","status":"publish","type":"product","link":"https:\/\/animefigurer.se\/en\/figurer\/transformers\/transformers-mdlx-articulated-figure-series-optimus-prime-comic-book-edition\/","title":{"rendered":"Transformers MDLX Articulated Figure Series Optimus Prime (Comic Book Edition)"},"content":{"rendered":"<p>threezeros MDLX Optimus Prime (Comic Book Edition) is a reimagining of the classic Autobot leader, inspired by his appearance in the Energon Universe comic book. This edition features a new head sculpt, battle-damaged windshield decals on the chest, and weathered paint effects throughout.<\/p>\n<p>This version also includes an interchangeable broken shoulder piece that can be swapped for Megatron&#039;s severed right arm with the Fusion Canon. MDLX Optimus Prime stands approximately 7 inches (17.8 cm) tall, has approximately 48 points of articulation, and a die-cast metal frame.<\/p>\n<p>Accessory elements include an Ion Blaster, an Energon Axe, the Autobot Matrix of Leadership, and six different interchangeable hands (a posing hand, a fist, a left hand to hold the Energon Axe, a left hand to hold the Ion Blaster, a left hand to hold the Matrix of Leadership, and a pointing finger). Also included are three interchangeable right hands for Megatron&#039;s severed arm.<\/p>\n<p>The MDLX series captures the essence of threezero&#039;s renowned DLX line on a smaller scale with high articulation and improved durability at an affordable price. The design, reimagined by threezero Art Director Kelvin Sau, blends iconic 1980s features with threezero&#039;s hyper-detailed mechanical aesthetic. The MDLX figures utilize threezero&#039;s die-cast zinc alloy and engineering plastic frame systems to preserve tactile playability and durability, complete with the weathered paintwork that is a hallmark of threezero.<\/p>","protected":false},"excerpt":{"rendered":"<p>threezeros MDLX Optimus Prime (Comic Book Edition) is a reimagining of the classic Autobot leader, inspired by his appearance in the Energon Universe comic book. This edition features a new head sculpt, battle-damaged windshield decals on the chest, and weathered paint effects throughout.<\/p>\n<p>The<\/p>","protected":false},"featured_media":71820,"comment_status":"closed","ping_status":"open","template":"","meta":{"_acf_changed":false,"_monsterinsights_skip_tracking":false,"_monsterinsights_sitenote_active":false,"_monsterinsights_sitenote_note":"","_monsterinsights_sitenote_category":0},"product_brand":[7164],"product_cat":[7233,5798],"product_tag":[26],"giftcard-category":[],"class_list":{"0":"post-71819","1":"product","2":"type-product","3":"status-publish","4":"has-post-thumbnail","6":"product_brand-threezero","7":"product_cat-pre-order","8":"product_cat-transformers","9":"product_tag-pre-order","10":"pa_franchise-transformers","11":"pa_karaktar-optimus-prime","12":"pa_material-abs-pom-pvc-zinc-alloy-and-metal-parts","13":"pa_storlek-18-cm","15":"first","16":"instock","17":"taxable","18":"shipping-taxable","19":"purchasable","20":"product-type-simple"},"acf":[],"yoast_head":"<!-- This site is optimized with the Yoast SEO Premium plugin v24.6 (Yoast SEO v27.3) - https:\/\/yoast.com\/product\/yoast-seo-premium-wordpress\/ -->\n<title>Transformers MDLX Articulated Figure Series Optimus Prime (Comic Book Edition) | Animefigurer.se<\/title>\n<meta name=\"robots\" content=\"index, follow, max-snippet:-1, max-image-preview:large, max-video-preview:-1\" \/>\n<link rel=\"canonical\" href=\"https:\/\/animefigurer.se\/en\/figurer\/transformers\/transformers-mdlx-articulated-figure-series-optimus-prime-comic-book-edition\/\" \/>\n<meta property=\"og:locale\" content=\"en_GB\" \/>\n<meta property=\"og:type\" content=\"article\" \/>\n<meta property=\"og:title\" content=\"Transformers MDLX Articulated Figure Series Optimus Prime (Comic Book Edition)\" \/>\n<meta property=\"og:description\" content=\"threezeros MDLX Optimus Prime (Comic Book Edition) \u00e4r en omarbetad tolkning av den klassiska Autobot-ledaren, inspirerad av hans framtr\u00e4dande i Energon Universe-serietidningen. Denna utg\u00e5va har en ny huvudskulptur, stridsskadade vindrutedekaler p\u00e5 br\u00f6stet och genomg\u00e5ende v\u00e4derbitna f\u00e4rgeffekter. De\" \/>\n<meta property=\"og:url\" content=\"https:\/\/animefigurer.se\/en\/figurer\/transformers\/transformers-mdlx-articulated-figure-series-optimus-prime-comic-book-edition\/\" \/>\n<meta property=\"og:site_name\" content=\"Animefigurer.se\" \/>\n<meta property=\"article:publisher\" content=\"https:\/\/www.facebook.com\/profile.php?id=61581826539670\" \/>\n<meta property=\"article:modified_time\" content=\"2025-12-21T18:36:37+00:00\" \/>\n<meta property=\"og:image\" content=\"https:\/\/animefigurer.se\/wp-content\/uploads\/2025\/12\/Animefigurer_logowhite.png\" \/>\n\t<meta property=\"og:image:width\" content=\"1890\" \/>\n\t<meta property=\"og:image:height\" content=\"1417\" \/>\n\t<meta property=\"og:image:type\" content=\"image\/png\" \/>\n<meta name=\"twitter:card\" content=\"summary_large_image\" \/>\n<meta name=\"twitter:label1\" content=\"Estimated reading time\" \/>\n\t<meta name=\"twitter:data1\" content=\"1 minute\" \/>\n<script type=\"application\/ld+json\" class=\"yoast-schema-graph\">{\"@context\":\"https:\\\/\\\/schema.org\",\"@graph\":[{\"@type\":\"WebPage\",\"@id\":\"https:\\\/\\\/animefigurer.se\\\/figurer\\\/transformers\\\/transformers-mdlx-articulated-figure-series-optimus-prime-comic-book-edition\\\/\",\"url\":\"https:\\\/\\\/animefigurer.se\\\/figurer\\\/transformers\\\/transformers-mdlx-articulated-figure-series-optimus-prime-comic-book-edition\\\/\",\"name\":\"Transformers MDLX Articulated Figure Series Optimus Prime (Comic Book Edition) | Animefigurer.se\",\"isPartOf\":{\"@id\":\"https:\\\/\\\/animefigurer.se\\\/#website\"},\"primaryImageOfPage\":{\"@id\":\"https:\\\/\\\/animefigurer.se\\\/figurer\\\/transformers\\\/transformers-mdlx-articulated-figure-series-optimus-prime-comic-book-edition\\\/#primaryimage\"},\"image\":{\"@id\":\"https:\\\/\\\/animefigurer.se\\\/figurer\\\/transformers\\\/transformers-mdlx-articulated-figure-series-optimus-prime-comic-book-edition\\\/#primaryimage\"},\"thumbnailUrl\":\"https:\\\/\\\/animefigurer.se\\\/wp-content\\\/uploads\\\/2025\\\/10\\\/68de86e022c1f.jpeg\",\"datePublished\":\"2025-10-21T14:34:17+00:00\",\"dateModified\":\"2025-12-21T18:36:37+00:00\",\"breadcrumb\":{\"@id\":\"https:\\\/\\\/animefigurer.se\\\/figurer\\\/transformers\\\/transformers-mdlx-articulated-figure-series-optimus-prime-comic-book-edition\\\/#breadcrumb\"},\"inLanguage\":\"en-GB\",\"potentialAction\":[{\"@type\":\"ReadAction\",\"target\":[\"https:\\\/\\\/animefigurer.se\\\/figurer\\\/transformers\\\/transformers-mdlx-articulated-figure-series-optimus-prime-comic-book-edition\\\/\"]}]},{\"@type\":\"ImageObject\",\"inLanguage\":\"en-GB\",\"@id\":\"https:\\\/\\\/animefigurer.se\\\/figurer\\\/transformers\\\/transformers-mdlx-articulated-figure-series-optimus-prime-comic-book-edition\\\/#primaryimage\",\"url\":\"https:\\\/\\\/animefigurer.se\\\/wp-content\\\/uploads\\\/2025\\\/10\\\/68de86e022c1f.jpeg\",\"contentUrl\":\"https:\\\/\\\/animefigurer.se\\\/wp-content\\\/uploads\\\/2025\\\/10\\\/68de86e022c1f.jpeg\",\"width\":1000,\"height\":750},{\"@type\":\"BreadcrumbList\",\"@id\":\"https:\\\/\\\/animefigurer.se\\\/figurer\\\/transformers\\\/transformers-mdlx-articulated-figure-series-optimus-prime-comic-book-edition\\\/#breadcrumb\",\"itemListElement\":[{\"@type\":\"ListItem\",\"position\":1,\"name\":\"Home\",\"item\":\"https:\\\/\\\/animefigurer.se\\\/\"},{\"@type\":\"ListItem\",\"position\":2,\"name\":\"Butik\",\"item\":\"https:\\\/\\\/animefigurer.se\\\/figurer\\\/\"},{\"@type\":\"ListItem\",\"position\":3,\"name\":\"Transformers MDLX Articulated Figure Series Optimus Prime (Comic Book Edition)\"}]},{\"@type\":\"WebSite\",\"@id\":\"https:\\\/\\\/animefigurer.se\\\/#website\",\"url\":\"https:\\\/\\\/animefigurer.se\\\/\",\"name\":\"Animefigurer.se\",\"description\":\"Anime figurer fr\u00e5n \u00f6ver 300 olika anime serier med \u00f6ver 9000 produkter | Anime Shop\",\"publisher\":{\"@id\":\"https:\\\/\\\/animefigurer.se\\\/#organization\"},\"potentialAction\":[{\"@type\":\"SearchAction\",\"target\":{\"@type\":\"EntryPoint\",\"urlTemplate\":\"https:\\\/\\\/animefigurer.se\\\/?s={search_term_string}\"},\"query-input\":{\"@type\":\"PropertyValueSpecification\",\"valueRequired\":true,\"valueName\":\"search_term_string\"}}],\"inLanguage\":\"en-GB\"},{\"@type\":\"Organization\",\"@id\":\"https:\\\/\\\/animefigurer.se\\\/#organization\",\"name\":\"Animefigurer.se\",\"alternateName\":\"Anime figurer | Anime shop\",\"url\":\"https:\\\/\\\/animefigurer.se\\\/\",\"logo\":{\"@type\":\"ImageObject\",\"inLanguage\":\"en-GB\",\"@id\":\"https:\\\/\\\/animefigurer.se\\\/#\\\/schema\\\/logo\\\/image\\\/\",\"url\":\"https:\\\/\\\/animefigurer.se\\\/wp-content\\\/uploads\\\/2025\\\/12\\\/Animefigurer_logowhite.png\",\"contentUrl\":\"https:\\\/\\\/animefigurer.se\\\/wp-content\\\/uploads\\\/2025\\\/12\\\/Animefigurer_logowhite.png\",\"width\":1890,\"height\":1417,\"caption\":\"Animefigurer.se\"},\"image\":{\"@id\":\"https:\\\/\\\/animefigurer.se\\\/#\\\/schema\\\/logo\\\/image\\\/\"},\"sameAs\":[\"https:\\\/\\\/www.facebook.com\\\/profile.php?id=61581826539670\",\"https:\\\/\\\/www.instagram.com\\\/animefigurer.se\\\/\"],\"email\":\"info@animefigurer.se\"}]}<\/script>\n<!-- \/ Yoast SEO Premium plugin. -->","yoast_head_json":{"title":"Transformers MDLX Articulated Figure Series Optimus Prime (Comic Book Edition) | Animefigurer.se","robots":{"index":"index","follow":"follow","max-snippet":"max-snippet:-1","max-image-preview":"max-image-preview:large","max-video-preview":"max-video-preview:-1"},"canonical":"https:\/\/animefigurer.se\/en\/figurer\/transformers\/transformers-mdlx-articulated-figure-series-optimus-prime-comic-book-edition\/","og_locale":"en_GB","og_type":"article","og_title":"Transformers MDLX Articulated Figure Series Optimus Prime (Comic Book Edition)","og_description":"threezeros MDLX Optimus Prime (Comic Book Edition) \u00e4r en omarbetad tolkning av den klassiska Autobot-ledaren, inspirerad av hans framtr\u00e4dande i Energon Universe-serietidningen. Denna utg\u00e5va har en ny huvudskulptur, stridsskadade vindrutedekaler p\u00e5 br\u00f6stet och genomg\u00e5ende v\u00e4derbitna f\u00e4rgeffekter. De","og_url":"https:\/\/animefigurer.se\/en\/figurer\/transformers\/transformers-mdlx-articulated-figure-series-optimus-prime-comic-book-edition\/","og_site_name":"Animefigurer.se","article_publisher":"https:\/\/www.facebook.com\/profile.php?id=61581826539670","article_modified_time":"2025-12-21T18:36:37+00:00","og_image":[{"width":1890,"height":1417,"url":"https:\/\/animefigurer.se\/wp-content\/uploads\/2025\/12\/Animefigurer_logowhite.png","type":"image\/png"}],"twitter_card":"summary_large_image","twitter_misc":{"Estimated reading time":"1 minute"},"schema":{"@context":"https:\/\/schema.org","@graph":[{"@type":"WebPage","@id":"https:\/\/animefigurer.se\/figurer\/transformers\/transformers-mdlx-articulated-figure-series-optimus-prime-comic-book-edition\/","url":"https:\/\/animefigurer.se\/figurer\/transformers\/transformers-mdlx-articulated-figure-series-optimus-prime-comic-book-edition\/","name":"Transformers MDLX Articulated Figure Series Optimus Prime (Comic Book Edition) | Animefigurer.se","isPartOf":{"@id":"https:\/\/animefigurer.se\/#website"},"primaryImageOfPage":{"@id":"https:\/\/animefigurer.se\/figurer\/transformers\/transformers-mdlx-articulated-figure-series-optimus-prime-comic-book-edition\/#primaryimage"},"image":{"@id":"https:\/\/animefigurer.se\/figurer\/transformers\/transformers-mdlx-articulated-figure-series-optimus-prime-comic-book-edition\/#primaryimage"},"thumbnailUrl":"https:\/\/animefigurer.se\/wp-content\/uploads\/2025\/10\/68de86e022c1f.jpeg","datePublished":"2025-10-21T14:34:17+00:00","dateModified":"2025-12-21T18:36:37+00:00","breadcrumb":{"@id":"https:\/\/animefigurer.se\/figurer\/transformers\/transformers-mdlx-articulated-figure-series-optimus-prime-comic-book-edition\/#breadcrumb"},"inLanguage":"en-GB","potentialAction":[{"@type":"ReadAction","target":["https:\/\/animefigurer.se\/figurer\/transformers\/transformers-mdlx-articulated-figure-series-optimus-prime-comic-book-edition\/"]}]},{"@type":"ImageObject","inLanguage":"en-GB","@id":"https:\/\/animefigurer.se\/figurer\/transformers\/transformers-mdlx-articulated-figure-series-optimus-prime-comic-book-edition\/#primaryimage","url":"https:\/\/animefigurer.se\/wp-content\/uploads\/2025\/10\/68de86e022c1f.jpeg","contentUrl":"https:\/\/animefigurer.se\/wp-content\/uploads\/2025\/10\/68de86e022c1f.jpeg","width":1000,"height":750},{"@type":"BreadcrumbList","@id":"https:\/\/animefigurer.se\/figurer\/transformers\/transformers-mdlx-articulated-figure-series-optimus-prime-comic-book-edition\/#breadcrumb","itemListElement":[{"@type":"ListItem","position":1,"name":"Home","item":"https:\/\/animefigurer.se\/"},{"@type":"ListItem","position":2,"name":"Butik","item":"https:\/\/animefigurer.se\/figurer\/"},{"@type":"ListItem","position":3,"name":"Transformers MDLX Articulated Figure Series Optimus Prime (Comic Book Edition)"}]},{"@type":"WebSite","@id":"https:\/\/animefigurer.se\/#website","url":"https:\/\/animefigurer.se\/","name":"Animefigurer.se","description":"Anime figures from over 300 different anime series with over 9000 products | Anime Shop","publisher":{"@id":"https:\/\/animefigurer.se\/#organization"},"potentialAction":[{"@type":"SearchAction","target":{"@type":"EntryPoint","urlTemplate":"https:\/\/animefigurer.se\/?s={search_term_string}"},"query-input":{"@type":"PropertyValueSpecification","valueRequired":true,"valueName":"search_term_string"}}],"inLanguage":"en-GB"},{"@type":"Organization","@id":"https:\/\/animefigurer.se\/#organization","name":"Animefigurer.se","alternateName":"Anime figurer | Anime shop","url":"https:\/\/animefigurer.se\/","logo":{"@type":"ImageObject","inLanguage":"en-GB","@id":"https:\/\/animefigurer.se\/#\/schema\/logo\/image\/","url":"https:\/\/animefigurer.se\/wp-content\/uploads\/2025\/12\/Animefigurer_logowhite.png","contentUrl":"https:\/\/animefigurer.se\/wp-content\/uploads\/2025\/12\/Animefigurer_logowhite.png","width":1890,"height":1417,"caption":"Animefigurer.se"},"image":{"@id":"https:\/\/animefigurer.se\/#\/schema\/logo\/image\/"},"sameAs":["https:\/\/www.facebook.com\/profile.php?id=61581826539670","https:\/\/www.instagram.com\/animefigurer.se\/"],"email":"info@animefigurer.se"}]}},"_links":{"self":[{"href":"https:\/\/animefigurer.se\/en\/wp-json\/wp\/v2\/product\/71819","targetHints":{"allow":["GET"]}}],"collection":[{"href":"https:\/\/animefigurer.se\/en\/wp-json\/wp\/v2\/product"}],"about":[{"href":"https:\/\/animefigurer.se\/en\/wp-json\/wp\/v2\/types\/product"}],"replies":[{"embeddable":true,"href":"https:\/\/animefigurer.se\/en\/wp-json\/wp\/v2\/comments?post=71819"}],"wp:featuredmedia":[{"embeddable":true,"href":"https:\/\/animefigurer.se\/en\/wp-json\/wp\/v2\/media\/71820"}],"wp:attachment":[{"href":"https:\/\/animefigurer.se\/en\/wp-json\/wp\/v2\/media?parent=71819"}],"wp:term":[{"taxonomy":"product_brand","embeddable":true,"href":"https:\/\/animefigurer.se\/en\/wp-json\/wp\/v2\/product_brand?post=71819"},{"taxonomy":"product_cat","embeddable":true,"href":"https:\/\/animefigurer.se\/en\/wp-json\/wp\/v2\/product_cat?post=71819"},{"taxonomy":"product_tag","embeddable":true,"href":"https:\/\/animefigurer.se\/en\/wp-json\/wp\/v2\/product_tag?post=71819"},{"taxonomy":"giftcard-category","embeddable":true,"href":"https:\/\/animefigurer.se\/en\/wp-json\/wp\/v2\/giftcard-category?post=71819"}],"curies":[{"name":"wp","href":"https:\/\/api.w.org\/{rel}","templated":true}]}}