{"id":71651,"date":"2025-10-21T16:31:54","date_gmt":"2025-10-21T14:31:54","guid":{"rendered":"https:\/\/animefigurer.se\/produkt\/transformers-bumblebee-dlx-scale-collectible-series-optimus-prime-cybertron-edition-event-exclusive-action-figure\/"},"modified":"2025-12-21T19:36:35","modified_gmt":"2025-12-21T18:36:35","slug":"transformers-bumblebee-dlx-scale-collectible-series-optimus-prime-cybertron-edition-event-exclusive-action-figure","status":"publish","type":"product","link":"https:\/\/animefigurer.se\/en\/figurer\/transformers\/transformers-bumblebee-dlx-scale-collectible-series-optimus-prime-cybertron-edition-event-exclusive-action-figure\/","title":{"rendered":"Transformers: Bumblebee DLX Scale Collectible Series Optimus Prime (Cybertron Edition) Event Exclusive Action Figure"},"content":{"rendered":"<p>From Transformers: Bumblebee, threezero presents DLX Optimus Prime (Cybertron Mode) \u2014 a DLX-scale collector&#039;s edition of the heroic Autobot leader in his Cybertronian form.<\/p>\n<p>DLX Optimus Prime (Cybertron Mode) stands approximately 11.2 inches (~28.5 cm) tall, fully articulated with approximately 53 points of articulation, and constructed with die-cast metal parts and an engineering plastic frame. The non-removable armor design reflects Optimus Prime&#039;s Cybertron form. The figure features detailed sculpting and threezero&#039;s signature weathered paint effects to accurately replicate the movie look.<\/p>\n<p>The figure features impressive detail and LED-lit eyes (requires AG13 batteries x 2, batteries not included). Accessory elements include an ion blaster and five sets of interchangeable hands: a left command hand, a pair of fists, a pair of relaxed hands, a pair of outstretched hands and a pair of weapon-holding hands. Also included is a DLX action stand and a translucent hologram Earth effect.<\/p>\n<p>\u2013 Officially licensed by Hasbro and TakaraTomy<br \/>\n\u2013 Approximately 11.2 inches (28.5 cm) long<br \/>\n\u2013 Approximately 53 points of articulation<br \/>\n\u2013 Die-cast metal frame design with advanced articulation range<br \/>\n\u2013 Detailed and weathered paint application<br \/>\n\u2013 LED-illuminated eyes* (AG13 x 2 required, not included)<\/p>\n<p>With the DLX action stand, Optimus Prime can be placed in many iconic poses.<\/p>","protected":false},"excerpt":{"rendered":"<p>From Transformers: Bumblebee, threezero presents DLX Optimus Prime (Cybertron Mode) \u2014 a DLX-scale collector&#039;s edition of the heroic Autobot leader in his Cybertronian form.<\/p>\n<p>DLX Optimus Prime (Cybertron Mode) is approximately 11.2 inches (~28.5 cm) tall, fully articulated with approximately 53 points of articulation and b<\/p>","protected":false},"featured_media":71652,"comment_status":"closed","ping_status":"open","template":"","meta":{"_acf_changed":false,"_monsterinsights_skip_tracking":false,"_monsterinsights_sitenote_active":false,"_monsterinsights_sitenote_note":"","_monsterinsights_sitenote_category":0},"product_brand":[7164],"product_cat":[5798],"product_tag":[24],"giftcard-category":[],"class_list":{"0":"post-71651","1":"product","2":"type-product","3":"status-publish","4":"has-post-thumbnail","6":"product_brand-threezero","7":"product_cat-transformers","8":"product_tag-2-3-weeks","9":"pa_franchise-transformers","10":"pa_karaktar-optimus-prime","11":"pa_material-plastic-and-die-cast","12":"pa_storlek-29-cm","14":"first","15":"instock","16":"taxable","17":"shipping-taxable","18":"purchasable","19":"product-type-simple"},"acf":[],"yoast_head":"<!-- This site is optimized with the Yoast SEO Premium plugin v24.6 (Yoast SEO v27.3) - https:\/\/yoast.com\/product\/yoast-seo-premium-wordpress\/ -->\n<title>Transformers: Bumblebee DLX Scale Collectible Series Optimus Prime (Cybertron Edition) Event Exclusive Action Figure | Animefigurer.se<\/title>\n<meta name=\"robots\" content=\"index, follow, max-snippet:-1, max-image-preview:large, max-video-preview:-1\" \/>\n<link rel=\"canonical\" href=\"https:\/\/animefigurer.se\/en\/figurer\/transformers\/transformers-bumblebee-dlx-scale-collectible-series-optimus-prime-cybertron-edition-event-exclusive-action-figure\/\" \/>\n<meta property=\"og:locale\" content=\"en_GB\" \/>\n<meta property=\"og:type\" content=\"article\" \/>\n<meta property=\"og:title\" content=\"Transformers: Bumblebee DLX Scale Collectible Series Optimus Prime (Cybertron Edition) Event Exclusive Action Figure\" \/>\n<meta property=\"og:description\" content=\"Fr\u00e5n Transformers: Bumblebee presenterar threezero DLX Optimus Prime (Cybertron Mode) \u2014 en samlarutg\u00e5va i DLX-skala av den heroiske Autobot-ledaren i hans Cybertroniska skepnad. DLX Optimus Prime (Cybertron Mode) \u00e4r cirka 11,2 tum (~28,5 cm) h\u00f6g, helt ledad med omkring 53 artikulationspunkter och b\" \/>\n<meta property=\"og:url\" content=\"https:\/\/animefigurer.se\/en\/figurer\/transformers\/transformers-bumblebee-dlx-scale-collectible-series-optimus-prime-cybertron-edition-event-exclusive-action-figure\/\" \/>\n<meta property=\"og:site_name\" content=\"Animefigurer.se\" \/>\n<meta property=\"article:publisher\" content=\"https:\/\/www.facebook.com\/profile.php?id=61581826539670\" \/>\n<meta property=\"article:modified_time\" content=\"2025-12-21T18:36:35+00:00\" \/>\n<meta property=\"og:image\" content=\"https:\/\/animefigurer.se\/wp-content\/uploads\/2025\/12\/Animefigurer_logowhite.png\" \/>\n\t<meta property=\"og:image:width\" content=\"1890\" \/>\n\t<meta property=\"og:image:height\" content=\"1417\" \/>\n\t<meta property=\"og:image:type\" content=\"image\/png\" \/>\n<meta name=\"twitter:card\" content=\"summary_large_image\" \/>\n<meta name=\"twitter:label1\" content=\"Estimated reading time\" \/>\n\t<meta name=\"twitter:data1\" content=\"1 minute\" \/>\n<script type=\"application\/ld+json\" class=\"yoast-schema-graph\">{\"@context\":\"https:\\\/\\\/schema.org\",\"@graph\":[{\"@type\":\"WebPage\",\"@id\":\"https:\\\/\\\/animefigurer.se\\\/figurer\\\/transformers\\\/transformers-bumblebee-dlx-scale-collectible-series-optimus-prime-cybertron-edition-event-exclusive-action-figure\\\/\",\"url\":\"https:\\\/\\\/animefigurer.se\\\/figurer\\\/transformers\\\/transformers-bumblebee-dlx-scale-collectible-series-optimus-prime-cybertron-edition-event-exclusive-action-figure\\\/\",\"name\":\"Transformers: Bumblebee DLX Scale Collectible Series Optimus Prime (Cybertron Edition) Event Exclusive Action Figure | Animefigurer.se\",\"isPartOf\":{\"@id\":\"https:\\\/\\\/animefigurer.se\\\/#website\"},\"primaryImageOfPage\":{\"@id\":\"https:\\\/\\\/animefigurer.se\\\/figurer\\\/transformers\\\/transformers-bumblebee-dlx-scale-collectible-series-optimus-prime-cybertron-edition-event-exclusive-action-figure\\\/#primaryimage\"},\"image\":{\"@id\":\"https:\\\/\\\/animefigurer.se\\\/figurer\\\/transformers\\\/transformers-bumblebee-dlx-scale-collectible-series-optimus-prime-cybertron-edition-event-exclusive-action-figure\\\/#primaryimage\"},\"thumbnailUrl\":\"https:\\\/\\\/animefigurer.se\\\/wp-content\\\/uploads\\\/2025\\\/10\\\/6852d4b230881.jpeg\",\"datePublished\":\"2025-10-21T14:31:54+00:00\",\"dateModified\":\"2025-12-21T18:36:35+00:00\",\"breadcrumb\":{\"@id\":\"https:\\\/\\\/animefigurer.se\\\/figurer\\\/transformers\\\/transformers-bumblebee-dlx-scale-collectible-series-optimus-prime-cybertron-edition-event-exclusive-action-figure\\\/#breadcrumb\"},\"inLanguage\":\"en-GB\",\"potentialAction\":[{\"@type\":\"ReadAction\",\"target\":[\"https:\\\/\\\/animefigurer.se\\\/figurer\\\/transformers\\\/transformers-bumblebee-dlx-scale-collectible-series-optimus-prime-cybertron-edition-event-exclusive-action-figure\\\/\"]}]},{\"@type\":\"ImageObject\",\"inLanguage\":\"en-GB\",\"@id\":\"https:\\\/\\\/animefigurer.se\\\/figurer\\\/transformers\\\/transformers-bumblebee-dlx-scale-collectible-series-optimus-prime-cybertron-edition-event-exclusive-action-figure\\\/#primaryimage\",\"url\":\"https:\\\/\\\/animefigurer.se\\\/wp-content\\\/uploads\\\/2025\\\/10\\\/6852d4b230881.jpeg\",\"contentUrl\":\"https:\\\/\\\/animefigurer.se\\\/wp-content\\\/uploads\\\/2025\\\/10\\\/6852d4b230881.jpeg\",\"width\":720,\"height\":540},{\"@type\":\"BreadcrumbList\",\"@id\":\"https:\\\/\\\/animefigurer.se\\\/figurer\\\/transformers\\\/transformers-bumblebee-dlx-scale-collectible-series-optimus-prime-cybertron-edition-event-exclusive-action-figure\\\/#breadcrumb\",\"itemListElement\":[{\"@type\":\"ListItem\",\"position\":1,\"name\":\"Home\",\"item\":\"https:\\\/\\\/animefigurer.se\\\/\"},{\"@type\":\"ListItem\",\"position\":2,\"name\":\"Butik\",\"item\":\"https:\\\/\\\/animefigurer.se\\\/figurer\\\/\"},{\"@type\":\"ListItem\",\"position\":3,\"name\":\"Transformers: Bumblebee DLX Scale Collectible Series Optimus Prime (Cybertron Edition) Event Exclusive Action Figure\"}]},{\"@type\":\"WebSite\",\"@id\":\"https:\\\/\\\/animefigurer.se\\\/#website\",\"url\":\"https:\\\/\\\/animefigurer.se\\\/\",\"name\":\"Animefigurer.se\",\"description\":\"Anime figurer fr\u00e5n \u00f6ver 300 olika anime serier med \u00f6ver 9000 produkter | Anime Shop\",\"publisher\":{\"@id\":\"https:\\\/\\\/animefigurer.se\\\/#organization\"},\"potentialAction\":[{\"@type\":\"SearchAction\",\"target\":{\"@type\":\"EntryPoint\",\"urlTemplate\":\"https:\\\/\\\/animefigurer.se\\\/?s={search_term_string}\"},\"query-input\":{\"@type\":\"PropertyValueSpecification\",\"valueRequired\":true,\"valueName\":\"search_term_string\"}}],\"inLanguage\":\"en-GB\"},{\"@type\":\"Organization\",\"@id\":\"https:\\\/\\\/animefigurer.se\\\/#organization\",\"name\":\"Animefigurer.se\",\"alternateName\":\"Anime figurer | Anime shop\",\"url\":\"https:\\\/\\\/animefigurer.se\\\/\",\"logo\":{\"@type\":\"ImageObject\",\"inLanguage\":\"en-GB\",\"@id\":\"https:\\\/\\\/animefigurer.se\\\/#\\\/schema\\\/logo\\\/image\\\/\",\"url\":\"https:\\\/\\\/animefigurer.se\\\/wp-content\\\/uploads\\\/2025\\\/12\\\/Animefigurer_logowhite.png\",\"contentUrl\":\"https:\\\/\\\/animefigurer.se\\\/wp-content\\\/uploads\\\/2025\\\/12\\\/Animefigurer_logowhite.png\",\"width\":1890,\"height\":1417,\"caption\":\"Animefigurer.se\"},\"image\":{\"@id\":\"https:\\\/\\\/animefigurer.se\\\/#\\\/schema\\\/logo\\\/image\\\/\"},\"sameAs\":[\"https:\\\/\\\/www.facebook.com\\\/profile.php?id=61581826539670\",\"https:\\\/\\\/www.instagram.com\\\/animefigurer.se\\\/\"],\"email\":\"info@animefigurer.se\"}]}<\/script>\n<!-- \/ Yoast SEO Premium plugin. -->","yoast_head_json":{"title":"Transformers: Bumblebee DLX Scale Collectible Series Optimus Prime (Cybertron Edition) Event Exclusive Action Figure | Animefigurer.se","robots":{"index":"index","follow":"follow","max-snippet":"max-snippet:-1","max-image-preview":"max-image-preview:large","max-video-preview":"max-video-preview:-1"},"canonical":"https:\/\/animefigurer.se\/en\/figurer\/transformers\/transformers-bumblebee-dlx-scale-collectible-series-optimus-prime-cybertron-edition-event-exclusive-action-figure\/","og_locale":"en_GB","og_type":"article","og_title":"Transformers: Bumblebee DLX Scale Collectible Series Optimus Prime (Cybertron Edition) Event Exclusive Action Figure","og_description":"Fr\u00e5n Transformers: Bumblebee presenterar threezero DLX Optimus Prime (Cybertron Mode) \u2014 en samlarutg\u00e5va i DLX-skala av den heroiske Autobot-ledaren i hans Cybertroniska skepnad. DLX Optimus Prime (Cybertron Mode) \u00e4r cirka 11,2 tum (~28,5 cm) h\u00f6g, helt ledad med omkring 53 artikulationspunkter och b","og_url":"https:\/\/animefigurer.se\/en\/figurer\/transformers\/transformers-bumblebee-dlx-scale-collectible-series-optimus-prime-cybertron-edition-event-exclusive-action-figure\/","og_site_name":"Animefigurer.se","article_publisher":"https:\/\/www.facebook.com\/profile.php?id=61581826539670","article_modified_time":"2025-12-21T18:36:35+00:00","og_image":[{"width":1890,"height":1417,"url":"https:\/\/animefigurer.se\/wp-content\/uploads\/2025\/12\/Animefigurer_logowhite.png","type":"image\/png"}],"twitter_card":"summary_large_image","twitter_misc":{"Estimated reading time":"1 minute"},"schema":{"@context":"https:\/\/schema.org","@graph":[{"@type":"WebPage","@id":"https:\/\/animefigurer.se\/figurer\/transformers\/transformers-bumblebee-dlx-scale-collectible-series-optimus-prime-cybertron-edition-event-exclusive-action-figure\/","url":"https:\/\/animefigurer.se\/figurer\/transformers\/transformers-bumblebee-dlx-scale-collectible-series-optimus-prime-cybertron-edition-event-exclusive-action-figure\/","name":"Transformers: Bumblebee DLX Scale Collectible Series Optimus Prime (Cybertron Edition) Event Exclusive Action Figure | Animefigurer.se","isPartOf":{"@id":"https:\/\/animefigurer.se\/#website"},"primaryImageOfPage":{"@id":"https:\/\/animefigurer.se\/figurer\/transformers\/transformers-bumblebee-dlx-scale-collectible-series-optimus-prime-cybertron-edition-event-exclusive-action-figure\/#primaryimage"},"image":{"@id":"https:\/\/animefigurer.se\/figurer\/transformers\/transformers-bumblebee-dlx-scale-collectible-series-optimus-prime-cybertron-edition-event-exclusive-action-figure\/#primaryimage"},"thumbnailUrl":"https:\/\/animefigurer.se\/wp-content\/uploads\/2025\/10\/6852d4b230881.jpeg","datePublished":"2025-10-21T14:31:54+00:00","dateModified":"2025-12-21T18:36:35+00:00","breadcrumb":{"@id":"https:\/\/animefigurer.se\/figurer\/transformers\/transformers-bumblebee-dlx-scale-collectible-series-optimus-prime-cybertron-edition-event-exclusive-action-figure\/#breadcrumb"},"inLanguage":"en-GB","potentialAction":[{"@type":"ReadAction","target":["https:\/\/animefigurer.se\/figurer\/transformers\/transformers-bumblebee-dlx-scale-collectible-series-optimus-prime-cybertron-edition-event-exclusive-action-figure\/"]}]},{"@type":"ImageObject","inLanguage":"en-GB","@id":"https:\/\/animefigurer.se\/figurer\/transformers\/transformers-bumblebee-dlx-scale-collectible-series-optimus-prime-cybertron-edition-event-exclusive-action-figure\/#primaryimage","url":"https:\/\/animefigurer.se\/wp-content\/uploads\/2025\/10\/6852d4b230881.jpeg","contentUrl":"https:\/\/animefigurer.se\/wp-content\/uploads\/2025\/10\/6852d4b230881.jpeg","width":720,"height":540},{"@type":"BreadcrumbList","@id":"https:\/\/animefigurer.se\/figurer\/transformers\/transformers-bumblebee-dlx-scale-collectible-series-optimus-prime-cybertron-edition-event-exclusive-action-figure\/#breadcrumb","itemListElement":[{"@type":"ListItem","position":1,"name":"Home","item":"https:\/\/animefigurer.se\/"},{"@type":"ListItem","position":2,"name":"Butik","item":"https:\/\/animefigurer.se\/figurer\/"},{"@type":"ListItem","position":3,"name":"Transformers: Bumblebee DLX Scale Collectible Series Optimus Prime (Cybertron Edition) Event Exclusive Action Figure"}]},{"@type":"WebSite","@id":"https:\/\/animefigurer.se\/#website","url":"https:\/\/animefigurer.se\/","name":"Animefigurer.se","description":"Anime figures from over 300 different anime series with over 9000 products | Anime Shop","publisher":{"@id":"https:\/\/animefigurer.se\/#organization"},"potentialAction":[{"@type":"SearchAction","target":{"@type":"EntryPoint","urlTemplate":"https:\/\/animefigurer.se\/?s={search_term_string}"},"query-input":{"@type":"PropertyValueSpecification","valueRequired":true,"valueName":"search_term_string"}}],"inLanguage":"en-GB"},{"@type":"Organization","@id":"https:\/\/animefigurer.se\/#organization","name":"Animefigurer.se","alternateName":"Anime figurer | Anime shop","url":"https:\/\/animefigurer.se\/","logo":{"@type":"ImageObject","inLanguage":"en-GB","@id":"https:\/\/animefigurer.se\/#\/schema\/logo\/image\/","url":"https:\/\/animefigurer.se\/wp-content\/uploads\/2025\/12\/Animefigurer_logowhite.png","contentUrl":"https:\/\/animefigurer.se\/wp-content\/uploads\/2025\/12\/Animefigurer_logowhite.png","width":1890,"height":1417,"caption":"Animefigurer.se"},"image":{"@id":"https:\/\/animefigurer.se\/#\/schema\/logo\/image\/"},"sameAs":["https:\/\/www.facebook.com\/profile.php?id=61581826539670","https:\/\/www.instagram.com\/animefigurer.se\/"],"email":"info@animefigurer.se"}]}},"_links":{"self":[{"href":"https:\/\/animefigurer.se\/en\/wp-json\/wp\/v2\/product\/71651","targetHints":{"allow":["GET"]}}],"collection":[{"href":"https:\/\/animefigurer.se\/en\/wp-json\/wp\/v2\/product"}],"about":[{"href":"https:\/\/animefigurer.se\/en\/wp-json\/wp\/v2\/types\/product"}],"replies":[{"embeddable":true,"href":"https:\/\/animefigurer.se\/en\/wp-json\/wp\/v2\/comments?post=71651"}],"wp:featuredmedia":[{"embeddable":true,"href":"https:\/\/animefigurer.se\/en\/wp-json\/wp\/v2\/media\/71652"}],"wp:attachment":[{"href":"https:\/\/animefigurer.se\/en\/wp-json\/wp\/v2\/media?parent=71651"}],"wp:term":[{"taxonomy":"product_brand","embeddable":true,"href":"https:\/\/animefigurer.se\/en\/wp-json\/wp\/v2\/product_brand?post=71651"},{"taxonomy":"product_cat","embeddable":true,"href":"https:\/\/animefigurer.se\/en\/wp-json\/wp\/v2\/product_cat?post=71651"},{"taxonomy":"product_tag","embeddable":true,"href":"https:\/\/animefigurer.se\/en\/wp-json\/wp\/v2\/product_tag?post=71651"},{"taxonomy":"giftcard-category","embeddable":true,"href":"https:\/\/animefigurer.se\/en\/wp-json\/wp\/v2\/giftcard-category?post=71651"}],"curies":[{"name":"wp","href":"https:\/\/api.w.org\/{rel}","templated":true}]}}