{"id":71553,"date":"2025-10-21T16:29:59","date_gmt":"2025-10-21T14:29:59","guid":{"rendered":"https:\/\/animefigurer.se\/produkt\/train-to-the-end-of-the-world-basic-nendoroid-shizuru-chikura-pochi\/"},"modified":"2025-12-21T19:36:35","modified_gmt":"2025-12-21T18:36:35","slug":"train-to-the-end-of-the-world-basic-nendoroid-shizuru-chikura-pochi","status":"publish","type":"product","link":"https:\/\/animefigurer.se\/en\/figurer\/train-to-the-end-of-the-world\/train-to-the-end-of-the-world-basic-nendoroid-shizuru-chikura-pochi\/","title":{"rendered":"Train to the End of the World Basic Nendoroid Shizuru Chikura &amp; Pochi"},"content":{"rendered":"<p>Fr\u00e5n animen Train to the End of the World kommer Nendoroid [Basic] av Shizuru Chikura och Pochi!<\/p>\n<p>Vad \u00e4r Nendoroid [Basic]? Nendoroid [Basic] \u00e4r en serie som utel\u00e4mnar frontplattor och vissa valfria delar f\u00f6r att erbjuda l\u00e4gre pris och snabbare produktionstid. De har fortfarande samma funktionalitet som vanliga Nendoroids och kan dela utbytbara handdelar, ben, huvuden och ansiktsplattor med andra Nendoroids.<\/p>\n","protected":false},"excerpt":{"rendered":"<p>Fr\u00e5n animen Train to the End of the World kommer Nendoroid [Basic] av Shizuru Chikura och Pochi!<\/p>\n<p>Vad \u00e4r Nendoroid [Basic]? Nendoroid [Basic] \u00e4r en serie som utel\u00e4mnar frontplattor och vissa valfria delar f\u00f6r att erbjuda l\u00e4gre pris och snabbare produktionstid. De har fortfarande samma funktionalitet<\/p>\n","protected":false},"featured_media":71554,"comment_status":"closed","ping_status":"open","template":"","meta":{"_acf_changed":false,"_monsterinsights_skip_tracking":false,"_monsterinsights_sitenote_active":false,"_monsterinsights_sitenote_note":"","_monsterinsights_sitenote_category":0},"product_brand":[7084],"product_cat":[5794],"product_tag":[24],"giftcard-category":[],"class_list":{"0":"post-71553","1":"product","2":"type-product","3":"status-publish","4":"has-post-thumbnail","6":"product_brand-orange-rouge","7":"product_cat-train-to-the-end-of-the-world","8":"product_tag-2-3-weeks","9":"pa_franchise-train-to-the-end-of-the-world","10":"pa_karaktar-shizuru-chikura-pochi","11":"pa_material-pvc-abs","12":"pa_produktserie-nendoroid","13":"pa_storlek-10-cm","15":"first","16":"instock","17":"taxable","18":"shipping-taxable","19":"purchasable","20":"product-type-simple"},"acf":[],"yoast_head":"<!-- This site is optimized with the Yoast SEO Premium plugin v24.6 (Yoast SEO v27.3) - https:\/\/yoast.com\/product\/yoast-seo-premium-wordpress\/ -->\n<title>Train to the End of the World Basic Nendoroid Shizuru Chikura &amp; Pochi | Animefigurer.se<\/title>\n<meta name=\"robots\" content=\"index, follow, max-snippet:-1, max-image-preview:large, max-video-preview:-1\" \/>\n<link rel=\"canonical\" href=\"https:\/\/animefigurer.se\/en\/figurer\/train-to-the-end-of-the-world\/train-to-the-end-of-the-world-basic-nendoroid-shizuru-chikura-pochi\/\" \/>\n<meta property=\"og:locale\" content=\"en_GB\" \/>\n<meta property=\"og:type\" content=\"article\" \/>\n<meta property=\"og:title\" content=\"Train to the End of the World Basic Nendoroid Shizuru Chikura &amp; Pochi\" \/>\n<meta property=\"og:description\" content=\"Fr\u00e5n animen Train to the End of the World kommer Nendoroid [Basic] av Shizuru Chikura och Pochi! Vad \u00e4r Nendoroid [Basic]? Nendoroid [Basic] \u00e4r en serie som utel\u00e4mnar frontplattor och vissa valfria delar f\u00f6r att erbjuda l\u00e4gre pris och snabbare produktionstid. De har fortfarande samma funktionalitet\" \/>\n<meta property=\"og:url\" content=\"https:\/\/animefigurer.se\/en\/figurer\/train-to-the-end-of-the-world\/train-to-the-end-of-the-world-basic-nendoroid-shizuru-chikura-pochi\/\" \/>\n<meta property=\"og:site_name\" content=\"Animefigurer.se\" \/>\n<meta property=\"article:publisher\" content=\"https:\/\/www.facebook.com\/profile.php?id=61581826539670\" \/>\n<meta property=\"article:modified_time\" content=\"2025-12-21T18:36:35+00:00\" \/>\n<meta property=\"og:image\" content=\"https:\/\/animefigurer.se\/wp-content\/uploads\/2025\/12\/Animefigurer_logowhite.png\" \/>\n\t<meta property=\"og:image:width\" content=\"1890\" \/>\n\t<meta property=\"og:image:height\" content=\"1417\" \/>\n\t<meta property=\"og:image:type\" content=\"image\/png\" \/>\n<meta name=\"twitter:card\" content=\"summary_large_image\" \/>\n<script type=\"application\/ld+json\" class=\"yoast-schema-graph\">{\"@context\":\"https:\\\/\\\/schema.org\",\"@graph\":[{\"@type\":\"WebPage\",\"@id\":\"https:\\\/\\\/animefigurer.se\\\/en\\\/figurer\\\/train-to-the-end-of-the-world\\\/train-to-the-end-of-the-world-basic-nendoroid-shizuru-chikura-pochi\\\/\",\"url\":\"https:\\\/\\\/animefigurer.se\\\/en\\\/figurer\\\/train-to-the-end-of-the-world\\\/train-to-the-end-of-the-world-basic-nendoroid-shizuru-chikura-pochi\\\/\",\"name\":\"Train to the End of the World Basic Nendoroid Shizuru Chikura &amp; Pochi | Animefigurer.se\",\"isPartOf\":{\"@id\":\"https:\\\/\\\/animefigurer.se\\\/#website\"},\"primaryImageOfPage\":{\"@id\":\"https:\\\/\\\/animefigurer.se\\\/en\\\/figurer\\\/train-to-the-end-of-the-world\\\/train-to-the-end-of-the-world-basic-nendoroid-shizuru-chikura-pochi\\\/#primaryimage\"},\"image\":{\"@id\":\"https:\\\/\\\/animefigurer.se\\\/en\\\/figurer\\\/train-to-the-end-of-the-world\\\/train-to-the-end-of-the-world-basic-nendoroid-shizuru-chikura-pochi\\\/#primaryimage\"},\"thumbnailUrl\":\"https:\\\/\\\/animefigurer.se\\\/wp-content\\\/uploads\\\/2025\\\/10\\\/672093a2a1203.jpeg\",\"datePublished\":\"2025-10-21T14:29:59+00:00\",\"dateModified\":\"2025-12-21T18:36:35+00:00\",\"breadcrumb\":{\"@id\":\"https:\\\/\\\/animefigurer.se\\\/en\\\/figurer\\\/train-to-the-end-of-the-world\\\/train-to-the-end-of-the-world-basic-nendoroid-shizuru-chikura-pochi\\\/#breadcrumb\"},\"inLanguage\":\"en-GB\",\"potentialAction\":[{\"@type\":\"ReadAction\",\"target\":[\"https:\\\/\\\/animefigurer.se\\\/en\\\/figurer\\\/train-to-the-end-of-the-world\\\/train-to-the-end-of-the-world-basic-nendoroid-shizuru-chikura-pochi\\\/\"]}]},{\"@type\":\"ImageObject\",\"inLanguage\":\"en-GB\",\"@id\":\"https:\\\/\\\/animefigurer.se\\\/en\\\/figurer\\\/train-to-the-end-of-the-world\\\/train-to-the-end-of-the-world-basic-nendoroid-shizuru-chikura-pochi\\\/#primaryimage\",\"url\":\"https:\\\/\\\/animefigurer.se\\\/wp-content\\\/uploads\\\/2025\\\/10\\\/672093a2a1203.jpeg\",\"contentUrl\":\"https:\\\/\\\/animefigurer.se\\\/wp-content\\\/uploads\\\/2025\\\/10\\\/672093a2a1203.jpeg\",\"width\":750,\"height\":950},{\"@type\":\"BreadcrumbList\",\"@id\":\"https:\\\/\\\/animefigurer.se\\\/en\\\/figurer\\\/train-to-the-end-of-the-world\\\/train-to-the-end-of-the-world-basic-nendoroid-shizuru-chikura-pochi\\\/#breadcrumb\",\"itemListElement\":[{\"@type\":\"ListItem\",\"position\":1,\"name\":\"Home\",\"item\":\"https:\\\/\\\/animefigurer.se\\\/\"},{\"@type\":\"ListItem\",\"position\":2,\"name\":\"Butik\",\"item\":\"https:\\\/\\\/animefigurer.se\\\/figurer\\\/\"},{\"@type\":\"ListItem\",\"position\":3,\"name\":\"Train to the End of the World Basic Nendoroid Shizuru Chikura &amp; Pochi\"}]},{\"@type\":\"WebSite\",\"@id\":\"https:\\\/\\\/animefigurer.se\\\/#website\",\"url\":\"https:\\\/\\\/animefigurer.se\\\/\",\"name\":\"Animefigurer.se\",\"description\":\"Anime figurer fr\u00e5n \u00f6ver 300 olika anime serier med \u00f6ver 9000 produkter | Anime Shop\",\"publisher\":{\"@id\":\"https:\\\/\\\/animefigurer.se\\\/#organization\"},\"potentialAction\":[{\"@type\":\"SearchAction\",\"target\":{\"@type\":\"EntryPoint\",\"urlTemplate\":\"https:\\\/\\\/animefigurer.se\\\/?s={search_term_string}\"},\"query-input\":{\"@type\":\"PropertyValueSpecification\",\"valueRequired\":true,\"valueName\":\"search_term_string\"}}],\"inLanguage\":\"en-GB\"},{\"@type\":\"Organization\",\"@id\":\"https:\\\/\\\/animefigurer.se\\\/#organization\",\"name\":\"Animefigurer.se\",\"alternateName\":\"Anime figurer | Anime shop\",\"url\":\"https:\\\/\\\/animefigurer.se\\\/\",\"logo\":{\"@type\":\"ImageObject\",\"inLanguage\":\"en-GB\",\"@id\":\"https:\\\/\\\/animefigurer.se\\\/#\\\/schema\\\/logo\\\/image\\\/\",\"url\":\"https:\\\/\\\/animefigurer.se\\\/wp-content\\\/uploads\\\/2025\\\/12\\\/Animefigurer_logowhite.png\",\"contentUrl\":\"https:\\\/\\\/animefigurer.se\\\/wp-content\\\/uploads\\\/2025\\\/12\\\/Animefigurer_logowhite.png\",\"width\":1890,\"height\":1417,\"caption\":\"Animefigurer.se\"},\"image\":{\"@id\":\"https:\\\/\\\/animefigurer.se\\\/#\\\/schema\\\/logo\\\/image\\\/\"},\"sameAs\":[\"https:\\\/\\\/www.facebook.com\\\/profile.php?id=61581826539670\",\"https:\\\/\\\/www.instagram.com\\\/animefigurer.se\\\/\"],\"email\":\"info@animefigurer.se\"}]}<\/script>\n<!-- \/ Yoast SEO Premium plugin. -->","yoast_head_json":{"title":"Train to the End of the World Basic Nendoroid Shizuru Chikura &amp; Pochi | Animefigurer.se","robots":{"index":"index","follow":"follow","max-snippet":"max-snippet:-1","max-image-preview":"max-image-preview:large","max-video-preview":"max-video-preview:-1"},"canonical":"https:\/\/animefigurer.se\/en\/figurer\/train-to-the-end-of-the-world\/train-to-the-end-of-the-world-basic-nendoroid-shizuru-chikura-pochi\/","og_locale":"en_GB","og_type":"article","og_title":"Train to the End of the World Basic Nendoroid Shizuru Chikura &amp; Pochi","og_description":"Fr\u00e5n animen Train to the End of the World kommer Nendoroid [Basic] av Shizuru Chikura och Pochi! Vad \u00e4r Nendoroid [Basic]? Nendoroid [Basic] \u00e4r en serie som utel\u00e4mnar frontplattor och vissa valfria delar f\u00f6r att erbjuda l\u00e4gre pris och snabbare produktionstid. De har fortfarande samma funktionalitet","og_url":"https:\/\/animefigurer.se\/en\/figurer\/train-to-the-end-of-the-world\/train-to-the-end-of-the-world-basic-nendoroid-shizuru-chikura-pochi\/","og_site_name":"Animefigurer.se","article_publisher":"https:\/\/www.facebook.com\/profile.php?id=61581826539670","article_modified_time":"2025-12-21T18:36:35+00:00","og_image":[{"width":1890,"height":1417,"url":"https:\/\/animefigurer.se\/wp-content\/uploads\/2025\/12\/Animefigurer_logowhite.png","type":"image\/png"}],"twitter_card":"summary_large_image","schema":{"@context":"https:\/\/schema.org","@graph":[{"@type":"WebPage","@id":"https:\/\/animefigurer.se\/en\/figurer\/train-to-the-end-of-the-world\/train-to-the-end-of-the-world-basic-nendoroid-shizuru-chikura-pochi\/","url":"https:\/\/animefigurer.se\/en\/figurer\/train-to-the-end-of-the-world\/train-to-the-end-of-the-world-basic-nendoroid-shizuru-chikura-pochi\/","name":"Train to the End of the World Basic Nendoroid Shizuru Chikura &amp; Pochi | Animefigurer.se","isPartOf":{"@id":"https:\/\/animefigurer.se\/#website"},"primaryImageOfPage":{"@id":"https:\/\/animefigurer.se\/en\/figurer\/train-to-the-end-of-the-world\/train-to-the-end-of-the-world-basic-nendoroid-shizuru-chikura-pochi\/#primaryimage"},"image":{"@id":"https:\/\/animefigurer.se\/en\/figurer\/train-to-the-end-of-the-world\/train-to-the-end-of-the-world-basic-nendoroid-shizuru-chikura-pochi\/#primaryimage"},"thumbnailUrl":"https:\/\/animefigurer.se\/wp-content\/uploads\/2025\/10\/672093a2a1203.jpeg","datePublished":"2025-10-21T14:29:59+00:00","dateModified":"2025-12-21T18:36:35+00:00","breadcrumb":{"@id":"https:\/\/animefigurer.se\/en\/figurer\/train-to-the-end-of-the-world\/train-to-the-end-of-the-world-basic-nendoroid-shizuru-chikura-pochi\/#breadcrumb"},"inLanguage":"en-GB","potentialAction":[{"@type":"ReadAction","target":["https:\/\/animefigurer.se\/en\/figurer\/train-to-the-end-of-the-world\/train-to-the-end-of-the-world-basic-nendoroid-shizuru-chikura-pochi\/"]}]},{"@type":"ImageObject","inLanguage":"en-GB","@id":"https:\/\/animefigurer.se\/en\/figurer\/train-to-the-end-of-the-world\/train-to-the-end-of-the-world-basic-nendoroid-shizuru-chikura-pochi\/#primaryimage","url":"https:\/\/animefigurer.se\/wp-content\/uploads\/2025\/10\/672093a2a1203.jpeg","contentUrl":"https:\/\/animefigurer.se\/wp-content\/uploads\/2025\/10\/672093a2a1203.jpeg","width":750,"height":950},{"@type":"BreadcrumbList","@id":"https:\/\/animefigurer.se\/en\/figurer\/train-to-the-end-of-the-world\/train-to-the-end-of-the-world-basic-nendoroid-shizuru-chikura-pochi\/#breadcrumb","itemListElement":[{"@type":"ListItem","position":1,"name":"Home","item":"https:\/\/animefigurer.se\/"},{"@type":"ListItem","position":2,"name":"Butik","item":"https:\/\/animefigurer.se\/figurer\/"},{"@type":"ListItem","position":3,"name":"Train to the End of the World Basic Nendoroid Shizuru Chikura &amp; Pochi"}]},{"@type":"WebSite","@id":"https:\/\/animefigurer.se\/#website","url":"https:\/\/animefigurer.se\/","name":"Animefigurer.se","description":"Anime figures from over 300 different anime series with over 9000 products | Anime Shop","publisher":{"@id":"https:\/\/animefigurer.se\/#organization"},"potentialAction":[{"@type":"SearchAction","target":{"@type":"EntryPoint","urlTemplate":"https:\/\/animefigurer.se\/?s={search_term_string}"},"query-input":{"@type":"PropertyValueSpecification","valueRequired":true,"valueName":"search_term_string"}}],"inLanguage":"en-GB"},{"@type":"Organization","@id":"https:\/\/animefigurer.se\/#organization","name":"Animefigurer.se","alternateName":"Anime figurer | Anime shop","url":"https:\/\/animefigurer.se\/","logo":{"@type":"ImageObject","inLanguage":"en-GB","@id":"https:\/\/animefigurer.se\/#\/schema\/logo\/image\/","url":"https:\/\/animefigurer.se\/wp-content\/uploads\/2025\/12\/Animefigurer_logowhite.png","contentUrl":"https:\/\/animefigurer.se\/wp-content\/uploads\/2025\/12\/Animefigurer_logowhite.png","width":1890,"height":1417,"caption":"Animefigurer.se"},"image":{"@id":"https:\/\/animefigurer.se\/#\/schema\/logo\/image\/"},"sameAs":["https:\/\/www.facebook.com\/profile.php?id=61581826539670","https:\/\/www.instagram.com\/animefigurer.se\/"],"email":"info@animefigurer.se"}]}},"_links":{"self":[{"href":"https:\/\/animefigurer.se\/en\/wp-json\/wp\/v2\/product\/71553","targetHints":{"allow":["GET"]}}],"collection":[{"href":"https:\/\/animefigurer.se\/en\/wp-json\/wp\/v2\/product"}],"about":[{"href":"https:\/\/animefigurer.se\/en\/wp-json\/wp\/v2\/types\/product"}],"replies":[{"embeddable":true,"href":"https:\/\/animefigurer.se\/en\/wp-json\/wp\/v2\/comments?post=71553"}],"wp:featuredmedia":[{"embeddable":true,"href":"https:\/\/animefigurer.se\/en\/wp-json\/wp\/v2\/media\/71554"}],"wp:attachment":[{"href":"https:\/\/animefigurer.se\/en\/wp-json\/wp\/v2\/media?parent=71553"}],"wp:term":[{"taxonomy":"product_brand","embeddable":true,"href":"https:\/\/animefigurer.se\/en\/wp-json\/wp\/v2\/product_brand?post=71553"},{"taxonomy":"product_cat","embeddable":true,"href":"https:\/\/animefigurer.se\/en\/wp-json\/wp\/v2\/product_cat?post=71553"},{"taxonomy":"product_tag","embeddable":true,"href":"https:\/\/animefigurer.se\/en\/wp-json\/wp\/v2\/product_tag?post=71553"},{"taxonomy":"giftcard-category","embeddable":true,"href":"https:\/\/animefigurer.se\/en\/wp-json\/wp\/v2\/giftcard-category?post=71553"}],"curies":[{"name":"wp","href":"https:\/\/api.w.org\/{rel}","templated":true}]}}