{"id":71486,"date":"2025-10-21T16:29:21","date_gmt":"2025-10-21T14:29:21","guid":{"rendered":"https:\/\/animefigurer.se\/produkt\/touken-ranbu-online-nendoroid-mikazuki-munechika-kiwame\/"},"modified":"2026-04-21T05:44:32","modified_gmt":"2026-04-21T03:44:32","slug":"touken-ranbu-online-nendoroid-mikazuki-munechika-kiwame","status":"publish","type":"product","link":"https:\/\/animefigurer.se\/en\/figurer\/touken-ranbu\/touken-ranbu-online-nendoroid-mikazuki-munechika-kiwame\/","title":{"rendered":"Touken Ranbu Online Nendoroid Mikazuki Munechika Kiwame"},"content":{"rendered":"<p>To celebrate Touken Ranbu ONLINE&#039;s 10th anniversary, a Nendoroid of Mikazuki Munechika in his Kiwame form is coming!<\/p>\n<p>Cover pages included:<br \/>\n\u2013 Smiling face<br \/>\n\u2013 Battle Face<\/p>\n<p>Optional parts:<br \/>\n\u2013 Sword<br \/>\n\u2013 Other optional parts for varied poses.<\/p>","protected":false},"excerpt":{"rendered":"<p>To celebrate Touken Ranbu ONLINE&#039;s 10th anniversary, a Nendoroid of Mikazuki Munechika in his Kiwame form is coming!<\/p>\n<p>Cover pages included:<br \/>\n\u2013 Smiling face<br \/>\n\u2013 Battle Face<\/p>\n<p>Optional parts:<br \/>\n\u2013 Sword<br \/>\n\u2013 Other optional parts for varied poses.<\/p>","protected":false},"featured_media":71487,"comment_status":"closed","ping_status":"closed","template":"","meta":{"_acf_changed":false,"_monsterinsights_skip_tracking":false,"_monsterinsights_sitenote_active":false,"_monsterinsights_sitenote_note":"","_monsterinsights_sitenote_category":0},"product_brand":[7084],"product_cat":[5779],"product_tag":[24],"giftcard-category":[],"class_list":{"0":"post-71486","1":"product","2":"type-product","3":"status-publish","4":"has-post-thumbnail","6":"product_brand-orange-rouge","7":"product_cat-touken-ranbu","8":"product_tag-2-3-weeks","9":"pa_franchise-touken-ranbu-online","10":"pa_karaktar-mikazuki-munechika-kiwame","11":"pa_material-pvc-abs","12":"pa_produktserie-nendoroid","13":"pa_storlek-10-cm","15":"first","16":"instock","17":"taxable","18":"shipping-taxable","19":"purchasable","20":"product-type-simple"},"acf":[],"yoast_head":"<!-- This site is optimized with the Yoast SEO Premium plugin v24.6 (Yoast SEO v27.3) - https:\/\/yoast.com\/product\/yoast-seo-premium-wordpress\/ -->\n<title>Touken Ranbu Online Nendoroid Mikazuki Munechika Kiwame | Animefigurer.se<\/title>\n<meta name=\"robots\" content=\"index, follow, max-snippet:-1, max-image-preview:large, max-video-preview:-1\" \/>\n<link rel=\"canonical\" href=\"https:\/\/animefigurer.se\/en\/figurer\/touken-ranbu\/touken-ranbu-online-nendoroid-mikazuki-munechika-kiwame\/\" \/>\n<meta property=\"og:locale\" content=\"en_GB\" \/>\n<meta property=\"og:type\" content=\"article\" \/>\n<meta property=\"og:title\" content=\"Touken Ranbu Online Nendoroid Mikazuki Munechika Kiwame\" \/>\n<meta property=\"og:description\" content=\"F\u00f6r att fira Touken Ranbu ONLINES 10-\u00e5rsjubileum kommer en Nendoroid av Mikazuki Munechika i sin Kiwame-form!  Framsidor som medf\u00f6ljer: - Leende ansikte - Stridsansikte  Valfria delar: - Sv\u00e4rd - Andra valfria delar f\u00f6r varierade poser.\" \/>\n<meta property=\"og:url\" content=\"https:\/\/animefigurer.se\/en\/figurer\/touken-ranbu\/touken-ranbu-online-nendoroid-mikazuki-munechika-kiwame\/\" \/>\n<meta property=\"og:site_name\" content=\"Animefigurer.se\" \/>\n<meta property=\"article:publisher\" content=\"https:\/\/www.facebook.com\/profile.php?id=61581826539670\" \/>\n<meta property=\"article:modified_time\" content=\"2026-04-21T03:44:32+00:00\" \/>\n<meta property=\"og:image\" content=\"https:\/\/animefigurer.se\/wp-content\/uploads\/2025\/12\/Animefigurer_logowhite.png\" \/>\n\t<meta property=\"og:image:width\" content=\"1890\" \/>\n\t<meta property=\"og:image:height\" content=\"1417\" \/>\n\t<meta property=\"og:image:type\" content=\"image\/png\" \/>\n<meta name=\"twitter:card\" content=\"summary_large_image\" \/>\n<meta name=\"twitter:label1\" content=\"Estimated reading time\" \/>\n\t<meta name=\"twitter:data1\" content=\"1 minute\" \/>\n<script type=\"application\/ld+json\" class=\"yoast-schema-graph\">{\"@context\":\"https:\\\/\\\/schema.org\",\"@graph\":[{\"@type\":\"WebPage\",\"@id\":\"https:\\\/\\\/animefigurer.se\\\/figurer\\\/touken-ranbu\\\/touken-ranbu-online-nendoroid-mikazuki-munechika-kiwame\\\/\",\"url\":\"https:\\\/\\\/animefigurer.se\\\/figurer\\\/touken-ranbu\\\/touken-ranbu-online-nendoroid-mikazuki-munechika-kiwame\\\/\",\"name\":\"Touken Ranbu Online Nendoroid Mikazuki Munechika Kiwame | Animefigurer.se\",\"isPartOf\":{\"@id\":\"https:\\\/\\\/animefigurer.se\\\/#website\"},\"primaryImageOfPage\":{\"@id\":\"https:\\\/\\\/animefigurer.se\\\/figurer\\\/touken-ranbu\\\/touken-ranbu-online-nendoroid-mikazuki-munechika-kiwame\\\/#primaryimage\"},\"image\":{\"@id\":\"https:\\\/\\\/animefigurer.se\\\/figurer\\\/touken-ranbu\\\/touken-ranbu-online-nendoroid-mikazuki-munechika-kiwame\\\/#primaryimage\"},\"thumbnailUrl\":\"https:\\\/\\\/animefigurer.se\\\/wp-content\\\/uploads\\\/2025\\\/10\\\/67a4bb9c70e6d.jpeg\",\"datePublished\":\"2025-10-21T14:29:21+00:00\",\"dateModified\":\"2026-04-21T03:44:32+00:00\",\"breadcrumb\":{\"@id\":\"https:\\\/\\\/animefigurer.se\\\/figurer\\\/touken-ranbu\\\/touken-ranbu-online-nendoroid-mikazuki-munechika-kiwame\\\/#breadcrumb\"},\"inLanguage\":\"en-GB\",\"potentialAction\":[{\"@type\":\"ReadAction\",\"target\":[\"https:\\\/\\\/animefigurer.se\\\/figurer\\\/touken-ranbu\\\/touken-ranbu-online-nendoroid-mikazuki-munechika-kiwame\\\/\"]}]},{\"@type\":\"ImageObject\",\"inLanguage\":\"en-GB\",\"@id\":\"https:\\\/\\\/animefigurer.se\\\/figurer\\\/touken-ranbu\\\/touken-ranbu-online-nendoroid-mikazuki-munechika-kiwame\\\/#primaryimage\",\"url\":\"https:\\\/\\\/animefigurer.se\\\/wp-content\\\/uploads\\\/2025\\\/10\\\/67a4bb9c70e6d.jpeg\",\"contentUrl\":\"https:\\\/\\\/animefigurer.se\\\/wp-content\\\/uploads\\\/2025\\\/10\\\/67a4bb9c70e6d.jpeg\",\"width\":600,\"height\":1000},{\"@type\":\"BreadcrumbList\",\"@id\":\"https:\\\/\\\/animefigurer.se\\\/figurer\\\/touken-ranbu\\\/touken-ranbu-online-nendoroid-mikazuki-munechika-kiwame\\\/#breadcrumb\",\"itemListElement\":[{\"@type\":\"ListItem\",\"position\":1,\"name\":\"Home\",\"item\":\"https:\\\/\\\/animefigurer.se\\\/\"},{\"@type\":\"ListItem\",\"position\":2,\"name\":\"Butik\",\"item\":\"https:\\\/\\\/animefigurer.se\\\/figurer\\\/\"},{\"@type\":\"ListItem\",\"position\":3,\"name\":\"Touken Ranbu Online Nendoroid Mikazuki Munechika Kiwame\"}]},{\"@type\":\"WebSite\",\"@id\":\"https:\\\/\\\/animefigurer.se\\\/#website\",\"url\":\"https:\\\/\\\/animefigurer.se\\\/\",\"name\":\"Animefigurer.se\",\"description\":\"Anime figurer fr\u00e5n \u00f6ver 300 olika anime serier med \u00f6ver 9000 produkter | Anime Shop\",\"publisher\":{\"@id\":\"https:\\\/\\\/animefigurer.se\\\/#organization\"},\"potentialAction\":[{\"@type\":\"SearchAction\",\"target\":{\"@type\":\"EntryPoint\",\"urlTemplate\":\"https:\\\/\\\/animefigurer.se\\\/?s={search_term_string}\"},\"query-input\":{\"@type\":\"PropertyValueSpecification\",\"valueRequired\":true,\"valueName\":\"search_term_string\"}}],\"inLanguage\":\"en-GB\"},{\"@type\":\"Organization\",\"@id\":\"https:\\\/\\\/animefigurer.se\\\/#organization\",\"name\":\"Animefigurer.se\",\"alternateName\":\"Anime figurer | Anime shop\",\"url\":\"https:\\\/\\\/animefigurer.se\\\/\",\"logo\":{\"@type\":\"ImageObject\",\"inLanguage\":\"en-GB\",\"@id\":\"https:\\\/\\\/animefigurer.se\\\/#\\\/schema\\\/logo\\\/image\\\/\",\"url\":\"https:\\\/\\\/animefigurer.se\\\/wp-content\\\/uploads\\\/2025\\\/12\\\/Animefigurer_logowhite.png\",\"contentUrl\":\"https:\\\/\\\/animefigurer.se\\\/wp-content\\\/uploads\\\/2025\\\/12\\\/Animefigurer_logowhite.png\",\"width\":1890,\"height\":1417,\"caption\":\"Animefigurer.se\"},\"image\":{\"@id\":\"https:\\\/\\\/animefigurer.se\\\/#\\\/schema\\\/logo\\\/image\\\/\"},\"sameAs\":[\"https:\\\/\\\/www.facebook.com\\\/profile.php?id=61581826539670\",\"https:\\\/\\\/www.instagram.com\\\/animefigurer.se\\\/\"],\"email\":\"info@animefigurer.se\"}]}<\/script>\n<!-- \/ Yoast SEO Premium plugin. -->","yoast_head_json":{"title":"Touken Ranbu Online Nendoroid Mikazuki Munechika Kiwame | Animefigurer.se","robots":{"index":"index","follow":"follow","max-snippet":"max-snippet:-1","max-image-preview":"max-image-preview:large","max-video-preview":"max-video-preview:-1"},"canonical":"https:\/\/animefigurer.se\/en\/figurer\/touken-ranbu\/touken-ranbu-online-nendoroid-mikazuki-munechika-kiwame\/","og_locale":"en_GB","og_type":"article","og_title":"Touken Ranbu Online Nendoroid Mikazuki Munechika Kiwame","og_description":"F\u00f6r att fira Touken Ranbu ONLINES 10-\u00e5rsjubileum kommer en Nendoroid av Mikazuki Munechika i sin Kiwame-form!  Framsidor som medf\u00f6ljer: - Leende ansikte - Stridsansikte  Valfria delar: - Sv\u00e4rd - Andra valfria delar f\u00f6r varierade poser.","og_url":"https:\/\/animefigurer.se\/en\/figurer\/touken-ranbu\/touken-ranbu-online-nendoroid-mikazuki-munechika-kiwame\/","og_site_name":"Animefigurer.se","article_publisher":"https:\/\/www.facebook.com\/profile.php?id=61581826539670","article_modified_time":"2026-04-21T03:44:32+00:00","og_image":[{"width":1890,"height":1417,"url":"https:\/\/animefigurer.se\/wp-content\/uploads\/2025\/12\/Animefigurer_logowhite.png","type":"image\/png"}],"twitter_card":"summary_large_image","twitter_misc":{"Estimated reading time":"1 minute"},"schema":{"@context":"https:\/\/schema.org","@graph":[{"@type":"WebPage","@id":"https:\/\/animefigurer.se\/figurer\/touken-ranbu\/touken-ranbu-online-nendoroid-mikazuki-munechika-kiwame\/","url":"https:\/\/animefigurer.se\/figurer\/touken-ranbu\/touken-ranbu-online-nendoroid-mikazuki-munechika-kiwame\/","name":"Touken Ranbu Online Nendoroid Mikazuki Munechika Kiwame | Animefigurer.se","isPartOf":{"@id":"https:\/\/animefigurer.se\/#website"},"primaryImageOfPage":{"@id":"https:\/\/animefigurer.se\/figurer\/touken-ranbu\/touken-ranbu-online-nendoroid-mikazuki-munechika-kiwame\/#primaryimage"},"image":{"@id":"https:\/\/animefigurer.se\/figurer\/touken-ranbu\/touken-ranbu-online-nendoroid-mikazuki-munechika-kiwame\/#primaryimage"},"thumbnailUrl":"https:\/\/animefigurer.se\/wp-content\/uploads\/2025\/10\/67a4bb9c70e6d.jpeg","datePublished":"2025-10-21T14:29:21+00:00","dateModified":"2026-04-21T03:44:32+00:00","breadcrumb":{"@id":"https:\/\/animefigurer.se\/figurer\/touken-ranbu\/touken-ranbu-online-nendoroid-mikazuki-munechika-kiwame\/#breadcrumb"},"inLanguage":"en-GB","potentialAction":[{"@type":"ReadAction","target":["https:\/\/animefigurer.se\/figurer\/touken-ranbu\/touken-ranbu-online-nendoroid-mikazuki-munechika-kiwame\/"]}]},{"@type":"ImageObject","inLanguage":"en-GB","@id":"https:\/\/animefigurer.se\/figurer\/touken-ranbu\/touken-ranbu-online-nendoroid-mikazuki-munechika-kiwame\/#primaryimage","url":"https:\/\/animefigurer.se\/wp-content\/uploads\/2025\/10\/67a4bb9c70e6d.jpeg","contentUrl":"https:\/\/animefigurer.se\/wp-content\/uploads\/2025\/10\/67a4bb9c70e6d.jpeg","width":600,"height":1000},{"@type":"BreadcrumbList","@id":"https:\/\/animefigurer.se\/figurer\/touken-ranbu\/touken-ranbu-online-nendoroid-mikazuki-munechika-kiwame\/#breadcrumb","itemListElement":[{"@type":"ListItem","position":1,"name":"Home","item":"https:\/\/animefigurer.se\/"},{"@type":"ListItem","position":2,"name":"Butik","item":"https:\/\/animefigurer.se\/figurer\/"},{"@type":"ListItem","position":3,"name":"Touken Ranbu Online Nendoroid Mikazuki Munechika Kiwame"}]},{"@type":"WebSite","@id":"https:\/\/animefigurer.se\/#website","url":"https:\/\/animefigurer.se\/","name":"Animefigurer.se","description":"Anime figures from over 300 different anime series with over 9000 products | Anime Shop","publisher":{"@id":"https:\/\/animefigurer.se\/#organization"},"potentialAction":[{"@type":"SearchAction","target":{"@type":"EntryPoint","urlTemplate":"https:\/\/animefigurer.se\/?s={search_term_string}"},"query-input":{"@type":"PropertyValueSpecification","valueRequired":true,"valueName":"search_term_string"}}],"inLanguage":"en-GB"},{"@type":"Organization","@id":"https:\/\/animefigurer.se\/#organization","name":"Animefigurer.se","alternateName":"Anime figurer | Anime shop","url":"https:\/\/animefigurer.se\/","logo":{"@type":"ImageObject","inLanguage":"en-GB","@id":"https:\/\/animefigurer.se\/#\/schema\/logo\/image\/","url":"https:\/\/animefigurer.se\/wp-content\/uploads\/2025\/12\/Animefigurer_logowhite.png","contentUrl":"https:\/\/animefigurer.se\/wp-content\/uploads\/2025\/12\/Animefigurer_logowhite.png","width":1890,"height":1417,"caption":"Animefigurer.se"},"image":{"@id":"https:\/\/animefigurer.se\/#\/schema\/logo\/image\/"},"sameAs":["https:\/\/www.facebook.com\/profile.php?id=61581826539670","https:\/\/www.instagram.com\/animefigurer.se\/"],"email":"info@animefigurer.se"}]}},"_links":{"self":[{"href":"https:\/\/animefigurer.se\/en\/wp-json\/wp\/v2\/product\/71486","targetHints":{"allow":["GET"]}}],"collection":[{"href":"https:\/\/animefigurer.se\/en\/wp-json\/wp\/v2\/product"}],"about":[{"href":"https:\/\/animefigurer.se\/en\/wp-json\/wp\/v2\/types\/product"}],"replies":[{"embeddable":true,"href":"https:\/\/animefigurer.se\/en\/wp-json\/wp\/v2\/comments?post=71486"}],"wp:featuredmedia":[{"embeddable":true,"href":"https:\/\/animefigurer.se\/en\/wp-json\/wp\/v2\/media\/71487"}],"wp:attachment":[{"href":"https:\/\/animefigurer.se\/en\/wp-json\/wp\/v2\/media?parent=71486"}],"wp:term":[{"taxonomy":"product_brand","embeddable":true,"href":"https:\/\/animefigurer.se\/en\/wp-json\/wp\/v2\/product_brand?post=71486"},{"taxonomy":"product_cat","embeddable":true,"href":"https:\/\/animefigurer.se\/en\/wp-json\/wp\/v2\/product_cat?post=71486"},{"taxonomy":"product_tag","embeddable":true,"href":"https:\/\/animefigurer.se\/en\/wp-json\/wp\/v2\/product_tag?post=71486"},{"taxonomy":"giftcard-category","embeddable":true,"href":"https:\/\/animefigurer.se\/en\/wp-json\/wp\/v2\/giftcard-category?post=71486"}],"curies":[{"name":"wp","href":"https:\/\/api.w.org\/{rel}","templated":true}]}}