{"id":71069,"date":"2025-10-21T16:23:09","date_gmt":"2025-10-21T14:23:09","guid":{"rendered":"https:\/\/animefigurer.se\/produkt\/toradora-kd-colle-taiga-aisaka-white-kimono-ver\/"},"modified":"2025-12-21T19:36:30","modified_gmt":"2025-12-21T18:36:30","slug":"toradora-kd-colle-taiga-aisaka-white-kimono-ver","status":"publish","type":"product","link":"https:\/\/animefigurer.se\/en\/figurer\/toradora\/toradora-kd-colle-taiga-aisaka-white-kimono-ver\/","title":{"rendered":"Toradora! KD Colle Taiga Aisaka (White Kimono Ver.)"},"content":{"rendered":"<p>Taiga Aisaka from Toradora! now comes as a figure in a white kimono.<\/p>\n<p>The TV anime version, based on Dengeki Bunko&#039;s popular novel, is celebrating its 15th anniversary, and an illustration by character designer Masayoshi Tanaka has been brought to life for this figure. Despite the kimono&#039;s seemingly simple design, the details of the fabric and hair ornaments, her expression, and the overall scale are well captured \u2014 a much-anticipated piece for fans.<\/p>","protected":false},"excerpt":{"rendered":"<p>Taiga Aisaka from Toradora! now comes as a figure in a white kimono.<\/p>\n<p>The TV anime version, based on Dengeki Bunko&#039;s popular novel, is celebrating its 15th anniversary, and an illustration by character designer Masayoshi Tanaka has been brought to life for this figure. Despite the kimono&#039;s seemingly simple design, the details in the fabric and hair ornaments,<\/p>","protected":false},"featured_media":71070,"comment_status":"closed","ping_status":"open","template":"","meta":{"_acf_changed":false,"_monsterinsights_skip_tracking":false,"_monsterinsights_sitenote_active":false,"_monsterinsights_sitenote_note":"","_monsterinsights_sitenote_category":0},"product_brand":[6891],"product_cat":[5754],"product_tag":[24],"giftcard-category":[],"class_list":{"0":"post-71069","1":"product","2":"type-product","3":"status-publish","4":"has-post-thumbnail","6":"product_brand-kadokawa","7":"product_cat-toradora","8":"product_tag-2-3-weeks","9":"pa_franchise-toradora","10":"pa_karaktar-taiga-aisaka","11":"pa_material-pvc-abs","12":"pa_produktserie-kd-colle","13":"pa_storlek-22-cm","15":"first","16":"instock","17":"taxable","18":"shipping-taxable","19":"purchasable","20":"product-type-simple"},"acf":[],"yoast_head":"<!-- This site is optimized with the Yoast SEO Premium plugin v24.6 (Yoast SEO v27.3) - https:\/\/yoast.com\/product\/yoast-seo-premium-wordpress\/ -->\n<title>Toradora! KD Colle Taiga Aisaka (White Kimono Ver.) | Animefigurer.se<\/title>\n<meta name=\"robots\" content=\"index, follow, max-snippet:-1, max-image-preview:large, max-video-preview:-1\" \/>\n<link rel=\"canonical\" href=\"https:\/\/animefigurer.se\/en\/figurer\/toradora\/toradora-kd-colle-taiga-aisaka-white-kimono-ver\/\" \/>\n<meta property=\"og:locale\" content=\"en_GB\" \/>\n<meta property=\"og:type\" content=\"article\" \/>\n<meta property=\"og:title\" content=\"Toradora! KD Colle Taiga Aisaka (White Kimono Ver.)\" \/>\n<meta property=\"og:description\" content=\"Taiga Aisaka fr\u00e5n Toradora! kommer nu som figur i vit kimono. TV-animeversionen, baserad p\u00e5 Dengeki Bunkos popul\u00e4ra roman, firar 15 \u00e5r och en illustration av karakt\u00e4rsdesignern Masayoshi Tanaka har blivit till denna figur. Trots kimonons till synes enkla design \u00e4r detaljerna i tyg och h\u00e5rprydnader,\" \/>\n<meta property=\"og:url\" content=\"https:\/\/animefigurer.se\/en\/figurer\/toradora\/toradora-kd-colle-taiga-aisaka-white-kimono-ver\/\" \/>\n<meta property=\"og:site_name\" content=\"Animefigurer.se\" \/>\n<meta property=\"article:publisher\" content=\"https:\/\/www.facebook.com\/profile.php?id=61581826539670\" \/>\n<meta property=\"article:modified_time\" content=\"2025-12-21T18:36:30+00:00\" \/>\n<meta property=\"og:image\" content=\"https:\/\/animefigurer.se\/wp-content\/uploads\/2025\/12\/Animefigurer_logowhite.png\" \/>\n\t<meta property=\"og:image:width\" content=\"1890\" \/>\n\t<meta property=\"og:image:height\" content=\"1417\" \/>\n\t<meta property=\"og:image:type\" content=\"image\/png\" \/>\n<meta name=\"twitter:card\" content=\"summary_large_image\" \/>\n<script type=\"application\/ld+json\" class=\"yoast-schema-graph\">{\"@context\":\"https:\\\/\\\/schema.org\",\"@graph\":[{\"@type\":\"WebPage\",\"@id\":\"https:\\\/\\\/animefigurer.se\\\/en\\\/figurer\\\/toradora\\\/toradora-kd-colle-taiga-aisaka-white-kimono-ver\\\/\",\"url\":\"https:\\\/\\\/animefigurer.se\\\/en\\\/figurer\\\/toradora\\\/toradora-kd-colle-taiga-aisaka-white-kimono-ver\\\/\",\"name\":\"Toradora! KD Colle Taiga Aisaka (White Kimono Ver.) | Animefigurer.se\",\"isPartOf\":{\"@id\":\"https:\\\/\\\/animefigurer.se\\\/#website\"},\"primaryImageOfPage\":{\"@id\":\"https:\\\/\\\/animefigurer.se\\\/en\\\/figurer\\\/toradora\\\/toradora-kd-colle-taiga-aisaka-white-kimono-ver\\\/#primaryimage\"},\"image\":{\"@id\":\"https:\\\/\\\/animefigurer.se\\\/en\\\/figurer\\\/toradora\\\/toradora-kd-colle-taiga-aisaka-white-kimono-ver\\\/#primaryimage\"},\"thumbnailUrl\":\"https:\\\/\\\/animefigurer.se\\\/wp-content\\\/uploads\\\/2025\\\/10\\\/65bd73c2ef319.jpeg\",\"datePublished\":\"2025-10-21T14:23:09+00:00\",\"dateModified\":\"2025-12-21T18:36:30+00:00\",\"breadcrumb\":{\"@id\":\"https:\\\/\\\/animefigurer.se\\\/en\\\/figurer\\\/toradora\\\/toradora-kd-colle-taiga-aisaka-white-kimono-ver\\\/#breadcrumb\"},\"inLanguage\":\"en-GB\",\"potentialAction\":[{\"@type\":\"ReadAction\",\"target\":[\"https:\\\/\\\/animefigurer.se\\\/en\\\/figurer\\\/toradora\\\/toradora-kd-colle-taiga-aisaka-white-kimono-ver\\\/\"]}]},{\"@type\":\"ImageObject\",\"inLanguage\":\"en-GB\",\"@id\":\"https:\\\/\\\/animefigurer.se\\\/en\\\/figurer\\\/toradora\\\/toradora-kd-colle-taiga-aisaka-white-kimono-ver\\\/#primaryimage\",\"url\":\"https:\\\/\\\/animefigurer.se\\\/wp-content\\\/uploads\\\/2025\\\/10\\\/65bd73c2ef319.jpeg\",\"contentUrl\":\"https:\\\/\\\/animefigurer.se\\\/wp-content\\\/uploads\\\/2025\\\/10\\\/65bd73c2ef319.jpeg\",\"width\":720,\"height\":540},{\"@type\":\"BreadcrumbList\",\"@id\":\"https:\\\/\\\/animefigurer.se\\\/en\\\/figurer\\\/toradora\\\/toradora-kd-colle-taiga-aisaka-white-kimono-ver\\\/#breadcrumb\",\"itemListElement\":[{\"@type\":\"ListItem\",\"position\":1,\"name\":\"Home\",\"item\":\"https:\\\/\\\/animefigurer.se\\\/\"},{\"@type\":\"ListItem\",\"position\":2,\"name\":\"Butik\",\"item\":\"https:\\\/\\\/animefigurer.se\\\/figurer\\\/\"},{\"@type\":\"ListItem\",\"position\":3,\"name\":\"Toradora! KD Colle Taiga Aisaka (White Kimono Ver.)\"}]},{\"@type\":\"WebSite\",\"@id\":\"https:\\\/\\\/animefigurer.se\\\/#website\",\"url\":\"https:\\\/\\\/animefigurer.se\\\/\",\"name\":\"Animefigurer.se\",\"description\":\"Anime figurer fr\u00e5n \u00f6ver 300 olika anime serier med \u00f6ver 9000 produkter | Anime Shop\",\"publisher\":{\"@id\":\"https:\\\/\\\/animefigurer.se\\\/#organization\"},\"potentialAction\":[{\"@type\":\"SearchAction\",\"target\":{\"@type\":\"EntryPoint\",\"urlTemplate\":\"https:\\\/\\\/animefigurer.se\\\/?s={search_term_string}\"},\"query-input\":{\"@type\":\"PropertyValueSpecification\",\"valueRequired\":true,\"valueName\":\"search_term_string\"}}],\"inLanguage\":\"en-GB\"},{\"@type\":\"Organization\",\"@id\":\"https:\\\/\\\/animefigurer.se\\\/#organization\",\"name\":\"Animefigurer.se\",\"alternateName\":\"Anime figurer | Anime shop\",\"url\":\"https:\\\/\\\/animefigurer.se\\\/\",\"logo\":{\"@type\":\"ImageObject\",\"inLanguage\":\"en-GB\",\"@id\":\"https:\\\/\\\/animefigurer.se\\\/#\\\/schema\\\/logo\\\/image\\\/\",\"url\":\"https:\\\/\\\/animefigurer.se\\\/wp-content\\\/uploads\\\/2025\\\/12\\\/Animefigurer_logowhite.png\",\"contentUrl\":\"https:\\\/\\\/animefigurer.se\\\/wp-content\\\/uploads\\\/2025\\\/12\\\/Animefigurer_logowhite.png\",\"width\":1890,\"height\":1417,\"caption\":\"Animefigurer.se\"},\"image\":{\"@id\":\"https:\\\/\\\/animefigurer.se\\\/#\\\/schema\\\/logo\\\/image\\\/\"},\"sameAs\":[\"https:\\\/\\\/www.facebook.com\\\/profile.php?id=61581826539670\",\"https:\\\/\\\/www.instagram.com\\\/animefigurer.se\\\/\"],\"email\":\"info@animefigurer.se\"}]}<\/script>\n<!-- \/ Yoast SEO Premium plugin. -->","yoast_head_json":{"title":"Toradora! KD Colle Taiga Aisaka (White Kimono Ver.) | Animefigurer.se","robots":{"index":"index","follow":"follow","max-snippet":"max-snippet:-1","max-image-preview":"max-image-preview:large","max-video-preview":"max-video-preview:-1"},"canonical":"https:\/\/animefigurer.se\/en\/figurer\/toradora\/toradora-kd-colle-taiga-aisaka-white-kimono-ver\/","og_locale":"en_GB","og_type":"article","og_title":"Toradora! KD Colle Taiga Aisaka (White Kimono Ver.)","og_description":"Taiga Aisaka fr\u00e5n Toradora! kommer nu som figur i vit kimono. TV-animeversionen, baserad p\u00e5 Dengeki Bunkos popul\u00e4ra roman, firar 15 \u00e5r och en illustration av karakt\u00e4rsdesignern Masayoshi Tanaka har blivit till denna figur. Trots kimonons till synes enkla design \u00e4r detaljerna i tyg och h\u00e5rprydnader,","og_url":"https:\/\/animefigurer.se\/en\/figurer\/toradora\/toradora-kd-colle-taiga-aisaka-white-kimono-ver\/","og_site_name":"Animefigurer.se","article_publisher":"https:\/\/www.facebook.com\/profile.php?id=61581826539670","article_modified_time":"2025-12-21T18:36:30+00:00","og_image":[{"width":1890,"height":1417,"url":"https:\/\/animefigurer.se\/wp-content\/uploads\/2025\/12\/Animefigurer_logowhite.png","type":"image\/png"}],"twitter_card":"summary_large_image","schema":{"@context":"https:\/\/schema.org","@graph":[{"@type":"WebPage","@id":"https:\/\/animefigurer.se\/en\/figurer\/toradora\/toradora-kd-colle-taiga-aisaka-white-kimono-ver\/","url":"https:\/\/animefigurer.se\/en\/figurer\/toradora\/toradora-kd-colle-taiga-aisaka-white-kimono-ver\/","name":"Toradora! KD Colle Taiga Aisaka (White Kimono Ver.) | Animefigurer.se","isPartOf":{"@id":"https:\/\/animefigurer.se\/#website"},"primaryImageOfPage":{"@id":"https:\/\/animefigurer.se\/en\/figurer\/toradora\/toradora-kd-colle-taiga-aisaka-white-kimono-ver\/#primaryimage"},"image":{"@id":"https:\/\/animefigurer.se\/en\/figurer\/toradora\/toradora-kd-colle-taiga-aisaka-white-kimono-ver\/#primaryimage"},"thumbnailUrl":"https:\/\/animefigurer.se\/wp-content\/uploads\/2025\/10\/65bd73c2ef319.jpeg","datePublished":"2025-10-21T14:23:09+00:00","dateModified":"2025-12-21T18:36:30+00:00","breadcrumb":{"@id":"https:\/\/animefigurer.se\/en\/figurer\/toradora\/toradora-kd-colle-taiga-aisaka-white-kimono-ver\/#breadcrumb"},"inLanguage":"en-GB","potentialAction":[{"@type":"ReadAction","target":["https:\/\/animefigurer.se\/en\/figurer\/toradora\/toradora-kd-colle-taiga-aisaka-white-kimono-ver\/"]}]},{"@type":"ImageObject","inLanguage":"en-GB","@id":"https:\/\/animefigurer.se\/en\/figurer\/toradora\/toradora-kd-colle-taiga-aisaka-white-kimono-ver\/#primaryimage","url":"https:\/\/animefigurer.se\/wp-content\/uploads\/2025\/10\/65bd73c2ef319.jpeg","contentUrl":"https:\/\/animefigurer.se\/wp-content\/uploads\/2025\/10\/65bd73c2ef319.jpeg","width":720,"height":540},{"@type":"BreadcrumbList","@id":"https:\/\/animefigurer.se\/en\/figurer\/toradora\/toradora-kd-colle-taiga-aisaka-white-kimono-ver\/#breadcrumb","itemListElement":[{"@type":"ListItem","position":1,"name":"Home","item":"https:\/\/animefigurer.se\/"},{"@type":"ListItem","position":2,"name":"Butik","item":"https:\/\/animefigurer.se\/figurer\/"},{"@type":"ListItem","position":3,"name":"Toradora! KD Colle Taiga Aisaka (White Kimono Ver.)"}]},{"@type":"WebSite","@id":"https:\/\/animefigurer.se\/#website","url":"https:\/\/animefigurer.se\/","name":"Animefigurer.se","description":"Anime figures from over 300 different anime series with over 9000 products | Anime Shop","publisher":{"@id":"https:\/\/animefigurer.se\/#organization"},"potentialAction":[{"@type":"SearchAction","target":{"@type":"EntryPoint","urlTemplate":"https:\/\/animefigurer.se\/?s={search_term_string}"},"query-input":{"@type":"PropertyValueSpecification","valueRequired":true,"valueName":"search_term_string"}}],"inLanguage":"en-GB"},{"@type":"Organization","@id":"https:\/\/animefigurer.se\/#organization","name":"Animefigurer.se","alternateName":"Anime figurer | Anime shop","url":"https:\/\/animefigurer.se\/","logo":{"@type":"ImageObject","inLanguage":"en-GB","@id":"https:\/\/animefigurer.se\/#\/schema\/logo\/image\/","url":"https:\/\/animefigurer.se\/wp-content\/uploads\/2025\/12\/Animefigurer_logowhite.png","contentUrl":"https:\/\/animefigurer.se\/wp-content\/uploads\/2025\/12\/Animefigurer_logowhite.png","width":1890,"height":1417,"caption":"Animefigurer.se"},"image":{"@id":"https:\/\/animefigurer.se\/#\/schema\/logo\/image\/"},"sameAs":["https:\/\/www.facebook.com\/profile.php?id=61581826539670","https:\/\/www.instagram.com\/animefigurer.se\/"],"email":"info@animefigurer.se"}]}},"_links":{"self":[{"href":"https:\/\/animefigurer.se\/en\/wp-json\/wp\/v2\/product\/71069","targetHints":{"allow":["GET"]}}],"collection":[{"href":"https:\/\/animefigurer.se\/en\/wp-json\/wp\/v2\/product"}],"about":[{"href":"https:\/\/animefigurer.se\/en\/wp-json\/wp\/v2\/types\/product"}],"replies":[{"embeddable":true,"href":"https:\/\/animefigurer.se\/en\/wp-json\/wp\/v2\/comments?post=71069"}],"wp:featuredmedia":[{"embeddable":true,"href":"https:\/\/animefigurer.se\/en\/wp-json\/wp\/v2\/media\/71070"}],"wp:attachment":[{"href":"https:\/\/animefigurer.se\/en\/wp-json\/wp\/v2\/media?parent=71069"}],"wp:term":[{"taxonomy":"product_brand","embeddable":true,"href":"https:\/\/animefigurer.se\/en\/wp-json\/wp\/v2\/product_brand?post=71069"},{"taxonomy":"product_cat","embeddable":true,"href":"https:\/\/animefigurer.se\/en\/wp-json\/wp\/v2\/product_cat?post=71069"},{"taxonomy":"product_tag","embeddable":true,"href":"https:\/\/animefigurer.se\/en\/wp-json\/wp\/v2\/product_tag?post=71069"},{"taxonomy":"giftcard-category","embeddable":true,"href":"https:\/\/animefigurer.se\/en\/wp-json\/wp\/v2\/giftcard-category?post=71069"}],"curies":[{"name":"wp","href":"https:\/\/api.w.org\/{rel}","templated":true}]}}