{"id":70838,"date":"2025-10-21T16:18:55","date_gmt":"2025-10-21T14:18:55","guid":{"rendered":"https:\/\/animefigurer.se\/produkt\/to-love-ru-darkness-momo-belia-deviluke-renewal-package-darkness-ver-1-6-scale-figure\/"},"modified":"2026-03-12T10:25:36","modified_gmt":"2026-03-12T09:25:36","slug":"to-love-ru-darkness-momo-belia-deviluke-renewal-package-darkness-ver-1-6-scale-figure","status":"publish","type":"product","link":"https:\/\/animefigurer.se\/en\/figurer\/18\/to-love-ru-darkness-momo-belia-deviluke-renewal-package-darkness-ver-1-6-scale-figure\/","title":{"rendered":"To Love-Ru Darkness Momo Belia Deviluke (Renewal Package Darkness Ver.) 1\/6 Scale Figure"},"content":{"rendered":"<p>Momo Belia Deviluke returns in To LOVE-Ru Darkness as the 1\/6th scale Renewal Package Darkness Ver.! This version shows a more challenging side of Momo \u2014 despite her gentle appearance, there is a hint of sadistic playfulness.<\/p>\n<p>With one leg raised in a seductive pose, the figure is a sight to behold from every angle \u2014 360\u00b0 of irresistible charm.<\/p>","protected":false},"excerpt":{"rendered":"<p>Momo Belia Deviluke returns in To LOVE-Ru Darkness as the 1\/6th scale Renewal Package Darkness Ver.! This version shows a more challenging side of Momo \u2014 despite her gentle appearance, there is a hint of sadistic playfulness.<\/p>\n<p>With one leg raised in a seductive pose, the figure is a sight to behold.<\/p>","protected":false},"featured_media":70839,"comment_status":"closed","ping_status":"closed","template":"","meta":{"_acf_changed":false,"_monsterinsights_skip_tracking":false,"_monsterinsights_sitenote_active":false,"_monsterinsights_sitenote_note":"","_monsterinsights_sitenote_category":0},"product_brand":[7171],"product_cat":[23,7233,5735],"product_tag":[26],"giftcard-category":[],"class_list":{"0":"post-70838","1":"product","2":"type-product","3":"status-publish","4":"has-post-thumbnail","6":"product_brand-union-creative","7":"product_cat-23","8":"product_cat-pre-order","9":"product_cat-to-love-ru-darkness","10":"product_tag-pre-order","11":"pa_franchise-to-love-ru-darkness","12":"pa_karaktar-momo-belia-deviluke","13":"pa_material-pvc-abs","14":"pa_skala-57","15":"pa_storlek-15-cm","17":"first","18":"instock","19":"taxable","20":"shipping-taxable","21":"purchasable","22":"product-type-simple"},"acf":[],"yoast_head":"<!-- This site is optimized with the Yoast SEO Premium plugin v24.6 (Yoast SEO v27.3) - https:\/\/yoast.com\/product\/yoast-seo-premium-wordpress\/ -->\n<title>To Love-Ru Darkness Momo Belia Deviluke (Renewal Package Darkness Ver.) 1\/6 Scale Figure | Animefigurer.se<\/title>\n<meta name=\"robots\" content=\"index, follow, max-snippet:-1, max-image-preview:large, max-video-preview:-1\" \/>\n<link rel=\"canonical\" href=\"https:\/\/animefigurer.se\/en\/figurer\/18\/to-love-ru-darkness-momo-belia-deviluke-renewal-package-darkness-ver-1-6-scale-figure\/\" \/>\n<meta property=\"og:locale\" content=\"en_GB\" \/>\n<meta property=\"og:type\" content=\"article\" \/>\n<meta property=\"og:title\" content=\"To Love-Ru Darkness Momo Belia Deviluke (Renewal Package Darkness Ver.) 1\/6 Scale Figure\" \/>\n<meta property=\"og:description\" content=\"Momo Belia Deviluke \u00e5terv\u00e4nder i To LOVE-Ru Darkness som Renewal Package Darkness Ver. i 1\/6-skala! Denna version visar en mer utmanande sida av Momo \u2014 trots hennes milda uppsyn finns det en antydan till sadistisk lekfullhet.  Med ena benet upplyft i en f\u00f6rf\u00f6risk pose \u00e4r figuren en syn att beundra u\" \/>\n<meta property=\"og:url\" content=\"https:\/\/animefigurer.se\/en\/figurer\/18\/to-love-ru-darkness-momo-belia-deviluke-renewal-package-darkness-ver-1-6-scale-figure\/\" \/>\n<meta property=\"og:site_name\" content=\"Animefigurer.se\" \/>\n<meta property=\"article:publisher\" content=\"https:\/\/www.facebook.com\/profile.php?id=61581826539670\" \/>\n<meta property=\"article:modified_time\" content=\"2026-03-12T09:25:36+00:00\" \/>\n<meta property=\"og:image\" content=\"https:\/\/animefigurer.se\/wp-content\/uploads\/2025\/12\/Animefigurer_logowhite.png\" \/>\n\t<meta property=\"og:image:width\" content=\"1890\" \/>\n\t<meta property=\"og:image:height\" content=\"1417\" \/>\n\t<meta property=\"og:image:type\" content=\"image\/png\" \/>\n<meta name=\"twitter:card\" content=\"summary_large_image\" \/>\n<meta name=\"twitter:label1\" content=\"Estimated reading time\" \/>\n\t<meta name=\"twitter:data1\" content=\"1 minute\" \/>\n<script type=\"application\/ld+json\" class=\"yoast-schema-graph\">{\"@context\":\"https:\\\/\\\/schema.org\",\"@graph\":[{\"@type\":\"WebPage\",\"@id\":\"https:\\\/\\\/animefigurer.se\\\/figurer\\\/18\\\/to-love-ru-darkness-momo-belia-deviluke-renewal-package-darkness-ver-1-6-scale-figure\\\/\",\"url\":\"https:\\\/\\\/animefigurer.se\\\/figurer\\\/18\\\/to-love-ru-darkness-momo-belia-deviluke-renewal-package-darkness-ver-1-6-scale-figure\\\/\",\"name\":\"To Love-Ru Darkness Momo Belia Deviluke (Renewal Package Darkness Ver.) 1\\\/6 Scale Figure | Animefigurer.se\",\"isPartOf\":{\"@id\":\"https:\\\/\\\/animefigurer.se\\\/#website\"},\"primaryImageOfPage\":{\"@id\":\"https:\\\/\\\/animefigurer.se\\\/figurer\\\/18\\\/to-love-ru-darkness-momo-belia-deviluke-renewal-package-darkness-ver-1-6-scale-figure\\\/#primaryimage\"},\"image\":{\"@id\":\"https:\\\/\\\/animefigurer.se\\\/figurer\\\/18\\\/to-love-ru-darkness-momo-belia-deviluke-renewal-package-darkness-ver-1-6-scale-figure\\\/#primaryimage\"},\"thumbnailUrl\":\"https:\\\/\\\/animefigurer.se\\\/wp-content\\\/uploads\\\/2025\\\/10\\\/6808ea7bdf2be.jpeg\",\"datePublished\":\"2025-10-21T14:18:55+00:00\",\"dateModified\":\"2026-03-12T09:25:36+00:00\",\"breadcrumb\":{\"@id\":\"https:\\\/\\\/animefigurer.se\\\/figurer\\\/18\\\/to-love-ru-darkness-momo-belia-deviluke-renewal-package-darkness-ver-1-6-scale-figure\\\/#breadcrumb\"},\"inLanguage\":\"en-GB\",\"potentialAction\":[{\"@type\":\"ReadAction\",\"target\":[\"https:\\\/\\\/animefigurer.se\\\/figurer\\\/18\\\/to-love-ru-darkness-momo-belia-deviluke-renewal-package-darkness-ver-1-6-scale-figure\\\/\"]}]},{\"@type\":\"ImageObject\",\"inLanguage\":\"en-GB\",\"@id\":\"https:\\\/\\\/animefigurer.se\\\/figurer\\\/18\\\/to-love-ru-darkness-momo-belia-deviluke-renewal-package-darkness-ver-1-6-scale-figure\\\/#primaryimage\",\"url\":\"https:\\\/\\\/animefigurer.se\\\/wp-content\\\/uploads\\\/2025\\\/10\\\/6808ea7bdf2be.jpeg\",\"contentUrl\":\"https:\\\/\\\/animefigurer.se\\\/wp-content\\\/uploads\\\/2025\\\/10\\\/6808ea7bdf2be.jpeg\",\"width\":1000,\"height\":750},{\"@type\":\"BreadcrumbList\",\"@id\":\"https:\\\/\\\/animefigurer.se\\\/figurer\\\/18\\\/to-love-ru-darkness-momo-belia-deviluke-renewal-package-darkness-ver-1-6-scale-figure\\\/#breadcrumb\",\"itemListElement\":[{\"@type\":\"ListItem\",\"position\":1,\"name\":\"Home\",\"item\":\"https:\\\/\\\/animefigurer.se\\\/\"},{\"@type\":\"ListItem\",\"position\":2,\"name\":\"Butik\",\"item\":\"https:\\\/\\\/animefigurer.se\\\/figurer\\\/\"},{\"@type\":\"ListItem\",\"position\":3,\"name\":\"To Love-Ru Darkness Momo Belia Deviluke (Renewal Package Darkness Ver.) 1\\\/6 Scale Figure\"}]},{\"@type\":\"WebSite\",\"@id\":\"https:\\\/\\\/animefigurer.se\\\/#website\",\"url\":\"https:\\\/\\\/animefigurer.se\\\/\",\"name\":\"Animefigurer.se\",\"description\":\"Anime figurer fr\u00e5n \u00f6ver 300 olika anime serier med \u00f6ver 9000 produkter | Anime Shop\",\"publisher\":{\"@id\":\"https:\\\/\\\/animefigurer.se\\\/#organization\"},\"potentialAction\":[{\"@type\":\"SearchAction\",\"target\":{\"@type\":\"EntryPoint\",\"urlTemplate\":\"https:\\\/\\\/animefigurer.se\\\/?s={search_term_string}\"},\"query-input\":{\"@type\":\"PropertyValueSpecification\",\"valueRequired\":true,\"valueName\":\"search_term_string\"}}],\"inLanguage\":\"en-GB\"},{\"@type\":\"Organization\",\"@id\":\"https:\\\/\\\/animefigurer.se\\\/#organization\",\"name\":\"Animefigurer.se\",\"alternateName\":\"Anime figurer | Anime shop\",\"url\":\"https:\\\/\\\/animefigurer.se\\\/\",\"logo\":{\"@type\":\"ImageObject\",\"inLanguage\":\"en-GB\",\"@id\":\"https:\\\/\\\/animefigurer.se\\\/#\\\/schema\\\/logo\\\/image\\\/\",\"url\":\"https:\\\/\\\/animefigurer.se\\\/wp-content\\\/uploads\\\/2025\\\/12\\\/Animefigurer_logowhite.png\",\"contentUrl\":\"https:\\\/\\\/animefigurer.se\\\/wp-content\\\/uploads\\\/2025\\\/12\\\/Animefigurer_logowhite.png\",\"width\":1890,\"height\":1417,\"caption\":\"Animefigurer.se\"},\"image\":{\"@id\":\"https:\\\/\\\/animefigurer.se\\\/#\\\/schema\\\/logo\\\/image\\\/\"},\"sameAs\":[\"https:\\\/\\\/www.facebook.com\\\/profile.php?id=61581826539670\",\"https:\\\/\\\/www.instagram.com\\\/animefigurer.se\\\/\"],\"email\":\"info@animefigurer.se\"}]}<\/script>\n<!-- \/ Yoast SEO Premium plugin. -->","yoast_head_json":{"title":"To Love-Ru Darkness Momo Belia Deviluke (Renewal Package Darkness Ver.) 1\/6 Scale Figure | Animefigurer.se","robots":{"index":"index","follow":"follow","max-snippet":"max-snippet:-1","max-image-preview":"max-image-preview:large","max-video-preview":"max-video-preview:-1"},"canonical":"https:\/\/animefigurer.se\/en\/figurer\/18\/to-love-ru-darkness-momo-belia-deviluke-renewal-package-darkness-ver-1-6-scale-figure\/","og_locale":"en_GB","og_type":"article","og_title":"To Love-Ru Darkness Momo Belia Deviluke (Renewal Package Darkness Ver.) 1\/6 Scale Figure","og_description":"Momo Belia Deviluke \u00e5terv\u00e4nder i To LOVE-Ru Darkness som Renewal Package Darkness Ver. i 1\/6-skala! Denna version visar en mer utmanande sida av Momo \u2014 trots hennes milda uppsyn finns det en antydan till sadistisk lekfullhet.  Med ena benet upplyft i en f\u00f6rf\u00f6risk pose \u00e4r figuren en syn att beundra u","og_url":"https:\/\/animefigurer.se\/en\/figurer\/18\/to-love-ru-darkness-momo-belia-deviluke-renewal-package-darkness-ver-1-6-scale-figure\/","og_site_name":"Animefigurer.se","article_publisher":"https:\/\/www.facebook.com\/profile.php?id=61581826539670","article_modified_time":"2026-03-12T09:25:36+00:00","og_image":[{"width":1890,"height":1417,"url":"https:\/\/animefigurer.se\/wp-content\/uploads\/2025\/12\/Animefigurer_logowhite.png","type":"image\/png"}],"twitter_card":"summary_large_image","twitter_misc":{"Estimated reading time":"1 minute"},"schema":{"@context":"https:\/\/schema.org","@graph":[{"@type":"WebPage","@id":"https:\/\/animefigurer.se\/figurer\/18\/to-love-ru-darkness-momo-belia-deviluke-renewal-package-darkness-ver-1-6-scale-figure\/","url":"https:\/\/animefigurer.se\/figurer\/18\/to-love-ru-darkness-momo-belia-deviluke-renewal-package-darkness-ver-1-6-scale-figure\/","name":"To Love-Ru Darkness Momo Belia Deviluke (Renewal Package Darkness Ver.) 1\/6 Scale Figure | Animefigurer.se","isPartOf":{"@id":"https:\/\/animefigurer.se\/#website"},"primaryImageOfPage":{"@id":"https:\/\/animefigurer.se\/figurer\/18\/to-love-ru-darkness-momo-belia-deviluke-renewal-package-darkness-ver-1-6-scale-figure\/#primaryimage"},"image":{"@id":"https:\/\/animefigurer.se\/figurer\/18\/to-love-ru-darkness-momo-belia-deviluke-renewal-package-darkness-ver-1-6-scale-figure\/#primaryimage"},"thumbnailUrl":"https:\/\/animefigurer.se\/wp-content\/uploads\/2025\/10\/6808ea7bdf2be.jpeg","datePublished":"2025-10-21T14:18:55+00:00","dateModified":"2026-03-12T09:25:36+00:00","breadcrumb":{"@id":"https:\/\/animefigurer.se\/figurer\/18\/to-love-ru-darkness-momo-belia-deviluke-renewal-package-darkness-ver-1-6-scale-figure\/#breadcrumb"},"inLanguage":"en-GB","potentialAction":[{"@type":"ReadAction","target":["https:\/\/animefigurer.se\/figurer\/18\/to-love-ru-darkness-momo-belia-deviluke-renewal-package-darkness-ver-1-6-scale-figure\/"]}]},{"@type":"ImageObject","inLanguage":"en-GB","@id":"https:\/\/animefigurer.se\/figurer\/18\/to-love-ru-darkness-momo-belia-deviluke-renewal-package-darkness-ver-1-6-scale-figure\/#primaryimage","url":"https:\/\/animefigurer.se\/wp-content\/uploads\/2025\/10\/6808ea7bdf2be.jpeg","contentUrl":"https:\/\/animefigurer.se\/wp-content\/uploads\/2025\/10\/6808ea7bdf2be.jpeg","width":1000,"height":750},{"@type":"BreadcrumbList","@id":"https:\/\/animefigurer.se\/figurer\/18\/to-love-ru-darkness-momo-belia-deviluke-renewal-package-darkness-ver-1-6-scale-figure\/#breadcrumb","itemListElement":[{"@type":"ListItem","position":1,"name":"Home","item":"https:\/\/animefigurer.se\/"},{"@type":"ListItem","position":2,"name":"Butik","item":"https:\/\/animefigurer.se\/figurer\/"},{"@type":"ListItem","position":3,"name":"To Love-Ru Darkness Momo Belia Deviluke (Renewal Package Darkness Ver.) 1\/6 Scale Figure"}]},{"@type":"WebSite","@id":"https:\/\/animefigurer.se\/#website","url":"https:\/\/animefigurer.se\/","name":"Animefigurer.se","description":"Anime figures from over 300 different anime series with over 9000 products | Anime Shop","publisher":{"@id":"https:\/\/animefigurer.se\/#organization"},"potentialAction":[{"@type":"SearchAction","target":{"@type":"EntryPoint","urlTemplate":"https:\/\/animefigurer.se\/?s={search_term_string}"},"query-input":{"@type":"PropertyValueSpecification","valueRequired":true,"valueName":"search_term_string"}}],"inLanguage":"en-GB"},{"@type":"Organization","@id":"https:\/\/animefigurer.se\/#organization","name":"Animefigurer.se","alternateName":"Anime figurer | Anime shop","url":"https:\/\/animefigurer.se\/","logo":{"@type":"ImageObject","inLanguage":"en-GB","@id":"https:\/\/animefigurer.se\/#\/schema\/logo\/image\/","url":"https:\/\/animefigurer.se\/wp-content\/uploads\/2025\/12\/Animefigurer_logowhite.png","contentUrl":"https:\/\/animefigurer.se\/wp-content\/uploads\/2025\/12\/Animefigurer_logowhite.png","width":1890,"height":1417,"caption":"Animefigurer.se"},"image":{"@id":"https:\/\/animefigurer.se\/#\/schema\/logo\/image\/"},"sameAs":["https:\/\/www.facebook.com\/profile.php?id=61581826539670","https:\/\/www.instagram.com\/animefigurer.se\/"],"email":"info@animefigurer.se"}]}},"_links":{"self":[{"href":"https:\/\/animefigurer.se\/en\/wp-json\/wp\/v2\/product\/70838","targetHints":{"allow":["GET"]}}],"collection":[{"href":"https:\/\/animefigurer.se\/en\/wp-json\/wp\/v2\/product"}],"about":[{"href":"https:\/\/animefigurer.se\/en\/wp-json\/wp\/v2\/types\/product"}],"replies":[{"embeddable":true,"href":"https:\/\/animefigurer.se\/en\/wp-json\/wp\/v2\/comments?post=70838"}],"wp:featuredmedia":[{"embeddable":true,"href":"https:\/\/animefigurer.se\/en\/wp-json\/wp\/v2\/media\/70839"}],"wp:attachment":[{"href":"https:\/\/animefigurer.se\/en\/wp-json\/wp\/v2\/media?parent=70838"}],"wp:term":[{"taxonomy":"product_brand","embeddable":true,"href":"https:\/\/animefigurer.se\/en\/wp-json\/wp\/v2\/product_brand?post=70838"},{"taxonomy":"product_cat","embeddable":true,"href":"https:\/\/animefigurer.se\/en\/wp-json\/wp\/v2\/product_cat?post=70838"},{"taxonomy":"product_tag","embeddable":true,"href":"https:\/\/animefigurer.se\/en\/wp-json\/wp\/v2\/product_tag?post=70838"},{"taxonomy":"giftcard-category","embeddable":true,"href":"https:\/\/animefigurer.se\/en\/wp-json\/wp\/v2\/giftcard-category?post=70838"}],"curies":[{"name":"wp","href":"https:\/\/api.w.org\/{rel}","templated":true}]}}