{"id":70319,"date":"2025-10-21T16:08:16","date_gmt":"2025-10-21T14:08:16","guid":{"rendered":"https:\/\/animefigurer.se\/produkt\/tokyo-revengers-prisma-wing-seishu-inui\/"},"modified":"2026-04-17T07:16:19","modified_gmt":"2026-04-17T05:16:19","slug":"tokyo-revengers-prisma-wing-seishu-inui","status":"publish","type":"product","link":"https:\/\/animefigurer.se\/en\/figurer\/tokyo-revengers\/tokyo-revengers-prisma-wing-seishu-inui\/","title":{"rendered":"Tokyo Revengers Prisma Wing Seishu Inui"},"content":{"rendered":"<p>Seishu Inui, a central figure in the \u201dTenjiku Arc\u201d, is reproduced here based on an original illustration for PRISMA WING. The prototype was created by artist Sato, known for his detailed portrayal of male characters. The figure captures Inui\u2019s signature two-block hairstyle, his calm gaze, and carefully rendered childhood scars.<\/p>\n<p>The body position and the folds of the uniform have been meticulously recreated, as have the shine of the leather gloves and the matte silver iron pipe. The figure comes with two interchangeable foot parts (boots and high heels) and a specially designed base. Hajime Kokonoi, his best friend Koko, will also be available separately.<\/p>","protected":false},"excerpt":{"rendered":"<p>Seishu Inui, a central figure in the \u201dTenjiku Arc\u201d, is reproduced here based on an original illustration for PRISMA WING. The prototype was created by artist Sato, known for his detailed portrayal of male characters. The figure captures Inui\u2019s signature two-block hairstyle, his calm gaze, and the reproduced childhood scars on his face.<\/p>","protected":false},"featured_media":70320,"comment_status":"closed","ping_status":"closed","template":"","meta":{"_acf_changed":false,"_monsterinsights_skip_tracking":false,"_monsterinsights_sitenote_active":false,"_monsterinsights_sitenote_note":"","_monsterinsights_sitenote_category":0},"product_brand":[7111],"product_cat":[5701],"product_tag":[24],"giftcard-category":[],"class_list":{"0":"post-70319","1":"product","2":"type-product","3":"status-publish","4":"has-post-thumbnail","6":"product_brand-prime-1-studio","7":"product_cat-tokyo-revengers","8":"product_tag-2-3-weeks","9":"pa_franchise-tokyo-revengers","10":"pa_karaktar-seishu-inui","11":"pa_material-pvc-abs","12":"pa_produktserie-prisma-wing","13":"pa_skala-41","14":"pa_storlek-14-cm","16":"first","17":"instock","18":"taxable","19":"shipping-taxable","20":"purchasable","21":"product-type-simple"},"acf":[],"yoast_head":"<!-- This site is optimized with the Yoast SEO Premium plugin v24.6 (Yoast SEO v27.3) - https:\/\/yoast.com\/product\/yoast-seo-premium-wordpress\/ -->\n<title>Tokyo Revengers Prisma Wing Seishu Inui | Animefigurer.se<\/title>\n<meta name=\"robots\" content=\"index, follow, max-snippet:-1, max-image-preview:large, max-video-preview:-1\" \/>\n<link rel=\"canonical\" href=\"https:\/\/animefigurer.se\/en\/figurer\/tokyo-revengers\/tokyo-revengers-prisma-wing-seishu-inui\/\" \/>\n<meta property=\"og:locale\" content=\"en_GB\" \/>\n<meta property=\"og:type\" content=\"article\" \/>\n<meta property=\"og:title\" content=\"Tokyo Revengers Prisma Wing Seishu Inui\" \/>\n<meta property=\"og:description\" content=\"Seishu Inui, en central figur i &quot;Tenjiku-b\u00e5gen&quot;, \u00e5terges h\u00e4r baserat p\u00e5 en originalillustration f\u00f6r PRISMA WING. Prototypen skapades av konstn\u00e4ren Sato, k\u00e4nd f\u00f6r sin detaljrikedom i manliga karakt\u00e4rer. Figuren f\u00e5ngar Inuis karakteristiska tv\u00e5block-frisyr, hans lugna blick och \u00e5tergivna barndoms\u00e4rr m\" \/>\n<meta property=\"og:url\" content=\"https:\/\/animefigurer.se\/en\/figurer\/tokyo-revengers\/tokyo-revengers-prisma-wing-seishu-inui\/\" \/>\n<meta property=\"og:site_name\" content=\"Animefigurer.se\" \/>\n<meta property=\"article:publisher\" content=\"https:\/\/www.facebook.com\/profile.php?id=61581826539670\" \/>\n<meta property=\"article:modified_time\" content=\"2026-04-17T05:16:19+00:00\" \/>\n<meta property=\"og:image\" content=\"https:\/\/animefigurer.se\/wp-content\/uploads\/2025\/12\/Animefigurer_logowhite.png\" \/>\n\t<meta property=\"og:image:width\" content=\"1890\" \/>\n\t<meta property=\"og:image:height\" content=\"1417\" \/>\n\t<meta property=\"og:image:type\" content=\"image\/png\" \/>\n<meta name=\"twitter:card\" content=\"summary_large_image\" \/>\n<meta name=\"twitter:label1\" content=\"Estimated reading time\" \/>\n\t<meta name=\"twitter:data1\" content=\"1 minute\" \/>\n<script type=\"application\/ld+json\" class=\"yoast-schema-graph\">{\"@context\":\"https:\\\/\\\/schema.org\",\"@graph\":[{\"@type\":\"WebPage\",\"@id\":\"https:\\\/\\\/animefigurer.se\\\/figurer\\\/tokyo-revengers\\\/tokyo-revengers-prisma-wing-seishu-inui\\\/\",\"url\":\"https:\\\/\\\/animefigurer.se\\\/figurer\\\/tokyo-revengers\\\/tokyo-revengers-prisma-wing-seishu-inui\\\/\",\"name\":\"Tokyo Revengers Prisma Wing Seishu Inui | Animefigurer.se\",\"isPartOf\":{\"@id\":\"https:\\\/\\\/animefigurer.se\\\/#website\"},\"primaryImageOfPage\":{\"@id\":\"https:\\\/\\\/animefigurer.se\\\/figurer\\\/tokyo-revengers\\\/tokyo-revengers-prisma-wing-seishu-inui\\\/#primaryimage\"},\"image\":{\"@id\":\"https:\\\/\\\/animefigurer.se\\\/figurer\\\/tokyo-revengers\\\/tokyo-revengers-prisma-wing-seishu-inui\\\/#primaryimage\"},\"thumbnailUrl\":\"https:\\\/\\\/animefigurer.se\\\/wp-content\\\/uploads\\\/2025\\\/10\\\/66c3b05e890e6.jpeg\",\"datePublished\":\"2025-10-21T14:08:16+00:00\",\"dateModified\":\"2026-04-17T05:16:19+00:00\",\"breadcrumb\":{\"@id\":\"https:\\\/\\\/animefigurer.se\\\/figurer\\\/tokyo-revengers\\\/tokyo-revengers-prisma-wing-seishu-inui\\\/#breadcrumb\"},\"inLanguage\":\"en-GB\",\"potentialAction\":[{\"@type\":\"ReadAction\",\"target\":[\"https:\\\/\\\/animefigurer.se\\\/figurer\\\/tokyo-revengers\\\/tokyo-revengers-prisma-wing-seishu-inui\\\/\"]}]},{\"@type\":\"ImageObject\",\"inLanguage\":\"en-GB\",\"@id\":\"https:\\\/\\\/animefigurer.se\\\/figurer\\\/tokyo-revengers\\\/tokyo-revengers-prisma-wing-seishu-inui\\\/#primaryimage\",\"url\":\"https:\\\/\\\/animefigurer.se\\\/wp-content\\\/uploads\\\/2025\\\/10\\\/66c3b05e890e6.jpeg\",\"contentUrl\":\"https:\\\/\\\/animefigurer.se\\\/wp-content\\\/uploads\\\/2025\\\/10\\\/66c3b05e890e6.jpeg\",\"width\":720,\"height\":540},{\"@type\":\"BreadcrumbList\",\"@id\":\"https:\\\/\\\/animefigurer.se\\\/figurer\\\/tokyo-revengers\\\/tokyo-revengers-prisma-wing-seishu-inui\\\/#breadcrumb\",\"itemListElement\":[{\"@type\":\"ListItem\",\"position\":1,\"name\":\"Home\",\"item\":\"https:\\\/\\\/animefigurer.se\\\/\"},{\"@type\":\"ListItem\",\"position\":2,\"name\":\"Butik\",\"item\":\"https:\\\/\\\/animefigurer.se\\\/figurer\\\/\"},{\"@type\":\"ListItem\",\"position\":3,\"name\":\"Tokyo Revengers Prisma Wing Seishu Inui\"}]},{\"@type\":\"WebSite\",\"@id\":\"https:\\\/\\\/animefigurer.se\\\/#website\",\"url\":\"https:\\\/\\\/animefigurer.se\\\/\",\"name\":\"Animefigurer.se\",\"description\":\"Anime figurer fr\u00e5n \u00f6ver 300 olika anime serier med \u00f6ver 9000 produkter | Anime Shop\",\"publisher\":{\"@id\":\"https:\\\/\\\/animefigurer.se\\\/#organization\"},\"potentialAction\":[{\"@type\":\"SearchAction\",\"target\":{\"@type\":\"EntryPoint\",\"urlTemplate\":\"https:\\\/\\\/animefigurer.se\\\/?s={search_term_string}\"},\"query-input\":{\"@type\":\"PropertyValueSpecification\",\"valueRequired\":true,\"valueName\":\"search_term_string\"}}],\"inLanguage\":\"en-GB\"},{\"@type\":\"Organization\",\"@id\":\"https:\\\/\\\/animefigurer.se\\\/#organization\",\"name\":\"Animefigurer.se\",\"alternateName\":\"Anime figurer | Anime shop\",\"url\":\"https:\\\/\\\/animefigurer.se\\\/\",\"logo\":{\"@type\":\"ImageObject\",\"inLanguage\":\"en-GB\",\"@id\":\"https:\\\/\\\/animefigurer.se\\\/#\\\/schema\\\/logo\\\/image\\\/\",\"url\":\"https:\\\/\\\/animefigurer.se\\\/wp-content\\\/uploads\\\/2025\\\/12\\\/Animefigurer_logowhite.png\",\"contentUrl\":\"https:\\\/\\\/animefigurer.se\\\/wp-content\\\/uploads\\\/2025\\\/12\\\/Animefigurer_logowhite.png\",\"width\":1890,\"height\":1417,\"caption\":\"Animefigurer.se\"},\"image\":{\"@id\":\"https:\\\/\\\/animefigurer.se\\\/#\\\/schema\\\/logo\\\/image\\\/\"},\"sameAs\":[\"https:\\\/\\\/www.facebook.com\\\/profile.php?id=61581826539670\",\"https:\\\/\\\/www.instagram.com\\\/animefigurer.se\\\/\"],\"email\":\"info@animefigurer.se\"}]}<\/script>\n<!-- \/ Yoast SEO Premium plugin. -->","yoast_head_json":{"title":"Tokyo Revengers Prisma Wing Seishu Inui | Animefigurer.se","robots":{"index":"index","follow":"follow","max-snippet":"max-snippet:-1","max-image-preview":"max-image-preview:large","max-video-preview":"max-video-preview:-1"},"canonical":"https:\/\/animefigurer.se\/en\/figurer\/tokyo-revengers\/tokyo-revengers-prisma-wing-seishu-inui\/","og_locale":"en_GB","og_type":"article","og_title":"Tokyo Revengers Prisma Wing Seishu Inui","og_description":"Seishu Inui, en central figur i \"Tenjiku-b\u00e5gen\", \u00e5terges h\u00e4r baserat p\u00e5 en originalillustration f\u00f6r PRISMA WING. Prototypen skapades av konstn\u00e4ren Sato, k\u00e4nd f\u00f6r sin detaljrikedom i manliga karakt\u00e4rer. Figuren f\u00e5ngar Inuis karakteristiska tv\u00e5block-frisyr, hans lugna blick och \u00e5tergivna barndoms\u00e4rr m","og_url":"https:\/\/animefigurer.se\/en\/figurer\/tokyo-revengers\/tokyo-revengers-prisma-wing-seishu-inui\/","og_site_name":"Animefigurer.se","article_publisher":"https:\/\/www.facebook.com\/profile.php?id=61581826539670","article_modified_time":"2026-04-17T05:16:19+00:00","og_image":[{"width":1890,"height":1417,"url":"https:\/\/animefigurer.se\/wp-content\/uploads\/2025\/12\/Animefigurer_logowhite.png","type":"image\/png"}],"twitter_card":"summary_large_image","twitter_misc":{"Estimated reading time":"1 minute"},"schema":{"@context":"https:\/\/schema.org","@graph":[{"@type":"WebPage","@id":"https:\/\/animefigurer.se\/figurer\/tokyo-revengers\/tokyo-revengers-prisma-wing-seishu-inui\/","url":"https:\/\/animefigurer.se\/figurer\/tokyo-revengers\/tokyo-revengers-prisma-wing-seishu-inui\/","name":"Tokyo Revengers Prisma Wing Seishu Inui | Animefigurer.se","isPartOf":{"@id":"https:\/\/animefigurer.se\/#website"},"primaryImageOfPage":{"@id":"https:\/\/animefigurer.se\/figurer\/tokyo-revengers\/tokyo-revengers-prisma-wing-seishu-inui\/#primaryimage"},"image":{"@id":"https:\/\/animefigurer.se\/figurer\/tokyo-revengers\/tokyo-revengers-prisma-wing-seishu-inui\/#primaryimage"},"thumbnailUrl":"https:\/\/animefigurer.se\/wp-content\/uploads\/2025\/10\/66c3b05e890e6.jpeg","datePublished":"2025-10-21T14:08:16+00:00","dateModified":"2026-04-17T05:16:19+00:00","breadcrumb":{"@id":"https:\/\/animefigurer.se\/figurer\/tokyo-revengers\/tokyo-revengers-prisma-wing-seishu-inui\/#breadcrumb"},"inLanguage":"en-GB","potentialAction":[{"@type":"ReadAction","target":["https:\/\/animefigurer.se\/figurer\/tokyo-revengers\/tokyo-revengers-prisma-wing-seishu-inui\/"]}]},{"@type":"ImageObject","inLanguage":"en-GB","@id":"https:\/\/animefigurer.se\/figurer\/tokyo-revengers\/tokyo-revengers-prisma-wing-seishu-inui\/#primaryimage","url":"https:\/\/animefigurer.se\/wp-content\/uploads\/2025\/10\/66c3b05e890e6.jpeg","contentUrl":"https:\/\/animefigurer.se\/wp-content\/uploads\/2025\/10\/66c3b05e890e6.jpeg","width":720,"height":540},{"@type":"BreadcrumbList","@id":"https:\/\/animefigurer.se\/figurer\/tokyo-revengers\/tokyo-revengers-prisma-wing-seishu-inui\/#breadcrumb","itemListElement":[{"@type":"ListItem","position":1,"name":"Home","item":"https:\/\/animefigurer.se\/"},{"@type":"ListItem","position":2,"name":"Butik","item":"https:\/\/animefigurer.se\/figurer\/"},{"@type":"ListItem","position":3,"name":"Tokyo Revengers Prisma Wing Seishu Inui"}]},{"@type":"WebSite","@id":"https:\/\/animefigurer.se\/#website","url":"https:\/\/animefigurer.se\/","name":"Animefigurer.se","description":"Anime figures from over 300 different anime series with over 9000 products | Anime Shop","publisher":{"@id":"https:\/\/animefigurer.se\/#organization"},"potentialAction":[{"@type":"SearchAction","target":{"@type":"EntryPoint","urlTemplate":"https:\/\/animefigurer.se\/?s={search_term_string}"},"query-input":{"@type":"PropertyValueSpecification","valueRequired":true,"valueName":"search_term_string"}}],"inLanguage":"en-GB"},{"@type":"Organization","@id":"https:\/\/animefigurer.se\/#organization","name":"Animefigurer.se","alternateName":"Anime figurer | Anime shop","url":"https:\/\/animefigurer.se\/","logo":{"@type":"ImageObject","inLanguage":"en-GB","@id":"https:\/\/animefigurer.se\/#\/schema\/logo\/image\/","url":"https:\/\/animefigurer.se\/wp-content\/uploads\/2025\/12\/Animefigurer_logowhite.png","contentUrl":"https:\/\/animefigurer.se\/wp-content\/uploads\/2025\/12\/Animefigurer_logowhite.png","width":1890,"height":1417,"caption":"Animefigurer.se"},"image":{"@id":"https:\/\/animefigurer.se\/#\/schema\/logo\/image\/"},"sameAs":["https:\/\/www.facebook.com\/profile.php?id=61581826539670","https:\/\/www.instagram.com\/animefigurer.se\/"],"email":"info@animefigurer.se"}]}},"_links":{"self":[{"href":"https:\/\/animefigurer.se\/en\/wp-json\/wp\/v2\/product\/70319","targetHints":{"allow":["GET"]}}],"collection":[{"href":"https:\/\/animefigurer.se\/en\/wp-json\/wp\/v2\/product"}],"about":[{"href":"https:\/\/animefigurer.se\/en\/wp-json\/wp\/v2\/types\/product"}],"replies":[{"embeddable":true,"href":"https:\/\/animefigurer.se\/en\/wp-json\/wp\/v2\/comments?post=70319"}],"wp:featuredmedia":[{"embeddable":true,"href":"https:\/\/animefigurer.se\/en\/wp-json\/wp\/v2\/media\/70320"}],"wp:attachment":[{"href":"https:\/\/animefigurer.se\/en\/wp-json\/wp\/v2\/media?parent=70319"}],"wp:term":[{"taxonomy":"product_brand","embeddable":true,"href":"https:\/\/animefigurer.se\/en\/wp-json\/wp\/v2\/product_brand?post=70319"},{"taxonomy":"product_cat","embeddable":true,"href":"https:\/\/animefigurer.se\/en\/wp-json\/wp\/v2\/product_cat?post=70319"},{"taxonomy":"product_tag","embeddable":true,"href":"https:\/\/animefigurer.se\/en\/wp-json\/wp\/v2\/product_tag?post=70319"},{"taxonomy":"giftcard-category","embeddable":true,"href":"https:\/\/animefigurer.se\/en\/wp-json\/wp\/v2\/giftcard-category?post=70319"}],"curies":[{"name":"wp","href":"https:\/\/api.w.org\/{rel}","templated":true}]}}