{"id":69889,"date":"2025-10-21T15:07:41","date_gmt":"2025-10-21T13:07:41","guid":{"rendered":"https:\/\/animefigurer.se\/produkt\/titanomachia-moderoid-sidegr-arklaud-model-kit\/"},"modified":"2025-12-21T19:36:21","modified_gmt":"2025-12-21T18:36:21","slug":"titanomachia-moderoid-sidegr-arklaud-model-kit","status":"publish","type":"product","link":"https:\/\/animefigurer.se\/en\/figurer\/titanomachia\/titanomachia-moderoid-sidegr-arklaud-model-kit\/","title":{"rendered":"Titanomachia Moderoid SIDE:GR Arklaud Model Kit"},"content":{"rendered":"<p>The 10-meter-long \u03b1 Grade Grim Reaper Arklaud destroyer is a new addition to the MODEROID series from Titanomachia \u2014 an original work by NAOKI.<\/p>\n<p>The 1\/48 scale plastic model stands approximately 7.67 inches (approximately 19.5 cm) tall and features articulated joints for easy posing. Designer NAOKI supervised the production to faithfully recreate the world of Titanomachia. Included are a blaster that can be built into multiple variations with interchangeable parts, the Ascalon greatsword that can be mounted on the left or right propeller with interchangeable attachment parts, and two pilot miniature figures in the same scale as the mech.<\/p>","protected":false},"excerpt":{"rendered":"<p>The 10-meter-long \u03b1 Grade Grim Reaper Arklaud destroyer is a new addition to the MODEROID series from Titanomachia \u2014 an original work by NAOKI.<\/p>\n<p>The 1\/48 scale plastic model stands approximately 7.67 inches (about 19.5 cm) tall and features articulated joints for easy posing. Designer NAOKI has overseen the production to ensure<\/p>","protected":false},"featured_media":69890,"comment_status":"closed","ping_status":"open","template":"","meta":{"_acf_changed":false,"_monsterinsights_skip_tracking":false,"_monsterinsights_sitenote_active":false,"_monsterinsights_sitenote_note":"","_monsterinsights_sitenote_category":0},"product_brand":[6890],"product_cat":[7233,5683],"product_tag":[26],"giftcard-category":[],"class_list":{"0":"post-69889","1":"product","2":"type-product","3":"status-publish","4":"has-post-thumbnail","6":"product_brand-good-smile-company","7":"product_cat-pre-order","8":"product_cat-titanomachia","9":"product_tag-pre-order","10":"pa_franchise-titanomachia","11":"pa_karaktar-arklaud","12":"pa_material-plastic","13":"pa_produktserie-moderoid","14":"pa_skala-579","15":"pa_storlek-20-cm","17":"first","18":"instock","19":"taxable","20":"shipping-taxable","21":"purchasable","22":"product-type-simple"},"acf":[],"yoast_head":"<!-- This site is optimized with the Yoast SEO Premium plugin v24.6 (Yoast SEO v27.3) - https:\/\/yoast.com\/product\/yoast-seo-premium-wordpress\/ -->\n<title>Titanomachia Moderoid SIDE:GR Arklaud Model Kit | Animefigurer.se<\/title>\n<meta name=\"robots\" content=\"index, follow, max-snippet:-1, max-image-preview:large, max-video-preview:-1\" \/>\n<link rel=\"canonical\" href=\"https:\/\/animefigurer.se\/en\/figurer\/titanomachy\/titanomachia-moderoid-sidegr-arklaud-model-kit\/\" \/>\n<meta property=\"og:locale\" content=\"en_GB\" \/>\n<meta property=\"og:type\" content=\"article\" \/>\n<meta property=\"og:title\" content=\"Titanomachia Moderoid SIDE:GR Arklaud Model Kit\" \/>\n<meta property=\"og:description\" content=\"Den 10 meter l\u00e5nga jagartypen \u03b1 Grade Grim Reaper Arklaud nytt tillskott i MODEROID-serien fr\u00e5n Titanomachia \u2014 ett originalverk av NAOKI. Plastmodellen i skala 1\/48 \u00e4r cirka 7,67 tum (cirka 19,5 cm) h\u00f6g och har ledade leder f\u00f6r enkel posering. Designern NAOKI har \u00f6vervakat tillverkningen f\u00f6r att tr\" \/>\n<meta property=\"og:url\" content=\"https:\/\/animefigurer.se\/en\/figurer\/titanomachy\/titanomachia-moderoid-sidegr-arklaud-model-kit\/\" \/>\n<meta property=\"og:site_name\" content=\"Animefigurer.se\" \/>\n<meta property=\"article:publisher\" content=\"https:\/\/www.facebook.com\/profile.php?id=61581826539670\" \/>\n<meta property=\"article:modified_time\" content=\"2025-12-21T18:36:21+00:00\" \/>\n<meta property=\"og:image\" content=\"https:\/\/animefigurer.se\/wp-content\/uploads\/2025\/12\/Animefigurer_logowhite.png\" \/>\n\t<meta property=\"og:image:width\" content=\"1890\" \/>\n\t<meta property=\"og:image:height\" content=\"1417\" \/>\n\t<meta property=\"og:image:type\" content=\"image\/png\" \/>\n<meta name=\"twitter:card\" content=\"summary_large_image\" \/>\n<script type=\"application\/ld+json\" class=\"yoast-schema-graph\">{\"@context\":\"https:\\\/\\\/schema.org\",\"@graph\":[{\"@type\":\"WebPage\",\"@id\":\"https:\\\/\\\/animefigurer.se\\\/en\\\/figurer\\\/titanomachia\\\/titanomachia-moderoid-sidegr-arklaud-model-kit\\\/\",\"url\":\"https:\\\/\\\/animefigurer.se\\\/en\\\/figurer\\\/titanomachia\\\/titanomachia-moderoid-sidegr-arklaud-model-kit\\\/\",\"name\":\"Titanomachia Moderoid SIDE:GR Arklaud Model Kit | Animefigurer.se\",\"isPartOf\":{\"@id\":\"https:\\\/\\\/animefigurer.se\\\/#website\"},\"primaryImageOfPage\":{\"@id\":\"https:\\\/\\\/animefigurer.se\\\/en\\\/figurer\\\/titanomachia\\\/titanomachia-moderoid-sidegr-arklaud-model-kit\\\/#primaryimage\"},\"image\":{\"@id\":\"https:\\\/\\\/animefigurer.se\\\/en\\\/figurer\\\/titanomachia\\\/titanomachia-moderoid-sidegr-arklaud-model-kit\\\/#primaryimage\"},\"thumbnailUrl\":\"https:\\\/\\\/animefigurer.se\\\/wp-content\\\/uploads\\\/2025\\\/10\\\/67dc880910ec1.jpeg\",\"datePublished\":\"2025-10-21T13:07:41+00:00\",\"dateModified\":\"2025-12-21T18:36:21+00:00\",\"breadcrumb\":{\"@id\":\"https:\\\/\\\/animefigurer.se\\\/en\\\/figurer\\\/titanomachia\\\/titanomachia-moderoid-sidegr-arklaud-model-kit\\\/#breadcrumb\"},\"inLanguage\":\"en-GB\",\"potentialAction\":[{\"@type\":\"ReadAction\",\"target\":[\"https:\\\/\\\/animefigurer.se\\\/en\\\/figurer\\\/titanomachia\\\/titanomachia-moderoid-sidegr-arklaud-model-kit\\\/\"]}]},{\"@type\":\"ImageObject\",\"inLanguage\":\"en-GB\",\"@id\":\"https:\\\/\\\/animefigurer.se\\\/en\\\/figurer\\\/titanomachia\\\/titanomachia-moderoid-sidegr-arklaud-model-kit\\\/#primaryimage\",\"url\":\"https:\\\/\\\/animefigurer.se\\\/wp-content\\\/uploads\\\/2025\\\/10\\\/67dc880910ec1.jpeg\",\"contentUrl\":\"https:\\\/\\\/animefigurer.se\\\/wp-content\\\/uploads\\\/2025\\\/10\\\/67dc880910ec1.jpeg\",\"width\":720,\"height\":540},{\"@type\":\"BreadcrumbList\",\"@id\":\"https:\\\/\\\/animefigurer.se\\\/en\\\/figurer\\\/titanomachia\\\/titanomachia-moderoid-sidegr-arklaud-model-kit\\\/#breadcrumb\",\"itemListElement\":[{\"@type\":\"ListItem\",\"position\":1,\"name\":\"Home\",\"item\":\"https:\\\/\\\/animefigurer.se\\\/\"},{\"@type\":\"ListItem\",\"position\":2,\"name\":\"Butik\",\"item\":\"https:\\\/\\\/animefigurer.se\\\/figurer\\\/\"},{\"@type\":\"ListItem\",\"position\":3,\"name\":\"Titanomachia Moderoid SIDE:GR Arklaud Model Kit\"}]},{\"@type\":\"WebSite\",\"@id\":\"https:\\\/\\\/animefigurer.se\\\/#website\",\"url\":\"https:\\\/\\\/animefigurer.se\\\/\",\"name\":\"Animefigurer.se\",\"description\":\"Anime figurer fr\u00e5n \u00f6ver 300 olika anime serier med \u00f6ver 9000 produkter | Anime Shop\",\"publisher\":{\"@id\":\"https:\\\/\\\/animefigurer.se\\\/#organization\"},\"potentialAction\":[{\"@type\":\"SearchAction\",\"target\":{\"@type\":\"EntryPoint\",\"urlTemplate\":\"https:\\\/\\\/animefigurer.se\\\/?s={search_term_string}\"},\"query-input\":{\"@type\":\"PropertyValueSpecification\",\"valueRequired\":true,\"valueName\":\"search_term_string\"}}],\"inLanguage\":\"en-GB\"},{\"@type\":\"Organization\",\"@id\":\"https:\\\/\\\/animefigurer.se\\\/#organization\",\"name\":\"Animefigurer.se\",\"alternateName\":\"Anime figurer | Anime shop\",\"url\":\"https:\\\/\\\/animefigurer.se\\\/\",\"logo\":{\"@type\":\"ImageObject\",\"inLanguage\":\"en-GB\",\"@id\":\"https:\\\/\\\/animefigurer.se\\\/#\\\/schema\\\/logo\\\/image\\\/\",\"url\":\"https:\\\/\\\/animefigurer.se\\\/wp-content\\\/uploads\\\/2025\\\/12\\\/Animefigurer_logowhite.png\",\"contentUrl\":\"https:\\\/\\\/animefigurer.se\\\/wp-content\\\/uploads\\\/2025\\\/12\\\/Animefigurer_logowhite.png\",\"width\":1890,\"height\":1417,\"caption\":\"Animefigurer.se\"},\"image\":{\"@id\":\"https:\\\/\\\/animefigurer.se\\\/#\\\/schema\\\/logo\\\/image\\\/\"},\"sameAs\":[\"https:\\\/\\\/www.facebook.com\\\/profile.php?id=61581826539670\",\"https:\\\/\\\/www.instagram.com\\\/animefigurer.se\\\/\"],\"email\":\"info@animefigurer.se\"}]}<\/script>\n<!-- \/ Yoast SEO Premium plugin. -->","yoast_head_json":{"title":"Titanomachia Moderoid SIDE:GR Arklaud Model Kit | Animefigurer.se","robots":{"index":"index","follow":"follow","max-snippet":"max-snippet:-1","max-image-preview":"max-image-preview:large","max-video-preview":"max-video-preview:-1"},"canonical":"https:\/\/animefigurer.se\/en\/figurer\/titanomachy\/titanomachia-moderoid-sidegr-arklaud-model-kit\/","og_locale":"en_GB","og_type":"article","og_title":"Titanomachia Moderoid SIDE:GR Arklaud Model Kit","og_description":"Den 10 meter l\u00e5nga jagartypen \u03b1 Grade Grim Reaper Arklaud nytt tillskott i MODEROID-serien fr\u00e5n Titanomachia \u2014 ett originalverk av NAOKI. Plastmodellen i skala 1\/48 \u00e4r cirka 7,67 tum (cirka 19,5 cm) h\u00f6g och har ledade leder f\u00f6r enkel posering. Designern NAOKI har \u00f6vervakat tillverkningen f\u00f6r att tr","og_url":"https:\/\/animefigurer.se\/en\/figurer\/titanomachy\/titanomachia-moderoid-sidegr-arklaud-model-kit\/","og_site_name":"Animefigurer.se","article_publisher":"https:\/\/www.facebook.com\/profile.php?id=61581826539670","article_modified_time":"2025-12-21T18:36:21+00:00","og_image":[{"width":1890,"height":1417,"url":"https:\/\/animefigurer.se\/wp-content\/uploads\/2025\/12\/Animefigurer_logowhite.png","type":"image\/png"}],"twitter_card":"summary_large_image","schema":{"@context":"https:\/\/schema.org","@graph":[{"@type":"WebPage","@id":"https:\/\/animefigurer.se\/en\/figurer\/titanomachia\/titanomachia-moderoid-sidegr-arklaud-model-kit\/","url":"https:\/\/animefigurer.se\/en\/figurer\/titanomachia\/titanomachia-moderoid-sidegr-arklaud-model-kit\/","name":"Titanomachia Moderoid SIDE:GR Arklaud Model Kit | Animefigurer.se","isPartOf":{"@id":"https:\/\/animefigurer.se\/#website"},"primaryImageOfPage":{"@id":"https:\/\/animefigurer.se\/en\/figurer\/titanomachia\/titanomachia-moderoid-sidegr-arklaud-model-kit\/#primaryimage"},"image":{"@id":"https:\/\/animefigurer.se\/en\/figurer\/titanomachia\/titanomachia-moderoid-sidegr-arklaud-model-kit\/#primaryimage"},"thumbnailUrl":"https:\/\/animefigurer.se\/wp-content\/uploads\/2025\/10\/67dc880910ec1.jpeg","datePublished":"2025-10-21T13:07:41+00:00","dateModified":"2025-12-21T18:36:21+00:00","breadcrumb":{"@id":"https:\/\/animefigurer.se\/en\/figurer\/titanomachia\/titanomachia-moderoid-sidegr-arklaud-model-kit\/#breadcrumb"},"inLanguage":"en-GB","potentialAction":[{"@type":"ReadAction","target":["https:\/\/animefigurer.se\/en\/figurer\/titanomachia\/titanomachia-moderoid-sidegr-arklaud-model-kit\/"]}]},{"@type":"ImageObject","inLanguage":"en-GB","@id":"https:\/\/animefigurer.se\/en\/figurer\/titanomachia\/titanomachia-moderoid-sidegr-arklaud-model-kit\/#primaryimage","url":"https:\/\/animefigurer.se\/wp-content\/uploads\/2025\/10\/67dc880910ec1.jpeg","contentUrl":"https:\/\/animefigurer.se\/wp-content\/uploads\/2025\/10\/67dc880910ec1.jpeg","width":720,"height":540},{"@type":"BreadcrumbList","@id":"https:\/\/animefigurer.se\/en\/figurer\/titanomachia\/titanomachia-moderoid-sidegr-arklaud-model-kit\/#breadcrumb","itemListElement":[{"@type":"ListItem","position":1,"name":"Home","item":"https:\/\/animefigurer.se\/"},{"@type":"ListItem","position":2,"name":"Butik","item":"https:\/\/animefigurer.se\/figurer\/"},{"@type":"ListItem","position":3,"name":"Titanomachia Moderoid SIDE:GR Arklaud Model Kit"}]},{"@type":"WebSite","@id":"https:\/\/animefigurer.se\/#website","url":"https:\/\/animefigurer.se\/","name":"Animefigurer.se","description":"Anime figures from over 300 different anime series with over 9000 products | Anime Shop","publisher":{"@id":"https:\/\/animefigurer.se\/#organization"},"potentialAction":[{"@type":"SearchAction","target":{"@type":"EntryPoint","urlTemplate":"https:\/\/animefigurer.se\/?s={search_term_string}"},"query-input":{"@type":"PropertyValueSpecification","valueRequired":true,"valueName":"search_term_string"}}],"inLanguage":"en-GB"},{"@type":"Organization","@id":"https:\/\/animefigurer.se\/#organization","name":"Animefigurer.se","alternateName":"Anime figurer | Anime shop","url":"https:\/\/animefigurer.se\/","logo":{"@type":"ImageObject","inLanguage":"en-GB","@id":"https:\/\/animefigurer.se\/#\/schema\/logo\/image\/","url":"https:\/\/animefigurer.se\/wp-content\/uploads\/2025\/12\/Animefigurer_logowhite.png","contentUrl":"https:\/\/animefigurer.se\/wp-content\/uploads\/2025\/12\/Animefigurer_logowhite.png","width":1890,"height":1417,"caption":"Animefigurer.se"},"image":{"@id":"https:\/\/animefigurer.se\/#\/schema\/logo\/image\/"},"sameAs":["https:\/\/www.facebook.com\/profile.php?id=61581826539670","https:\/\/www.instagram.com\/animefigurer.se\/"],"email":"info@animefigurer.se"}]}},"_links":{"self":[{"href":"https:\/\/animefigurer.se\/en\/wp-json\/wp\/v2\/product\/69889","targetHints":{"allow":["GET"]}}],"collection":[{"href":"https:\/\/animefigurer.se\/en\/wp-json\/wp\/v2\/product"}],"about":[{"href":"https:\/\/animefigurer.se\/en\/wp-json\/wp\/v2\/types\/product"}],"replies":[{"embeddable":true,"href":"https:\/\/animefigurer.se\/en\/wp-json\/wp\/v2\/comments?post=69889"}],"wp:featuredmedia":[{"embeddable":true,"href":"https:\/\/animefigurer.se\/en\/wp-json\/wp\/v2\/media\/69890"}],"wp:attachment":[{"href":"https:\/\/animefigurer.se\/en\/wp-json\/wp\/v2\/media?parent=69889"}],"wp:term":[{"taxonomy":"product_brand","embeddable":true,"href":"https:\/\/animefigurer.se\/en\/wp-json\/wp\/v2\/product_brand?post=69889"},{"taxonomy":"product_cat","embeddable":true,"href":"https:\/\/animefigurer.se\/en\/wp-json\/wp\/v2\/product_cat?post=69889"},{"taxonomy":"product_tag","embeddable":true,"href":"https:\/\/animefigurer.se\/en\/wp-json\/wp\/v2\/product_tag?post=69889"},{"taxonomy":"giftcard-category","embeddable":true,"href":"https:\/\/animefigurer.se\/en\/wp-json\/wp\/v2\/giftcard-category?post=69889"}],"curies":[{"name":"wp","href":"https:\/\/api.w.org\/{rel}","templated":true}]}}