{"id":69493,"date":"2025-10-21T15:01:07","date_gmt":"2025-10-21T13:01:07","guid":{"rendered":"https:\/\/animefigurer.se\/produkt\/the-shiunji-family-children-trio-try-it-ouka-shiunji-theme-park-day-ver-figure\/"},"modified":"2025-12-21T19:36:18","modified_gmt":"2025-12-21T18:36:18","slug":"the-shiunji-family-children-trio-try-it-ouka-shiunji-theme-park-day-ver-figure","status":"publish","type":"product","link":"https:\/\/animefigurer.se\/en\/figurer\/the-shiunji-family-children\/the-shiunji-family-children-trio-try-it-ouka-shiunji-theme-park-day-ver-figure\/","title":{"rendered":"The Shiunji Family Children Trio-Try-iT Ouka Shiunji (Theme Park Day Ver.) Figure"},"content":{"rendered":"<p>Based on the anime series The Shiunji Family Children, the Trio-Try-iT Ouka Shiunji (Theme Park Day ver.) from FuRyu features detailed modeling and a color scheme that will catch the viewer&#039;s attention.<\/p>\n<p>With Trio-Try-iT, FuRyu is developing a line that challenges norms for figure posing and size. Trio stands for quality, size and sculpting, Try stands for the courage to try new expressions, and iT represents the product itself.<\/p>","protected":false},"excerpt":{"rendered":"<p>Based on the anime series The Shiunji Family Children, the Trio-Try-iT Ouka Shiunji (Theme Park Day ver.) from FuRyu features detailed modeling and a color scheme that will catch the viewer&#039;s attention.<\/p>\n<p>FuRyu develops a line with Trio-Try-iT that challenges norms for figure poses<\/p>","protected":false},"featured_media":69494,"comment_status":"closed","ping_status":"open","template":"","meta":{"_acf_changed":false,"_monsterinsights_skip_tracking":false,"_monsterinsights_sitenote_active":false,"_monsterinsights_sitenote_note":"","_monsterinsights_sitenote_category":0},"product_brand":[6994],"product_cat":[7233,5630],"product_tag":[26],"giftcard-category":[],"class_list":{"0":"post-69493","1":"product","2":"type-product","3":"status-publish","4":"has-post-thumbnail","6":"product_brand-furyu","7":"product_cat-pre-order","8":"product_cat-the-shiunji-family-children","9":"product_tag-pre-order","10":"pa_franchise-the-shiunji-family-children","11":"pa_karaktar-ouka-shiunji","12":"pa_material-pvc-abs","13":"pa_produktserie-trio-try-it","14":"pa_storlek-21-cm","16":"first","17":"instock","18":"taxable","19":"shipping-taxable","20":"purchasable","21":"product-type-simple"},"acf":[],"yoast_head":"<!-- This site is optimized with the Yoast SEO Premium plugin v24.6 (Yoast SEO v27.3) - https:\/\/yoast.com\/product\/yoast-seo-premium-wordpress\/ -->\n<title>The Shiunji Family Children Trio-Try-iT Ouka Shiunji (Theme Park Day Ver.) Figure | Animefigurer.se<\/title>\n<meta name=\"robots\" content=\"index, follow, max-snippet:-1, max-image-preview:large, max-video-preview:-1\" \/>\n<link rel=\"canonical\" href=\"https:\/\/animefigurer.se\/en\/figurer\/the-shiunji-family-children\/the-shiunji-family-children-trio-try-it-ouka-shiunji-theme-park-day-ver-figure\/\" \/>\n<meta property=\"og:locale\" content=\"en_GB\" \/>\n<meta property=\"og:type\" content=\"article\" \/>\n<meta property=\"og:title\" content=\"The Shiunji Family Children Trio-Try-iT Ouka Shiunji (Theme Park Day Ver.) Figure\" \/>\n<meta property=\"og:description\" content=\"Baserad p\u00e5 anime-serien The Shiunji Family Children kommer Trio-Try-iT Ouka Shiunji (Theme Park Day-ver.) fr\u00e5n FuRyu. Figuren utm\u00e4rker sig genom detaljerad modellering och en f\u00e4rgs\u00e4ttning som f\u00e5ngar \u00e5sk\u00e5darens uppm\u00e4rksamhet. FuRyu utvecklar med Trio-Try-iT en linje som utmanar normer f\u00f6r figurposer\" \/>\n<meta property=\"og:url\" content=\"https:\/\/animefigurer.se\/en\/figurer\/the-shiunji-family-children\/the-shiunji-family-children-trio-try-it-ouka-shiunji-theme-park-day-ver-figure\/\" \/>\n<meta property=\"og:site_name\" content=\"Animefigurer.se\" \/>\n<meta property=\"article:publisher\" content=\"https:\/\/www.facebook.com\/profile.php?id=61581826539670\" \/>\n<meta property=\"article:modified_time\" content=\"2025-12-21T18:36:18+00:00\" \/>\n<meta property=\"og:image\" content=\"https:\/\/animefigurer.se\/wp-content\/uploads\/2025\/12\/Animefigurer_logowhite.png\" \/>\n\t<meta property=\"og:image:width\" content=\"1890\" \/>\n\t<meta property=\"og:image:height\" content=\"1417\" \/>\n\t<meta property=\"og:image:type\" content=\"image\/png\" \/>\n<meta name=\"twitter:card\" content=\"summary_large_image\" \/>\n<script type=\"application\/ld+json\" class=\"yoast-schema-graph\">{\"@context\":\"https:\\\/\\\/schema.org\",\"@graph\":[{\"@type\":\"WebPage\",\"@id\":\"https:\\\/\\\/animefigurer.se\\\/figurer\\\/the-shiunji-family-children\\\/the-shiunji-family-children-trio-try-it-ouka-shiunji-theme-park-day-ver-figure\\\/\",\"url\":\"https:\\\/\\\/animefigurer.se\\\/figurer\\\/the-shiunji-family-children\\\/the-shiunji-family-children-trio-try-it-ouka-shiunji-theme-park-day-ver-figure\\\/\",\"name\":\"The Shiunji Family Children Trio-Try-iT Ouka Shiunji (Theme Park Day Ver.) Figure | Animefigurer.se\",\"isPartOf\":{\"@id\":\"https:\\\/\\\/animefigurer.se\\\/#website\"},\"primaryImageOfPage\":{\"@id\":\"https:\\\/\\\/animefigurer.se\\\/figurer\\\/the-shiunji-family-children\\\/the-shiunji-family-children-trio-try-it-ouka-shiunji-theme-park-day-ver-figure\\\/#primaryimage\"},\"image\":{\"@id\":\"https:\\\/\\\/animefigurer.se\\\/figurer\\\/the-shiunji-family-children\\\/the-shiunji-family-children-trio-try-it-ouka-shiunji-theme-park-day-ver-figure\\\/#primaryimage\"},\"thumbnailUrl\":\"https:\\\/\\\/animefigurer.se\\\/wp-content\\\/uploads\\\/2025\\\/10\\\/6880c013c502a.jpeg\",\"datePublished\":\"2025-10-21T13:01:07+00:00\",\"dateModified\":\"2025-12-21T18:36:18+00:00\",\"breadcrumb\":{\"@id\":\"https:\\\/\\\/animefigurer.se\\\/figurer\\\/the-shiunji-family-children\\\/the-shiunji-family-children-trio-try-it-ouka-shiunji-theme-park-day-ver-figure\\\/#breadcrumb\"},\"inLanguage\":\"en-GB\",\"potentialAction\":[{\"@type\":\"ReadAction\",\"target\":[\"https:\\\/\\\/animefigurer.se\\\/figurer\\\/the-shiunji-family-children\\\/the-shiunji-family-children-trio-try-it-ouka-shiunji-theme-park-day-ver-figure\\\/\"]}]},{\"@type\":\"ImageObject\",\"inLanguage\":\"en-GB\",\"@id\":\"https:\\\/\\\/animefigurer.se\\\/figurer\\\/the-shiunji-family-children\\\/the-shiunji-family-children-trio-try-it-ouka-shiunji-theme-park-day-ver-figure\\\/#primaryimage\",\"url\":\"https:\\\/\\\/animefigurer.se\\\/wp-content\\\/uploads\\\/2025\\\/10\\\/6880c013c502a.jpeg\",\"contentUrl\":\"https:\\\/\\\/animefigurer.se\\\/wp-content\\\/uploads\\\/2025\\\/10\\\/6880c013c502a.jpeg\",\"width\":1000,\"height\":750},{\"@type\":\"BreadcrumbList\",\"@id\":\"https:\\\/\\\/animefigurer.se\\\/figurer\\\/the-shiunji-family-children\\\/the-shiunji-family-children-trio-try-it-ouka-shiunji-theme-park-day-ver-figure\\\/#breadcrumb\",\"itemListElement\":[{\"@type\":\"ListItem\",\"position\":1,\"name\":\"Home\",\"item\":\"https:\\\/\\\/animefigurer.se\\\/\"},{\"@type\":\"ListItem\",\"position\":2,\"name\":\"Butik\",\"item\":\"https:\\\/\\\/animefigurer.se\\\/figurer\\\/\"},{\"@type\":\"ListItem\",\"position\":3,\"name\":\"The Shiunji Family Children Trio-Try-iT Ouka Shiunji (Theme Park Day Ver.) Figure\"}]},{\"@type\":\"WebSite\",\"@id\":\"https:\\\/\\\/animefigurer.se\\\/#website\",\"url\":\"https:\\\/\\\/animefigurer.se\\\/\",\"name\":\"Animefigurer.se\",\"description\":\"Anime figurer fr\u00e5n \u00f6ver 300 olika anime serier med \u00f6ver 9000 produkter | Anime Shop\",\"publisher\":{\"@id\":\"https:\\\/\\\/animefigurer.se\\\/#organization\"},\"potentialAction\":[{\"@type\":\"SearchAction\",\"target\":{\"@type\":\"EntryPoint\",\"urlTemplate\":\"https:\\\/\\\/animefigurer.se\\\/?s={search_term_string}\"},\"query-input\":{\"@type\":\"PropertyValueSpecification\",\"valueRequired\":true,\"valueName\":\"search_term_string\"}}],\"inLanguage\":\"en-GB\"},{\"@type\":\"Organization\",\"@id\":\"https:\\\/\\\/animefigurer.se\\\/#organization\",\"name\":\"Animefigurer.se\",\"alternateName\":\"Anime figurer | Anime shop\",\"url\":\"https:\\\/\\\/animefigurer.se\\\/\",\"logo\":{\"@type\":\"ImageObject\",\"inLanguage\":\"en-GB\",\"@id\":\"https:\\\/\\\/animefigurer.se\\\/#\\\/schema\\\/logo\\\/image\\\/\",\"url\":\"https:\\\/\\\/animefigurer.se\\\/wp-content\\\/uploads\\\/2025\\\/12\\\/Animefigurer_logowhite.png\",\"contentUrl\":\"https:\\\/\\\/animefigurer.se\\\/wp-content\\\/uploads\\\/2025\\\/12\\\/Animefigurer_logowhite.png\",\"width\":1890,\"height\":1417,\"caption\":\"Animefigurer.se\"},\"image\":{\"@id\":\"https:\\\/\\\/animefigurer.se\\\/#\\\/schema\\\/logo\\\/image\\\/\"},\"sameAs\":[\"https:\\\/\\\/www.facebook.com\\\/profile.php?id=61581826539670\",\"https:\\\/\\\/www.instagram.com\\\/animefigurer.se\\\/\"],\"email\":\"info@animefigurer.se\"}]}<\/script>\n<!-- \/ Yoast SEO Premium plugin. -->","yoast_head_json":{"title":"The Shiunji Family Children Trio-Try-iT Ouka Shiunji (Theme Park Day Ver.) Figure | Animefigurer.se","robots":{"index":"index","follow":"follow","max-snippet":"max-snippet:-1","max-image-preview":"max-image-preview:large","max-video-preview":"max-video-preview:-1"},"canonical":"https:\/\/animefigurer.se\/en\/figurer\/the-shiunji-family-children\/the-shiunji-family-children-trio-try-it-ouka-shiunji-theme-park-day-ver-figure\/","og_locale":"en_GB","og_type":"article","og_title":"The Shiunji Family Children Trio-Try-iT Ouka Shiunji (Theme Park Day Ver.) Figure","og_description":"Baserad p\u00e5 anime-serien The Shiunji Family Children kommer Trio-Try-iT Ouka Shiunji (Theme Park Day-ver.) fr\u00e5n FuRyu. Figuren utm\u00e4rker sig genom detaljerad modellering och en f\u00e4rgs\u00e4ttning som f\u00e5ngar \u00e5sk\u00e5darens uppm\u00e4rksamhet. FuRyu utvecklar med Trio-Try-iT en linje som utmanar normer f\u00f6r figurposer","og_url":"https:\/\/animefigurer.se\/en\/figurer\/the-shiunji-family-children\/the-shiunji-family-children-trio-try-it-ouka-shiunji-theme-park-day-ver-figure\/","og_site_name":"Animefigurer.se","article_publisher":"https:\/\/www.facebook.com\/profile.php?id=61581826539670","article_modified_time":"2025-12-21T18:36:18+00:00","og_image":[{"width":1890,"height":1417,"url":"https:\/\/animefigurer.se\/wp-content\/uploads\/2025\/12\/Animefigurer_logowhite.png","type":"image\/png"}],"twitter_card":"summary_large_image","schema":{"@context":"https:\/\/schema.org","@graph":[{"@type":"WebPage","@id":"https:\/\/animefigurer.se\/figurer\/the-shiunji-family-children\/the-shiunji-family-children-trio-try-it-ouka-shiunji-theme-park-day-ver-figure\/","url":"https:\/\/animefigurer.se\/figurer\/the-shiunji-family-children\/the-shiunji-family-children-trio-try-it-ouka-shiunji-theme-park-day-ver-figure\/","name":"The Shiunji Family Children Trio-Try-iT Ouka Shiunji (Theme Park Day Ver.) Figure | Animefigurer.se","isPartOf":{"@id":"https:\/\/animefigurer.se\/#website"},"primaryImageOfPage":{"@id":"https:\/\/animefigurer.se\/figurer\/the-shiunji-family-children\/the-shiunji-family-children-trio-try-it-ouka-shiunji-theme-park-day-ver-figure\/#primaryimage"},"image":{"@id":"https:\/\/animefigurer.se\/figurer\/the-shiunji-family-children\/the-shiunji-family-children-trio-try-it-ouka-shiunji-theme-park-day-ver-figure\/#primaryimage"},"thumbnailUrl":"https:\/\/animefigurer.se\/wp-content\/uploads\/2025\/10\/6880c013c502a.jpeg","datePublished":"2025-10-21T13:01:07+00:00","dateModified":"2025-12-21T18:36:18+00:00","breadcrumb":{"@id":"https:\/\/animefigurer.se\/figurer\/the-shiunji-family-children\/the-shiunji-family-children-trio-try-it-ouka-shiunji-theme-park-day-ver-figure\/#breadcrumb"},"inLanguage":"en-GB","potentialAction":[{"@type":"ReadAction","target":["https:\/\/animefigurer.se\/figurer\/the-shiunji-family-children\/the-shiunji-family-children-trio-try-it-ouka-shiunji-theme-park-day-ver-figure\/"]}]},{"@type":"ImageObject","inLanguage":"en-GB","@id":"https:\/\/animefigurer.se\/figurer\/the-shiunji-family-children\/the-shiunji-family-children-trio-try-it-ouka-shiunji-theme-park-day-ver-figure\/#primaryimage","url":"https:\/\/animefigurer.se\/wp-content\/uploads\/2025\/10\/6880c013c502a.jpeg","contentUrl":"https:\/\/animefigurer.se\/wp-content\/uploads\/2025\/10\/6880c013c502a.jpeg","width":1000,"height":750},{"@type":"BreadcrumbList","@id":"https:\/\/animefigurer.se\/figurer\/the-shiunji-family-children\/the-shiunji-family-children-trio-try-it-ouka-shiunji-theme-park-day-ver-figure\/#breadcrumb","itemListElement":[{"@type":"ListItem","position":1,"name":"Home","item":"https:\/\/animefigurer.se\/"},{"@type":"ListItem","position":2,"name":"Butik","item":"https:\/\/animefigurer.se\/figurer\/"},{"@type":"ListItem","position":3,"name":"The Shiunji Family Children Trio-Try-iT Ouka Shiunji (Theme Park Day Ver.) Figure"}]},{"@type":"WebSite","@id":"https:\/\/animefigurer.se\/#website","url":"https:\/\/animefigurer.se\/","name":"Animefigurer.se","description":"Anime figures from over 300 different anime series with over 9000 products | Anime Shop","publisher":{"@id":"https:\/\/animefigurer.se\/#organization"},"potentialAction":[{"@type":"SearchAction","target":{"@type":"EntryPoint","urlTemplate":"https:\/\/animefigurer.se\/?s={search_term_string}"},"query-input":{"@type":"PropertyValueSpecification","valueRequired":true,"valueName":"search_term_string"}}],"inLanguage":"en-GB"},{"@type":"Organization","@id":"https:\/\/animefigurer.se\/#organization","name":"Animefigurer.se","alternateName":"Anime figurer | Anime shop","url":"https:\/\/animefigurer.se\/","logo":{"@type":"ImageObject","inLanguage":"en-GB","@id":"https:\/\/animefigurer.se\/#\/schema\/logo\/image\/","url":"https:\/\/animefigurer.se\/wp-content\/uploads\/2025\/12\/Animefigurer_logowhite.png","contentUrl":"https:\/\/animefigurer.se\/wp-content\/uploads\/2025\/12\/Animefigurer_logowhite.png","width":1890,"height":1417,"caption":"Animefigurer.se"},"image":{"@id":"https:\/\/animefigurer.se\/#\/schema\/logo\/image\/"},"sameAs":["https:\/\/www.facebook.com\/profile.php?id=61581826539670","https:\/\/www.instagram.com\/animefigurer.se\/"],"email":"info@animefigurer.se"}]}},"_links":{"self":[{"href":"https:\/\/animefigurer.se\/en\/wp-json\/wp\/v2\/product\/69493","targetHints":{"allow":["GET"]}}],"collection":[{"href":"https:\/\/animefigurer.se\/en\/wp-json\/wp\/v2\/product"}],"about":[{"href":"https:\/\/animefigurer.se\/en\/wp-json\/wp\/v2\/types\/product"}],"replies":[{"embeddable":true,"href":"https:\/\/animefigurer.se\/en\/wp-json\/wp\/v2\/comments?post=69493"}],"wp:featuredmedia":[{"embeddable":true,"href":"https:\/\/animefigurer.se\/en\/wp-json\/wp\/v2\/media\/69494"}],"wp:attachment":[{"href":"https:\/\/animefigurer.se\/en\/wp-json\/wp\/v2\/media?parent=69493"}],"wp:term":[{"taxonomy":"product_brand","embeddable":true,"href":"https:\/\/animefigurer.se\/en\/wp-json\/wp\/v2\/product_brand?post=69493"},{"taxonomy":"product_cat","embeddable":true,"href":"https:\/\/animefigurer.se\/en\/wp-json\/wp\/v2\/product_cat?post=69493"},{"taxonomy":"product_tag","embeddable":true,"href":"https:\/\/animefigurer.se\/en\/wp-json\/wp\/v2\/product_tag?post=69493"},{"taxonomy":"giftcard-category","embeddable":true,"href":"https:\/\/animefigurer.se\/en\/wp-json\/wp\/v2\/giftcard-category?post=69493"}],"curies":[{"name":"wp","href":"https:\/\/api.w.org\/{rel}","templated":true}]}}