{"id":69315,"date":"2025-10-21T14:58:15","date_gmt":"2025-10-21T12:58:15","guid":{"rendered":"https:\/\/animefigurer.se\/produkt\/the-rising-of-the-shield-hero-prisma-wing-raphtalia-season-2-ver\/"},"modified":"2025-12-21T19:36:16","modified_gmt":"2025-12-21T18:36:16","slug":"the-rising-of-the-shield-hero-prisma-wing-raphtalia-season-2-ver","status":"publish","type":"product","link":"https:\/\/animefigurer.se\/en\/figurer\/the-rising-of-the-shield-hero\/the-rising-of-the-shield-hero-prisma-wing-raphtalia-season-2-ver\/","title":{"rendered":"The Rising of the Shield Hero Prisma Wing Raphtalia (Season 2 Ver.)"},"content":{"rendered":"<p>Celebrating the 10th anniversary of the original web series and over 11 million copies sold worldwide! From the acclaimed anime The Rising of the Shield Hero Season 2, we introduce the main character Raphtalia.<\/p>\n<p>This figure captures Raphtalia&#039;s innocent side in the midst of adventure. She holds her sword with both hands in a sweet yet poised pose that contrasts with her role as Naofumi&#039;s loyal companion. The slightly tilted sign creates a warm, heartwarming scene.<\/p>\n<p>The details are meticulously rendered: Raphtalia&#039;s characteristic upward gaze, her light brown fluffy ears, her flowing hair, and her natural, smooth skin tone. The lacquer and molding capture the movement and texture of the hair. The iron sword she leans on emphasizes both its weight and Raphtalia&#039;s strength. Every piece of clothing \u2014 from the slight wrinkles to the arm and leg guards \u2014 shows a high level of detail.<\/p>\n<p>Welcome Raphtalia to your collection and discover the innocent side of this brave swordsman.<\/p>","protected":false},"excerpt":{"rendered":"<p>Celebrating the 10th anniversary of the original web series and over 11 million copies sold worldwide! From the acclaimed anime The Rising of the Shield Hero Season 2, we introduce the main character Raphtalia.<\/p>\n<p>This figure captures Raphtalia&#039;s innocent side in the midst of adventure. She holds her sword with<\/p>","protected":false},"featured_media":69316,"comment_status":"closed","ping_status":"open","template":"","meta":{"_acf_changed":false,"_monsterinsights_skip_tracking":false,"_monsterinsights_sitenote_active":false,"_monsterinsights_sitenote_note":"","_monsterinsights_sitenote_category":0},"product_brand":[7111],"product_cat":[5610],"product_tag":[24],"giftcard-category":[],"class_list":{"0":"post-69315","1":"product","2":"type-product","3":"status-publish","4":"has-post-thumbnail","6":"product_brand-prime-1-studio","7":"product_cat-the-rising-of-the-shield-hero","8":"product_tag-2-3-weeks","9":"pa_franchise-the-rising-of-the-shield-hero","10":"pa_karaktar-raphtalia","11":"pa_material-pvc-abs","12":"pa_produktserie-prisma-wing","13":"pa_skala-41","14":"pa_storlek-21-cm","16":"first","17":"instock","18":"taxable","19":"shipping-taxable","20":"purchasable","21":"product-type-simple"},"acf":[],"yoast_head":"<!-- This site is optimized with the Yoast SEO Premium plugin v24.6 (Yoast SEO v27.3) - https:\/\/yoast.com\/product\/yoast-seo-premium-wordpress\/ -->\n<title>The Rising of the Shield Hero Prisma Wing Raphtalia (Season 2 Ver.) | Animefigurer.se<\/title>\n<meta name=\"robots\" content=\"index, follow, max-snippet:-1, max-image-preview:large, max-video-preview:-1\" \/>\n<link rel=\"canonical\" href=\"https:\/\/animefigurer.se\/en\/figurer\/the-rising-of-the-shield-hero\/the-rising-of-the-shield-hero-prisma-wing-raphtalia-season-2-ver\/\" \/>\n<meta property=\"og:locale\" content=\"en_GB\" \/>\n<meta property=\"og:type\" content=\"article\" \/>\n<meta property=\"og:title\" content=\"The Rising of the Shield Hero Prisma Wing Raphtalia (Season 2 Ver.)\" \/>\n<meta property=\"og:description\" content=\"Vi firar 10-\u00e5rsjubileet av den ursprungliga webbserien och \u00f6ver 11 miljoner s\u00e5lda exemplar v\u00e4rlden \u00f6ver! Fr\u00e5n den hyllade animen The Rising of the Shield Hero s\u00e4song 2 presenterar vi huvudpersonen Raphtalia. Denna figur f\u00e5ngar Raphtalias oskuldsfulla sida mitt i \u00e4ventyret. Hon h\u00e5ller sitt sv\u00e4rd med\" \/>\n<meta property=\"og:url\" content=\"https:\/\/animefigurer.se\/en\/figurer\/the-rising-of-the-shield-hero\/the-rising-of-the-shield-hero-prisma-wing-raphtalia-season-2-ver\/\" \/>\n<meta property=\"og:site_name\" content=\"Animefigurer.se\" \/>\n<meta property=\"article:publisher\" content=\"https:\/\/www.facebook.com\/profile.php?id=61581826539670\" \/>\n<meta property=\"article:modified_time\" content=\"2025-12-21T18:36:16+00:00\" \/>\n<meta property=\"og:image\" content=\"https:\/\/animefigurer.se\/wp-content\/uploads\/2025\/12\/Animefigurer_logowhite.png\" \/>\n\t<meta property=\"og:image:width\" content=\"1890\" \/>\n\t<meta property=\"og:image:height\" content=\"1417\" \/>\n\t<meta property=\"og:image:type\" content=\"image\/png\" \/>\n<meta name=\"twitter:card\" content=\"summary_large_image\" \/>\n<meta name=\"twitter:label1\" content=\"Estimated reading time\" \/>\n\t<meta name=\"twitter:data1\" content=\"1 minute\" \/>\n<script type=\"application\/ld+json\" class=\"yoast-schema-graph\">{\"@context\":\"https:\\\/\\\/schema.org\",\"@graph\":[{\"@type\":\"WebPage\",\"@id\":\"https:\\\/\\\/animefigurer.se\\\/en\\\/figurer\\\/the-rising-of-the-shield-hero\\\/the-rising-of-the-shield-hero-prisma-wing-raphtalia-season-2-ver\\\/\",\"url\":\"https:\\\/\\\/animefigurer.se\\\/en\\\/figurer\\\/the-rising-of-the-shield-hero\\\/the-rising-of-the-shield-hero-prisma-wing-raphtalia-season-2-ver\\\/\",\"name\":\"The Rising of the Shield Hero Prisma Wing Raphtalia (Season 2 Ver.) | Animefigurer.se\",\"isPartOf\":{\"@id\":\"https:\\\/\\\/animefigurer.se\\\/#website\"},\"primaryImageOfPage\":{\"@id\":\"https:\\\/\\\/animefigurer.se\\\/en\\\/figurer\\\/the-rising-of-the-shield-hero\\\/the-rising-of-the-shield-hero-prisma-wing-raphtalia-season-2-ver\\\/#primaryimage\"},\"image\":{\"@id\":\"https:\\\/\\\/animefigurer.se\\\/en\\\/figurer\\\/the-rising-of-the-shield-hero\\\/the-rising-of-the-shield-hero-prisma-wing-raphtalia-season-2-ver\\\/#primaryimage\"},\"thumbnailUrl\":\"https:\\\/\\\/animefigurer.se\\\/wp-content\\\/uploads\\\/2025\\\/10\\\/64eca8cb5ab4b.jpeg\",\"datePublished\":\"2025-10-21T12:58:15+00:00\",\"dateModified\":\"2025-12-21T18:36:16+00:00\",\"breadcrumb\":{\"@id\":\"https:\\\/\\\/animefigurer.se\\\/en\\\/figurer\\\/the-rising-of-the-shield-hero\\\/the-rising-of-the-shield-hero-prisma-wing-raphtalia-season-2-ver\\\/#breadcrumb\"},\"inLanguage\":\"en-GB\",\"potentialAction\":[{\"@type\":\"ReadAction\",\"target\":[\"https:\\\/\\\/animefigurer.se\\\/en\\\/figurer\\\/the-rising-of-the-shield-hero\\\/the-rising-of-the-shield-hero-prisma-wing-raphtalia-season-2-ver\\\/\"]}]},{\"@type\":\"ImageObject\",\"inLanguage\":\"en-GB\",\"@id\":\"https:\\\/\\\/animefigurer.se\\\/en\\\/figurer\\\/the-rising-of-the-shield-hero\\\/the-rising-of-the-shield-hero-prisma-wing-raphtalia-season-2-ver\\\/#primaryimage\",\"url\":\"https:\\\/\\\/animefigurer.se\\\/wp-content\\\/uploads\\\/2025\\\/10\\\/64eca8cb5ab4b.jpeg\",\"contentUrl\":\"https:\\\/\\\/animefigurer.se\\\/wp-content\\\/uploads\\\/2025\\\/10\\\/64eca8cb5ab4b.jpeg\",\"width\":720,\"height\":540},{\"@type\":\"BreadcrumbList\",\"@id\":\"https:\\\/\\\/animefigurer.se\\\/en\\\/figurer\\\/the-rising-of-the-shield-hero\\\/the-rising-of-the-shield-hero-prisma-wing-raphtalia-season-2-ver\\\/#breadcrumb\",\"itemListElement\":[{\"@type\":\"ListItem\",\"position\":1,\"name\":\"Home\",\"item\":\"https:\\\/\\\/animefigurer.se\\\/\"},{\"@type\":\"ListItem\",\"position\":2,\"name\":\"Butik\",\"item\":\"https:\\\/\\\/animefigurer.se\\\/figurer\\\/\"},{\"@type\":\"ListItem\",\"position\":3,\"name\":\"The Rising of the Shield Hero Prisma Wing Raphtalia (Season 2 Ver.)\"}]},{\"@type\":\"WebSite\",\"@id\":\"https:\\\/\\\/animefigurer.se\\\/#website\",\"url\":\"https:\\\/\\\/animefigurer.se\\\/\",\"name\":\"Animefigurer.se\",\"description\":\"Anime figurer fr\u00e5n \u00f6ver 300 olika anime serier med \u00f6ver 9000 produkter | Anime Shop\",\"publisher\":{\"@id\":\"https:\\\/\\\/animefigurer.se\\\/#organization\"},\"potentialAction\":[{\"@type\":\"SearchAction\",\"target\":{\"@type\":\"EntryPoint\",\"urlTemplate\":\"https:\\\/\\\/animefigurer.se\\\/?s={search_term_string}\"},\"query-input\":{\"@type\":\"PropertyValueSpecification\",\"valueRequired\":true,\"valueName\":\"search_term_string\"}}],\"inLanguage\":\"en-GB\"},{\"@type\":\"Organization\",\"@id\":\"https:\\\/\\\/animefigurer.se\\\/#organization\",\"name\":\"Animefigurer.se\",\"alternateName\":\"Anime figurer | Anime shop\",\"url\":\"https:\\\/\\\/animefigurer.se\\\/\",\"logo\":{\"@type\":\"ImageObject\",\"inLanguage\":\"en-GB\",\"@id\":\"https:\\\/\\\/animefigurer.se\\\/#\\\/schema\\\/logo\\\/image\\\/\",\"url\":\"https:\\\/\\\/animefigurer.se\\\/wp-content\\\/uploads\\\/2025\\\/12\\\/Animefigurer_logowhite.png\",\"contentUrl\":\"https:\\\/\\\/animefigurer.se\\\/wp-content\\\/uploads\\\/2025\\\/12\\\/Animefigurer_logowhite.png\",\"width\":1890,\"height\":1417,\"caption\":\"Animefigurer.se\"},\"image\":{\"@id\":\"https:\\\/\\\/animefigurer.se\\\/#\\\/schema\\\/logo\\\/image\\\/\"},\"sameAs\":[\"https:\\\/\\\/www.facebook.com\\\/profile.php?id=61581826539670\",\"https:\\\/\\\/www.instagram.com\\\/animefigurer.se\\\/\"],\"email\":\"info@animefigurer.se\"}]}<\/script>\n<!-- \/ Yoast SEO Premium plugin. -->","yoast_head_json":{"title":"The Rising of the Shield Hero Prisma Wing Raphtalia (Season 2 Ver.) | Animefigurer.se","robots":{"index":"index","follow":"follow","max-snippet":"max-snippet:-1","max-image-preview":"max-image-preview:large","max-video-preview":"max-video-preview:-1"},"canonical":"https:\/\/animefigurer.se\/en\/figurer\/the-rising-of-the-shield-hero\/the-rising-of-the-shield-hero-prisma-wing-raphtalia-season-2-ver\/","og_locale":"en_GB","og_type":"article","og_title":"The Rising of the Shield Hero Prisma Wing Raphtalia (Season 2 Ver.)","og_description":"Vi firar 10-\u00e5rsjubileet av den ursprungliga webbserien och \u00f6ver 11 miljoner s\u00e5lda exemplar v\u00e4rlden \u00f6ver! Fr\u00e5n den hyllade animen The Rising of the Shield Hero s\u00e4song 2 presenterar vi huvudpersonen Raphtalia. Denna figur f\u00e5ngar Raphtalias oskuldsfulla sida mitt i \u00e4ventyret. Hon h\u00e5ller sitt sv\u00e4rd med","og_url":"https:\/\/animefigurer.se\/en\/figurer\/the-rising-of-the-shield-hero\/the-rising-of-the-shield-hero-prisma-wing-raphtalia-season-2-ver\/","og_site_name":"Animefigurer.se","article_publisher":"https:\/\/www.facebook.com\/profile.php?id=61581826539670","article_modified_time":"2025-12-21T18:36:16+00:00","og_image":[{"width":1890,"height":1417,"url":"https:\/\/animefigurer.se\/wp-content\/uploads\/2025\/12\/Animefigurer_logowhite.png","type":"image\/png"}],"twitter_card":"summary_large_image","twitter_misc":{"Estimated reading time":"1 minute"},"schema":{"@context":"https:\/\/schema.org","@graph":[{"@type":"WebPage","@id":"https:\/\/animefigurer.se\/en\/figurer\/the-rising-of-the-shield-hero\/the-rising-of-the-shield-hero-prisma-wing-raphtalia-season-2-ver\/","url":"https:\/\/animefigurer.se\/en\/figurer\/the-rising-of-the-shield-hero\/the-rising-of-the-shield-hero-prisma-wing-raphtalia-season-2-ver\/","name":"The Rising of the Shield Hero Prisma Wing Raphtalia (Season 2 Ver.) | Animefigurer.se","isPartOf":{"@id":"https:\/\/animefigurer.se\/#website"},"primaryImageOfPage":{"@id":"https:\/\/animefigurer.se\/en\/figurer\/the-rising-of-the-shield-hero\/the-rising-of-the-shield-hero-prisma-wing-raphtalia-season-2-ver\/#primaryimage"},"image":{"@id":"https:\/\/animefigurer.se\/en\/figurer\/the-rising-of-the-shield-hero\/the-rising-of-the-shield-hero-prisma-wing-raphtalia-season-2-ver\/#primaryimage"},"thumbnailUrl":"https:\/\/animefigurer.se\/wp-content\/uploads\/2025\/10\/64eca8cb5ab4b.jpeg","datePublished":"2025-10-21T12:58:15+00:00","dateModified":"2025-12-21T18:36:16+00:00","breadcrumb":{"@id":"https:\/\/animefigurer.se\/en\/figurer\/the-rising-of-the-shield-hero\/the-rising-of-the-shield-hero-prisma-wing-raphtalia-season-2-ver\/#breadcrumb"},"inLanguage":"en-GB","potentialAction":[{"@type":"ReadAction","target":["https:\/\/animefigurer.se\/en\/figurer\/the-rising-of-the-shield-hero\/the-rising-of-the-shield-hero-prisma-wing-raphtalia-season-2-ver\/"]}]},{"@type":"ImageObject","inLanguage":"en-GB","@id":"https:\/\/animefigurer.se\/en\/figurer\/the-rising-of-the-shield-hero\/the-rising-of-the-shield-hero-prisma-wing-raphtalia-season-2-ver\/#primaryimage","url":"https:\/\/animefigurer.se\/wp-content\/uploads\/2025\/10\/64eca8cb5ab4b.jpeg","contentUrl":"https:\/\/animefigurer.se\/wp-content\/uploads\/2025\/10\/64eca8cb5ab4b.jpeg","width":720,"height":540},{"@type":"BreadcrumbList","@id":"https:\/\/animefigurer.se\/en\/figurer\/the-rising-of-the-shield-hero\/the-rising-of-the-shield-hero-prisma-wing-raphtalia-season-2-ver\/#breadcrumb","itemListElement":[{"@type":"ListItem","position":1,"name":"Home","item":"https:\/\/animefigurer.se\/"},{"@type":"ListItem","position":2,"name":"Butik","item":"https:\/\/animefigurer.se\/figurer\/"},{"@type":"ListItem","position":3,"name":"The Rising of the Shield Hero Prisma Wing Raphtalia (Season 2 Ver.)"}]},{"@type":"WebSite","@id":"https:\/\/animefigurer.se\/#website","url":"https:\/\/animefigurer.se\/","name":"Animefigurer.se","description":"Anime figures from over 300 different anime series with over 9000 products | Anime Shop","publisher":{"@id":"https:\/\/animefigurer.se\/#organization"},"potentialAction":[{"@type":"SearchAction","target":{"@type":"EntryPoint","urlTemplate":"https:\/\/animefigurer.se\/?s={search_term_string}"},"query-input":{"@type":"PropertyValueSpecification","valueRequired":true,"valueName":"search_term_string"}}],"inLanguage":"en-GB"},{"@type":"Organization","@id":"https:\/\/animefigurer.se\/#organization","name":"Animefigurer.se","alternateName":"Anime figurer | Anime shop","url":"https:\/\/animefigurer.se\/","logo":{"@type":"ImageObject","inLanguage":"en-GB","@id":"https:\/\/animefigurer.se\/#\/schema\/logo\/image\/","url":"https:\/\/animefigurer.se\/wp-content\/uploads\/2025\/12\/Animefigurer_logowhite.png","contentUrl":"https:\/\/animefigurer.se\/wp-content\/uploads\/2025\/12\/Animefigurer_logowhite.png","width":1890,"height":1417,"caption":"Animefigurer.se"},"image":{"@id":"https:\/\/animefigurer.se\/#\/schema\/logo\/image\/"},"sameAs":["https:\/\/www.facebook.com\/profile.php?id=61581826539670","https:\/\/www.instagram.com\/animefigurer.se\/"],"email":"info@animefigurer.se"}]}},"_links":{"self":[{"href":"https:\/\/animefigurer.se\/en\/wp-json\/wp\/v2\/product\/69315","targetHints":{"allow":["GET"]}}],"collection":[{"href":"https:\/\/animefigurer.se\/en\/wp-json\/wp\/v2\/product"}],"about":[{"href":"https:\/\/animefigurer.se\/en\/wp-json\/wp\/v2\/types\/product"}],"replies":[{"embeddable":true,"href":"https:\/\/animefigurer.se\/en\/wp-json\/wp\/v2\/comments?post=69315"}],"wp:featuredmedia":[{"embeddable":true,"href":"https:\/\/animefigurer.se\/en\/wp-json\/wp\/v2\/media\/69316"}],"wp:attachment":[{"href":"https:\/\/animefigurer.se\/en\/wp-json\/wp\/v2\/media?parent=69315"}],"wp:term":[{"taxonomy":"product_brand","embeddable":true,"href":"https:\/\/animefigurer.se\/en\/wp-json\/wp\/v2\/product_brand?post=69315"},{"taxonomy":"product_cat","embeddable":true,"href":"https:\/\/animefigurer.se\/en\/wp-json\/wp\/v2\/product_cat?post=69315"},{"taxonomy":"product_tag","embeddable":true,"href":"https:\/\/animefigurer.se\/en\/wp-json\/wp\/v2\/product_tag?post=69315"},{"taxonomy":"giftcard-category","embeddable":true,"href":"https:\/\/animefigurer.se\/en\/wp-json\/wp\/v2\/giftcard-category?post=69315"}],"curies":[{"name":"wp","href":"https:\/\/api.w.org\/{rel}","templated":true}]}}