{"id":69251,"date":"2025-10-21T14:57:25","date_gmt":"2025-10-21T12:57:25","guid":{"rendered":"https:\/\/animefigurer.se\/produkt\/the-ring-bishoujo-15th-anniversary-sadako\/"},"modified":"2026-04-24T19:18:13","modified_gmt":"2026-04-24T17:18:13","slug":"the-ring-bishoujo-15th-anniversary-sadako","status":"publish","type":"product","link":"https:\/\/animefigurer.se\/en\/figurer\/the-ring\/the-ring-bishoujo-15th-anniversary-sadako\/","title":{"rendered":"The Ring Bishoujo 15th Anniversary Sadako"},"content":{"rendered":"<p>The BISHOUJO series is now reaching its 15th anniversary! To celebrate, Kotobukiya is adding one of the greatest icons of Japanese horror to the HORROR BISHOUJO line \u2014 Sadako, styled by Shunya Yamashita.<\/p>\n<p>To mimic the classic Japanese ghost look, she can be shown with long black hair covering her face. An alternative front section instead shows a lone eye peeking out from under her hair, giving a different sense of horror. Her iconic white dress uses see-through parts to simulate how the fabric becomes transparent when wet from the well. Her fingernails and toenails are damaged from scratching in the well and are painted a red tone that resembles teething.<\/p>\n<p>The design depicts Sadako floating with her psychic powers atop a pile of video tapes. The frayed tape that extends from the cassettes can be arranged freely around the statue. For added decoration, two rolls of spare tape are included, wrapped in a video tape-like box, so collectors can choose how much tape they want to use.<\/p>\n<p>A special detail is hidden among the videotapes \u2014 discover it for yourself when you add her to your collection!<\/p>\n<p>Exclusive to KOTOBUKIYA Shops and official overseas distributors, includes: Horror Face Part<\/p>\n<p>Height: approximately 17 cm. Comes in window box packaging.<\/p>","protected":false},"excerpt":{"rendered":"<p>The BISHOUJO series is now reaching its 15th anniversary! To celebrate, Kotobukiya is adding one of the greatest icons of Japanese horror to the HORROR BISHOUJO line \u2014 Sadako, styled by Shunya Yamashita.<\/p>\n<p>To mimic the classic Japanese ghost look, she may be shown with long black hair covering her face.<\/p>","protected":false},"featured_media":69252,"comment_status":"closed","ping_status":"closed","template":"","meta":{"_acf_changed":false,"_monsterinsights_skip_tracking":false,"_monsterinsights_sitenote_active":false,"_monsterinsights_sitenote_note":"","_monsterinsights_sitenote_category":0},"product_brand":[6892],"product_cat":[5607],"product_tag":[2561],"giftcard-category":[],"class_list":{"0":"post-69251","1":"product","2":"type-product","3":"status-publish","4":"has-post-thumbnail","6":"product_brand-kotobukiya","7":"product_cat-the-ring","8":"product_tag-sold-out","9":"pa_franchise-the-ring","10":"pa_karaktar-sadako","11":"pa_material-pvc-abs","12":"pa_produktserie-bishoujo","13":"pa_skala-41","14":"pa_storlek-17-cm","16":"first","17":"outofstock","18":"taxable","19":"shipping-taxable","20":"purchasable","21":"product-type-simple"},"acf":[],"yoast_head":"<!-- This site is optimized with the Yoast SEO Premium plugin v24.6 (Yoast SEO v27.3) - https:\/\/yoast.com\/product\/yoast-seo-premium-wordpress\/ -->\n<title>The Ring Bishoujo 15th Anniversary Sadako | Animefigurer.se<\/title>\n<meta name=\"robots\" content=\"index, follow, max-snippet:-1, max-image-preview:large, max-video-preview:-1\" \/>\n<link rel=\"canonical\" href=\"https:\/\/animefigurer.se\/en\/figurer\/the-ring\/the-ring-bishoujo-15th-anniversary-sadako\/\" \/>\n<meta property=\"og:locale\" content=\"en_GB\" \/>\n<meta property=\"og:type\" content=\"article\" \/>\n<meta property=\"og:title\" content=\"The Ring Bishoujo 15th Anniversary Sadako\" \/>\n<meta property=\"og:description\" content=\"The BISHOUJO-serien n\u00e5r nu sitt 15-\u00e5rsjubileum! F\u00f6r att fira l\u00e4gger Kotobukiya till en av de st\u00f6rsta ikonerna inom japansk skr\u00e4ck i HORROR BISHOUJO-linjen \u2014 Sadako, stylad av Shunya Yamashita.  F\u00f6r att efterlikna det klassiska japanska sp\u00f6kutseendet kan hon visas med l\u00e5ngt svart h\u00e5r som t\u00e4cker ansik\" \/>\n<meta property=\"og:url\" content=\"https:\/\/animefigurer.se\/en\/figurer\/the-ring\/the-ring-bishoujo-15th-anniversary-sadako\/\" \/>\n<meta property=\"og:site_name\" content=\"Animefigurer.se\" \/>\n<meta property=\"article:publisher\" content=\"https:\/\/www.facebook.com\/profile.php?id=61581826539670\" \/>\n<meta property=\"article:modified_time\" content=\"2026-04-24T17:18:13+00:00\" \/>\n<meta property=\"og:image\" content=\"https:\/\/animefigurer.se\/wp-content\/uploads\/2025\/12\/Animefigurer_logowhite.png\" \/>\n\t<meta property=\"og:image:width\" content=\"1890\" \/>\n\t<meta property=\"og:image:height\" content=\"1417\" \/>\n\t<meta property=\"og:image:type\" content=\"image\/png\" \/>\n<meta name=\"twitter:card\" content=\"summary_large_image\" \/>\n<meta name=\"twitter:label1\" content=\"Estimated reading time\" \/>\n\t<meta name=\"twitter:data1\" content=\"2 minutes\" \/>\n<script type=\"application\/ld+json\" class=\"yoast-schema-graph\">{\"@context\":\"https:\\\/\\\/schema.org\",\"@graph\":[{\"@type\":\"WebPage\",\"@id\":\"https:\\\/\\\/animefigurer.se\\\/figurer\\\/the-ring\\\/the-ring-bishoujo-15th-anniversary-sadako\\\/\",\"url\":\"https:\\\/\\\/animefigurer.se\\\/figurer\\\/the-ring\\\/the-ring-bishoujo-15th-anniversary-sadako\\\/\",\"name\":\"The Ring Bishoujo 15th Anniversary Sadako | Animefigurer.se\",\"isPartOf\":{\"@id\":\"https:\\\/\\\/animefigurer.se\\\/#website\"},\"primaryImageOfPage\":{\"@id\":\"https:\\\/\\\/animefigurer.se\\\/figurer\\\/the-ring\\\/the-ring-bishoujo-15th-anniversary-sadako\\\/#primaryimage\"},\"image\":{\"@id\":\"https:\\\/\\\/animefigurer.se\\\/figurer\\\/the-ring\\\/the-ring-bishoujo-15th-anniversary-sadako\\\/#primaryimage\"},\"thumbnailUrl\":\"https:\\\/\\\/animefigurer.se\\\/wp-content\\\/uploads\\\/2025\\\/10\\\/668d4fdc6ce0e.jpeg\",\"datePublished\":\"2025-10-21T12:57:25+00:00\",\"dateModified\":\"2026-04-24T17:18:13+00:00\",\"breadcrumb\":{\"@id\":\"https:\\\/\\\/animefigurer.se\\\/figurer\\\/the-ring\\\/the-ring-bishoujo-15th-anniversary-sadako\\\/#breadcrumb\"},\"inLanguage\":\"en-GB\",\"potentialAction\":[{\"@type\":\"ReadAction\",\"target\":[\"https:\\\/\\\/animefigurer.se\\\/figurer\\\/the-ring\\\/the-ring-bishoujo-15th-anniversary-sadako\\\/\"]}]},{\"@type\":\"ImageObject\",\"inLanguage\":\"en-GB\",\"@id\":\"https:\\\/\\\/animefigurer.se\\\/figurer\\\/the-ring\\\/the-ring-bishoujo-15th-anniversary-sadako\\\/#primaryimage\",\"url\":\"https:\\\/\\\/animefigurer.se\\\/wp-content\\\/uploads\\\/2025\\\/10\\\/668d4fdc6ce0e.jpeg\",\"contentUrl\":\"https:\\\/\\\/animefigurer.se\\\/wp-content\\\/uploads\\\/2025\\\/10\\\/668d4fdc6ce0e.jpeg\",\"width\":720,\"height\":540},{\"@type\":\"BreadcrumbList\",\"@id\":\"https:\\\/\\\/animefigurer.se\\\/figurer\\\/the-ring\\\/the-ring-bishoujo-15th-anniversary-sadako\\\/#breadcrumb\",\"itemListElement\":[{\"@type\":\"ListItem\",\"position\":1,\"name\":\"Home\",\"item\":\"https:\\\/\\\/animefigurer.se\\\/\"},{\"@type\":\"ListItem\",\"position\":2,\"name\":\"Butik\",\"item\":\"https:\\\/\\\/animefigurer.se\\\/figurer\\\/\"},{\"@type\":\"ListItem\",\"position\":3,\"name\":\"The Ring Bishoujo 15th Anniversary Sadako\"}]},{\"@type\":\"WebSite\",\"@id\":\"https:\\\/\\\/animefigurer.se\\\/#website\",\"url\":\"https:\\\/\\\/animefigurer.se\\\/\",\"name\":\"Animefigurer.se\",\"description\":\"Anime figurer fr\u00e5n \u00f6ver 300 olika anime serier med \u00f6ver 9000 produkter | Anime Shop\",\"publisher\":{\"@id\":\"https:\\\/\\\/animefigurer.se\\\/#organization\"},\"potentialAction\":[{\"@type\":\"SearchAction\",\"target\":{\"@type\":\"EntryPoint\",\"urlTemplate\":\"https:\\\/\\\/animefigurer.se\\\/?s={search_term_string}\"},\"query-input\":{\"@type\":\"PropertyValueSpecification\",\"valueRequired\":true,\"valueName\":\"search_term_string\"}}],\"inLanguage\":\"en-GB\"},{\"@type\":\"Organization\",\"@id\":\"https:\\\/\\\/animefigurer.se\\\/#organization\",\"name\":\"Animefigurer.se\",\"alternateName\":\"Anime figurer | Anime shop\",\"url\":\"https:\\\/\\\/animefigurer.se\\\/\",\"logo\":{\"@type\":\"ImageObject\",\"inLanguage\":\"en-GB\",\"@id\":\"https:\\\/\\\/animefigurer.se\\\/#\\\/schema\\\/logo\\\/image\\\/\",\"url\":\"https:\\\/\\\/animefigurer.se\\\/wp-content\\\/uploads\\\/2025\\\/12\\\/Animefigurer_logowhite.png\",\"contentUrl\":\"https:\\\/\\\/animefigurer.se\\\/wp-content\\\/uploads\\\/2025\\\/12\\\/Animefigurer_logowhite.png\",\"width\":1890,\"height\":1417,\"caption\":\"Animefigurer.se\"},\"image\":{\"@id\":\"https:\\\/\\\/animefigurer.se\\\/#\\\/schema\\\/logo\\\/image\\\/\"},\"sameAs\":[\"https:\\\/\\\/www.facebook.com\\\/profile.php?id=61581826539670\",\"https:\\\/\\\/www.instagram.com\\\/animefigurer.se\\\/\"],\"email\":\"info@animefigurer.se\"}]}<\/script>\n<!-- \/ Yoast SEO Premium plugin. -->","yoast_head_json":{"title":"The Ring Bishoujo 15th Anniversary Sadako | Animefigurer.se","robots":{"index":"index","follow":"follow","max-snippet":"max-snippet:-1","max-image-preview":"max-image-preview:large","max-video-preview":"max-video-preview:-1"},"canonical":"https:\/\/animefigurer.se\/en\/figurer\/the-ring\/the-ring-bishoujo-15th-anniversary-sadako\/","og_locale":"en_GB","og_type":"article","og_title":"The Ring Bishoujo 15th Anniversary Sadako","og_description":"The BISHOUJO-serien n\u00e5r nu sitt 15-\u00e5rsjubileum! F\u00f6r att fira l\u00e4gger Kotobukiya till en av de st\u00f6rsta ikonerna inom japansk skr\u00e4ck i HORROR BISHOUJO-linjen \u2014 Sadako, stylad av Shunya Yamashita.  F\u00f6r att efterlikna det klassiska japanska sp\u00f6kutseendet kan hon visas med l\u00e5ngt svart h\u00e5r som t\u00e4cker ansik","og_url":"https:\/\/animefigurer.se\/en\/figurer\/the-ring\/the-ring-bishoujo-15th-anniversary-sadako\/","og_site_name":"Animefigurer.se","article_publisher":"https:\/\/www.facebook.com\/profile.php?id=61581826539670","article_modified_time":"2026-04-24T17:18:13+00:00","og_image":[{"width":1890,"height":1417,"url":"https:\/\/animefigurer.se\/wp-content\/uploads\/2025\/12\/Animefigurer_logowhite.png","type":"image\/png"}],"twitter_card":"summary_large_image","twitter_misc":{"Estimated reading time":"2 minutes"},"schema":{"@context":"https:\/\/schema.org","@graph":[{"@type":"WebPage","@id":"https:\/\/animefigurer.se\/figurer\/the-ring\/the-ring-bishoujo-15th-anniversary-sadako\/","url":"https:\/\/animefigurer.se\/figurer\/the-ring\/the-ring-bishoujo-15th-anniversary-sadako\/","name":"The Ring Bishoujo 15th Anniversary Sadako | Animefigurer.se","isPartOf":{"@id":"https:\/\/animefigurer.se\/#website"},"primaryImageOfPage":{"@id":"https:\/\/animefigurer.se\/figurer\/the-ring\/the-ring-bishoujo-15th-anniversary-sadako\/#primaryimage"},"image":{"@id":"https:\/\/animefigurer.se\/figurer\/the-ring\/the-ring-bishoujo-15th-anniversary-sadako\/#primaryimage"},"thumbnailUrl":"https:\/\/animefigurer.se\/wp-content\/uploads\/2025\/10\/668d4fdc6ce0e.jpeg","datePublished":"2025-10-21T12:57:25+00:00","dateModified":"2026-04-24T17:18:13+00:00","breadcrumb":{"@id":"https:\/\/animefigurer.se\/figurer\/the-ring\/the-ring-bishoujo-15th-anniversary-sadako\/#breadcrumb"},"inLanguage":"en-GB","potentialAction":[{"@type":"ReadAction","target":["https:\/\/animefigurer.se\/figurer\/the-ring\/the-ring-bishoujo-15th-anniversary-sadako\/"]}]},{"@type":"ImageObject","inLanguage":"en-GB","@id":"https:\/\/animefigurer.se\/figurer\/the-ring\/the-ring-bishoujo-15th-anniversary-sadako\/#primaryimage","url":"https:\/\/animefigurer.se\/wp-content\/uploads\/2025\/10\/668d4fdc6ce0e.jpeg","contentUrl":"https:\/\/animefigurer.se\/wp-content\/uploads\/2025\/10\/668d4fdc6ce0e.jpeg","width":720,"height":540},{"@type":"BreadcrumbList","@id":"https:\/\/animefigurer.se\/figurer\/the-ring\/the-ring-bishoujo-15th-anniversary-sadako\/#breadcrumb","itemListElement":[{"@type":"ListItem","position":1,"name":"Home","item":"https:\/\/animefigurer.se\/"},{"@type":"ListItem","position":2,"name":"Butik","item":"https:\/\/animefigurer.se\/figurer\/"},{"@type":"ListItem","position":3,"name":"The Ring Bishoujo 15th Anniversary Sadako"}]},{"@type":"WebSite","@id":"https:\/\/animefigurer.se\/#website","url":"https:\/\/animefigurer.se\/","name":"Animefigurer.se","description":"Anime figures from over 300 different anime series with over 9000 products | Anime Shop","publisher":{"@id":"https:\/\/animefigurer.se\/#organization"},"potentialAction":[{"@type":"SearchAction","target":{"@type":"EntryPoint","urlTemplate":"https:\/\/animefigurer.se\/?s={search_term_string}"},"query-input":{"@type":"PropertyValueSpecification","valueRequired":true,"valueName":"search_term_string"}}],"inLanguage":"en-GB"},{"@type":"Organization","@id":"https:\/\/animefigurer.se\/#organization","name":"Animefigurer.se","alternateName":"Anime figurer | Anime shop","url":"https:\/\/animefigurer.se\/","logo":{"@type":"ImageObject","inLanguage":"en-GB","@id":"https:\/\/animefigurer.se\/#\/schema\/logo\/image\/","url":"https:\/\/animefigurer.se\/wp-content\/uploads\/2025\/12\/Animefigurer_logowhite.png","contentUrl":"https:\/\/animefigurer.se\/wp-content\/uploads\/2025\/12\/Animefigurer_logowhite.png","width":1890,"height":1417,"caption":"Animefigurer.se"},"image":{"@id":"https:\/\/animefigurer.se\/#\/schema\/logo\/image\/"},"sameAs":["https:\/\/www.facebook.com\/profile.php?id=61581826539670","https:\/\/www.instagram.com\/animefigurer.se\/"],"email":"info@animefigurer.se"}]}},"_links":{"self":[{"href":"https:\/\/animefigurer.se\/en\/wp-json\/wp\/v2\/product\/69251","targetHints":{"allow":["GET"]}}],"collection":[{"href":"https:\/\/animefigurer.se\/en\/wp-json\/wp\/v2\/product"}],"about":[{"href":"https:\/\/animefigurer.se\/en\/wp-json\/wp\/v2\/types\/product"}],"replies":[{"embeddable":true,"href":"https:\/\/animefigurer.se\/en\/wp-json\/wp\/v2\/comments?post=69251"}],"wp:featuredmedia":[{"embeddable":true,"href":"https:\/\/animefigurer.se\/en\/wp-json\/wp\/v2\/media\/69252"}],"wp:attachment":[{"href":"https:\/\/animefigurer.se\/en\/wp-json\/wp\/v2\/media?parent=69251"}],"wp:term":[{"taxonomy":"product_brand","embeddable":true,"href":"https:\/\/animefigurer.se\/en\/wp-json\/wp\/v2\/product_brand?post=69251"},{"taxonomy":"product_cat","embeddable":true,"href":"https:\/\/animefigurer.se\/en\/wp-json\/wp\/v2\/product_cat?post=69251"},{"taxonomy":"product_tag","embeddable":true,"href":"https:\/\/animefigurer.se\/en\/wp-json\/wp\/v2\/product_tag?post=69251"},{"taxonomy":"giftcard-category","embeddable":true,"href":"https:\/\/animefigurer.se\/en\/wp-json\/wp\/v2\/giftcard-category?post=69251"}],"curies":[{"name":"wp","href":"https:\/\/api.w.org\/{rel}","templated":true}]}}