{"id":68991,"date":"2025-10-21T14:53:44","date_gmt":"2025-10-21T12:53:44","guid":{"rendered":"https:\/\/animefigurer.se\/produkt\/the-quintessential-quintuplets-specials-luminasta-yotsuba-nakano\/"},"modified":"2025-12-21T19:36:13","modified_gmt":"2025-12-21T18:36:13","slug":"the-quintessential-quintuplets-specials-luminasta-yotsuba-nakano","status":"publish","type":"product","link":"https:\/\/animefigurer.se\/en\/figurer\/the-quintessential-quintuplets\/the-quintessential-quintuplets-specials-luminasta-yotsuba-nakano\/","title":{"rendered":"The Quintessential Quintuplets Specials Luminasta Yotsuba Nakano"},"content":{"rendered":"<p>Sega presents a new Luminasta figure of Yotsuba Nakano from The Quintessential Quintuplets! Wearing her familiar yellow and green outfit and signature green headband, she is depicted in an excited pose calling out to her sisters. Expand your collection \u2014 order her today!<\/p>","protected":false},"excerpt":{"rendered":"<p>Sega presents a new Luminasta figure of Yotsuba Nakano from The Quintessential Quintuplets! Wearing her familiar yellow and green outfit and signature green headband, she is depicted in an excited pose calling out to her sisters. Expand your collection \u2014 order her today!<\/p>","protected":false},"featured_media":68992,"comment_status":"closed","ping_status":"open","template":"","meta":{"_acf_changed":false,"_monsterinsights_skip_tracking":false,"_monsterinsights_sitenote_active":false,"_monsterinsights_sitenote_note":"","_monsterinsights_sitenote_category":0},"product_brand":[7129],"product_cat":[5590],"product_tag":[24],"giftcard-category":[],"class_list":{"0":"post-68991","1":"product","2":"type-product","3":"status-publish","4":"has-post-thumbnail","6":"product_brand-sega","7":"product_cat-the-quintessential-quintuplets","8":"product_tag-2-3-weeks","9":"pa_franchise-the-quintessential-quintuplets","10":"pa_karaktar-yotsuba-nakano","11":"pa_material-pvc-abs","12":"pa_produktserie-luminasta","13":"pa_storlek-20-cm","15":"first","16":"instock","17":"taxable","18":"shipping-taxable","19":"purchasable","20":"product-type-simple"},"acf":[],"yoast_head":"<!-- This site is optimized with the Yoast SEO Premium plugin v24.6 (Yoast SEO v27.3) - https:\/\/yoast.com\/product\/yoast-seo-premium-wordpress\/ -->\n<title>The Quintessential Quintuplets Specials Luminasta Yotsuba Nakano | Animefigurer.se<\/title>\n<meta name=\"robots\" content=\"index, follow, max-snippet:-1, max-image-preview:large, max-video-preview:-1\" \/>\n<link rel=\"canonical\" href=\"https:\/\/animefigurer.se\/en\/figurer\/the-quintessential-quintuplets\/the-quintessential-quintuplets-specials-luminasta-yotsuba-nakano\/\" \/>\n<meta property=\"og:locale\" content=\"en_GB\" \/>\n<meta property=\"og:type\" content=\"article\" \/>\n<meta property=\"og:title\" content=\"The Quintessential Quintuplets Specials Luminasta Yotsuba Nakano\" \/>\n<meta property=\"og:description\" content=\"Sega presenterar en ny Luminasta-figur av Yotsuba Nakano fr\u00e5n The Quintessential Quintuplets! Hon b\u00e4r sin v\u00e4lk\u00e4nda gula och gr\u00f6na dr\u00e4kt och sitt karakteristiska gr\u00f6na h\u00e5rband, avbildad i en uppjagad pose d\u00e4r hon ropar till sina systrar. Ut\u00f6ka din samling \u2014 best\u00e4ll henne idag!\" \/>\n<meta property=\"og:url\" content=\"https:\/\/animefigurer.se\/en\/figurer\/the-quintessential-quintuplets\/the-quintessential-quintuplets-specials-luminasta-yotsuba-nakano\/\" \/>\n<meta property=\"og:site_name\" content=\"Animefigurer.se\" \/>\n<meta property=\"article:publisher\" content=\"https:\/\/www.facebook.com\/profile.php?id=61581826539670\" \/>\n<meta property=\"article:modified_time\" content=\"2025-12-21T18:36:13+00:00\" \/>\n<meta property=\"og:image\" content=\"https:\/\/animefigurer.se\/wp-content\/uploads\/2025\/12\/Animefigurer_logowhite.png\" \/>\n\t<meta property=\"og:image:width\" content=\"1890\" \/>\n\t<meta property=\"og:image:height\" content=\"1417\" \/>\n\t<meta property=\"og:image:type\" content=\"image\/png\" \/>\n<meta name=\"twitter:card\" content=\"summary_large_image\" \/>\n<script type=\"application\/ld+json\" class=\"yoast-schema-graph\">{\"@context\":\"https:\\\/\\\/schema.org\",\"@graph\":[{\"@type\":\"WebPage\",\"@id\":\"https:\\\/\\\/animefigurer.se\\\/figurer\\\/the-quintessential-quintuplets\\\/the-quintessential-quintuplets-specials-luminasta-yotsuba-nakano\\\/\",\"url\":\"https:\\\/\\\/animefigurer.se\\\/figurer\\\/the-quintessential-quintuplets\\\/the-quintessential-quintuplets-specials-luminasta-yotsuba-nakano\\\/\",\"name\":\"The Quintessential Quintuplets Specials Luminasta Yotsuba Nakano | Animefigurer.se\",\"isPartOf\":{\"@id\":\"https:\\\/\\\/animefigurer.se\\\/#website\"},\"primaryImageOfPage\":{\"@id\":\"https:\\\/\\\/animefigurer.se\\\/figurer\\\/the-quintessential-quintuplets\\\/the-quintessential-quintuplets-specials-luminasta-yotsuba-nakano\\\/#primaryimage\"},\"image\":{\"@id\":\"https:\\\/\\\/animefigurer.se\\\/figurer\\\/the-quintessential-quintuplets\\\/the-quintessential-quintuplets-specials-luminasta-yotsuba-nakano\\\/#primaryimage\"},\"thumbnailUrl\":\"https:\\\/\\\/animefigurer.se\\\/wp-content\\\/uploads\\\/2025\\\/10\\\/670523ce08d64.jpeg\",\"datePublished\":\"2025-10-21T12:53:44+00:00\",\"dateModified\":\"2025-12-21T18:36:13+00:00\",\"breadcrumb\":{\"@id\":\"https:\\\/\\\/animefigurer.se\\\/figurer\\\/the-quintessential-quintuplets\\\/the-quintessential-quintuplets-specials-luminasta-yotsuba-nakano\\\/#breadcrumb\"},\"inLanguage\":\"en-GB\",\"potentialAction\":[{\"@type\":\"ReadAction\",\"target\":[\"https:\\\/\\\/animefigurer.se\\\/figurer\\\/the-quintessential-quintuplets\\\/the-quintessential-quintuplets-specials-luminasta-yotsuba-nakano\\\/\"]}]},{\"@type\":\"ImageObject\",\"inLanguage\":\"en-GB\",\"@id\":\"https:\\\/\\\/animefigurer.se\\\/figurer\\\/the-quintessential-quintuplets\\\/the-quintessential-quintuplets-specials-luminasta-yotsuba-nakano\\\/#primaryimage\",\"url\":\"https:\\\/\\\/animefigurer.se\\\/wp-content\\\/uploads\\\/2025\\\/10\\\/670523ce08d64.jpeg\",\"contentUrl\":\"https:\\\/\\\/animefigurer.se\\\/wp-content\\\/uploads\\\/2025\\\/10\\\/670523ce08d64.jpeg\",\"width\":720,\"height\":540},{\"@type\":\"BreadcrumbList\",\"@id\":\"https:\\\/\\\/animefigurer.se\\\/figurer\\\/the-quintessential-quintuplets\\\/the-quintessential-quintuplets-specials-luminasta-yotsuba-nakano\\\/#breadcrumb\",\"itemListElement\":[{\"@type\":\"ListItem\",\"position\":1,\"name\":\"Home\",\"item\":\"https:\\\/\\\/animefigurer.se\\\/\"},{\"@type\":\"ListItem\",\"position\":2,\"name\":\"Butik\",\"item\":\"https:\\\/\\\/animefigurer.se\\\/figurer\\\/\"},{\"@type\":\"ListItem\",\"position\":3,\"name\":\"The Quintessential Quintuplets Specials Luminasta Yotsuba Nakano\"}]},{\"@type\":\"WebSite\",\"@id\":\"https:\\\/\\\/animefigurer.se\\\/#website\",\"url\":\"https:\\\/\\\/animefigurer.se\\\/\",\"name\":\"Animefigurer.se\",\"description\":\"Anime figurer fr\u00e5n \u00f6ver 300 olika anime serier med \u00f6ver 9000 produkter | Anime Shop\",\"publisher\":{\"@id\":\"https:\\\/\\\/animefigurer.se\\\/#organization\"},\"potentialAction\":[{\"@type\":\"SearchAction\",\"target\":{\"@type\":\"EntryPoint\",\"urlTemplate\":\"https:\\\/\\\/animefigurer.se\\\/?s={search_term_string}\"},\"query-input\":{\"@type\":\"PropertyValueSpecification\",\"valueRequired\":true,\"valueName\":\"search_term_string\"}}],\"inLanguage\":\"en-GB\"},{\"@type\":\"Organization\",\"@id\":\"https:\\\/\\\/animefigurer.se\\\/#organization\",\"name\":\"Animefigurer.se\",\"alternateName\":\"Anime figurer | Anime shop\",\"url\":\"https:\\\/\\\/animefigurer.se\\\/\",\"logo\":{\"@type\":\"ImageObject\",\"inLanguage\":\"en-GB\",\"@id\":\"https:\\\/\\\/animefigurer.se\\\/#\\\/schema\\\/logo\\\/image\\\/\",\"url\":\"https:\\\/\\\/animefigurer.se\\\/wp-content\\\/uploads\\\/2025\\\/12\\\/Animefigurer_logowhite.png\",\"contentUrl\":\"https:\\\/\\\/animefigurer.se\\\/wp-content\\\/uploads\\\/2025\\\/12\\\/Animefigurer_logowhite.png\",\"width\":1890,\"height\":1417,\"caption\":\"Animefigurer.se\"},\"image\":{\"@id\":\"https:\\\/\\\/animefigurer.se\\\/#\\\/schema\\\/logo\\\/image\\\/\"},\"sameAs\":[\"https:\\\/\\\/www.facebook.com\\\/profile.php?id=61581826539670\",\"https:\\\/\\\/www.instagram.com\\\/animefigurer.se\\\/\"],\"email\":\"info@animefigurer.se\"}]}<\/script>\n<!-- \/ Yoast SEO Premium plugin. -->","yoast_head_json":{"title":"The Quintessential Quintuplets Specials Luminasta Yotsuba Nakano | Animefigurer.se","robots":{"index":"index","follow":"follow","max-snippet":"max-snippet:-1","max-image-preview":"max-image-preview:large","max-video-preview":"max-video-preview:-1"},"canonical":"https:\/\/animefigurer.se\/en\/figurer\/the-quintessential-quintuplets\/the-quintessential-quintuplets-specials-luminasta-yotsuba-nakano\/","og_locale":"en_GB","og_type":"article","og_title":"The Quintessential Quintuplets Specials Luminasta Yotsuba Nakano","og_description":"Sega presenterar en ny Luminasta-figur av Yotsuba Nakano fr\u00e5n The Quintessential Quintuplets! Hon b\u00e4r sin v\u00e4lk\u00e4nda gula och gr\u00f6na dr\u00e4kt och sitt karakteristiska gr\u00f6na h\u00e5rband, avbildad i en uppjagad pose d\u00e4r hon ropar till sina systrar. Ut\u00f6ka din samling \u2014 best\u00e4ll henne idag!","og_url":"https:\/\/animefigurer.se\/en\/figurer\/the-quintessential-quintuplets\/the-quintessential-quintuplets-specials-luminasta-yotsuba-nakano\/","og_site_name":"Animefigurer.se","article_publisher":"https:\/\/www.facebook.com\/profile.php?id=61581826539670","article_modified_time":"2025-12-21T18:36:13+00:00","og_image":[{"width":1890,"height":1417,"url":"https:\/\/animefigurer.se\/wp-content\/uploads\/2025\/12\/Animefigurer_logowhite.png","type":"image\/png"}],"twitter_card":"summary_large_image","schema":{"@context":"https:\/\/schema.org","@graph":[{"@type":"WebPage","@id":"https:\/\/animefigurer.se\/figurer\/the-quintessential-quintuplets\/the-quintessential-quintuplets-specials-luminasta-yotsuba-nakano\/","url":"https:\/\/animefigurer.se\/figurer\/the-quintessential-quintuplets\/the-quintessential-quintuplets-specials-luminasta-yotsuba-nakano\/","name":"The Quintessential Quintuplets Specials Luminasta Yotsuba Nakano | Animefigurer.se","isPartOf":{"@id":"https:\/\/animefigurer.se\/#website"},"primaryImageOfPage":{"@id":"https:\/\/animefigurer.se\/figurer\/the-quintessential-quintuplets\/the-quintessential-quintuplets-specials-luminasta-yotsuba-nakano\/#primaryimage"},"image":{"@id":"https:\/\/animefigurer.se\/figurer\/the-quintessential-quintuplets\/the-quintessential-quintuplets-specials-luminasta-yotsuba-nakano\/#primaryimage"},"thumbnailUrl":"https:\/\/animefigurer.se\/wp-content\/uploads\/2025\/10\/670523ce08d64.jpeg","datePublished":"2025-10-21T12:53:44+00:00","dateModified":"2025-12-21T18:36:13+00:00","breadcrumb":{"@id":"https:\/\/animefigurer.se\/figurer\/the-quintessential-quintuplets\/the-quintessential-quintuplets-specials-luminasta-yotsuba-nakano\/#breadcrumb"},"inLanguage":"en-GB","potentialAction":[{"@type":"ReadAction","target":["https:\/\/animefigurer.se\/figurer\/the-quintessential-quintuplets\/the-quintessential-quintuplets-specials-luminasta-yotsuba-nakano\/"]}]},{"@type":"ImageObject","inLanguage":"en-GB","@id":"https:\/\/animefigurer.se\/figurer\/the-quintessential-quintuplets\/the-quintessential-quintuplets-specials-luminasta-yotsuba-nakano\/#primaryimage","url":"https:\/\/animefigurer.se\/wp-content\/uploads\/2025\/10\/670523ce08d64.jpeg","contentUrl":"https:\/\/animefigurer.se\/wp-content\/uploads\/2025\/10\/670523ce08d64.jpeg","width":720,"height":540},{"@type":"BreadcrumbList","@id":"https:\/\/animefigurer.se\/figurer\/the-quintessential-quintuplets\/the-quintessential-quintuplets-specials-luminasta-yotsuba-nakano\/#breadcrumb","itemListElement":[{"@type":"ListItem","position":1,"name":"Home","item":"https:\/\/animefigurer.se\/"},{"@type":"ListItem","position":2,"name":"Butik","item":"https:\/\/animefigurer.se\/figurer\/"},{"@type":"ListItem","position":3,"name":"The Quintessential Quintuplets Specials Luminasta Yotsuba Nakano"}]},{"@type":"WebSite","@id":"https:\/\/animefigurer.se\/#website","url":"https:\/\/animefigurer.se\/","name":"Animefigurer.se","description":"Anime figures from over 300 different anime series with over 9000 products | Anime Shop","publisher":{"@id":"https:\/\/animefigurer.se\/#organization"},"potentialAction":[{"@type":"SearchAction","target":{"@type":"EntryPoint","urlTemplate":"https:\/\/animefigurer.se\/?s={search_term_string}"},"query-input":{"@type":"PropertyValueSpecification","valueRequired":true,"valueName":"search_term_string"}}],"inLanguage":"en-GB"},{"@type":"Organization","@id":"https:\/\/animefigurer.se\/#organization","name":"Animefigurer.se","alternateName":"Anime figurer | Anime shop","url":"https:\/\/animefigurer.se\/","logo":{"@type":"ImageObject","inLanguage":"en-GB","@id":"https:\/\/animefigurer.se\/#\/schema\/logo\/image\/","url":"https:\/\/animefigurer.se\/wp-content\/uploads\/2025\/12\/Animefigurer_logowhite.png","contentUrl":"https:\/\/animefigurer.se\/wp-content\/uploads\/2025\/12\/Animefigurer_logowhite.png","width":1890,"height":1417,"caption":"Animefigurer.se"},"image":{"@id":"https:\/\/animefigurer.se\/#\/schema\/logo\/image\/"},"sameAs":["https:\/\/www.facebook.com\/profile.php?id=61581826539670","https:\/\/www.instagram.com\/animefigurer.se\/"],"email":"info@animefigurer.se"}]}},"_links":{"self":[{"href":"https:\/\/animefigurer.se\/en\/wp-json\/wp\/v2\/product\/68991","targetHints":{"allow":["GET"]}}],"collection":[{"href":"https:\/\/animefigurer.se\/en\/wp-json\/wp\/v2\/product"}],"about":[{"href":"https:\/\/animefigurer.se\/en\/wp-json\/wp\/v2\/types\/product"}],"replies":[{"embeddable":true,"href":"https:\/\/animefigurer.se\/en\/wp-json\/wp\/v2\/comments?post=68991"}],"wp:featuredmedia":[{"embeddable":true,"href":"https:\/\/animefigurer.se\/en\/wp-json\/wp\/v2\/media\/68992"}],"wp:attachment":[{"href":"https:\/\/animefigurer.se\/en\/wp-json\/wp\/v2\/media?parent=68991"}],"wp:term":[{"taxonomy":"product_brand","embeddable":true,"href":"https:\/\/animefigurer.se\/en\/wp-json\/wp\/v2\/product_brand?post=68991"},{"taxonomy":"product_cat","embeddable":true,"href":"https:\/\/animefigurer.se\/en\/wp-json\/wp\/v2\/product_cat?post=68991"},{"taxonomy":"product_tag","embeddable":true,"href":"https:\/\/animefigurer.se\/en\/wp-json\/wp\/v2\/product_tag?post=68991"},{"taxonomy":"giftcard-category","embeddable":true,"href":"https:\/\/animefigurer.se\/en\/wp-json\/wp\/v2\/giftcard-category?post=68991"}],"curies":[{"name":"wp","href":"https:\/\/api.w.org\/{rel}","templated":true}]}}