{"id":68849,"date":"2025-10-21T14:51:00","date_gmt":"2025-10-21T12:51:00","guid":{"rendered":"https:\/\/animefigurer.se\/produkt\/the-quintessential-quintuplets-itsuki-nakano-angel-ver\/"},"modified":"2025-12-21T19:36:13","modified_gmt":"2025-12-21T18:36:13","slug":"the-quintessential-quintuplets-itsuki-nakano-angel-ver","status":"publish","type":"product","link":"https:\/\/animefigurer.se\/en\/figurer\/the-quintessential-quintuplets\/the-quintessential-quintuplets-itsuki-nakano-angel-ver\/","title":{"rendered":"The Quintessential Quintuplets Itsuki Nakano (Angel Ver.)"},"content":{"rendered":"<p>Itsuki Nakano from The Quintessential Quintuplets gets a new 1\/7 scale figure from Proof!<\/p>\n<p>The detailed statue depicts Itsuki as an angel with large white wings. She stands with a gentle expression on a rose base decorated with ribbons. A nice addition to your collection.<\/p>","protected":false},"excerpt":{"rendered":"<p>Itsuki Nakano from The Quintessential Quintuplets gets a new 1\/7 scale figure from Proof!<\/p>\n<p>The detailed statue depicts Itsuki as an angel with large white wings. She stands with a gentle expression on a rose base decorated with ribbons. A nice addition to your collection.<\/p>","protected":false},"featured_media":68850,"comment_status":"closed","ping_status":"open","template":"","meta":{"_acf_changed":false,"_monsterinsights_skip_tracking":false,"_monsterinsights_sitenote_active":false,"_monsterinsights_sitenote_note":"","_monsterinsights_sitenote_category":0},"product_brand":[7112],"product_cat":[5590],"product_tag":[24],"giftcard-category":[],"class_list":{"0":"post-68849","1":"product","2":"type-product","3":"status-publish","4":"has-post-thumbnail","6":"product_brand-proof","7":"product_cat-the-quintessential-quintuplets","8":"product_tag-2-3-weeks","9":"pa_franchise-the-quintessential-quintuplets","10":"pa_karaktar-itsuki-nakano","11":"pa_material-pvc-abs","12":"pa_skala-41","13":"pa_storlek-26-cm","15":"first","16":"instock","17":"taxable","18":"shipping-taxable","19":"purchasable","20":"product-type-simple"},"acf":[],"yoast_head":"<!-- This site is optimized with the Yoast SEO Premium plugin v24.6 (Yoast SEO v27.3) - https:\/\/yoast.com\/product\/yoast-seo-premium-wordpress\/ -->\n<title>The Quintessential Quintuplets Itsuki Nakano (Angel Ver.) | Animefigurer.se<\/title>\n<meta name=\"robots\" content=\"index, follow, max-snippet:-1, max-image-preview:large, max-video-preview:-1\" \/>\n<link rel=\"canonical\" href=\"https:\/\/animefigurer.se\/en\/figurer\/the-quintessential-quintuplets\/the-quintessential-quintuplets-itsuki-nakano-angel-ver\/\" \/>\n<meta property=\"og:locale\" content=\"en_GB\" \/>\n<meta property=\"og:type\" content=\"article\" \/>\n<meta property=\"og:title\" content=\"The Quintessential Quintuplets Itsuki Nakano (Angel Ver.)\" \/>\n<meta property=\"og:description\" content=\"Itsuki Nakano fr\u00e5n The Quintessential Quintuplets f\u00e5r en ny skala 1\/7-figur fr\u00e5n Proof! Den detaljrika statyn visar Itsuki som en \u00e4ngel med stora vita vingar. Hon st\u00e5r med ett mjukt uttryck p\u00e5 en rosbas dekorerad med band. Ett fint tillskott till din samling.\" \/>\n<meta property=\"og:url\" content=\"https:\/\/animefigurer.se\/en\/figurer\/the-quintessential-quintuplets\/the-quintessential-quintuplets-itsuki-nakano-angel-ver\/\" \/>\n<meta property=\"og:site_name\" content=\"Animefigurer.se\" \/>\n<meta property=\"article:publisher\" content=\"https:\/\/www.facebook.com\/profile.php?id=61581826539670\" \/>\n<meta property=\"article:modified_time\" content=\"2025-12-21T18:36:13+00:00\" \/>\n<meta property=\"og:image\" content=\"https:\/\/animefigurer.se\/wp-content\/uploads\/2025\/12\/Animefigurer_logowhite.png\" \/>\n\t<meta property=\"og:image:width\" content=\"1890\" \/>\n\t<meta property=\"og:image:height\" content=\"1417\" \/>\n\t<meta property=\"og:image:type\" content=\"image\/png\" \/>\n<meta name=\"twitter:card\" content=\"summary_large_image\" \/>\n<script type=\"application\/ld+json\" class=\"yoast-schema-graph\">{\"@context\":\"https:\\\/\\\/schema.org\",\"@graph\":[{\"@type\":\"WebPage\",\"@id\":\"https:\\\/\\\/animefigurer.se\\\/en\\\/figurer\\\/the-quintessential-quintuplets\\\/the-quintessential-quintuplets-itsuki-nakano-angel-ver\\\/\",\"url\":\"https:\\\/\\\/animefigurer.se\\\/en\\\/figurer\\\/the-quintessential-quintuplets\\\/the-quintessential-quintuplets-itsuki-nakano-angel-ver\\\/\",\"name\":\"The Quintessential Quintuplets Itsuki Nakano (Angel Ver.) | Animefigurer.se\",\"isPartOf\":{\"@id\":\"https:\\\/\\\/animefigurer.se\\\/#website\"},\"primaryImageOfPage\":{\"@id\":\"https:\\\/\\\/animefigurer.se\\\/en\\\/figurer\\\/the-quintessential-quintuplets\\\/the-quintessential-quintuplets-itsuki-nakano-angel-ver\\\/#primaryimage\"},\"image\":{\"@id\":\"https:\\\/\\\/animefigurer.se\\\/en\\\/figurer\\\/the-quintessential-quintuplets\\\/the-quintessential-quintuplets-itsuki-nakano-angel-ver\\\/#primaryimage\"},\"thumbnailUrl\":\"https:\\\/\\\/animefigurer.se\\\/wp-content\\\/uploads\\\/2025\\\/10\\\/66928931747c5.jpeg\",\"datePublished\":\"2025-10-21T12:51:00+00:00\",\"dateModified\":\"2025-12-21T18:36:13+00:00\",\"breadcrumb\":{\"@id\":\"https:\\\/\\\/animefigurer.se\\\/en\\\/figurer\\\/the-quintessential-quintuplets\\\/the-quintessential-quintuplets-itsuki-nakano-angel-ver\\\/#breadcrumb\"},\"inLanguage\":\"en-GB\",\"potentialAction\":[{\"@type\":\"ReadAction\",\"target\":[\"https:\\\/\\\/animefigurer.se\\\/en\\\/figurer\\\/the-quintessential-quintuplets\\\/the-quintessential-quintuplets-itsuki-nakano-angel-ver\\\/\"]}]},{\"@type\":\"ImageObject\",\"inLanguage\":\"en-GB\",\"@id\":\"https:\\\/\\\/animefigurer.se\\\/en\\\/figurer\\\/the-quintessential-quintuplets\\\/the-quintessential-quintuplets-itsuki-nakano-angel-ver\\\/#primaryimage\",\"url\":\"https:\\\/\\\/animefigurer.se\\\/wp-content\\\/uploads\\\/2025\\\/10\\\/66928931747c5.jpeg\",\"contentUrl\":\"https:\\\/\\\/animefigurer.se\\\/wp-content\\\/uploads\\\/2025\\\/10\\\/66928931747c5.jpeg\",\"width\":720,\"height\":540},{\"@type\":\"BreadcrumbList\",\"@id\":\"https:\\\/\\\/animefigurer.se\\\/en\\\/figurer\\\/the-quintessential-quintuplets\\\/the-quintessential-quintuplets-itsuki-nakano-angel-ver\\\/#breadcrumb\",\"itemListElement\":[{\"@type\":\"ListItem\",\"position\":1,\"name\":\"Home\",\"item\":\"https:\\\/\\\/animefigurer.se\\\/\"},{\"@type\":\"ListItem\",\"position\":2,\"name\":\"Butik\",\"item\":\"https:\\\/\\\/animefigurer.se\\\/figurer\\\/\"},{\"@type\":\"ListItem\",\"position\":3,\"name\":\"The Quintessential Quintuplets Itsuki Nakano (Angel Ver.)\"}]},{\"@type\":\"WebSite\",\"@id\":\"https:\\\/\\\/animefigurer.se\\\/#website\",\"url\":\"https:\\\/\\\/animefigurer.se\\\/\",\"name\":\"Animefigurer.se\",\"description\":\"Anime figurer fr\u00e5n \u00f6ver 300 olika anime serier med \u00f6ver 9000 produkter | Anime Shop\",\"publisher\":{\"@id\":\"https:\\\/\\\/animefigurer.se\\\/#organization\"},\"potentialAction\":[{\"@type\":\"SearchAction\",\"target\":{\"@type\":\"EntryPoint\",\"urlTemplate\":\"https:\\\/\\\/animefigurer.se\\\/?s={search_term_string}\"},\"query-input\":{\"@type\":\"PropertyValueSpecification\",\"valueRequired\":true,\"valueName\":\"search_term_string\"}}],\"inLanguage\":\"en-GB\"},{\"@type\":\"Organization\",\"@id\":\"https:\\\/\\\/animefigurer.se\\\/#organization\",\"name\":\"Animefigurer.se\",\"alternateName\":\"Anime figurer | Anime shop\",\"url\":\"https:\\\/\\\/animefigurer.se\\\/\",\"logo\":{\"@type\":\"ImageObject\",\"inLanguage\":\"en-GB\",\"@id\":\"https:\\\/\\\/animefigurer.se\\\/#\\\/schema\\\/logo\\\/image\\\/\",\"url\":\"https:\\\/\\\/animefigurer.se\\\/wp-content\\\/uploads\\\/2025\\\/12\\\/Animefigurer_logowhite.png\",\"contentUrl\":\"https:\\\/\\\/animefigurer.se\\\/wp-content\\\/uploads\\\/2025\\\/12\\\/Animefigurer_logowhite.png\",\"width\":1890,\"height\":1417,\"caption\":\"Animefigurer.se\"},\"image\":{\"@id\":\"https:\\\/\\\/animefigurer.se\\\/#\\\/schema\\\/logo\\\/image\\\/\"},\"sameAs\":[\"https:\\\/\\\/www.facebook.com\\\/profile.php?id=61581826539670\",\"https:\\\/\\\/www.instagram.com\\\/animefigurer.se\\\/\"],\"email\":\"info@animefigurer.se\"}]}<\/script>\n<!-- \/ Yoast SEO Premium plugin. -->","yoast_head_json":{"title":"The Quintessential Quintuplets Itsuki Nakano (Angel Ver.) | Animefigurer.se","robots":{"index":"index","follow":"follow","max-snippet":"max-snippet:-1","max-image-preview":"max-image-preview:large","max-video-preview":"max-video-preview:-1"},"canonical":"https:\/\/animefigurer.se\/en\/figurer\/the-quintessential-quintuplets\/the-quintessential-quintuplets-itsuki-nakano-angel-ver\/","og_locale":"en_GB","og_type":"article","og_title":"The Quintessential Quintuplets Itsuki Nakano (Angel Ver.)","og_description":"Itsuki Nakano fr\u00e5n The Quintessential Quintuplets f\u00e5r en ny skala 1\/7-figur fr\u00e5n Proof! Den detaljrika statyn visar Itsuki som en \u00e4ngel med stora vita vingar. Hon st\u00e5r med ett mjukt uttryck p\u00e5 en rosbas dekorerad med band. Ett fint tillskott till din samling.","og_url":"https:\/\/animefigurer.se\/en\/figurer\/the-quintessential-quintuplets\/the-quintessential-quintuplets-itsuki-nakano-angel-ver\/","og_site_name":"Animefigurer.se","article_publisher":"https:\/\/www.facebook.com\/profile.php?id=61581826539670","article_modified_time":"2025-12-21T18:36:13+00:00","og_image":[{"width":1890,"height":1417,"url":"https:\/\/animefigurer.se\/wp-content\/uploads\/2025\/12\/Animefigurer_logowhite.png","type":"image\/png"}],"twitter_card":"summary_large_image","schema":{"@context":"https:\/\/schema.org","@graph":[{"@type":"WebPage","@id":"https:\/\/animefigurer.se\/en\/figurer\/the-quintessential-quintuplets\/the-quintessential-quintuplets-itsuki-nakano-angel-ver\/","url":"https:\/\/animefigurer.se\/en\/figurer\/the-quintessential-quintuplets\/the-quintessential-quintuplets-itsuki-nakano-angel-ver\/","name":"The Quintessential Quintuplets Itsuki Nakano (Angel Ver.) | Animefigurer.se","isPartOf":{"@id":"https:\/\/animefigurer.se\/#website"},"primaryImageOfPage":{"@id":"https:\/\/animefigurer.se\/en\/figurer\/the-quintessential-quintuplets\/the-quintessential-quintuplets-itsuki-nakano-angel-ver\/#primaryimage"},"image":{"@id":"https:\/\/animefigurer.se\/en\/figurer\/the-quintessential-quintuplets\/the-quintessential-quintuplets-itsuki-nakano-angel-ver\/#primaryimage"},"thumbnailUrl":"https:\/\/animefigurer.se\/wp-content\/uploads\/2025\/10\/66928931747c5.jpeg","datePublished":"2025-10-21T12:51:00+00:00","dateModified":"2025-12-21T18:36:13+00:00","breadcrumb":{"@id":"https:\/\/animefigurer.se\/en\/figurer\/the-quintessential-quintuplets\/the-quintessential-quintuplets-itsuki-nakano-angel-ver\/#breadcrumb"},"inLanguage":"en-GB","potentialAction":[{"@type":"ReadAction","target":["https:\/\/animefigurer.se\/en\/figurer\/the-quintessential-quintuplets\/the-quintessential-quintuplets-itsuki-nakano-angel-ver\/"]}]},{"@type":"ImageObject","inLanguage":"en-GB","@id":"https:\/\/animefigurer.se\/en\/figurer\/the-quintessential-quintuplets\/the-quintessential-quintuplets-itsuki-nakano-angel-ver\/#primaryimage","url":"https:\/\/animefigurer.se\/wp-content\/uploads\/2025\/10\/66928931747c5.jpeg","contentUrl":"https:\/\/animefigurer.se\/wp-content\/uploads\/2025\/10\/66928931747c5.jpeg","width":720,"height":540},{"@type":"BreadcrumbList","@id":"https:\/\/animefigurer.se\/en\/figurer\/the-quintessential-quintuplets\/the-quintessential-quintuplets-itsuki-nakano-angel-ver\/#breadcrumb","itemListElement":[{"@type":"ListItem","position":1,"name":"Home","item":"https:\/\/animefigurer.se\/"},{"@type":"ListItem","position":2,"name":"Butik","item":"https:\/\/animefigurer.se\/figurer\/"},{"@type":"ListItem","position":3,"name":"The Quintessential Quintuplets Itsuki Nakano (Angel Ver.)"}]},{"@type":"WebSite","@id":"https:\/\/animefigurer.se\/#website","url":"https:\/\/animefigurer.se\/","name":"Animefigurer.se","description":"Anime figures from over 300 different anime series with over 9000 products | Anime Shop","publisher":{"@id":"https:\/\/animefigurer.se\/#organization"},"potentialAction":[{"@type":"SearchAction","target":{"@type":"EntryPoint","urlTemplate":"https:\/\/animefigurer.se\/?s={search_term_string}"},"query-input":{"@type":"PropertyValueSpecification","valueRequired":true,"valueName":"search_term_string"}}],"inLanguage":"en-GB"},{"@type":"Organization","@id":"https:\/\/animefigurer.se\/#organization","name":"Animefigurer.se","alternateName":"Anime figurer | Anime shop","url":"https:\/\/animefigurer.se\/","logo":{"@type":"ImageObject","inLanguage":"en-GB","@id":"https:\/\/animefigurer.se\/#\/schema\/logo\/image\/","url":"https:\/\/animefigurer.se\/wp-content\/uploads\/2025\/12\/Animefigurer_logowhite.png","contentUrl":"https:\/\/animefigurer.se\/wp-content\/uploads\/2025\/12\/Animefigurer_logowhite.png","width":1890,"height":1417,"caption":"Animefigurer.se"},"image":{"@id":"https:\/\/animefigurer.se\/#\/schema\/logo\/image\/"},"sameAs":["https:\/\/www.facebook.com\/profile.php?id=61581826539670","https:\/\/www.instagram.com\/animefigurer.se\/"],"email":"info@animefigurer.se"}]}},"_links":{"self":[{"href":"https:\/\/animefigurer.se\/en\/wp-json\/wp\/v2\/product\/68849","targetHints":{"allow":["GET"]}}],"collection":[{"href":"https:\/\/animefigurer.se\/en\/wp-json\/wp\/v2\/product"}],"about":[{"href":"https:\/\/animefigurer.se\/en\/wp-json\/wp\/v2\/types\/product"}],"replies":[{"embeddable":true,"href":"https:\/\/animefigurer.se\/en\/wp-json\/wp\/v2\/comments?post=68849"}],"wp:featuredmedia":[{"embeddable":true,"href":"https:\/\/animefigurer.se\/en\/wp-json\/wp\/v2\/media\/68850"}],"wp:attachment":[{"href":"https:\/\/animefigurer.se\/en\/wp-json\/wp\/v2\/media?parent=68849"}],"wp:term":[{"taxonomy":"product_brand","embeddable":true,"href":"https:\/\/animefigurer.se\/en\/wp-json\/wp\/v2\/product_brand?post=68849"},{"taxonomy":"product_cat","embeddable":true,"href":"https:\/\/animefigurer.se\/en\/wp-json\/wp\/v2\/product_cat?post=68849"},{"taxonomy":"product_tag","embeddable":true,"href":"https:\/\/animefigurer.se\/en\/wp-json\/wp\/v2\/product_tag?post=68849"},{"taxonomy":"giftcard-category","embeddable":true,"href":"https:\/\/animefigurer.se\/en\/wp-json\/wp\/v2\/giftcard-category?post=68849"}],"curies":[{"name":"wp","href":"https:\/\/api.w.org\/{rel}","templated":true}]}}