{"id":68681,"date":"2025-10-21T14:48:00","date_gmt":"2025-10-21T12:48:00","guid":{"rendered":"https:\/\/animefigurer.se\/produkt\/the-quintessential-quintuplets-prisma-wing-nino-nakano\/"},"modified":"2026-04-10T14:26:51","modified_gmt":"2026-04-10T12:26:51","slug":"the-quintessential-quintuplets-prisma-wing-nino-nakano","status":"publish","type":"product","link":"https:\/\/animefigurer.se\/en\/figurer\/the-quintessential-quintuplets\/the-quintessential-quintuplets-prisma-wing-nino-nakano\/","title":{"rendered":"The Quintessential Quintuplets Prisma Wing Nino Nakano"},"content":{"rendered":"<p>From the film based on The Quintessential Quintuplets comes PRISMA WING&#039;s Nino Nakano.<\/p>\n<p>Nino is depicted resting in her nightgown, with soft shapes and color techniques that highlight her expression and skin tone. The nightgown reproduces the ED illustration from the first season in high detail.<\/p>\n<p>Knots, ruffles and embroidery are meticulously crafted. The included sofa is originally designed and can be combined with the sofas from Ichika, Miku, Yotsuba and Itsuki (sold separately) to create a large round sofa that can accommodate all five figures. Collect them all for a complete display! A complete set is also available.<\/p>","protected":false},"excerpt":{"rendered":"<p>From the film based on The Quintessential Quintuplets comes PRISMA WING&#039;s Nino Nakano.<\/p>\n<p>Nino is depicted resting in her nightgown, with soft shapes and color techniques that highlight her expression and skin tone. The nightgown reproduces the ED illustration from the first season in high detail.<\/p>\n<p>Knots, wrinkles and embroidery<\/p>","protected":false},"featured_media":68682,"comment_status":"closed","ping_status":"open","template":"","meta":{"_acf_changed":false,"_monsterinsights_skip_tracking":false,"_monsterinsights_sitenote_active":false,"_monsterinsights_sitenote_note":"","_monsterinsights_sitenote_category":0},"product_brand":[7111],"product_cat":[5590],"product_tag":[24],"giftcard-category":[],"class_list":{"0":"post-68681","1":"product","2":"type-product","3":"status-publish","4":"has-post-thumbnail","6":"product_brand-prime-1-studio","7":"product_cat-the-quintessential-quintuplets","8":"product_tag-2-3-weeks","9":"pa_franchise-the-quintessential-quintuplets","10":"pa_karaktar-nino-nakano","11":"pa_material-pvc-abs","12":"pa_produktserie-prisma-wing","13":"pa_skala-41","14":"pa_storlek-17-x-19-x-17-cm","16":"first","17":"instock","18":"taxable","19":"shipping-taxable","20":"purchasable","21":"product-type-simple"},"acf":[],"yoast_head":"<!-- This site is optimized with the Yoast SEO Premium plugin v24.6 (Yoast SEO v27.3) - https:\/\/yoast.com\/product\/yoast-seo-premium-wordpress\/ -->\n<title>The Quintessential Quintuplets Prisma Wing Nino Nakano | Animefigurer.se<\/title>\n<meta name=\"robots\" content=\"index, follow, max-snippet:-1, max-image-preview:large, max-video-preview:-1\" \/>\n<link rel=\"canonical\" href=\"https:\/\/animefigurer.se\/en\/figurer\/the-quintessential-quintuplets\/the-quintessential-quintuplets-prisma-wing-nino-nakano\/\" \/>\n<meta property=\"og:locale\" content=\"en_GB\" \/>\n<meta property=\"og:type\" content=\"article\" \/>\n<meta property=\"og:title\" content=\"The Quintessential Quintuplets Prisma Wing Nino Nakano\" \/>\n<meta property=\"og:description\" content=\"Fr\u00e5n filmen baserad p\u00e5 The Quintessential Quintuplets kommer PRISMA WINGs Nino Nakano. Nino avbildas vilande i sitt nattlinne, med mjuka former och f\u00e4rgtekniker som framh\u00e4ver hennes uttryck och hudton. Nattlinnet \u00e5terger ED-illustrationen fr\u00e5n f\u00f6rsta s\u00e4songen i h\u00f6g detalj. Knutar, rynkor och brode\" \/>\n<meta property=\"og:url\" content=\"https:\/\/animefigurer.se\/en\/figurer\/the-quintessential-quintuplets\/the-quintessential-quintuplets-prisma-wing-nino-nakano\/\" \/>\n<meta property=\"og:site_name\" content=\"Animefigurer.se\" \/>\n<meta property=\"article:publisher\" content=\"https:\/\/www.facebook.com\/profile.php?id=61581826539670\" \/>\n<meta property=\"article:modified_time\" content=\"2026-04-10T12:26:51+00:00\" \/>\n<meta property=\"og:image\" content=\"https:\/\/animefigurer.se\/wp-content\/uploads\/2025\/12\/Animefigurer_logowhite.png\" \/>\n\t<meta property=\"og:image:width\" content=\"1890\" \/>\n\t<meta property=\"og:image:height\" content=\"1417\" \/>\n\t<meta property=\"og:image:type\" content=\"image\/png\" \/>\n<meta name=\"twitter:card\" content=\"summary_large_image\" \/>\n<meta name=\"twitter:label1\" content=\"Estimated reading time\" \/>\n\t<meta name=\"twitter:data1\" content=\"1 minute\" \/>\n<script type=\"application\/ld+json\" class=\"yoast-schema-graph\">{\"@context\":\"https:\\\/\\\/schema.org\",\"@graph\":[{\"@type\":\"WebPage\",\"@id\":\"https:\\\/\\\/animefigurer.se\\\/figurer\\\/the-quintessential-quintuplets\\\/the-quintessential-quintuplets-prisma-wing-nino-nakano\\\/\",\"url\":\"https:\\\/\\\/animefigurer.se\\\/figurer\\\/the-quintessential-quintuplets\\\/the-quintessential-quintuplets-prisma-wing-nino-nakano\\\/\",\"name\":\"The Quintessential Quintuplets Prisma Wing Nino Nakano | Animefigurer.se\",\"isPartOf\":{\"@id\":\"https:\\\/\\\/animefigurer.se\\\/#website\"},\"primaryImageOfPage\":{\"@id\":\"https:\\\/\\\/animefigurer.se\\\/figurer\\\/the-quintessential-quintuplets\\\/the-quintessential-quintuplets-prisma-wing-nino-nakano\\\/#primaryimage\"},\"image\":{\"@id\":\"https:\\\/\\\/animefigurer.se\\\/figurer\\\/the-quintessential-quintuplets\\\/the-quintessential-quintuplets-prisma-wing-nino-nakano\\\/#primaryimage\"},\"thumbnailUrl\":\"https:\\\/\\\/animefigurer.se\\\/wp-content\\\/uploads\\\/2025\\\/10\\\/62fbe454dd8f8.jpeg\",\"datePublished\":\"2025-10-21T12:48:00+00:00\",\"dateModified\":\"2026-04-10T12:26:51+00:00\",\"breadcrumb\":{\"@id\":\"https:\\\/\\\/animefigurer.se\\\/figurer\\\/the-quintessential-quintuplets\\\/the-quintessential-quintuplets-prisma-wing-nino-nakano\\\/#breadcrumb\"},\"inLanguage\":\"en-GB\",\"potentialAction\":[{\"@type\":\"ReadAction\",\"target\":[\"https:\\\/\\\/animefigurer.se\\\/figurer\\\/the-quintessential-quintuplets\\\/the-quintessential-quintuplets-prisma-wing-nino-nakano\\\/\"]}]},{\"@type\":\"ImageObject\",\"inLanguage\":\"en-GB\",\"@id\":\"https:\\\/\\\/animefigurer.se\\\/figurer\\\/the-quintessential-quintuplets\\\/the-quintessential-quintuplets-prisma-wing-nino-nakano\\\/#primaryimage\",\"url\":\"https:\\\/\\\/animefigurer.se\\\/wp-content\\\/uploads\\\/2025\\\/10\\\/62fbe454dd8f8.jpeg\",\"contentUrl\":\"https:\\\/\\\/animefigurer.se\\\/wp-content\\\/uploads\\\/2025\\\/10\\\/62fbe454dd8f8.jpeg\",\"width\":720,\"height\":540},{\"@type\":\"BreadcrumbList\",\"@id\":\"https:\\\/\\\/animefigurer.se\\\/figurer\\\/the-quintessential-quintuplets\\\/the-quintessential-quintuplets-prisma-wing-nino-nakano\\\/#breadcrumb\",\"itemListElement\":[{\"@type\":\"ListItem\",\"position\":1,\"name\":\"Home\",\"item\":\"https:\\\/\\\/animefigurer.se\\\/\"},{\"@type\":\"ListItem\",\"position\":2,\"name\":\"Butik\",\"item\":\"https:\\\/\\\/animefigurer.se\\\/figurer\\\/\"},{\"@type\":\"ListItem\",\"position\":3,\"name\":\"The Quintessential Quintuplets Prisma Wing Nino Nakano\"}]},{\"@type\":\"WebSite\",\"@id\":\"https:\\\/\\\/animefigurer.se\\\/#website\",\"url\":\"https:\\\/\\\/animefigurer.se\\\/\",\"name\":\"Animefigurer.se\",\"description\":\"Anime figurer fr\u00e5n \u00f6ver 300 olika anime serier med \u00f6ver 9000 produkter | Anime Shop\",\"publisher\":{\"@id\":\"https:\\\/\\\/animefigurer.se\\\/#organization\"},\"potentialAction\":[{\"@type\":\"SearchAction\",\"target\":{\"@type\":\"EntryPoint\",\"urlTemplate\":\"https:\\\/\\\/animefigurer.se\\\/?s={search_term_string}\"},\"query-input\":{\"@type\":\"PropertyValueSpecification\",\"valueRequired\":true,\"valueName\":\"search_term_string\"}}],\"inLanguage\":\"en-GB\"},{\"@type\":\"Organization\",\"@id\":\"https:\\\/\\\/animefigurer.se\\\/#organization\",\"name\":\"Animefigurer.se\",\"alternateName\":\"Anime figurer | Anime shop\",\"url\":\"https:\\\/\\\/animefigurer.se\\\/\",\"logo\":{\"@type\":\"ImageObject\",\"inLanguage\":\"en-GB\",\"@id\":\"https:\\\/\\\/animefigurer.se\\\/#\\\/schema\\\/logo\\\/image\\\/\",\"url\":\"https:\\\/\\\/animefigurer.se\\\/wp-content\\\/uploads\\\/2025\\\/12\\\/Animefigurer_logowhite.png\",\"contentUrl\":\"https:\\\/\\\/animefigurer.se\\\/wp-content\\\/uploads\\\/2025\\\/12\\\/Animefigurer_logowhite.png\",\"width\":1890,\"height\":1417,\"caption\":\"Animefigurer.se\"},\"image\":{\"@id\":\"https:\\\/\\\/animefigurer.se\\\/#\\\/schema\\\/logo\\\/image\\\/\"},\"sameAs\":[\"https:\\\/\\\/www.facebook.com\\\/profile.php?id=61581826539670\",\"https:\\\/\\\/www.instagram.com\\\/animefigurer.se\\\/\"],\"email\":\"info@animefigurer.se\"}]}<\/script>\n<!-- \/ Yoast SEO Premium plugin. -->","yoast_head_json":{"title":"The Quintessential Quintuplets Prisma Wing Nino Nakano | Animefigurer.se","robots":{"index":"index","follow":"follow","max-snippet":"max-snippet:-1","max-image-preview":"max-image-preview:large","max-video-preview":"max-video-preview:-1"},"canonical":"https:\/\/animefigurer.se\/en\/figurer\/the-quintessential-quintuplets\/the-quintessential-quintuplets-prisma-wing-nino-nakano\/","og_locale":"en_GB","og_type":"article","og_title":"The Quintessential Quintuplets Prisma Wing Nino Nakano","og_description":"Fr\u00e5n filmen baserad p\u00e5 The Quintessential Quintuplets kommer PRISMA WINGs Nino Nakano. Nino avbildas vilande i sitt nattlinne, med mjuka former och f\u00e4rgtekniker som framh\u00e4ver hennes uttryck och hudton. Nattlinnet \u00e5terger ED-illustrationen fr\u00e5n f\u00f6rsta s\u00e4songen i h\u00f6g detalj. Knutar, rynkor och brode","og_url":"https:\/\/animefigurer.se\/en\/figurer\/the-quintessential-quintuplets\/the-quintessential-quintuplets-prisma-wing-nino-nakano\/","og_site_name":"Animefigurer.se","article_publisher":"https:\/\/www.facebook.com\/profile.php?id=61581826539670","article_modified_time":"2026-04-10T12:26:51+00:00","og_image":[{"width":1890,"height":1417,"url":"https:\/\/animefigurer.se\/wp-content\/uploads\/2025\/12\/Animefigurer_logowhite.png","type":"image\/png"}],"twitter_card":"summary_large_image","twitter_misc":{"Estimated reading time":"1 minute"},"schema":{"@context":"https:\/\/schema.org","@graph":[{"@type":"WebPage","@id":"https:\/\/animefigurer.se\/figurer\/the-quintessential-quintuplets\/the-quintessential-quintuplets-prisma-wing-nino-nakano\/","url":"https:\/\/animefigurer.se\/figurer\/the-quintessential-quintuplets\/the-quintessential-quintuplets-prisma-wing-nino-nakano\/","name":"The Quintessential Quintuplets Prisma Wing Nino Nakano | Animefigurer.se","isPartOf":{"@id":"https:\/\/animefigurer.se\/#website"},"primaryImageOfPage":{"@id":"https:\/\/animefigurer.se\/figurer\/the-quintessential-quintuplets\/the-quintessential-quintuplets-prisma-wing-nino-nakano\/#primaryimage"},"image":{"@id":"https:\/\/animefigurer.se\/figurer\/the-quintessential-quintuplets\/the-quintessential-quintuplets-prisma-wing-nino-nakano\/#primaryimage"},"thumbnailUrl":"https:\/\/animefigurer.se\/wp-content\/uploads\/2025\/10\/62fbe454dd8f8.jpeg","datePublished":"2025-10-21T12:48:00+00:00","dateModified":"2026-04-10T12:26:51+00:00","breadcrumb":{"@id":"https:\/\/animefigurer.se\/figurer\/the-quintessential-quintuplets\/the-quintessential-quintuplets-prisma-wing-nino-nakano\/#breadcrumb"},"inLanguage":"en-GB","potentialAction":[{"@type":"ReadAction","target":["https:\/\/animefigurer.se\/figurer\/the-quintessential-quintuplets\/the-quintessential-quintuplets-prisma-wing-nino-nakano\/"]}]},{"@type":"ImageObject","inLanguage":"en-GB","@id":"https:\/\/animefigurer.se\/figurer\/the-quintessential-quintuplets\/the-quintessential-quintuplets-prisma-wing-nino-nakano\/#primaryimage","url":"https:\/\/animefigurer.se\/wp-content\/uploads\/2025\/10\/62fbe454dd8f8.jpeg","contentUrl":"https:\/\/animefigurer.se\/wp-content\/uploads\/2025\/10\/62fbe454dd8f8.jpeg","width":720,"height":540},{"@type":"BreadcrumbList","@id":"https:\/\/animefigurer.se\/figurer\/the-quintessential-quintuplets\/the-quintessential-quintuplets-prisma-wing-nino-nakano\/#breadcrumb","itemListElement":[{"@type":"ListItem","position":1,"name":"Home","item":"https:\/\/animefigurer.se\/"},{"@type":"ListItem","position":2,"name":"Butik","item":"https:\/\/animefigurer.se\/figurer\/"},{"@type":"ListItem","position":3,"name":"The Quintessential Quintuplets Prisma Wing Nino Nakano"}]},{"@type":"WebSite","@id":"https:\/\/animefigurer.se\/#website","url":"https:\/\/animefigurer.se\/","name":"Animefigurer.se","description":"Anime figures from over 300 different anime series with over 9000 products | Anime Shop","publisher":{"@id":"https:\/\/animefigurer.se\/#organization"},"potentialAction":[{"@type":"SearchAction","target":{"@type":"EntryPoint","urlTemplate":"https:\/\/animefigurer.se\/?s={search_term_string}"},"query-input":{"@type":"PropertyValueSpecification","valueRequired":true,"valueName":"search_term_string"}}],"inLanguage":"en-GB"},{"@type":"Organization","@id":"https:\/\/animefigurer.se\/#organization","name":"Animefigurer.se","alternateName":"Anime figurer | Anime shop","url":"https:\/\/animefigurer.se\/","logo":{"@type":"ImageObject","inLanguage":"en-GB","@id":"https:\/\/animefigurer.se\/#\/schema\/logo\/image\/","url":"https:\/\/animefigurer.se\/wp-content\/uploads\/2025\/12\/Animefigurer_logowhite.png","contentUrl":"https:\/\/animefigurer.se\/wp-content\/uploads\/2025\/12\/Animefigurer_logowhite.png","width":1890,"height":1417,"caption":"Animefigurer.se"},"image":{"@id":"https:\/\/animefigurer.se\/#\/schema\/logo\/image\/"},"sameAs":["https:\/\/www.facebook.com\/profile.php?id=61581826539670","https:\/\/www.instagram.com\/animefigurer.se\/"],"email":"info@animefigurer.se"}]}},"_links":{"self":[{"href":"https:\/\/animefigurer.se\/en\/wp-json\/wp\/v2\/product\/68681","targetHints":{"allow":["GET"]}}],"collection":[{"href":"https:\/\/animefigurer.se\/en\/wp-json\/wp\/v2\/product"}],"about":[{"href":"https:\/\/animefigurer.se\/en\/wp-json\/wp\/v2\/types\/product"}],"replies":[{"embeddable":true,"href":"https:\/\/animefigurer.se\/en\/wp-json\/wp\/v2\/comments?post=68681"}],"wp:featuredmedia":[{"embeddable":true,"href":"https:\/\/animefigurer.se\/en\/wp-json\/wp\/v2\/media\/68682"}],"wp:attachment":[{"href":"https:\/\/animefigurer.se\/en\/wp-json\/wp\/v2\/media?parent=68681"}],"wp:term":[{"taxonomy":"product_brand","embeddable":true,"href":"https:\/\/animefigurer.se\/en\/wp-json\/wp\/v2\/product_brand?post=68681"},{"taxonomy":"product_cat","embeddable":true,"href":"https:\/\/animefigurer.se\/en\/wp-json\/wp\/v2\/product_cat?post=68681"},{"taxonomy":"product_tag","embeddable":true,"href":"https:\/\/animefigurer.se\/en\/wp-json\/wp\/v2\/product_tag?post=68681"},{"taxonomy":"giftcard-category","embeddable":true,"href":"https:\/\/animefigurer.se\/en\/wp-json\/wp\/v2\/giftcard-category?post=68681"}],"curies":[{"name":"wp","href":"https:\/\/api.w.org\/{rel}","templated":true}]}}