{"id":68496,"date":"2025-10-21T14:46:23","date_gmt":"2025-10-21T12:46:23","guid":{"rendered":"https:\/\/animefigurer.se\/produkt\/the-lord-of-the-rings-gollum-vinyl-figure\/"},"modified":"2025-12-21T19:36:08","modified_gmt":"2025-12-21T18:36:08","slug":"the-lord-of-the-rings-gollum-vinyl-figure","status":"publish","type":"product","link":"https:\/\/animefigurer.se\/en\/figurer\/the-lord-of-the-rings\/the-lord-of-the-rings-gollum-vinyl-figure\/","title":{"rendered":"The Lord of the Rings Gollum Vinyl Figure"},"content":{"rendered":"<p>Gollum has been given his own Youtooz and is slinking along in his usual way. He is bent on one knee and leaning forward, 1.5 inches tall, with a lifeless fish hanging from his sharp, toothy mouth. Thin strands of hair fall over his large head, above thick eyebrows and sunken eyes. In an outstretched, open hand he holds the One Ring. His body is thin and gnarled with the wear and tear of time, and he wears only a tattered brown loincloth.<\/p>\n<p>The packaging shows the silhouettes of the Fellowship walking over a green cliff at sunset and an inner glow where the Ring shines. The outer case is covered with a beige map of Middle-earth and the figure is visible through a large transparent window. The collector&#039;s item is delivered in a matte, embossed protective case and with a specially adapted plastic protector for safe receipt.<\/p>","protected":false},"excerpt":{"rendered":"<p>Gollum has been given his own Youtooz and is slinking along in his usual way. He is bent on one knee and leaning forward, 1.5 inches tall, with a lifeless fish hanging from his sharp, toothy mouth. Thin strands of hair fall over his large head, above thick eyebrows and sunken eyes. In a stretched out<\/p>","protected":false},"featured_media":68497,"comment_status":"closed","ping_status":"open","template":"","meta":{"_acf_changed":false,"_monsterinsights_skip_tracking":false,"_monsterinsights_sitenote_active":false,"_monsterinsights_sitenote_note":"","_monsterinsights_sitenote_category":0},"product_brand":[7189],"product_cat":[5568,7233],"product_tag":[26],"giftcard-category":[],"class_list":{"0":"post-68496","1":"product","2":"type-product","3":"status-publish","4":"has-post-thumbnail","6":"product_brand-youtooz","7":"product_cat-the-lord-of-the-rings","8":"product_cat-pre-order","9":"product_tag-pre-order","10":"pa_franchise-the-lord-of-the-rings","11":"pa_karaktar-gollum","12":"pa_material-vinyl","13":"pa_storlek-10-cm","15":"first","16":"instock","17":"taxable","18":"shipping-taxable","19":"purchasable","20":"product-type-simple"},"acf":[],"yoast_head":"<!-- This site is optimized with the Yoast SEO Premium plugin v24.6 (Yoast SEO v27.3) - https:\/\/yoast.com\/product\/yoast-seo-premium-wordpress\/ -->\n<title>The Lord of the Rings Gollum Vinyl Figure | Animefigurer.se<\/title>\n<meta name=\"robots\" content=\"index, follow, max-snippet:-1, max-image-preview:large, max-video-preview:-1\" \/>\n<link rel=\"canonical\" href=\"https:\/\/animefigurer.se\/en\/figurer\/the-lord-of-the-rings\/the-lord-of-the-rings-gollum-vinyl-figure\/\" \/>\n<meta property=\"og:locale\" content=\"en_GB\" \/>\n<meta property=\"og:type\" content=\"article\" \/>\n<meta property=\"og:title\" content=\"The Lord of the Rings Gollum Vinyl Figure\" \/>\n<meta property=\"og:description\" content=\"Gollum har f\u00e5tt sin egen Youtooz och smyger fram p\u00e5 sitt sedvanliga s\u00e4tt. Han st\u00e5r b\u00f6jd p\u00e5 ett kn\u00e4 och lutar sig fram\u00e5t, 3,8 centimeter l\u00e5ng, med en livl\u00f6s fisk h\u00e4ngande ur sin vassa, tandade mun. Tunna h\u00e5rslingor faller \u00f6ver hans stora huvud, ovanf\u00f6r tjocka \u00f6gonbryn och insjunkna \u00f6gon. I en utstr\u00e4c\" \/>\n<meta property=\"og:url\" content=\"https:\/\/animefigurer.se\/en\/figurer\/the-lord-of-the-rings\/the-lord-of-the-rings-gollum-vinyl-figure\/\" \/>\n<meta property=\"og:site_name\" content=\"Animefigurer.se\" \/>\n<meta property=\"article:publisher\" content=\"https:\/\/www.facebook.com\/profile.php?id=61581826539670\" \/>\n<meta property=\"article:modified_time\" content=\"2025-12-21T18:36:08+00:00\" \/>\n<meta property=\"og:image\" content=\"https:\/\/animefigurer.se\/wp-content\/uploads\/2025\/12\/Animefigurer_logowhite.png\" \/>\n\t<meta property=\"og:image:width\" content=\"1890\" \/>\n\t<meta property=\"og:image:height\" content=\"1417\" \/>\n\t<meta property=\"og:image:type\" content=\"image\/png\" \/>\n<meta name=\"twitter:card\" content=\"summary_large_image\" \/>\n<meta name=\"twitter:label1\" content=\"Estimated reading time\" \/>\n\t<meta name=\"twitter:data1\" content=\"1 minute\" \/>\n<script type=\"application\/ld+json\" class=\"yoast-schema-graph\">{\"@context\":\"https:\\\/\\\/schema.org\",\"@graph\":[{\"@type\":\"WebPage\",\"@id\":\"https:\\\/\\\/animefigurer.se\\\/figurer\\\/the-lord-of-the-rings\\\/the-lord-of-the-rings-gollum-vinyl-figure\\\/\",\"url\":\"https:\\\/\\\/animefigurer.se\\\/figurer\\\/the-lord-of-the-rings\\\/the-lord-of-the-rings-gollum-vinyl-figure\\\/\",\"name\":\"The Lord of the Rings Gollum Vinyl Figure | Animefigurer.se\",\"isPartOf\":{\"@id\":\"https:\\\/\\\/animefigurer.se\\\/#website\"},\"primaryImageOfPage\":{\"@id\":\"https:\\\/\\\/animefigurer.se\\\/figurer\\\/the-lord-of-the-rings\\\/the-lord-of-the-rings-gollum-vinyl-figure\\\/#primaryimage\"},\"image\":{\"@id\":\"https:\\\/\\\/animefigurer.se\\\/figurer\\\/the-lord-of-the-rings\\\/the-lord-of-the-rings-gollum-vinyl-figure\\\/#primaryimage\"},\"thumbnailUrl\":\"https:\\\/\\\/animefigurer.se\\\/wp-content\\\/uploads\\\/2025\\\/10\\\/685ba5ce9a1f1.jpeg\",\"datePublished\":\"2025-10-21T12:46:23+00:00\",\"dateModified\":\"2025-12-21T18:36:08+00:00\",\"breadcrumb\":{\"@id\":\"https:\\\/\\\/animefigurer.se\\\/figurer\\\/the-lord-of-the-rings\\\/the-lord-of-the-rings-gollum-vinyl-figure\\\/#breadcrumb\"},\"inLanguage\":\"en-GB\",\"potentialAction\":[{\"@type\":\"ReadAction\",\"target\":[\"https:\\\/\\\/animefigurer.se\\\/figurer\\\/the-lord-of-the-rings\\\/the-lord-of-the-rings-gollum-vinyl-figure\\\/\"]}]},{\"@type\":\"ImageObject\",\"inLanguage\":\"en-GB\",\"@id\":\"https:\\\/\\\/animefigurer.se\\\/figurer\\\/the-lord-of-the-rings\\\/the-lord-of-the-rings-gollum-vinyl-figure\\\/#primaryimage\",\"url\":\"https:\\\/\\\/animefigurer.se\\\/wp-content\\\/uploads\\\/2025\\\/10\\\/685ba5ce9a1f1.jpeg\",\"contentUrl\":\"https:\\\/\\\/animefigurer.se\\\/wp-content\\\/uploads\\\/2025\\\/10\\\/685ba5ce9a1f1.jpeg\",\"width\":720,\"height\":540},{\"@type\":\"BreadcrumbList\",\"@id\":\"https:\\\/\\\/animefigurer.se\\\/figurer\\\/the-lord-of-the-rings\\\/the-lord-of-the-rings-gollum-vinyl-figure\\\/#breadcrumb\",\"itemListElement\":[{\"@type\":\"ListItem\",\"position\":1,\"name\":\"Home\",\"item\":\"https:\\\/\\\/animefigurer.se\\\/\"},{\"@type\":\"ListItem\",\"position\":2,\"name\":\"Butik\",\"item\":\"https:\\\/\\\/animefigurer.se\\\/figurer\\\/\"},{\"@type\":\"ListItem\",\"position\":3,\"name\":\"The Lord of the Rings Gollum Vinyl Figure\"}]},{\"@type\":\"WebSite\",\"@id\":\"https:\\\/\\\/animefigurer.se\\\/#website\",\"url\":\"https:\\\/\\\/animefigurer.se\\\/\",\"name\":\"Animefigurer.se\",\"description\":\"Anime figurer fr\u00e5n \u00f6ver 300 olika anime serier med \u00f6ver 9000 produkter | Anime Shop\",\"publisher\":{\"@id\":\"https:\\\/\\\/animefigurer.se\\\/#organization\"},\"potentialAction\":[{\"@type\":\"SearchAction\",\"target\":{\"@type\":\"EntryPoint\",\"urlTemplate\":\"https:\\\/\\\/animefigurer.se\\\/?s={search_term_string}\"},\"query-input\":{\"@type\":\"PropertyValueSpecification\",\"valueRequired\":true,\"valueName\":\"search_term_string\"}}],\"inLanguage\":\"en-GB\"},{\"@type\":\"Organization\",\"@id\":\"https:\\\/\\\/animefigurer.se\\\/#organization\",\"name\":\"Animefigurer.se\",\"alternateName\":\"Anime figurer | Anime shop\",\"url\":\"https:\\\/\\\/animefigurer.se\\\/\",\"logo\":{\"@type\":\"ImageObject\",\"inLanguage\":\"en-GB\",\"@id\":\"https:\\\/\\\/animefigurer.se\\\/#\\\/schema\\\/logo\\\/image\\\/\",\"url\":\"https:\\\/\\\/animefigurer.se\\\/wp-content\\\/uploads\\\/2025\\\/12\\\/Animefigurer_logowhite.png\",\"contentUrl\":\"https:\\\/\\\/animefigurer.se\\\/wp-content\\\/uploads\\\/2025\\\/12\\\/Animefigurer_logowhite.png\",\"width\":1890,\"height\":1417,\"caption\":\"Animefigurer.se\"},\"image\":{\"@id\":\"https:\\\/\\\/animefigurer.se\\\/#\\\/schema\\\/logo\\\/image\\\/\"},\"sameAs\":[\"https:\\\/\\\/www.facebook.com\\\/profile.php?id=61581826539670\",\"https:\\\/\\\/www.instagram.com\\\/animefigurer.se\\\/\"],\"email\":\"info@animefigurer.se\"}]}<\/script>\n<!-- \/ Yoast SEO Premium plugin. -->","yoast_head_json":{"title":"The Lord of the Rings Gollum Vinyl Figure | Animefigurer.se","robots":{"index":"index","follow":"follow","max-snippet":"max-snippet:-1","max-image-preview":"max-image-preview:large","max-video-preview":"max-video-preview:-1"},"canonical":"https:\/\/animefigurer.se\/en\/figurer\/the-lord-of-the-rings\/the-lord-of-the-rings-gollum-vinyl-figure\/","og_locale":"en_GB","og_type":"article","og_title":"The Lord of the Rings Gollum Vinyl Figure","og_description":"Gollum har f\u00e5tt sin egen Youtooz och smyger fram p\u00e5 sitt sedvanliga s\u00e4tt. Han st\u00e5r b\u00f6jd p\u00e5 ett kn\u00e4 och lutar sig fram\u00e5t, 3,8 centimeter l\u00e5ng, med en livl\u00f6s fisk h\u00e4ngande ur sin vassa, tandade mun. Tunna h\u00e5rslingor faller \u00f6ver hans stora huvud, ovanf\u00f6r tjocka \u00f6gonbryn och insjunkna \u00f6gon. I en utstr\u00e4c","og_url":"https:\/\/animefigurer.se\/en\/figurer\/the-lord-of-the-rings\/the-lord-of-the-rings-gollum-vinyl-figure\/","og_site_name":"Animefigurer.se","article_publisher":"https:\/\/www.facebook.com\/profile.php?id=61581826539670","article_modified_time":"2025-12-21T18:36:08+00:00","og_image":[{"width":1890,"height":1417,"url":"https:\/\/animefigurer.se\/wp-content\/uploads\/2025\/12\/Animefigurer_logowhite.png","type":"image\/png"}],"twitter_card":"summary_large_image","twitter_misc":{"Estimated reading time":"1 minute"},"schema":{"@context":"https:\/\/schema.org","@graph":[{"@type":"WebPage","@id":"https:\/\/animefigurer.se\/figurer\/the-lord-of-the-rings\/the-lord-of-the-rings-gollum-vinyl-figure\/","url":"https:\/\/animefigurer.se\/figurer\/the-lord-of-the-rings\/the-lord-of-the-rings-gollum-vinyl-figure\/","name":"The Lord of the Rings Gollum Vinyl Figure | Animefigurer.se","isPartOf":{"@id":"https:\/\/animefigurer.se\/#website"},"primaryImageOfPage":{"@id":"https:\/\/animefigurer.se\/figurer\/the-lord-of-the-rings\/the-lord-of-the-rings-gollum-vinyl-figure\/#primaryimage"},"image":{"@id":"https:\/\/animefigurer.se\/figurer\/the-lord-of-the-rings\/the-lord-of-the-rings-gollum-vinyl-figure\/#primaryimage"},"thumbnailUrl":"https:\/\/animefigurer.se\/wp-content\/uploads\/2025\/10\/685ba5ce9a1f1.jpeg","datePublished":"2025-10-21T12:46:23+00:00","dateModified":"2025-12-21T18:36:08+00:00","breadcrumb":{"@id":"https:\/\/animefigurer.se\/figurer\/the-lord-of-the-rings\/the-lord-of-the-rings-gollum-vinyl-figure\/#breadcrumb"},"inLanguage":"en-GB","potentialAction":[{"@type":"ReadAction","target":["https:\/\/animefigurer.se\/figurer\/the-lord-of-the-rings\/the-lord-of-the-rings-gollum-vinyl-figure\/"]}]},{"@type":"ImageObject","inLanguage":"en-GB","@id":"https:\/\/animefigurer.se\/figurer\/the-lord-of-the-rings\/the-lord-of-the-rings-gollum-vinyl-figure\/#primaryimage","url":"https:\/\/animefigurer.se\/wp-content\/uploads\/2025\/10\/685ba5ce9a1f1.jpeg","contentUrl":"https:\/\/animefigurer.se\/wp-content\/uploads\/2025\/10\/685ba5ce9a1f1.jpeg","width":720,"height":540},{"@type":"BreadcrumbList","@id":"https:\/\/animefigurer.se\/figurer\/the-lord-of-the-rings\/the-lord-of-the-rings-gollum-vinyl-figure\/#breadcrumb","itemListElement":[{"@type":"ListItem","position":1,"name":"Home","item":"https:\/\/animefigurer.se\/"},{"@type":"ListItem","position":2,"name":"Butik","item":"https:\/\/animefigurer.se\/figurer\/"},{"@type":"ListItem","position":3,"name":"The Lord of the Rings Gollum Vinyl Figure"}]},{"@type":"WebSite","@id":"https:\/\/animefigurer.se\/#website","url":"https:\/\/animefigurer.se\/","name":"Animefigurer.se","description":"Anime figures from over 300 different anime series with over 9000 products | Anime Shop","publisher":{"@id":"https:\/\/animefigurer.se\/#organization"},"potentialAction":[{"@type":"SearchAction","target":{"@type":"EntryPoint","urlTemplate":"https:\/\/animefigurer.se\/?s={search_term_string}"},"query-input":{"@type":"PropertyValueSpecification","valueRequired":true,"valueName":"search_term_string"}}],"inLanguage":"en-GB"},{"@type":"Organization","@id":"https:\/\/animefigurer.se\/#organization","name":"Animefigurer.se","alternateName":"Anime figurer | Anime shop","url":"https:\/\/animefigurer.se\/","logo":{"@type":"ImageObject","inLanguage":"en-GB","@id":"https:\/\/animefigurer.se\/#\/schema\/logo\/image\/","url":"https:\/\/animefigurer.se\/wp-content\/uploads\/2025\/12\/Animefigurer_logowhite.png","contentUrl":"https:\/\/animefigurer.se\/wp-content\/uploads\/2025\/12\/Animefigurer_logowhite.png","width":1890,"height":1417,"caption":"Animefigurer.se"},"image":{"@id":"https:\/\/animefigurer.se\/#\/schema\/logo\/image\/"},"sameAs":["https:\/\/www.facebook.com\/profile.php?id=61581826539670","https:\/\/www.instagram.com\/animefigurer.se\/"],"email":"info@animefigurer.se"}]}},"_links":{"self":[{"href":"https:\/\/animefigurer.se\/en\/wp-json\/wp\/v2\/product\/68496","targetHints":{"allow":["GET"]}}],"collection":[{"href":"https:\/\/animefigurer.se\/en\/wp-json\/wp\/v2\/product"}],"about":[{"href":"https:\/\/animefigurer.se\/en\/wp-json\/wp\/v2\/types\/product"}],"replies":[{"embeddable":true,"href":"https:\/\/animefigurer.se\/en\/wp-json\/wp\/v2\/comments?post=68496"}],"wp:featuredmedia":[{"embeddable":true,"href":"https:\/\/animefigurer.se\/en\/wp-json\/wp\/v2\/media\/68497"}],"wp:attachment":[{"href":"https:\/\/animefigurer.se\/en\/wp-json\/wp\/v2\/media?parent=68496"}],"wp:term":[{"taxonomy":"product_brand","embeddable":true,"href":"https:\/\/animefigurer.se\/en\/wp-json\/wp\/v2\/product_brand?post=68496"},{"taxonomy":"product_cat","embeddable":true,"href":"https:\/\/animefigurer.se\/en\/wp-json\/wp\/v2\/product_cat?post=68496"},{"taxonomy":"product_tag","embeddable":true,"href":"https:\/\/animefigurer.se\/en\/wp-json\/wp\/v2\/product_tag?post=68496"},{"taxonomy":"giftcard-category","embeddable":true,"href":"https:\/\/animefigurer.se\/en\/wp-json\/wp\/v2\/giftcard-category?post=68496"}],"curies":[{"name":"wp","href":"https:\/\/api.w.org\/{rel}","templated":true}]}}