{"id":68430,"date":"2025-10-21T14:45:15","date_gmt":"2025-10-21T12:45:15","guid":{"rendered":"https:\/\/animefigurer.se\/produkt\/the-legend-of-zelda-bokoblin-chest-light-with-sound\/"},"modified":"2026-04-17T07:15:02","modified_gmt":"2026-04-17T05:15:02","slug":"the-legend-of-zelda-bokoblin-chest-light-with-sound","status":"publish","type":"product","link":"https:\/\/animefigurer.se\/en\/figurer\/the-legend-of-zelda\/the-legend-of-zelda-bokoblin-chest-light-with-sound\/","title":{"rendered":"The Legend of Zelda Bokoblin Chest Light with Sound"},"content":{"rendered":"<p>Bring a piece of Hyrule home with the Bokoblin Chest Light. The chest-shaped light measures 14.4 cm (5.6&quot;) wide and is modeled after the Bokoblin monster from The Legend of Zelda\u2122 series. You can switch the light color between purple and yellow with the touch of a button. When the chest is opened, the game&#039;s opening sound plays. Powered by 3x AAA batteries (not included). Officially licensed Nintendo\u00ae product.<\/p>","protected":false},"excerpt":{"rendered":"<p>Bring a piece of Hyrule home with the Bokoblin Chest Light. The chest-shaped light measures 14.4 cm (5.6\u2033) wide and is modeled after the Bokoblin monster from The Legend of Zelda\u2122 series. You can switch the light color between purple and yellow with the touch of a button. When the chest is opened, the game&#039;s opening sound plays. Powered by 3x AAA batteries<\/p>","protected":false},"featured_media":68431,"comment_status":"closed","ping_status":"closed","template":"","meta":{"_acf_changed":false,"_monsterinsights_skip_tracking":false,"_monsterinsights_sitenote_active":false,"_monsterinsights_sitenote_note":"","_monsterinsights_sitenote_category":0},"product_brand":[7089],"product_cat":[5558],"product_tag":[24],"giftcard-category":[],"class_list":{"0":"post-68430","1":"product","2":"type-product","3":"status-publish","4":"has-post-thumbnail","6":"product_brand-paladone-products","7":"product_cat-the-legend-of-zelda","8":"product_tag-2-3-weeks","9":"pa_franchise-the-legend-of-zelda","10":"pa_storlek-12-cm","12":"first","13":"instock","14":"taxable","15":"shipping-taxable","16":"purchasable","17":"product-type-simple"},"acf":[],"yoast_head":"<!-- This site is optimized with the Yoast SEO Premium plugin v24.6 (Yoast SEO v27.3) - https:\/\/yoast.com\/product\/yoast-seo-premium-wordpress\/ -->\n<title>The Legend of Zelda Bokoblin Chest Light with Sound | Animefigurer.se<\/title>\n<meta name=\"robots\" content=\"index, follow, max-snippet:-1, max-image-preview:large, max-video-preview:-1\" \/>\n<link rel=\"canonical\" href=\"https:\/\/animefigurer.se\/en\/figurer\/the-legend-of-zelda\/the-legend-of-zelda-bokoblin-chest-light-with-sound\/\" \/>\n<meta property=\"og:locale\" content=\"en_GB\" \/>\n<meta property=\"og:type\" content=\"article\" \/>\n<meta property=\"og:title\" content=\"The Legend of Zelda Bokoblin Chest Light with Sound\" \/>\n<meta property=\"og:description\" content=\"Ta med dig en bit av Hyrule hem med Bokoblin Chest Light. Det br\u00f6stformade ljuset \u00e4r 14,4 cm (5,6&quot;) brett och efterliknar Bokoblin-monstret fr\u00e5n The Legend of Zelda\u2122-serien. Du kan v\u00e4xla ljusets f\u00e4rg mellan lila och gult med en knapp. N\u00e4r kistan \u00f6ppnas h\u00f6rs spelets \u00f6ppningsljud. Drivs av 3x AAA-batt\" \/>\n<meta property=\"og:url\" content=\"https:\/\/animefigurer.se\/en\/figurer\/the-legend-of-zelda\/the-legend-of-zelda-bokoblin-chest-light-with-sound\/\" \/>\n<meta property=\"og:site_name\" content=\"Animefigurer.se\" \/>\n<meta property=\"article:publisher\" content=\"https:\/\/www.facebook.com\/profile.php?id=61581826539670\" \/>\n<meta property=\"article:modified_time\" content=\"2026-04-17T05:15:02+00:00\" \/>\n<meta property=\"og:image\" content=\"https:\/\/animefigurer.se\/wp-content\/uploads\/2025\/12\/Animefigurer_logowhite.png\" \/>\n\t<meta property=\"og:image:width\" content=\"1890\" \/>\n\t<meta property=\"og:image:height\" content=\"1417\" \/>\n\t<meta property=\"og:image:type\" content=\"image\/png\" \/>\n<meta name=\"twitter:card\" content=\"summary_large_image\" \/>\n<meta name=\"twitter:label1\" content=\"Estimated reading time\" \/>\n\t<meta name=\"twitter:data1\" content=\"1 minute\" \/>\n<script type=\"application\/ld+json\" class=\"yoast-schema-graph\">{\"@context\":\"https:\\\/\\\/schema.org\",\"@graph\":[{\"@type\":\"WebPage\",\"@id\":\"https:\\\/\\\/animefigurer.se\\\/figurer\\\/the-legend-of-zelda\\\/the-legend-of-zelda-bokoblin-chest-light-with-sound\\\/\",\"url\":\"https:\\\/\\\/animefigurer.se\\\/figurer\\\/the-legend-of-zelda\\\/the-legend-of-zelda-bokoblin-chest-light-with-sound\\\/\",\"name\":\"The Legend of Zelda Bokoblin Chest Light with Sound | Animefigurer.se\",\"isPartOf\":{\"@id\":\"https:\\\/\\\/animefigurer.se\\\/#website\"},\"primaryImageOfPage\":{\"@id\":\"https:\\\/\\\/animefigurer.se\\\/figurer\\\/the-legend-of-zelda\\\/the-legend-of-zelda-bokoblin-chest-light-with-sound\\\/#primaryimage\"},\"image\":{\"@id\":\"https:\\\/\\\/animefigurer.se\\\/figurer\\\/the-legend-of-zelda\\\/the-legend-of-zelda-bokoblin-chest-light-with-sound\\\/#primaryimage\"},\"thumbnailUrl\":\"https:\\\/\\\/animefigurer.se\\\/wp-content\\\/uploads\\\/2025\\\/10\\\/66b1481090a73.jpeg\",\"datePublished\":\"2025-10-21T12:45:15+00:00\",\"dateModified\":\"2026-04-17T05:15:02+00:00\",\"breadcrumb\":{\"@id\":\"https:\\\/\\\/animefigurer.se\\\/figurer\\\/the-legend-of-zelda\\\/the-legend-of-zelda-bokoblin-chest-light-with-sound\\\/#breadcrumb\"},\"inLanguage\":\"en-GB\",\"potentialAction\":[{\"@type\":\"ReadAction\",\"target\":[\"https:\\\/\\\/animefigurer.se\\\/figurer\\\/the-legend-of-zelda\\\/the-legend-of-zelda-bokoblin-chest-light-with-sound\\\/\"]}]},{\"@type\":\"ImageObject\",\"inLanguage\":\"en-GB\",\"@id\":\"https:\\\/\\\/animefigurer.se\\\/figurer\\\/the-legend-of-zelda\\\/the-legend-of-zelda-bokoblin-chest-light-with-sound\\\/#primaryimage\",\"url\":\"https:\\\/\\\/animefigurer.se\\\/wp-content\\\/uploads\\\/2025\\\/10\\\/66b1481090a73.jpeg\",\"contentUrl\":\"https:\\\/\\\/animefigurer.se\\\/wp-content\\\/uploads\\\/2025\\\/10\\\/66b1481090a73.jpeg\",\"width\":720,\"height\":540},{\"@type\":\"BreadcrumbList\",\"@id\":\"https:\\\/\\\/animefigurer.se\\\/figurer\\\/the-legend-of-zelda\\\/the-legend-of-zelda-bokoblin-chest-light-with-sound\\\/#breadcrumb\",\"itemListElement\":[{\"@type\":\"ListItem\",\"position\":1,\"name\":\"Home\",\"item\":\"https:\\\/\\\/animefigurer.se\\\/\"},{\"@type\":\"ListItem\",\"position\":2,\"name\":\"Butik\",\"item\":\"https:\\\/\\\/animefigurer.se\\\/figurer\\\/\"},{\"@type\":\"ListItem\",\"position\":3,\"name\":\"The Legend of Zelda Bokoblin Chest Light with Sound\"}]},{\"@type\":\"WebSite\",\"@id\":\"https:\\\/\\\/animefigurer.se\\\/#website\",\"url\":\"https:\\\/\\\/animefigurer.se\\\/\",\"name\":\"Animefigurer.se\",\"description\":\"Anime figurer fr\u00e5n \u00f6ver 300 olika anime serier med \u00f6ver 9000 produkter | Anime Shop\",\"publisher\":{\"@id\":\"https:\\\/\\\/animefigurer.se\\\/#organization\"},\"potentialAction\":[{\"@type\":\"SearchAction\",\"target\":{\"@type\":\"EntryPoint\",\"urlTemplate\":\"https:\\\/\\\/animefigurer.se\\\/?s={search_term_string}\"},\"query-input\":{\"@type\":\"PropertyValueSpecification\",\"valueRequired\":true,\"valueName\":\"search_term_string\"}}],\"inLanguage\":\"en-GB\"},{\"@type\":\"Organization\",\"@id\":\"https:\\\/\\\/animefigurer.se\\\/#organization\",\"name\":\"Animefigurer.se\",\"alternateName\":\"Anime figurer | Anime shop\",\"url\":\"https:\\\/\\\/animefigurer.se\\\/\",\"logo\":{\"@type\":\"ImageObject\",\"inLanguage\":\"en-GB\",\"@id\":\"https:\\\/\\\/animefigurer.se\\\/#\\\/schema\\\/logo\\\/image\\\/\",\"url\":\"https:\\\/\\\/animefigurer.se\\\/wp-content\\\/uploads\\\/2025\\\/12\\\/Animefigurer_logowhite.png\",\"contentUrl\":\"https:\\\/\\\/animefigurer.se\\\/wp-content\\\/uploads\\\/2025\\\/12\\\/Animefigurer_logowhite.png\",\"width\":1890,\"height\":1417,\"caption\":\"Animefigurer.se\"},\"image\":{\"@id\":\"https:\\\/\\\/animefigurer.se\\\/#\\\/schema\\\/logo\\\/image\\\/\"},\"sameAs\":[\"https:\\\/\\\/www.facebook.com\\\/profile.php?id=61581826539670\",\"https:\\\/\\\/www.instagram.com\\\/animefigurer.se\\\/\"],\"email\":\"info@animefigurer.se\"}]}<\/script>\n<!-- \/ Yoast SEO Premium plugin. -->","yoast_head_json":{"title":"The Legend of Zelda Bokoblin Chest Light with Sound | Animefigurer.se","robots":{"index":"index","follow":"follow","max-snippet":"max-snippet:-1","max-image-preview":"max-image-preview:large","max-video-preview":"max-video-preview:-1"},"canonical":"https:\/\/animefigurer.se\/en\/figurer\/the-legend-of-zelda\/the-legend-of-zelda-bokoblin-chest-light-with-sound\/","og_locale":"en_GB","og_type":"article","og_title":"The Legend of Zelda Bokoblin Chest Light with Sound","og_description":"Ta med dig en bit av Hyrule hem med Bokoblin Chest Light. Det br\u00f6stformade ljuset \u00e4r 14,4 cm (5,6\") brett och efterliknar Bokoblin-monstret fr\u00e5n The Legend of Zelda\u2122-serien. Du kan v\u00e4xla ljusets f\u00e4rg mellan lila och gult med en knapp. N\u00e4r kistan \u00f6ppnas h\u00f6rs spelets \u00f6ppningsljud. Drivs av 3x AAA-batt","og_url":"https:\/\/animefigurer.se\/en\/figurer\/the-legend-of-zelda\/the-legend-of-zelda-bokoblin-chest-light-with-sound\/","og_site_name":"Animefigurer.se","article_publisher":"https:\/\/www.facebook.com\/profile.php?id=61581826539670","article_modified_time":"2026-04-17T05:15:02+00:00","og_image":[{"width":1890,"height":1417,"url":"https:\/\/animefigurer.se\/wp-content\/uploads\/2025\/12\/Animefigurer_logowhite.png","type":"image\/png"}],"twitter_card":"summary_large_image","twitter_misc":{"Estimated reading time":"1 minute"},"schema":{"@context":"https:\/\/schema.org","@graph":[{"@type":"WebPage","@id":"https:\/\/animefigurer.se\/figurer\/the-legend-of-zelda\/the-legend-of-zelda-bokoblin-chest-light-with-sound\/","url":"https:\/\/animefigurer.se\/figurer\/the-legend-of-zelda\/the-legend-of-zelda-bokoblin-chest-light-with-sound\/","name":"The Legend of Zelda Bokoblin Chest Light with Sound | Animefigurer.se","isPartOf":{"@id":"https:\/\/animefigurer.se\/#website"},"primaryImageOfPage":{"@id":"https:\/\/animefigurer.se\/figurer\/the-legend-of-zelda\/the-legend-of-zelda-bokoblin-chest-light-with-sound\/#primaryimage"},"image":{"@id":"https:\/\/animefigurer.se\/figurer\/the-legend-of-zelda\/the-legend-of-zelda-bokoblin-chest-light-with-sound\/#primaryimage"},"thumbnailUrl":"https:\/\/animefigurer.se\/wp-content\/uploads\/2025\/10\/66b1481090a73.jpeg","datePublished":"2025-10-21T12:45:15+00:00","dateModified":"2026-04-17T05:15:02+00:00","breadcrumb":{"@id":"https:\/\/animefigurer.se\/figurer\/the-legend-of-zelda\/the-legend-of-zelda-bokoblin-chest-light-with-sound\/#breadcrumb"},"inLanguage":"en-GB","potentialAction":[{"@type":"ReadAction","target":["https:\/\/animefigurer.se\/figurer\/the-legend-of-zelda\/the-legend-of-zelda-bokoblin-chest-light-with-sound\/"]}]},{"@type":"ImageObject","inLanguage":"en-GB","@id":"https:\/\/animefigurer.se\/figurer\/the-legend-of-zelda\/the-legend-of-zelda-bokoblin-chest-light-with-sound\/#primaryimage","url":"https:\/\/animefigurer.se\/wp-content\/uploads\/2025\/10\/66b1481090a73.jpeg","contentUrl":"https:\/\/animefigurer.se\/wp-content\/uploads\/2025\/10\/66b1481090a73.jpeg","width":720,"height":540},{"@type":"BreadcrumbList","@id":"https:\/\/animefigurer.se\/figurer\/the-legend-of-zelda\/the-legend-of-zelda-bokoblin-chest-light-with-sound\/#breadcrumb","itemListElement":[{"@type":"ListItem","position":1,"name":"Home","item":"https:\/\/animefigurer.se\/"},{"@type":"ListItem","position":2,"name":"Butik","item":"https:\/\/animefigurer.se\/figurer\/"},{"@type":"ListItem","position":3,"name":"The Legend of Zelda Bokoblin Chest Light with Sound"}]},{"@type":"WebSite","@id":"https:\/\/animefigurer.se\/#website","url":"https:\/\/animefigurer.se\/","name":"Animefigurer.se","description":"Anime figures from over 300 different anime series with over 9000 products | Anime Shop","publisher":{"@id":"https:\/\/animefigurer.se\/#organization"},"potentialAction":[{"@type":"SearchAction","target":{"@type":"EntryPoint","urlTemplate":"https:\/\/animefigurer.se\/?s={search_term_string}"},"query-input":{"@type":"PropertyValueSpecification","valueRequired":true,"valueName":"search_term_string"}}],"inLanguage":"en-GB"},{"@type":"Organization","@id":"https:\/\/animefigurer.se\/#organization","name":"Animefigurer.se","alternateName":"Anime figurer | Anime shop","url":"https:\/\/animefigurer.se\/","logo":{"@type":"ImageObject","inLanguage":"en-GB","@id":"https:\/\/animefigurer.se\/#\/schema\/logo\/image\/","url":"https:\/\/animefigurer.se\/wp-content\/uploads\/2025\/12\/Animefigurer_logowhite.png","contentUrl":"https:\/\/animefigurer.se\/wp-content\/uploads\/2025\/12\/Animefigurer_logowhite.png","width":1890,"height":1417,"caption":"Animefigurer.se"},"image":{"@id":"https:\/\/animefigurer.se\/#\/schema\/logo\/image\/"},"sameAs":["https:\/\/www.facebook.com\/profile.php?id=61581826539670","https:\/\/www.instagram.com\/animefigurer.se\/"],"email":"info@animefigurer.se"}]}},"_links":{"self":[{"href":"https:\/\/animefigurer.se\/en\/wp-json\/wp\/v2\/product\/68430","targetHints":{"allow":["GET"]}}],"collection":[{"href":"https:\/\/animefigurer.se\/en\/wp-json\/wp\/v2\/product"}],"about":[{"href":"https:\/\/animefigurer.se\/en\/wp-json\/wp\/v2\/types\/product"}],"replies":[{"embeddable":true,"href":"https:\/\/animefigurer.se\/en\/wp-json\/wp\/v2\/comments?post=68430"}],"wp:featuredmedia":[{"embeddable":true,"href":"https:\/\/animefigurer.se\/en\/wp-json\/wp\/v2\/media\/68431"}],"wp:attachment":[{"href":"https:\/\/animefigurer.se\/en\/wp-json\/wp\/v2\/media?parent=68430"}],"wp:term":[{"taxonomy":"product_brand","embeddable":true,"href":"https:\/\/animefigurer.se\/en\/wp-json\/wp\/v2\/product_brand?post=68430"},{"taxonomy":"product_cat","embeddable":true,"href":"https:\/\/animefigurer.se\/en\/wp-json\/wp\/v2\/product_cat?post=68430"},{"taxonomy":"product_tag","embeddable":true,"href":"https:\/\/animefigurer.se\/en\/wp-json\/wp\/v2\/product_tag?post=68430"},{"taxonomy":"giftcard-category","embeddable":true,"href":"https:\/\/animefigurer.se\/en\/wp-json\/wp\/v2\/giftcard-category?post=68430"}],"curies":[{"name":"wp","href":"https:\/\/api.w.org\/{rel}","templated":true}]}}