{"id":67729,"date":"2025-10-21T14:35:29","date_gmt":"2025-10-21T12:35:29","guid":{"rendered":"https:\/\/animefigurer.se\/produkt\/the-idolmaster-cinderella-girls-relax-time-akira-sunazuka\/"},"modified":"2025-12-21T19:36:02","modified_gmt":"2025-12-21T18:36:02","slug":"the-idolmaster-cinderella-girls-relax-time-akira-sunazuka","status":"publish","type":"product","link":"https:\/\/animefigurer.se\/en\/figurer\/the-idolmaster-series\/the-idolmaster-cinderella-girls-relax-time-akira-sunazuka\/","title":{"rendered":"The Idolmaster Cinderella Girls Relax time Akira Sunazuka"},"content":{"rendered":"<p>Akira Sunazuka is an idol in THE IDOLM@STER CINDERELLA GIRLS app. She is from Niigata and loves fashion and video games. In everyday life, she may seem reserved, but on stage, Akira becomes energetic and confident in her idol role.<\/p>","protected":false},"excerpt":{"rendered":"<p>Akira Sunazuka is an idol in THE IDOLM@STER CINDERELLA GIRLS app. She is from Niigata and loves fashion and video games. In everyday life, she may seem reserved, but on stage, Akira becomes energetic and confident in her idol role.<\/p>","protected":false},"featured_media":67730,"comment_status":"closed","ping_status":"open","template":"","meta":{"_acf_changed":false,"_monsterinsights_skip_tracking":false,"_monsterinsights_sitenote_active":false,"_monsterinsights_sitenote_note":"","_monsterinsights_sitenote_category":0},"product_brand":[6928],"product_cat":[5474],"product_tag":[24],"giftcard-category":[],"class_list":{"0":"post-67729","1":"product","2":"type-product","3":"status-publish","4":"has-post-thumbnail","6":"product_brand-banpresto","7":"product_cat-the-idolmaster-series","8":"product_tag-2-3-weeks","9":"pa_franchise-the-idolmaster-cinderella-girls","10":"pa_karaktar-akira-sunazuka","11":"pa_material-pvc-abs","12":"pa_produktserie-relax-time","13":"pa_storlek-14-cm","15":"first","16":"instock","17":"taxable","18":"shipping-taxable","19":"purchasable","20":"product-type-simple"},"acf":[],"yoast_head":"<!-- This site is optimized with the Yoast SEO Premium plugin v24.6 (Yoast SEO v27.3) - https:\/\/yoast.com\/product\/yoast-seo-premium-wordpress\/ -->\n<title>The Idolmaster Cinderella Girls Relax time Akira Sunazuka | Animefigurer.se<\/title>\n<meta name=\"robots\" content=\"index, follow, max-snippet:-1, max-image-preview:large, max-video-preview:-1\" \/>\n<link rel=\"canonical\" href=\"https:\/\/animefigurer.se\/en\/figurer\/the-idolmaster-series\/the-idolmaster-cinderella-girls-relax-time-akira-sunazuka\/\" \/>\n<meta property=\"og:locale\" content=\"en_GB\" \/>\n<meta property=\"og:type\" content=\"article\" \/>\n<meta property=\"og:title\" content=\"The Idolmaster Cinderella Girls Relax time Akira Sunazuka\" \/>\n<meta property=\"og:description\" content=\"Akira Sunazuka \u00e4r en idol i THE IDOLM@STER CINDERELLA GIRLS-appen. Hon kommer fr\u00e5n Niigata och \u00e4lskar mode och TV-spel. I vardagen kan hon verka reserverad, men p\u00e5 scen blir Akira energisk och sj\u00e4lvs\u00e4ker i sin idolroll.\" \/>\n<meta property=\"og:url\" content=\"https:\/\/animefigurer.se\/en\/figurer\/the-idolmaster-series\/the-idolmaster-cinderella-girls-relax-time-akira-sunazuka\/\" \/>\n<meta property=\"og:site_name\" content=\"Animefigurer.se\" \/>\n<meta property=\"article:publisher\" content=\"https:\/\/www.facebook.com\/profile.php?id=61581826539670\" \/>\n<meta property=\"article:modified_time\" content=\"2025-12-21T18:36:02+00:00\" \/>\n<meta property=\"og:image\" content=\"https:\/\/animefigurer.se\/wp-content\/uploads\/2025\/12\/Animefigurer_logowhite.png\" \/>\n\t<meta property=\"og:image:width\" content=\"1890\" \/>\n\t<meta property=\"og:image:height\" content=\"1417\" \/>\n\t<meta property=\"og:image:type\" content=\"image\/png\" \/>\n<meta name=\"twitter:card\" content=\"summary_large_image\" \/>\n<script type=\"application\/ld+json\" class=\"yoast-schema-graph\">{\"@context\":\"https:\\\/\\\/schema.org\",\"@graph\":[{\"@type\":\"WebPage\",\"@id\":\"https:\\\/\\\/animefigurer.se\\\/en\\\/figurer\\\/the-idolmaster-series\\\/the-idolmaster-cinderella-girls-relax-time-akira-sunazuka\\\/\",\"url\":\"https:\\\/\\\/animefigurer.se\\\/en\\\/figurer\\\/the-idolmaster-series\\\/the-idolmaster-cinderella-girls-relax-time-akira-sunazuka\\\/\",\"name\":\"The Idolmaster Cinderella Girls Relax time Akira Sunazuka | Animefigurer.se\",\"isPartOf\":{\"@id\":\"https:\\\/\\\/animefigurer.se\\\/#website\"},\"primaryImageOfPage\":{\"@id\":\"https:\\\/\\\/animefigurer.se\\\/en\\\/figurer\\\/the-idolmaster-series\\\/the-idolmaster-cinderella-girls-relax-time-akira-sunazuka\\\/#primaryimage\"},\"image\":{\"@id\":\"https:\\\/\\\/animefigurer.se\\\/en\\\/figurer\\\/the-idolmaster-series\\\/the-idolmaster-cinderella-girls-relax-time-akira-sunazuka\\\/#primaryimage\"},\"thumbnailUrl\":\"https:\\\/\\\/animefigurer.se\\\/wp-content\\\/uploads\\\/2025\\\/10\\\/664f86b27a7c6.jpeg\",\"datePublished\":\"2025-10-21T12:35:29+00:00\",\"dateModified\":\"2025-12-21T18:36:02+00:00\",\"breadcrumb\":{\"@id\":\"https:\\\/\\\/animefigurer.se\\\/en\\\/figurer\\\/the-idolmaster-series\\\/the-idolmaster-cinderella-girls-relax-time-akira-sunazuka\\\/#breadcrumb\"},\"inLanguage\":\"en-GB\",\"potentialAction\":[{\"@type\":\"ReadAction\",\"target\":[\"https:\\\/\\\/animefigurer.se\\\/en\\\/figurer\\\/the-idolmaster-series\\\/the-idolmaster-cinderella-girls-relax-time-akira-sunazuka\\\/\"]}]},{\"@type\":\"ImageObject\",\"inLanguage\":\"en-GB\",\"@id\":\"https:\\\/\\\/animefigurer.se\\\/en\\\/figurer\\\/the-idolmaster-series\\\/the-idolmaster-cinderella-girls-relax-time-akira-sunazuka\\\/#primaryimage\",\"url\":\"https:\\\/\\\/animefigurer.se\\\/wp-content\\\/uploads\\\/2025\\\/10\\\/664f86b27a7c6.jpeg\",\"contentUrl\":\"https:\\\/\\\/animefigurer.se\\\/wp-content\\\/uploads\\\/2025\\\/10\\\/664f86b27a7c6.jpeg\",\"width\":720,\"height\":540},{\"@type\":\"BreadcrumbList\",\"@id\":\"https:\\\/\\\/animefigurer.se\\\/en\\\/figurer\\\/the-idolmaster-series\\\/the-idolmaster-cinderella-girls-relax-time-akira-sunazuka\\\/#breadcrumb\",\"itemListElement\":[{\"@type\":\"ListItem\",\"position\":1,\"name\":\"Home\",\"item\":\"https:\\\/\\\/animefigurer.se\\\/\"},{\"@type\":\"ListItem\",\"position\":2,\"name\":\"Butik\",\"item\":\"https:\\\/\\\/animefigurer.se\\\/figurer\\\/\"},{\"@type\":\"ListItem\",\"position\":3,\"name\":\"The Idolmaster Cinderella Girls Relax time Akira Sunazuka\"}]},{\"@type\":\"WebSite\",\"@id\":\"https:\\\/\\\/animefigurer.se\\\/#website\",\"url\":\"https:\\\/\\\/animefigurer.se\\\/\",\"name\":\"Animefigurer.se\",\"description\":\"Anime figurer fr\u00e5n \u00f6ver 300 olika anime serier med \u00f6ver 9000 produkter | Anime Shop\",\"publisher\":{\"@id\":\"https:\\\/\\\/animefigurer.se\\\/#organization\"},\"potentialAction\":[{\"@type\":\"SearchAction\",\"target\":{\"@type\":\"EntryPoint\",\"urlTemplate\":\"https:\\\/\\\/animefigurer.se\\\/?s={search_term_string}\"},\"query-input\":{\"@type\":\"PropertyValueSpecification\",\"valueRequired\":true,\"valueName\":\"search_term_string\"}}],\"inLanguage\":\"en-GB\"},{\"@type\":\"Organization\",\"@id\":\"https:\\\/\\\/animefigurer.se\\\/#organization\",\"name\":\"Animefigurer.se\",\"alternateName\":\"Anime figurer | Anime shop\",\"url\":\"https:\\\/\\\/animefigurer.se\\\/\",\"logo\":{\"@type\":\"ImageObject\",\"inLanguage\":\"en-GB\",\"@id\":\"https:\\\/\\\/animefigurer.se\\\/#\\\/schema\\\/logo\\\/image\\\/\",\"url\":\"https:\\\/\\\/animefigurer.se\\\/wp-content\\\/uploads\\\/2025\\\/12\\\/Animefigurer_logowhite.png\",\"contentUrl\":\"https:\\\/\\\/animefigurer.se\\\/wp-content\\\/uploads\\\/2025\\\/12\\\/Animefigurer_logowhite.png\",\"width\":1890,\"height\":1417,\"caption\":\"Animefigurer.se\"},\"image\":{\"@id\":\"https:\\\/\\\/animefigurer.se\\\/#\\\/schema\\\/logo\\\/image\\\/\"},\"sameAs\":[\"https:\\\/\\\/www.facebook.com\\\/profile.php?id=61581826539670\",\"https:\\\/\\\/www.instagram.com\\\/animefigurer.se\\\/\"],\"email\":\"info@animefigurer.se\"}]}<\/script>\n<!-- \/ Yoast SEO Premium plugin. -->","yoast_head_json":{"title":"The Idolmaster Cinderella Girls Relax time Akira Sunazuka | Animefigurer.se","robots":{"index":"index","follow":"follow","max-snippet":"max-snippet:-1","max-image-preview":"max-image-preview:large","max-video-preview":"max-video-preview:-1"},"canonical":"https:\/\/animefigurer.se\/en\/figurer\/the-idolmaster-series\/the-idolmaster-cinderella-girls-relax-time-akira-sunazuka\/","og_locale":"en_GB","og_type":"article","og_title":"The Idolmaster Cinderella Girls Relax time Akira Sunazuka","og_description":"Akira Sunazuka \u00e4r en idol i THE IDOLM@STER CINDERELLA GIRLS-appen. Hon kommer fr\u00e5n Niigata och \u00e4lskar mode och TV-spel. I vardagen kan hon verka reserverad, men p\u00e5 scen blir Akira energisk och sj\u00e4lvs\u00e4ker i sin idolroll.","og_url":"https:\/\/animefigurer.se\/en\/figurer\/the-idolmaster-series\/the-idolmaster-cinderella-girls-relax-time-akira-sunazuka\/","og_site_name":"Animefigurer.se","article_publisher":"https:\/\/www.facebook.com\/profile.php?id=61581826539670","article_modified_time":"2025-12-21T18:36:02+00:00","og_image":[{"width":1890,"height":1417,"url":"https:\/\/animefigurer.se\/wp-content\/uploads\/2025\/12\/Animefigurer_logowhite.png","type":"image\/png"}],"twitter_card":"summary_large_image","schema":{"@context":"https:\/\/schema.org","@graph":[{"@type":"WebPage","@id":"https:\/\/animefigurer.se\/en\/figurer\/the-idolmaster-series\/the-idolmaster-cinderella-girls-relax-time-akira-sunazuka\/","url":"https:\/\/animefigurer.se\/en\/figurer\/the-idolmaster-series\/the-idolmaster-cinderella-girls-relax-time-akira-sunazuka\/","name":"The Idolmaster Cinderella Girls Relax time Akira Sunazuka | Animefigurer.se","isPartOf":{"@id":"https:\/\/animefigurer.se\/#website"},"primaryImageOfPage":{"@id":"https:\/\/animefigurer.se\/en\/figurer\/the-idolmaster-series\/the-idolmaster-cinderella-girls-relax-time-akira-sunazuka\/#primaryimage"},"image":{"@id":"https:\/\/animefigurer.se\/en\/figurer\/the-idolmaster-series\/the-idolmaster-cinderella-girls-relax-time-akira-sunazuka\/#primaryimage"},"thumbnailUrl":"https:\/\/animefigurer.se\/wp-content\/uploads\/2025\/10\/664f86b27a7c6.jpeg","datePublished":"2025-10-21T12:35:29+00:00","dateModified":"2025-12-21T18:36:02+00:00","breadcrumb":{"@id":"https:\/\/animefigurer.se\/en\/figurer\/the-idolmaster-series\/the-idolmaster-cinderella-girls-relax-time-akira-sunazuka\/#breadcrumb"},"inLanguage":"en-GB","potentialAction":[{"@type":"ReadAction","target":["https:\/\/animefigurer.se\/en\/figurer\/the-idolmaster-series\/the-idolmaster-cinderella-girls-relax-time-akira-sunazuka\/"]}]},{"@type":"ImageObject","inLanguage":"en-GB","@id":"https:\/\/animefigurer.se\/en\/figurer\/the-idolmaster-series\/the-idolmaster-cinderella-girls-relax-time-akira-sunazuka\/#primaryimage","url":"https:\/\/animefigurer.se\/wp-content\/uploads\/2025\/10\/664f86b27a7c6.jpeg","contentUrl":"https:\/\/animefigurer.se\/wp-content\/uploads\/2025\/10\/664f86b27a7c6.jpeg","width":720,"height":540},{"@type":"BreadcrumbList","@id":"https:\/\/animefigurer.se\/en\/figurer\/the-idolmaster-series\/the-idolmaster-cinderella-girls-relax-time-akira-sunazuka\/#breadcrumb","itemListElement":[{"@type":"ListItem","position":1,"name":"Home","item":"https:\/\/animefigurer.se\/"},{"@type":"ListItem","position":2,"name":"Butik","item":"https:\/\/animefigurer.se\/figurer\/"},{"@type":"ListItem","position":3,"name":"The Idolmaster Cinderella Girls Relax time Akira Sunazuka"}]},{"@type":"WebSite","@id":"https:\/\/animefigurer.se\/#website","url":"https:\/\/animefigurer.se\/","name":"Animefigurer.se","description":"Anime figures from over 300 different anime series with over 9000 products | Anime Shop","publisher":{"@id":"https:\/\/animefigurer.se\/#organization"},"potentialAction":[{"@type":"SearchAction","target":{"@type":"EntryPoint","urlTemplate":"https:\/\/animefigurer.se\/?s={search_term_string}"},"query-input":{"@type":"PropertyValueSpecification","valueRequired":true,"valueName":"search_term_string"}}],"inLanguage":"en-GB"},{"@type":"Organization","@id":"https:\/\/animefigurer.se\/#organization","name":"Animefigurer.se","alternateName":"Anime figurer | Anime shop","url":"https:\/\/animefigurer.se\/","logo":{"@type":"ImageObject","inLanguage":"en-GB","@id":"https:\/\/animefigurer.se\/#\/schema\/logo\/image\/","url":"https:\/\/animefigurer.se\/wp-content\/uploads\/2025\/12\/Animefigurer_logowhite.png","contentUrl":"https:\/\/animefigurer.se\/wp-content\/uploads\/2025\/12\/Animefigurer_logowhite.png","width":1890,"height":1417,"caption":"Animefigurer.se"},"image":{"@id":"https:\/\/animefigurer.se\/#\/schema\/logo\/image\/"},"sameAs":["https:\/\/www.facebook.com\/profile.php?id=61581826539670","https:\/\/www.instagram.com\/animefigurer.se\/"],"email":"info@animefigurer.se"}]}},"_links":{"self":[{"href":"https:\/\/animefigurer.se\/en\/wp-json\/wp\/v2\/product\/67729","targetHints":{"allow":["GET"]}}],"collection":[{"href":"https:\/\/animefigurer.se\/en\/wp-json\/wp\/v2\/product"}],"about":[{"href":"https:\/\/animefigurer.se\/en\/wp-json\/wp\/v2\/types\/product"}],"replies":[{"embeddable":true,"href":"https:\/\/animefigurer.se\/en\/wp-json\/wp\/v2\/comments?post=67729"}],"wp:featuredmedia":[{"embeddable":true,"href":"https:\/\/animefigurer.se\/en\/wp-json\/wp\/v2\/media\/67730"}],"wp:attachment":[{"href":"https:\/\/animefigurer.se\/en\/wp-json\/wp\/v2\/media?parent=67729"}],"wp:term":[{"taxonomy":"product_brand","embeddable":true,"href":"https:\/\/animefigurer.se\/en\/wp-json\/wp\/v2\/product_brand?post=67729"},{"taxonomy":"product_cat","embeddable":true,"href":"https:\/\/animefigurer.se\/en\/wp-json\/wp\/v2\/product_cat?post=67729"},{"taxonomy":"product_tag","embeddable":true,"href":"https:\/\/animefigurer.se\/en\/wp-json\/wp\/v2\/product_tag?post=67729"},{"taxonomy":"giftcard-category","embeddable":true,"href":"https:\/\/animefigurer.se\/en\/wp-json\/wp\/v2\/giftcard-category?post=67729"}],"curies":[{"name":"wp","href":"https:\/\/api.w.org\/{rel}","templated":true}]}}