{"id":6725,"date":"2025-10-20T16:44:38","date_gmt":"2025-10-20T14:44:38","guid":{"rendered":"https:\/\/animefigurer.se\/produkt\/atelier-ryza-ever-darkness-and-the-secret-hideout-lila-desires-swimsuit-ver-1-7-scale-figure\/"},"modified":"2026-03-14T12:21:04","modified_gmt":"2026-03-14T11:21:04","slug":"atelier-ryza-ever-darkness-and-the-secret-hideout-lila-desires-swimsuit-ver-1-7-scale-figure","status":"publish","type":"product","link":"https:\/\/animefigurer.se\/en\/figurer\/atelier-series\/atelier-ryza-ever-darkness-and-the-secret-hideout-lila-desires-swimsuit-ver-1-7-scale-figure\/","title":{"rendered":"Atelier Ryza: Ever Darkness and the Secret Hideout Lila Desires (Swimsuit Ver.) 1\/7 Scale Figure"},"content":{"rendered":"<p>From the game Atelier Ryza: Ever Darkness &amp; Secret Hideout comes a 1\/7th scale Lila Desires. Sculpted in an elegant swimsuit, she looks over her shoulder as she scouts for new shells to add to her collection. Another combat-ready character in the series, Lila is rendered in a graceful pose with flowing hair.<\/p>\n<p>Her chilly expression is beautifully highlighted with detailed painting. Get ready for a sunny day and add this charming figure to your collection!<\/p>","protected":false},"excerpt":{"rendered":"<p>From the game Atelier Ryza: Ever Darkness &amp; Secret Hideout comes the 1\/7th scale Lila Desires. Sculpted in an elegant swimsuit, she glances over her shoulder as she scouts for new shells to add to her collection. Lila, who is also a combat-ready character in the series, is rendered in a graceful<\/p>","protected":false},"featured_media":6726,"comment_status":"closed","ping_status":"closed","template":"","meta":{"_acf_changed":false,"_monsterinsights_skip_tracking":false,"_monsterinsights_sitenote_active":false,"_monsterinsights_sitenote_note":"","_monsterinsights_sitenote_category":0},"product_brand":[7112],"product_cat":[619,7233],"product_tag":[24],"giftcard-category":[],"class_list":{"0":"post-6725","1":"product","2":"type-product","3":"status-publish","4":"has-post-thumbnail","6":"product_brand-proof","7":"product_cat-atelier-series","8":"product_cat-pre-order","9":"product_tag-2-3-weeks","10":"pa_franchise-atelier-ryza-ever-darkness-the-secret-hideout","11":"pa_karaktar-lila-desires","12":"pa_material-pvc-abs","13":"pa_skala-41","14":"pa_storlek-17-cm","16":"first","17":"instock","18":"taxable","19":"shipping-taxable","20":"purchasable","21":"product-type-simple"},"acf":[],"yoast_head":"<!-- This site is optimized with the Yoast SEO Premium plugin v24.6 (Yoast SEO v27.3) - https:\/\/yoast.com\/product\/yoast-seo-premium-wordpress\/ -->\n<title>Atelier Ryza: Ever Darkness and the Secret Hideout Lila Desires (Swimsuit Ver.) 1\/7 Scale Figure | Animefigurer.se<\/title>\n<meta name=\"robots\" content=\"index, follow, max-snippet:-1, max-image-preview:large, max-video-preview:-1\" \/>\n<link rel=\"canonical\" href=\"https:\/\/animefigurer.se\/en\/figurer\/atelier-series\/atelier-ryza-ever-darkness-and-the-secret-hideout-lila-desires-swimsuit-ver-1-7-scale-figure\/\" \/>\n<meta property=\"og:locale\" content=\"en_GB\" \/>\n<meta property=\"og:type\" content=\"article\" \/>\n<meta property=\"og:title\" content=\"Atelier Ryza: Ever Darkness and the Secret Hideout Lila Desires (Swimsuit Ver.) 1\/7 Scale Figure\" \/>\n<meta property=\"og:description\" content=\"Fr\u00e5n spelet Atelier Ryza: Ever Darkness &amp; Secret Hideout kommer skalenliga Lila Desires i skala 1\/7. Hon \u00e4r skulpterad i en elegant baddr\u00e4kt och vrider blicken \u00f6ver axeln medan hon spanar efter nya sn\u00e4ckor till sin samling. Lila, som ocks\u00e5 \u00e4r en stridsduglig figur i serien, \u00e5terges i en graci\u00f6s\" \/>\n<meta property=\"og:url\" content=\"https:\/\/animefigurer.se\/en\/figurer\/atelier-series\/atelier-ryza-ever-darkness-and-the-secret-hideout-lila-desires-swimsuit-ver-1-7-scale-figure\/\" \/>\n<meta property=\"og:site_name\" content=\"Animefigurer.se\" \/>\n<meta property=\"article:publisher\" content=\"https:\/\/www.facebook.com\/profile.php?id=61581826539670\" \/>\n<meta property=\"article:modified_time\" content=\"2026-03-14T11:21:04+00:00\" \/>\n<meta property=\"og:image\" content=\"https:\/\/animefigurer.se\/wp-content\/uploads\/2025\/12\/Animefigurer_logowhite.png\" \/>\n\t<meta property=\"og:image:width\" content=\"1890\" \/>\n\t<meta property=\"og:image:height\" content=\"1417\" \/>\n\t<meta property=\"og:image:type\" content=\"image\/png\" \/>\n<meta name=\"twitter:card\" content=\"summary_large_image\" \/>\n<meta name=\"twitter:label1\" content=\"Estimated reading time\" \/>\n\t<meta name=\"twitter:data1\" content=\"1 minute\" \/>\n<script type=\"application\/ld+json\" class=\"yoast-schema-graph\">{\"@context\":\"https:\\\/\\\/schema.org\",\"@graph\":[{\"@type\":\"WebPage\",\"@id\":\"https:\\\/\\\/animefigurer.se\\\/figurer\\\/atelier-series\\\/atelier-ryza-ever-darkness-and-the-secret-hideout-lila-desires-swimsuit-ver-1-7-scale-figure\\\/\",\"url\":\"https:\\\/\\\/animefigurer.se\\\/figurer\\\/atelier-series\\\/atelier-ryza-ever-darkness-and-the-secret-hideout-lila-desires-swimsuit-ver-1-7-scale-figure\\\/\",\"name\":\"Atelier Ryza: Ever Darkness and the Secret Hideout Lila Desires (Swimsuit Ver.) 1\\\/7 Scale Figure | Animefigurer.se\",\"isPartOf\":{\"@id\":\"https:\\\/\\\/animefigurer.se\\\/#website\"},\"primaryImageOfPage\":{\"@id\":\"https:\\\/\\\/animefigurer.se\\\/figurer\\\/atelier-series\\\/atelier-ryza-ever-darkness-and-the-secret-hideout-lila-desires-swimsuit-ver-1-7-scale-figure\\\/#primaryimage\"},\"image\":{\"@id\":\"https:\\\/\\\/animefigurer.se\\\/figurer\\\/atelier-series\\\/atelier-ryza-ever-darkness-and-the-secret-hideout-lila-desires-swimsuit-ver-1-7-scale-figure\\\/#primaryimage\"},\"thumbnailUrl\":\"https:\\\/\\\/animefigurer.se\\\/wp-content\\\/uploads\\\/2025\\\/10\\\/67a6ba0a439a2.jpeg\",\"datePublished\":\"2025-10-20T14:44:38+00:00\",\"dateModified\":\"2026-03-14T11:21:04+00:00\",\"breadcrumb\":{\"@id\":\"https:\\\/\\\/animefigurer.se\\\/figurer\\\/atelier-series\\\/atelier-ryza-ever-darkness-and-the-secret-hideout-lila-desires-swimsuit-ver-1-7-scale-figure\\\/#breadcrumb\"},\"inLanguage\":\"en-GB\",\"potentialAction\":[{\"@type\":\"ReadAction\",\"target\":[\"https:\\\/\\\/animefigurer.se\\\/figurer\\\/atelier-series\\\/atelier-ryza-ever-darkness-and-the-secret-hideout-lila-desires-swimsuit-ver-1-7-scale-figure\\\/\"]}]},{\"@type\":\"ImageObject\",\"inLanguage\":\"en-GB\",\"@id\":\"https:\\\/\\\/animefigurer.se\\\/figurer\\\/atelier-series\\\/atelier-ryza-ever-darkness-and-the-secret-hideout-lila-desires-swimsuit-ver-1-7-scale-figure\\\/#primaryimage\",\"url\":\"https:\\\/\\\/animefigurer.se\\\/wp-content\\\/uploads\\\/2025\\\/10\\\/67a6ba0a439a2.jpeg\",\"contentUrl\":\"https:\\\/\\\/animefigurer.se\\\/wp-content\\\/uploads\\\/2025\\\/10\\\/67a6ba0a439a2.jpeg\",\"width\":720,\"height\":540},{\"@type\":\"BreadcrumbList\",\"@id\":\"https:\\\/\\\/animefigurer.se\\\/figurer\\\/atelier-series\\\/atelier-ryza-ever-darkness-and-the-secret-hideout-lila-desires-swimsuit-ver-1-7-scale-figure\\\/#breadcrumb\",\"itemListElement\":[{\"@type\":\"ListItem\",\"position\":1,\"name\":\"Home\",\"item\":\"https:\\\/\\\/animefigurer.se\\\/\"},{\"@type\":\"ListItem\",\"position\":2,\"name\":\"Butik\",\"item\":\"https:\\\/\\\/animefigurer.se\\\/figurer\\\/\"},{\"@type\":\"ListItem\",\"position\":3,\"name\":\"Atelier Ryza: Ever Darkness and the Secret Hideout Lila Desires (Swimsuit Ver.) 1\\\/7 Scale Figure\"}]},{\"@type\":\"WebSite\",\"@id\":\"https:\\\/\\\/animefigurer.se\\\/#website\",\"url\":\"https:\\\/\\\/animefigurer.se\\\/\",\"name\":\"Animefigurer.se\",\"description\":\"Anime figurer fr\u00e5n \u00f6ver 300 olika anime serier med \u00f6ver 9000 produkter | Anime Shop\",\"publisher\":{\"@id\":\"https:\\\/\\\/animefigurer.se\\\/#organization\"},\"potentialAction\":[{\"@type\":\"SearchAction\",\"target\":{\"@type\":\"EntryPoint\",\"urlTemplate\":\"https:\\\/\\\/animefigurer.se\\\/?s={search_term_string}\"},\"query-input\":{\"@type\":\"PropertyValueSpecification\",\"valueRequired\":true,\"valueName\":\"search_term_string\"}}],\"inLanguage\":\"en-GB\"},{\"@type\":\"Organization\",\"@id\":\"https:\\\/\\\/animefigurer.se\\\/#organization\",\"name\":\"Animefigurer.se\",\"alternateName\":\"Anime figurer | Anime shop\",\"url\":\"https:\\\/\\\/animefigurer.se\\\/\",\"logo\":{\"@type\":\"ImageObject\",\"inLanguage\":\"en-GB\",\"@id\":\"https:\\\/\\\/animefigurer.se\\\/#\\\/schema\\\/logo\\\/image\\\/\",\"url\":\"https:\\\/\\\/animefigurer.se\\\/wp-content\\\/uploads\\\/2025\\\/12\\\/Animefigurer_logowhite.png\",\"contentUrl\":\"https:\\\/\\\/animefigurer.se\\\/wp-content\\\/uploads\\\/2025\\\/12\\\/Animefigurer_logowhite.png\",\"width\":1890,\"height\":1417,\"caption\":\"Animefigurer.se\"},\"image\":{\"@id\":\"https:\\\/\\\/animefigurer.se\\\/#\\\/schema\\\/logo\\\/image\\\/\"},\"sameAs\":[\"https:\\\/\\\/www.facebook.com\\\/profile.php?id=61581826539670\",\"https:\\\/\\\/www.instagram.com\\\/animefigurer.se\\\/\"],\"email\":\"info@animefigurer.se\"}]}<\/script>\n<!-- \/ Yoast SEO Premium plugin. -->","yoast_head_json":{"title":"Atelier Ryza: Ever Darkness and the Secret Hideout Lila Desires (Swimsuit Ver.) 1\/7 Scale Figure | Animefigurer.se","robots":{"index":"index","follow":"follow","max-snippet":"max-snippet:-1","max-image-preview":"max-image-preview:large","max-video-preview":"max-video-preview:-1"},"canonical":"https:\/\/animefigurer.se\/en\/figurer\/atelier-series\/atelier-ryza-ever-darkness-and-the-secret-hideout-lila-desires-swimsuit-ver-1-7-scale-figure\/","og_locale":"en_GB","og_type":"article","og_title":"Atelier Ryza: Ever Darkness and the Secret Hideout Lila Desires (Swimsuit Ver.) 1\/7 Scale Figure","og_description":"Fr\u00e5n spelet Atelier Ryza: Ever Darkness &amp; Secret Hideout kommer skalenliga Lila Desires i skala 1\/7. Hon \u00e4r skulpterad i en elegant baddr\u00e4kt och vrider blicken \u00f6ver axeln medan hon spanar efter nya sn\u00e4ckor till sin samling. Lila, som ocks\u00e5 \u00e4r en stridsduglig figur i serien, \u00e5terges i en graci\u00f6s","og_url":"https:\/\/animefigurer.se\/en\/figurer\/atelier-series\/atelier-ryza-ever-darkness-and-the-secret-hideout-lila-desires-swimsuit-ver-1-7-scale-figure\/","og_site_name":"Animefigurer.se","article_publisher":"https:\/\/www.facebook.com\/profile.php?id=61581826539670","article_modified_time":"2026-03-14T11:21:04+00:00","og_image":[{"width":1890,"height":1417,"url":"https:\/\/animefigurer.se\/wp-content\/uploads\/2025\/12\/Animefigurer_logowhite.png","type":"image\/png"}],"twitter_card":"summary_large_image","twitter_misc":{"Estimated reading time":"1 minute"},"schema":{"@context":"https:\/\/schema.org","@graph":[{"@type":"WebPage","@id":"https:\/\/animefigurer.se\/figurer\/atelier-series\/atelier-ryza-ever-darkness-and-the-secret-hideout-lila-desires-swimsuit-ver-1-7-scale-figure\/","url":"https:\/\/animefigurer.se\/figurer\/atelier-series\/atelier-ryza-ever-darkness-and-the-secret-hideout-lila-desires-swimsuit-ver-1-7-scale-figure\/","name":"Atelier Ryza: Ever Darkness and the Secret Hideout Lila Desires (Swimsuit Ver.) 1\/7 Scale Figure | Animefigurer.se","isPartOf":{"@id":"https:\/\/animefigurer.se\/#website"},"primaryImageOfPage":{"@id":"https:\/\/animefigurer.se\/figurer\/atelier-series\/atelier-ryza-ever-darkness-and-the-secret-hideout-lila-desires-swimsuit-ver-1-7-scale-figure\/#primaryimage"},"image":{"@id":"https:\/\/animefigurer.se\/figurer\/atelier-series\/atelier-ryza-ever-darkness-and-the-secret-hideout-lila-desires-swimsuit-ver-1-7-scale-figure\/#primaryimage"},"thumbnailUrl":"https:\/\/animefigurer.se\/wp-content\/uploads\/2025\/10\/67a6ba0a439a2.jpeg","datePublished":"2025-10-20T14:44:38+00:00","dateModified":"2026-03-14T11:21:04+00:00","breadcrumb":{"@id":"https:\/\/animefigurer.se\/figurer\/atelier-series\/atelier-ryza-ever-darkness-and-the-secret-hideout-lila-desires-swimsuit-ver-1-7-scale-figure\/#breadcrumb"},"inLanguage":"en-GB","potentialAction":[{"@type":"ReadAction","target":["https:\/\/animefigurer.se\/figurer\/atelier-series\/atelier-ryza-ever-darkness-and-the-secret-hideout-lila-desires-swimsuit-ver-1-7-scale-figure\/"]}]},{"@type":"ImageObject","inLanguage":"en-GB","@id":"https:\/\/animefigurer.se\/figurer\/atelier-series\/atelier-ryza-ever-darkness-and-the-secret-hideout-lila-desires-swimsuit-ver-1-7-scale-figure\/#primaryimage","url":"https:\/\/animefigurer.se\/wp-content\/uploads\/2025\/10\/67a6ba0a439a2.jpeg","contentUrl":"https:\/\/animefigurer.se\/wp-content\/uploads\/2025\/10\/67a6ba0a439a2.jpeg","width":720,"height":540},{"@type":"BreadcrumbList","@id":"https:\/\/animefigurer.se\/figurer\/atelier-series\/atelier-ryza-ever-darkness-and-the-secret-hideout-lila-desires-swimsuit-ver-1-7-scale-figure\/#breadcrumb","itemListElement":[{"@type":"ListItem","position":1,"name":"Home","item":"https:\/\/animefigurer.se\/"},{"@type":"ListItem","position":2,"name":"Butik","item":"https:\/\/animefigurer.se\/figurer\/"},{"@type":"ListItem","position":3,"name":"Atelier Ryza: Ever Darkness and the Secret Hideout Lila Desires (Swimsuit Ver.) 1\/7 Scale Figure"}]},{"@type":"WebSite","@id":"https:\/\/animefigurer.se\/#website","url":"https:\/\/animefigurer.se\/","name":"Animefigurer.se","description":"Anime figures from over 300 different anime series with over 9000 products | Anime Shop","publisher":{"@id":"https:\/\/animefigurer.se\/#organization"},"potentialAction":[{"@type":"SearchAction","target":{"@type":"EntryPoint","urlTemplate":"https:\/\/animefigurer.se\/?s={search_term_string}"},"query-input":{"@type":"PropertyValueSpecification","valueRequired":true,"valueName":"search_term_string"}}],"inLanguage":"en-GB"},{"@type":"Organization","@id":"https:\/\/animefigurer.se\/#organization","name":"Animefigurer.se","alternateName":"Anime figurer | Anime shop","url":"https:\/\/animefigurer.se\/","logo":{"@type":"ImageObject","inLanguage":"en-GB","@id":"https:\/\/animefigurer.se\/#\/schema\/logo\/image\/","url":"https:\/\/animefigurer.se\/wp-content\/uploads\/2025\/12\/Animefigurer_logowhite.png","contentUrl":"https:\/\/animefigurer.se\/wp-content\/uploads\/2025\/12\/Animefigurer_logowhite.png","width":1890,"height":1417,"caption":"Animefigurer.se"},"image":{"@id":"https:\/\/animefigurer.se\/#\/schema\/logo\/image\/"},"sameAs":["https:\/\/www.facebook.com\/profile.php?id=61581826539670","https:\/\/www.instagram.com\/animefigurer.se\/"],"email":"info@animefigurer.se"}]}},"_links":{"self":[{"href":"https:\/\/animefigurer.se\/en\/wp-json\/wp\/v2\/product\/6725","targetHints":{"allow":["GET"]}}],"collection":[{"href":"https:\/\/animefigurer.se\/en\/wp-json\/wp\/v2\/product"}],"about":[{"href":"https:\/\/animefigurer.se\/en\/wp-json\/wp\/v2\/types\/product"}],"replies":[{"embeddable":true,"href":"https:\/\/animefigurer.se\/en\/wp-json\/wp\/v2\/comments?post=6725"}],"wp:featuredmedia":[{"embeddable":true,"href":"https:\/\/animefigurer.se\/en\/wp-json\/wp\/v2\/media\/6726"}],"wp:attachment":[{"href":"https:\/\/animefigurer.se\/en\/wp-json\/wp\/v2\/media?parent=6725"}],"wp:term":[{"taxonomy":"product_brand","embeddable":true,"href":"https:\/\/animefigurer.se\/en\/wp-json\/wp\/v2\/product_brand?post=6725"},{"taxonomy":"product_cat","embeddable":true,"href":"https:\/\/animefigurer.se\/en\/wp-json\/wp\/v2\/product_cat?post=6725"},{"taxonomy":"product_tag","embeddable":true,"href":"https:\/\/animefigurer.se\/en\/wp-json\/wp\/v2\/product_tag?post=6725"},{"taxonomy":"giftcard-category","embeddable":true,"href":"https:\/\/animefigurer.se\/en\/wp-json\/wp\/v2\/giftcard-category?post=6725"}],"curies":[{"name":"wp","href":"https:\/\/api.w.org\/{rel}","templated":true}]}}