{"id":66645,"date":"2025-10-21T14:20:00","date_gmt":"2025-10-21T12:20:00","guid":{"rendered":"https:\/\/animefigurer.se\/produkt\/tensura-fnex-rimuru-tempest-party-dress-ver\/"},"modified":"2026-04-10T14:26:48","modified_gmt":"2026-04-10T12:26:48","slug":"tensura-fnex-rimuru-tempest-party-dress-ver","status":"publish","type":"product","link":"https:\/\/animefigurer.se\/en\/figurer\/that-time-i-got-reincarnated-as-a-slime\/tensura-fnex-rimuru-tempest-party-dress-ver\/","title":{"rendered":"TenSura F:Nex Rimuru Tempest Party Dress Ver."},"content":{"rendered":"<p>F:NEX celebrates the 10th anniversary of the web novel with a beautifully detailed Rimuru Tempest figure in an original party dress from That Time I Got Reincarnated As A Slime.<\/p>\n<p>The dress is richly decorated with pearls, blue roses, a flowing skirt step and a large glittering bow belt. The slime shape is reproduced with transparent parts for an authentic finish.<\/p>","protected":false},"excerpt":{"rendered":"<p>F:NEX celebrates the 10th anniversary of the web novel with a beautifully detailed Rimuru Tempest figure in an original party dress from That Time I Got Reincarnated As A Slime.<\/p>\n<p>The dress is richly decorated with pearls, blue roses, a flowing skirt step and a large glittering bow belt. The slime shape is reproduced m<\/p>","protected":false},"featured_media":66646,"comment_status":"closed","ping_status":"open","template":"","meta":{"_acf_changed":false,"_monsterinsights_skip_tracking":false,"_monsterinsights_sitenote_active":false,"_monsterinsights_sitenote_note":"","_monsterinsights_sitenote_category":0},"product_brand":[6887],"product_cat":[5383],"product_tag":[24],"giftcard-category":[],"class_list":{"0":"post-66645","1":"product","2":"type-product","3":"status-publish","4":"has-post-thumbnail","6":"product_brand-freeing","7":"product_cat-that-time-i-got-reincarnated-as-a-slime","8":"product_tag-2-3-weeks","9":"pa_franchise-that-time-i-got-reincarnated-as-a-slime","10":"pa_karaktar-rimuru-tempest","11":"pa_material-pvc-abs","12":"pa_produktserie-fnex","13":"pa_skala-41","14":"pa_storlek-22-cm","16":"first","17":"instock","18":"taxable","19":"shipping-taxable","20":"purchasable","21":"product-type-simple"},"acf":[],"yoast_head":"<!-- This site is optimized with the Yoast SEO Premium plugin v24.6 (Yoast SEO v27.4) - https:\/\/yoast.com\/product\/yoast-seo-premium-wordpress\/ -->\n<title>TenSura F:Nex Rimuru Tempest Party Dress Ver. | Animefigurer.se<\/title>\n<meta name=\"robots\" content=\"index, follow, max-snippet:-1, max-image-preview:large, max-video-preview:-1\" \/>\n<link rel=\"canonical\" href=\"https:\/\/animefigurer.se\/en\/figurer\/that-time-i-got-reincarnated-as-a-slime\/tensura-fnex-rimuru-tempest-party-dress-ver\/\" \/>\n<meta property=\"og:locale\" content=\"en_GB\" \/>\n<meta property=\"og:type\" content=\"article\" \/>\n<meta property=\"og:title\" content=\"TenSura F:Nex Rimuru Tempest Party Dress Ver.\" \/>\n<meta property=\"og:description\" content=\"F:NEX firar 10-\u00e5rsjubileet av webbromanen med en vackert detaljerad Rimuru Tempest-figur i en originalpartykl\u00e4nning fr\u00e5n That Time I Got Reincarnated As A Slime. Kl\u00e4nningen \u00e4r rikt dekorerad med p\u00e4rlor, bl\u00e5 rosor, ett fl\u00f6dande kjolsteg och ett stort glittrande rosettb\u00e4lte. Slemformen \u00e4r \u00e5tergiven m\" \/>\n<meta property=\"og:url\" content=\"https:\/\/animefigurer.se\/en\/figurer\/that-time-i-got-reincarnated-as-a-slime\/tensura-fnex-rimuru-tempest-party-dress-ver\/\" \/>\n<meta property=\"og:site_name\" content=\"Animefigurer.se\" \/>\n<meta property=\"article:publisher\" content=\"https:\/\/www.facebook.com\/profile.php?id=61581826539670\" \/>\n<meta property=\"article:modified_time\" content=\"2026-04-10T12:26:48+00:00\" \/>\n<meta property=\"og:image\" content=\"https:\/\/animefigurer.se\/wp-content\/uploads\/2025\/12\/Animefigurer_logowhite.png\" \/>\n\t<meta property=\"og:image:width\" content=\"1890\" \/>\n\t<meta property=\"og:image:height\" content=\"1417\" \/>\n\t<meta property=\"og:image:type\" content=\"image\/png\" \/>\n<meta name=\"twitter:card\" content=\"summary_large_image\" \/>\n<script type=\"application\/ld+json\" class=\"yoast-schema-graph\">{\"@context\":\"https:\\\/\\\/schema.org\",\"@graph\":[{\"@type\":\"WebPage\",\"@id\":\"https:\\\/\\\/animefigurer.se\\\/figurer\\\/that-time-i-got-reincarnated-as-a-slime\\\/tensura-fnex-rimuru-tempest-party-dress-ver\\\/\",\"url\":\"https:\\\/\\\/animefigurer.se\\\/figurer\\\/that-time-i-got-reincarnated-as-a-slime\\\/tensura-fnex-rimuru-tempest-party-dress-ver\\\/\",\"name\":\"TenSura F:Nex Rimuru Tempest Party Dress Ver. | Animefigurer.se\",\"isPartOf\":{\"@id\":\"https:\\\/\\\/animefigurer.se\\\/#website\"},\"primaryImageOfPage\":{\"@id\":\"https:\\\/\\\/animefigurer.se\\\/figurer\\\/that-time-i-got-reincarnated-as-a-slime\\\/tensura-fnex-rimuru-tempest-party-dress-ver\\\/#primaryimage\"},\"image\":{\"@id\":\"https:\\\/\\\/animefigurer.se\\\/figurer\\\/that-time-i-got-reincarnated-as-a-slime\\\/tensura-fnex-rimuru-tempest-party-dress-ver\\\/#primaryimage\"},\"thumbnailUrl\":\"https:\\\/\\\/animefigurer.se\\\/wp-content\\\/uploads\\\/2025\\\/10\\\/642c7beb6be37.jpeg\",\"datePublished\":\"2025-10-21T12:20:00+00:00\",\"dateModified\":\"2026-04-10T12:26:48+00:00\",\"breadcrumb\":{\"@id\":\"https:\\\/\\\/animefigurer.se\\\/figurer\\\/that-time-i-got-reincarnated-as-a-slime\\\/tensura-fnex-rimuru-tempest-party-dress-ver\\\/#breadcrumb\"},\"inLanguage\":\"en-GB\",\"potentialAction\":[{\"@type\":\"ReadAction\",\"target\":[\"https:\\\/\\\/animefigurer.se\\\/figurer\\\/that-time-i-got-reincarnated-as-a-slime\\\/tensura-fnex-rimuru-tempest-party-dress-ver\\\/\"]}]},{\"@type\":\"ImageObject\",\"inLanguage\":\"en-GB\",\"@id\":\"https:\\\/\\\/animefigurer.se\\\/figurer\\\/that-time-i-got-reincarnated-as-a-slime\\\/tensura-fnex-rimuru-tempest-party-dress-ver\\\/#primaryimage\",\"url\":\"https:\\\/\\\/animefigurer.se\\\/wp-content\\\/uploads\\\/2025\\\/10\\\/642c7beb6be37.jpeg\",\"contentUrl\":\"https:\\\/\\\/animefigurer.se\\\/wp-content\\\/uploads\\\/2025\\\/10\\\/642c7beb6be37.jpeg\",\"width\":720,\"height\":540},{\"@type\":\"BreadcrumbList\",\"@id\":\"https:\\\/\\\/animefigurer.se\\\/figurer\\\/that-time-i-got-reincarnated-as-a-slime\\\/tensura-fnex-rimuru-tempest-party-dress-ver\\\/#breadcrumb\",\"itemListElement\":[{\"@type\":\"ListItem\",\"position\":1,\"name\":\"Home\",\"item\":\"https:\\\/\\\/animefigurer.se\\\/\"},{\"@type\":\"ListItem\",\"position\":2,\"name\":\"Butik\",\"item\":\"https:\\\/\\\/animefigurer.se\\\/figurer\\\/\"},{\"@type\":\"ListItem\",\"position\":3,\"name\":\"TenSura F:Nex Rimuru Tempest Party Dress Ver.\"}]},{\"@type\":\"WebSite\",\"@id\":\"https:\\\/\\\/animefigurer.se\\\/#website\",\"url\":\"https:\\\/\\\/animefigurer.se\\\/\",\"name\":\"Animefigurer.se\",\"description\":\"Anime figurer fr\u00e5n \u00f6ver 300 olika anime serier med \u00f6ver 9000 produkter | Anime Shop\",\"publisher\":{\"@id\":\"https:\\\/\\\/animefigurer.se\\\/#organization\"},\"potentialAction\":[{\"@type\":\"SearchAction\",\"target\":{\"@type\":\"EntryPoint\",\"urlTemplate\":\"https:\\\/\\\/animefigurer.se\\\/?s={search_term_string}\"},\"query-input\":{\"@type\":\"PropertyValueSpecification\",\"valueRequired\":true,\"valueName\":\"search_term_string\"}}],\"inLanguage\":\"en-GB\"},{\"@type\":\"Organization\",\"@id\":\"https:\\\/\\\/animefigurer.se\\\/#organization\",\"name\":\"Animefigurer.se\",\"alternateName\":\"Anime figurer | Anime shop\",\"url\":\"https:\\\/\\\/animefigurer.se\\\/\",\"logo\":{\"@type\":\"ImageObject\",\"inLanguage\":\"en-GB\",\"@id\":\"https:\\\/\\\/animefigurer.se\\\/#\\\/schema\\\/logo\\\/image\\\/\",\"url\":\"https:\\\/\\\/animefigurer.se\\\/wp-content\\\/uploads\\\/2025\\\/12\\\/Animefigurer_logowhite.png\",\"contentUrl\":\"https:\\\/\\\/animefigurer.se\\\/wp-content\\\/uploads\\\/2025\\\/12\\\/Animefigurer_logowhite.png\",\"width\":1890,\"height\":1417,\"caption\":\"Animefigurer.se\"},\"image\":{\"@id\":\"https:\\\/\\\/animefigurer.se\\\/#\\\/schema\\\/logo\\\/image\\\/\"},\"sameAs\":[\"https:\\\/\\\/www.facebook.com\\\/profile.php?id=61581826539670\",\"https:\\\/\\\/www.instagram.com\\\/animefigurer.se\\\/\"],\"email\":\"info@animefigurer.se\"}]}<\/script>\n<!-- \/ Yoast SEO Premium plugin. -->","yoast_head_json":{"title":"TenSura F:Nex Rimuru Tempest Party Dress Ver. | Animefigurer.se","robots":{"index":"index","follow":"follow","max-snippet":"max-snippet:-1","max-image-preview":"max-image-preview:large","max-video-preview":"max-video-preview:-1"},"canonical":"https:\/\/animefigurer.se\/en\/figurer\/that-time-i-got-reincarnated-as-a-slime\/tensura-fnex-rimuru-tempest-party-dress-ver\/","og_locale":"en_GB","og_type":"article","og_title":"TenSura F:Nex Rimuru Tempest Party Dress Ver.","og_description":"F:NEX firar 10-\u00e5rsjubileet av webbromanen med en vackert detaljerad Rimuru Tempest-figur i en originalpartykl\u00e4nning fr\u00e5n That Time I Got Reincarnated As A Slime. Kl\u00e4nningen \u00e4r rikt dekorerad med p\u00e4rlor, bl\u00e5 rosor, ett fl\u00f6dande kjolsteg och ett stort glittrande rosettb\u00e4lte. Slemformen \u00e4r \u00e5tergiven m","og_url":"https:\/\/animefigurer.se\/en\/figurer\/that-time-i-got-reincarnated-as-a-slime\/tensura-fnex-rimuru-tempest-party-dress-ver\/","og_site_name":"Animefigurer.se","article_publisher":"https:\/\/www.facebook.com\/profile.php?id=61581826539670","article_modified_time":"2026-04-10T12:26:48+00:00","og_image":[{"width":1890,"height":1417,"url":"https:\/\/animefigurer.se\/wp-content\/uploads\/2025\/12\/Animefigurer_logowhite.png","type":"image\/png"}],"twitter_card":"summary_large_image","schema":{"@context":"https:\/\/schema.org","@graph":[{"@type":"WebPage","@id":"https:\/\/animefigurer.se\/figurer\/that-time-i-got-reincarnated-as-a-slime\/tensura-fnex-rimuru-tempest-party-dress-ver\/","url":"https:\/\/animefigurer.se\/figurer\/that-time-i-got-reincarnated-as-a-slime\/tensura-fnex-rimuru-tempest-party-dress-ver\/","name":"TenSura F:Nex Rimuru Tempest Party Dress Ver. | Animefigurer.se","isPartOf":{"@id":"https:\/\/animefigurer.se\/#website"},"primaryImageOfPage":{"@id":"https:\/\/animefigurer.se\/figurer\/that-time-i-got-reincarnated-as-a-slime\/tensura-fnex-rimuru-tempest-party-dress-ver\/#primaryimage"},"image":{"@id":"https:\/\/animefigurer.se\/figurer\/that-time-i-got-reincarnated-as-a-slime\/tensura-fnex-rimuru-tempest-party-dress-ver\/#primaryimage"},"thumbnailUrl":"https:\/\/animefigurer.se\/wp-content\/uploads\/2025\/10\/642c7beb6be37.jpeg","datePublished":"2025-10-21T12:20:00+00:00","dateModified":"2026-04-10T12:26:48+00:00","breadcrumb":{"@id":"https:\/\/animefigurer.se\/figurer\/that-time-i-got-reincarnated-as-a-slime\/tensura-fnex-rimuru-tempest-party-dress-ver\/#breadcrumb"},"inLanguage":"en-GB","potentialAction":[{"@type":"ReadAction","target":["https:\/\/animefigurer.se\/figurer\/that-time-i-got-reincarnated-as-a-slime\/tensura-fnex-rimuru-tempest-party-dress-ver\/"]}]},{"@type":"ImageObject","inLanguage":"en-GB","@id":"https:\/\/animefigurer.se\/figurer\/that-time-i-got-reincarnated-as-a-slime\/tensura-fnex-rimuru-tempest-party-dress-ver\/#primaryimage","url":"https:\/\/animefigurer.se\/wp-content\/uploads\/2025\/10\/642c7beb6be37.jpeg","contentUrl":"https:\/\/animefigurer.se\/wp-content\/uploads\/2025\/10\/642c7beb6be37.jpeg","width":720,"height":540},{"@type":"BreadcrumbList","@id":"https:\/\/animefigurer.se\/figurer\/that-time-i-got-reincarnated-as-a-slime\/tensura-fnex-rimuru-tempest-party-dress-ver\/#breadcrumb","itemListElement":[{"@type":"ListItem","position":1,"name":"Home","item":"https:\/\/animefigurer.se\/"},{"@type":"ListItem","position":2,"name":"Butik","item":"https:\/\/animefigurer.se\/figurer\/"},{"@type":"ListItem","position":3,"name":"TenSura F:Nex Rimuru Tempest Party Dress Ver."}]},{"@type":"WebSite","@id":"https:\/\/animefigurer.se\/#website","url":"https:\/\/animefigurer.se\/","name":"Animefigurer.se","description":"Anime figures from over 300 different anime series with over 9000 products | Anime Shop","publisher":{"@id":"https:\/\/animefigurer.se\/#organization"},"potentialAction":[{"@type":"SearchAction","target":{"@type":"EntryPoint","urlTemplate":"https:\/\/animefigurer.se\/?s={search_term_string}"},"query-input":{"@type":"PropertyValueSpecification","valueRequired":true,"valueName":"search_term_string"}}],"inLanguage":"en-GB"},{"@type":"Organization","@id":"https:\/\/animefigurer.se\/#organization","name":"Animefigurer.se","alternateName":"Anime figurer | Anime shop","url":"https:\/\/animefigurer.se\/","logo":{"@type":"ImageObject","inLanguage":"en-GB","@id":"https:\/\/animefigurer.se\/#\/schema\/logo\/image\/","url":"https:\/\/animefigurer.se\/wp-content\/uploads\/2025\/12\/Animefigurer_logowhite.png","contentUrl":"https:\/\/animefigurer.se\/wp-content\/uploads\/2025\/12\/Animefigurer_logowhite.png","width":1890,"height":1417,"caption":"Animefigurer.se"},"image":{"@id":"https:\/\/animefigurer.se\/#\/schema\/logo\/image\/"},"sameAs":["https:\/\/www.facebook.com\/profile.php?id=61581826539670","https:\/\/www.instagram.com\/animefigurer.se\/"],"email":"info@animefigurer.se"}]}},"_links":{"self":[{"href":"https:\/\/animefigurer.se\/en\/wp-json\/wp\/v2\/product\/66645","targetHints":{"allow":["GET"]}}],"collection":[{"href":"https:\/\/animefigurer.se\/en\/wp-json\/wp\/v2\/product"}],"about":[{"href":"https:\/\/animefigurer.se\/en\/wp-json\/wp\/v2\/types\/product"}],"replies":[{"embeddable":true,"href":"https:\/\/animefigurer.se\/en\/wp-json\/wp\/v2\/comments?post=66645"}],"wp:featuredmedia":[{"embeddable":true,"href":"https:\/\/animefigurer.se\/en\/wp-json\/wp\/v2\/media\/66646"}],"wp:attachment":[{"href":"https:\/\/animefigurer.se\/en\/wp-json\/wp\/v2\/media?parent=66645"}],"wp:term":[{"taxonomy":"product_brand","embeddable":true,"href":"https:\/\/animefigurer.se\/en\/wp-json\/wp\/v2\/product_brand?post=66645"},{"taxonomy":"product_cat","embeddable":true,"href":"https:\/\/animefigurer.se\/en\/wp-json\/wp\/v2\/product_cat?post=66645"},{"taxonomy":"product_tag","embeddable":true,"href":"https:\/\/animefigurer.se\/en\/wp-json\/wp\/v2\/product_tag?post=66645"},{"taxonomy":"giftcard-category","embeddable":true,"href":"https:\/\/animefigurer.se\/en\/wp-json\/wp\/v2\/giftcard-category?post=66645"}],"curies":[{"name":"wp","href":"https:\/\/api.w.org\/{rel}","templated":true}]}}