{"id":65767,"date":"2025-10-21T14:07:49","date_gmt":"2025-10-21T12:07:49","guid":{"rendered":"https:\/\/animefigurer.se\/produkt\/garfield-x-teenage-mutant-ninja-turtles-garfello-and-sidekick-odie-figure-two-pack-2\/"},"modified":"2025-12-21T19:35:41","modified_gmt":"2025-12-21T18:35:41","slug":"garfield-x-teenage-mutant-ninja-turtles-garfello-and-sidekick-odie-figure-two-pack-2","status":"publish","type":"product","link":"https:\/\/animefigurer.se\/en\/figurer\/teenage-mutant-ninja-turtles\/garfield-x-teenage-mutant-ninja-turtles-garfello-and-sidekick-odie-figure-two-pack-2\/","title":{"rendered":"Garfield x Teenage Mutant Ninja Turtles Garfello and Sidekick Odie Figure Two-Pack"},"content":{"rendered":"<p>Based on the classic crossover novel by Garfield creator Jim Davis and TMNT co-creator Peter Laird: In 1991, Garfield and Odie met the Teenage Mutant Ninja Turtles. Boss Fight Studio celebrates this with a special action figure 2-pack.<\/p>\n<p>Garfello has 25 points of articulation, a pizza cutter that fits in his belt, a huge pile of pizzas, interchangeable facial expressions and interchangeable hands. Sidekick Odie has 13 points of articulation, a tortoiseshell helmet and a special wagging tongue.<\/p>","protected":false},"excerpt":{"rendered":"<p>Based on the classic crossover novel by Garfield creator Jim Davis and TMNT co-creator Peter Laird: In 1991, Garfield and Odie met the Teenage Mutant Ninja Turtles. Boss Fight Studio celebrates this with a special action figure 2-pack.<\/p>\n<p>Garfello has 25 points of articulation, a pizza cutter that holds<\/p>","protected":false},"featured_media":26547,"comment_status":"closed","ping_status":"open","template":"","meta":{"_acf_changed":false,"_monsterinsights_skip_tracking":false,"_monsterinsights_sitenote_active":false,"_monsterinsights_sitenote_note":"","_monsterinsights_sitenote_category":0},"product_brand":[6940],"product_cat":[7233,5307],"product_tag":[26],"giftcard-category":[],"class_list":{"0":"post-65767","1":"product","2":"type-product","3":"status-publish","4":"has-post-thumbnail","6":"product_brand-boss-fight-studio","7":"product_cat-pre-order","8":"product_cat-teenage-mutant-ninja-turtles","9":"product_tag-pre-order","10":"pa_franchise-garfield","11":"pa_material-plastic","13":"first","14":"instock","15":"taxable","16":"shipping-taxable","17":"purchasable","18":"product-type-simple"},"acf":[],"yoast_head":"<!-- This site is optimized with the Yoast SEO Premium plugin v24.6 (Yoast SEO v27.3) - https:\/\/yoast.com\/product\/yoast-seo-premium-wordpress\/ -->\n<title>Garfield x Teenage Mutant Ninja Turtles Garfello and Sidekick Odie Figure Two-Pack | Animefigurer.se<\/title>\n<meta name=\"robots\" content=\"index, follow, max-snippet:-1, max-image-preview:large, max-video-preview:-1\" \/>\n<link rel=\"canonical\" href=\"https:\/\/animefigurer.se\/en\/figurer\/teenage-mutant-ninja-turtles\/garfield-x-teenage-mutant-ninja-turtles-garfello-and-sidekick-odie-figure-two-pack-2\/\" \/>\n<meta property=\"og:locale\" content=\"en_GB\" \/>\n<meta property=\"og:type\" content=\"article\" \/>\n<meta property=\"og:title\" content=\"Garfield x Teenage Mutant Ninja Turtles Garfello and Sidekick Odie Figure Two-Pack\" \/>\n<meta property=\"og:description\" content=\"Baserad p\u00e5 den klassiska crossover-novellen av Garfield-skaparen Jim Davis och TMNT-medskaparen Peter Laird: 1991 m\u00f6tte Garfield och Odie Teenage Mutant Ninja Turtles. Boss Fight Studio firar detta med ett speciellt actionfigur-2pack. Garfello har 25 artikulationspunkter, en pizzask\u00e4rare som rymmer\" \/>\n<meta property=\"og:url\" content=\"https:\/\/animefigurer.se\/en\/figurer\/teenage-mutant-ninja-turtles\/garfield-x-teenage-mutant-ninja-turtles-garfello-and-sidekick-odie-figure-two-pack-2\/\" \/>\n<meta property=\"og:site_name\" content=\"Animefigurer.se\" \/>\n<meta property=\"article:publisher\" content=\"https:\/\/www.facebook.com\/profile.php?id=61581826539670\" \/>\n<meta property=\"article:modified_time\" content=\"2025-12-21T18:35:41+00:00\" \/>\n<meta property=\"og:image\" content=\"https:\/\/animefigurer.se\/wp-content\/uploads\/2025\/12\/Animefigurer_logowhite.png\" \/>\n\t<meta property=\"og:image:width\" content=\"1890\" \/>\n\t<meta property=\"og:image:height\" content=\"1417\" \/>\n\t<meta property=\"og:image:type\" content=\"image\/png\" \/>\n<meta name=\"twitter:card\" content=\"summary_large_image\" \/>\n<script type=\"application\/ld+json\" class=\"yoast-schema-graph\">{\"@context\":\"https:\\\/\\\/schema.org\",\"@graph\":[{\"@type\":\"WebPage\",\"@id\":\"https:\\\/\\\/animefigurer.se\\\/en\\\/figurer\\\/teenage-mutant-ninja-turtles\\\/garfield-x-teenage-mutant-ninja-turtles-garfello-and-sidekick-odie-figure-two-pack-2\\\/\",\"url\":\"https:\\\/\\\/animefigurer.se\\\/en\\\/figurer\\\/teenage-mutant-ninja-turtles\\\/garfield-x-teenage-mutant-ninja-turtles-garfello-and-sidekick-odie-figure-two-pack-2\\\/\",\"name\":\"Garfield x Teenage Mutant Ninja Turtles Garfello and Sidekick Odie Figure Two-Pack | Animefigurer.se\",\"isPartOf\":{\"@id\":\"https:\\\/\\\/animefigurer.se\\\/#website\"},\"primaryImageOfPage\":{\"@id\":\"https:\\\/\\\/animefigurer.se\\\/en\\\/figurer\\\/teenage-mutant-ninja-turtles\\\/garfield-x-teenage-mutant-ninja-turtles-garfello-and-sidekick-odie-figure-two-pack-2\\\/#primaryimage\"},\"image\":{\"@id\":\"https:\\\/\\\/animefigurer.se\\\/en\\\/figurer\\\/teenage-mutant-ninja-turtles\\\/garfield-x-teenage-mutant-ninja-turtles-garfello-and-sidekick-odie-figure-two-pack-2\\\/#primaryimage\"},\"thumbnailUrl\":\"https:\\\/\\\/animefigurer.se\\\/wp-content\\\/uploads\\\/2025\\\/10\\\/68add236f2304.jpeg\",\"datePublished\":\"2025-10-21T12:07:49+00:00\",\"dateModified\":\"2025-12-21T18:35:41+00:00\",\"breadcrumb\":{\"@id\":\"https:\\\/\\\/animefigurer.se\\\/en\\\/figurer\\\/teenage-mutant-ninja-turtles\\\/garfield-x-teenage-mutant-ninja-turtles-garfello-and-sidekick-odie-figure-two-pack-2\\\/#breadcrumb\"},\"inLanguage\":\"en-GB\",\"potentialAction\":[{\"@type\":\"ReadAction\",\"target\":[\"https:\\\/\\\/animefigurer.se\\\/en\\\/figurer\\\/teenage-mutant-ninja-turtles\\\/garfield-x-teenage-mutant-ninja-turtles-garfello-and-sidekick-odie-figure-two-pack-2\\\/\"]}]},{\"@type\":\"ImageObject\",\"inLanguage\":\"en-GB\",\"@id\":\"https:\\\/\\\/animefigurer.se\\\/en\\\/figurer\\\/teenage-mutant-ninja-turtles\\\/garfield-x-teenage-mutant-ninja-turtles-garfello-and-sidekick-odie-figure-two-pack-2\\\/#primaryimage\",\"url\":\"https:\\\/\\\/animefigurer.se\\\/wp-content\\\/uploads\\\/2025\\\/10\\\/68add236f2304.jpeg\",\"contentUrl\":\"https:\\\/\\\/animefigurer.se\\\/wp-content\\\/uploads\\\/2025\\\/10\\\/68add236f2304.jpeg\",\"width\":1000,\"height\":750},{\"@type\":\"BreadcrumbList\",\"@id\":\"https:\\\/\\\/animefigurer.se\\\/en\\\/figurer\\\/teenage-mutant-ninja-turtles\\\/garfield-x-teenage-mutant-ninja-turtles-garfello-and-sidekick-odie-figure-two-pack-2\\\/#breadcrumb\",\"itemListElement\":[{\"@type\":\"ListItem\",\"position\":1,\"name\":\"Home\",\"item\":\"https:\\\/\\\/animefigurer.se\\\/\"},{\"@type\":\"ListItem\",\"position\":2,\"name\":\"Butik\",\"item\":\"https:\\\/\\\/animefigurer.se\\\/figurer\\\/\"},{\"@type\":\"ListItem\",\"position\":3,\"name\":\"Garfield x Teenage Mutant Ninja Turtles Garfello and Sidekick Odie Figure Two-Pack\"}]},{\"@type\":\"WebSite\",\"@id\":\"https:\\\/\\\/animefigurer.se\\\/#website\",\"url\":\"https:\\\/\\\/animefigurer.se\\\/\",\"name\":\"Animefigurer.se\",\"description\":\"Anime figurer fr\u00e5n \u00f6ver 300 olika anime serier med \u00f6ver 9000 produkter | Anime Shop\",\"publisher\":{\"@id\":\"https:\\\/\\\/animefigurer.se\\\/#organization\"},\"potentialAction\":[{\"@type\":\"SearchAction\",\"target\":{\"@type\":\"EntryPoint\",\"urlTemplate\":\"https:\\\/\\\/animefigurer.se\\\/?s={search_term_string}\"},\"query-input\":{\"@type\":\"PropertyValueSpecification\",\"valueRequired\":true,\"valueName\":\"search_term_string\"}}],\"inLanguage\":\"en-GB\"},{\"@type\":\"Organization\",\"@id\":\"https:\\\/\\\/animefigurer.se\\\/#organization\",\"name\":\"Animefigurer.se\",\"alternateName\":\"Anime figurer | Anime shop\",\"url\":\"https:\\\/\\\/animefigurer.se\\\/\",\"logo\":{\"@type\":\"ImageObject\",\"inLanguage\":\"en-GB\",\"@id\":\"https:\\\/\\\/animefigurer.se\\\/#\\\/schema\\\/logo\\\/image\\\/\",\"url\":\"https:\\\/\\\/animefigurer.se\\\/wp-content\\\/uploads\\\/2025\\\/12\\\/Animefigurer_logowhite.png\",\"contentUrl\":\"https:\\\/\\\/animefigurer.se\\\/wp-content\\\/uploads\\\/2025\\\/12\\\/Animefigurer_logowhite.png\",\"width\":1890,\"height\":1417,\"caption\":\"Animefigurer.se\"},\"image\":{\"@id\":\"https:\\\/\\\/animefigurer.se\\\/#\\\/schema\\\/logo\\\/image\\\/\"},\"sameAs\":[\"https:\\\/\\\/www.facebook.com\\\/profile.php?id=61581826539670\",\"https:\\\/\\\/www.instagram.com\\\/animefigurer.se\\\/\"],\"email\":\"info@animefigurer.se\"}]}<\/script>\n<!-- \/ Yoast SEO Premium plugin. -->","yoast_head_json":{"title":"Garfield x Teenage Mutant Ninja Turtles Garfello and Sidekick Odie Figure Two-Pack | Animefigurer.se","robots":{"index":"index","follow":"follow","max-snippet":"max-snippet:-1","max-image-preview":"max-image-preview:large","max-video-preview":"max-video-preview:-1"},"canonical":"https:\/\/animefigurer.se\/en\/figurer\/teenage-mutant-ninja-turtles\/garfield-x-teenage-mutant-ninja-turtles-garfello-and-sidekick-odie-figure-two-pack-2\/","og_locale":"en_GB","og_type":"article","og_title":"Garfield x Teenage Mutant Ninja Turtles Garfello and Sidekick Odie Figure Two-Pack","og_description":"Baserad p\u00e5 den klassiska crossover-novellen av Garfield-skaparen Jim Davis och TMNT-medskaparen Peter Laird: 1991 m\u00f6tte Garfield och Odie Teenage Mutant Ninja Turtles. Boss Fight Studio firar detta med ett speciellt actionfigur-2pack. Garfello har 25 artikulationspunkter, en pizzask\u00e4rare som rymmer","og_url":"https:\/\/animefigurer.se\/en\/figurer\/teenage-mutant-ninja-turtles\/garfield-x-teenage-mutant-ninja-turtles-garfello-and-sidekick-odie-figure-two-pack-2\/","og_site_name":"Animefigurer.se","article_publisher":"https:\/\/www.facebook.com\/profile.php?id=61581826539670","article_modified_time":"2025-12-21T18:35:41+00:00","og_image":[{"width":1890,"height":1417,"url":"https:\/\/animefigurer.se\/wp-content\/uploads\/2025\/12\/Animefigurer_logowhite.png","type":"image\/png"}],"twitter_card":"summary_large_image","schema":{"@context":"https:\/\/schema.org","@graph":[{"@type":"WebPage","@id":"https:\/\/animefigurer.se\/en\/figurer\/teenage-mutant-ninja-turtles\/garfield-x-teenage-mutant-ninja-turtles-garfello-and-sidekick-odie-figure-two-pack-2\/","url":"https:\/\/animefigurer.se\/en\/figurer\/teenage-mutant-ninja-turtles\/garfield-x-teenage-mutant-ninja-turtles-garfello-and-sidekick-odie-figure-two-pack-2\/","name":"Garfield x Teenage Mutant Ninja Turtles Garfello and Sidekick Odie Figure Two-Pack | Animefigurer.se","isPartOf":{"@id":"https:\/\/animefigurer.se\/#website"},"primaryImageOfPage":{"@id":"https:\/\/animefigurer.se\/en\/figurer\/teenage-mutant-ninja-turtles\/garfield-x-teenage-mutant-ninja-turtles-garfello-and-sidekick-odie-figure-two-pack-2\/#primaryimage"},"image":{"@id":"https:\/\/animefigurer.se\/en\/figurer\/teenage-mutant-ninja-turtles\/garfield-x-teenage-mutant-ninja-turtles-garfello-and-sidekick-odie-figure-two-pack-2\/#primaryimage"},"thumbnailUrl":"https:\/\/animefigurer.se\/wp-content\/uploads\/2025\/10\/68add236f2304.jpeg","datePublished":"2025-10-21T12:07:49+00:00","dateModified":"2025-12-21T18:35:41+00:00","breadcrumb":{"@id":"https:\/\/animefigurer.se\/en\/figurer\/teenage-mutant-ninja-turtles\/garfield-x-teenage-mutant-ninja-turtles-garfello-and-sidekick-odie-figure-two-pack-2\/#breadcrumb"},"inLanguage":"en-GB","potentialAction":[{"@type":"ReadAction","target":["https:\/\/animefigurer.se\/en\/figurer\/teenage-mutant-ninja-turtles\/garfield-x-teenage-mutant-ninja-turtles-garfello-and-sidekick-odie-figure-two-pack-2\/"]}]},{"@type":"ImageObject","inLanguage":"en-GB","@id":"https:\/\/animefigurer.se\/en\/figurer\/teenage-mutant-ninja-turtles\/garfield-x-teenage-mutant-ninja-turtles-garfello-and-sidekick-odie-figure-two-pack-2\/#primaryimage","url":"https:\/\/animefigurer.se\/wp-content\/uploads\/2025\/10\/68add236f2304.jpeg","contentUrl":"https:\/\/animefigurer.se\/wp-content\/uploads\/2025\/10\/68add236f2304.jpeg","width":1000,"height":750},{"@type":"BreadcrumbList","@id":"https:\/\/animefigurer.se\/en\/figurer\/teenage-mutant-ninja-turtles\/garfield-x-teenage-mutant-ninja-turtles-garfello-and-sidekick-odie-figure-two-pack-2\/#breadcrumb","itemListElement":[{"@type":"ListItem","position":1,"name":"Home","item":"https:\/\/animefigurer.se\/"},{"@type":"ListItem","position":2,"name":"Butik","item":"https:\/\/animefigurer.se\/figurer\/"},{"@type":"ListItem","position":3,"name":"Garfield x Teenage Mutant Ninja Turtles Garfello and Sidekick Odie Figure Two-Pack"}]},{"@type":"WebSite","@id":"https:\/\/animefigurer.se\/#website","url":"https:\/\/animefigurer.se\/","name":"Animefigurer.se","description":"Anime figures from over 300 different anime series with over 9000 products | Anime Shop","publisher":{"@id":"https:\/\/animefigurer.se\/#organization"},"potentialAction":[{"@type":"SearchAction","target":{"@type":"EntryPoint","urlTemplate":"https:\/\/animefigurer.se\/?s={search_term_string}"},"query-input":{"@type":"PropertyValueSpecification","valueRequired":true,"valueName":"search_term_string"}}],"inLanguage":"en-GB"},{"@type":"Organization","@id":"https:\/\/animefigurer.se\/#organization","name":"Animefigurer.se","alternateName":"Anime figurer | Anime shop","url":"https:\/\/animefigurer.se\/","logo":{"@type":"ImageObject","inLanguage":"en-GB","@id":"https:\/\/animefigurer.se\/#\/schema\/logo\/image\/","url":"https:\/\/animefigurer.se\/wp-content\/uploads\/2025\/12\/Animefigurer_logowhite.png","contentUrl":"https:\/\/animefigurer.se\/wp-content\/uploads\/2025\/12\/Animefigurer_logowhite.png","width":1890,"height":1417,"caption":"Animefigurer.se"},"image":{"@id":"https:\/\/animefigurer.se\/#\/schema\/logo\/image\/"},"sameAs":["https:\/\/www.facebook.com\/profile.php?id=61581826539670","https:\/\/www.instagram.com\/animefigurer.se\/"],"email":"info@animefigurer.se"}]}},"_links":{"self":[{"href":"https:\/\/animefigurer.se\/en\/wp-json\/wp\/v2\/product\/65767","targetHints":{"allow":["GET"]}}],"collection":[{"href":"https:\/\/animefigurer.se\/en\/wp-json\/wp\/v2\/product"}],"about":[{"href":"https:\/\/animefigurer.se\/en\/wp-json\/wp\/v2\/types\/product"}],"replies":[{"embeddable":true,"href":"https:\/\/animefigurer.se\/en\/wp-json\/wp\/v2\/comments?post=65767"}],"wp:featuredmedia":[{"embeddable":true,"href":"https:\/\/animefigurer.se\/en\/wp-json\/wp\/v2\/media\/26547"}],"wp:attachment":[{"href":"https:\/\/animefigurer.se\/en\/wp-json\/wp\/v2\/media?parent=65767"}],"wp:term":[{"taxonomy":"product_brand","embeddable":true,"href":"https:\/\/animefigurer.se\/en\/wp-json\/wp\/v2\/product_brand?post=65767"},{"taxonomy":"product_cat","embeddable":true,"href":"https:\/\/animefigurer.se\/en\/wp-json\/wp\/v2\/product_cat?post=65767"},{"taxonomy":"product_tag","embeddable":true,"href":"https:\/\/animefigurer.se\/en\/wp-json\/wp\/v2\/product_tag?post=65767"},{"taxonomy":"giftcard-category","embeddable":true,"href":"https:\/\/animefigurer.se\/en\/wp-json\/wp\/v2\/giftcard-category?post=65767"}],"curies":[{"name":"wp","href":"https:\/\/api.w.org\/{rel}","templated":true}]}}