{"id":65440,"date":"2025-10-21T14:02:27","date_gmt":"2025-10-21T12:02:27","guid":{"rendered":"https:\/\/animefigurer.se\/produkt\/taiko-no-tatsujin-wada-katsu-super-big-plush\/"},"modified":"2025-12-21T19:35:38","modified_gmt":"2025-12-21T18:35:38","slug":"taiko-no-tatsujin-wada-katsu-super-big-plush","status":"publish","type":"product","link":"https:\/\/animefigurer.se\/en\/figurer\/taiko-no-tatsujin\/taiko-no-tatsujin-wada-katsu-super-big-plush\/","title":{"rendered":"Taiko no Tatsujin Wada Katsu Super Big Plush"},"content":{"rendered":"<p>Banpresto introduces a new Super Big plush of Wada Katsu as an addition to their line! This plush is detailed and true to the character&#039;s appearance and stands approximately 12 inches tall - a perfect huggable addition to your collection.<\/p>","protected":false},"excerpt":{"rendered":"<p>Banpresto introduces a new Super Big plush of Wada Katsu as an addition to their line! This plush is detailed and true to the character&#039;s appearance and stands approximately 12 inches tall - a perfect huggable addition to your collection.<\/p>","protected":false},"featured_media":65441,"comment_status":"closed","ping_status":"open","template":"","meta":{"_acf_changed":false,"_monsterinsights_skip_tracking":false,"_monsterinsights_sitenote_active":false,"_monsterinsights_sitenote_note":"","_monsterinsights_sitenote_category":0},"product_brand":[6928],"product_cat":[5293],"product_tag":[24],"giftcard-category":[],"class_list":{"0":"post-65440","1":"product","2":"type-product","3":"status-publish","4":"has-post-thumbnail","6":"product_brand-banpresto","7":"product_cat-taiko-no-tatsujin","8":"product_tag-2-3-weeks","9":"pa_franchise-taiko-no-tatsujin","10":"pa_karaktar-wada-katsu","11":"pa_material-plush","12":"pa_storlek-30-cm","14":"first","15":"instock","16":"taxable","17":"shipping-taxable","18":"purchasable","19":"product-type-simple"},"acf":[],"yoast_head":"<!-- This site is optimized with the Yoast SEO Premium plugin v24.6 (Yoast SEO v27.3) - https:\/\/yoast.com\/product\/yoast-seo-premium-wordpress\/ -->\n<title>Taiko no Tatsujin Wada Katsu Super Big Plush | Animefigurer.se<\/title>\n<meta name=\"robots\" content=\"index, follow, max-snippet:-1, max-image-preview:large, max-video-preview:-1\" \/>\n<link rel=\"canonical\" href=\"https:\/\/animefigurer.se\/en\/figurer\/taiko-no-tatsujin\/taiko-no-tatsujin-wada-katsu-super-big-plush\/\" \/>\n<meta property=\"og:locale\" content=\"en_GB\" \/>\n<meta property=\"og:type\" content=\"article\" \/>\n<meta property=\"og:title\" content=\"Taiko no Tatsujin Wada Katsu Super Big Plush\" \/>\n<meta property=\"og:description\" content=\"Banpresto introducerar en ny Super Big-plysch av Wada Katsu som ett tillskott till sin serie! Denna plysch \u00e4r detaljerad och trogen karakt\u00e4rens utseende och \u00e4r ungef\u00e4r 12 tum h\u00f6g \u2013 ett perfekt kramv\u00e4nligt tillskott till samlingen.\" \/>\n<meta property=\"og:url\" content=\"https:\/\/animefigurer.se\/en\/figurer\/taiko-no-tatsujin\/taiko-no-tatsujin-wada-katsu-super-big-plush\/\" \/>\n<meta property=\"og:site_name\" content=\"Animefigurer.se\" \/>\n<meta property=\"article:publisher\" content=\"https:\/\/www.facebook.com\/profile.php?id=61581826539670\" \/>\n<meta property=\"article:modified_time\" content=\"2025-12-21T18:35:38+00:00\" \/>\n<meta property=\"og:image\" content=\"https:\/\/animefigurer.se\/wp-content\/uploads\/2025\/12\/Animefigurer_logowhite.png\" \/>\n\t<meta property=\"og:image:width\" content=\"1890\" \/>\n\t<meta property=\"og:image:height\" content=\"1417\" \/>\n\t<meta property=\"og:image:type\" content=\"image\/png\" \/>\n<meta name=\"twitter:card\" content=\"summary_large_image\" \/>\n<script type=\"application\/ld+json\" class=\"yoast-schema-graph\">{\"@context\":\"https:\\\/\\\/schema.org\",\"@graph\":[{\"@type\":\"WebPage\",\"@id\":\"https:\\\/\\\/animefigurer.se\\\/figurer\\\/taiko-no-tatsujin\\\/taiko-no-tatsujin-wada-katsu-super-big-plush\\\/\",\"url\":\"https:\\\/\\\/animefigurer.se\\\/figurer\\\/taiko-no-tatsujin\\\/taiko-no-tatsujin-wada-katsu-super-big-plush\\\/\",\"name\":\"Taiko no Tatsujin Wada Katsu Super Big Plush | Animefigurer.se\",\"isPartOf\":{\"@id\":\"https:\\\/\\\/animefigurer.se\\\/#website\"},\"primaryImageOfPage\":{\"@id\":\"https:\\\/\\\/animefigurer.se\\\/figurer\\\/taiko-no-tatsujin\\\/taiko-no-tatsujin-wada-katsu-super-big-plush\\\/#primaryimage\"},\"image\":{\"@id\":\"https:\\\/\\\/animefigurer.se\\\/figurer\\\/taiko-no-tatsujin\\\/taiko-no-tatsujin-wada-katsu-super-big-plush\\\/#primaryimage\"},\"thumbnailUrl\":\"https:\\\/\\\/animefigurer.se\\\/wp-content\\\/uploads\\\/2025\\\/10\\\/66d5f11817ad9.jpeg\",\"datePublished\":\"2025-10-21T12:02:27+00:00\",\"dateModified\":\"2025-12-21T18:35:38+00:00\",\"breadcrumb\":{\"@id\":\"https:\\\/\\\/animefigurer.se\\\/figurer\\\/taiko-no-tatsujin\\\/taiko-no-tatsujin-wada-katsu-super-big-plush\\\/#breadcrumb\"},\"inLanguage\":\"en-GB\",\"potentialAction\":[{\"@type\":\"ReadAction\",\"target\":[\"https:\\\/\\\/animefigurer.se\\\/figurer\\\/taiko-no-tatsujin\\\/taiko-no-tatsujin-wada-katsu-super-big-plush\\\/\"]}]},{\"@type\":\"ImageObject\",\"inLanguage\":\"en-GB\",\"@id\":\"https:\\\/\\\/animefigurer.se\\\/figurer\\\/taiko-no-tatsujin\\\/taiko-no-tatsujin-wada-katsu-super-big-plush\\\/#primaryimage\",\"url\":\"https:\\\/\\\/animefigurer.se\\\/wp-content\\\/uploads\\\/2025\\\/10\\\/66d5f11817ad9.jpeg\",\"contentUrl\":\"https:\\\/\\\/animefigurer.se\\\/wp-content\\\/uploads\\\/2025\\\/10\\\/66d5f11817ad9.jpeg\",\"width\":720,\"height\":540},{\"@type\":\"BreadcrumbList\",\"@id\":\"https:\\\/\\\/animefigurer.se\\\/figurer\\\/taiko-no-tatsujin\\\/taiko-no-tatsujin-wada-katsu-super-big-plush\\\/#breadcrumb\",\"itemListElement\":[{\"@type\":\"ListItem\",\"position\":1,\"name\":\"Home\",\"item\":\"https:\\\/\\\/animefigurer.se\\\/\"},{\"@type\":\"ListItem\",\"position\":2,\"name\":\"Butik\",\"item\":\"https:\\\/\\\/animefigurer.se\\\/figurer\\\/\"},{\"@type\":\"ListItem\",\"position\":3,\"name\":\"Taiko no Tatsujin Wada Katsu Super Big Plush\"}]},{\"@type\":\"WebSite\",\"@id\":\"https:\\\/\\\/animefigurer.se\\\/#website\",\"url\":\"https:\\\/\\\/animefigurer.se\\\/\",\"name\":\"Animefigurer.se\",\"description\":\"Anime figurer fr\u00e5n \u00f6ver 300 olika anime serier med \u00f6ver 9000 produkter | Anime Shop\",\"publisher\":{\"@id\":\"https:\\\/\\\/animefigurer.se\\\/#organization\"},\"potentialAction\":[{\"@type\":\"SearchAction\",\"target\":{\"@type\":\"EntryPoint\",\"urlTemplate\":\"https:\\\/\\\/animefigurer.se\\\/?s={search_term_string}\"},\"query-input\":{\"@type\":\"PropertyValueSpecification\",\"valueRequired\":true,\"valueName\":\"search_term_string\"}}],\"inLanguage\":\"en-GB\"},{\"@type\":\"Organization\",\"@id\":\"https:\\\/\\\/animefigurer.se\\\/#organization\",\"name\":\"Animefigurer.se\",\"alternateName\":\"Anime figurer | Anime shop\",\"url\":\"https:\\\/\\\/animefigurer.se\\\/\",\"logo\":{\"@type\":\"ImageObject\",\"inLanguage\":\"en-GB\",\"@id\":\"https:\\\/\\\/animefigurer.se\\\/#\\\/schema\\\/logo\\\/image\\\/\",\"url\":\"https:\\\/\\\/animefigurer.se\\\/wp-content\\\/uploads\\\/2025\\\/12\\\/Animefigurer_logowhite.png\",\"contentUrl\":\"https:\\\/\\\/animefigurer.se\\\/wp-content\\\/uploads\\\/2025\\\/12\\\/Animefigurer_logowhite.png\",\"width\":1890,\"height\":1417,\"caption\":\"Animefigurer.se\"},\"image\":{\"@id\":\"https:\\\/\\\/animefigurer.se\\\/#\\\/schema\\\/logo\\\/image\\\/\"},\"sameAs\":[\"https:\\\/\\\/www.facebook.com\\\/profile.php?id=61581826539670\",\"https:\\\/\\\/www.instagram.com\\\/animefigurer.se\\\/\"],\"email\":\"info@animefigurer.se\"}]}<\/script>\n<!-- \/ Yoast SEO Premium plugin. -->","yoast_head_json":{"title":"Taiko no Tatsujin Wada Katsu Super Big Plush | Animefigurer.se","robots":{"index":"index","follow":"follow","max-snippet":"max-snippet:-1","max-image-preview":"max-image-preview:large","max-video-preview":"max-video-preview:-1"},"canonical":"https:\/\/animefigurer.se\/en\/figurer\/taiko-no-tatsujin\/taiko-no-tatsujin-wada-katsu-super-big-plush\/","og_locale":"en_GB","og_type":"article","og_title":"Taiko no Tatsujin Wada Katsu Super Big Plush","og_description":"Banpresto introducerar en ny Super Big-plysch av Wada Katsu som ett tillskott till sin serie! Denna plysch \u00e4r detaljerad och trogen karakt\u00e4rens utseende och \u00e4r ungef\u00e4r 12 tum h\u00f6g \u2013 ett perfekt kramv\u00e4nligt tillskott till samlingen.","og_url":"https:\/\/animefigurer.se\/en\/figurer\/taiko-no-tatsujin\/taiko-no-tatsujin-wada-katsu-super-big-plush\/","og_site_name":"Animefigurer.se","article_publisher":"https:\/\/www.facebook.com\/profile.php?id=61581826539670","article_modified_time":"2025-12-21T18:35:38+00:00","og_image":[{"width":1890,"height":1417,"url":"https:\/\/animefigurer.se\/wp-content\/uploads\/2025\/12\/Animefigurer_logowhite.png","type":"image\/png"}],"twitter_card":"summary_large_image","schema":{"@context":"https:\/\/schema.org","@graph":[{"@type":"WebPage","@id":"https:\/\/animefigurer.se\/figurer\/taiko-no-tatsujin\/taiko-no-tatsujin-wada-katsu-super-big-plush\/","url":"https:\/\/animefigurer.se\/figurer\/taiko-no-tatsujin\/taiko-no-tatsujin-wada-katsu-super-big-plush\/","name":"Taiko no Tatsujin Wada Katsu Super Big Plush | Animefigurer.se","isPartOf":{"@id":"https:\/\/animefigurer.se\/#website"},"primaryImageOfPage":{"@id":"https:\/\/animefigurer.se\/figurer\/taiko-no-tatsujin\/taiko-no-tatsujin-wada-katsu-super-big-plush\/#primaryimage"},"image":{"@id":"https:\/\/animefigurer.se\/figurer\/taiko-no-tatsujin\/taiko-no-tatsujin-wada-katsu-super-big-plush\/#primaryimage"},"thumbnailUrl":"https:\/\/animefigurer.se\/wp-content\/uploads\/2025\/10\/66d5f11817ad9.jpeg","datePublished":"2025-10-21T12:02:27+00:00","dateModified":"2025-12-21T18:35:38+00:00","breadcrumb":{"@id":"https:\/\/animefigurer.se\/figurer\/taiko-no-tatsujin\/taiko-no-tatsujin-wada-katsu-super-big-plush\/#breadcrumb"},"inLanguage":"en-GB","potentialAction":[{"@type":"ReadAction","target":["https:\/\/animefigurer.se\/figurer\/taiko-no-tatsujin\/taiko-no-tatsujin-wada-katsu-super-big-plush\/"]}]},{"@type":"ImageObject","inLanguage":"en-GB","@id":"https:\/\/animefigurer.se\/figurer\/taiko-no-tatsujin\/taiko-no-tatsujin-wada-katsu-super-big-plush\/#primaryimage","url":"https:\/\/animefigurer.se\/wp-content\/uploads\/2025\/10\/66d5f11817ad9.jpeg","contentUrl":"https:\/\/animefigurer.se\/wp-content\/uploads\/2025\/10\/66d5f11817ad9.jpeg","width":720,"height":540},{"@type":"BreadcrumbList","@id":"https:\/\/animefigurer.se\/figurer\/taiko-no-tatsujin\/taiko-no-tatsujin-wada-katsu-super-big-plush\/#breadcrumb","itemListElement":[{"@type":"ListItem","position":1,"name":"Home","item":"https:\/\/animefigurer.se\/"},{"@type":"ListItem","position":2,"name":"Butik","item":"https:\/\/animefigurer.se\/figurer\/"},{"@type":"ListItem","position":3,"name":"Taiko no Tatsujin Wada Katsu Super Big Plush"}]},{"@type":"WebSite","@id":"https:\/\/animefigurer.se\/#website","url":"https:\/\/animefigurer.se\/","name":"Animefigurer.se","description":"Anime figures from over 300 different anime series with over 9000 products | Anime Shop","publisher":{"@id":"https:\/\/animefigurer.se\/#organization"},"potentialAction":[{"@type":"SearchAction","target":{"@type":"EntryPoint","urlTemplate":"https:\/\/animefigurer.se\/?s={search_term_string}"},"query-input":{"@type":"PropertyValueSpecification","valueRequired":true,"valueName":"search_term_string"}}],"inLanguage":"en-GB"},{"@type":"Organization","@id":"https:\/\/animefigurer.se\/#organization","name":"Animefigurer.se","alternateName":"Anime figurer | Anime shop","url":"https:\/\/animefigurer.se\/","logo":{"@type":"ImageObject","inLanguage":"en-GB","@id":"https:\/\/animefigurer.se\/#\/schema\/logo\/image\/","url":"https:\/\/animefigurer.se\/wp-content\/uploads\/2025\/12\/Animefigurer_logowhite.png","contentUrl":"https:\/\/animefigurer.se\/wp-content\/uploads\/2025\/12\/Animefigurer_logowhite.png","width":1890,"height":1417,"caption":"Animefigurer.se"},"image":{"@id":"https:\/\/animefigurer.se\/#\/schema\/logo\/image\/"},"sameAs":["https:\/\/www.facebook.com\/profile.php?id=61581826539670","https:\/\/www.instagram.com\/animefigurer.se\/"],"email":"info@animefigurer.se"}]}},"_links":{"self":[{"href":"https:\/\/animefigurer.se\/en\/wp-json\/wp\/v2\/product\/65440","targetHints":{"allow":["GET"]}}],"collection":[{"href":"https:\/\/animefigurer.se\/en\/wp-json\/wp\/v2\/product"}],"about":[{"href":"https:\/\/animefigurer.se\/en\/wp-json\/wp\/v2\/types\/product"}],"replies":[{"embeddable":true,"href":"https:\/\/animefigurer.se\/en\/wp-json\/wp\/v2\/comments?post=65440"}],"wp:featuredmedia":[{"embeddable":true,"href":"https:\/\/animefigurer.se\/en\/wp-json\/wp\/v2\/media\/65441"}],"wp:attachment":[{"href":"https:\/\/animefigurer.se\/en\/wp-json\/wp\/v2\/media?parent=65440"}],"wp:term":[{"taxonomy":"product_brand","embeddable":true,"href":"https:\/\/animefigurer.se\/en\/wp-json\/wp\/v2\/product_brand?post=65440"},{"taxonomy":"product_cat","embeddable":true,"href":"https:\/\/animefigurer.se\/en\/wp-json\/wp\/v2\/product_cat?post=65440"},{"taxonomy":"product_tag","embeddable":true,"href":"https:\/\/animefigurer.se\/en\/wp-json\/wp\/v2\/product_tag?post=65440"},{"taxonomy":"giftcard-category","embeddable":true,"href":"https:\/\/animefigurer.se\/en\/wp-json\/wp\/v2\/giftcard-category?post=65440"}],"curies":[{"name":"wp","href":"https:\/\/api.w.org\/{rel}","templated":true}]}}