{"id":6505,"date":"2025-10-20T16:43:57","date_gmt":"2025-10-20T14:43:57","guid":{"rendered":"https:\/\/animefigurer.se\/produkt\/astro-bot-plush-figure-captain-astro\/"},"modified":"2025-12-21T19:24:53","modified_gmt":"2025-12-21T18:24:53","slug":"astro-bot-plush-figure-captain-astro","status":"publish","type":"product","link":"https:\/\/animefigurer.se\/en\/figurer\/astros-playroom\/astro-bot-plush-figure-captain-astro\/","title":{"rendered":"Astro Bot Plush Figure Captain Astro"},"content":{"rendered":"<p>The captain is ready to go in this Youtooz plush! The plush is approximately 9 inches tall and has happy digital blue eyes on a dark face with white trim. A long antenna with a light blue ball protrudes from his head. With striped legs kicked forward and arms along the sides of a blue and white torso, his back is adorned with a light blue cape.<\/p>\n<p>Material and filling: 100% PP cotton, made of soft minky material with tulle accents - perfect for both cuddles and adventures.<\/p>","protected":false},"excerpt":{"rendered":"<p>The captain is ready to go in this Youtooz plush! The plush is approximately 9 inches tall and has happy digital blue eyes on a dark face with white trim. A long antenna with a light blue ball protrudes from his head. With striped legs kicked forward and arms along the sides of a blue and white torso, the back is adorned with<\/p>","protected":false},"featured_media":6506,"comment_status":"closed","ping_status":"open","template":"","meta":{"_acf_changed":false,"_monsterinsights_skip_tracking":false,"_monsterinsights_sitenote_active":false,"_monsterinsights_sitenote_note":"","_monsterinsights_sitenote_category":0},"product_brand":[7189],"product_cat":[612,7233],"product_tag":[26],"giftcard-category":[],"class_list":{"0":"post-6505","1":"product","2":"type-product","3":"status-publish","4":"has-post-thumbnail","6":"product_brand-youtooz","7":"product_cat-astros-playroom","8":"product_cat-pre-order","9":"product_tag-pre-order","10":"pa_franchise-astro-bot","11":"pa_karaktar-captain-astro","12":"pa_storlek-22-cm","14":"first","15":"instock","16":"taxable","17":"shipping-taxable","18":"purchasable","19":"product-type-simple"},"acf":[],"yoast_head":"<!-- This site is optimized with the Yoast SEO Premium plugin v24.6 (Yoast SEO v27.3) - https:\/\/yoast.com\/product\/yoast-seo-premium-wordpress\/ -->\n<title>Astro Bot Plush Figure Captain Astro | Animefigurer.se<\/title>\n<meta name=\"robots\" content=\"index, follow, max-snippet:-1, max-image-preview:large, max-video-preview:-1\" \/>\n<link rel=\"canonical\" href=\"https:\/\/animefigurer.se\/en\/figurer\/astros-playroom\/astro-bot-plush-figure-captain-astro\/\" \/>\n<meta property=\"og:locale\" content=\"en_GB\" \/>\n<meta property=\"og:type\" content=\"article\" \/>\n<meta property=\"og:title\" content=\"Astro Bot Plush Figure Captain Astro\" \/>\n<meta property=\"og:description\" content=\"Kaptenen \u00e4r redo f\u00f6r avf\u00e4rd i denna Youtooz-plysch! Plyschen \u00e4r cirka 9 tum l\u00e5ng och har glada digitala bl\u00e5 \u00f6gon p\u00e5 ett m\u00f6rkt ansikte med vit kant. En l\u00e5ng antenn med en ljusbl\u00e5 boll sticker upp fr\u00e5n huvudet. Med randiga ben fram\u00e5tsparkade och armarna l\u00e4ngs sidorna av en bl\u00e5vit \u00f6verkropp, pryds rygg\" \/>\n<meta property=\"og:url\" content=\"https:\/\/animefigurer.se\/en\/figurer\/astros-playroom\/astro-bot-plush-figure-captain-astro\/\" \/>\n<meta property=\"og:site_name\" content=\"Animefigurer.se\" \/>\n<meta property=\"article:publisher\" content=\"https:\/\/www.facebook.com\/profile.php?id=61581826539670\" \/>\n<meta property=\"article:modified_time\" content=\"2025-12-21T18:24:53+00:00\" \/>\n<meta property=\"og:image\" content=\"https:\/\/animefigurer.se\/wp-content\/uploads\/2025\/12\/Animefigurer_logowhite.png\" \/>\n\t<meta property=\"og:image:width\" content=\"1890\" \/>\n\t<meta property=\"og:image:height\" content=\"1417\" \/>\n\t<meta property=\"og:image:type\" content=\"image\/png\" \/>\n<meta name=\"twitter:card\" content=\"summary_large_image\" \/>\n<script type=\"application\/ld+json\" class=\"yoast-schema-graph\">{\"@context\":\"https:\\\/\\\/schema.org\",\"@graph\":[{\"@type\":\"WebPage\",\"@id\":\"https:\\\/\\\/animefigurer.se\\\/figurer\\\/astros-playroom\\\/astro-bot-plush-figure-captain-astro\\\/\",\"url\":\"https:\\\/\\\/animefigurer.se\\\/figurer\\\/astros-playroom\\\/astro-bot-plush-figure-captain-astro\\\/\",\"name\":\"Astro Bot Plush Figure Captain Astro | Animefigurer.se\",\"isPartOf\":{\"@id\":\"https:\\\/\\\/animefigurer.se\\\/#website\"},\"primaryImageOfPage\":{\"@id\":\"https:\\\/\\\/animefigurer.se\\\/figurer\\\/astros-playroom\\\/astro-bot-plush-figure-captain-astro\\\/#primaryimage\"},\"image\":{\"@id\":\"https:\\\/\\\/animefigurer.se\\\/figurer\\\/astros-playroom\\\/astro-bot-plush-figure-captain-astro\\\/#primaryimage\"},\"thumbnailUrl\":\"https:\\\/\\\/animefigurer.se\\\/wp-content\\\/uploads\\\/2025\\\/10\\\/68b19c83f0691.jpeg\",\"datePublished\":\"2025-10-20T14:43:57+00:00\",\"dateModified\":\"2025-12-21T18:24:53+00:00\",\"breadcrumb\":{\"@id\":\"https:\\\/\\\/animefigurer.se\\\/figurer\\\/astros-playroom\\\/astro-bot-plush-figure-captain-astro\\\/#breadcrumb\"},\"inLanguage\":\"en-GB\",\"potentialAction\":[{\"@type\":\"ReadAction\",\"target\":[\"https:\\\/\\\/animefigurer.se\\\/figurer\\\/astros-playroom\\\/astro-bot-plush-figure-captain-astro\\\/\"]}]},{\"@type\":\"ImageObject\",\"inLanguage\":\"en-GB\",\"@id\":\"https:\\\/\\\/animefigurer.se\\\/figurer\\\/astros-playroom\\\/astro-bot-plush-figure-captain-astro\\\/#primaryimage\",\"url\":\"https:\\\/\\\/animefigurer.se\\\/wp-content\\\/uploads\\\/2025\\\/10\\\/68b19c83f0691.jpeg\",\"contentUrl\":\"https:\\\/\\\/animefigurer.se\\\/wp-content\\\/uploads\\\/2025\\\/10\\\/68b19c83f0691.jpeg\",\"width\":1000,\"height\":1000},{\"@type\":\"BreadcrumbList\",\"@id\":\"https:\\\/\\\/animefigurer.se\\\/figurer\\\/astros-playroom\\\/astro-bot-plush-figure-captain-astro\\\/#breadcrumb\",\"itemListElement\":[{\"@type\":\"ListItem\",\"position\":1,\"name\":\"Home\",\"item\":\"https:\\\/\\\/animefigurer.se\\\/\"},{\"@type\":\"ListItem\",\"position\":2,\"name\":\"Butik\",\"item\":\"https:\\\/\\\/animefigurer.se\\\/figurer\\\/\"},{\"@type\":\"ListItem\",\"position\":3,\"name\":\"Astro Bot Plush Figure Captain Astro\"}]},{\"@type\":\"WebSite\",\"@id\":\"https:\\\/\\\/animefigurer.se\\\/#website\",\"url\":\"https:\\\/\\\/animefigurer.se\\\/\",\"name\":\"Animefigurer.se\",\"description\":\"Anime figurer fr\u00e5n \u00f6ver 300 olika anime serier med \u00f6ver 9000 produkter | Anime Shop\",\"publisher\":{\"@id\":\"https:\\\/\\\/animefigurer.se\\\/#organization\"},\"potentialAction\":[{\"@type\":\"SearchAction\",\"target\":{\"@type\":\"EntryPoint\",\"urlTemplate\":\"https:\\\/\\\/animefigurer.se\\\/?s={search_term_string}\"},\"query-input\":{\"@type\":\"PropertyValueSpecification\",\"valueRequired\":true,\"valueName\":\"search_term_string\"}}],\"inLanguage\":\"en-GB\"},{\"@type\":\"Organization\",\"@id\":\"https:\\\/\\\/animefigurer.se\\\/#organization\",\"name\":\"Animefigurer.se\",\"alternateName\":\"Anime figurer | Anime shop\",\"url\":\"https:\\\/\\\/animefigurer.se\\\/\",\"logo\":{\"@type\":\"ImageObject\",\"inLanguage\":\"en-GB\",\"@id\":\"https:\\\/\\\/animefigurer.se\\\/#\\\/schema\\\/logo\\\/image\\\/\",\"url\":\"https:\\\/\\\/animefigurer.se\\\/wp-content\\\/uploads\\\/2025\\\/12\\\/Animefigurer_logowhite.png\",\"contentUrl\":\"https:\\\/\\\/animefigurer.se\\\/wp-content\\\/uploads\\\/2025\\\/12\\\/Animefigurer_logowhite.png\",\"width\":1890,\"height\":1417,\"caption\":\"Animefigurer.se\"},\"image\":{\"@id\":\"https:\\\/\\\/animefigurer.se\\\/#\\\/schema\\\/logo\\\/image\\\/\"},\"sameAs\":[\"https:\\\/\\\/www.facebook.com\\\/profile.php?id=61581826539670\",\"https:\\\/\\\/www.instagram.com\\\/animefigurer.se\\\/\"],\"email\":\"info@animefigurer.se\"}]}<\/script>\n<!-- \/ Yoast SEO Premium plugin. -->","yoast_head_json":{"title":"Astro Bot Plush Figure Captain Astro | Animefigurer.se","robots":{"index":"index","follow":"follow","max-snippet":"max-snippet:-1","max-image-preview":"max-image-preview:large","max-video-preview":"max-video-preview:-1"},"canonical":"https:\/\/animefigurer.se\/en\/figurer\/astros-playroom\/astro-bot-plush-figure-captain-astro\/","og_locale":"en_GB","og_type":"article","og_title":"Astro Bot Plush Figure Captain Astro","og_description":"Kaptenen \u00e4r redo f\u00f6r avf\u00e4rd i denna Youtooz-plysch! Plyschen \u00e4r cirka 9 tum l\u00e5ng och har glada digitala bl\u00e5 \u00f6gon p\u00e5 ett m\u00f6rkt ansikte med vit kant. En l\u00e5ng antenn med en ljusbl\u00e5 boll sticker upp fr\u00e5n huvudet. Med randiga ben fram\u00e5tsparkade och armarna l\u00e4ngs sidorna av en bl\u00e5vit \u00f6verkropp, pryds rygg","og_url":"https:\/\/animefigurer.se\/en\/figurer\/astros-playroom\/astro-bot-plush-figure-captain-astro\/","og_site_name":"Animefigurer.se","article_publisher":"https:\/\/www.facebook.com\/profile.php?id=61581826539670","article_modified_time":"2025-12-21T18:24:53+00:00","og_image":[{"width":1890,"height":1417,"url":"https:\/\/animefigurer.se\/wp-content\/uploads\/2025\/12\/Animefigurer_logowhite.png","type":"image\/png"}],"twitter_card":"summary_large_image","schema":{"@context":"https:\/\/schema.org","@graph":[{"@type":"WebPage","@id":"https:\/\/animefigurer.se\/figurer\/astros-playroom\/astro-bot-plush-figure-captain-astro\/","url":"https:\/\/animefigurer.se\/figurer\/astros-playroom\/astro-bot-plush-figure-captain-astro\/","name":"Astro Bot Plush Figure Captain Astro | Animefigurer.se","isPartOf":{"@id":"https:\/\/animefigurer.se\/#website"},"primaryImageOfPage":{"@id":"https:\/\/animefigurer.se\/figurer\/astros-playroom\/astro-bot-plush-figure-captain-astro\/#primaryimage"},"image":{"@id":"https:\/\/animefigurer.se\/figurer\/astros-playroom\/astro-bot-plush-figure-captain-astro\/#primaryimage"},"thumbnailUrl":"https:\/\/animefigurer.se\/wp-content\/uploads\/2025\/10\/68b19c83f0691.jpeg","datePublished":"2025-10-20T14:43:57+00:00","dateModified":"2025-12-21T18:24:53+00:00","breadcrumb":{"@id":"https:\/\/animefigurer.se\/figurer\/astros-playroom\/astro-bot-plush-figure-captain-astro\/#breadcrumb"},"inLanguage":"en-GB","potentialAction":[{"@type":"ReadAction","target":["https:\/\/animefigurer.se\/figurer\/astros-playroom\/astro-bot-plush-figure-captain-astro\/"]}]},{"@type":"ImageObject","inLanguage":"en-GB","@id":"https:\/\/animefigurer.se\/figurer\/astros-playroom\/astro-bot-plush-figure-captain-astro\/#primaryimage","url":"https:\/\/animefigurer.se\/wp-content\/uploads\/2025\/10\/68b19c83f0691.jpeg","contentUrl":"https:\/\/animefigurer.se\/wp-content\/uploads\/2025\/10\/68b19c83f0691.jpeg","width":1000,"height":1000},{"@type":"BreadcrumbList","@id":"https:\/\/animefigurer.se\/figurer\/astros-playroom\/astro-bot-plush-figure-captain-astro\/#breadcrumb","itemListElement":[{"@type":"ListItem","position":1,"name":"Home","item":"https:\/\/animefigurer.se\/"},{"@type":"ListItem","position":2,"name":"Butik","item":"https:\/\/animefigurer.se\/figurer\/"},{"@type":"ListItem","position":3,"name":"Astro Bot Plush Figure Captain Astro"}]},{"@type":"WebSite","@id":"https:\/\/animefigurer.se\/#website","url":"https:\/\/animefigurer.se\/","name":"Animefigurer.se","description":"Anime figures from over 300 different anime series with over 9000 products | Anime Shop","publisher":{"@id":"https:\/\/animefigurer.se\/#organization"},"potentialAction":[{"@type":"SearchAction","target":{"@type":"EntryPoint","urlTemplate":"https:\/\/animefigurer.se\/?s={search_term_string}"},"query-input":{"@type":"PropertyValueSpecification","valueRequired":true,"valueName":"search_term_string"}}],"inLanguage":"en-GB"},{"@type":"Organization","@id":"https:\/\/animefigurer.se\/#organization","name":"Animefigurer.se","alternateName":"Anime figurer | Anime shop","url":"https:\/\/animefigurer.se\/","logo":{"@type":"ImageObject","inLanguage":"en-GB","@id":"https:\/\/animefigurer.se\/#\/schema\/logo\/image\/","url":"https:\/\/animefigurer.se\/wp-content\/uploads\/2025\/12\/Animefigurer_logowhite.png","contentUrl":"https:\/\/animefigurer.se\/wp-content\/uploads\/2025\/12\/Animefigurer_logowhite.png","width":1890,"height":1417,"caption":"Animefigurer.se"},"image":{"@id":"https:\/\/animefigurer.se\/#\/schema\/logo\/image\/"},"sameAs":["https:\/\/www.facebook.com\/profile.php?id=61581826539670","https:\/\/www.instagram.com\/animefigurer.se\/"],"email":"info@animefigurer.se"}]}},"_links":{"self":[{"href":"https:\/\/animefigurer.se\/en\/wp-json\/wp\/v2\/product\/6505","targetHints":{"allow":["GET"]}}],"collection":[{"href":"https:\/\/animefigurer.se\/en\/wp-json\/wp\/v2\/product"}],"about":[{"href":"https:\/\/animefigurer.se\/en\/wp-json\/wp\/v2\/types\/product"}],"replies":[{"embeddable":true,"href":"https:\/\/animefigurer.se\/en\/wp-json\/wp\/v2\/comments?post=6505"}],"wp:featuredmedia":[{"embeddable":true,"href":"https:\/\/animefigurer.se\/en\/wp-json\/wp\/v2\/media\/6506"}],"wp:attachment":[{"href":"https:\/\/animefigurer.se\/en\/wp-json\/wp\/v2\/media?parent=6505"}],"wp:term":[{"taxonomy":"product_brand","embeddable":true,"href":"https:\/\/animefigurer.se\/en\/wp-json\/wp\/v2\/product_brand?post=6505"},{"taxonomy":"product_cat","embeddable":true,"href":"https:\/\/animefigurer.se\/en\/wp-json\/wp\/v2\/product_cat?post=6505"},{"taxonomy":"product_tag","embeddable":true,"href":"https:\/\/animefigurer.se\/en\/wp-json\/wp\/v2\/product_tag?post=6505"},{"taxonomy":"giftcard-category","embeddable":true,"href":"https:\/\/animefigurer.se\/en\/wp-json\/wp\/v2\/giftcard-category?post=6505"}],"curies":[{"name":"wp","href":"https:\/\/api.w.org\/{rel}","templated":true}]}}