{"id":64784,"date":"2025-10-21T13:52:27","date_gmt":"2025-10-21T11:52:27","guid":{"rendered":"https:\/\/animefigurer.se\/produkt\/summer-time-rendering-hizuru-minakata-swinging-hammer-ver\/"},"modified":"2025-12-21T19:35:29","modified_gmt":"2025-12-21T18:35:29","slug":"summer-time-rendering-hizuru-minakata-swinging-hammer-ver","status":"publish","type":"product","link":"https:\/\/animefigurer.se\/en\/figurer\/summer-time-rendering\/summer-time-rendering-hizuru-minakata-swinging-hammer-ver\/","title":{"rendered":"Summer Time Rendering Hizuru Minakata (Swinging Hammer Ver.)"},"content":{"rendered":"<p>From the manga series Summer Time Rendering comes a new figure of the enigmatic Hizuru Minakata! With her distinctive hammer, she&#039;s ready to deliver a powerful blow. Pre-order now and complete your collection!<\/p>","protected":false},"excerpt":{"rendered":"<p>From the manga series Summer Time Rendering comes a new figure of the enigmatic Hizuru Minakata! With her distinctive hammer, she&#039;s ready to deliver a powerful blow. Pre-order now and complete your collection!<\/p>","protected":false},"featured_media":64785,"comment_status":"closed","ping_status":"open","template":"","meta":{"_acf_changed":false,"_monsterinsights_skip_tracking":false,"_monsterinsights_sitenote_active":false,"_monsterinsights_sitenote_note":"","_monsterinsights_sitenote_category":0},"product_brand":[7171],"product_cat":[5244],"product_tag":[24],"giftcard-category":[],"class_list":{"0":"post-64784","1":"product","2":"type-product","3":"status-publish","4":"has-post-thumbnail","6":"product_brand-union-creative","7":"product_cat-summer-time-rendering","8":"product_tag-2-3-weeks","9":"pa_franchise-summer-time-rendering","10":"pa_karaktar-hizuru-minakata","11":"pa_material-pvc-abs","12":"pa_storlek-27-cm","14":"first","15":"instock","16":"taxable","17":"shipping-taxable","18":"purchasable","19":"product-type-simple"},"acf":[],"yoast_head":"<!-- This site is optimized with the Yoast SEO Premium plugin v24.6 (Yoast SEO v27.3) - https:\/\/yoast.com\/product\/yoast-seo-premium-wordpress\/ -->\n<title>Summer Time Rendering Hizuru Minakata (Swinging Hammer Ver.) | Animefigurer.se<\/title>\n<meta name=\"robots\" content=\"index, follow, max-snippet:-1, max-image-preview:large, max-video-preview:-1\" \/>\n<link rel=\"canonical\" href=\"https:\/\/animefigurer.se\/en\/figurer\/summer-time-rendering\/summer-time-rendering-hizuru-minakata-swinging-hammer-ver\/\" \/>\n<meta property=\"og:locale\" content=\"en_GB\" \/>\n<meta property=\"og:type\" content=\"article\" \/>\n<meta property=\"og:title\" content=\"Summer Time Rendering Hizuru Minakata (Swinging Hammer Ver.)\" \/>\n<meta property=\"og:description\" content=\"Fr\u00e5n mangaserien Summer Time Rendering kommer en ny figur av den g\u00e5tfulla Hizuru Minakata! Med sin distinkta hammare \u00e4r hon redo att leverera ett kraftfullt slag. F\u00f6rbest\u00e4ll nu och komplettera din samling!\" \/>\n<meta property=\"og:url\" content=\"https:\/\/animefigurer.se\/en\/figurer\/summer-time-rendering\/summer-time-rendering-hizuru-minakata-swinging-hammer-ver\/\" \/>\n<meta property=\"og:site_name\" content=\"Animefigurer.se\" \/>\n<meta property=\"article:publisher\" content=\"https:\/\/www.facebook.com\/profile.php?id=61581826539670\" \/>\n<meta property=\"article:modified_time\" content=\"2025-12-21T18:35:29+00:00\" \/>\n<meta property=\"og:image\" content=\"https:\/\/animefigurer.se\/wp-content\/uploads\/2025\/12\/Animefigurer_logowhite.png\" \/>\n\t<meta property=\"og:image:width\" content=\"1890\" \/>\n\t<meta property=\"og:image:height\" content=\"1417\" \/>\n\t<meta property=\"og:image:type\" content=\"image\/png\" \/>\n<meta name=\"twitter:card\" content=\"summary_large_image\" \/>\n<script type=\"application\/ld+json\" class=\"yoast-schema-graph\">{\"@context\":\"https:\\\/\\\/schema.org\",\"@graph\":[{\"@type\":\"WebPage\",\"@id\":\"https:\\\/\\\/animefigurer.se\\\/en\\\/figurer\\\/summer-time-rendering\\\/summer-time-rendering-hizuru-minakata-swinging-hammer-ver\\\/\",\"url\":\"https:\\\/\\\/animefigurer.se\\\/en\\\/figurer\\\/summer-time-rendering\\\/summer-time-rendering-hizuru-minakata-swinging-hammer-ver\\\/\",\"name\":\"Summer Time Rendering Hizuru Minakata (Swinging Hammer Ver.) | Animefigurer.se\",\"isPartOf\":{\"@id\":\"https:\\\/\\\/animefigurer.se\\\/#website\"},\"primaryImageOfPage\":{\"@id\":\"https:\\\/\\\/animefigurer.se\\\/en\\\/figurer\\\/summer-time-rendering\\\/summer-time-rendering-hizuru-minakata-swinging-hammer-ver\\\/#primaryimage\"},\"image\":{\"@id\":\"https:\\\/\\\/animefigurer.se\\\/en\\\/figurer\\\/summer-time-rendering\\\/summer-time-rendering-hizuru-minakata-swinging-hammer-ver\\\/#primaryimage\"},\"thumbnailUrl\":\"https:\\\/\\\/animefigurer.se\\\/wp-content\\\/uploads\\\/2025\\\/10\\\/6581837060034.jpeg\",\"datePublished\":\"2025-10-21T11:52:27+00:00\",\"dateModified\":\"2025-12-21T18:35:29+00:00\",\"breadcrumb\":{\"@id\":\"https:\\\/\\\/animefigurer.se\\\/en\\\/figurer\\\/summer-time-rendering\\\/summer-time-rendering-hizuru-minakata-swinging-hammer-ver\\\/#breadcrumb\"},\"inLanguage\":\"en-GB\",\"potentialAction\":[{\"@type\":\"ReadAction\",\"target\":[\"https:\\\/\\\/animefigurer.se\\\/en\\\/figurer\\\/summer-time-rendering\\\/summer-time-rendering-hizuru-minakata-swinging-hammer-ver\\\/\"]}]},{\"@type\":\"ImageObject\",\"inLanguage\":\"en-GB\",\"@id\":\"https:\\\/\\\/animefigurer.se\\\/en\\\/figurer\\\/summer-time-rendering\\\/summer-time-rendering-hizuru-minakata-swinging-hammer-ver\\\/#primaryimage\",\"url\":\"https:\\\/\\\/animefigurer.se\\\/wp-content\\\/uploads\\\/2025\\\/10\\\/6581837060034.jpeg\",\"contentUrl\":\"https:\\\/\\\/animefigurer.se\\\/wp-content\\\/uploads\\\/2025\\\/10\\\/6581837060034.jpeg\",\"width\":720,\"height\":540},{\"@type\":\"BreadcrumbList\",\"@id\":\"https:\\\/\\\/animefigurer.se\\\/en\\\/figurer\\\/summer-time-rendering\\\/summer-time-rendering-hizuru-minakata-swinging-hammer-ver\\\/#breadcrumb\",\"itemListElement\":[{\"@type\":\"ListItem\",\"position\":1,\"name\":\"Home\",\"item\":\"https:\\\/\\\/animefigurer.se\\\/\"},{\"@type\":\"ListItem\",\"position\":2,\"name\":\"Butik\",\"item\":\"https:\\\/\\\/animefigurer.se\\\/figurer\\\/\"},{\"@type\":\"ListItem\",\"position\":3,\"name\":\"Summer Time Rendering Hizuru Minakata (Swinging Hammer Ver.)\"}]},{\"@type\":\"WebSite\",\"@id\":\"https:\\\/\\\/animefigurer.se\\\/#website\",\"url\":\"https:\\\/\\\/animefigurer.se\\\/\",\"name\":\"Animefigurer.se\",\"description\":\"Anime figurer fr\u00e5n \u00f6ver 300 olika anime serier med \u00f6ver 9000 produkter | Anime Shop\",\"publisher\":{\"@id\":\"https:\\\/\\\/animefigurer.se\\\/#organization\"},\"potentialAction\":[{\"@type\":\"SearchAction\",\"target\":{\"@type\":\"EntryPoint\",\"urlTemplate\":\"https:\\\/\\\/animefigurer.se\\\/?s={search_term_string}\"},\"query-input\":{\"@type\":\"PropertyValueSpecification\",\"valueRequired\":true,\"valueName\":\"search_term_string\"}}],\"inLanguage\":\"en-GB\"},{\"@type\":\"Organization\",\"@id\":\"https:\\\/\\\/animefigurer.se\\\/#organization\",\"name\":\"Animefigurer.se\",\"alternateName\":\"Anime figurer | Anime shop\",\"url\":\"https:\\\/\\\/animefigurer.se\\\/\",\"logo\":{\"@type\":\"ImageObject\",\"inLanguage\":\"en-GB\",\"@id\":\"https:\\\/\\\/animefigurer.se\\\/#\\\/schema\\\/logo\\\/image\\\/\",\"url\":\"https:\\\/\\\/animefigurer.se\\\/wp-content\\\/uploads\\\/2025\\\/12\\\/Animefigurer_logowhite.png\",\"contentUrl\":\"https:\\\/\\\/animefigurer.se\\\/wp-content\\\/uploads\\\/2025\\\/12\\\/Animefigurer_logowhite.png\",\"width\":1890,\"height\":1417,\"caption\":\"Animefigurer.se\"},\"image\":{\"@id\":\"https:\\\/\\\/animefigurer.se\\\/#\\\/schema\\\/logo\\\/image\\\/\"},\"sameAs\":[\"https:\\\/\\\/www.facebook.com\\\/profile.php?id=61581826539670\",\"https:\\\/\\\/www.instagram.com\\\/animefigurer.se\\\/\"],\"email\":\"info@animefigurer.se\"}]}<\/script>\n<!-- \/ Yoast SEO Premium plugin. -->","yoast_head_json":{"title":"Summer Time Rendering Hizuru Minakata (Swinging Hammer Ver.) | Animefigurer.se","robots":{"index":"index","follow":"follow","max-snippet":"max-snippet:-1","max-image-preview":"max-image-preview:large","max-video-preview":"max-video-preview:-1"},"canonical":"https:\/\/animefigurer.se\/en\/figurer\/summer-time-rendering\/summer-time-rendering-hizuru-minakata-swinging-hammer-ver\/","og_locale":"en_GB","og_type":"article","og_title":"Summer Time Rendering Hizuru Minakata (Swinging Hammer Ver.)","og_description":"Fr\u00e5n mangaserien Summer Time Rendering kommer en ny figur av den g\u00e5tfulla Hizuru Minakata! Med sin distinkta hammare \u00e4r hon redo att leverera ett kraftfullt slag. F\u00f6rbest\u00e4ll nu och komplettera din samling!","og_url":"https:\/\/animefigurer.se\/en\/figurer\/summer-time-rendering\/summer-time-rendering-hizuru-minakata-swinging-hammer-ver\/","og_site_name":"Animefigurer.se","article_publisher":"https:\/\/www.facebook.com\/profile.php?id=61581826539670","article_modified_time":"2025-12-21T18:35:29+00:00","og_image":[{"width":1890,"height":1417,"url":"https:\/\/animefigurer.se\/wp-content\/uploads\/2025\/12\/Animefigurer_logowhite.png","type":"image\/png"}],"twitter_card":"summary_large_image","schema":{"@context":"https:\/\/schema.org","@graph":[{"@type":"WebPage","@id":"https:\/\/animefigurer.se\/en\/figurer\/summer-time-rendering\/summer-time-rendering-hizuru-minakata-swinging-hammer-ver\/","url":"https:\/\/animefigurer.se\/en\/figurer\/summer-time-rendering\/summer-time-rendering-hizuru-minakata-swinging-hammer-ver\/","name":"Summer Time Rendering Hizuru Minakata (Swinging Hammer Ver.) | Animefigurer.se","isPartOf":{"@id":"https:\/\/animefigurer.se\/#website"},"primaryImageOfPage":{"@id":"https:\/\/animefigurer.se\/en\/figurer\/summer-time-rendering\/summer-time-rendering-hizuru-minakata-swinging-hammer-ver\/#primaryimage"},"image":{"@id":"https:\/\/animefigurer.se\/en\/figurer\/summer-time-rendering\/summer-time-rendering-hizuru-minakata-swinging-hammer-ver\/#primaryimage"},"thumbnailUrl":"https:\/\/animefigurer.se\/wp-content\/uploads\/2025\/10\/6581837060034.jpeg","datePublished":"2025-10-21T11:52:27+00:00","dateModified":"2025-12-21T18:35:29+00:00","breadcrumb":{"@id":"https:\/\/animefigurer.se\/en\/figurer\/summer-time-rendering\/summer-time-rendering-hizuru-minakata-swinging-hammer-ver\/#breadcrumb"},"inLanguage":"en-GB","potentialAction":[{"@type":"ReadAction","target":["https:\/\/animefigurer.se\/en\/figurer\/summer-time-rendering\/summer-time-rendering-hizuru-minakata-swinging-hammer-ver\/"]}]},{"@type":"ImageObject","inLanguage":"en-GB","@id":"https:\/\/animefigurer.se\/en\/figurer\/summer-time-rendering\/summer-time-rendering-hizuru-minakata-swinging-hammer-ver\/#primaryimage","url":"https:\/\/animefigurer.se\/wp-content\/uploads\/2025\/10\/6581837060034.jpeg","contentUrl":"https:\/\/animefigurer.se\/wp-content\/uploads\/2025\/10\/6581837060034.jpeg","width":720,"height":540},{"@type":"BreadcrumbList","@id":"https:\/\/animefigurer.se\/en\/figurer\/summer-time-rendering\/summer-time-rendering-hizuru-minakata-swinging-hammer-ver\/#breadcrumb","itemListElement":[{"@type":"ListItem","position":1,"name":"Home","item":"https:\/\/animefigurer.se\/"},{"@type":"ListItem","position":2,"name":"Butik","item":"https:\/\/animefigurer.se\/figurer\/"},{"@type":"ListItem","position":3,"name":"Summer Time Rendering Hizuru Minakata (Swinging Hammer Ver.)"}]},{"@type":"WebSite","@id":"https:\/\/animefigurer.se\/#website","url":"https:\/\/animefigurer.se\/","name":"Animefigurer.se","description":"Anime figures from over 300 different anime series with over 9000 products | Anime Shop","publisher":{"@id":"https:\/\/animefigurer.se\/#organization"},"potentialAction":[{"@type":"SearchAction","target":{"@type":"EntryPoint","urlTemplate":"https:\/\/animefigurer.se\/?s={search_term_string}"},"query-input":{"@type":"PropertyValueSpecification","valueRequired":true,"valueName":"search_term_string"}}],"inLanguage":"en-GB"},{"@type":"Organization","@id":"https:\/\/animefigurer.se\/#organization","name":"Animefigurer.se","alternateName":"Anime figurer | Anime shop","url":"https:\/\/animefigurer.se\/","logo":{"@type":"ImageObject","inLanguage":"en-GB","@id":"https:\/\/animefigurer.se\/#\/schema\/logo\/image\/","url":"https:\/\/animefigurer.se\/wp-content\/uploads\/2025\/12\/Animefigurer_logowhite.png","contentUrl":"https:\/\/animefigurer.se\/wp-content\/uploads\/2025\/12\/Animefigurer_logowhite.png","width":1890,"height":1417,"caption":"Animefigurer.se"},"image":{"@id":"https:\/\/animefigurer.se\/#\/schema\/logo\/image\/"},"sameAs":["https:\/\/www.facebook.com\/profile.php?id=61581826539670","https:\/\/www.instagram.com\/animefigurer.se\/"],"email":"info@animefigurer.se"}]}},"_links":{"self":[{"href":"https:\/\/animefigurer.se\/en\/wp-json\/wp\/v2\/product\/64784","targetHints":{"allow":["GET"]}}],"collection":[{"href":"https:\/\/animefigurer.se\/en\/wp-json\/wp\/v2\/product"}],"about":[{"href":"https:\/\/animefigurer.se\/en\/wp-json\/wp\/v2\/types\/product"}],"replies":[{"embeddable":true,"href":"https:\/\/animefigurer.se\/en\/wp-json\/wp\/v2\/comments?post=64784"}],"wp:featuredmedia":[{"embeddable":true,"href":"https:\/\/animefigurer.se\/en\/wp-json\/wp\/v2\/media\/64785"}],"wp:attachment":[{"href":"https:\/\/animefigurer.se\/en\/wp-json\/wp\/v2\/media?parent=64784"}],"wp:term":[{"taxonomy":"product_brand","embeddable":true,"href":"https:\/\/animefigurer.se\/en\/wp-json\/wp\/v2\/product_brand?post=64784"},{"taxonomy":"product_cat","embeddable":true,"href":"https:\/\/animefigurer.se\/en\/wp-json\/wp\/v2\/product_cat?post=64784"},{"taxonomy":"product_tag","embeddable":true,"href":"https:\/\/animefigurer.se\/en\/wp-json\/wp\/v2\/product_tag?post=64784"},{"taxonomy":"giftcard-category","embeddable":true,"href":"https:\/\/animefigurer.se\/en\/wp-json\/wp\/v2\/giftcard-category?post=64784"}],"curies":[{"name":"wp","href":"https:\/\/api.w.org\/{rel}","templated":true}]}}