{"id":64659,"date":"2025-10-21T13:50:53","date_gmt":"2025-10-21T11:50:53","guid":{"rendered":"https:\/\/animefigurer.se\/produkt\/studio-ghibli-kikis-delivery-service-mug-300ml\/"},"modified":"2025-12-21T19:35:26","modified_gmt":"2025-12-21T18:35:26","slug":"studio-ghibli-kikis-delivery-service-mug-300ml","status":"publish","type":"product","link":"https:\/\/animefigurer.se\/en\/figurer\/studio-ghibli\/studio-ghibli-kikis-delivery-service-mug-300ml\/","title":{"rendered":"Studio Ghibli Kiki&#039;s Delivery Service Mug 300ml"},"content":{"rendered":"<p>Printed mug with motif from Kiki&#039;s Delivery Service made by Semic. Holds 300 ml and is dishwasher safe. To preserve the print longer, we recommend hand washing and avoiding heavy rubbing of the motif.<\/p>","protected":false},"excerpt":{"rendered":"<p>Printed mug with motif from Kiki&#039;s Delivery Service made by Semic. Holds 300 ml and is dishwasher safe. To preserve the print longer, we recommend hand washing and avoiding heavy rubbing of the motif.<\/p>","protected":false},"featured_media":64660,"comment_status":"closed","ping_status":"open","template":"","meta":{"_acf_changed":false,"_monsterinsights_skip_tracking":false,"_monsterinsights_sitenote_active":false,"_monsterinsights_sitenote_note":"","_monsterinsights_sitenote_category":0},"product_brand":[7130],"product_cat":[5183],"product_tag":[24],"giftcard-category":[],"class_list":{"0":"post-64659","1":"product","2":"type-product","3":"status-publish","4":"has-post-thumbnail","6":"product_brand-semic","7":"product_cat-studio-ghibli","8":"product_tag-2-3-weeks","9":"pa_franchise-kikis-delivery-service","11":"first","12":"instock","13":"taxable","14":"shipping-taxable","15":"purchasable","16":"product-type-simple"},"acf":[],"yoast_head":"<!-- This site is optimized with the Yoast SEO Premium plugin v24.6 (Yoast SEO v27.6) - https:\/\/yoast.com\/product\/yoast-seo-premium-wordpress\/ -->\n<title>Studio Ghibli Kiki&#039;s Delivery Service Mug 300ml | Animefigurer.se<\/title>\n<meta name=\"robots\" content=\"index, follow, max-snippet:-1, max-image-preview:large, max-video-preview:-1\" \/>\n<link rel=\"canonical\" href=\"https:\/\/animefigurer.se\/en\/figurer\/studio-ghibli\/studio-ghibli-kikis-delivery-service-mug-300ml\/\" \/>\n<meta property=\"og:locale\" content=\"en_GB\" \/>\n<meta property=\"og:type\" content=\"article\" \/>\n<meta property=\"og:title\" content=\"Studio Ghibli Kiki&#039;s Delivery Service Mug 300ml\" \/>\n<meta property=\"og:description\" content=\"Tryckt mugg med motiv fr\u00e5n Kiki&#039;s Delivery Service tillverkad av Semic. Rymmer 300 ml och t\u00e5l diskmaskin. F\u00f6r att bevara trycket l\u00e4ngre rekommenderar vi handtv\u00e4tt och att undvika kraftig gnuggning p\u00e5 motivet.\" \/>\n<meta property=\"og:url\" content=\"https:\/\/animefigurer.se\/en\/figurer\/studio-ghibli\/studio-ghibli-kikis-delivery-service-mug-300ml\/\" \/>\n<meta property=\"og:site_name\" content=\"Animefigurer.se\" \/>\n<meta property=\"article:publisher\" content=\"https:\/\/www.facebook.com\/profile.php?id=61581826539670\" \/>\n<meta property=\"article:modified_time\" content=\"2025-12-21T18:35:26+00:00\" \/>\n<meta property=\"og:image\" content=\"https:\/\/animefigurer.se\/wp-content\/uploads\/2025\/12\/Animefigurer_logowhite.png\" \/>\n\t<meta property=\"og:image:width\" content=\"1890\" \/>\n\t<meta property=\"og:image:height\" content=\"1417\" \/>\n\t<meta property=\"og:image:type\" content=\"image\/png\" \/>\n<meta name=\"twitter:card\" content=\"summary_large_image\" \/>\n<script type=\"application\/ld+json\" class=\"yoast-schema-graph\">{\"@context\":\"https:\\\/\\\/schema.org\",\"@graph\":[{\"@type\":\"WebPage\",\"@id\":\"https:\\\/\\\/animefigurer.se\\\/en\\\/figurer\\\/studio-ghibli\\\/studio-ghibli-kikis-delivery-service-mug-300ml\\\/\",\"url\":\"https:\\\/\\\/animefigurer.se\\\/en\\\/figurer\\\/studio-ghibli\\\/studio-ghibli-kikis-delivery-service-mug-300ml\\\/\",\"name\":\"Studio Ghibli Kiki's Delivery Service Mug 300ml | Animefigurer.se\",\"isPartOf\":{\"@id\":\"https:\\\/\\\/animefigurer.se\\\/#website\"},\"primaryImageOfPage\":{\"@id\":\"https:\\\/\\\/animefigurer.se\\\/en\\\/figurer\\\/studio-ghibli\\\/studio-ghibli-kikis-delivery-service-mug-300ml\\\/#primaryimage\"},\"image\":{\"@id\":\"https:\\\/\\\/animefigurer.se\\\/en\\\/figurer\\\/studio-ghibli\\\/studio-ghibli-kikis-delivery-service-mug-300ml\\\/#primaryimage\"},\"thumbnailUrl\":\"https:\\\/\\\/animefigurer.se\\\/wp-content\\\/uploads\\\/2025\\\/10\\\/60a79ba64d0d3.jpeg\",\"datePublished\":\"2025-10-21T11:50:53+00:00\",\"dateModified\":\"2025-12-21T18:35:26+00:00\",\"breadcrumb\":{\"@id\":\"https:\\\/\\\/animefigurer.se\\\/en\\\/figurer\\\/studio-ghibli\\\/studio-ghibli-kikis-delivery-service-mug-300ml\\\/#breadcrumb\"},\"inLanguage\":\"en-GB\",\"potentialAction\":[{\"@type\":\"ReadAction\",\"target\":[\"https:\\\/\\\/animefigurer.se\\\/en\\\/figurer\\\/studio-ghibli\\\/studio-ghibli-kikis-delivery-service-mug-300ml\\\/\"]}]},{\"@type\":\"ImageObject\",\"inLanguage\":\"en-GB\",\"@id\":\"https:\\\/\\\/animefigurer.se\\\/en\\\/figurer\\\/studio-ghibli\\\/studio-ghibli-kikis-delivery-service-mug-300ml\\\/#primaryimage\",\"url\":\"https:\\\/\\\/animefigurer.se\\\/wp-content\\\/uploads\\\/2025\\\/10\\\/60a79ba64d0d3.jpeg\",\"contentUrl\":\"https:\\\/\\\/animefigurer.se\\\/wp-content\\\/uploads\\\/2025\\\/10\\\/60a79ba64d0d3.jpeg\",\"width\":750,\"height\":658},{\"@type\":\"BreadcrumbList\",\"@id\":\"https:\\\/\\\/animefigurer.se\\\/en\\\/figurer\\\/studio-ghibli\\\/studio-ghibli-kikis-delivery-service-mug-300ml\\\/#breadcrumb\",\"itemListElement\":[{\"@type\":\"ListItem\",\"position\":1,\"name\":\"Home\",\"item\":\"https:\\\/\\\/animefigurer.se\\\/\"},{\"@type\":\"ListItem\",\"position\":2,\"name\":\"Butik\",\"item\":\"https:\\\/\\\/animefigurer.se\\\/figurer\\\/\"},{\"@type\":\"ListItem\",\"position\":3,\"name\":\"Studio Ghibli Kiki&#8217;s Delivery Service Mug 300ml\"}]},{\"@type\":\"WebSite\",\"@id\":\"https:\\\/\\\/animefigurer.se\\\/#website\",\"url\":\"https:\\\/\\\/animefigurer.se\\\/\",\"name\":\"Animefigurer.se\",\"description\":\"Anime figurer fr\u00e5n \u00f6ver 300 olika anime serier med \u00f6ver 9000 produkter | Anime Shop\",\"publisher\":{\"@id\":\"https:\\\/\\\/animefigurer.se\\\/#organization\"},\"potentialAction\":[{\"@type\":\"SearchAction\",\"target\":{\"@type\":\"EntryPoint\",\"urlTemplate\":\"https:\\\/\\\/animefigurer.se\\\/?s={search_term_string}\"},\"query-input\":{\"@type\":\"PropertyValueSpecification\",\"valueRequired\":true,\"valueName\":\"search_term_string\"}}],\"inLanguage\":\"en-GB\"},{\"@type\":\"Organization\",\"@id\":\"https:\\\/\\\/animefigurer.se\\\/#organization\",\"name\":\"Animefigurer.se\",\"alternateName\":\"Anime figurer | Anime shop\",\"url\":\"https:\\\/\\\/animefigurer.se\\\/\",\"logo\":{\"@type\":\"ImageObject\",\"inLanguage\":\"en-GB\",\"@id\":\"https:\\\/\\\/animefigurer.se\\\/#\\\/schema\\\/logo\\\/image\\\/\",\"url\":\"https:\\\/\\\/animefigurer.se\\\/wp-content\\\/uploads\\\/2025\\\/12\\\/Animefigurer_logowhite.png\",\"contentUrl\":\"https:\\\/\\\/animefigurer.se\\\/wp-content\\\/uploads\\\/2025\\\/12\\\/Animefigurer_logowhite.png\",\"width\":1890,\"height\":1417,\"caption\":\"Animefigurer.se\"},\"image\":{\"@id\":\"https:\\\/\\\/animefigurer.se\\\/#\\\/schema\\\/logo\\\/image\\\/\"},\"sameAs\":[\"https:\\\/\\\/www.facebook.com\\\/profile.php?id=61581826539670\",\"https:\\\/\\\/www.instagram.com\\\/animefigurer.se\\\/\"],\"email\":\"info@animefigurer.se\"}]}<\/script>\n<!-- \/ Yoast SEO Premium plugin. -->","yoast_head_json":{"title":"Studio Ghibli Kiki&#039;s Delivery Service Mug 300ml | Animefigurer.se","robots":{"index":"index","follow":"follow","max-snippet":"max-snippet:-1","max-image-preview":"max-image-preview:large","max-video-preview":"max-video-preview:-1"},"canonical":"https:\/\/animefigurer.se\/en\/figurer\/studio-ghibli\/studio-ghibli-kikis-delivery-service-mug-300ml\/","og_locale":"en_GB","og_type":"article","og_title":"Studio Ghibli Kiki's Delivery Service Mug 300ml","og_description":"Tryckt mugg med motiv fr\u00e5n Kiki's Delivery Service tillverkad av Semic. Rymmer 300 ml och t\u00e5l diskmaskin. F\u00f6r att bevara trycket l\u00e4ngre rekommenderar vi handtv\u00e4tt och att undvika kraftig gnuggning p\u00e5 motivet.","og_url":"https:\/\/animefigurer.se\/en\/figurer\/studio-ghibli\/studio-ghibli-kikis-delivery-service-mug-300ml\/","og_site_name":"Animefigurer.se","article_publisher":"https:\/\/www.facebook.com\/profile.php?id=61581826539670","article_modified_time":"2025-12-21T18:35:26+00:00","og_image":[{"width":1890,"height":1417,"url":"https:\/\/animefigurer.se\/wp-content\/uploads\/2025\/12\/Animefigurer_logowhite.png","type":"image\/png"}],"twitter_card":"summary_large_image","schema":{"@context":"https:\/\/schema.org","@graph":[{"@type":"WebPage","@id":"https:\/\/animefigurer.se\/en\/figurer\/studio-ghibli\/studio-ghibli-kikis-delivery-service-mug-300ml\/","url":"https:\/\/animefigurer.se\/en\/figurer\/studio-ghibli\/studio-ghibli-kikis-delivery-service-mug-300ml\/","name":"Studio Ghibli Kiki&#039;s Delivery Service Mug 300ml | Animefigurer.se","isPartOf":{"@id":"https:\/\/animefigurer.se\/#website"},"primaryImageOfPage":{"@id":"https:\/\/animefigurer.se\/en\/figurer\/studio-ghibli\/studio-ghibli-kikis-delivery-service-mug-300ml\/#primaryimage"},"image":{"@id":"https:\/\/animefigurer.se\/en\/figurer\/studio-ghibli\/studio-ghibli-kikis-delivery-service-mug-300ml\/#primaryimage"},"thumbnailUrl":"https:\/\/animefigurer.se\/wp-content\/uploads\/2025\/10\/60a79ba64d0d3.jpeg","datePublished":"2025-10-21T11:50:53+00:00","dateModified":"2025-12-21T18:35:26+00:00","breadcrumb":{"@id":"https:\/\/animefigurer.se\/en\/figurer\/studio-ghibli\/studio-ghibli-kikis-delivery-service-mug-300ml\/#breadcrumb"},"inLanguage":"en-GB","potentialAction":[{"@type":"ReadAction","target":["https:\/\/animefigurer.se\/en\/figurer\/studio-ghibli\/studio-ghibli-kikis-delivery-service-mug-300ml\/"]}]},{"@type":"ImageObject","inLanguage":"en-GB","@id":"https:\/\/animefigurer.se\/en\/figurer\/studio-ghibli\/studio-ghibli-kikis-delivery-service-mug-300ml\/#primaryimage","url":"https:\/\/animefigurer.se\/wp-content\/uploads\/2025\/10\/60a79ba64d0d3.jpeg","contentUrl":"https:\/\/animefigurer.se\/wp-content\/uploads\/2025\/10\/60a79ba64d0d3.jpeg","width":750,"height":658},{"@type":"BreadcrumbList","@id":"https:\/\/animefigurer.se\/en\/figurer\/studio-ghibli\/studio-ghibli-kikis-delivery-service-mug-300ml\/#breadcrumb","itemListElement":[{"@type":"ListItem","position":1,"name":"Home","item":"https:\/\/animefigurer.se\/"},{"@type":"ListItem","position":2,"name":"Butik","item":"https:\/\/animefigurer.se\/figurer\/"},{"@type":"ListItem","position":3,"name":"Studio Ghibli Kiki&#8217;s Delivery Service Mug 300ml"}]},{"@type":"WebSite","@id":"https:\/\/animefigurer.se\/#website","url":"https:\/\/animefigurer.se\/","name":"Animefigurer.se","description":"Anime figures from over 300 different anime series with over 9000 products | Anime Shop","publisher":{"@id":"https:\/\/animefigurer.se\/#organization"},"potentialAction":[{"@type":"SearchAction","target":{"@type":"EntryPoint","urlTemplate":"https:\/\/animefigurer.se\/?s={search_term_string}"},"query-input":{"@type":"PropertyValueSpecification","valueRequired":true,"valueName":"search_term_string"}}],"inLanguage":"en-GB"},{"@type":"Organization","@id":"https:\/\/animefigurer.se\/#organization","name":"Animefigurer.se","alternateName":"Anime figurer | Anime shop","url":"https:\/\/animefigurer.se\/","logo":{"@type":"ImageObject","inLanguage":"en-GB","@id":"https:\/\/animefigurer.se\/#\/schema\/logo\/image\/","url":"https:\/\/animefigurer.se\/wp-content\/uploads\/2025\/12\/Animefigurer_logowhite.png","contentUrl":"https:\/\/animefigurer.se\/wp-content\/uploads\/2025\/12\/Animefigurer_logowhite.png","width":1890,"height":1417,"caption":"Animefigurer.se"},"image":{"@id":"https:\/\/animefigurer.se\/#\/schema\/logo\/image\/"},"sameAs":["https:\/\/www.facebook.com\/profile.php?id=61581826539670","https:\/\/www.instagram.com\/animefigurer.se\/"],"email":"info@animefigurer.se"}]}},"_links":{"self":[{"href":"https:\/\/animefigurer.se\/en\/wp-json\/wp\/v2\/product\/64659","targetHints":{"allow":["GET"]}}],"collection":[{"href":"https:\/\/animefigurer.se\/en\/wp-json\/wp\/v2\/product"}],"about":[{"href":"https:\/\/animefigurer.se\/en\/wp-json\/wp\/v2\/types\/product"}],"replies":[{"embeddable":true,"href":"https:\/\/animefigurer.se\/en\/wp-json\/wp\/v2\/comments?post=64659"}],"wp:featuredmedia":[{"embeddable":true,"href":"https:\/\/animefigurer.se\/en\/wp-json\/wp\/v2\/media\/64660"}],"wp:attachment":[{"href":"https:\/\/animefigurer.se\/en\/wp-json\/wp\/v2\/media?parent=64659"}],"wp:term":[{"taxonomy":"product_brand","embeddable":true,"href":"https:\/\/animefigurer.se\/en\/wp-json\/wp\/v2\/product_brand?post=64659"},{"taxonomy":"product_cat","embeddable":true,"href":"https:\/\/animefigurer.se\/en\/wp-json\/wp\/v2\/product_cat?post=64659"},{"taxonomy":"product_tag","embeddable":true,"href":"https:\/\/animefigurer.se\/en\/wp-json\/wp\/v2\/product_tag?post=64659"},{"taxonomy":"giftcard-category","embeddable":true,"href":"https:\/\/animefigurer.se\/en\/wp-json\/wp\/v2\/giftcard-category?post=64659"}],"curies":[{"name":"wp","href":"https:\/\/api.w.org\/{rel}","templated":true}]}}