{"id":64313,"date":"2025-10-21T13:46:02","date_gmt":"2025-10-21T11:46:02","guid":{"rendered":"https:\/\/animefigurer.se\/produkt\/street-fighter-2-figgyz-magnet-collectible-ken\/"},"modified":"2025-12-21T19:35:21","modified_gmt":"2025-12-21T18:35:21","slug":"street-fighter-2-figgyz-magnet-collectible-ken","status":"publish","type":"product","link":"https:\/\/animefigurer.se\/en\/figurer\/street-fighter\/street-fighter-2-figgyz-magnet-collectible-ken\/","title":{"rendered":"Street Fighter 2 FiGGYZ Magnet Collectible Ken"},"content":{"rendered":"<p>FiGGYZ is a pixel art-inspired collectible with clever display options for gaming and pop culture fans. The reversible metal backplate provides quick variant display and the compact design makes FiGGYZ easy to place on a shelf or wall.<\/p>\n<p>Features:<\/p>\n<p>\u2013 Magnetic collectible figure with reversible metal backplate<br \/>\n\u2013 Height: 11 cm<br \/>\n\u2013 QR code linking to the FiGGYZ app with fundraising features<br \/>\n\u2013 Stand included for installation<br \/>\n\u2013 Magnetic sticker for mounting on vertical surfaces<\/p>","protected":false},"excerpt":{"rendered":"<p>FiGGYZ is a pixel art-inspired collectible with clever display options for gaming and pop culture fans. The reversible metal backplate provides quick variant display and the compact design makes FiGGYZ easy to place on a shelf or wall.<\/p>\n<p>Features:<\/p>\n<p>\u2013 Magnetic collectible figure with reversible metal base<\/p>","protected":false},"featured_media":64314,"comment_status":"closed","ping_status":"open","template":"","meta":{"_acf_changed":false,"_monsterinsights_skip_tracking":false,"_monsterinsights_sitenote_active":false,"_monsterinsights_sitenote_note":"","_monsterinsights_sitenote_category":0},"product_brand":[6982],"product_cat":[7233,5154],"product_tag":[26],"giftcard-category":[],"class_list":{"0":"post-64313","1":"product","2":"type-product","3":"status-publish","4":"has-post-thumbnail","6":"product_brand-figgyz","7":"product_cat-pre-order","8":"product_cat-street-fighter","9":"product_tag-pre-order","10":"pa_franchise-street-fighter","11":"pa_karaktar-ken","12":"pa_storlek-11-cm","14":"first","15":"instock","16":"taxable","17":"shipping-taxable","18":"purchasable","19":"product-type-simple"},"acf":[],"yoast_head":"<!-- This site is optimized with the Yoast SEO Premium plugin v27.6 (Yoast SEO v27.6) - https:\/\/yoast.com\/product\/yoast-seo-premium-wordpress\/ -->\n<title>Street Fighter 2 FiGGYZ Magnet Collectible Ken | Animefigurer.se<\/title>\n<meta name=\"robots\" content=\"index, follow, max-snippet:-1, max-image-preview:large, max-video-preview:-1\" \/>\n<link rel=\"canonical\" href=\"https:\/\/animefigurer.se\/en\/figurer\/street-fighter\/street-fighter-2-figgyz-magnet-collectible-ken\/\" \/>\n<meta property=\"og:locale\" content=\"en_GB\" \/>\n<meta property=\"og:type\" content=\"article\" \/>\n<meta property=\"og:title\" content=\"Street Fighter 2 FiGGYZ Magnet Collectible Ken\" \/>\n<meta property=\"og:description\" content=\"FiGGYZ \u00e4r ett pixelkonstinspirerat samlarobjekt med smarta displaym\u00f6jligheter f\u00f6r fans av spel och popkultur. Den v\u00e4ndbara metallbakplattan ger en snabb variantvisning och den kompakta designen g\u00f6r FiGGYZ l\u00e4tt att placera p\u00e5 hylla eller v\u00e4gg. Funktioner: - Magnetisk samlarfigur med v\u00e4ndbar metallb\" \/>\n<meta property=\"og:url\" content=\"https:\/\/animefigurer.se\/en\/figurer\/street-fighter\/street-fighter-2-figgyz-magnet-collectible-ken\/\" \/>\n<meta property=\"og:site_name\" content=\"Animefigurer.se\" \/>\n<meta property=\"article:publisher\" content=\"https:\/\/www.facebook.com\/profile.php?id=61581826539670\" \/>\n<meta property=\"article:modified_time\" content=\"2025-12-21T18:35:21+00:00\" \/>\n<meta property=\"og:image\" content=\"https:\/\/animefigurer.se\/wp-content\/uploads\/2025\/12\/Animefigurer_logowhite.png\" \/>\n\t<meta property=\"og:image:width\" content=\"1890\" \/>\n\t<meta property=\"og:image:height\" content=\"1417\" \/>\n\t<meta property=\"og:image:type\" content=\"image\/png\" \/>\n<meta name=\"twitter:card\" content=\"summary_large_image\" \/>\n<script type=\"application\/ld+json\" class=\"yoast-schema-graph\">{\"@context\":\"https:\\\/\\\/schema.org\",\"@graph\":[{\"@type\":\"WebPage\",\"@id\":\"https:\\\/\\\/animefigurer.se\\\/en\\\/figurer\\\/street-fighter\\\/street-fighter-2-figgyz-magnet-collectible-ken\\\/\",\"url\":\"https:\\\/\\\/animefigurer.se\\\/en\\\/figurer\\\/street-fighter\\\/street-fighter-2-figgyz-magnet-collectible-ken\\\/\",\"name\":\"Street Fighter 2 FiGGYZ Magnet Collectible Ken | Animefigurer.se\",\"isPartOf\":{\"@id\":\"https:\\\/\\\/animefigurer.se\\\/#website\"},\"primaryImageOfPage\":{\"@id\":\"https:\\\/\\\/animefigurer.se\\\/en\\\/figurer\\\/street-fighter\\\/street-fighter-2-figgyz-magnet-collectible-ken\\\/#primaryimage\"},\"image\":{\"@id\":\"https:\\\/\\\/animefigurer.se\\\/en\\\/figurer\\\/street-fighter\\\/street-fighter-2-figgyz-magnet-collectible-ken\\\/#primaryimage\"},\"thumbnailUrl\":\"https:\\\/\\\/animefigurer.se\\\/wp-content\\\/uploads\\\/2025\\\/10\\\/68c411fe7f1a8.jpeg\",\"datePublished\":\"2025-10-21T11:46:02+00:00\",\"dateModified\":\"2025-12-21T18:35:21+00:00\",\"breadcrumb\":{\"@id\":\"https:\\\/\\\/animefigurer.se\\\/en\\\/figurer\\\/street-fighter\\\/street-fighter-2-figgyz-magnet-collectible-ken\\\/#breadcrumb\"},\"inLanguage\":\"en-GB\",\"potentialAction\":[{\"@type\":\"ReadAction\",\"target\":[\"https:\\\/\\\/animefigurer.se\\\/en\\\/figurer\\\/street-fighter\\\/street-fighter-2-figgyz-magnet-collectible-ken\\\/\"]}]},{\"@type\":\"ImageObject\",\"inLanguage\":\"en-GB\",\"@id\":\"https:\\\/\\\/animefigurer.se\\\/en\\\/figurer\\\/street-fighter\\\/street-fighter-2-figgyz-magnet-collectible-ken\\\/#primaryimage\",\"url\":\"https:\\\/\\\/animefigurer.se\\\/wp-content\\\/uploads\\\/2025\\\/10\\\/68c411fe7f1a8.jpeg\",\"contentUrl\":\"https:\\\/\\\/animefigurer.se\\\/wp-content\\\/uploads\\\/2025\\\/10\\\/68c411fe7f1a8.jpeg\",\"width\":1000,\"height\":1000},{\"@type\":\"BreadcrumbList\",\"@id\":\"https:\\\/\\\/animefigurer.se\\\/en\\\/figurer\\\/street-fighter\\\/street-fighter-2-figgyz-magnet-collectible-ken\\\/#breadcrumb\",\"itemListElement\":[{\"@type\":\"ListItem\",\"position\":1,\"name\":\"Home\",\"item\":\"https:\\\/\\\/animefigurer.se\\\/\"},{\"@type\":\"ListItem\",\"position\":2,\"name\":\"Butik\",\"item\":\"https:\\\/\\\/animefigurer.se\\\/figurer\\\/\"},{\"@type\":\"ListItem\",\"position\":3,\"name\":\"Street Fighter 2 FiGGYZ Magnet Collectible Ken\"}]},{\"@type\":\"WebSite\",\"@id\":\"https:\\\/\\\/animefigurer.se\\\/#website\",\"url\":\"https:\\\/\\\/animefigurer.se\\\/\",\"name\":\"Animefigurer.se\",\"description\":\"Anime figurer fr\u00e5n \u00f6ver 300 olika anime serier med \u00f6ver 9000 produkter | Anime Shop\",\"publisher\":{\"@id\":\"https:\\\/\\\/animefigurer.se\\\/#organization\"},\"potentialAction\":[{\"@type\":\"SearchAction\",\"target\":{\"@type\":\"EntryPoint\",\"urlTemplate\":\"https:\\\/\\\/animefigurer.se\\\/?s={search_term_string}\"},\"query-input\":{\"@type\":\"PropertyValueSpecification\",\"valueRequired\":true,\"valueName\":\"search_term_string\"}}],\"inLanguage\":\"en-GB\"},{\"@type\":\"Organization\",\"@id\":\"https:\\\/\\\/animefigurer.se\\\/#organization\",\"name\":\"Animefigurer.se\",\"alternateName\":\"Anime figurer | Anime shop\",\"url\":\"https:\\\/\\\/animefigurer.se\\\/\",\"logo\":{\"@type\":\"ImageObject\",\"inLanguage\":\"en-GB\",\"@id\":\"https:\\\/\\\/animefigurer.se\\\/#\\\/schema\\\/logo\\\/image\\\/\",\"url\":\"https:\\\/\\\/animefigurer.se\\\/wp-content\\\/uploads\\\/2025\\\/12\\\/Animefigurer_logowhite.png\",\"contentUrl\":\"https:\\\/\\\/animefigurer.se\\\/wp-content\\\/uploads\\\/2025\\\/12\\\/Animefigurer_logowhite.png\",\"width\":1890,\"height\":1417,\"caption\":\"Animefigurer.se\"},\"image\":{\"@id\":\"https:\\\/\\\/animefigurer.se\\\/#\\\/schema\\\/logo\\\/image\\\/\"},\"sameAs\":[\"https:\\\/\\\/www.facebook.com\\\/profile.php?id=61581826539670\",\"https:\\\/\\\/www.instagram.com\\\/animefigurer.se\\\/\"],\"email\":\"info@animefigurer.se\"}]}<\/script>\n<!-- \/ Yoast SEO Premium plugin. -->","yoast_head_json":{"title":"Street Fighter 2 FiGGYZ Magnet Collectible Ken | Animefigurer.se","robots":{"index":"index","follow":"follow","max-snippet":"max-snippet:-1","max-image-preview":"max-image-preview:large","max-video-preview":"max-video-preview:-1"},"canonical":"https:\/\/animefigurer.se\/en\/figurer\/street-fighter\/street-fighter-2-figgyz-magnet-collectible-ken\/","og_locale":"en_GB","og_type":"article","og_title":"Street Fighter 2 FiGGYZ Magnet Collectible Ken","og_description":"FiGGYZ \u00e4r ett pixelkonstinspirerat samlarobjekt med smarta displaym\u00f6jligheter f\u00f6r fans av spel och popkultur. Den v\u00e4ndbara metallbakplattan ger en snabb variantvisning och den kompakta designen g\u00f6r FiGGYZ l\u00e4tt att placera p\u00e5 hylla eller v\u00e4gg. Funktioner: - Magnetisk samlarfigur med v\u00e4ndbar metallb","og_url":"https:\/\/animefigurer.se\/en\/figurer\/street-fighter\/street-fighter-2-figgyz-magnet-collectible-ken\/","og_site_name":"Animefigurer.se","article_publisher":"https:\/\/www.facebook.com\/profile.php?id=61581826539670","article_modified_time":"2025-12-21T18:35:21+00:00","og_image":[{"width":1890,"height":1417,"url":"https:\/\/animefigurer.se\/wp-content\/uploads\/2025\/12\/Animefigurer_logowhite.png","type":"image\/png"}],"twitter_card":"summary_large_image","schema":{"@context":"https:\/\/schema.org","@graph":[{"@type":"WebPage","@id":"https:\/\/animefigurer.se\/en\/figurer\/street-fighter\/street-fighter-2-figgyz-magnet-collectible-ken\/","url":"https:\/\/animefigurer.se\/en\/figurer\/street-fighter\/street-fighter-2-figgyz-magnet-collectible-ken\/","name":"Street Fighter 2 FiGGYZ Magnet Collectible Ken | Animefigurer.se","isPartOf":{"@id":"https:\/\/animefigurer.se\/#website"},"primaryImageOfPage":{"@id":"https:\/\/animefigurer.se\/en\/figurer\/street-fighter\/street-fighter-2-figgyz-magnet-collectible-ken\/#primaryimage"},"image":{"@id":"https:\/\/animefigurer.se\/en\/figurer\/street-fighter\/street-fighter-2-figgyz-magnet-collectible-ken\/#primaryimage"},"thumbnailUrl":"https:\/\/animefigurer.se\/wp-content\/uploads\/2025\/10\/68c411fe7f1a8.jpeg","datePublished":"2025-10-21T11:46:02+00:00","dateModified":"2025-12-21T18:35:21+00:00","breadcrumb":{"@id":"https:\/\/animefigurer.se\/en\/figurer\/street-fighter\/street-fighter-2-figgyz-magnet-collectible-ken\/#breadcrumb"},"inLanguage":"en-GB","potentialAction":[{"@type":"ReadAction","target":["https:\/\/animefigurer.se\/en\/figurer\/street-fighter\/street-fighter-2-figgyz-magnet-collectible-ken\/"]}]},{"@type":"ImageObject","inLanguage":"en-GB","@id":"https:\/\/animefigurer.se\/en\/figurer\/street-fighter\/street-fighter-2-figgyz-magnet-collectible-ken\/#primaryimage","url":"https:\/\/animefigurer.se\/wp-content\/uploads\/2025\/10\/68c411fe7f1a8.jpeg","contentUrl":"https:\/\/animefigurer.se\/wp-content\/uploads\/2025\/10\/68c411fe7f1a8.jpeg","width":1000,"height":1000},{"@type":"BreadcrumbList","@id":"https:\/\/animefigurer.se\/en\/figurer\/street-fighter\/street-fighter-2-figgyz-magnet-collectible-ken\/#breadcrumb","itemListElement":[{"@type":"ListItem","position":1,"name":"Home","item":"https:\/\/animefigurer.se\/"},{"@type":"ListItem","position":2,"name":"Butik","item":"https:\/\/animefigurer.se\/figurer\/"},{"@type":"ListItem","position":3,"name":"Street Fighter 2 FiGGYZ Magnet Collectible Ken"}]},{"@type":"WebSite","@id":"https:\/\/animefigurer.se\/#website","url":"https:\/\/animefigurer.se\/","name":"Animefigurer.se","description":"Anime figures from over 300 different anime series with over 9000 products | Anime Shop","publisher":{"@id":"https:\/\/animefigurer.se\/#organization"},"potentialAction":[{"@type":"SearchAction","target":{"@type":"EntryPoint","urlTemplate":"https:\/\/animefigurer.se\/?s={search_term_string}"},"query-input":{"@type":"PropertyValueSpecification","valueRequired":true,"valueName":"search_term_string"}}],"inLanguage":"en-GB"},{"@type":"Organization","@id":"https:\/\/animefigurer.se\/#organization","name":"Animefigurer.se","alternateName":"Anime figurer | Anime shop","url":"https:\/\/animefigurer.se\/","logo":{"@type":"ImageObject","inLanguage":"en-GB","@id":"https:\/\/animefigurer.se\/#\/schema\/logo\/image\/","url":"https:\/\/animefigurer.se\/wp-content\/uploads\/2025\/12\/Animefigurer_logowhite.png","contentUrl":"https:\/\/animefigurer.se\/wp-content\/uploads\/2025\/12\/Animefigurer_logowhite.png","width":1890,"height":1417,"caption":"Animefigurer.se"},"image":{"@id":"https:\/\/animefigurer.se\/#\/schema\/logo\/image\/"},"sameAs":["https:\/\/www.facebook.com\/profile.php?id=61581826539670","https:\/\/www.instagram.com\/animefigurer.se\/"],"email":"info@animefigurer.se"}]}},"_links":{"self":[{"href":"https:\/\/animefigurer.se\/en\/wp-json\/wp\/v2\/product\/64313","targetHints":{"allow":["GET"]}}],"collection":[{"href":"https:\/\/animefigurer.se\/en\/wp-json\/wp\/v2\/product"}],"about":[{"href":"https:\/\/animefigurer.se\/en\/wp-json\/wp\/v2\/types\/product"}],"replies":[{"embeddable":true,"href":"https:\/\/animefigurer.se\/en\/wp-json\/wp\/v2\/comments?post=64313"}],"wp:featuredmedia":[{"embeddable":true,"href":"https:\/\/animefigurer.se\/en\/wp-json\/wp\/v2\/media\/64314"}],"wp:attachment":[{"href":"https:\/\/animefigurer.se\/en\/wp-json\/wp\/v2\/media?parent=64313"}],"wp:term":[{"taxonomy":"product_brand","embeddable":true,"href":"https:\/\/animefigurer.se\/en\/wp-json\/wp\/v2\/product_brand?post=64313"},{"taxonomy":"product_cat","embeddable":true,"href":"https:\/\/animefigurer.se\/en\/wp-json\/wp\/v2\/product_cat?post=64313"},{"taxonomy":"product_tag","embeddable":true,"href":"https:\/\/animefigurer.se\/en\/wp-json\/wp\/v2\/product_tag?post=64313"},{"taxonomy":"giftcard-category","embeddable":true,"href":"https:\/\/animefigurer.se\/en\/wp-json\/wp\/v2\/giftcard-category?post=64313"}],"curies":[{"name":"wp","href":"https:\/\/api.w.org\/{rel}","templated":true}]}}