{"id":64307,"date":"2025-10-21T13:46:02","date_gmt":"2025-10-21T11:46:02","guid":{"rendered":"https:\/\/animefigurer.se\/produkt\/street-fighter-2-figgyz-magnet-collectible-chun-li\/"},"modified":"2025-12-21T19:35:20","modified_gmt":"2025-12-21T18:35:20","slug":"street-fighter-2-figgyz-magnet-collectible-chun-li","status":"publish","type":"product","link":"https:\/\/animefigurer.se\/en\/figurer\/street-fighter\/street-fighter-2-figgyz-magnet-collectible-chun-li\/","title":{"rendered":"Street Fighter 2 FiGGYZ Magnet Collectible Chun Li"},"content":{"rendered":"<p>A collector&#039;s item for fans of gaming, anime and pop culture, FiGGYZ features iconic pixel art design and clever display options. Each FiGGYZ features a reversible metal backplate that lets you change the look on the fly, and the vibrant pixel art fits perfectly on shelves, desks or walls.<\/p>\n<p>Features:<\/p>\n<p>\u2013 Magnetic collectible figure with reversible metal backplate<br \/>\n\u2013 Height: 11 cm<br \/>\n\u2013 Includes QR code for the FiGGYZ app with fundraising tracking, rewards and achievements<br \/>\n\u2013 Comes with dedicated stand for shelf or desk<br \/>\n\u2013 Includes magnetic sticker for attaching to vertical surfaces such as refrigerators or filing cabinets<\/p>","protected":false},"excerpt":{"rendered":"<p>A collector&#039;s item for fans of gaming, anime and pop culture, FiGGYZ features iconic pixel art design and clever display options. Each FiGGYZ features a reversible metal backplate that lets you change the look on the fly, and the vibrant pixel art fits perfectly on shelves, desks or walls.<\/p>\n<p>Features:<\/p>","protected":false},"featured_media":64308,"comment_status":"closed","ping_status":"open","template":"","meta":{"_acf_changed":false,"_monsterinsights_skip_tracking":false,"_monsterinsights_sitenote_active":false,"_monsterinsights_sitenote_note":"","_monsterinsights_sitenote_category":0},"product_brand":[6982],"product_cat":[7233,5154],"product_tag":[26],"giftcard-category":[],"class_list":{"0":"post-64307","1":"product","2":"type-product","3":"status-publish","4":"has-post-thumbnail","6":"product_brand-figgyz","7":"product_cat-pre-order","8":"product_cat-street-fighter","9":"product_tag-pre-order","10":"pa_franchise-street-fighter","11":"pa_karaktar-chun-li","12":"pa_storlek-11-cm","14":"first","15":"instock","16":"taxable","17":"shipping-taxable","18":"purchasable","19":"product-type-simple"},"acf":[],"yoast_head":"<!-- This site is optimized with the Yoast SEO Premium plugin v27.6 (Yoast SEO v27.6) - https:\/\/yoast.com\/product\/yoast-seo-premium-wordpress\/ -->\n<title>Street Fighter 2 FiGGYZ Magnet Collectible Chun Li | Animefigurer.se<\/title>\n<meta name=\"robots\" content=\"index, follow, max-snippet:-1, max-image-preview:large, max-video-preview:-1\" \/>\n<link rel=\"canonical\" href=\"https:\/\/animefigurer.se\/en\/figurer\/street-fighter\/street-fighter-2-figgyz-magnet-collectible-chun-li\/\" \/>\n<meta property=\"og:locale\" content=\"en_GB\" \/>\n<meta property=\"og:type\" content=\"article\" \/>\n<meta property=\"og:title\" content=\"Street Fighter 2 FiGGYZ Magnet Collectible Chun Li\" \/>\n<meta property=\"og:description\" content=\"FiGGYZ \u00e4r ett samlarobjekt f\u00f6r fans av spel, anime och popkultur med ikonisk pixelkonstdesign och smarta visningsalternativ. Varje FiGGYZ har en v\u00e4ndbar metallbakplatta som l\u00e5ter dig \u00e4ndra utseende snabbt, och den livfulla pixelkonsten passar perfekt p\u00e5 hyllor, skrivbord eller v\u00e4ggar. Funktioner:\" \/>\n<meta property=\"og:url\" content=\"https:\/\/animefigurer.se\/en\/figurer\/street-fighter\/street-fighter-2-figgyz-magnet-collectible-chun-li\/\" \/>\n<meta property=\"og:site_name\" content=\"Animefigurer.se\" \/>\n<meta property=\"article:publisher\" content=\"https:\/\/www.facebook.com\/profile.php?id=61581826539670\" \/>\n<meta property=\"article:modified_time\" content=\"2025-12-21T18:35:20+00:00\" \/>\n<meta property=\"og:image\" content=\"https:\/\/animefigurer.se\/wp-content\/uploads\/2025\/12\/Animefigurer_logowhite.png\" \/>\n\t<meta property=\"og:image:width\" content=\"1890\" \/>\n\t<meta property=\"og:image:height\" content=\"1417\" \/>\n\t<meta property=\"og:image:type\" content=\"image\/png\" \/>\n<meta name=\"twitter:card\" content=\"summary_large_image\" \/>\n<script type=\"application\/ld+json\" class=\"yoast-schema-graph\">{\"@context\":\"https:\\\/\\\/schema.org\",\"@graph\":[{\"@type\":\"WebPage\",\"@id\":\"https:\\\/\\\/animefigurer.se\\\/figurer\\\/street-fighter\\\/street-fighter-2-figgyz-magnet-collectible-chun-li\\\/\",\"url\":\"https:\\\/\\\/animefigurer.se\\\/figurer\\\/street-fighter\\\/street-fighter-2-figgyz-magnet-collectible-chun-li\\\/\",\"name\":\"Street Fighter 2 FiGGYZ Magnet Collectible Chun Li | Animefigurer.se\",\"isPartOf\":{\"@id\":\"https:\\\/\\\/animefigurer.se\\\/#website\"},\"primaryImageOfPage\":{\"@id\":\"https:\\\/\\\/animefigurer.se\\\/figurer\\\/street-fighter\\\/street-fighter-2-figgyz-magnet-collectible-chun-li\\\/#primaryimage\"},\"image\":{\"@id\":\"https:\\\/\\\/animefigurer.se\\\/figurer\\\/street-fighter\\\/street-fighter-2-figgyz-magnet-collectible-chun-li\\\/#primaryimage\"},\"thumbnailUrl\":\"https:\\\/\\\/animefigurer.se\\\/wp-content\\\/uploads\\\/2025\\\/10\\\/68c4118ec4e60.jpeg\",\"datePublished\":\"2025-10-21T11:46:02+00:00\",\"dateModified\":\"2025-12-21T18:35:20+00:00\",\"breadcrumb\":{\"@id\":\"https:\\\/\\\/animefigurer.se\\\/figurer\\\/street-fighter\\\/street-fighter-2-figgyz-magnet-collectible-chun-li\\\/#breadcrumb\"},\"inLanguage\":\"en-GB\",\"potentialAction\":[{\"@type\":\"ReadAction\",\"target\":[\"https:\\\/\\\/animefigurer.se\\\/figurer\\\/street-fighter\\\/street-fighter-2-figgyz-magnet-collectible-chun-li\\\/\"]}]},{\"@type\":\"ImageObject\",\"inLanguage\":\"en-GB\",\"@id\":\"https:\\\/\\\/animefigurer.se\\\/figurer\\\/street-fighter\\\/street-fighter-2-figgyz-magnet-collectible-chun-li\\\/#primaryimage\",\"url\":\"https:\\\/\\\/animefigurer.se\\\/wp-content\\\/uploads\\\/2025\\\/10\\\/68c4118ec4e60.jpeg\",\"contentUrl\":\"https:\\\/\\\/animefigurer.se\\\/wp-content\\\/uploads\\\/2025\\\/10\\\/68c4118ec4e60.jpeg\",\"width\":1000,\"height\":1000},{\"@type\":\"BreadcrumbList\",\"@id\":\"https:\\\/\\\/animefigurer.se\\\/figurer\\\/street-fighter\\\/street-fighter-2-figgyz-magnet-collectible-chun-li\\\/#breadcrumb\",\"itemListElement\":[{\"@type\":\"ListItem\",\"position\":1,\"name\":\"Home\",\"item\":\"https:\\\/\\\/animefigurer.se\\\/\"},{\"@type\":\"ListItem\",\"position\":2,\"name\":\"Butik\",\"item\":\"https:\\\/\\\/animefigurer.se\\\/figurer\\\/\"},{\"@type\":\"ListItem\",\"position\":3,\"name\":\"Street Fighter 2 FiGGYZ Magnet Collectible Chun Li\"}]},{\"@type\":\"WebSite\",\"@id\":\"https:\\\/\\\/animefigurer.se\\\/#website\",\"url\":\"https:\\\/\\\/animefigurer.se\\\/\",\"name\":\"Animefigurer.se\",\"description\":\"Anime figurer fr\u00e5n \u00f6ver 300 olika anime serier med \u00f6ver 9000 produkter | Anime Shop\",\"publisher\":{\"@id\":\"https:\\\/\\\/animefigurer.se\\\/#organization\"},\"potentialAction\":[{\"@type\":\"SearchAction\",\"target\":{\"@type\":\"EntryPoint\",\"urlTemplate\":\"https:\\\/\\\/animefigurer.se\\\/?s={search_term_string}\"},\"query-input\":{\"@type\":\"PropertyValueSpecification\",\"valueRequired\":true,\"valueName\":\"search_term_string\"}}],\"inLanguage\":\"en-GB\"},{\"@type\":\"Organization\",\"@id\":\"https:\\\/\\\/animefigurer.se\\\/#organization\",\"name\":\"Animefigurer.se\",\"alternateName\":\"Anime figurer | Anime shop\",\"url\":\"https:\\\/\\\/animefigurer.se\\\/\",\"logo\":{\"@type\":\"ImageObject\",\"inLanguage\":\"en-GB\",\"@id\":\"https:\\\/\\\/animefigurer.se\\\/#\\\/schema\\\/logo\\\/image\\\/\",\"url\":\"https:\\\/\\\/animefigurer.se\\\/wp-content\\\/uploads\\\/2025\\\/12\\\/Animefigurer_logowhite.png\",\"contentUrl\":\"https:\\\/\\\/animefigurer.se\\\/wp-content\\\/uploads\\\/2025\\\/12\\\/Animefigurer_logowhite.png\",\"width\":1890,\"height\":1417,\"caption\":\"Animefigurer.se\"},\"image\":{\"@id\":\"https:\\\/\\\/animefigurer.se\\\/#\\\/schema\\\/logo\\\/image\\\/\"},\"sameAs\":[\"https:\\\/\\\/www.facebook.com\\\/profile.php?id=61581826539670\",\"https:\\\/\\\/www.instagram.com\\\/animefigurer.se\\\/\"],\"email\":\"info@animefigurer.se\"}]}<\/script>\n<!-- \/ Yoast SEO Premium plugin. -->","yoast_head_json":{"title":"Street Fighter 2 FiGGYZ Magnet Collectible Chun Li | Animefigurer.se","robots":{"index":"index","follow":"follow","max-snippet":"max-snippet:-1","max-image-preview":"max-image-preview:large","max-video-preview":"max-video-preview:-1"},"canonical":"https:\/\/animefigurer.se\/en\/figurer\/street-fighter\/street-fighter-2-figgyz-magnet-collectible-chun-li\/","og_locale":"en_GB","og_type":"article","og_title":"Street Fighter 2 FiGGYZ Magnet Collectible Chun Li","og_description":"FiGGYZ \u00e4r ett samlarobjekt f\u00f6r fans av spel, anime och popkultur med ikonisk pixelkonstdesign och smarta visningsalternativ. Varje FiGGYZ har en v\u00e4ndbar metallbakplatta som l\u00e5ter dig \u00e4ndra utseende snabbt, och den livfulla pixelkonsten passar perfekt p\u00e5 hyllor, skrivbord eller v\u00e4ggar. Funktioner:","og_url":"https:\/\/animefigurer.se\/en\/figurer\/street-fighter\/street-fighter-2-figgyz-magnet-collectible-chun-li\/","og_site_name":"Animefigurer.se","article_publisher":"https:\/\/www.facebook.com\/profile.php?id=61581826539670","article_modified_time":"2025-12-21T18:35:20+00:00","og_image":[{"width":1890,"height":1417,"url":"https:\/\/animefigurer.se\/wp-content\/uploads\/2025\/12\/Animefigurer_logowhite.png","type":"image\/png"}],"twitter_card":"summary_large_image","schema":{"@context":"https:\/\/schema.org","@graph":[{"@type":"WebPage","@id":"https:\/\/animefigurer.se\/figurer\/street-fighter\/street-fighter-2-figgyz-magnet-collectible-chun-li\/","url":"https:\/\/animefigurer.se\/figurer\/street-fighter\/street-fighter-2-figgyz-magnet-collectible-chun-li\/","name":"Street Fighter 2 FiGGYZ Magnet Collectible Chun Li | Animefigurer.se","isPartOf":{"@id":"https:\/\/animefigurer.se\/#website"},"primaryImageOfPage":{"@id":"https:\/\/animefigurer.se\/figurer\/street-fighter\/street-fighter-2-figgyz-magnet-collectible-chun-li\/#primaryimage"},"image":{"@id":"https:\/\/animefigurer.se\/figurer\/street-fighter\/street-fighter-2-figgyz-magnet-collectible-chun-li\/#primaryimage"},"thumbnailUrl":"https:\/\/animefigurer.se\/wp-content\/uploads\/2025\/10\/68c4118ec4e60.jpeg","datePublished":"2025-10-21T11:46:02+00:00","dateModified":"2025-12-21T18:35:20+00:00","breadcrumb":{"@id":"https:\/\/animefigurer.se\/figurer\/street-fighter\/street-fighter-2-figgyz-magnet-collectible-chun-li\/#breadcrumb"},"inLanguage":"en-GB","potentialAction":[{"@type":"ReadAction","target":["https:\/\/animefigurer.se\/figurer\/street-fighter\/street-fighter-2-figgyz-magnet-collectible-chun-li\/"]}]},{"@type":"ImageObject","inLanguage":"en-GB","@id":"https:\/\/animefigurer.se\/figurer\/street-fighter\/street-fighter-2-figgyz-magnet-collectible-chun-li\/#primaryimage","url":"https:\/\/animefigurer.se\/wp-content\/uploads\/2025\/10\/68c4118ec4e60.jpeg","contentUrl":"https:\/\/animefigurer.se\/wp-content\/uploads\/2025\/10\/68c4118ec4e60.jpeg","width":1000,"height":1000},{"@type":"BreadcrumbList","@id":"https:\/\/animefigurer.se\/figurer\/street-fighter\/street-fighter-2-figgyz-magnet-collectible-chun-li\/#breadcrumb","itemListElement":[{"@type":"ListItem","position":1,"name":"Home","item":"https:\/\/animefigurer.se\/"},{"@type":"ListItem","position":2,"name":"Butik","item":"https:\/\/animefigurer.se\/figurer\/"},{"@type":"ListItem","position":3,"name":"Street Fighter 2 FiGGYZ Magnet Collectible Chun Li"}]},{"@type":"WebSite","@id":"https:\/\/animefigurer.se\/#website","url":"https:\/\/animefigurer.se\/","name":"Animefigurer.se","description":"Anime figures from over 300 different anime series with over 9000 products | Anime Shop","publisher":{"@id":"https:\/\/animefigurer.se\/#organization"},"potentialAction":[{"@type":"SearchAction","target":{"@type":"EntryPoint","urlTemplate":"https:\/\/animefigurer.se\/?s={search_term_string}"},"query-input":{"@type":"PropertyValueSpecification","valueRequired":true,"valueName":"search_term_string"}}],"inLanguage":"en-GB"},{"@type":"Organization","@id":"https:\/\/animefigurer.se\/#organization","name":"Animefigurer.se","alternateName":"Anime figurer | Anime shop","url":"https:\/\/animefigurer.se\/","logo":{"@type":"ImageObject","inLanguage":"en-GB","@id":"https:\/\/animefigurer.se\/#\/schema\/logo\/image\/","url":"https:\/\/animefigurer.se\/wp-content\/uploads\/2025\/12\/Animefigurer_logowhite.png","contentUrl":"https:\/\/animefigurer.se\/wp-content\/uploads\/2025\/12\/Animefigurer_logowhite.png","width":1890,"height":1417,"caption":"Animefigurer.se"},"image":{"@id":"https:\/\/animefigurer.se\/#\/schema\/logo\/image\/"},"sameAs":["https:\/\/www.facebook.com\/profile.php?id=61581826539670","https:\/\/www.instagram.com\/animefigurer.se\/"],"email":"info@animefigurer.se"}]}},"_links":{"self":[{"href":"https:\/\/animefigurer.se\/en\/wp-json\/wp\/v2\/product\/64307","targetHints":{"allow":["GET"]}}],"collection":[{"href":"https:\/\/animefigurer.se\/en\/wp-json\/wp\/v2\/product"}],"about":[{"href":"https:\/\/animefigurer.se\/en\/wp-json\/wp\/v2\/types\/product"}],"replies":[{"embeddable":true,"href":"https:\/\/animefigurer.se\/en\/wp-json\/wp\/v2\/comments?post=64307"}],"wp:featuredmedia":[{"embeddable":true,"href":"https:\/\/animefigurer.se\/en\/wp-json\/wp\/v2\/media\/64308"}],"wp:attachment":[{"href":"https:\/\/animefigurer.se\/en\/wp-json\/wp\/v2\/media?parent=64307"}],"wp:term":[{"taxonomy":"product_brand","embeddable":true,"href":"https:\/\/animefigurer.se\/en\/wp-json\/wp\/v2\/product_brand?post=64307"},{"taxonomy":"product_cat","embeddable":true,"href":"https:\/\/animefigurer.se\/en\/wp-json\/wp\/v2\/product_cat?post=64307"},{"taxonomy":"product_tag","embeddable":true,"href":"https:\/\/animefigurer.se\/en\/wp-json\/wp\/v2\/product_tag?post=64307"},{"taxonomy":"giftcard-category","embeddable":true,"href":"https:\/\/animefigurer.se\/en\/wp-json\/wp\/v2\/giftcard-category?post=64307"}],"curies":[{"name":"wp","href":"https:\/\/api.w.org\/{rel}","templated":true}]}}