{"id":63781,"date":"2025-10-21T13:38:28","date_gmt":"2025-10-21T11:38:28","guid":{"rendered":"https:\/\/animefigurer.se\/produkt\/star-wars-attack-of-the-clones-mms808-obi-wan-kenobi-1-6th-scale-collectible-figure\/"},"modified":"2025-12-21T19:35:15","modified_gmt":"2025-12-21T18:35:15","slug":"star-wars-attack-of-the-clones-mms808-obi-wan-kenobi-1-6th-scale-collectible-figure","status":"publish","type":"product","link":"https:\/\/animefigurer.se\/en\/figurer\/star-wars\/star-wars-attack-of-the-clones-mms808-obi-wan-kenobi-1-6th-scale-collectible-figure\/","title":{"rendered":"Star Wars: Attack of the Clones MMS808 Obi-Wan Kenobi 1\/6th Scale Collectible Figure"},"content":{"rendered":"<p>In Attack of the Clones, Obi-Wan Kenobi is a mentor to Anakin Skywalker, a sharp investigator, and a fearless defender of the galaxy. From discovering the clone army on Kamino to clashes with Jango Fett and Count Dooku, Obi-Wan demonstrates the strength and wisdom of the Jedi Order.<\/p>\n<p>Hot Toys presents the Obi-Wan Kenobi Sixth Scale Collectible Figure, inspired by Ewan McGregor&#039;s portrayal in Star Wars: Episode II - Attack of the Clones. The figure is meticulously crafted with a head sculpt that captures McGregor&#039;s likeness, complete with a rolling eyeball mechanism and detailed hair sculpt. Obi-Wan is dressed in fine, tailored Jedi robes and comes with a wide selection of accessories and weapons, including lightsabers, lightsaber effect accessories, a courier droid, a communicator and a figure stand.<\/p>\n<p>An impressive wealth of detail makes this figure a must-have for Star Wars collectors.<\/p>","protected":false},"excerpt":{"rendered":"<p>In Attack of the Clones, Obi-Wan Kenobi is a mentor to Anakin Skywalker, a sharp investigator, and a fearless defender of the galaxy. From discovering the clone army on Kamino to clashes with Jango Fett and Count Dooku, Obi-Wan demonstrates the strength and wisdom of the Jedi Order.<\/p>\n<p>Hot Toys presents Obi-Wan Kenobi Sixth Scale<\/p>","protected":false},"featured_media":63782,"comment_status":"closed","ping_status":"open","template":"","meta":{"_acf_changed":false,"_monsterinsights_skip_tracking":false,"_monsterinsights_sitenote_active":false,"_monsterinsights_sitenote_note":"","_monsterinsights_sitenote_category":0},"product_brand":[7024],"product_cat":[7233,5098],"product_tag":[26],"giftcard-category":[],"class_list":{"0":"post-63781","1":"product","2":"type-product","3":"status-publish","4":"has-post-thumbnail","6":"product_brand-hot-toys","7":"product_cat-pre-order","8":"product_cat-star-wars","9":"product_tag-pre-order","10":"pa_franchise-star-wars-attack-of-the-clones","11":"pa_karaktar-obi-wan-kenobi","12":"pa_material-plastic-and-fabric","13":"pa_skala-57","14":"pa_storlek-31-cm","16":"first","17":"instock","18":"taxable","19":"shipping-taxable","20":"purchasable","21":"product-type-simple"},"acf":[],"yoast_head":"<!-- This site is optimized with the Yoast SEO Premium plugin v24.6 (Yoast SEO v27.4) - https:\/\/yoast.com\/product\/yoast-seo-premium-wordpress\/ -->\n<title>Star Wars: Attack of the Clones MMS808 Obi-Wan Kenobi 1\/6th Scale Collectible Figure | Animefigurer.se<\/title>\n<meta name=\"robots\" content=\"index, follow, max-snippet:-1, max-image-preview:large, max-video-preview:-1\" \/>\n<link rel=\"canonical\" href=\"https:\/\/animefigurer.se\/en\/figurer\/star-wars\/star-wars-attack-of-the-clones-mms808-obi-wan-kenobi-1-6th-scale-collectible-figure\/\" \/>\n<meta property=\"og:locale\" content=\"en_GB\" \/>\n<meta property=\"og:type\" content=\"article\" \/>\n<meta property=\"og:title\" content=\"Star Wars: Attack of the Clones MMS808 Obi-Wan Kenobi 1\/6th Scale Collectible Figure\" \/>\n<meta property=\"og:description\" content=\"I Attack of the Clones \u00e4r Obi-Wan Kenobi mentor \u00e5t Anakin Skywalker, en skarp utredare och en or\u00e4dd f\u00f6rsvarare av galaxen. Fr\u00e5n uppt\u00e4ckten av klonarm\u00e9n p\u00e5 Kamino till drabbningar mot Jango Fett och greve Dooku visar Obi-Wan Jedi-ordens styrka och visdom. Hot Toys presenterar Obi-Wan Kenobi Sixth Sc\" \/>\n<meta property=\"og:url\" content=\"https:\/\/animefigurer.se\/en\/figurer\/star-wars\/star-wars-attack-of-the-clones-mms808-obi-wan-kenobi-1-6th-scale-collectible-figure\/\" \/>\n<meta property=\"og:site_name\" content=\"Animefigurer.se\" \/>\n<meta property=\"article:publisher\" content=\"https:\/\/www.facebook.com\/profile.php?id=61581826539670\" \/>\n<meta property=\"article:modified_time\" content=\"2025-12-21T18:35:15+00:00\" \/>\n<meta property=\"og:image\" content=\"https:\/\/animefigurer.se\/wp-content\/uploads\/2025\/12\/Animefigurer_logowhite.png\" \/>\n\t<meta property=\"og:image:width\" content=\"1890\" \/>\n\t<meta property=\"og:image:height\" content=\"1417\" \/>\n\t<meta property=\"og:image:type\" content=\"image\/png\" \/>\n<meta name=\"twitter:card\" content=\"summary_large_image\" \/>\n<meta name=\"twitter:label1\" content=\"Estimated reading time\" \/>\n\t<meta name=\"twitter:data1\" content=\"1 minute\" \/>\n<script type=\"application\/ld+json\" class=\"yoast-schema-graph\">{\"@context\":\"https:\\\/\\\/schema.org\",\"@graph\":[{\"@type\":\"WebPage\",\"@id\":\"https:\\\/\\\/animefigurer.se\\\/en\\\/figurer\\\/star-wars\\\/star-wars-attack-of-the-clones-mms808-obi-wan-kenobi-1-6th-scale-collectible-figure\\\/\",\"url\":\"https:\\\/\\\/animefigurer.se\\\/en\\\/figurer\\\/star-wars\\\/star-wars-attack-of-the-clones-mms808-obi-wan-kenobi-1-6th-scale-collectible-figure\\\/\",\"name\":\"Star Wars: Attack of the Clones MMS808 Obi-Wan Kenobi 1\\\/6th Scale Collectible Figure | Animefigurer.se\",\"isPartOf\":{\"@id\":\"https:\\\/\\\/animefigurer.se\\\/#website\"},\"primaryImageOfPage\":{\"@id\":\"https:\\\/\\\/animefigurer.se\\\/en\\\/figurer\\\/star-wars\\\/star-wars-attack-of-the-clones-mms808-obi-wan-kenobi-1-6th-scale-collectible-figure\\\/#primaryimage\"},\"image\":{\"@id\":\"https:\\\/\\\/animefigurer.se\\\/en\\\/figurer\\\/star-wars\\\/star-wars-attack-of-the-clones-mms808-obi-wan-kenobi-1-6th-scale-collectible-figure\\\/#primaryimage\"},\"thumbnailUrl\":\"https:\\\/\\\/animefigurer.se\\\/wp-content\\\/uploads\\\/2025\\\/10\\\/682b2eb33e62c.jpeg\",\"datePublished\":\"2025-10-21T11:38:28+00:00\",\"dateModified\":\"2025-12-21T18:35:15+00:00\",\"breadcrumb\":{\"@id\":\"https:\\\/\\\/animefigurer.se\\\/en\\\/figurer\\\/star-wars\\\/star-wars-attack-of-the-clones-mms808-obi-wan-kenobi-1-6th-scale-collectible-figure\\\/#breadcrumb\"},\"inLanguage\":\"en-GB\",\"potentialAction\":[{\"@type\":\"ReadAction\",\"target\":[\"https:\\\/\\\/animefigurer.se\\\/en\\\/figurer\\\/star-wars\\\/star-wars-attack-of-the-clones-mms808-obi-wan-kenobi-1-6th-scale-collectible-figure\\\/\"]}]},{\"@type\":\"ImageObject\",\"inLanguage\":\"en-GB\",\"@id\":\"https:\\\/\\\/animefigurer.se\\\/en\\\/figurer\\\/star-wars\\\/star-wars-attack-of-the-clones-mms808-obi-wan-kenobi-1-6th-scale-collectible-figure\\\/#primaryimage\",\"url\":\"https:\\\/\\\/animefigurer.se\\\/wp-content\\\/uploads\\\/2025\\\/10\\\/682b2eb33e62c.jpeg\",\"contentUrl\":\"https:\\\/\\\/animefigurer.se\\\/wp-content\\\/uploads\\\/2025\\\/10\\\/682b2eb33e62c.jpeg\",\"width\":1000,\"height\":750},{\"@type\":\"BreadcrumbList\",\"@id\":\"https:\\\/\\\/animefigurer.se\\\/en\\\/figurer\\\/star-wars\\\/star-wars-attack-of-the-clones-mms808-obi-wan-kenobi-1-6th-scale-collectible-figure\\\/#breadcrumb\",\"itemListElement\":[{\"@type\":\"ListItem\",\"position\":1,\"name\":\"Home\",\"item\":\"https:\\\/\\\/animefigurer.se\\\/\"},{\"@type\":\"ListItem\",\"position\":2,\"name\":\"Butik\",\"item\":\"https:\\\/\\\/animefigurer.se\\\/figurer\\\/\"},{\"@type\":\"ListItem\",\"position\":3,\"name\":\"Star Wars: Attack of the Clones MMS808 Obi-Wan Kenobi 1\\\/6th Scale Collectible Figure\"}]},{\"@type\":\"WebSite\",\"@id\":\"https:\\\/\\\/animefigurer.se\\\/#website\",\"url\":\"https:\\\/\\\/animefigurer.se\\\/\",\"name\":\"Animefigurer.se\",\"description\":\"Anime figurer fr\u00e5n \u00f6ver 300 olika anime serier med \u00f6ver 9000 produkter | Anime Shop\",\"publisher\":{\"@id\":\"https:\\\/\\\/animefigurer.se\\\/#organization\"},\"potentialAction\":[{\"@type\":\"SearchAction\",\"target\":{\"@type\":\"EntryPoint\",\"urlTemplate\":\"https:\\\/\\\/animefigurer.se\\\/?s={search_term_string}\"},\"query-input\":{\"@type\":\"PropertyValueSpecification\",\"valueRequired\":true,\"valueName\":\"search_term_string\"}}],\"inLanguage\":\"en-GB\"},{\"@type\":\"Organization\",\"@id\":\"https:\\\/\\\/animefigurer.se\\\/#organization\",\"name\":\"Animefigurer.se\",\"alternateName\":\"Anime figurer | Anime shop\",\"url\":\"https:\\\/\\\/animefigurer.se\\\/\",\"logo\":{\"@type\":\"ImageObject\",\"inLanguage\":\"en-GB\",\"@id\":\"https:\\\/\\\/animefigurer.se\\\/#\\\/schema\\\/logo\\\/image\\\/\",\"url\":\"https:\\\/\\\/animefigurer.se\\\/wp-content\\\/uploads\\\/2025\\\/12\\\/Animefigurer_logowhite.png\",\"contentUrl\":\"https:\\\/\\\/animefigurer.se\\\/wp-content\\\/uploads\\\/2025\\\/12\\\/Animefigurer_logowhite.png\",\"width\":1890,\"height\":1417,\"caption\":\"Animefigurer.se\"},\"image\":{\"@id\":\"https:\\\/\\\/animefigurer.se\\\/#\\\/schema\\\/logo\\\/image\\\/\"},\"sameAs\":[\"https:\\\/\\\/www.facebook.com\\\/profile.php?id=61581826539670\",\"https:\\\/\\\/www.instagram.com\\\/animefigurer.se\\\/\"],\"email\":\"info@animefigurer.se\"}]}<\/script>\n<!-- \/ Yoast SEO Premium plugin. -->","yoast_head_json":{"title":"Star Wars: Attack of the Clones MMS808 Obi-Wan Kenobi 1\/6th Scale Collectible Figure | Animefigurer.se","robots":{"index":"index","follow":"follow","max-snippet":"max-snippet:-1","max-image-preview":"max-image-preview:large","max-video-preview":"max-video-preview:-1"},"canonical":"https:\/\/animefigurer.se\/en\/figurer\/star-wars\/star-wars-attack-of-the-clones-mms808-obi-wan-kenobi-1-6th-scale-collectible-figure\/","og_locale":"en_GB","og_type":"article","og_title":"Star Wars: Attack of the Clones MMS808 Obi-Wan Kenobi 1\/6th Scale Collectible Figure","og_description":"I Attack of the Clones \u00e4r Obi-Wan Kenobi mentor \u00e5t Anakin Skywalker, en skarp utredare och en or\u00e4dd f\u00f6rsvarare av galaxen. Fr\u00e5n uppt\u00e4ckten av klonarm\u00e9n p\u00e5 Kamino till drabbningar mot Jango Fett och greve Dooku visar Obi-Wan Jedi-ordens styrka och visdom. Hot Toys presenterar Obi-Wan Kenobi Sixth Sc","og_url":"https:\/\/animefigurer.se\/en\/figurer\/star-wars\/star-wars-attack-of-the-clones-mms808-obi-wan-kenobi-1-6th-scale-collectible-figure\/","og_site_name":"Animefigurer.se","article_publisher":"https:\/\/www.facebook.com\/profile.php?id=61581826539670","article_modified_time":"2025-12-21T18:35:15+00:00","og_image":[{"width":1890,"height":1417,"url":"https:\/\/animefigurer.se\/wp-content\/uploads\/2025\/12\/Animefigurer_logowhite.png","type":"image\/png"}],"twitter_card":"summary_large_image","twitter_misc":{"Estimated reading time":"1 minute"},"schema":{"@context":"https:\/\/schema.org","@graph":[{"@type":"WebPage","@id":"https:\/\/animefigurer.se\/en\/figurer\/star-wars\/star-wars-attack-of-the-clones-mms808-obi-wan-kenobi-1-6th-scale-collectible-figure\/","url":"https:\/\/animefigurer.se\/en\/figurer\/star-wars\/star-wars-attack-of-the-clones-mms808-obi-wan-kenobi-1-6th-scale-collectible-figure\/","name":"Star Wars: Attack of the Clones MMS808 Obi-Wan Kenobi 1\/6th Scale Collectible Figure | Animefigurer.se","isPartOf":{"@id":"https:\/\/animefigurer.se\/#website"},"primaryImageOfPage":{"@id":"https:\/\/animefigurer.se\/en\/figurer\/star-wars\/star-wars-attack-of-the-clones-mms808-obi-wan-kenobi-1-6th-scale-collectible-figure\/#primaryimage"},"image":{"@id":"https:\/\/animefigurer.se\/en\/figurer\/star-wars\/star-wars-attack-of-the-clones-mms808-obi-wan-kenobi-1-6th-scale-collectible-figure\/#primaryimage"},"thumbnailUrl":"https:\/\/animefigurer.se\/wp-content\/uploads\/2025\/10\/682b2eb33e62c.jpeg","datePublished":"2025-10-21T11:38:28+00:00","dateModified":"2025-12-21T18:35:15+00:00","breadcrumb":{"@id":"https:\/\/animefigurer.se\/en\/figurer\/star-wars\/star-wars-attack-of-the-clones-mms808-obi-wan-kenobi-1-6th-scale-collectible-figure\/#breadcrumb"},"inLanguage":"en-GB","potentialAction":[{"@type":"ReadAction","target":["https:\/\/animefigurer.se\/en\/figurer\/star-wars\/star-wars-attack-of-the-clones-mms808-obi-wan-kenobi-1-6th-scale-collectible-figure\/"]}]},{"@type":"ImageObject","inLanguage":"en-GB","@id":"https:\/\/animefigurer.se\/en\/figurer\/star-wars\/star-wars-attack-of-the-clones-mms808-obi-wan-kenobi-1-6th-scale-collectible-figure\/#primaryimage","url":"https:\/\/animefigurer.se\/wp-content\/uploads\/2025\/10\/682b2eb33e62c.jpeg","contentUrl":"https:\/\/animefigurer.se\/wp-content\/uploads\/2025\/10\/682b2eb33e62c.jpeg","width":1000,"height":750},{"@type":"BreadcrumbList","@id":"https:\/\/animefigurer.se\/en\/figurer\/star-wars\/star-wars-attack-of-the-clones-mms808-obi-wan-kenobi-1-6th-scale-collectible-figure\/#breadcrumb","itemListElement":[{"@type":"ListItem","position":1,"name":"Home","item":"https:\/\/animefigurer.se\/"},{"@type":"ListItem","position":2,"name":"Butik","item":"https:\/\/animefigurer.se\/figurer\/"},{"@type":"ListItem","position":3,"name":"Star Wars: Attack of the Clones MMS808 Obi-Wan Kenobi 1\/6th Scale Collectible Figure"}]},{"@type":"WebSite","@id":"https:\/\/animefigurer.se\/#website","url":"https:\/\/animefigurer.se\/","name":"Animefigurer.se","description":"Anime figures from over 300 different anime series with over 9000 products | Anime Shop","publisher":{"@id":"https:\/\/animefigurer.se\/#organization"},"potentialAction":[{"@type":"SearchAction","target":{"@type":"EntryPoint","urlTemplate":"https:\/\/animefigurer.se\/?s={search_term_string}"},"query-input":{"@type":"PropertyValueSpecification","valueRequired":true,"valueName":"search_term_string"}}],"inLanguage":"en-GB"},{"@type":"Organization","@id":"https:\/\/animefigurer.se\/#organization","name":"Animefigurer.se","alternateName":"Anime figurer | Anime shop","url":"https:\/\/animefigurer.se\/","logo":{"@type":"ImageObject","inLanguage":"en-GB","@id":"https:\/\/animefigurer.se\/#\/schema\/logo\/image\/","url":"https:\/\/animefigurer.se\/wp-content\/uploads\/2025\/12\/Animefigurer_logowhite.png","contentUrl":"https:\/\/animefigurer.se\/wp-content\/uploads\/2025\/12\/Animefigurer_logowhite.png","width":1890,"height":1417,"caption":"Animefigurer.se"},"image":{"@id":"https:\/\/animefigurer.se\/#\/schema\/logo\/image\/"},"sameAs":["https:\/\/www.facebook.com\/profile.php?id=61581826539670","https:\/\/www.instagram.com\/animefigurer.se\/"],"email":"info@animefigurer.se"}]}},"_links":{"self":[{"href":"https:\/\/animefigurer.se\/en\/wp-json\/wp\/v2\/product\/63781","targetHints":{"allow":["GET"]}}],"collection":[{"href":"https:\/\/animefigurer.se\/en\/wp-json\/wp\/v2\/product"}],"about":[{"href":"https:\/\/animefigurer.se\/en\/wp-json\/wp\/v2\/types\/product"}],"replies":[{"embeddable":true,"href":"https:\/\/animefigurer.se\/en\/wp-json\/wp\/v2\/comments?post=63781"}],"wp:featuredmedia":[{"embeddable":true,"href":"https:\/\/animefigurer.se\/en\/wp-json\/wp\/v2\/media\/63782"}],"wp:attachment":[{"href":"https:\/\/animefigurer.se\/en\/wp-json\/wp\/v2\/media?parent=63781"}],"wp:term":[{"taxonomy":"product_brand","embeddable":true,"href":"https:\/\/animefigurer.se\/en\/wp-json\/wp\/v2\/product_brand?post=63781"},{"taxonomy":"product_cat","embeddable":true,"href":"https:\/\/animefigurer.se\/en\/wp-json\/wp\/v2\/product_cat?post=63781"},{"taxonomy":"product_tag","embeddable":true,"href":"https:\/\/animefigurer.se\/en\/wp-json\/wp\/v2\/product_tag?post=63781"},{"taxonomy":"giftcard-category","embeddable":true,"href":"https:\/\/animefigurer.se\/en\/wp-json\/wp\/v2\/giftcard-category?post=63781"}],"curies":[{"name":"wp","href":"https:\/\/api.w.org\/{rel}","templated":true}]}}