{"id":63677,"date":"2025-10-21T13:36:12","date_gmt":"2025-10-21T11:36:12","guid":{"rendered":"https:\/\/animefigurer.se\/produkt\/star-wars-the-black-series-stormtrooper-holiday-edition-action-figure\/"},"modified":"2025-12-21T19:35:15","modified_gmt":"2025-12-21T18:35:15","slug":"star-wars-the-black-series-stormtrooper-holiday-edition-action-figure","status":"publish","type":"product","link":"https:\/\/animefigurer.se\/en\/figurer\/star-wars\/star-wars-the-black-series-stormtrooper-holiday-edition-action-figure\/","title":{"rendered":"Star Wars: The Black Series Stormtrooper (Holiday Edition) Action Figure"},"content":{"rendered":"<p>Star Wars The Black Series consists of 6-inch action figures, vehicles and role-playing items that allow fans to build galactic scenes faithful to the films, series and comic books.<\/p>\n<p>This 6-inch Stormtrooper (Holiday Edition) from Hasbro combines the classic Stormtrooper aesthetic with playful, festive decorations \u2014 here presented as a Stormtrooper \u201ddressed as a reindeer.\u201d Richly detailed and meticulously painted, it captures both the quality and realism that characterizes The Black Series. May the force be with you!<\/p>","protected":false},"excerpt":{"rendered":"<p>Star Wars The Black Series consists of 6-inch action figures, vehicles and role-playing items that allow fans to build galactic scenes faithful to the films, series and comic books.<\/p>\n<p>This 6-inch Stormtrooper (Holiday Edition) from Hasbro combines the classic Stormtrooper aesthetic with playful, festive<\/p>","protected":false},"featured_media":63678,"comment_status":"closed","ping_status":"open","template":"","meta":{"_acf_changed":false,"_monsterinsights_skip_tracking":false,"_monsterinsights_sitenote_active":false,"_monsterinsights_sitenote_note":"","_monsterinsights_sitenote_category":0},"product_brand":[7009],"product_cat":[5098],"product_tag":[24],"giftcard-category":[],"class_list":{"0":"post-63677","1":"product","2":"type-product","3":"status-publish","4":"has-post-thumbnail","6":"product_brand-hasbro","7":"product_cat-star-wars","8":"product_tag-2-3-weeks","9":"pa_franchise-star-wars","10":"pa_karaktar-stormtrooper","11":"pa_material-plastic","12":"pa_storlek-15-cm","14":"first","15":"instock","16":"taxable","17":"shipping-taxable","18":"purchasable","19":"product-type-simple"},"acf":[],"yoast_head":"<!-- This site is optimized with the Yoast SEO Premium plugin v24.6 (Yoast SEO v27.3) - https:\/\/yoast.com\/product\/yoast-seo-premium-wordpress\/ -->\n<title>Star Wars: The Black Series Stormtrooper (Holiday Edition) Action Figure | Animefigurer.se<\/title>\n<meta name=\"robots\" content=\"index, follow, max-snippet:-1, max-image-preview:large, max-video-preview:-1\" \/>\n<link rel=\"canonical\" href=\"https:\/\/animefigurer.se\/en\/figurer\/star-wars\/star-wars-the-black-series-stormtrooper-holiday-edition-action-figure\/\" \/>\n<meta property=\"og:locale\" content=\"en_GB\" \/>\n<meta property=\"og:type\" content=\"article\" \/>\n<meta property=\"og:title\" content=\"Star Wars: The Black Series Stormtrooper (Holiday Edition) Action Figure\" \/>\n<meta property=\"og:description\" content=\"Star Wars The Black Series best\u00e5r av 6\u2011tum\u2011actionfigurer, fordon och rollspelsf\u00f6rem\u00e5l som l\u00e5ter fansen bygga galaktiska scener med trohet mot filmer, serier och serietidningar. Denna 6\u2011tums Stormtrooper (Holiday Edition) fr\u00e5n Hasbro f\u00f6renar den klassiska stormtrooper\u2011estetiken med lekfulla, festlig\" \/>\n<meta property=\"og:url\" content=\"https:\/\/animefigurer.se\/en\/figurer\/star-wars\/star-wars-the-black-series-stormtrooper-holiday-edition-action-figure\/\" \/>\n<meta property=\"og:site_name\" content=\"Animefigurer.se\" \/>\n<meta property=\"article:publisher\" content=\"https:\/\/www.facebook.com\/profile.php?id=61581826539670\" \/>\n<meta property=\"article:modified_time\" content=\"2025-12-21T18:35:15+00:00\" \/>\n<meta property=\"og:image\" content=\"https:\/\/animefigurer.se\/wp-content\/uploads\/2025\/12\/Animefigurer_logowhite.png\" \/>\n\t<meta property=\"og:image:width\" content=\"1890\" \/>\n\t<meta property=\"og:image:height\" content=\"1417\" \/>\n\t<meta property=\"og:image:type\" content=\"image\/png\" \/>\n<meta name=\"twitter:card\" content=\"summary_large_image\" \/>\n<script type=\"application\/ld+json\" class=\"yoast-schema-graph\">{\"@context\":\"https:\\\/\\\/schema.org\",\"@graph\":[{\"@type\":\"WebPage\",\"@id\":\"https:\\\/\\\/animefigurer.se\\\/en\\\/figurer\\\/star-wars\\\/star-wars-the-black-series-stormtrooper-holiday-edition-action-figure\\\/\",\"url\":\"https:\\\/\\\/animefigurer.se\\\/en\\\/figurer\\\/star-wars\\\/star-wars-the-black-series-stormtrooper-holiday-edition-action-figure\\\/\",\"name\":\"Star Wars: The Black Series Stormtrooper (Holiday Edition) Action Figure | Animefigurer.se\",\"isPartOf\":{\"@id\":\"https:\\\/\\\/animefigurer.se\\\/#website\"},\"primaryImageOfPage\":{\"@id\":\"https:\\\/\\\/animefigurer.se\\\/en\\\/figurer\\\/star-wars\\\/star-wars-the-black-series-stormtrooper-holiday-edition-action-figure\\\/#primaryimage\"},\"image\":{\"@id\":\"https:\\\/\\\/animefigurer.se\\\/en\\\/figurer\\\/star-wars\\\/star-wars-the-black-series-stormtrooper-holiday-edition-action-figure\\\/#primaryimage\"},\"thumbnailUrl\":\"https:\\\/\\\/animefigurer.se\\\/wp-content\\\/uploads\\\/2025\\\/10\\\/68c91e2500bfa.jpeg\",\"datePublished\":\"2025-10-21T11:36:12+00:00\",\"dateModified\":\"2025-12-21T18:35:15+00:00\",\"breadcrumb\":{\"@id\":\"https:\\\/\\\/animefigurer.se\\\/en\\\/figurer\\\/star-wars\\\/star-wars-the-black-series-stormtrooper-holiday-edition-action-figure\\\/#breadcrumb\"},\"inLanguage\":\"en-GB\",\"potentialAction\":[{\"@type\":\"ReadAction\",\"target\":[\"https:\\\/\\\/animefigurer.se\\\/en\\\/figurer\\\/star-wars\\\/star-wars-the-black-series-stormtrooper-holiday-edition-action-figure\\\/\"]}]},{\"@type\":\"ImageObject\",\"inLanguage\":\"en-GB\",\"@id\":\"https:\\\/\\\/animefigurer.se\\\/en\\\/figurer\\\/star-wars\\\/star-wars-the-black-series-stormtrooper-holiday-edition-action-figure\\\/#primaryimage\",\"url\":\"https:\\\/\\\/animefigurer.se\\\/wp-content\\\/uploads\\\/2025\\\/10\\\/68c91e2500bfa.jpeg\",\"contentUrl\":\"https:\\\/\\\/animefigurer.se\\\/wp-content\\\/uploads\\\/2025\\\/10\\\/68c91e2500bfa.jpeg\",\"width\":1000,\"height\":750},{\"@type\":\"BreadcrumbList\",\"@id\":\"https:\\\/\\\/animefigurer.se\\\/en\\\/figurer\\\/star-wars\\\/star-wars-the-black-series-stormtrooper-holiday-edition-action-figure\\\/#breadcrumb\",\"itemListElement\":[{\"@type\":\"ListItem\",\"position\":1,\"name\":\"Home\",\"item\":\"https:\\\/\\\/animefigurer.se\\\/\"},{\"@type\":\"ListItem\",\"position\":2,\"name\":\"Butik\",\"item\":\"https:\\\/\\\/animefigurer.se\\\/figurer\\\/\"},{\"@type\":\"ListItem\",\"position\":3,\"name\":\"Star Wars: The Black Series Stormtrooper (Holiday Edition) Action Figure\"}]},{\"@type\":\"WebSite\",\"@id\":\"https:\\\/\\\/animefigurer.se\\\/#website\",\"url\":\"https:\\\/\\\/animefigurer.se\\\/\",\"name\":\"Animefigurer.se\",\"description\":\"Anime figurer fr\u00e5n \u00f6ver 300 olika anime serier med \u00f6ver 9000 produkter | Anime Shop\",\"publisher\":{\"@id\":\"https:\\\/\\\/animefigurer.se\\\/#organization\"},\"potentialAction\":[{\"@type\":\"SearchAction\",\"target\":{\"@type\":\"EntryPoint\",\"urlTemplate\":\"https:\\\/\\\/animefigurer.se\\\/?s={search_term_string}\"},\"query-input\":{\"@type\":\"PropertyValueSpecification\",\"valueRequired\":true,\"valueName\":\"search_term_string\"}}],\"inLanguage\":\"en-GB\"},{\"@type\":\"Organization\",\"@id\":\"https:\\\/\\\/animefigurer.se\\\/#organization\",\"name\":\"Animefigurer.se\",\"alternateName\":\"Anime figurer | Anime shop\",\"url\":\"https:\\\/\\\/animefigurer.se\\\/\",\"logo\":{\"@type\":\"ImageObject\",\"inLanguage\":\"en-GB\",\"@id\":\"https:\\\/\\\/animefigurer.se\\\/#\\\/schema\\\/logo\\\/image\\\/\",\"url\":\"https:\\\/\\\/animefigurer.se\\\/wp-content\\\/uploads\\\/2025\\\/12\\\/Animefigurer_logowhite.png\",\"contentUrl\":\"https:\\\/\\\/animefigurer.se\\\/wp-content\\\/uploads\\\/2025\\\/12\\\/Animefigurer_logowhite.png\",\"width\":1890,\"height\":1417,\"caption\":\"Animefigurer.se\"},\"image\":{\"@id\":\"https:\\\/\\\/animefigurer.se\\\/#\\\/schema\\\/logo\\\/image\\\/\"},\"sameAs\":[\"https:\\\/\\\/www.facebook.com\\\/profile.php?id=61581826539670\",\"https:\\\/\\\/www.instagram.com\\\/animefigurer.se\\\/\"],\"email\":\"info@animefigurer.se\"}]}<\/script>\n<!-- \/ Yoast SEO Premium plugin. -->","yoast_head_json":{"title":"Star Wars: The Black Series Stormtrooper (Holiday Edition) Action Figure | Animefigurer.se","robots":{"index":"index","follow":"follow","max-snippet":"max-snippet:-1","max-image-preview":"max-image-preview:large","max-video-preview":"max-video-preview:-1"},"canonical":"https:\/\/animefigurer.se\/en\/figurer\/star-wars\/star-wars-the-black-series-stormtrooper-holiday-edition-action-figure\/","og_locale":"en_GB","og_type":"article","og_title":"Star Wars: The Black Series Stormtrooper (Holiday Edition) Action Figure","og_description":"Star Wars The Black Series best\u00e5r av 6\u2011tum\u2011actionfigurer, fordon och rollspelsf\u00f6rem\u00e5l som l\u00e5ter fansen bygga galaktiska scener med trohet mot filmer, serier och serietidningar. Denna 6\u2011tums Stormtrooper (Holiday Edition) fr\u00e5n Hasbro f\u00f6renar den klassiska stormtrooper\u2011estetiken med lekfulla, festlig","og_url":"https:\/\/animefigurer.se\/en\/figurer\/star-wars\/star-wars-the-black-series-stormtrooper-holiday-edition-action-figure\/","og_site_name":"Animefigurer.se","article_publisher":"https:\/\/www.facebook.com\/profile.php?id=61581826539670","article_modified_time":"2025-12-21T18:35:15+00:00","og_image":[{"width":1890,"height":1417,"url":"https:\/\/animefigurer.se\/wp-content\/uploads\/2025\/12\/Animefigurer_logowhite.png","type":"image\/png"}],"twitter_card":"summary_large_image","schema":{"@context":"https:\/\/schema.org","@graph":[{"@type":"WebPage","@id":"https:\/\/animefigurer.se\/en\/figurer\/star-wars\/star-wars-the-black-series-stormtrooper-holiday-edition-action-figure\/","url":"https:\/\/animefigurer.se\/en\/figurer\/star-wars\/star-wars-the-black-series-stormtrooper-holiday-edition-action-figure\/","name":"Star Wars: The Black Series Stormtrooper (Holiday Edition) Action Figure | Animefigurer.se","isPartOf":{"@id":"https:\/\/animefigurer.se\/#website"},"primaryImageOfPage":{"@id":"https:\/\/animefigurer.se\/en\/figurer\/star-wars\/star-wars-the-black-series-stormtrooper-holiday-edition-action-figure\/#primaryimage"},"image":{"@id":"https:\/\/animefigurer.se\/en\/figurer\/star-wars\/star-wars-the-black-series-stormtrooper-holiday-edition-action-figure\/#primaryimage"},"thumbnailUrl":"https:\/\/animefigurer.se\/wp-content\/uploads\/2025\/10\/68c91e2500bfa.jpeg","datePublished":"2025-10-21T11:36:12+00:00","dateModified":"2025-12-21T18:35:15+00:00","breadcrumb":{"@id":"https:\/\/animefigurer.se\/en\/figurer\/star-wars\/star-wars-the-black-series-stormtrooper-holiday-edition-action-figure\/#breadcrumb"},"inLanguage":"en-GB","potentialAction":[{"@type":"ReadAction","target":["https:\/\/animefigurer.se\/en\/figurer\/star-wars\/star-wars-the-black-series-stormtrooper-holiday-edition-action-figure\/"]}]},{"@type":"ImageObject","inLanguage":"en-GB","@id":"https:\/\/animefigurer.se\/en\/figurer\/star-wars\/star-wars-the-black-series-stormtrooper-holiday-edition-action-figure\/#primaryimage","url":"https:\/\/animefigurer.se\/wp-content\/uploads\/2025\/10\/68c91e2500bfa.jpeg","contentUrl":"https:\/\/animefigurer.se\/wp-content\/uploads\/2025\/10\/68c91e2500bfa.jpeg","width":1000,"height":750},{"@type":"BreadcrumbList","@id":"https:\/\/animefigurer.se\/en\/figurer\/star-wars\/star-wars-the-black-series-stormtrooper-holiday-edition-action-figure\/#breadcrumb","itemListElement":[{"@type":"ListItem","position":1,"name":"Home","item":"https:\/\/animefigurer.se\/"},{"@type":"ListItem","position":2,"name":"Butik","item":"https:\/\/animefigurer.se\/figurer\/"},{"@type":"ListItem","position":3,"name":"Star Wars: The Black Series Stormtrooper (Holiday Edition) Action Figure"}]},{"@type":"WebSite","@id":"https:\/\/animefigurer.se\/#website","url":"https:\/\/animefigurer.se\/","name":"Animefigurer.se","description":"Anime figures from over 300 different anime series with over 9000 products | Anime Shop","publisher":{"@id":"https:\/\/animefigurer.se\/#organization"},"potentialAction":[{"@type":"SearchAction","target":{"@type":"EntryPoint","urlTemplate":"https:\/\/animefigurer.se\/?s={search_term_string}"},"query-input":{"@type":"PropertyValueSpecification","valueRequired":true,"valueName":"search_term_string"}}],"inLanguage":"en-GB"},{"@type":"Organization","@id":"https:\/\/animefigurer.se\/#organization","name":"Animefigurer.se","alternateName":"Anime figurer | Anime shop","url":"https:\/\/animefigurer.se\/","logo":{"@type":"ImageObject","inLanguage":"en-GB","@id":"https:\/\/animefigurer.se\/#\/schema\/logo\/image\/","url":"https:\/\/animefigurer.se\/wp-content\/uploads\/2025\/12\/Animefigurer_logowhite.png","contentUrl":"https:\/\/animefigurer.se\/wp-content\/uploads\/2025\/12\/Animefigurer_logowhite.png","width":1890,"height":1417,"caption":"Animefigurer.se"},"image":{"@id":"https:\/\/animefigurer.se\/#\/schema\/logo\/image\/"},"sameAs":["https:\/\/www.facebook.com\/profile.php?id=61581826539670","https:\/\/www.instagram.com\/animefigurer.se\/"],"email":"info@animefigurer.se"}]}},"_links":{"self":[{"href":"https:\/\/animefigurer.se\/en\/wp-json\/wp\/v2\/product\/63677","targetHints":{"allow":["GET"]}}],"collection":[{"href":"https:\/\/animefigurer.se\/en\/wp-json\/wp\/v2\/product"}],"about":[{"href":"https:\/\/animefigurer.se\/en\/wp-json\/wp\/v2\/types\/product"}],"replies":[{"embeddable":true,"href":"https:\/\/animefigurer.se\/en\/wp-json\/wp\/v2\/comments?post=63677"}],"wp:featuredmedia":[{"embeddable":true,"href":"https:\/\/animefigurer.se\/en\/wp-json\/wp\/v2\/media\/63678"}],"wp:attachment":[{"href":"https:\/\/animefigurer.se\/en\/wp-json\/wp\/v2\/media?parent=63677"}],"wp:term":[{"taxonomy":"product_brand","embeddable":true,"href":"https:\/\/animefigurer.se\/en\/wp-json\/wp\/v2\/product_brand?post=63677"},{"taxonomy":"product_cat","embeddable":true,"href":"https:\/\/animefigurer.se\/en\/wp-json\/wp\/v2\/product_cat?post=63677"},{"taxonomy":"product_tag","embeddable":true,"href":"https:\/\/animefigurer.se\/en\/wp-json\/wp\/v2\/product_tag?post=63677"},{"taxonomy":"giftcard-category","embeddable":true,"href":"https:\/\/animefigurer.se\/en\/wp-json\/wp\/v2\/giftcard-category?post=63677"}],"curies":[{"name":"wp","href":"https:\/\/api.w.org\/{rel}","templated":true}]}}