{"id":63601,"date":"2025-10-21T13:26:54","date_gmt":"2025-10-21T11:26:54","guid":{"rendered":"https:\/\/animefigurer.se\/produkt\/star-wars-revenge-of-the-sith-mms-anakin-skywalker-1-6th-scale-collectible-figure\/"},"modified":"2025-12-21T19:35:15","modified_gmt":"2025-12-21T18:35:15","slug":"star-wars-revenge-of-the-sith-mms-anakin-skywalker-1-6th-scale-collectible-figure","status":"publish","type":"product","link":"https:\/\/animefigurer.se\/en\/figurer\/star-wars\/star-wars-revenge-of-the-sith-mms-anakin-skywalker-1-6th-scale-collectible-figure\/","title":{"rendered":"Star Wars: Revenge of the Sith MMS Anakin Skywalker 1\/6th Scale Collectible Figure"},"content":{"rendered":"<p>Anakin Skywalker&#039;s story reaches its tragic climax on Mustafar in Star Wars: Revenge of the Sith \u2014 a turning point where friendship turns to enmity and darkness takes over.<\/p>\n<p>Hot Toys presents Anakin Skywalker in 1\/6th scale, a detailed homage to Hayden Christensen&#039;s portrayal of the character. The figure features a newly developed head sculpt with two pairs of separate rolling eyeballs and two variations of interchangeable lash sculpts to recreate his altered, battle-worn expression. For the first time, collectors can switch between realistic blue iris eyes and Sith yellow iris eyes to mark his transition to the dark side.<\/p>\n<p>The outfit reflects Anakin&#039;s weathered appearance in his final moments: tabard, outer and inner tunics, tool belt with lightsaber holder and pockets, pants and long boots. The set includes nine interchangeable hands for poses ranging from fists to Force gestures and lightsaber grips.<\/p>\n<p>The figure comes with a lightsaber mount and LED-lit lightsaber mount, as well as multiple interchangeable red and blue lightsaber blades to recreate the duel or transformation. Additional diorama-inspired elements include a panning droid with articulated arms and lava effects that capture the molten, intense environment of Mustafar.<\/p>\n<p>This sixth scale figure powerfully depicts the fall of Anakin and the beginning of the era of Darth Vader.<\/p>","protected":false},"excerpt":{"rendered":"<p>Anakin Skywalker&#039;s story reaches its tragic climax on Mustafar in Star Wars: Revenge of the Sith \u2014 a turning point where friendship turns to enmity and darkness takes over.<\/p>\n<p>Hot Toys presents Anakin Skywalker in 1\/6 scale, a detailed tribute to Hayden Christensen&#039;s portrayal of the role. The figure features <\/p>","protected":false},"featured_media":63602,"comment_status":"closed","ping_status":"open","template":"","meta":{"_acf_changed":false,"_monsterinsights_skip_tracking":false,"_monsterinsights_sitenote_active":false,"_monsterinsights_sitenote_note":"","_monsterinsights_sitenote_category":0},"product_brand":[7024],"product_cat":[7233,5098],"product_tag":[26],"giftcard-category":[],"class_list":{"0":"post-63601","1":"product","2":"type-product","3":"status-publish","4":"has-post-thumbnail","6":"product_brand-hot-toys","7":"product_cat-pre-order","8":"product_cat-star-wars","9":"product_tag-pre-order","10":"pa_franchise-star-wars-revenge-of-the-sith","11":"pa_karaktar-anakin-skywalker","12":"pa_material-plastic-fabric","13":"pa_skala-57","14":"pa_storlek-31-cm","16":"first","17":"instock","18":"taxable","19":"shipping-taxable","20":"purchasable","21":"product-type-simple"},"acf":[],"yoast_head":"<!-- This site is optimized with the Yoast SEO Premium plugin v24.6 (Yoast SEO v27.4) - https:\/\/yoast.com\/product\/yoast-seo-premium-wordpress\/ -->\n<title>Star Wars: Revenge of the Sith MMS Anakin Skywalker 1\/6th Scale Collectible Figure | Animefigurer.se<\/title>\n<meta name=\"robots\" content=\"index, follow, max-snippet:-1, max-image-preview:large, max-video-preview:-1\" \/>\n<link rel=\"canonical\" href=\"https:\/\/animefigurer.se\/en\/figurer\/star-wars\/star-wars-revenge-of-the-sith-mms-anakin-skywalker-1-6th-scale-collectible-figure\/\" \/>\n<meta property=\"og:locale\" content=\"en_GB\" \/>\n<meta property=\"og:type\" content=\"article\" \/>\n<meta property=\"og:title\" content=\"Star Wars: Revenge of the Sith MMS Anakin Skywalker 1\/6th Scale Collectible Figure\" \/>\n<meta property=\"og:description\" content=\"Anakin Skywalkers ber\u00e4ttelse n\u00e5r sitt tragiska klimax p\u00e5 Mustafar i Star Wars: Revenge of the Sith \u2014 en v\u00e4ndpunkt d\u00e4r v\u00e4nskap f\u00f6rvandlas till fiendskap och m\u00f6rkret tar \u00f6ver. Hot Toys presenterar Anakin Skywalker i skala 1\/6, en detaljerad hyllning till Hayden Christensens rolltolkning. Figuren har\" \/>\n<meta property=\"og:url\" content=\"https:\/\/animefigurer.se\/en\/figurer\/star-wars\/star-wars-revenge-of-the-sith-mms-anakin-skywalker-1-6th-scale-collectible-figure\/\" \/>\n<meta property=\"og:site_name\" content=\"Animefigurer.se\" \/>\n<meta property=\"article:publisher\" content=\"https:\/\/www.facebook.com\/profile.php?id=61581826539670\" \/>\n<meta property=\"article:modified_time\" content=\"2025-12-21T18:35:15+00:00\" \/>\n<meta property=\"og:image\" content=\"https:\/\/animefigurer.se\/wp-content\/uploads\/2025\/12\/Animefigurer_logowhite.png\" \/>\n\t<meta property=\"og:image:width\" content=\"1890\" \/>\n\t<meta property=\"og:image:height\" content=\"1417\" \/>\n\t<meta property=\"og:image:type\" content=\"image\/png\" \/>\n<meta name=\"twitter:card\" content=\"summary_large_image\" \/>\n<meta name=\"twitter:label1\" content=\"Estimated reading time\" \/>\n\t<meta name=\"twitter:data1\" content=\"1 minute\" \/>\n<script type=\"application\/ld+json\" class=\"yoast-schema-graph\">{\"@context\":\"https:\\\/\\\/schema.org\",\"@graph\":[{\"@type\":\"WebPage\",\"@id\":\"https:\\\/\\\/animefigurer.se\\\/figurer\\\/star-wars\\\/star-wars-revenge-of-the-sith-mms-anakin-skywalker-1-6th-scale-collectible-figure\\\/\",\"url\":\"https:\\\/\\\/animefigurer.se\\\/figurer\\\/star-wars\\\/star-wars-revenge-of-the-sith-mms-anakin-skywalker-1-6th-scale-collectible-figure\\\/\",\"name\":\"Star Wars: Revenge of the Sith MMS Anakin Skywalker 1\\\/6th Scale Collectible Figure | Animefigurer.se\",\"isPartOf\":{\"@id\":\"https:\\\/\\\/animefigurer.se\\\/#website\"},\"primaryImageOfPage\":{\"@id\":\"https:\\\/\\\/animefigurer.se\\\/figurer\\\/star-wars\\\/star-wars-revenge-of-the-sith-mms-anakin-skywalker-1-6th-scale-collectible-figure\\\/#primaryimage\"},\"image\":{\"@id\":\"https:\\\/\\\/animefigurer.se\\\/figurer\\\/star-wars\\\/star-wars-revenge-of-the-sith-mms-anakin-skywalker-1-6th-scale-collectible-figure\\\/#primaryimage\"},\"thumbnailUrl\":\"https:\\\/\\\/animefigurer.se\\\/wp-content\\\/uploads\\\/2025\\\/10\\\/68dd7d9330a1c.jpeg\",\"datePublished\":\"2025-10-21T11:26:54+00:00\",\"dateModified\":\"2025-12-21T18:35:15+00:00\",\"breadcrumb\":{\"@id\":\"https:\\\/\\\/animefigurer.se\\\/figurer\\\/star-wars\\\/star-wars-revenge-of-the-sith-mms-anakin-skywalker-1-6th-scale-collectible-figure\\\/#breadcrumb\"},\"inLanguage\":\"en-GB\",\"potentialAction\":[{\"@type\":\"ReadAction\",\"target\":[\"https:\\\/\\\/animefigurer.se\\\/figurer\\\/star-wars\\\/star-wars-revenge-of-the-sith-mms-anakin-skywalker-1-6th-scale-collectible-figure\\\/\"]}]},{\"@type\":\"ImageObject\",\"inLanguage\":\"en-GB\",\"@id\":\"https:\\\/\\\/animefigurer.se\\\/figurer\\\/star-wars\\\/star-wars-revenge-of-the-sith-mms-anakin-skywalker-1-6th-scale-collectible-figure\\\/#primaryimage\",\"url\":\"https:\\\/\\\/animefigurer.se\\\/wp-content\\\/uploads\\\/2025\\\/10\\\/68dd7d9330a1c.jpeg\",\"contentUrl\":\"https:\\\/\\\/animefigurer.se\\\/wp-content\\\/uploads\\\/2025\\\/10\\\/68dd7d9330a1c.jpeg\",\"width\":1000,\"height\":750},{\"@type\":\"BreadcrumbList\",\"@id\":\"https:\\\/\\\/animefigurer.se\\\/figurer\\\/star-wars\\\/star-wars-revenge-of-the-sith-mms-anakin-skywalker-1-6th-scale-collectible-figure\\\/#breadcrumb\",\"itemListElement\":[{\"@type\":\"ListItem\",\"position\":1,\"name\":\"Home\",\"item\":\"https:\\\/\\\/animefigurer.se\\\/\"},{\"@type\":\"ListItem\",\"position\":2,\"name\":\"Butik\",\"item\":\"https:\\\/\\\/animefigurer.se\\\/figurer\\\/\"},{\"@type\":\"ListItem\",\"position\":3,\"name\":\"Star Wars: Revenge of the Sith MMS Anakin Skywalker 1\\\/6th Scale Collectible Figure\"}]},{\"@type\":\"WebSite\",\"@id\":\"https:\\\/\\\/animefigurer.se\\\/#website\",\"url\":\"https:\\\/\\\/animefigurer.se\\\/\",\"name\":\"Animefigurer.se\",\"description\":\"Anime figurer fr\u00e5n \u00f6ver 300 olika anime serier med \u00f6ver 9000 produkter | Anime Shop\",\"publisher\":{\"@id\":\"https:\\\/\\\/animefigurer.se\\\/#organization\"},\"potentialAction\":[{\"@type\":\"SearchAction\",\"target\":{\"@type\":\"EntryPoint\",\"urlTemplate\":\"https:\\\/\\\/animefigurer.se\\\/?s={search_term_string}\"},\"query-input\":{\"@type\":\"PropertyValueSpecification\",\"valueRequired\":true,\"valueName\":\"search_term_string\"}}],\"inLanguage\":\"en-GB\"},{\"@type\":\"Organization\",\"@id\":\"https:\\\/\\\/animefigurer.se\\\/#organization\",\"name\":\"Animefigurer.se\",\"alternateName\":\"Anime figurer | Anime shop\",\"url\":\"https:\\\/\\\/animefigurer.se\\\/\",\"logo\":{\"@type\":\"ImageObject\",\"inLanguage\":\"en-GB\",\"@id\":\"https:\\\/\\\/animefigurer.se\\\/#\\\/schema\\\/logo\\\/image\\\/\",\"url\":\"https:\\\/\\\/animefigurer.se\\\/wp-content\\\/uploads\\\/2025\\\/12\\\/Animefigurer_logowhite.png\",\"contentUrl\":\"https:\\\/\\\/animefigurer.se\\\/wp-content\\\/uploads\\\/2025\\\/12\\\/Animefigurer_logowhite.png\",\"width\":1890,\"height\":1417,\"caption\":\"Animefigurer.se\"},\"image\":{\"@id\":\"https:\\\/\\\/animefigurer.se\\\/#\\\/schema\\\/logo\\\/image\\\/\"},\"sameAs\":[\"https:\\\/\\\/www.facebook.com\\\/profile.php?id=61581826539670\",\"https:\\\/\\\/www.instagram.com\\\/animefigurer.se\\\/\"],\"email\":\"info@animefigurer.se\"}]}<\/script>\n<!-- \/ Yoast SEO Premium plugin. -->","yoast_head_json":{"title":"Star Wars: Revenge of the Sith MMS Anakin Skywalker 1\/6th Scale Collectible Figure | Animefigurer.se","robots":{"index":"index","follow":"follow","max-snippet":"max-snippet:-1","max-image-preview":"max-image-preview:large","max-video-preview":"max-video-preview:-1"},"canonical":"https:\/\/animefigurer.se\/en\/figurer\/star-wars\/star-wars-revenge-of-the-sith-mms-anakin-skywalker-1-6th-scale-collectible-figure\/","og_locale":"en_GB","og_type":"article","og_title":"Star Wars: Revenge of the Sith MMS Anakin Skywalker 1\/6th Scale Collectible Figure","og_description":"Anakin Skywalkers ber\u00e4ttelse n\u00e5r sitt tragiska klimax p\u00e5 Mustafar i Star Wars: Revenge of the Sith \u2014 en v\u00e4ndpunkt d\u00e4r v\u00e4nskap f\u00f6rvandlas till fiendskap och m\u00f6rkret tar \u00f6ver. Hot Toys presenterar Anakin Skywalker i skala 1\/6, en detaljerad hyllning till Hayden Christensens rolltolkning. Figuren har","og_url":"https:\/\/animefigurer.se\/en\/figurer\/star-wars\/star-wars-revenge-of-the-sith-mms-anakin-skywalker-1-6th-scale-collectible-figure\/","og_site_name":"Animefigurer.se","article_publisher":"https:\/\/www.facebook.com\/profile.php?id=61581826539670","article_modified_time":"2025-12-21T18:35:15+00:00","og_image":[{"width":1890,"height":1417,"url":"https:\/\/animefigurer.se\/wp-content\/uploads\/2025\/12\/Animefigurer_logowhite.png","type":"image\/png"}],"twitter_card":"summary_large_image","twitter_misc":{"Estimated reading time":"1 minute"},"schema":{"@context":"https:\/\/schema.org","@graph":[{"@type":"WebPage","@id":"https:\/\/animefigurer.se\/figurer\/star-wars\/star-wars-revenge-of-the-sith-mms-anakin-skywalker-1-6th-scale-collectible-figure\/","url":"https:\/\/animefigurer.se\/figurer\/star-wars\/star-wars-revenge-of-the-sith-mms-anakin-skywalker-1-6th-scale-collectible-figure\/","name":"Star Wars: Revenge of the Sith MMS Anakin Skywalker 1\/6th Scale Collectible Figure | Animefigurer.se","isPartOf":{"@id":"https:\/\/animefigurer.se\/#website"},"primaryImageOfPage":{"@id":"https:\/\/animefigurer.se\/figurer\/star-wars\/star-wars-revenge-of-the-sith-mms-anakin-skywalker-1-6th-scale-collectible-figure\/#primaryimage"},"image":{"@id":"https:\/\/animefigurer.se\/figurer\/star-wars\/star-wars-revenge-of-the-sith-mms-anakin-skywalker-1-6th-scale-collectible-figure\/#primaryimage"},"thumbnailUrl":"https:\/\/animefigurer.se\/wp-content\/uploads\/2025\/10\/68dd7d9330a1c.jpeg","datePublished":"2025-10-21T11:26:54+00:00","dateModified":"2025-12-21T18:35:15+00:00","breadcrumb":{"@id":"https:\/\/animefigurer.se\/figurer\/star-wars\/star-wars-revenge-of-the-sith-mms-anakin-skywalker-1-6th-scale-collectible-figure\/#breadcrumb"},"inLanguage":"en-GB","potentialAction":[{"@type":"ReadAction","target":["https:\/\/animefigurer.se\/figurer\/star-wars\/star-wars-revenge-of-the-sith-mms-anakin-skywalker-1-6th-scale-collectible-figure\/"]}]},{"@type":"ImageObject","inLanguage":"en-GB","@id":"https:\/\/animefigurer.se\/figurer\/star-wars\/star-wars-revenge-of-the-sith-mms-anakin-skywalker-1-6th-scale-collectible-figure\/#primaryimage","url":"https:\/\/animefigurer.se\/wp-content\/uploads\/2025\/10\/68dd7d9330a1c.jpeg","contentUrl":"https:\/\/animefigurer.se\/wp-content\/uploads\/2025\/10\/68dd7d9330a1c.jpeg","width":1000,"height":750},{"@type":"BreadcrumbList","@id":"https:\/\/animefigurer.se\/figurer\/star-wars\/star-wars-revenge-of-the-sith-mms-anakin-skywalker-1-6th-scale-collectible-figure\/#breadcrumb","itemListElement":[{"@type":"ListItem","position":1,"name":"Home","item":"https:\/\/animefigurer.se\/"},{"@type":"ListItem","position":2,"name":"Butik","item":"https:\/\/animefigurer.se\/figurer\/"},{"@type":"ListItem","position":3,"name":"Star Wars: Revenge of the Sith MMS Anakin Skywalker 1\/6th Scale Collectible Figure"}]},{"@type":"WebSite","@id":"https:\/\/animefigurer.se\/#website","url":"https:\/\/animefigurer.se\/","name":"Animefigurer.se","description":"Anime figures from over 300 different anime series with over 9000 products | Anime Shop","publisher":{"@id":"https:\/\/animefigurer.se\/#organization"},"potentialAction":[{"@type":"SearchAction","target":{"@type":"EntryPoint","urlTemplate":"https:\/\/animefigurer.se\/?s={search_term_string}"},"query-input":{"@type":"PropertyValueSpecification","valueRequired":true,"valueName":"search_term_string"}}],"inLanguage":"en-GB"},{"@type":"Organization","@id":"https:\/\/animefigurer.se\/#organization","name":"Animefigurer.se","alternateName":"Anime figurer | Anime shop","url":"https:\/\/animefigurer.se\/","logo":{"@type":"ImageObject","inLanguage":"en-GB","@id":"https:\/\/animefigurer.se\/#\/schema\/logo\/image\/","url":"https:\/\/animefigurer.se\/wp-content\/uploads\/2025\/12\/Animefigurer_logowhite.png","contentUrl":"https:\/\/animefigurer.se\/wp-content\/uploads\/2025\/12\/Animefigurer_logowhite.png","width":1890,"height":1417,"caption":"Animefigurer.se"},"image":{"@id":"https:\/\/animefigurer.se\/#\/schema\/logo\/image\/"},"sameAs":["https:\/\/www.facebook.com\/profile.php?id=61581826539670","https:\/\/www.instagram.com\/animefigurer.se\/"],"email":"info@animefigurer.se"}]}},"_links":{"self":[{"href":"https:\/\/animefigurer.se\/en\/wp-json\/wp\/v2\/product\/63601","targetHints":{"allow":["GET"]}}],"collection":[{"href":"https:\/\/animefigurer.se\/en\/wp-json\/wp\/v2\/product"}],"about":[{"href":"https:\/\/animefigurer.se\/en\/wp-json\/wp\/v2\/types\/product"}],"replies":[{"embeddable":true,"href":"https:\/\/animefigurer.se\/en\/wp-json\/wp\/v2\/comments?post=63601"}],"wp:featuredmedia":[{"embeddable":true,"href":"https:\/\/animefigurer.se\/en\/wp-json\/wp\/v2\/media\/63602"}],"wp:attachment":[{"href":"https:\/\/animefigurer.se\/en\/wp-json\/wp\/v2\/media?parent=63601"}],"wp:term":[{"taxonomy":"product_brand","embeddable":true,"href":"https:\/\/animefigurer.se\/en\/wp-json\/wp\/v2\/product_brand?post=63601"},{"taxonomy":"product_cat","embeddable":true,"href":"https:\/\/animefigurer.se\/en\/wp-json\/wp\/v2\/product_cat?post=63601"},{"taxonomy":"product_tag","embeddable":true,"href":"https:\/\/animefigurer.se\/en\/wp-json\/wp\/v2\/product_tag?post=63601"},{"taxonomy":"giftcard-category","embeddable":true,"href":"https:\/\/animefigurer.se\/en\/wp-json\/wp\/v2\/giftcard-category?post=63601"}],"curies":[{"name":"wp","href":"https:\/\/api.w.org\/{rel}","templated":true}]}}