{"id":63546,"date":"2025-10-21T13:26:54","date_gmt":"2025-10-21T11:26:54","guid":{"rendered":"https:\/\/animefigurer.se\/produkt\/star-wars-a-new-hope-mms798-tie-fighter-pilot-1-6th-scale-collectible-figure\/"},"modified":"2025-12-21T19:35:15","modified_gmt":"2025-12-21T18:35:15","slug":"star-wars-a-new-hope-mms798-tie-fighter-pilot-1-6th-scale-collectible-figure","status":"publish","type":"product","link":"https:\/\/animefigurer.se\/en\/figurer\/star-wars\/star-wars-a-new-hope-mms798-tie-fighter-pilot-1-6th-scale-collectible-figure\/","title":{"rendered":"Star Wars: A New Hope MMS798 TIE Fighter Pilot 1\/6th Scale Collectible Figure"},"content":{"rendered":"<p>TIE fighter pilots relied on lightning-fast reflexes to survive in combat \u2014 TIE fighters lacked heavy armor and shields, so only the most skilled became fighter aces.<\/p>\n<p>Hot Toys celebrates the heart-pounding battle between Luke Skywalker and Han Solo against TIE fighters with this sixth-scale TIE Fighter Pilot, based on Star Wars: Episode IV \u2013 A New Hope.<\/p>\n<p>The figure features a detailed helmet with Imperial markings and breathing tubes attached to the chest panel. Accessories include a blaster rifle, blaster pistol and display base, making it a great addition to your Star Wars collection.<\/p>","protected":false},"excerpt":{"rendered":"<p>TIE fighter pilots relied on lightning-fast reflexes to survive in combat \u2014 TIE fighters lacked heavy armor and shields, so only the most skilled became fighter aces.<\/p>\n<p>Hot Toys celebrates the heart-pounding battle between Luke Skywalker and Han Solo against TIE fighters with this<\/p>","protected":false},"featured_media":63547,"comment_status":"closed","ping_status":"open","template":"","meta":{"_acf_changed":false,"_monsterinsights_skip_tracking":false,"_monsterinsights_sitenote_active":false,"_monsterinsights_sitenote_note":"","_monsterinsights_sitenote_category":0},"product_brand":[7024],"product_cat":[7233,5098],"product_tag":[26],"giftcard-category":[],"class_list":{"0":"post-63546","1":"product","2":"type-product","3":"status-publish","4":"has-post-thumbnail","6":"product_brand-hot-toys","7":"product_cat-pre-order","8":"product_cat-star-wars","9":"product_tag-pre-order","10":"pa_franchise-star-wars","11":"pa_karaktar-tie-fighter-pilot","12":"pa_material-plastic-and-fabric","13":"pa_skala-57","14":"pa_storlek-31-cm","16":"first","17":"instock","18":"taxable","19":"shipping-taxable","20":"purchasable","21":"product-type-simple"},"acf":[],"yoast_head":"<!-- This site is optimized with the Yoast SEO Premium plugin v24.6 (Yoast SEO v27.4) - https:\/\/yoast.com\/product\/yoast-seo-premium-wordpress\/ -->\n<title>Star Wars: A New Hope MMS798 TIE Fighter Pilot 1\/6th Scale Collectible Figure | Animefigurer.se<\/title>\n<meta name=\"robots\" content=\"index, follow, max-snippet:-1, max-image-preview:large, max-video-preview:-1\" \/>\n<link rel=\"canonical\" href=\"https:\/\/animefigurer.se\/en\/figurer\/star-wars\/star-wars-a-new-hope-mms798-tie-fighter-pilot-1-6th-scale-collectible-figure\/\" \/>\n<meta property=\"og:locale\" content=\"en_GB\" \/>\n<meta property=\"og:type\" content=\"article\" \/>\n<meta property=\"og:title\" content=\"Star Wars: A New Hope MMS798 TIE Fighter Pilot 1\/6th Scale Collectible Figure\" \/>\n<meta property=\"og:description\" content=\"TIE\u2011j\u00e4garnas piloter f\u00f6rlitade sig p\u00e5 blixtsnabba reflexer f\u00f6r att \u00f6verleva i strid \u2014 TIE\u2011jaktplanen saknade kraftfull pansarering och sk\u00f6ldar, s\u00e5 endast de skickligaste blev stridsflygar\u00e4ss. Hot Toys hyllar den pulsh\u00f6jande striden d\u00e4r Luke Skywalker och Han Solo st\u00e4lls mot TIE\u2011fighters genom denna\" \/>\n<meta property=\"og:url\" content=\"https:\/\/animefigurer.se\/en\/figurer\/star-wars\/star-wars-a-new-hope-mms798-tie-fighter-pilot-1-6th-scale-collectible-figure\/\" \/>\n<meta property=\"og:site_name\" content=\"Animefigurer.se\" \/>\n<meta property=\"article:publisher\" content=\"https:\/\/www.facebook.com\/profile.php?id=61581826539670\" \/>\n<meta property=\"article:modified_time\" content=\"2025-12-21T18:35:15+00:00\" \/>\n<meta property=\"og:image\" content=\"https:\/\/animefigurer.se\/wp-content\/uploads\/2025\/12\/Animefigurer_logowhite.png\" \/>\n\t<meta property=\"og:image:width\" content=\"1890\" \/>\n\t<meta property=\"og:image:height\" content=\"1417\" \/>\n\t<meta property=\"og:image:type\" content=\"image\/png\" \/>\n<meta name=\"twitter:card\" content=\"summary_large_image\" \/>\n<meta name=\"twitter:label1\" content=\"Estimated reading time\" \/>\n\t<meta name=\"twitter:data1\" content=\"1 minute\" \/>\n<script type=\"application\/ld+json\" class=\"yoast-schema-graph\">{\"@context\":\"https:\\\/\\\/schema.org\",\"@graph\":[{\"@type\":\"WebPage\",\"@id\":\"https:\\\/\\\/animefigurer.se\\\/en\\\/figurer\\\/star-wars\\\/star-wars-a-new-hope-mms798-tie-fighter-pilot-1-6th-scale-collectible-figure\\\/\",\"url\":\"https:\\\/\\\/animefigurer.se\\\/en\\\/figurer\\\/star-wars\\\/star-wars-a-new-hope-mms798-tie-fighter-pilot-1-6th-scale-collectible-figure\\\/\",\"name\":\"Star Wars: A New Hope MMS798 TIE Fighter Pilot 1\\\/6th Scale Collectible Figure | Animefigurer.se\",\"isPartOf\":{\"@id\":\"https:\\\/\\\/animefigurer.se\\\/#website\"},\"primaryImageOfPage\":{\"@id\":\"https:\\\/\\\/animefigurer.se\\\/en\\\/figurer\\\/star-wars\\\/star-wars-a-new-hope-mms798-tie-fighter-pilot-1-6th-scale-collectible-figure\\\/#primaryimage\"},\"image\":{\"@id\":\"https:\\\/\\\/animefigurer.se\\\/en\\\/figurer\\\/star-wars\\\/star-wars-a-new-hope-mms798-tie-fighter-pilot-1-6th-scale-collectible-figure\\\/#primaryimage\"},\"thumbnailUrl\":\"https:\\\/\\\/animefigurer.se\\\/wp-content\\\/uploads\\\/2025\\\/10\\\/67c9ec12502ca.jpeg\",\"datePublished\":\"2025-10-21T11:26:54+00:00\",\"dateModified\":\"2025-12-21T18:35:15+00:00\",\"breadcrumb\":{\"@id\":\"https:\\\/\\\/animefigurer.se\\\/en\\\/figurer\\\/star-wars\\\/star-wars-a-new-hope-mms798-tie-fighter-pilot-1-6th-scale-collectible-figure\\\/#breadcrumb\"},\"inLanguage\":\"en-GB\",\"potentialAction\":[{\"@type\":\"ReadAction\",\"target\":[\"https:\\\/\\\/animefigurer.se\\\/en\\\/figurer\\\/star-wars\\\/star-wars-a-new-hope-mms798-tie-fighter-pilot-1-6th-scale-collectible-figure\\\/\"]}]},{\"@type\":\"ImageObject\",\"inLanguage\":\"en-GB\",\"@id\":\"https:\\\/\\\/animefigurer.se\\\/en\\\/figurer\\\/star-wars\\\/star-wars-a-new-hope-mms798-tie-fighter-pilot-1-6th-scale-collectible-figure\\\/#primaryimage\",\"url\":\"https:\\\/\\\/animefigurer.se\\\/wp-content\\\/uploads\\\/2025\\\/10\\\/67c9ec12502ca.jpeg\",\"contentUrl\":\"https:\\\/\\\/animefigurer.se\\\/wp-content\\\/uploads\\\/2025\\\/10\\\/67c9ec12502ca.jpeg\",\"width\":720,\"height\":540},{\"@type\":\"BreadcrumbList\",\"@id\":\"https:\\\/\\\/animefigurer.se\\\/en\\\/figurer\\\/star-wars\\\/star-wars-a-new-hope-mms798-tie-fighter-pilot-1-6th-scale-collectible-figure\\\/#breadcrumb\",\"itemListElement\":[{\"@type\":\"ListItem\",\"position\":1,\"name\":\"Home\",\"item\":\"https:\\\/\\\/animefigurer.se\\\/\"},{\"@type\":\"ListItem\",\"position\":2,\"name\":\"Butik\",\"item\":\"https:\\\/\\\/animefigurer.se\\\/figurer\\\/\"},{\"@type\":\"ListItem\",\"position\":3,\"name\":\"Star Wars: A New Hope MMS798 TIE Fighter Pilot 1\\\/6th Scale Collectible Figure\"}]},{\"@type\":\"WebSite\",\"@id\":\"https:\\\/\\\/animefigurer.se\\\/#website\",\"url\":\"https:\\\/\\\/animefigurer.se\\\/\",\"name\":\"Animefigurer.se\",\"description\":\"Anime figurer fr\u00e5n \u00f6ver 300 olika anime serier med \u00f6ver 9000 produkter | Anime Shop\",\"publisher\":{\"@id\":\"https:\\\/\\\/animefigurer.se\\\/#organization\"},\"potentialAction\":[{\"@type\":\"SearchAction\",\"target\":{\"@type\":\"EntryPoint\",\"urlTemplate\":\"https:\\\/\\\/animefigurer.se\\\/?s={search_term_string}\"},\"query-input\":{\"@type\":\"PropertyValueSpecification\",\"valueRequired\":true,\"valueName\":\"search_term_string\"}}],\"inLanguage\":\"en-GB\"},{\"@type\":\"Organization\",\"@id\":\"https:\\\/\\\/animefigurer.se\\\/#organization\",\"name\":\"Animefigurer.se\",\"alternateName\":\"Anime figurer | Anime shop\",\"url\":\"https:\\\/\\\/animefigurer.se\\\/\",\"logo\":{\"@type\":\"ImageObject\",\"inLanguage\":\"en-GB\",\"@id\":\"https:\\\/\\\/animefigurer.se\\\/#\\\/schema\\\/logo\\\/image\\\/\",\"url\":\"https:\\\/\\\/animefigurer.se\\\/wp-content\\\/uploads\\\/2025\\\/12\\\/Animefigurer_logowhite.png\",\"contentUrl\":\"https:\\\/\\\/animefigurer.se\\\/wp-content\\\/uploads\\\/2025\\\/12\\\/Animefigurer_logowhite.png\",\"width\":1890,\"height\":1417,\"caption\":\"Animefigurer.se\"},\"image\":{\"@id\":\"https:\\\/\\\/animefigurer.se\\\/#\\\/schema\\\/logo\\\/image\\\/\"},\"sameAs\":[\"https:\\\/\\\/www.facebook.com\\\/profile.php?id=61581826539670\",\"https:\\\/\\\/www.instagram.com\\\/animefigurer.se\\\/\"],\"email\":\"info@animefigurer.se\"}]}<\/script>\n<!-- \/ Yoast SEO Premium plugin. -->","yoast_head_json":{"title":"Star Wars: A New Hope MMS798 TIE Fighter Pilot 1\/6th Scale Collectible Figure | Animefigurer.se","robots":{"index":"index","follow":"follow","max-snippet":"max-snippet:-1","max-image-preview":"max-image-preview:large","max-video-preview":"max-video-preview:-1"},"canonical":"https:\/\/animefigurer.se\/en\/figurer\/star-wars\/star-wars-a-new-hope-mms798-tie-fighter-pilot-1-6th-scale-collectible-figure\/","og_locale":"en_GB","og_type":"article","og_title":"Star Wars: A New Hope MMS798 TIE Fighter Pilot 1\/6th Scale Collectible Figure","og_description":"TIE\u2011j\u00e4garnas piloter f\u00f6rlitade sig p\u00e5 blixtsnabba reflexer f\u00f6r att \u00f6verleva i strid \u2014 TIE\u2011jaktplanen saknade kraftfull pansarering och sk\u00f6ldar, s\u00e5 endast de skickligaste blev stridsflygar\u00e4ss. Hot Toys hyllar den pulsh\u00f6jande striden d\u00e4r Luke Skywalker och Han Solo st\u00e4lls mot TIE\u2011fighters genom denna","og_url":"https:\/\/animefigurer.se\/en\/figurer\/star-wars\/star-wars-a-new-hope-mms798-tie-fighter-pilot-1-6th-scale-collectible-figure\/","og_site_name":"Animefigurer.se","article_publisher":"https:\/\/www.facebook.com\/profile.php?id=61581826539670","article_modified_time":"2025-12-21T18:35:15+00:00","og_image":[{"width":1890,"height":1417,"url":"https:\/\/animefigurer.se\/wp-content\/uploads\/2025\/12\/Animefigurer_logowhite.png","type":"image\/png"}],"twitter_card":"summary_large_image","twitter_misc":{"Estimated reading time":"1 minute"},"schema":{"@context":"https:\/\/schema.org","@graph":[{"@type":"WebPage","@id":"https:\/\/animefigurer.se\/en\/figurer\/star-wars\/star-wars-a-new-hope-mms798-tie-fighter-pilot-1-6th-scale-collectible-figure\/","url":"https:\/\/animefigurer.se\/en\/figurer\/star-wars\/star-wars-a-new-hope-mms798-tie-fighter-pilot-1-6th-scale-collectible-figure\/","name":"Star Wars: A New Hope MMS798 TIE Fighter Pilot 1\/6th Scale Collectible Figure | Animefigurer.se","isPartOf":{"@id":"https:\/\/animefigurer.se\/#website"},"primaryImageOfPage":{"@id":"https:\/\/animefigurer.se\/en\/figurer\/star-wars\/star-wars-a-new-hope-mms798-tie-fighter-pilot-1-6th-scale-collectible-figure\/#primaryimage"},"image":{"@id":"https:\/\/animefigurer.se\/en\/figurer\/star-wars\/star-wars-a-new-hope-mms798-tie-fighter-pilot-1-6th-scale-collectible-figure\/#primaryimage"},"thumbnailUrl":"https:\/\/animefigurer.se\/wp-content\/uploads\/2025\/10\/67c9ec12502ca.jpeg","datePublished":"2025-10-21T11:26:54+00:00","dateModified":"2025-12-21T18:35:15+00:00","breadcrumb":{"@id":"https:\/\/animefigurer.se\/en\/figurer\/star-wars\/star-wars-a-new-hope-mms798-tie-fighter-pilot-1-6th-scale-collectible-figure\/#breadcrumb"},"inLanguage":"en-GB","potentialAction":[{"@type":"ReadAction","target":["https:\/\/animefigurer.se\/en\/figurer\/star-wars\/star-wars-a-new-hope-mms798-tie-fighter-pilot-1-6th-scale-collectible-figure\/"]}]},{"@type":"ImageObject","inLanguage":"en-GB","@id":"https:\/\/animefigurer.se\/en\/figurer\/star-wars\/star-wars-a-new-hope-mms798-tie-fighter-pilot-1-6th-scale-collectible-figure\/#primaryimage","url":"https:\/\/animefigurer.se\/wp-content\/uploads\/2025\/10\/67c9ec12502ca.jpeg","contentUrl":"https:\/\/animefigurer.se\/wp-content\/uploads\/2025\/10\/67c9ec12502ca.jpeg","width":720,"height":540},{"@type":"BreadcrumbList","@id":"https:\/\/animefigurer.se\/en\/figurer\/star-wars\/star-wars-a-new-hope-mms798-tie-fighter-pilot-1-6th-scale-collectible-figure\/#breadcrumb","itemListElement":[{"@type":"ListItem","position":1,"name":"Home","item":"https:\/\/animefigurer.se\/"},{"@type":"ListItem","position":2,"name":"Butik","item":"https:\/\/animefigurer.se\/figurer\/"},{"@type":"ListItem","position":3,"name":"Star Wars: A New Hope MMS798 TIE Fighter Pilot 1\/6th Scale Collectible Figure"}]},{"@type":"WebSite","@id":"https:\/\/animefigurer.se\/#website","url":"https:\/\/animefigurer.se\/","name":"Animefigurer.se","description":"Anime figures from over 300 different anime series with over 9000 products | Anime Shop","publisher":{"@id":"https:\/\/animefigurer.se\/#organization"},"potentialAction":[{"@type":"SearchAction","target":{"@type":"EntryPoint","urlTemplate":"https:\/\/animefigurer.se\/?s={search_term_string}"},"query-input":{"@type":"PropertyValueSpecification","valueRequired":true,"valueName":"search_term_string"}}],"inLanguage":"en-GB"},{"@type":"Organization","@id":"https:\/\/animefigurer.se\/#organization","name":"Animefigurer.se","alternateName":"Anime figurer | Anime shop","url":"https:\/\/animefigurer.se\/","logo":{"@type":"ImageObject","inLanguage":"en-GB","@id":"https:\/\/animefigurer.se\/#\/schema\/logo\/image\/","url":"https:\/\/animefigurer.se\/wp-content\/uploads\/2025\/12\/Animefigurer_logowhite.png","contentUrl":"https:\/\/animefigurer.se\/wp-content\/uploads\/2025\/12\/Animefigurer_logowhite.png","width":1890,"height":1417,"caption":"Animefigurer.se"},"image":{"@id":"https:\/\/animefigurer.se\/#\/schema\/logo\/image\/"},"sameAs":["https:\/\/www.facebook.com\/profile.php?id=61581826539670","https:\/\/www.instagram.com\/animefigurer.se\/"],"email":"info@animefigurer.se"}]}},"_links":{"self":[{"href":"https:\/\/animefigurer.se\/en\/wp-json\/wp\/v2\/product\/63546","targetHints":{"allow":["GET"]}}],"collection":[{"href":"https:\/\/animefigurer.se\/en\/wp-json\/wp\/v2\/product"}],"about":[{"href":"https:\/\/animefigurer.se\/en\/wp-json\/wp\/v2\/types\/product"}],"replies":[{"embeddable":true,"href":"https:\/\/animefigurer.se\/en\/wp-json\/wp\/v2\/comments?post=63546"}],"wp:featuredmedia":[{"embeddable":true,"href":"https:\/\/animefigurer.se\/en\/wp-json\/wp\/v2\/media\/63547"}],"wp:attachment":[{"href":"https:\/\/animefigurer.se\/en\/wp-json\/wp\/v2\/media?parent=63546"}],"wp:term":[{"taxonomy":"product_brand","embeddable":true,"href":"https:\/\/animefigurer.se\/en\/wp-json\/wp\/v2\/product_brand?post=63546"},{"taxonomy":"product_cat","embeddable":true,"href":"https:\/\/animefigurer.se\/en\/wp-json\/wp\/v2\/product_cat?post=63546"},{"taxonomy":"product_tag","embeddable":true,"href":"https:\/\/animefigurer.se\/en\/wp-json\/wp\/v2\/product_tag?post=63546"},{"taxonomy":"giftcard-category","embeddable":true,"href":"https:\/\/animefigurer.se\/en\/wp-json\/wp\/v2\/giftcard-category?post=63546"}],"curies":[{"name":"wp","href":"https:\/\/api.w.org\/{rel}","templated":true}]}}