{"id":63490,"date":"2025-10-21T13:26:54","date_gmt":"2025-10-21T11:26:54","guid":{"rendered":"https:\/\/animefigurer.se\/produkt\/star-wars-revenge-of-the-sith-mms805-palpatine-darth-sidious-1-6th-scale-collectible-figure\/"},"modified":"2025-12-21T19:35:15","modified_gmt":"2025-12-21T18:35:15","slug":"star-wars-revenge-of-the-sith-mms805-palpatine-darth-sidious-1-6th-scale-collectible-figure","status":"publish","type":"product","link":"https:\/\/animefigurer.se\/en\/figurer\/star-wars\/star-wars-revenge-of-the-sith-mms805-palpatine-darth-sidious-1-6th-scale-collectible-figure\/","title":{"rendered":"Star Wars: Revenge of the Sith MMS805 Palpatine (Darth Sidious) 1\/6th Scale Collectible Figure"},"content":{"rendered":"<p>The dark side of the Force offers abilities that many find terrifying\u2014and Sheev Palpatine is its most notorious exponent. As Darth Sidious, he restored the Sith, helped bring down the Jedi Order, and manipulated the Republic until he became Supreme Chancellor and eventually Emperor. After his seemingly final death at Endor, he patiently plotted his return.<\/p>\n<p>Hot Toys now presents an impressive 1\/6th scale collectible figure of Palpatine (Darth Sidious), inspired by Star Wars: Episode III \u2013 Revenge of the Sith.<\/p>\n<p>The figure features two interchangeable head sculpts \u2014 one featuring Palpatine\u2019s more sophisticated face and one showing his terrifying, deformed appearance after his confrontation with Mace Windu. The character is dressed in a finely tailored costume made of textured fabrics and comes with a lightsaber and an LED-lit lightsaber for added drama. A stylish figure base is included for display.<\/p>\n<p>Show your loyalty to the dark side and add a powerful addition to your collection with this Palpatine figure from Hot Toys.<\/p>","protected":false},"excerpt":{"rendered":"<p>The dark side of the Force offers abilities that many find terrifying \u2014 and Sheev Palpatine is its most notorious exponent. As Darth Sidious, he restored the Sith, helped bring down the Jedi Order, and manipulated the Republic until he became Supreme Chancellor and eventually Emperor. After his appearance<\/p>","protected":false},"featured_media":63491,"comment_status":"closed","ping_status":"open","template":"","meta":{"_acf_changed":false,"_monsterinsights_skip_tracking":false,"_monsterinsights_sitenote_active":false,"_monsterinsights_sitenote_note":"","_monsterinsights_sitenote_category":0},"product_brand":[7024],"product_cat":[7233,5098],"product_tag":[26],"giftcard-category":[],"class_list":{"0":"post-63490","1":"product","2":"type-product","3":"status-publish","4":"has-post-thumbnail","6":"product_brand-hot-toys","7":"product_cat-pre-order","8":"product_cat-star-wars","9":"product_tag-pre-order","10":"pa_franchise-star-wars-revenge-of-the-sith","11":"pa_karaktar-darth-sidious","12":"pa_material-plastic-and-fabric","13":"pa_skala-57","14":"pa_storlek-29-cm","16":"first","17":"instock","18":"taxable","19":"shipping-taxable","20":"purchasable","21":"product-type-simple"},"acf":[],"yoast_head":"<!-- This site is optimized with the Yoast SEO Premium plugin v24.6 (Yoast SEO v27.4) - https:\/\/yoast.com\/product\/yoast-seo-premium-wordpress\/ -->\n<title>Star Wars: Revenge of the Sith MMS805 Palpatine (Darth Sidious) 1\/6th Scale Collectible Figure | Animefigurer.se<\/title>\n<meta name=\"robots\" content=\"index, follow, max-snippet:-1, max-image-preview:large, max-video-preview:-1\" \/>\n<link rel=\"canonical\" href=\"https:\/\/animefigurer.se\/en\/figurer\/star-wars\/star-wars-revenge-of-the-sith-mms805-palpatine-darth-sidious-1-6th-scale-collectible-figure\/\" \/>\n<meta property=\"og:locale\" content=\"en_GB\" \/>\n<meta property=\"og:type\" content=\"article\" \/>\n<meta property=\"og:title\" content=\"Star Wars: Revenge of the Sith MMS805 Palpatine (Darth Sidious) 1\/6th Scale Collectible Figure\" \/>\n<meta property=\"og:description\" content=\"Den m\u00f6rka sidan av Kraften erbjuder f\u00f6rm\u00e5gor som m\u00e5nga finner skr\u00e4mmande \u2014 och Sheev Palpatine \u00e4r dess mest \u00f6k\u00e4nda uttolkare. Som Darth Sidious \u00e5terst\u00e4llde han Sitherna, bidrog till Jediordens fall och manipulerade republiken tills han blev H\u00f6gsta kansler och s\u00e5 sm\u00e5ningom kejsare. Efter sin till syn\" \/>\n<meta property=\"og:url\" content=\"https:\/\/animefigurer.se\/en\/figurer\/star-wars\/star-wars-revenge-of-the-sith-mms805-palpatine-darth-sidious-1-6th-scale-collectible-figure\/\" \/>\n<meta property=\"og:site_name\" content=\"Animefigurer.se\" \/>\n<meta property=\"article:publisher\" content=\"https:\/\/www.facebook.com\/profile.php?id=61581826539670\" \/>\n<meta property=\"article:modified_time\" content=\"2025-12-21T18:35:15+00:00\" \/>\n<meta property=\"og:image\" content=\"https:\/\/animefigurer.se\/wp-content\/uploads\/2025\/12\/Animefigurer_logowhite.png\" \/>\n\t<meta property=\"og:image:width\" content=\"1890\" \/>\n\t<meta property=\"og:image:height\" content=\"1417\" \/>\n\t<meta property=\"og:image:type\" content=\"image\/png\" \/>\n<meta name=\"twitter:card\" content=\"summary_large_image\" \/>\n<meta name=\"twitter:label1\" content=\"Estimated reading time\" \/>\n\t<meta name=\"twitter:data1\" content=\"1 minute\" \/>\n<script type=\"application\/ld+json\" class=\"yoast-schema-graph\">{\"@context\":\"https:\\\/\\\/schema.org\",\"@graph\":[{\"@type\":\"WebPage\",\"@id\":\"https:\\\/\\\/animefigurer.se\\\/figurer\\\/star-wars\\\/star-wars-revenge-of-the-sith-mms805-palpatine-darth-sidious-1-6th-scale-collectible-figure\\\/\",\"url\":\"https:\\\/\\\/animefigurer.se\\\/figurer\\\/star-wars\\\/star-wars-revenge-of-the-sith-mms805-palpatine-darth-sidious-1-6th-scale-collectible-figure\\\/\",\"name\":\"Star Wars: Revenge of the Sith MMS805 Palpatine (Darth Sidious) 1\\\/6th Scale Collectible Figure | Animefigurer.se\",\"isPartOf\":{\"@id\":\"https:\\\/\\\/animefigurer.se\\\/#website\"},\"primaryImageOfPage\":{\"@id\":\"https:\\\/\\\/animefigurer.se\\\/figurer\\\/star-wars\\\/star-wars-revenge-of-the-sith-mms805-palpatine-darth-sidious-1-6th-scale-collectible-figure\\\/#primaryimage\"},\"image\":{\"@id\":\"https:\\\/\\\/animefigurer.se\\\/figurer\\\/star-wars\\\/star-wars-revenge-of-the-sith-mms805-palpatine-darth-sidious-1-6th-scale-collectible-figure\\\/#primaryimage\"},\"thumbnailUrl\":\"https:\\\/\\\/animefigurer.se\\\/wp-content\\\/uploads\\\/2025\\\/10\\\/681106491db19.jpeg\",\"datePublished\":\"2025-10-21T11:26:54+00:00\",\"dateModified\":\"2025-12-21T18:35:15+00:00\",\"breadcrumb\":{\"@id\":\"https:\\\/\\\/animefigurer.se\\\/figurer\\\/star-wars\\\/star-wars-revenge-of-the-sith-mms805-palpatine-darth-sidious-1-6th-scale-collectible-figure\\\/#breadcrumb\"},\"inLanguage\":\"en-GB\",\"potentialAction\":[{\"@type\":\"ReadAction\",\"target\":[\"https:\\\/\\\/animefigurer.se\\\/figurer\\\/star-wars\\\/star-wars-revenge-of-the-sith-mms805-palpatine-darth-sidious-1-6th-scale-collectible-figure\\\/\"]}]},{\"@type\":\"ImageObject\",\"inLanguage\":\"en-GB\",\"@id\":\"https:\\\/\\\/animefigurer.se\\\/figurer\\\/star-wars\\\/star-wars-revenge-of-the-sith-mms805-palpatine-darth-sidious-1-6th-scale-collectible-figure\\\/#primaryimage\",\"url\":\"https:\\\/\\\/animefigurer.se\\\/wp-content\\\/uploads\\\/2025\\\/10\\\/681106491db19.jpeg\",\"contentUrl\":\"https:\\\/\\\/animefigurer.se\\\/wp-content\\\/uploads\\\/2025\\\/10\\\/681106491db19.jpeg\",\"width\":720,\"height\":540},{\"@type\":\"BreadcrumbList\",\"@id\":\"https:\\\/\\\/animefigurer.se\\\/figurer\\\/star-wars\\\/star-wars-revenge-of-the-sith-mms805-palpatine-darth-sidious-1-6th-scale-collectible-figure\\\/#breadcrumb\",\"itemListElement\":[{\"@type\":\"ListItem\",\"position\":1,\"name\":\"Home\",\"item\":\"https:\\\/\\\/animefigurer.se\\\/\"},{\"@type\":\"ListItem\",\"position\":2,\"name\":\"Butik\",\"item\":\"https:\\\/\\\/animefigurer.se\\\/figurer\\\/\"},{\"@type\":\"ListItem\",\"position\":3,\"name\":\"Star Wars: Revenge of the Sith MMS805 Palpatine (Darth Sidious) 1\\\/6th Scale Collectible Figure\"}]},{\"@type\":\"WebSite\",\"@id\":\"https:\\\/\\\/animefigurer.se\\\/#website\",\"url\":\"https:\\\/\\\/animefigurer.se\\\/\",\"name\":\"Animefigurer.se\",\"description\":\"Anime figurer fr\u00e5n \u00f6ver 300 olika anime serier med \u00f6ver 9000 produkter | Anime Shop\",\"publisher\":{\"@id\":\"https:\\\/\\\/animefigurer.se\\\/#organization\"},\"potentialAction\":[{\"@type\":\"SearchAction\",\"target\":{\"@type\":\"EntryPoint\",\"urlTemplate\":\"https:\\\/\\\/animefigurer.se\\\/?s={search_term_string}\"},\"query-input\":{\"@type\":\"PropertyValueSpecification\",\"valueRequired\":true,\"valueName\":\"search_term_string\"}}],\"inLanguage\":\"en-GB\"},{\"@type\":\"Organization\",\"@id\":\"https:\\\/\\\/animefigurer.se\\\/#organization\",\"name\":\"Animefigurer.se\",\"alternateName\":\"Anime figurer | Anime shop\",\"url\":\"https:\\\/\\\/animefigurer.se\\\/\",\"logo\":{\"@type\":\"ImageObject\",\"inLanguage\":\"en-GB\",\"@id\":\"https:\\\/\\\/animefigurer.se\\\/#\\\/schema\\\/logo\\\/image\\\/\",\"url\":\"https:\\\/\\\/animefigurer.se\\\/wp-content\\\/uploads\\\/2025\\\/12\\\/Animefigurer_logowhite.png\",\"contentUrl\":\"https:\\\/\\\/animefigurer.se\\\/wp-content\\\/uploads\\\/2025\\\/12\\\/Animefigurer_logowhite.png\",\"width\":1890,\"height\":1417,\"caption\":\"Animefigurer.se\"},\"image\":{\"@id\":\"https:\\\/\\\/animefigurer.se\\\/#\\\/schema\\\/logo\\\/image\\\/\"},\"sameAs\":[\"https:\\\/\\\/www.facebook.com\\\/profile.php?id=61581826539670\",\"https:\\\/\\\/www.instagram.com\\\/animefigurer.se\\\/\"],\"email\":\"info@animefigurer.se\"}]}<\/script>\n<!-- \/ Yoast SEO Premium plugin. -->","yoast_head_json":{"title":"Star Wars: Revenge of the Sith MMS805 Palpatine (Darth Sidious) 1\/6th Scale Collectible Figure | Animefigurer.se","robots":{"index":"index","follow":"follow","max-snippet":"max-snippet:-1","max-image-preview":"max-image-preview:large","max-video-preview":"max-video-preview:-1"},"canonical":"https:\/\/animefigurer.se\/en\/figurer\/star-wars\/star-wars-revenge-of-the-sith-mms805-palpatine-darth-sidious-1-6th-scale-collectible-figure\/","og_locale":"en_GB","og_type":"article","og_title":"Star Wars: Revenge of the Sith MMS805 Palpatine (Darth Sidious) 1\/6th Scale Collectible Figure","og_description":"Den m\u00f6rka sidan av Kraften erbjuder f\u00f6rm\u00e5gor som m\u00e5nga finner skr\u00e4mmande \u2014 och Sheev Palpatine \u00e4r dess mest \u00f6k\u00e4nda uttolkare. Som Darth Sidious \u00e5terst\u00e4llde han Sitherna, bidrog till Jediordens fall och manipulerade republiken tills han blev H\u00f6gsta kansler och s\u00e5 sm\u00e5ningom kejsare. Efter sin till syn","og_url":"https:\/\/animefigurer.se\/en\/figurer\/star-wars\/star-wars-revenge-of-the-sith-mms805-palpatine-darth-sidious-1-6th-scale-collectible-figure\/","og_site_name":"Animefigurer.se","article_publisher":"https:\/\/www.facebook.com\/profile.php?id=61581826539670","article_modified_time":"2025-12-21T18:35:15+00:00","og_image":[{"width":1890,"height":1417,"url":"https:\/\/animefigurer.se\/wp-content\/uploads\/2025\/12\/Animefigurer_logowhite.png","type":"image\/png"}],"twitter_card":"summary_large_image","twitter_misc":{"Estimated reading time":"1 minute"},"schema":{"@context":"https:\/\/schema.org","@graph":[{"@type":"WebPage","@id":"https:\/\/animefigurer.se\/figurer\/star-wars\/star-wars-revenge-of-the-sith-mms805-palpatine-darth-sidious-1-6th-scale-collectible-figure\/","url":"https:\/\/animefigurer.se\/figurer\/star-wars\/star-wars-revenge-of-the-sith-mms805-palpatine-darth-sidious-1-6th-scale-collectible-figure\/","name":"Star Wars: Revenge of the Sith MMS805 Palpatine (Darth Sidious) 1\/6th Scale Collectible Figure | Animefigurer.se","isPartOf":{"@id":"https:\/\/animefigurer.se\/#website"},"primaryImageOfPage":{"@id":"https:\/\/animefigurer.se\/figurer\/star-wars\/star-wars-revenge-of-the-sith-mms805-palpatine-darth-sidious-1-6th-scale-collectible-figure\/#primaryimage"},"image":{"@id":"https:\/\/animefigurer.se\/figurer\/star-wars\/star-wars-revenge-of-the-sith-mms805-palpatine-darth-sidious-1-6th-scale-collectible-figure\/#primaryimage"},"thumbnailUrl":"https:\/\/animefigurer.se\/wp-content\/uploads\/2025\/10\/681106491db19.jpeg","datePublished":"2025-10-21T11:26:54+00:00","dateModified":"2025-12-21T18:35:15+00:00","breadcrumb":{"@id":"https:\/\/animefigurer.se\/figurer\/star-wars\/star-wars-revenge-of-the-sith-mms805-palpatine-darth-sidious-1-6th-scale-collectible-figure\/#breadcrumb"},"inLanguage":"en-GB","potentialAction":[{"@type":"ReadAction","target":["https:\/\/animefigurer.se\/figurer\/star-wars\/star-wars-revenge-of-the-sith-mms805-palpatine-darth-sidious-1-6th-scale-collectible-figure\/"]}]},{"@type":"ImageObject","inLanguage":"en-GB","@id":"https:\/\/animefigurer.se\/figurer\/star-wars\/star-wars-revenge-of-the-sith-mms805-palpatine-darth-sidious-1-6th-scale-collectible-figure\/#primaryimage","url":"https:\/\/animefigurer.se\/wp-content\/uploads\/2025\/10\/681106491db19.jpeg","contentUrl":"https:\/\/animefigurer.se\/wp-content\/uploads\/2025\/10\/681106491db19.jpeg","width":720,"height":540},{"@type":"BreadcrumbList","@id":"https:\/\/animefigurer.se\/figurer\/star-wars\/star-wars-revenge-of-the-sith-mms805-palpatine-darth-sidious-1-6th-scale-collectible-figure\/#breadcrumb","itemListElement":[{"@type":"ListItem","position":1,"name":"Home","item":"https:\/\/animefigurer.se\/"},{"@type":"ListItem","position":2,"name":"Butik","item":"https:\/\/animefigurer.se\/figurer\/"},{"@type":"ListItem","position":3,"name":"Star Wars: Revenge of the Sith MMS805 Palpatine (Darth Sidious) 1\/6th Scale Collectible Figure"}]},{"@type":"WebSite","@id":"https:\/\/animefigurer.se\/#website","url":"https:\/\/animefigurer.se\/","name":"Animefigurer.se","description":"Anime figures from over 300 different anime series with over 9000 products | Anime Shop","publisher":{"@id":"https:\/\/animefigurer.se\/#organization"},"potentialAction":[{"@type":"SearchAction","target":{"@type":"EntryPoint","urlTemplate":"https:\/\/animefigurer.se\/?s={search_term_string}"},"query-input":{"@type":"PropertyValueSpecification","valueRequired":true,"valueName":"search_term_string"}}],"inLanguage":"en-GB"},{"@type":"Organization","@id":"https:\/\/animefigurer.se\/#organization","name":"Animefigurer.se","alternateName":"Anime figurer | Anime shop","url":"https:\/\/animefigurer.se\/","logo":{"@type":"ImageObject","inLanguage":"en-GB","@id":"https:\/\/animefigurer.se\/#\/schema\/logo\/image\/","url":"https:\/\/animefigurer.se\/wp-content\/uploads\/2025\/12\/Animefigurer_logowhite.png","contentUrl":"https:\/\/animefigurer.se\/wp-content\/uploads\/2025\/12\/Animefigurer_logowhite.png","width":1890,"height":1417,"caption":"Animefigurer.se"},"image":{"@id":"https:\/\/animefigurer.se\/#\/schema\/logo\/image\/"},"sameAs":["https:\/\/www.facebook.com\/profile.php?id=61581826539670","https:\/\/www.instagram.com\/animefigurer.se\/"],"email":"info@animefigurer.se"}]}},"_links":{"self":[{"href":"https:\/\/animefigurer.se\/en\/wp-json\/wp\/v2\/product\/63490","targetHints":{"allow":["GET"]}}],"collection":[{"href":"https:\/\/animefigurer.se\/en\/wp-json\/wp\/v2\/product"}],"about":[{"href":"https:\/\/animefigurer.se\/en\/wp-json\/wp\/v2\/types\/product"}],"replies":[{"embeddable":true,"href":"https:\/\/animefigurer.se\/en\/wp-json\/wp\/v2\/comments?post=63490"}],"wp:featuredmedia":[{"embeddable":true,"href":"https:\/\/animefigurer.se\/en\/wp-json\/wp\/v2\/media\/63491"}],"wp:attachment":[{"href":"https:\/\/animefigurer.se\/en\/wp-json\/wp\/v2\/media?parent=63490"}],"wp:term":[{"taxonomy":"product_brand","embeddable":true,"href":"https:\/\/animefigurer.se\/en\/wp-json\/wp\/v2\/product_brand?post=63490"},{"taxonomy":"product_cat","embeddable":true,"href":"https:\/\/animefigurer.se\/en\/wp-json\/wp\/v2\/product_cat?post=63490"},{"taxonomy":"product_tag","embeddable":true,"href":"https:\/\/animefigurer.se\/en\/wp-json\/wp\/v2\/product_tag?post=63490"},{"taxonomy":"giftcard-category","embeddable":true,"href":"https:\/\/animefigurer.se\/en\/wp-json\/wp\/v2\/giftcard-category?post=63490"}],"curies":[{"name":"wp","href":"https:\/\/api.w.org\/{rel}","templated":true}]}}