{"id":63448,"date":"2025-10-21T13:25:02","date_gmt":"2025-10-21T11:25:02","guid":{"rendered":"https:\/\/animefigurer.se\/produkt\/star-wars-the-phantom-menace-mms807-jar-jar-binks-1-6th-scale-collectible-figure\/"},"modified":"2025-12-21T19:35:12","modified_gmt":"2025-12-21T18:35:12","slug":"star-wars-the-phantom-menace-mms807-jar-jar-binks-1-6th-scale-collectible-figure","status":"publish","type":"product","link":"https:\/\/animefigurer.se\/en\/figurer\/star-wars\/star-wars-the-phantom-menace-mms807-jar-jar-binks-1-6th-scale-collectible-figure\/","title":{"rendered":"Star Wars: The Phantom Menace MMS807 Jar Jar Binks 1\/6th Scale Collectible Figure"},"content":{"rendered":"<p>Jar Jar Binks, the clumsy but well-meaning Gungan from Star Wars: The Phantom Menace, is reborn as a detailed 1\/6th scale collectible figure from Hot Toys.<\/p>\n<p>The figure is faithful to Jar Jar&#039;s appearance in the film and features a newly developed head sculpt with his signature long ears. It comes with two interchangeable facial expressions \u2014 one with a closed mouth and one with an open mouth and removable tongue \u2014 as well as two pairs of interchangeable eyeballs for multiple expressions. Jar Jar is dressed in meticulously tailored fabric clothing and is built on a specialized body with seamless arms and extensive articulation for multiple display options.<\/p>\n<p>The set also includes a Booma ball and a desert-themed base to complete the presentation.<\/p>\n<p>Add a dose of Gungan charm to your display with this Hot Toys figure!<\/p>","protected":false},"excerpt":{"rendered":"<p>Jar Jar Binks, the clumsy but well-meaning Gungan from Star Wars: The Phantom Menace, is reborn as a detailed 1\/6th scale collectible figure from Hot Toys.<\/p>\n<p>The figure is faithful to Jar Jar&#039;s appearance in the film and features a newly developed head sculpt with his signature long ears. It comes with two<\/p>","protected":false},"featured_media":63449,"comment_status":"closed","ping_status":"open","template":"","meta":{"_acf_changed":false,"_monsterinsights_skip_tracking":false,"_monsterinsights_sitenote_active":false,"_monsterinsights_sitenote_note":"","_monsterinsights_sitenote_category":0},"product_brand":[7024],"product_cat":[7233,5098],"product_tag":[26],"giftcard-category":[],"class_list":{"0":"post-63448","1":"product","2":"type-product","3":"status-publish","4":"has-post-thumbnail","6":"product_brand-hot-toys","7":"product_cat-pre-order","8":"product_cat-star-wars","9":"product_tag-pre-order","10":"pa_franchise-star-wars-the-phantom-menace","11":"pa_karaktar-jar-jar-binks","12":"pa_material-plastic-and-fabric","13":"pa_skala-57","14":"pa_storlek-33-cm","16":"first","17":"instock","18":"taxable","19":"shipping-taxable","20":"purchasable","21":"product-type-simple"},"acf":[],"yoast_head":"<!-- This site is optimized with the Yoast SEO Premium plugin v24.6 (Yoast SEO v27.4) - https:\/\/yoast.com\/product\/yoast-seo-premium-wordpress\/ -->\n<title>Star Wars: The Phantom Menace MMS807 Jar Jar Binks 1\/6th Scale Collectible Figure | Animefigurer.se<\/title>\n<meta name=\"robots\" content=\"index, follow, max-snippet:-1, max-image-preview:large, max-video-preview:-1\" \/>\n<link rel=\"canonical\" href=\"https:\/\/animefigurer.se\/en\/figurer\/star-wars\/star-wars-the-phantom-menace-mms807-jar-jar-binks-1-6th-scale-collectible-figure\/\" \/>\n<meta property=\"og:locale\" content=\"en_GB\" \/>\n<meta property=\"og:type\" content=\"article\" \/>\n<meta property=\"og:title\" content=\"Star Wars: The Phantom Menace MMS807 Jar Jar Binks 1\/6th Scale Collectible Figure\" \/>\n<meta property=\"og:description\" content=\"Jar Jar Binks, den klumpiga men v\u00e4lmenande Gungan fr\u00e5n Star Wars: The Phantom Menace, \u00e5teruppst\u00e5r som en detaljerad samlarfigur i 1\/6\u2011skala fr\u00e5n Hot Toys. Figuren \u00e4r trogen Jar Jars framtr\u00e4dande i filmen och har en nyutvecklad huvudskulptur med hans karakteristiska l\u00e5nga \u00f6ron. Den levereras med tv\u00e5\" \/>\n<meta property=\"og:url\" content=\"https:\/\/animefigurer.se\/en\/figurer\/star-wars\/star-wars-the-phantom-menace-mms807-jar-jar-binks-1-6th-scale-collectible-figure\/\" \/>\n<meta property=\"og:site_name\" content=\"Animefigurer.se\" \/>\n<meta property=\"article:publisher\" content=\"https:\/\/www.facebook.com\/profile.php?id=61581826539670\" \/>\n<meta property=\"article:modified_time\" content=\"2025-12-21T18:35:12+00:00\" \/>\n<meta property=\"og:image\" content=\"https:\/\/animefigurer.se\/wp-content\/uploads\/2025\/12\/Animefigurer_logowhite.png\" \/>\n\t<meta property=\"og:image:width\" content=\"1890\" \/>\n\t<meta property=\"og:image:height\" content=\"1417\" \/>\n\t<meta property=\"og:image:type\" content=\"image\/png\" \/>\n<meta name=\"twitter:card\" content=\"summary_large_image\" \/>\n<meta name=\"twitter:label1\" content=\"Estimated reading time\" \/>\n\t<meta name=\"twitter:data1\" content=\"1 minute\" \/>\n<script type=\"application\/ld+json\" class=\"yoast-schema-graph\">{\"@context\":\"https:\\\/\\\/schema.org\",\"@graph\":[{\"@type\":\"WebPage\",\"@id\":\"https:\\\/\\\/animefigurer.se\\\/figurer\\\/star-wars\\\/star-wars-the-phantom-menace-mms807-jar-jar-binks-1-6th-scale-collectible-figure\\\/\",\"url\":\"https:\\\/\\\/animefigurer.se\\\/figurer\\\/star-wars\\\/star-wars-the-phantom-menace-mms807-jar-jar-binks-1-6th-scale-collectible-figure\\\/\",\"name\":\"Star Wars: The Phantom Menace MMS807 Jar Jar Binks 1\\\/6th Scale Collectible Figure | Animefigurer.se\",\"isPartOf\":{\"@id\":\"https:\\\/\\\/animefigurer.se\\\/#website\"},\"primaryImageOfPage\":{\"@id\":\"https:\\\/\\\/animefigurer.se\\\/figurer\\\/star-wars\\\/star-wars-the-phantom-menace-mms807-jar-jar-binks-1-6th-scale-collectible-figure\\\/#primaryimage\"},\"image\":{\"@id\":\"https:\\\/\\\/animefigurer.se\\\/figurer\\\/star-wars\\\/star-wars-the-phantom-menace-mms807-jar-jar-binks-1-6th-scale-collectible-figure\\\/#primaryimage\"},\"thumbnailUrl\":\"https:\\\/\\\/animefigurer.se\\\/wp-content\\\/uploads\\\/2025\\\/10\\\/6818dd6d72f4b.jpeg\",\"datePublished\":\"2025-10-21T11:25:02+00:00\",\"dateModified\":\"2025-12-21T18:35:12+00:00\",\"breadcrumb\":{\"@id\":\"https:\\\/\\\/animefigurer.se\\\/figurer\\\/star-wars\\\/star-wars-the-phantom-menace-mms807-jar-jar-binks-1-6th-scale-collectible-figure\\\/#breadcrumb\"},\"inLanguage\":\"en-GB\",\"potentialAction\":[{\"@type\":\"ReadAction\",\"target\":[\"https:\\\/\\\/animefigurer.se\\\/figurer\\\/star-wars\\\/star-wars-the-phantom-menace-mms807-jar-jar-binks-1-6th-scale-collectible-figure\\\/\"]}]},{\"@type\":\"ImageObject\",\"inLanguage\":\"en-GB\",\"@id\":\"https:\\\/\\\/animefigurer.se\\\/figurer\\\/star-wars\\\/star-wars-the-phantom-menace-mms807-jar-jar-binks-1-6th-scale-collectible-figure\\\/#primaryimage\",\"url\":\"https:\\\/\\\/animefigurer.se\\\/wp-content\\\/uploads\\\/2025\\\/10\\\/6818dd6d72f4b.jpeg\",\"contentUrl\":\"https:\\\/\\\/animefigurer.se\\\/wp-content\\\/uploads\\\/2025\\\/10\\\/6818dd6d72f4b.jpeg\",\"width\":720,\"height\":540},{\"@type\":\"BreadcrumbList\",\"@id\":\"https:\\\/\\\/animefigurer.se\\\/figurer\\\/star-wars\\\/star-wars-the-phantom-menace-mms807-jar-jar-binks-1-6th-scale-collectible-figure\\\/#breadcrumb\",\"itemListElement\":[{\"@type\":\"ListItem\",\"position\":1,\"name\":\"Home\",\"item\":\"https:\\\/\\\/animefigurer.se\\\/\"},{\"@type\":\"ListItem\",\"position\":2,\"name\":\"Butik\",\"item\":\"https:\\\/\\\/animefigurer.se\\\/figurer\\\/\"},{\"@type\":\"ListItem\",\"position\":3,\"name\":\"Star Wars: The Phantom Menace MMS807 Jar Jar Binks 1\\\/6th Scale Collectible Figure\"}]},{\"@type\":\"WebSite\",\"@id\":\"https:\\\/\\\/animefigurer.se\\\/#website\",\"url\":\"https:\\\/\\\/animefigurer.se\\\/\",\"name\":\"Animefigurer.se\",\"description\":\"Anime figurer fr\u00e5n \u00f6ver 300 olika anime serier med \u00f6ver 9000 produkter | Anime Shop\",\"publisher\":{\"@id\":\"https:\\\/\\\/animefigurer.se\\\/#organization\"},\"potentialAction\":[{\"@type\":\"SearchAction\",\"target\":{\"@type\":\"EntryPoint\",\"urlTemplate\":\"https:\\\/\\\/animefigurer.se\\\/?s={search_term_string}\"},\"query-input\":{\"@type\":\"PropertyValueSpecification\",\"valueRequired\":true,\"valueName\":\"search_term_string\"}}],\"inLanguage\":\"en-GB\"},{\"@type\":\"Organization\",\"@id\":\"https:\\\/\\\/animefigurer.se\\\/#organization\",\"name\":\"Animefigurer.se\",\"alternateName\":\"Anime figurer | Anime shop\",\"url\":\"https:\\\/\\\/animefigurer.se\\\/\",\"logo\":{\"@type\":\"ImageObject\",\"inLanguage\":\"en-GB\",\"@id\":\"https:\\\/\\\/animefigurer.se\\\/#\\\/schema\\\/logo\\\/image\\\/\",\"url\":\"https:\\\/\\\/animefigurer.se\\\/wp-content\\\/uploads\\\/2025\\\/12\\\/Animefigurer_logowhite.png\",\"contentUrl\":\"https:\\\/\\\/animefigurer.se\\\/wp-content\\\/uploads\\\/2025\\\/12\\\/Animefigurer_logowhite.png\",\"width\":1890,\"height\":1417,\"caption\":\"Animefigurer.se\"},\"image\":{\"@id\":\"https:\\\/\\\/animefigurer.se\\\/#\\\/schema\\\/logo\\\/image\\\/\"},\"sameAs\":[\"https:\\\/\\\/www.facebook.com\\\/profile.php?id=61581826539670\",\"https:\\\/\\\/www.instagram.com\\\/animefigurer.se\\\/\"],\"email\":\"info@animefigurer.se\"}]}<\/script>\n<!-- \/ Yoast SEO Premium plugin. -->","yoast_head_json":{"title":"Star Wars: The Phantom Menace MMS807 Jar Jar Binks 1\/6th Scale Collectible Figure | Animefigurer.se","robots":{"index":"index","follow":"follow","max-snippet":"max-snippet:-1","max-image-preview":"max-image-preview:large","max-video-preview":"max-video-preview:-1"},"canonical":"https:\/\/animefigurer.se\/en\/figurer\/star-wars\/star-wars-the-phantom-menace-mms807-jar-jar-binks-1-6th-scale-collectible-figure\/","og_locale":"en_GB","og_type":"article","og_title":"Star Wars: The Phantom Menace MMS807 Jar Jar Binks 1\/6th Scale Collectible Figure","og_description":"Jar Jar Binks, den klumpiga men v\u00e4lmenande Gungan fr\u00e5n Star Wars: The Phantom Menace, \u00e5teruppst\u00e5r som en detaljerad samlarfigur i 1\/6\u2011skala fr\u00e5n Hot Toys. Figuren \u00e4r trogen Jar Jars framtr\u00e4dande i filmen och har en nyutvecklad huvudskulptur med hans karakteristiska l\u00e5nga \u00f6ron. Den levereras med tv\u00e5","og_url":"https:\/\/animefigurer.se\/en\/figurer\/star-wars\/star-wars-the-phantom-menace-mms807-jar-jar-binks-1-6th-scale-collectible-figure\/","og_site_name":"Animefigurer.se","article_publisher":"https:\/\/www.facebook.com\/profile.php?id=61581826539670","article_modified_time":"2025-12-21T18:35:12+00:00","og_image":[{"width":1890,"height":1417,"url":"https:\/\/animefigurer.se\/wp-content\/uploads\/2025\/12\/Animefigurer_logowhite.png","type":"image\/png"}],"twitter_card":"summary_large_image","twitter_misc":{"Estimated reading time":"1 minute"},"schema":{"@context":"https:\/\/schema.org","@graph":[{"@type":"WebPage","@id":"https:\/\/animefigurer.se\/figurer\/star-wars\/star-wars-the-phantom-menace-mms807-jar-jar-binks-1-6th-scale-collectible-figure\/","url":"https:\/\/animefigurer.se\/figurer\/star-wars\/star-wars-the-phantom-menace-mms807-jar-jar-binks-1-6th-scale-collectible-figure\/","name":"Star Wars: The Phantom Menace MMS807 Jar Jar Binks 1\/6th Scale Collectible Figure | Animefigurer.se","isPartOf":{"@id":"https:\/\/animefigurer.se\/#website"},"primaryImageOfPage":{"@id":"https:\/\/animefigurer.se\/figurer\/star-wars\/star-wars-the-phantom-menace-mms807-jar-jar-binks-1-6th-scale-collectible-figure\/#primaryimage"},"image":{"@id":"https:\/\/animefigurer.se\/figurer\/star-wars\/star-wars-the-phantom-menace-mms807-jar-jar-binks-1-6th-scale-collectible-figure\/#primaryimage"},"thumbnailUrl":"https:\/\/animefigurer.se\/wp-content\/uploads\/2025\/10\/6818dd6d72f4b.jpeg","datePublished":"2025-10-21T11:25:02+00:00","dateModified":"2025-12-21T18:35:12+00:00","breadcrumb":{"@id":"https:\/\/animefigurer.se\/figurer\/star-wars\/star-wars-the-phantom-menace-mms807-jar-jar-binks-1-6th-scale-collectible-figure\/#breadcrumb"},"inLanguage":"en-GB","potentialAction":[{"@type":"ReadAction","target":["https:\/\/animefigurer.se\/figurer\/star-wars\/star-wars-the-phantom-menace-mms807-jar-jar-binks-1-6th-scale-collectible-figure\/"]}]},{"@type":"ImageObject","inLanguage":"en-GB","@id":"https:\/\/animefigurer.se\/figurer\/star-wars\/star-wars-the-phantom-menace-mms807-jar-jar-binks-1-6th-scale-collectible-figure\/#primaryimage","url":"https:\/\/animefigurer.se\/wp-content\/uploads\/2025\/10\/6818dd6d72f4b.jpeg","contentUrl":"https:\/\/animefigurer.se\/wp-content\/uploads\/2025\/10\/6818dd6d72f4b.jpeg","width":720,"height":540},{"@type":"BreadcrumbList","@id":"https:\/\/animefigurer.se\/figurer\/star-wars\/star-wars-the-phantom-menace-mms807-jar-jar-binks-1-6th-scale-collectible-figure\/#breadcrumb","itemListElement":[{"@type":"ListItem","position":1,"name":"Home","item":"https:\/\/animefigurer.se\/"},{"@type":"ListItem","position":2,"name":"Butik","item":"https:\/\/animefigurer.se\/figurer\/"},{"@type":"ListItem","position":3,"name":"Star Wars: The Phantom Menace MMS807 Jar Jar Binks 1\/6th Scale Collectible Figure"}]},{"@type":"WebSite","@id":"https:\/\/animefigurer.se\/#website","url":"https:\/\/animefigurer.se\/","name":"Animefigurer.se","description":"Anime figures from over 300 different anime series with over 9000 products | Anime Shop","publisher":{"@id":"https:\/\/animefigurer.se\/#organization"},"potentialAction":[{"@type":"SearchAction","target":{"@type":"EntryPoint","urlTemplate":"https:\/\/animefigurer.se\/?s={search_term_string}"},"query-input":{"@type":"PropertyValueSpecification","valueRequired":true,"valueName":"search_term_string"}}],"inLanguage":"en-GB"},{"@type":"Organization","@id":"https:\/\/animefigurer.se\/#organization","name":"Animefigurer.se","alternateName":"Anime figurer | Anime shop","url":"https:\/\/animefigurer.se\/","logo":{"@type":"ImageObject","inLanguage":"en-GB","@id":"https:\/\/animefigurer.se\/#\/schema\/logo\/image\/","url":"https:\/\/animefigurer.se\/wp-content\/uploads\/2025\/12\/Animefigurer_logowhite.png","contentUrl":"https:\/\/animefigurer.se\/wp-content\/uploads\/2025\/12\/Animefigurer_logowhite.png","width":1890,"height":1417,"caption":"Animefigurer.se"},"image":{"@id":"https:\/\/animefigurer.se\/#\/schema\/logo\/image\/"},"sameAs":["https:\/\/www.facebook.com\/profile.php?id=61581826539670","https:\/\/www.instagram.com\/animefigurer.se\/"],"email":"info@animefigurer.se"}]}},"_links":{"self":[{"href":"https:\/\/animefigurer.se\/en\/wp-json\/wp\/v2\/product\/63448","targetHints":{"allow":["GET"]}}],"collection":[{"href":"https:\/\/animefigurer.se\/en\/wp-json\/wp\/v2\/product"}],"about":[{"href":"https:\/\/animefigurer.se\/en\/wp-json\/wp\/v2\/types\/product"}],"replies":[{"embeddable":true,"href":"https:\/\/animefigurer.se\/en\/wp-json\/wp\/v2\/comments?post=63448"}],"wp:featuredmedia":[{"embeddable":true,"href":"https:\/\/animefigurer.se\/en\/wp-json\/wp\/v2\/media\/63449"}],"wp:attachment":[{"href":"https:\/\/animefigurer.se\/en\/wp-json\/wp\/v2\/media?parent=63448"}],"wp:term":[{"taxonomy":"product_brand","embeddable":true,"href":"https:\/\/animefigurer.se\/en\/wp-json\/wp\/v2\/product_brand?post=63448"},{"taxonomy":"product_cat","embeddable":true,"href":"https:\/\/animefigurer.se\/en\/wp-json\/wp\/v2\/product_cat?post=63448"},{"taxonomy":"product_tag","embeddable":true,"href":"https:\/\/animefigurer.se\/en\/wp-json\/wp\/v2\/product_tag?post=63448"},{"taxonomy":"giftcard-category","embeddable":true,"href":"https:\/\/animefigurer.se\/en\/wp-json\/wp\/v2\/giftcard-category?post=63448"}],"curies":[{"name":"wp","href":"https:\/\/api.w.org\/{rel}","templated":true}]}}