{"id":63213,"date":"2025-10-21T13:22:47","date_gmt":"2025-10-21T11:22:47","guid":{"rendered":"https:\/\/animefigurer.se\/produkt\/gridman-universe-dreamy-divas-1-7-scale-figure-set\/"},"modified":"2025-12-21T19:35:11","modified_gmt":"2025-12-21T18:35:11","slug":"gridman-universe-dreamy-divas-1-7-scale-figure-set","status":"publish","type":"product","link":"https:\/\/animefigurer.se\/en\/figurer\/ssss-series\/gridman-universe-dreamy-divas-1-7-scale-figure-set\/","title":{"rendered":"Gridman Universe Dreamy Divas 1\/7 Scale Figure Set"},"content":{"rendered":"<p>From the Gridman Universe comes a 1\/7th scale set featuring heroines Rikka Takarada, Akane Shinjo, and Yume Minami wearing their original Dreamy Divas outfits!<\/p>\n<p>The figures are based on original illustrations by Masaru Sakamoto, the series&#039; character designer.<\/p>\n<p>Rikka wears an eye-catching combination of a red-and-blue bomber jacket and tight skirt that is sure to turn heads. Akane is seen in a futuristic street fashion look that highlights her shorts and sheer black tights \u2014 a balanced mix of sweetness and edge. Yume wears a colorful jacket and exudes mystery in her dynamic pose.<\/p>\n<p>Add this beautiful trio to your collection for a complete and impressive display!<\/p>","protected":false},"excerpt":{"rendered":"<p>From the Gridman Universe comes a 1\/7th scale set featuring heroines Rikka Takarada, Akane Shinjo, and Yume Minami wearing their original Dreamy Divas outfits!<\/p>\n<p>The figures are based on original illustrations by Masaru Sakamoto, the series&#039; character designer.<\/p>\n<p>Rikka wears an eye-catching combination of red and blue bomber jackets<\/p>","protected":false},"featured_media":63214,"comment_status":"closed","ping_status":"open","template":"","meta":{"_acf_changed":false,"_monsterinsights_skip_tracking":false,"_monsterinsights_sitenote_active":false,"_monsterinsights_sitenote_note":"","_monsterinsights_sitenote_category":0},"product_brand":[7141],"product_cat":[7233,5056],"product_tag":[26],"giftcard-category":[],"class_list":{"0":"post-63213","1":"product","2":"type-product","3":"status-publish","4":"has-post-thumbnail","6":"product_brand-solarain","7":"product_cat-pre-order","8":"product_cat-ssss-series","9":"product_tag-pre-order","10":"pa_franchise-gridman-universe","11":"pa_material-pvc-abs","12":"pa_skala-41","13":"pa_storlek-24-26-cm","15":"first","16":"instock","17":"taxable","18":"shipping-taxable","19":"purchasable","20":"product-type-simple"},"acf":[],"yoast_head":"<!-- This site is optimized with the Yoast SEO Premium plugin v24.6 (Yoast SEO v27.3) - https:\/\/yoast.com\/product\/yoast-seo-premium-wordpress\/ -->\n<title>Gridman Universe Dreamy Divas 1\/7 Scale Figure Set | Animefigurer.se<\/title>\n<meta name=\"robots\" content=\"index, follow, max-snippet:-1, max-image-preview:large, max-video-preview:-1\" \/>\n<link rel=\"canonical\" href=\"https:\/\/animefigurer.se\/en\/figurer\/ssss-series\/gridman-universe-dreamy-divas-1-7-scale-figure-set\/\" \/>\n<meta property=\"og:locale\" content=\"en_GB\" \/>\n<meta property=\"og:type\" content=\"article\" \/>\n<meta property=\"og:title\" content=\"Gridman Universe Dreamy Divas 1\/7 Scale Figure Set\" \/>\n<meta property=\"og:description\" content=\"Fr\u00e5n Gridman Universe kommer en 1\/7\u2011skala set med hj\u00e4ltinnorna Rikka Takarada, Akane Shinjo och Yume Minami ikl\u00e4dda sina original Dreamy Divas\u2011outfits! Figurerna bygger p\u00e5 originalillustrationer av Masaru Sakamoto, seriens karakt\u00e4rsdesigner. Rikka b\u00e4r en i\u00f6gonfallande kombination av r\u00f6d\u2011bl\u00e5 bomber\" \/>\n<meta property=\"og:url\" content=\"https:\/\/animefigurer.se\/en\/figurer\/ssss-series\/gridman-universe-dreamy-divas-1-7-scale-figure-set\/\" \/>\n<meta property=\"og:site_name\" content=\"Animefigurer.se\" \/>\n<meta property=\"article:publisher\" content=\"https:\/\/www.facebook.com\/profile.php?id=61581826539670\" \/>\n<meta property=\"article:modified_time\" content=\"2025-12-21T18:35:11+00:00\" \/>\n<meta property=\"og:image\" content=\"https:\/\/animefigurer.se\/wp-content\/uploads\/2025\/12\/Animefigurer_logowhite.png\" \/>\n\t<meta property=\"og:image:width\" content=\"1890\" \/>\n\t<meta property=\"og:image:height\" content=\"1417\" \/>\n\t<meta property=\"og:image:type\" content=\"image\/png\" \/>\n<meta name=\"twitter:card\" content=\"summary_large_image\" \/>\n<meta name=\"twitter:label1\" content=\"Estimated reading time\" \/>\n\t<meta name=\"twitter:data1\" content=\"1 minute\" \/>\n<script type=\"application\/ld+json\" class=\"yoast-schema-graph\">{\"@context\":\"https:\\\/\\\/schema.org\",\"@graph\":[{\"@type\":\"WebPage\",\"@id\":\"https:\\\/\\\/animefigurer.se\\\/figurer\\\/ssss-series\\\/gridman-universe-dreamy-divas-1-7-scale-figure-set\\\/\",\"url\":\"https:\\\/\\\/animefigurer.se\\\/figurer\\\/ssss-series\\\/gridman-universe-dreamy-divas-1-7-scale-figure-set\\\/\",\"name\":\"Gridman Universe Dreamy Divas 1\\\/7 Scale Figure Set | Animefigurer.se\",\"isPartOf\":{\"@id\":\"https:\\\/\\\/animefigurer.se\\\/#website\"},\"primaryImageOfPage\":{\"@id\":\"https:\\\/\\\/animefigurer.se\\\/figurer\\\/ssss-series\\\/gridman-universe-dreamy-divas-1-7-scale-figure-set\\\/#primaryimage\"},\"image\":{\"@id\":\"https:\\\/\\\/animefigurer.se\\\/figurer\\\/ssss-series\\\/gridman-universe-dreamy-divas-1-7-scale-figure-set\\\/#primaryimage\"},\"thumbnailUrl\":\"https:\\\/\\\/animefigurer.se\\\/wp-content\\\/uploads\\\/2025\\\/10\\\/676ec461ab902.jpeg\",\"datePublished\":\"2025-10-21T11:22:47+00:00\",\"dateModified\":\"2025-12-21T18:35:11+00:00\",\"breadcrumb\":{\"@id\":\"https:\\\/\\\/animefigurer.se\\\/figurer\\\/ssss-series\\\/gridman-universe-dreamy-divas-1-7-scale-figure-set\\\/#breadcrumb\"},\"inLanguage\":\"en-GB\",\"potentialAction\":[{\"@type\":\"ReadAction\",\"target\":[\"https:\\\/\\\/animefigurer.se\\\/figurer\\\/ssss-series\\\/gridman-universe-dreamy-divas-1-7-scale-figure-set\\\/\"]}]},{\"@type\":\"ImageObject\",\"inLanguage\":\"en-GB\",\"@id\":\"https:\\\/\\\/animefigurer.se\\\/figurer\\\/ssss-series\\\/gridman-universe-dreamy-divas-1-7-scale-figure-set\\\/#primaryimage\",\"url\":\"https:\\\/\\\/animefigurer.se\\\/wp-content\\\/uploads\\\/2025\\\/10\\\/676ec461ab902.jpeg\",\"contentUrl\":\"https:\\\/\\\/animefigurer.se\\\/wp-content\\\/uploads\\\/2025\\\/10\\\/676ec461ab902.jpeg\",\"width\":720,\"height\":540},{\"@type\":\"BreadcrumbList\",\"@id\":\"https:\\\/\\\/animefigurer.se\\\/figurer\\\/ssss-series\\\/gridman-universe-dreamy-divas-1-7-scale-figure-set\\\/#breadcrumb\",\"itemListElement\":[{\"@type\":\"ListItem\",\"position\":1,\"name\":\"Home\",\"item\":\"https:\\\/\\\/animefigurer.se\\\/\"},{\"@type\":\"ListItem\",\"position\":2,\"name\":\"Butik\",\"item\":\"https:\\\/\\\/animefigurer.se\\\/figurer\\\/\"},{\"@type\":\"ListItem\",\"position\":3,\"name\":\"Gridman Universe Dreamy Divas 1\\\/7 Scale Figure Set\"}]},{\"@type\":\"WebSite\",\"@id\":\"https:\\\/\\\/animefigurer.se\\\/#website\",\"url\":\"https:\\\/\\\/animefigurer.se\\\/\",\"name\":\"Animefigurer.se\",\"description\":\"Anime figurer fr\u00e5n \u00f6ver 300 olika anime serier med \u00f6ver 9000 produkter | Anime Shop\",\"publisher\":{\"@id\":\"https:\\\/\\\/animefigurer.se\\\/#organization\"},\"potentialAction\":[{\"@type\":\"SearchAction\",\"target\":{\"@type\":\"EntryPoint\",\"urlTemplate\":\"https:\\\/\\\/animefigurer.se\\\/?s={search_term_string}\"},\"query-input\":{\"@type\":\"PropertyValueSpecification\",\"valueRequired\":true,\"valueName\":\"search_term_string\"}}],\"inLanguage\":\"en-GB\"},{\"@type\":\"Organization\",\"@id\":\"https:\\\/\\\/animefigurer.se\\\/#organization\",\"name\":\"Animefigurer.se\",\"alternateName\":\"Anime figurer | Anime shop\",\"url\":\"https:\\\/\\\/animefigurer.se\\\/\",\"logo\":{\"@type\":\"ImageObject\",\"inLanguage\":\"en-GB\",\"@id\":\"https:\\\/\\\/animefigurer.se\\\/#\\\/schema\\\/logo\\\/image\\\/\",\"url\":\"https:\\\/\\\/animefigurer.se\\\/wp-content\\\/uploads\\\/2025\\\/12\\\/Animefigurer_logowhite.png\",\"contentUrl\":\"https:\\\/\\\/animefigurer.se\\\/wp-content\\\/uploads\\\/2025\\\/12\\\/Animefigurer_logowhite.png\",\"width\":1890,\"height\":1417,\"caption\":\"Animefigurer.se\"},\"image\":{\"@id\":\"https:\\\/\\\/animefigurer.se\\\/#\\\/schema\\\/logo\\\/image\\\/\"},\"sameAs\":[\"https:\\\/\\\/www.facebook.com\\\/profile.php?id=61581826539670\",\"https:\\\/\\\/www.instagram.com\\\/animefigurer.se\\\/\"],\"email\":\"info@animefigurer.se\"}]}<\/script>\n<!-- \/ Yoast SEO Premium plugin. -->","yoast_head_json":{"title":"Gridman Universe Dreamy Divas 1\/7 Scale Figure Set | Animefigurer.se","robots":{"index":"index","follow":"follow","max-snippet":"max-snippet:-1","max-image-preview":"max-image-preview:large","max-video-preview":"max-video-preview:-1"},"canonical":"https:\/\/animefigurer.se\/en\/figurer\/ssss-series\/gridman-universe-dreamy-divas-1-7-scale-figure-set\/","og_locale":"en_GB","og_type":"article","og_title":"Gridman Universe Dreamy Divas 1\/7 Scale Figure Set","og_description":"Fr\u00e5n Gridman Universe kommer en 1\/7\u2011skala set med hj\u00e4ltinnorna Rikka Takarada, Akane Shinjo och Yume Minami ikl\u00e4dda sina original Dreamy Divas\u2011outfits! Figurerna bygger p\u00e5 originalillustrationer av Masaru Sakamoto, seriens karakt\u00e4rsdesigner. Rikka b\u00e4r en i\u00f6gonfallande kombination av r\u00f6d\u2011bl\u00e5 bomber","og_url":"https:\/\/animefigurer.se\/en\/figurer\/ssss-series\/gridman-universe-dreamy-divas-1-7-scale-figure-set\/","og_site_name":"Animefigurer.se","article_publisher":"https:\/\/www.facebook.com\/profile.php?id=61581826539670","article_modified_time":"2025-12-21T18:35:11+00:00","og_image":[{"width":1890,"height":1417,"url":"https:\/\/animefigurer.se\/wp-content\/uploads\/2025\/12\/Animefigurer_logowhite.png","type":"image\/png"}],"twitter_card":"summary_large_image","twitter_misc":{"Estimated reading time":"1 minute"},"schema":{"@context":"https:\/\/schema.org","@graph":[{"@type":"WebPage","@id":"https:\/\/animefigurer.se\/figurer\/ssss-series\/gridman-universe-dreamy-divas-1-7-scale-figure-set\/","url":"https:\/\/animefigurer.se\/figurer\/ssss-series\/gridman-universe-dreamy-divas-1-7-scale-figure-set\/","name":"Gridman Universe Dreamy Divas 1\/7 Scale Figure Set | Animefigurer.se","isPartOf":{"@id":"https:\/\/animefigurer.se\/#website"},"primaryImageOfPage":{"@id":"https:\/\/animefigurer.se\/figurer\/ssss-series\/gridman-universe-dreamy-divas-1-7-scale-figure-set\/#primaryimage"},"image":{"@id":"https:\/\/animefigurer.se\/figurer\/ssss-series\/gridman-universe-dreamy-divas-1-7-scale-figure-set\/#primaryimage"},"thumbnailUrl":"https:\/\/animefigurer.se\/wp-content\/uploads\/2025\/10\/676ec461ab902.jpeg","datePublished":"2025-10-21T11:22:47+00:00","dateModified":"2025-12-21T18:35:11+00:00","breadcrumb":{"@id":"https:\/\/animefigurer.se\/figurer\/ssss-series\/gridman-universe-dreamy-divas-1-7-scale-figure-set\/#breadcrumb"},"inLanguage":"en-GB","potentialAction":[{"@type":"ReadAction","target":["https:\/\/animefigurer.se\/figurer\/ssss-series\/gridman-universe-dreamy-divas-1-7-scale-figure-set\/"]}]},{"@type":"ImageObject","inLanguage":"en-GB","@id":"https:\/\/animefigurer.se\/figurer\/ssss-series\/gridman-universe-dreamy-divas-1-7-scale-figure-set\/#primaryimage","url":"https:\/\/animefigurer.se\/wp-content\/uploads\/2025\/10\/676ec461ab902.jpeg","contentUrl":"https:\/\/animefigurer.se\/wp-content\/uploads\/2025\/10\/676ec461ab902.jpeg","width":720,"height":540},{"@type":"BreadcrumbList","@id":"https:\/\/animefigurer.se\/figurer\/ssss-series\/gridman-universe-dreamy-divas-1-7-scale-figure-set\/#breadcrumb","itemListElement":[{"@type":"ListItem","position":1,"name":"Home","item":"https:\/\/animefigurer.se\/"},{"@type":"ListItem","position":2,"name":"Butik","item":"https:\/\/animefigurer.se\/figurer\/"},{"@type":"ListItem","position":3,"name":"Gridman Universe Dreamy Divas 1\/7 Scale Figure Set"}]},{"@type":"WebSite","@id":"https:\/\/animefigurer.se\/#website","url":"https:\/\/animefigurer.se\/","name":"Animefigurer.se","description":"Anime figures from over 300 different anime series with over 9000 products | Anime Shop","publisher":{"@id":"https:\/\/animefigurer.se\/#organization"},"potentialAction":[{"@type":"SearchAction","target":{"@type":"EntryPoint","urlTemplate":"https:\/\/animefigurer.se\/?s={search_term_string}"},"query-input":{"@type":"PropertyValueSpecification","valueRequired":true,"valueName":"search_term_string"}}],"inLanguage":"en-GB"},{"@type":"Organization","@id":"https:\/\/animefigurer.se\/#organization","name":"Animefigurer.se","alternateName":"Anime figurer | Anime shop","url":"https:\/\/animefigurer.se\/","logo":{"@type":"ImageObject","inLanguage":"en-GB","@id":"https:\/\/animefigurer.se\/#\/schema\/logo\/image\/","url":"https:\/\/animefigurer.se\/wp-content\/uploads\/2025\/12\/Animefigurer_logowhite.png","contentUrl":"https:\/\/animefigurer.se\/wp-content\/uploads\/2025\/12\/Animefigurer_logowhite.png","width":1890,"height":1417,"caption":"Animefigurer.se"},"image":{"@id":"https:\/\/animefigurer.se\/#\/schema\/logo\/image\/"},"sameAs":["https:\/\/www.facebook.com\/profile.php?id=61581826539670","https:\/\/www.instagram.com\/animefigurer.se\/"],"email":"info@animefigurer.se"}]}},"_links":{"self":[{"href":"https:\/\/animefigurer.se\/en\/wp-json\/wp\/v2\/product\/63213","targetHints":{"allow":["GET"]}}],"collection":[{"href":"https:\/\/animefigurer.se\/en\/wp-json\/wp\/v2\/product"}],"about":[{"href":"https:\/\/animefigurer.se\/en\/wp-json\/wp\/v2\/types\/product"}],"replies":[{"embeddable":true,"href":"https:\/\/animefigurer.se\/en\/wp-json\/wp\/v2\/comments?post=63213"}],"wp:featuredmedia":[{"embeddable":true,"href":"https:\/\/animefigurer.se\/en\/wp-json\/wp\/v2\/media\/63214"}],"wp:attachment":[{"href":"https:\/\/animefigurer.se\/en\/wp-json\/wp\/v2\/media?parent=63213"}],"wp:term":[{"taxonomy":"product_brand","embeddable":true,"href":"https:\/\/animefigurer.se\/en\/wp-json\/wp\/v2\/product_brand?post=63213"},{"taxonomy":"product_cat","embeddable":true,"href":"https:\/\/animefigurer.se\/en\/wp-json\/wp\/v2\/product_cat?post=63213"},{"taxonomy":"product_tag","embeddable":true,"href":"https:\/\/animefigurer.se\/en\/wp-json\/wp\/v2\/product_tag?post=63213"},{"taxonomy":"giftcard-category","embeddable":true,"href":"https:\/\/animefigurer.se\/en\/wp-json\/wp\/v2\/giftcard-category?post=63213"}],"curies":[{"name":"wp","href":"https:\/\/api.w.org\/{rel}","templated":true}]}}