{"id":63114,"date":"2025-10-21T13:21:08","date_gmt":"2025-10-21T11:21:08","guid":{"rendered":"https:\/\/animefigurer.se\/produkt\/gridman-universe-covers-akane-shinjo-chaos-new-order-feat-saitom-1-7-scale-figure\/"},"modified":"2025-12-21T19:35:09","modified_gmt":"2025-12-21T18:35:09","slug":"gridman-universe-covers-akane-shinjo-chaos-new-order-feat-saitom-1-7-scale-figure","status":"publish","type":"product","link":"https:\/\/animefigurer.se\/en\/figurer\/ssss-series\/gridman-universe-covers-akane-shinjo-chaos-new-order-feat-saitom-1-7-scale-figure\/","title":{"rendered":"Gridman Universe COVERS Akane Shinjo (Chaos New Order feat. Saitom) 1\/7 Scale Figure"},"content":{"rendered":"<p>From Good Smile Company&#039;s new &quot;character x illustrator x figure&quot; concept COVERS comes the first release in the series: Akane Shinjo in her Chaos New Order costume, designed by Saitom. The figure is sculpted in an impressive high form to highlight both the bishojo and mecha aesthetics. Add her to your collection to enjoy the varied textures and meticulously rendered details.<\/p>","protected":false},"excerpt":{"rendered":"<p>From Good Smile Company&#039;s new concept of &quot;character x illustrator x figure&quot; COVERS comes the first release in the series: Akane Shinjo in her Chaos New Order costume, designed by Saitom. The figure is sculpted in an impressive high form to highlight both the bishojo and mecha aesthetics. Add her to your collection for<\/p>","protected":false},"featured_media":63115,"comment_status":"closed","ping_status":"open","template":"","meta":{"_acf_changed":false,"_monsterinsights_skip_tracking":false,"_monsterinsights_sitenote_active":false,"_monsterinsights_sitenote_note":"","_monsterinsights_sitenote_category":0},"product_brand":[6890],"product_cat":[7233,5056],"product_tag":[26],"giftcard-category":[],"class_list":{"0":"post-63114","1":"product","2":"type-product","3":"status-publish","4":"has-post-thumbnail","6":"product_brand-good-smile-company","7":"product_cat-pre-order","8":"product_cat-ssss-series","9":"product_tag-pre-order","10":"pa_franchise-gridman-universe","11":"pa_karaktar-akane-shinjo","12":"pa_material-pvc-abs","13":"pa_skala-41","14":"pa_storlek-29-cm","16":"first","17":"instock","18":"taxable","19":"shipping-taxable","20":"purchasable","21":"product-type-simple"},"acf":[],"yoast_head":"<!-- This site is optimized with the Yoast SEO Premium plugin v24.6 (Yoast SEO v27.4) - https:\/\/yoast.com\/product\/yoast-seo-premium-wordpress\/ -->\n<title>Gridman Universe COVERS Akane Shinjo (Chaos New Order feat. saitom) 1\/7 Scale Figure | Animefigurer.se<\/title>\n<meta name=\"robots\" content=\"index, follow, max-snippet:-1, max-image-preview:large, max-video-preview:-1\" \/>\n<link rel=\"canonical\" href=\"https:\/\/animefigurer.se\/en\/figurer\/ssss-series\/gridman-universe-covers-akane-shinjo-chaos-new-order-feat-saitom-1-7-scale-figure\/\" \/>\n<meta property=\"og:locale\" content=\"en_GB\" \/>\n<meta property=\"og:type\" content=\"article\" \/>\n<meta property=\"og:title\" content=\"Gridman Universe COVERS Akane Shinjo (Chaos New Order feat. saitom) 1\/7 Scale Figure\" \/>\n<meta property=\"og:description\" content=\"Fr\u00e5n Good Smile Companys nya koncept &quot;karakt\u00e4r x illustrat\u00f6r x figur&quot; COVERS kommer seriens f\u00f6rsta utg\u00e5va: Akane Shinjo i sin Chaos New Order-dr\u00e4kt, designad av Saitom. Figuren \u00e4r skulpterad i en imponerande h\u00f6gform f\u00f6r att framh\u00e4va b\u00e5de bishojo- och mecha-estetiken. L\u00e4gg till henne i din samling f\u00f6\" \/>\n<meta property=\"og:url\" content=\"https:\/\/animefigurer.se\/en\/figurer\/ssss-series\/gridman-universe-covers-akane-shinjo-chaos-new-order-feat-saitom-1-7-scale-figure\/\" \/>\n<meta property=\"og:site_name\" content=\"Animefigurer.se\" \/>\n<meta property=\"article:publisher\" content=\"https:\/\/www.facebook.com\/profile.php?id=61581826539670\" \/>\n<meta property=\"article:modified_time\" content=\"2025-12-21T18:35:09+00:00\" \/>\n<meta property=\"og:image\" content=\"https:\/\/animefigurer.se\/wp-content\/uploads\/2025\/12\/Animefigurer_logowhite.png\" \/>\n\t<meta property=\"og:image:width\" content=\"1890\" \/>\n\t<meta property=\"og:image:height\" content=\"1417\" \/>\n\t<meta property=\"og:image:type\" content=\"image\/png\" \/>\n<meta name=\"twitter:card\" content=\"summary_large_image\" \/>\n<script type=\"application\/ld+json\" class=\"yoast-schema-graph\">{\"@context\":\"https:\\\/\\\/schema.org\",\"@graph\":[{\"@type\":\"WebPage\",\"@id\":\"https:\\\/\\\/animefigurer.se\\\/en\\\/figurer\\\/ssss-series\\\/gridman-universe-covers-akane-shinjo-chaos-new-order-feat-saitom-1-7-scale-figure\\\/\",\"url\":\"https:\\\/\\\/animefigurer.se\\\/en\\\/figurer\\\/ssss-series\\\/gridman-universe-covers-akane-shinjo-chaos-new-order-feat-saitom-1-7-scale-figure\\\/\",\"name\":\"Gridman Universe COVERS Akane Shinjo (Chaos New Order feat. saitom) 1\\\/7 Scale Figure | Animefigurer.se\",\"isPartOf\":{\"@id\":\"https:\\\/\\\/animefigurer.se\\\/#website\"},\"primaryImageOfPage\":{\"@id\":\"https:\\\/\\\/animefigurer.se\\\/en\\\/figurer\\\/ssss-series\\\/gridman-universe-covers-akane-shinjo-chaos-new-order-feat-saitom-1-7-scale-figure\\\/#primaryimage\"},\"image\":{\"@id\":\"https:\\\/\\\/animefigurer.se\\\/en\\\/figurer\\\/ssss-series\\\/gridman-universe-covers-akane-shinjo-chaos-new-order-feat-saitom-1-7-scale-figure\\\/#primaryimage\"},\"thumbnailUrl\":\"https:\\\/\\\/animefigurer.se\\\/wp-content\\\/uploads\\\/2025\\\/10\\\/68e01fde8ae4b.jpeg\",\"datePublished\":\"2025-10-21T11:21:08+00:00\",\"dateModified\":\"2025-12-21T18:35:09+00:00\",\"breadcrumb\":{\"@id\":\"https:\\\/\\\/animefigurer.se\\\/en\\\/figurer\\\/ssss-series\\\/gridman-universe-covers-akane-shinjo-chaos-new-order-feat-saitom-1-7-scale-figure\\\/#breadcrumb\"},\"inLanguage\":\"en-GB\",\"potentialAction\":[{\"@type\":\"ReadAction\",\"target\":[\"https:\\\/\\\/animefigurer.se\\\/en\\\/figurer\\\/ssss-series\\\/gridman-universe-covers-akane-shinjo-chaos-new-order-feat-saitom-1-7-scale-figure\\\/\"]}]},{\"@type\":\"ImageObject\",\"inLanguage\":\"en-GB\",\"@id\":\"https:\\\/\\\/animefigurer.se\\\/en\\\/figurer\\\/ssss-series\\\/gridman-universe-covers-akane-shinjo-chaos-new-order-feat-saitom-1-7-scale-figure\\\/#primaryimage\",\"url\":\"https:\\\/\\\/animefigurer.se\\\/wp-content\\\/uploads\\\/2025\\\/10\\\/68e01fde8ae4b.jpeg\",\"contentUrl\":\"https:\\\/\\\/animefigurer.se\\\/wp-content\\\/uploads\\\/2025\\\/10\\\/68e01fde8ae4b.jpeg\",\"width\":800,\"height\":600},{\"@type\":\"BreadcrumbList\",\"@id\":\"https:\\\/\\\/animefigurer.se\\\/en\\\/figurer\\\/ssss-series\\\/gridman-universe-covers-akane-shinjo-chaos-new-order-feat-saitom-1-7-scale-figure\\\/#breadcrumb\",\"itemListElement\":[{\"@type\":\"ListItem\",\"position\":1,\"name\":\"Home\",\"item\":\"https:\\\/\\\/animefigurer.se\\\/\"},{\"@type\":\"ListItem\",\"position\":2,\"name\":\"Butik\",\"item\":\"https:\\\/\\\/animefigurer.se\\\/figurer\\\/\"},{\"@type\":\"ListItem\",\"position\":3,\"name\":\"Gridman Universe COVERS Akane Shinjo (Chaos New Order feat. saitom) 1\\\/7 Scale Figure\"}]},{\"@type\":\"WebSite\",\"@id\":\"https:\\\/\\\/animefigurer.se\\\/#website\",\"url\":\"https:\\\/\\\/animefigurer.se\\\/\",\"name\":\"Animefigurer.se\",\"description\":\"Anime figurer fr\u00e5n \u00f6ver 300 olika anime serier med \u00f6ver 9000 produkter | Anime Shop\",\"publisher\":{\"@id\":\"https:\\\/\\\/animefigurer.se\\\/#organization\"},\"potentialAction\":[{\"@type\":\"SearchAction\",\"target\":{\"@type\":\"EntryPoint\",\"urlTemplate\":\"https:\\\/\\\/animefigurer.se\\\/?s={search_term_string}\"},\"query-input\":{\"@type\":\"PropertyValueSpecification\",\"valueRequired\":true,\"valueName\":\"search_term_string\"}}],\"inLanguage\":\"en-GB\"},{\"@type\":\"Organization\",\"@id\":\"https:\\\/\\\/animefigurer.se\\\/#organization\",\"name\":\"Animefigurer.se\",\"alternateName\":\"Anime figurer | Anime shop\",\"url\":\"https:\\\/\\\/animefigurer.se\\\/\",\"logo\":{\"@type\":\"ImageObject\",\"inLanguage\":\"en-GB\",\"@id\":\"https:\\\/\\\/animefigurer.se\\\/#\\\/schema\\\/logo\\\/image\\\/\",\"url\":\"https:\\\/\\\/animefigurer.se\\\/wp-content\\\/uploads\\\/2025\\\/12\\\/Animefigurer_logowhite.png\",\"contentUrl\":\"https:\\\/\\\/animefigurer.se\\\/wp-content\\\/uploads\\\/2025\\\/12\\\/Animefigurer_logowhite.png\",\"width\":1890,\"height\":1417,\"caption\":\"Animefigurer.se\"},\"image\":{\"@id\":\"https:\\\/\\\/animefigurer.se\\\/#\\\/schema\\\/logo\\\/image\\\/\"},\"sameAs\":[\"https:\\\/\\\/www.facebook.com\\\/profile.php?id=61581826539670\",\"https:\\\/\\\/www.instagram.com\\\/animefigurer.se\\\/\"],\"email\":\"info@animefigurer.se\"}]}<\/script>\n<!-- \/ Yoast SEO Premium plugin. -->","yoast_head_json":{"title":"Gridman Universe COVERS Akane Shinjo (Chaos New Order feat. saitom) 1\/7 Scale Figure | Animefigurer.se","robots":{"index":"index","follow":"follow","max-snippet":"max-snippet:-1","max-image-preview":"max-image-preview:large","max-video-preview":"max-video-preview:-1"},"canonical":"https:\/\/animefigurer.se\/en\/figurer\/ssss-series\/gridman-universe-covers-akane-shinjo-chaos-new-order-feat-saitom-1-7-scale-figure\/","og_locale":"en_GB","og_type":"article","og_title":"Gridman Universe COVERS Akane Shinjo (Chaos New Order feat. saitom) 1\/7 Scale Figure","og_description":"Fr\u00e5n Good Smile Companys nya koncept \"karakt\u00e4r x illustrat\u00f6r x figur\" COVERS kommer seriens f\u00f6rsta utg\u00e5va: Akane Shinjo i sin Chaos New Order-dr\u00e4kt, designad av Saitom. Figuren \u00e4r skulpterad i en imponerande h\u00f6gform f\u00f6r att framh\u00e4va b\u00e5de bishojo- och mecha-estetiken. L\u00e4gg till henne i din samling f\u00f6","og_url":"https:\/\/animefigurer.se\/en\/figurer\/ssss-series\/gridman-universe-covers-akane-shinjo-chaos-new-order-feat-saitom-1-7-scale-figure\/","og_site_name":"Animefigurer.se","article_publisher":"https:\/\/www.facebook.com\/profile.php?id=61581826539670","article_modified_time":"2025-12-21T18:35:09+00:00","og_image":[{"width":1890,"height":1417,"url":"https:\/\/animefigurer.se\/wp-content\/uploads\/2025\/12\/Animefigurer_logowhite.png","type":"image\/png"}],"twitter_card":"summary_large_image","schema":{"@context":"https:\/\/schema.org","@graph":[{"@type":"WebPage","@id":"https:\/\/animefigurer.se\/en\/figurer\/ssss-series\/gridman-universe-covers-akane-shinjo-chaos-new-order-feat-saitom-1-7-scale-figure\/","url":"https:\/\/animefigurer.se\/en\/figurer\/ssss-series\/gridman-universe-covers-akane-shinjo-chaos-new-order-feat-saitom-1-7-scale-figure\/","name":"Gridman Universe COVERS Akane Shinjo (Chaos New Order feat. saitom) 1\/7 Scale Figure | Animefigurer.se","isPartOf":{"@id":"https:\/\/animefigurer.se\/#website"},"primaryImageOfPage":{"@id":"https:\/\/animefigurer.se\/en\/figurer\/ssss-series\/gridman-universe-covers-akane-shinjo-chaos-new-order-feat-saitom-1-7-scale-figure\/#primaryimage"},"image":{"@id":"https:\/\/animefigurer.se\/en\/figurer\/ssss-series\/gridman-universe-covers-akane-shinjo-chaos-new-order-feat-saitom-1-7-scale-figure\/#primaryimage"},"thumbnailUrl":"https:\/\/animefigurer.se\/wp-content\/uploads\/2025\/10\/68e01fde8ae4b.jpeg","datePublished":"2025-10-21T11:21:08+00:00","dateModified":"2025-12-21T18:35:09+00:00","breadcrumb":{"@id":"https:\/\/animefigurer.se\/en\/figurer\/ssss-series\/gridman-universe-covers-akane-shinjo-chaos-new-order-feat-saitom-1-7-scale-figure\/#breadcrumb"},"inLanguage":"en-GB","potentialAction":[{"@type":"ReadAction","target":["https:\/\/animefigurer.se\/en\/figurer\/ssss-series\/gridman-universe-covers-akane-shinjo-chaos-new-order-feat-saitom-1-7-scale-figure\/"]}]},{"@type":"ImageObject","inLanguage":"en-GB","@id":"https:\/\/animefigurer.se\/en\/figurer\/ssss-series\/gridman-universe-covers-akane-shinjo-chaos-new-order-feat-saitom-1-7-scale-figure\/#primaryimage","url":"https:\/\/animefigurer.se\/wp-content\/uploads\/2025\/10\/68e01fde8ae4b.jpeg","contentUrl":"https:\/\/animefigurer.se\/wp-content\/uploads\/2025\/10\/68e01fde8ae4b.jpeg","width":800,"height":600},{"@type":"BreadcrumbList","@id":"https:\/\/animefigurer.se\/en\/figurer\/ssss-series\/gridman-universe-covers-akane-shinjo-chaos-new-order-feat-saitom-1-7-scale-figure\/#breadcrumb","itemListElement":[{"@type":"ListItem","position":1,"name":"Home","item":"https:\/\/animefigurer.se\/"},{"@type":"ListItem","position":2,"name":"Butik","item":"https:\/\/animefigurer.se\/figurer\/"},{"@type":"ListItem","position":3,"name":"Gridman Universe COVERS Akane Shinjo (Chaos New Order feat. saitom) 1\/7 Scale Figure"}]},{"@type":"WebSite","@id":"https:\/\/animefigurer.se\/#website","url":"https:\/\/animefigurer.se\/","name":"Animefigurer.se","description":"Anime figures from over 300 different anime series with over 9000 products | Anime Shop","publisher":{"@id":"https:\/\/animefigurer.se\/#organization"},"potentialAction":[{"@type":"SearchAction","target":{"@type":"EntryPoint","urlTemplate":"https:\/\/animefigurer.se\/?s={search_term_string}"},"query-input":{"@type":"PropertyValueSpecification","valueRequired":true,"valueName":"search_term_string"}}],"inLanguage":"en-GB"},{"@type":"Organization","@id":"https:\/\/animefigurer.se\/#organization","name":"Animefigurer.se","alternateName":"Anime figurer | Anime shop","url":"https:\/\/animefigurer.se\/","logo":{"@type":"ImageObject","inLanguage":"en-GB","@id":"https:\/\/animefigurer.se\/#\/schema\/logo\/image\/","url":"https:\/\/animefigurer.se\/wp-content\/uploads\/2025\/12\/Animefigurer_logowhite.png","contentUrl":"https:\/\/animefigurer.se\/wp-content\/uploads\/2025\/12\/Animefigurer_logowhite.png","width":1890,"height":1417,"caption":"Animefigurer.se"},"image":{"@id":"https:\/\/animefigurer.se\/#\/schema\/logo\/image\/"},"sameAs":["https:\/\/www.facebook.com\/profile.php?id=61581826539670","https:\/\/www.instagram.com\/animefigurer.se\/"],"email":"info@animefigurer.se"}]}},"_links":{"self":[{"href":"https:\/\/animefigurer.se\/en\/wp-json\/wp\/v2\/product\/63114","targetHints":{"allow":["GET"]}}],"collection":[{"href":"https:\/\/animefigurer.se\/en\/wp-json\/wp\/v2\/product"}],"about":[{"href":"https:\/\/animefigurer.se\/en\/wp-json\/wp\/v2\/types\/product"}],"replies":[{"embeddable":true,"href":"https:\/\/animefigurer.se\/en\/wp-json\/wp\/v2\/comments?post=63114"}],"wp:featuredmedia":[{"embeddable":true,"href":"https:\/\/animefigurer.se\/en\/wp-json\/wp\/v2\/media\/63115"}],"wp:attachment":[{"href":"https:\/\/animefigurer.se\/en\/wp-json\/wp\/v2\/media?parent=63114"}],"wp:term":[{"taxonomy":"product_brand","embeddable":true,"href":"https:\/\/animefigurer.se\/en\/wp-json\/wp\/v2\/product_brand?post=63114"},{"taxonomy":"product_cat","embeddable":true,"href":"https:\/\/animefigurer.se\/en\/wp-json\/wp\/v2\/product_cat?post=63114"},{"taxonomy":"product_tag","embeddable":true,"href":"https:\/\/animefigurer.se\/en\/wp-json\/wp\/v2\/product_tag?post=63114"},{"taxonomy":"giftcard-category","embeddable":true,"href":"https:\/\/animefigurer.se\/en\/wp-json\/wp\/v2\/giftcard-category?post=63114"}],"curies":[{"name":"wp","href":"https:\/\/api.w.org\/{rel}","templated":true}]}}