{"id":63070,"date":"2025-10-21T13:21:08","date_gmt":"2025-10-21T11:21:08","guid":{"rendered":"https:\/\/animefigurer.se\/produkt\/gridman-universe-zozo-black-collection-chise-asukagawa\/"},"modified":"2025-12-21T19:35:09","modified_gmt":"2025-12-21T18:35:09","slug":"gridman-universe-zozo-black-collection-chise-asukagawa","status":"publish","type":"product","link":"https:\/\/animefigurer.se\/en\/figurer\/ssss-series\/gridman-universe-zozo-black-collection-chise-asukagawa\/","title":{"rendered":"Gridman Universe ZOZO Black Collection Chise Asukagawa"},"content":{"rendered":"<p>Union Creative releases the ZOZO Black Collection figure of Chise Asukagawa from Gridman Universe. In 2023, the collaboration between the film Gridman Universe and ZOZOTOWN created a buzz with its BLACK COLLECTION, and now one of the six heroines \u2014 Chise Asukagawa \u2014 has been transformed into a cute collectible figure.<\/p>","protected":false},"excerpt":{"rendered":"<p>Union Creative releases the ZOZO Black Collection figure of Chise Asukagawa from Gridman Universe. In 2023, the collaboration between the film Gridman Universe and ZOZOTOWN created a buzz with its BLACK COLLECTION, and now one of the six heroines \u2014 Chise Asukagawa \u2014 has been transformed into a cute collectible figure.<\/p>","protected":false},"featured_media":63071,"comment_status":"closed","ping_status":"open","template":"","meta":{"_acf_changed":false,"_monsterinsights_skip_tracking":false,"_monsterinsights_sitenote_active":false,"_monsterinsights_sitenote_note":"","_monsterinsights_sitenote_category":0},"product_brand":[7171],"product_cat":[5056],"product_tag":[24],"giftcard-category":[],"class_list":{"0":"post-63070","1":"product","2":"type-product","3":"status-publish","4":"has-post-thumbnail","6":"product_brand-union-creative","7":"product_cat-ssss-series","8":"product_tag-2-3-weeks","9":"pa_karaktar-chise-asukagawa","10":"pa_material-pvc-abs","11":"pa_storlek-20-cm","13":"first","14":"instock","15":"taxable","16":"shipping-taxable","17":"purchasable","18":"product-type-simple"},"acf":[],"yoast_head":"<!-- This site is optimized with the Yoast SEO Premium plugin v24.6 (Yoast SEO v27.4) - https:\/\/yoast.com\/product\/yoast-seo-premium-wordpress\/ -->\n<title>Gridman Universe ZOZO Black Collection Chise Asukagawa | Animefigurer.se<\/title>\n<meta name=\"robots\" content=\"index, follow, max-snippet:-1, max-image-preview:large, max-video-preview:-1\" \/>\n<link rel=\"canonical\" href=\"https:\/\/animefigurer.se\/en\/figurer\/ssss-series\/gridman-universe-zozo-black-collection-chise-asukagawa\/\" \/>\n<meta property=\"og:locale\" content=\"en_GB\" \/>\n<meta property=\"og:type\" content=\"article\" \/>\n<meta property=\"og:title\" content=\"Gridman Universe ZOZO Black Collection Chise Asukagawa\" \/>\n<meta property=\"og:description\" content=\"Union Creative sl\u00e4pper ZOZO Black Collection\u2011figuren av Chise Asukagawa fr\u00e5n Gridman Universe. Under 2023 skapade samarbetet mellan filmen Gridman Universe och ZOZOTOWN en buzz med sin BLACK COLLECTION, och nu har en av de sex hj\u00e4ltinnorna \u2014 Chise Asukagawa \u2014 f\u00f6rvandlats till en s\u00f6t samlarfigur.\" \/>\n<meta property=\"og:url\" content=\"https:\/\/animefigurer.se\/en\/figurer\/ssss-series\/gridman-universe-zozo-black-collection-chise-asukagawa\/\" \/>\n<meta property=\"og:site_name\" content=\"Animefigurer.se\" \/>\n<meta property=\"article:publisher\" content=\"https:\/\/www.facebook.com\/profile.php?id=61581826539670\" \/>\n<meta property=\"article:modified_time\" content=\"2025-12-21T18:35:09+00:00\" \/>\n<meta property=\"og:image\" content=\"https:\/\/animefigurer.se\/wp-content\/uploads\/2025\/12\/Animefigurer_logowhite.png\" \/>\n\t<meta property=\"og:image:width\" content=\"1890\" \/>\n\t<meta property=\"og:image:height\" content=\"1417\" \/>\n\t<meta property=\"og:image:type\" content=\"image\/png\" \/>\n<meta name=\"twitter:card\" content=\"summary_large_image\" \/>\n<script type=\"application\/ld+json\" class=\"yoast-schema-graph\">{\"@context\":\"https:\\\/\\\/schema.org\",\"@graph\":[{\"@type\":\"WebPage\",\"@id\":\"https:\\\/\\\/animefigurer.se\\\/figurer\\\/ssss-series\\\/gridman-universe-zozo-black-collection-chise-asukagawa\\\/\",\"url\":\"https:\\\/\\\/animefigurer.se\\\/figurer\\\/ssss-series\\\/gridman-universe-zozo-black-collection-chise-asukagawa\\\/\",\"name\":\"Gridman Universe ZOZO Black Collection Chise Asukagawa | Animefigurer.se\",\"isPartOf\":{\"@id\":\"https:\\\/\\\/animefigurer.se\\\/#website\"},\"primaryImageOfPage\":{\"@id\":\"https:\\\/\\\/animefigurer.se\\\/figurer\\\/ssss-series\\\/gridman-universe-zozo-black-collection-chise-asukagawa\\\/#primaryimage\"},\"image\":{\"@id\":\"https:\\\/\\\/animefigurer.se\\\/figurer\\\/ssss-series\\\/gridman-universe-zozo-black-collection-chise-asukagawa\\\/#primaryimage\"},\"thumbnailUrl\":\"https:\\\/\\\/animefigurer.se\\\/wp-content\\\/uploads\\\/2025\\\/10\\\/665f1566bf712.jpeg\",\"datePublished\":\"2025-10-21T11:21:08+00:00\",\"dateModified\":\"2025-12-21T18:35:09+00:00\",\"breadcrumb\":{\"@id\":\"https:\\\/\\\/animefigurer.se\\\/figurer\\\/ssss-series\\\/gridman-universe-zozo-black-collection-chise-asukagawa\\\/#breadcrumb\"},\"inLanguage\":\"en-GB\",\"potentialAction\":[{\"@type\":\"ReadAction\",\"target\":[\"https:\\\/\\\/animefigurer.se\\\/figurer\\\/ssss-series\\\/gridman-universe-zozo-black-collection-chise-asukagawa\\\/\"]}]},{\"@type\":\"ImageObject\",\"inLanguage\":\"en-GB\",\"@id\":\"https:\\\/\\\/animefigurer.se\\\/figurer\\\/ssss-series\\\/gridman-universe-zozo-black-collection-chise-asukagawa\\\/#primaryimage\",\"url\":\"https:\\\/\\\/animefigurer.se\\\/wp-content\\\/uploads\\\/2025\\\/10\\\/665f1566bf712.jpeg\",\"contentUrl\":\"https:\\\/\\\/animefigurer.se\\\/wp-content\\\/uploads\\\/2025\\\/10\\\/665f1566bf712.jpeg\",\"width\":720,\"height\":540},{\"@type\":\"BreadcrumbList\",\"@id\":\"https:\\\/\\\/animefigurer.se\\\/figurer\\\/ssss-series\\\/gridman-universe-zozo-black-collection-chise-asukagawa\\\/#breadcrumb\",\"itemListElement\":[{\"@type\":\"ListItem\",\"position\":1,\"name\":\"Home\",\"item\":\"https:\\\/\\\/animefigurer.se\\\/\"},{\"@type\":\"ListItem\",\"position\":2,\"name\":\"Butik\",\"item\":\"https:\\\/\\\/animefigurer.se\\\/figurer\\\/\"},{\"@type\":\"ListItem\",\"position\":3,\"name\":\"Gridman Universe ZOZO Black Collection Chise Asukagawa\"}]},{\"@type\":\"WebSite\",\"@id\":\"https:\\\/\\\/animefigurer.se\\\/#website\",\"url\":\"https:\\\/\\\/animefigurer.se\\\/\",\"name\":\"Animefigurer.se\",\"description\":\"Anime figurer fr\u00e5n \u00f6ver 300 olika anime serier med \u00f6ver 9000 produkter | Anime Shop\",\"publisher\":{\"@id\":\"https:\\\/\\\/animefigurer.se\\\/#organization\"},\"potentialAction\":[{\"@type\":\"SearchAction\",\"target\":{\"@type\":\"EntryPoint\",\"urlTemplate\":\"https:\\\/\\\/animefigurer.se\\\/?s={search_term_string}\"},\"query-input\":{\"@type\":\"PropertyValueSpecification\",\"valueRequired\":true,\"valueName\":\"search_term_string\"}}],\"inLanguage\":\"en-GB\"},{\"@type\":\"Organization\",\"@id\":\"https:\\\/\\\/animefigurer.se\\\/#organization\",\"name\":\"Animefigurer.se\",\"alternateName\":\"Anime figurer | Anime shop\",\"url\":\"https:\\\/\\\/animefigurer.se\\\/\",\"logo\":{\"@type\":\"ImageObject\",\"inLanguage\":\"en-GB\",\"@id\":\"https:\\\/\\\/animefigurer.se\\\/#\\\/schema\\\/logo\\\/image\\\/\",\"url\":\"https:\\\/\\\/animefigurer.se\\\/wp-content\\\/uploads\\\/2025\\\/12\\\/Animefigurer_logowhite.png\",\"contentUrl\":\"https:\\\/\\\/animefigurer.se\\\/wp-content\\\/uploads\\\/2025\\\/12\\\/Animefigurer_logowhite.png\",\"width\":1890,\"height\":1417,\"caption\":\"Animefigurer.se\"},\"image\":{\"@id\":\"https:\\\/\\\/animefigurer.se\\\/#\\\/schema\\\/logo\\\/image\\\/\"},\"sameAs\":[\"https:\\\/\\\/www.facebook.com\\\/profile.php?id=61581826539670\",\"https:\\\/\\\/www.instagram.com\\\/animefigurer.se\\\/\"],\"email\":\"info@animefigurer.se\"}]}<\/script>\n<!-- \/ Yoast SEO Premium plugin. -->","yoast_head_json":{"title":"Gridman Universe ZOZO Black Collection Chise Asukagawa | Animefigurer.se","robots":{"index":"index","follow":"follow","max-snippet":"max-snippet:-1","max-image-preview":"max-image-preview:large","max-video-preview":"max-video-preview:-1"},"canonical":"https:\/\/animefigurer.se\/en\/figurer\/ssss-series\/gridman-universe-zozo-black-collection-chise-asukagawa\/","og_locale":"en_GB","og_type":"article","og_title":"Gridman Universe ZOZO Black Collection Chise Asukagawa","og_description":"Union Creative sl\u00e4pper ZOZO Black Collection\u2011figuren av Chise Asukagawa fr\u00e5n Gridman Universe. Under 2023 skapade samarbetet mellan filmen Gridman Universe och ZOZOTOWN en buzz med sin BLACK COLLECTION, och nu har en av de sex hj\u00e4ltinnorna \u2014 Chise Asukagawa \u2014 f\u00f6rvandlats till en s\u00f6t samlarfigur.","og_url":"https:\/\/animefigurer.se\/en\/figurer\/ssss-series\/gridman-universe-zozo-black-collection-chise-asukagawa\/","og_site_name":"Animefigurer.se","article_publisher":"https:\/\/www.facebook.com\/profile.php?id=61581826539670","article_modified_time":"2025-12-21T18:35:09+00:00","og_image":[{"width":1890,"height":1417,"url":"https:\/\/animefigurer.se\/wp-content\/uploads\/2025\/12\/Animefigurer_logowhite.png","type":"image\/png"}],"twitter_card":"summary_large_image","schema":{"@context":"https:\/\/schema.org","@graph":[{"@type":"WebPage","@id":"https:\/\/animefigurer.se\/figurer\/ssss-series\/gridman-universe-zozo-black-collection-chise-asukagawa\/","url":"https:\/\/animefigurer.se\/figurer\/ssss-series\/gridman-universe-zozo-black-collection-chise-asukagawa\/","name":"Gridman Universe ZOZO Black Collection Chise Asukagawa | Animefigurer.se","isPartOf":{"@id":"https:\/\/animefigurer.se\/#website"},"primaryImageOfPage":{"@id":"https:\/\/animefigurer.se\/figurer\/ssss-series\/gridman-universe-zozo-black-collection-chise-asukagawa\/#primaryimage"},"image":{"@id":"https:\/\/animefigurer.se\/figurer\/ssss-series\/gridman-universe-zozo-black-collection-chise-asukagawa\/#primaryimage"},"thumbnailUrl":"https:\/\/animefigurer.se\/wp-content\/uploads\/2025\/10\/665f1566bf712.jpeg","datePublished":"2025-10-21T11:21:08+00:00","dateModified":"2025-12-21T18:35:09+00:00","breadcrumb":{"@id":"https:\/\/animefigurer.se\/figurer\/ssss-series\/gridman-universe-zozo-black-collection-chise-asukagawa\/#breadcrumb"},"inLanguage":"en-GB","potentialAction":[{"@type":"ReadAction","target":["https:\/\/animefigurer.se\/figurer\/ssss-series\/gridman-universe-zozo-black-collection-chise-asukagawa\/"]}]},{"@type":"ImageObject","inLanguage":"en-GB","@id":"https:\/\/animefigurer.se\/figurer\/ssss-series\/gridman-universe-zozo-black-collection-chise-asukagawa\/#primaryimage","url":"https:\/\/animefigurer.se\/wp-content\/uploads\/2025\/10\/665f1566bf712.jpeg","contentUrl":"https:\/\/animefigurer.se\/wp-content\/uploads\/2025\/10\/665f1566bf712.jpeg","width":720,"height":540},{"@type":"BreadcrumbList","@id":"https:\/\/animefigurer.se\/figurer\/ssss-series\/gridman-universe-zozo-black-collection-chise-asukagawa\/#breadcrumb","itemListElement":[{"@type":"ListItem","position":1,"name":"Home","item":"https:\/\/animefigurer.se\/"},{"@type":"ListItem","position":2,"name":"Butik","item":"https:\/\/animefigurer.se\/figurer\/"},{"@type":"ListItem","position":3,"name":"Gridman Universe ZOZO Black Collection Chise Asukagawa"}]},{"@type":"WebSite","@id":"https:\/\/animefigurer.se\/#website","url":"https:\/\/animefigurer.se\/","name":"Animefigurer.se","description":"Anime figures from over 300 different anime series with over 9000 products | Anime Shop","publisher":{"@id":"https:\/\/animefigurer.se\/#organization"},"potentialAction":[{"@type":"SearchAction","target":{"@type":"EntryPoint","urlTemplate":"https:\/\/animefigurer.se\/?s={search_term_string}"},"query-input":{"@type":"PropertyValueSpecification","valueRequired":true,"valueName":"search_term_string"}}],"inLanguage":"en-GB"},{"@type":"Organization","@id":"https:\/\/animefigurer.se\/#organization","name":"Animefigurer.se","alternateName":"Anime figurer | Anime shop","url":"https:\/\/animefigurer.se\/","logo":{"@type":"ImageObject","inLanguage":"en-GB","@id":"https:\/\/animefigurer.se\/#\/schema\/logo\/image\/","url":"https:\/\/animefigurer.se\/wp-content\/uploads\/2025\/12\/Animefigurer_logowhite.png","contentUrl":"https:\/\/animefigurer.se\/wp-content\/uploads\/2025\/12\/Animefigurer_logowhite.png","width":1890,"height":1417,"caption":"Animefigurer.se"},"image":{"@id":"https:\/\/animefigurer.se\/#\/schema\/logo\/image\/"},"sameAs":["https:\/\/www.facebook.com\/profile.php?id=61581826539670","https:\/\/www.instagram.com\/animefigurer.se\/"],"email":"info@animefigurer.se"}]}},"_links":{"self":[{"href":"https:\/\/animefigurer.se\/en\/wp-json\/wp\/v2\/product\/63070","targetHints":{"allow":["GET"]}}],"collection":[{"href":"https:\/\/animefigurer.se\/en\/wp-json\/wp\/v2\/product"}],"about":[{"href":"https:\/\/animefigurer.se\/en\/wp-json\/wp\/v2\/types\/product"}],"replies":[{"embeddable":true,"href":"https:\/\/animefigurer.se\/en\/wp-json\/wp\/v2\/comments?post=63070"}],"wp:featuredmedia":[{"embeddable":true,"href":"https:\/\/animefigurer.se\/en\/wp-json\/wp\/v2\/media\/63071"}],"wp:attachment":[{"href":"https:\/\/animefigurer.se\/en\/wp-json\/wp\/v2\/media?parent=63070"}],"wp:term":[{"taxonomy":"product_brand","embeddable":true,"href":"https:\/\/animefigurer.se\/en\/wp-json\/wp\/v2\/product_brand?post=63070"},{"taxonomy":"product_cat","embeddable":true,"href":"https:\/\/animefigurer.se\/en\/wp-json\/wp\/v2\/product_cat?post=63070"},{"taxonomy":"product_tag","embeddable":true,"href":"https:\/\/animefigurer.se\/en\/wp-json\/wp\/v2\/product_tag?post=63070"},{"taxonomy":"giftcard-category","embeddable":true,"href":"https:\/\/animefigurer.se\/en\/wp-json\/wp\/v2\/giftcard-category?post=63070"}],"curies":[{"name":"wp","href":"https:\/\/api.w.org\/{rel}","templated":true}]}}