{"id":62959,"date":"2025-10-21T13:19:19","date_gmt":"2025-10-21T11:19:19","guid":{"rendered":"https:\/\/animefigurer.se\/produkt\/squid-game-dynamic-8ction-heroes-dah-136-young-hee-doll\/"},"modified":"2026-04-17T06:59:51","modified_gmt":"2026-04-17T04:59:51","slug":"squid-game-dynamic-8ction-heroes-dah-136-young-hee-doll","status":"publish","type":"product","link":"https:\/\/animefigurer.se\/en\/figurer\/squid-game\/squid-game-dynamic-8ction-heroes-dah-136-young-hee-doll\/","title":{"rendered":"Squid Game Dynamic 8ction Heroes DAH-136 Young Hee Doll"},"content":{"rendered":"<p>Are you ready for the match?<\/p>\n<p>From the Netflix hit Squid Game comes Beast Kingdom&#039;s DAH series featuring the iconic Young Hee Doll as a 12-inch collectible. This terrifying rendition captures the giant doctor&#039;s coldly realistic expression, childlike attire, and multiple articulation points.<\/p>\n<p>With a rotating head like in the series, moving eyes, and a built-in sound feature that plays the spooky nursery rhyme, Young Hee is ready to step from the screen to your shelf and add a tangible sense of terror to your collection.<\/p>","protected":false},"excerpt":{"rendered":"<p>Are you ready for the match?<\/p>\n<p>From the Netflix hit Squid Game comes Beast Kingdom&#039;s DAH series featuring the iconic Young Hee Doll as a 12-inch collectible. This terrifying rendition captures the giant doctor&#039;s coldly realistic expression, childlike attire, and multiple articulation points.<\/p>\n<p>The head rotates<\/p>","protected":false},"featured_media":62960,"comment_status":"closed","ping_status":"closed","template":"","meta":{"_acf_changed":false,"_monsterinsights_skip_tracking":false,"_monsterinsights_sitenote_active":false,"_monsterinsights_sitenote_note":"","_monsterinsights_sitenote_category":0},"product_brand":[6931],"product_cat":[5049],"product_tag":[24],"giftcard-category":[],"class_list":{"0":"post-62959","1":"product","2":"type-product","3":"status-publish","4":"has-post-thumbnail","6":"product_brand-beast-kingdom-toys","7":"product_cat-squid-game","8":"product_tag-2-3-weeks","9":"pa_franchise-squid-game","10":"pa_karaktar-young-hee","11":"pa_material-plastic","12":"pa_storlek-30-cm","14":"first","15":"instock","16":"taxable","17":"shipping-taxable","18":"purchasable","19":"product-type-simple"},"acf":[],"yoast_head":"<!-- This site is optimized with the Yoast SEO Premium plugin v24.6 (Yoast SEO v27.4) - https:\/\/yoast.com\/product\/yoast-seo-premium-wordpress\/ -->\n<title>Squid Game Dynamic 8ction Heroes DAH-136 Young Hee Doll | Animefigurer.se<\/title>\n<meta name=\"robots\" content=\"index, follow, max-snippet:-1, max-image-preview:large, max-video-preview:-1\" \/>\n<link rel=\"canonical\" href=\"https:\/\/animefigurer.se\/en\/figurer\/squid-game\/squid-game-dynamic-8ction-heroes-dah-136-young-hee-doll\/\" \/>\n<meta property=\"og:locale\" content=\"en_GB\" \/>\n<meta property=\"og:type\" content=\"article\" \/>\n<meta property=\"og:title\" content=\"Squid Game Dynamic 8ction Heroes DAH-136 Young Hee Doll\" \/>\n<meta property=\"og:description\" content=\"\u00c4r du redo f\u00f6r matchen?  Fr\u00e5n Netflix-succ\u00e9n Squid Game kommer Beast Kingdoms DAH-serie med den ikoniska Young Hee Doll som en 30 cm h\u00f6g samlardocka. Denna skr\u00e4mmande tolkning f\u00e5ngar den gigantiska doktors kallt verklighetstrogna uttryck, hennes barnlika kl\u00e4der och flera ledpunkter.  Huvudet roterar\" \/>\n<meta property=\"og:url\" content=\"https:\/\/animefigurer.se\/en\/figurer\/squid-game\/squid-game-dynamic-8ction-heroes-dah-136-young-hee-doll\/\" \/>\n<meta property=\"og:site_name\" content=\"Animefigurer.se\" \/>\n<meta property=\"article:publisher\" content=\"https:\/\/www.facebook.com\/profile.php?id=61581826539670\" \/>\n<meta property=\"article:modified_time\" content=\"2026-04-17T04:59:51+00:00\" \/>\n<meta property=\"og:image\" content=\"https:\/\/animefigurer.se\/wp-content\/uploads\/2025\/12\/Animefigurer_logowhite.png\" \/>\n\t<meta property=\"og:image:width\" content=\"1890\" \/>\n\t<meta property=\"og:image:height\" content=\"1417\" \/>\n\t<meta property=\"og:image:type\" content=\"image\/png\" \/>\n<meta name=\"twitter:card\" content=\"summary_large_image\" \/>\n<meta name=\"twitter:label1\" content=\"Estimated reading time\" \/>\n\t<meta name=\"twitter:data1\" content=\"1 minute\" \/>\n<script type=\"application\/ld+json\" class=\"yoast-schema-graph\">{\"@context\":\"https:\\\/\\\/schema.org\",\"@graph\":[{\"@type\":\"WebPage\",\"@id\":\"https:\\\/\\\/animefigurer.se\\\/figurer\\\/squid-game\\\/squid-game-dynamic-8ction-heroes-dah-136-young-hee-doll\\\/\",\"url\":\"https:\\\/\\\/animefigurer.se\\\/figurer\\\/squid-game\\\/squid-game-dynamic-8ction-heroes-dah-136-young-hee-doll\\\/\",\"name\":\"Squid Game Dynamic 8ction Heroes DAH-136 Young Hee Doll | Animefigurer.se\",\"isPartOf\":{\"@id\":\"https:\\\/\\\/animefigurer.se\\\/#website\"},\"primaryImageOfPage\":{\"@id\":\"https:\\\/\\\/animefigurer.se\\\/figurer\\\/squid-game\\\/squid-game-dynamic-8ction-heroes-dah-136-young-hee-doll\\\/#primaryimage\"},\"image\":{\"@id\":\"https:\\\/\\\/animefigurer.se\\\/figurer\\\/squid-game\\\/squid-game-dynamic-8ction-heroes-dah-136-young-hee-doll\\\/#primaryimage\"},\"thumbnailUrl\":\"https:\\\/\\\/animefigurer.se\\\/wp-content\\\/uploads\\\/2025\\\/10\\\/676952d39377c.jpeg\",\"datePublished\":\"2025-10-21T11:19:19+00:00\",\"dateModified\":\"2026-04-17T04:59:51+00:00\",\"breadcrumb\":{\"@id\":\"https:\\\/\\\/animefigurer.se\\\/figurer\\\/squid-game\\\/squid-game-dynamic-8ction-heroes-dah-136-young-hee-doll\\\/#breadcrumb\"},\"inLanguage\":\"en-GB\",\"potentialAction\":[{\"@type\":\"ReadAction\",\"target\":[\"https:\\\/\\\/animefigurer.se\\\/figurer\\\/squid-game\\\/squid-game-dynamic-8ction-heroes-dah-136-young-hee-doll\\\/\"]}]},{\"@type\":\"ImageObject\",\"inLanguage\":\"en-GB\",\"@id\":\"https:\\\/\\\/animefigurer.se\\\/figurer\\\/squid-game\\\/squid-game-dynamic-8ction-heroes-dah-136-young-hee-doll\\\/#primaryimage\",\"url\":\"https:\\\/\\\/animefigurer.se\\\/wp-content\\\/uploads\\\/2025\\\/10\\\/676952d39377c.jpeg\",\"contentUrl\":\"https:\\\/\\\/animefigurer.se\\\/wp-content\\\/uploads\\\/2025\\\/10\\\/676952d39377c.jpeg\",\"width\":720,\"height\":540},{\"@type\":\"BreadcrumbList\",\"@id\":\"https:\\\/\\\/animefigurer.se\\\/figurer\\\/squid-game\\\/squid-game-dynamic-8ction-heroes-dah-136-young-hee-doll\\\/#breadcrumb\",\"itemListElement\":[{\"@type\":\"ListItem\",\"position\":1,\"name\":\"Home\",\"item\":\"https:\\\/\\\/animefigurer.se\\\/\"},{\"@type\":\"ListItem\",\"position\":2,\"name\":\"Butik\",\"item\":\"https:\\\/\\\/animefigurer.se\\\/figurer\\\/\"},{\"@type\":\"ListItem\",\"position\":3,\"name\":\"Squid Game Dynamic 8ction Heroes DAH-136 Young Hee Doll\"}]},{\"@type\":\"WebSite\",\"@id\":\"https:\\\/\\\/animefigurer.se\\\/#website\",\"url\":\"https:\\\/\\\/animefigurer.se\\\/\",\"name\":\"Animefigurer.se\",\"description\":\"Anime figurer fr\u00e5n \u00f6ver 300 olika anime serier med \u00f6ver 9000 produkter | Anime Shop\",\"publisher\":{\"@id\":\"https:\\\/\\\/animefigurer.se\\\/#organization\"},\"potentialAction\":[{\"@type\":\"SearchAction\",\"target\":{\"@type\":\"EntryPoint\",\"urlTemplate\":\"https:\\\/\\\/animefigurer.se\\\/?s={search_term_string}\"},\"query-input\":{\"@type\":\"PropertyValueSpecification\",\"valueRequired\":true,\"valueName\":\"search_term_string\"}}],\"inLanguage\":\"en-GB\"},{\"@type\":\"Organization\",\"@id\":\"https:\\\/\\\/animefigurer.se\\\/#organization\",\"name\":\"Animefigurer.se\",\"alternateName\":\"Anime figurer | Anime shop\",\"url\":\"https:\\\/\\\/animefigurer.se\\\/\",\"logo\":{\"@type\":\"ImageObject\",\"inLanguage\":\"en-GB\",\"@id\":\"https:\\\/\\\/animefigurer.se\\\/#\\\/schema\\\/logo\\\/image\\\/\",\"url\":\"https:\\\/\\\/animefigurer.se\\\/wp-content\\\/uploads\\\/2025\\\/12\\\/Animefigurer_logowhite.png\",\"contentUrl\":\"https:\\\/\\\/animefigurer.se\\\/wp-content\\\/uploads\\\/2025\\\/12\\\/Animefigurer_logowhite.png\",\"width\":1890,\"height\":1417,\"caption\":\"Animefigurer.se\"},\"image\":{\"@id\":\"https:\\\/\\\/animefigurer.se\\\/#\\\/schema\\\/logo\\\/image\\\/\"},\"sameAs\":[\"https:\\\/\\\/www.facebook.com\\\/profile.php?id=61581826539670\",\"https:\\\/\\\/www.instagram.com\\\/animefigurer.se\\\/\"],\"email\":\"info@animefigurer.se\"}]}<\/script>\n<!-- \/ Yoast SEO Premium plugin. -->","yoast_head_json":{"title":"Squid Game Dynamic 8ction Heroes DAH-136 Young Hee Doll | Animefigurer.se","robots":{"index":"index","follow":"follow","max-snippet":"max-snippet:-1","max-image-preview":"max-image-preview:large","max-video-preview":"max-video-preview:-1"},"canonical":"https:\/\/animefigurer.se\/en\/figurer\/squid-game\/squid-game-dynamic-8ction-heroes-dah-136-young-hee-doll\/","og_locale":"en_GB","og_type":"article","og_title":"Squid Game Dynamic 8ction Heroes DAH-136 Young Hee Doll","og_description":"\u00c4r du redo f\u00f6r matchen?  Fr\u00e5n Netflix-succ\u00e9n Squid Game kommer Beast Kingdoms DAH-serie med den ikoniska Young Hee Doll som en 30 cm h\u00f6g samlardocka. Denna skr\u00e4mmande tolkning f\u00e5ngar den gigantiska doktors kallt verklighetstrogna uttryck, hennes barnlika kl\u00e4der och flera ledpunkter.  Huvudet roterar","og_url":"https:\/\/animefigurer.se\/en\/figurer\/squid-game\/squid-game-dynamic-8ction-heroes-dah-136-young-hee-doll\/","og_site_name":"Animefigurer.se","article_publisher":"https:\/\/www.facebook.com\/profile.php?id=61581826539670","article_modified_time":"2026-04-17T04:59:51+00:00","og_image":[{"width":1890,"height":1417,"url":"https:\/\/animefigurer.se\/wp-content\/uploads\/2025\/12\/Animefigurer_logowhite.png","type":"image\/png"}],"twitter_card":"summary_large_image","twitter_misc":{"Estimated reading time":"1 minute"},"schema":{"@context":"https:\/\/schema.org","@graph":[{"@type":"WebPage","@id":"https:\/\/animefigurer.se\/figurer\/squid-game\/squid-game-dynamic-8ction-heroes-dah-136-young-hee-doll\/","url":"https:\/\/animefigurer.se\/figurer\/squid-game\/squid-game-dynamic-8ction-heroes-dah-136-young-hee-doll\/","name":"Squid Game Dynamic 8ction Heroes DAH-136 Young Hee Doll | Animefigurer.se","isPartOf":{"@id":"https:\/\/animefigurer.se\/#website"},"primaryImageOfPage":{"@id":"https:\/\/animefigurer.se\/figurer\/squid-game\/squid-game-dynamic-8ction-heroes-dah-136-young-hee-doll\/#primaryimage"},"image":{"@id":"https:\/\/animefigurer.se\/figurer\/squid-game\/squid-game-dynamic-8ction-heroes-dah-136-young-hee-doll\/#primaryimage"},"thumbnailUrl":"https:\/\/animefigurer.se\/wp-content\/uploads\/2025\/10\/676952d39377c.jpeg","datePublished":"2025-10-21T11:19:19+00:00","dateModified":"2026-04-17T04:59:51+00:00","breadcrumb":{"@id":"https:\/\/animefigurer.se\/figurer\/squid-game\/squid-game-dynamic-8ction-heroes-dah-136-young-hee-doll\/#breadcrumb"},"inLanguage":"en-GB","potentialAction":[{"@type":"ReadAction","target":["https:\/\/animefigurer.se\/figurer\/squid-game\/squid-game-dynamic-8ction-heroes-dah-136-young-hee-doll\/"]}]},{"@type":"ImageObject","inLanguage":"en-GB","@id":"https:\/\/animefigurer.se\/figurer\/squid-game\/squid-game-dynamic-8ction-heroes-dah-136-young-hee-doll\/#primaryimage","url":"https:\/\/animefigurer.se\/wp-content\/uploads\/2025\/10\/676952d39377c.jpeg","contentUrl":"https:\/\/animefigurer.se\/wp-content\/uploads\/2025\/10\/676952d39377c.jpeg","width":720,"height":540},{"@type":"BreadcrumbList","@id":"https:\/\/animefigurer.se\/figurer\/squid-game\/squid-game-dynamic-8ction-heroes-dah-136-young-hee-doll\/#breadcrumb","itemListElement":[{"@type":"ListItem","position":1,"name":"Home","item":"https:\/\/animefigurer.se\/"},{"@type":"ListItem","position":2,"name":"Butik","item":"https:\/\/animefigurer.se\/figurer\/"},{"@type":"ListItem","position":3,"name":"Squid Game Dynamic 8ction Heroes DAH-136 Young Hee Doll"}]},{"@type":"WebSite","@id":"https:\/\/animefigurer.se\/#website","url":"https:\/\/animefigurer.se\/","name":"Animefigurer.se","description":"Anime figures from over 300 different anime series with over 9000 products | Anime Shop","publisher":{"@id":"https:\/\/animefigurer.se\/#organization"},"potentialAction":[{"@type":"SearchAction","target":{"@type":"EntryPoint","urlTemplate":"https:\/\/animefigurer.se\/?s={search_term_string}"},"query-input":{"@type":"PropertyValueSpecification","valueRequired":true,"valueName":"search_term_string"}}],"inLanguage":"en-GB"},{"@type":"Organization","@id":"https:\/\/animefigurer.se\/#organization","name":"Animefigurer.se","alternateName":"Anime figurer | Anime shop","url":"https:\/\/animefigurer.se\/","logo":{"@type":"ImageObject","inLanguage":"en-GB","@id":"https:\/\/animefigurer.se\/#\/schema\/logo\/image\/","url":"https:\/\/animefigurer.se\/wp-content\/uploads\/2025\/12\/Animefigurer_logowhite.png","contentUrl":"https:\/\/animefigurer.se\/wp-content\/uploads\/2025\/12\/Animefigurer_logowhite.png","width":1890,"height":1417,"caption":"Animefigurer.se"},"image":{"@id":"https:\/\/animefigurer.se\/#\/schema\/logo\/image\/"},"sameAs":["https:\/\/www.facebook.com\/profile.php?id=61581826539670","https:\/\/www.instagram.com\/animefigurer.se\/"],"email":"info@animefigurer.se"}]}},"_links":{"self":[{"href":"https:\/\/animefigurer.se\/en\/wp-json\/wp\/v2\/product\/62959","targetHints":{"allow":["GET"]}}],"collection":[{"href":"https:\/\/animefigurer.se\/en\/wp-json\/wp\/v2\/product"}],"about":[{"href":"https:\/\/animefigurer.se\/en\/wp-json\/wp\/v2\/types\/product"}],"replies":[{"embeddable":true,"href":"https:\/\/animefigurer.se\/en\/wp-json\/wp\/v2\/comments?post=62959"}],"wp:featuredmedia":[{"embeddable":true,"href":"https:\/\/animefigurer.se\/en\/wp-json\/wp\/v2\/media\/62960"}],"wp:attachment":[{"href":"https:\/\/animefigurer.se\/en\/wp-json\/wp\/v2\/media?parent=62959"}],"wp:term":[{"taxonomy":"product_brand","embeddable":true,"href":"https:\/\/animefigurer.se\/en\/wp-json\/wp\/v2\/product_brand?post=62959"},{"taxonomy":"product_cat","embeddable":true,"href":"https:\/\/animefigurer.se\/en\/wp-json\/wp\/v2\/product_cat?post=62959"},{"taxonomy":"product_tag","embeddable":true,"href":"https:\/\/animefigurer.se\/en\/wp-json\/wp\/v2\/product_tag?post=62959"},{"taxonomy":"giftcard-category","embeddable":true,"href":"https:\/\/animefigurer.se\/en\/wp-json\/wp\/v2\/giftcard-category?post=62959"}],"curies":[{"name":"wp","href":"https:\/\/api.w.org\/{rel}","templated":true}]}}