{"id":62896,"date":"2025-10-21T13:18:34","date_gmt":"2025-10-21T11:18:34","guid":{"rendered":"https:\/\/animefigurer.se\/produkt\/spy-x-family-hello-good-smile-anya-forger\/"},"modified":"2025-12-21T19:35:08","modified_gmt":"2025-12-21T18:35:08","slug":"spy-x-family-hello-good-smile-anya-forger","status":"publish","type":"product","link":"https:\/\/animefigurer.se\/en\/figurer\/spy-x-family\/spy-x-family-hello-good-smile-anya-forger\/","title":{"rendered":"Spy x Family Hello! Good Smile Anya Forger"},"content":{"rendered":"<p>From the anime SPY x FAMILY comes a new HELLO! GOOD SMILE figure by Anya Forger!<\/p>\n<p>The HELLO! GOOD SMILE series consists of chibi figures with a single joint in the neck that allows the head to move left and right. Under the artistic direction of art director Shigeto Koyama, HELLO! GOOD SMILE features an adorable chibi design that makes them irresistible to collectors.<\/p>","protected":false},"excerpt":{"rendered":"<p>From the anime SPY x FAMILY comes a new HELLO! GOOD SMILE figure by Anya Forger!<\/p>\n<p>The HELLO! GOOD SMILE series consists of chibi figures with a single joint in the neck that allows the head to move left and right. Under the artistic direction of art director Shigeto Koyama, HELLO! GOOD SMILE has an adorable c<\/p>","protected":false},"featured_media":62897,"comment_status":"closed","ping_status":"open","template":"","meta":{"_acf_changed":false,"_monsterinsights_skip_tracking":false,"_monsterinsights_sitenote_active":false,"_monsterinsights_sitenote_note":"","_monsterinsights_sitenote_category":0},"product_brand":[6890],"product_cat":[7233,5028],"product_tag":[26],"giftcard-category":[],"class_list":{"0":"post-62896","1":"product","2":"type-product","3":"status-publish","4":"has-post-thumbnail","6":"product_brand-good-smile-company","7":"product_cat-pre-order","8":"product_cat-spy-x-family","9":"product_tag-pre-order","10":"pa_franchise-spy-x-family","11":"pa_karaktar-anya-forger","12":"pa_material-pvc-abs","13":"pa_produktserie-hello-good-smile","14":"pa_storlek-10-cm","16":"first","17":"instock","18":"taxable","19":"shipping-taxable","20":"purchasable","21":"product-type-simple"},"acf":[],"yoast_head":"<!-- This site is optimized with the Yoast SEO Premium plugin v24.6 (Yoast SEO v27.4) - https:\/\/yoast.com\/product\/yoast-seo-premium-wordpress\/ -->\n<title>Spy x Family Hello! Good Smile Anya Forger | Animefigurer.se<\/title>\n<meta name=\"robots\" content=\"index, follow, max-snippet:-1, max-image-preview:large, max-video-preview:-1\" \/>\n<link rel=\"canonical\" href=\"https:\/\/animefigurer.se\/en\/figurer\/spy-x-family\/spy-x-family-hello-good-smile-anya-forger\/\" \/>\n<meta property=\"og:locale\" content=\"en_GB\" \/>\n<meta property=\"og:type\" content=\"article\" \/>\n<meta property=\"og:title\" content=\"Spy x Family Hello! Good Smile Anya Forger\" \/>\n<meta property=\"og:description\" content=\"Fr\u00e5n animen SPY x FAMILY kommer en ny HELLO! GOOD SMILE-figur av Anya Forger! HEJ! GOOD SMILE-serien best\u00e5r av chibi-figurer med en enkel led i nacken som g\u00f6r att huvudet kan r\u00f6ra sig \u00e5t v\u00e4nster och h\u00f6ger. Under konstn\u00e4rlig ledning av art director Shigeto Koyama har HELLO! GOOD SMILE en bed\u00e5rande c\" \/>\n<meta property=\"og:url\" content=\"https:\/\/animefigurer.se\/en\/figurer\/spy-x-family\/spy-x-family-hello-good-smile-anya-forger\/\" \/>\n<meta property=\"og:site_name\" content=\"Animefigurer.se\" \/>\n<meta property=\"article:publisher\" content=\"https:\/\/www.facebook.com\/profile.php?id=61581826539670\" \/>\n<meta property=\"article:modified_time\" content=\"2025-12-21T18:35:08+00:00\" \/>\n<meta property=\"og:image\" content=\"https:\/\/animefigurer.se\/wp-content\/uploads\/2025\/12\/Animefigurer_logowhite.png\" \/>\n\t<meta property=\"og:image:width\" content=\"1890\" \/>\n\t<meta property=\"og:image:height\" content=\"1417\" \/>\n\t<meta property=\"og:image:type\" content=\"image\/png\" \/>\n<meta name=\"twitter:card\" content=\"summary_large_image\" \/>\n<script type=\"application\/ld+json\" class=\"yoast-schema-graph\">{\"@context\":\"https:\\\/\\\/schema.org\",\"@graph\":[{\"@type\":\"WebPage\",\"@id\":\"https:\\\/\\\/animefigurer.se\\\/figurer\\\/spy-x-family\\\/spy-x-family-hello-good-smile-anya-forger\\\/\",\"url\":\"https:\\\/\\\/animefigurer.se\\\/figurer\\\/spy-x-family\\\/spy-x-family-hello-good-smile-anya-forger\\\/\",\"name\":\"Spy x Family Hello! Good Smile Anya Forger | Animefigurer.se\",\"isPartOf\":{\"@id\":\"https:\\\/\\\/animefigurer.se\\\/#website\"},\"primaryImageOfPage\":{\"@id\":\"https:\\\/\\\/animefigurer.se\\\/figurer\\\/spy-x-family\\\/spy-x-family-hello-good-smile-anya-forger\\\/#primaryimage\"},\"image\":{\"@id\":\"https:\\\/\\\/animefigurer.se\\\/figurer\\\/spy-x-family\\\/spy-x-family-hello-good-smile-anya-forger\\\/#primaryimage\"},\"thumbnailUrl\":\"https:\\\/\\\/animefigurer.se\\\/wp-content\\\/uploads\\\/2025\\\/10\\\/683f29074eab9.jpeg\",\"datePublished\":\"2025-10-21T11:18:34+00:00\",\"dateModified\":\"2025-12-21T18:35:08+00:00\",\"breadcrumb\":{\"@id\":\"https:\\\/\\\/animefigurer.se\\\/figurer\\\/spy-x-family\\\/spy-x-family-hello-good-smile-anya-forger\\\/#breadcrumb\"},\"inLanguage\":\"en-GB\",\"potentialAction\":[{\"@type\":\"ReadAction\",\"target\":[\"https:\\\/\\\/animefigurer.se\\\/figurer\\\/spy-x-family\\\/spy-x-family-hello-good-smile-anya-forger\\\/\"]}]},{\"@type\":\"ImageObject\",\"inLanguage\":\"en-GB\",\"@id\":\"https:\\\/\\\/animefigurer.se\\\/figurer\\\/spy-x-family\\\/spy-x-family-hello-good-smile-anya-forger\\\/#primaryimage\",\"url\":\"https:\\\/\\\/animefigurer.se\\\/wp-content\\\/uploads\\\/2025\\\/10\\\/683f29074eab9.jpeg\",\"contentUrl\":\"https:\\\/\\\/animefigurer.se\\\/wp-content\\\/uploads\\\/2025\\\/10\\\/683f29074eab9.jpeg\",\"width\":1000,\"height\":750},{\"@type\":\"BreadcrumbList\",\"@id\":\"https:\\\/\\\/animefigurer.se\\\/figurer\\\/spy-x-family\\\/spy-x-family-hello-good-smile-anya-forger\\\/#breadcrumb\",\"itemListElement\":[{\"@type\":\"ListItem\",\"position\":1,\"name\":\"Home\",\"item\":\"https:\\\/\\\/animefigurer.se\\\/\"},{\"@type\":\"ListItem\",\"position\":2,\"name\":\"Butik\",\"item\":\"https:\\\/\\\/animefigurer.se\\\/figurer\\\/\"},{\"@type\":\"ListItem\",\"position\":3,\"name\":\"Spy x Family Hello! Good Smile Anya Forger\"}]},{\"@type\":\"WebSite\",\"@id\":\"https:\\\/\\\/animefigurer.se\\\/#website\",\"url\":\"https:\\\/\\\/animefigurer.se\\\/\",\"name\":\"Animefigurer.se\",\"description\":\"Anime figurer fr\u00e5n \u00f6ver 300 olika anime serier med \u00f6ver 9000 produkter | Anime Shop\",\"publisher\":{\"@id\":\"https:\\\/\\\/animefigurer.se\\\/#organization\"},\"potentialAction\":[{\"@type\":\"SearchAction\",\"target\":{\"@type\":\"EntryPoint\",\"urlTemplate\":\"https:\\\/\\\/animefigurer.se\\\/?s={search_term_string}\"},\"query-input\":{\"@type\":\"PropertyValueSpecification\",\"valueRequired\":true,\"valueName\":\"search_term_string\"}}],\"inLanguage\":\"en-GB\"},{\"@type\":\"Organization\",\"@id\":\"https:\\\/\\\/animefigurer.se\\\/#organization\",\"name\":\"Animefigurer.se\",\"alternateName\":\"Anime figurer | Anime shop\",\"url\":\"https:\\\/\\\/animefigurer.se\\\/\",\"logo\":{\"@type\":\"ImageObject\",\"inLanguage\":\"en-GB\",\"@id\":\"https:\\\/\\\/animefigurer.se\\\/#\\\/schema\\\/logo\\\/image\\\/\",\"url\":\"https:\\\/\\\/animefigurer.se\\\/wp-content\\\/uploads\\\/2025\\\/12\\\/Animefigurer_logowhite.png\",\"contentUrl\":\"https:\\\/\\\/animefigurer.se\\\/wp-content\\\/uploads\\\/2025\\\/12\\\/Animefigurer_logowhite.png\",\"width\":1890,\"height\":1417,\"caption\":\"Animefigurer.se\"},\"image\":{\"@id\":\"https:\\\/\\\/animefigurer.se\\\/#\\\/schema\\\/logo\\\/image\\\/\"},\"sameAs\":[\"https:\\\/\\\/www.facebook.com\\\/profile.php?id=61581826539670\",\"https:\\\/\\\/www.instagram.com\\\/animefigurer.se\\\/\"],\"email\":\"info@animefigurer.se\"}]}<\/script>\n<!-- \/ Yoast SEO Premium plugin. -->","yoast_head_json":{"title":"Spy x Family Hello! Good Smile Anya Forger | Animefigurer.se","robots":{"index":"index","follow":"follow","max-snippet":"max-snippet:-1","max-image-preview":"max-image-preview:large","max-video-preview":"max-video-preview:-1"},"canonical":"https:\/\/animefigurer.se\/en\/figurer\/spy-x-family\/spy-x-family-hello-good-smile-anya-forger\/","og_locale":"en_GB","og_type":"article","og_title":"Spy x Family Hello! Good Smile Anya Forger","og_description":"Fr\u00e5n animen SPY x FAMILY kommer en ny HELLO! GOOD SMILE-figur av Anya Forger! HEJ! GOOD SMILE-serien best\u00e5r av chibi-figurer med en enkel led i nacken som g\u00f6r att huvudet kan r\u00f6ra sig \u00e5t v\u00e4nster och h\u00f6ger. Under konstn\u00e4rlig ledning av art director Shigeto Koyama har HELLO! GOOD SMILE en bed\u00e5rande c","og_url":"https:\/\/animefigurer.se\/en\/figurer\/spy-x-family\/spy-x-family-hello-good-smile-anya-forger\/","og_site_name":"Animefigurer.se","article_publisher":"https:\/\/www.facebook.com\/profile.php?id=61581826539670","article_modified_time":"2025-12-21T18:35:08+00:00","og_image":[{"width":1890,"height":1417,"url":"https:\/\/animefigurer.se\/wp-content\/uploads\/2025\/12\/Animefigurer_logowhite.png","type":"image\/png"}],"twitter_card":"summary_large_image","schema":{"@context":"https:\/\/schema.org","@graph":[{"@type":"WebPage","@id":"https:\/\/animefigurer.se\/figurer\/spy-x-family\/spy-x-family-hello-good-smile-anya-forger\/","url":"https:\/\/animefigurer.se\/figurer\/spy-x-family\/spy-x-family-hello-good-smile-anya-forger\/","name":"Spy x Family Hello! Good Smile Anya Forger | Animefigurer.se","isPartOf":{"@id":"https:\/\/animefigurer.se\/#website"},"primaryImageOfPage":{"@id":"https:\/\/animefigurer.se\/figurer\/spy-x-family\/spy-x-family-hello-good-smile-anya-forger\/#primaryimage"},"image":{"@id":"https:\/\/animefigurer.se\/figurer\/spy-x-family\/spy-x-family-hello-good-smile-anya-forger\/#primaryimage"},"thumbnailUrl":"https:\/\/animefigurer.se\/wp-content\/uploads\/2025\/10\/683f29074eab9.jpeg","datePublished":"2025-10-21T11:18:34+00:00","dateModified":"2025-12-21T18:35:08+00:00","breadcrumb":{"@id":"https:\/\/animefigurer.se\/figurer\/spy-x-family\/spy-x-family-hello-good-smile-anya-forger\/#breadcrumb"},"inLanguage":"en-GB","potentialAction":[{"@type":"ReadAction","target":["https:\/\/animefigurer.se\/figurer\/spy-x-family\/spy-x-family-hello-good-smile-anya-forger\/"]}]},{"@type":"ImageObject","inLanguage":"en-GB","@id":"https:\/\/animefigurer.se\/figurer\/spy-x-family\/spy-x-family-hello-good-smile-anya-forger\/#primaryimage","url":"https:\/\/animefigurer.se\/wp-content\/uploads\/2025\/10\/683f29074eab9.jpeg","contentUrl":"https:\/\/animefigurer.se\/wp-content\/uploads\/2025\/10\/683f29074eab9.jpeg","width":1000,"height":750},{"@type":"BreadcrumbList","@id":"https:\/\/animefigurer.se\/figurer\/spy-x-family\/spy-x-family-hello-good-smile-anya-forger\/#breadcrumb","itemListElement":[{"@type":"ListItem","position":1,"name":"Home","item":"https:\/\/animefigurer.se\/"},{"@type":"ListItem","position":2,"name":"Butik","item":"https:\/\/animefigurer.se\/figurer\/"},{"@type":"ListItem","position":3,"name":"Spy x Family Hello! Good Smile Anya Forger"}]},{"@type":"WebSite","@id":"https:\/\/animefigurer.se\/#website","url":"https:\/\/animefigurer.se\/","name":"Animefigurer.se","description":"Anime figures from over 300 different anime series with over 9000 products | Anime Shop","publisher":{"@id":"https:\/\/animefigurer.se\/#organization"},"potentialAction":[{"@type":"SearchAction","target":{"@type":"EntryPoint","urlTemplate":"https:\/\/animefigurer.se\/?s={search_term_string}"},"query-input":{"@type":"PropertyValueSpecification","valueRequired":true,"valueName":"search_term_string"}}],"inLanguage":"en-GB"},{"@type":"Organization","@id":"https:\/\/animefigurer.se\/#organization","name":"Animefigurer.se","alternateName":"Anime figurer | Anime shop","url":"https:\/\/animefigurer.se\/","logo":{"@type":"ImageObject","inLanguage":"en-GB","@id":"https:\/\/animefigurer.se\/#\/schema\/logo\/image\/","url":"https:\/\/animefigurer.se\/wp-content\/uploads\/2025\/12\/Animefigurer_logowhite.png","contentUrl":"https:\/\/animefigurer.se\/wp-content\/uploads\/2025\/12\/Animefigurer_logowhite.png","width":1890,"height":1417,"caption":"Animefigurer.se"},"image":{"@id":"https:\/\/animefigurer.se\/#\/schema\/logo\/image\/"},"sameAs":["https:\/\/www.facebook.com\/profile.php?id=61581826539670","https:\/\/www.instagram.com\/animefigurer.se\/"],"email":"info@animefigurer.se"}]}},"_links":{"self":[{"href":"https:\/\/animefigurer.se\/en\/wp-json\/wp\/v2\/product\/62896","targetHints":{"allow":["GET"]}}],"collection":[{"href":"https:\/\/animefigurer.se\/en\/wp-json\/wp\/v2\/product"}],"about":[{"href":"https:\/\/animefigurer.se\/en\/wp-json\/wp\/v2\/types\/product"}],"replies":[{"embeddable":true,"href":"https:\/\/animefigurer.se\/en\/wp-json\/wp\/v2\/comments?post=62896"}],"wp:featuredmedia":[{"embeddable":true,"href":"https:\/\/animefigurer.se\/en\/wp-json\/wp\/v2\/media\/62897"}],"wp:attachment":[{"href":"https:\/\/animefigurer.se\/en\/wp-json\/wp\/v2\/media?parent=62896"}],"wp:term":[{"taxonomy":"product_brand","embeddable":true,"href":"https:\/\/animefigurer.se\/en\/wp-json\/wp\/v2\/product_brand?post=62896"},{"taxonomy":"product_cat","embeddable":true,"href":"https:\/\/animefigurer.se\/en\/wp-json\/wp\/v2\/product_cat?post=62896"},{"taxonomy":"product_tag","embeddable":true,"href":"https:\/\/animefigurer.se\/en\/wp-json\/wp\/v2\/product_tag?post=62896"},{"taxonomy":"giftcard-category","embeddable":true,"href":"https:\/\/animefigurer.se\/en\/wp-json\/wp\/v2\/giftcard-category?post=62896"}],"curies":[{"name":"wp","href":"https:\/\/api.w.org\/{rel}","templated":true}]}}