{"id":62206,"date":"2025-10-21T13:10:26","date_gmt":"2025-10-21T11:10:26","guid":{"rendered":"https:\/\/animefigurer.se\/produkt\/spongebob-squarepants-doodlebob-pencil-holder\/"},"modified":"2026-04-21T12:00:39","modified_gmt":"2026-04-21T10:00:39","slug":"spongebob-squarepants-doodlebob-pencil-holder","status":"publish","type":"product","link":"https:\/\/animefigurer.se\/en\/figurer\/spongebob-squarepants\/spongebob-squarepants-doodlebob-pencil-holder\/","title":{"rendered":"SpongeBob SquarePants DoodleBob Pencil Holder"},"content":{"rendered":"<p>Stole DoodleBob&#039;s pen? Give it back before he gets mad! This pen holder is about 3.8 inches long and perfect for pens, pencils, or other thin cylindrical objects. DoodleBob stands with his arms raised, mouth open, and uneven eyes drawn as thick black lines against his off-white body. The outside of the packaging shows DoodleBob looking down into a deep hole, the inside is a sea blue collage of SpongeBob illustrations. The figure comes in a matte, embossed protective case and a specially shaped plastic protector for safe shipment.<\/p>","protected":false},"excerpt":{"rendered":"<p>Stole DoodleBob&#039;s pen? Give it back before he gets mad! This pen holder is about 3.8 inches long and perfect for pens, pencils, or other thin cylindrical objects. DoodleBob stands with his arms raised, his mouth open, and his uneven eyes drawn as thick black lines against his off-white body. Pack<\/p>","protected":false},"featured_media":62207,"comment_status":"closed","ping_status":"closed","template":"","meta":{"_acf_changed":false,"_monsterinsights_skip_tracking":false,"_monsterinsights_sitenote_active":false,"_monsterinsights_sitenote_note":"","_monsterinsights_sitenote_category":0},"product_brand":[7189],"product_cat":[5008],"product_tag":[24],"giftcard-category":[],"class_list":{"0":"post-62206","1":"product","2":"type-product","3":"status-publish","4":"has-post-thumbnail","6":"product_brand-youtooz","7":"product_cat-spongebob-squarepants","8":"product_tag-2-3-weeks","9":"pa_franchise-spongebob-squarepants","10":"pa_karaktar-doodlebob","11":"pa_storlek-9-cm","13":"first","14":"instock","15":"taxable","16":"shipping-taxable","17":"purchasable","18":"product-type-simple"},"acf":[],"yoast_head":"<!-- This site is optimized with the Yoast SEO Premium plugin v24.6 (Yoast SEO v27.4) - https:\/\/yoast.com\/product\/yoast-seo-premium-wordpress\/ -->\n<title>SpongeBob SquarePants DoodleBob Pencil Holder | Animefigurer.se<\/title>\n<meta name=\"robots\" content=\"index, follow, max-snippet:-1, max-image-preview:large, max-video-preview:-1\" \/>\n<link rel=\"canonical\" href=\"https:\/\/animefigurer.se\/en\/figurer\/spongebob-squarepants\/spongebob-squarepants-doodlebob-pencil-holder\/\" \/>\n<meta property=\"og:locale\" content=\"en_GB\" \/>\n<meta property=\"og:type\" content=\"article\" \/>\n<meta property=\"og:title\" content=\"SpongeBob SquarePants DoodleBob Pencil Holder\" \/>\n<meta property=\"og:description\" content=\"Stulit DoodleBobs penna? Ge tillbaka den innan han blir arg! Denna penh\u00e5llare \u00e4r cirka 3,8 tum l\u00e5ng och perfekt f\u00f6r pennor, blyertspennor eller andra tunna cylindriska f\u00f6rem\u00e5l. DoodleBob st\u00e5r med armarna upp\u00e5t, munnen \u00f6ppen och oj\u00e4mna \u00f6gon ritade som tjocka svarta linjer mot hans benvita kropp. F\u00f6rp\" \/>\n<meta property=\"og:url\" content=\"https:\/\/animefigurer.se\/en\/figurer\/spongebob-squarepants\/spongebob-squarepants-doodlebob-pencil-holder\/\" \/>\n<meta property=\"og:site_name\" content=\"Animefigurer.se\" \/>\n<meta property=\"article:publisher\" content=\"https:\/\/www.facebook.com\/profile.php?id=61581826539670\" \/>\n<meta property=\"article:modified_time\" content=\"2026-04-21T10:00:39+00:00\" \/>\n<meta property=\"og:image\" content=\"https:\/\/animefigurer.se\/wp-content\/uploads\/2025\/12\/Animefigurer_logowhite.png\" \/>\n\t<meta property=\"og:image:width\" content=\"1890\" \/>\n\t<meta property=\"og:image:height\" content=\"1417\" \/>\n\t<meta property=\"og:image:type\" content=\"image\/png\" \/>\n<meta name=\"twitter:card\" content=\"summary_large_image\" \/>\n<meta name=\"twitter:label1\" content=\"Estimated reading time\" \/>\n\t<meta name=\"twitter:data1\" content=\"1 minute\" \/>\n<script type=\"application\/ld+json\" class=\"yoast-schema-graph\">{\"@context\":\"https:\\\/\\\/schema.org\",\"@graph\":[{\"@type\":\"WebPage\",\"@id\":\"https:\\\/\\\/animefigurer.se\\\/figurer\\\/spongebob-squarepants\\\/spongebob-squarepants-doodlebob-pencil-holder\\\/\",\"url\":\"https:\\\/\\\/animefigurer.se\\\/figurer\\\/spongebob-squarepants\\\/spongebob-squarepants-doodlebob-pencil-holder\\\/\",\"name\":\"SpongeBob SquarePants DoodleBob Pencil Holder | Animefigurer.se\",\"isPartOf\":{\"@id\":\"https:\\\/\\\/animefigurer.se\\\/#website\"},\"primaryImageOfPage\":{\"@id\":\"https:\\\/\\\/animefigurer.se\\\/figurer\\\/spongebob-squarepants\\\/spongebob-squarepants-doodlebob-pencil-holder\\\/#primaryimage\"},\"image\":{\"@id\":\"https:\\\/\\\/animefigurer.se\\\/figurer\\\/spongebob-squarepants\\\/spongebob-squarepants-doodlebob-pencil-holder\\\/#primaryimage\"},\"thumbnailUrl\":\"https:\\\/\\\/animefigurer.se\\\/wp-content\\\/uploads\\\/2025\\\/10\\\/680b9f95d6539.jpeg\",\"datePublished\":\"2025-10-21T11:10:26+00:00\",\"dateModified\":\"2026-04-21T10:00:39+00:00\",\"breadcrumb\":{\"@id\":\"https:\\\/\\\/animefigurer.se\\\/figurer\\\/spongebob-squarepants\\\/spongebob-squarepants-doodlebob-pencil-holder\\\/#breadcrumb\"},\"inLanguage\":\"en-GB\",\"potentialAction\":[{\"@type\":\"ReadAction\",\"target\":[\"https:\\\/\\\/animefigurer.se\\\/figurer\\\/spongebob-squarepants\\\/spongebob-squarepants-doodlebob-pencil-holder\\\/\"]}]},{\"@type\":\"ImageObject\",\"inLanguage\":\"en-GB\",\"@id\":\"https:\\\/\\\/animefigurer.se\\\/figurer\\\/spongebob-squarepants\\\/spongebob-squarepants-doodlebob-pencil-holder\\\/#primaryimage\",\"url\":\"https:\\\/\\\/animefigurer.se\\\/wp-content\\\/uploads\\\/2025\\\/10\\\/680b9f95d6539.jpeg\",\"contentUrl\":\"https:\\\/\\\/animefigurer.se\\\/wp-content\\\/uploads\\\/2025\\\/10\\\/680b9f95d6539.jpeg\",\"width\":720,\"height\":540},{\"@type\":\"BreadcrumbList\",\"@id\":\"https:\\\/\\\/animefigurer.se\\\/figurer\\\/spongebob-squarepants\\\/spongebob-squarepants-doodlebob-pencil-holder\\\/#breadcrumb\",\"itemListElement\":[{\"@type\":\"ListItem\",\"position\":1,\"name\":\"Home\",\"item\":\"https:\\\/\\\/animefigurer.se\\\/\"},{\"@type\":\"ListItem\",\"position\":2,\"name\":\"Butik\",\"item\":\"https:\\\/\\\/animefigurer.se\\\/figurer\\\/\"},{\"@type\":\"ListItem\",\"position\":3,\"name\":\"SpongeBob SquarePants DoodleBob Pencil Holder\"}]},{\"@type\":\"WebSite\",\"@id\":\"https:\\\/\\\/animefigurer.se\\\/#website\",\"url\":\"https:\\\/\\\/animefigurer.se\\\/\",\"name\":\"Animefigurer.se\",\"description\":\"Anime figurer fr\u00e5n \u00f6ver 300 olika anime serier med \u00f6ver 9000 produkter | Anime Shop\",\"publisher\":{\"@id\":\"https:\\\/\\\/animefigurer.se\\\/#organization\"},\"potentialAction\":[{\"@type\":\"SearchAction\",\"target\":{\"@type\":\"EntryPoint\",\"urlTemplate\":\"https:\\\/\\\/animefigurer.se\\\/?s={search_term_string}\"},\"query-input\":{\"@type\":\"PropertyValueSpecification\",\"valueRequired\":true,\"valueName\":\"search_term_string\"}}],\"inLanguage\":\"en-GB\"},{\"@type\":\"Organization\",\"@id\":\"https:\\\/\\\/animefigurer.se\\\/#organization\",\"name\":\"Animefigurer.se\",\"alternateName\":\"Anime figurer | Anime shop\",\"url\":\"https:\\\/\\\/animefigurer.se\\\/\",\"logo\":{\"@type\":\"ImageObject\",\"inLanguage\":\"en-GB\",\"@id\":\"https:\\\/\\\/animefigurer.se\\\/#\\\/schema\\\/logo\\\/image\\\/\",\"url\":\"https:\\\/\\\/animefigurer.se\\\/wp-content\\\/uploads\\\/2025\\\/12\\\/Animefigurer_logowhite.png\",\"contentUrl\":\"https:\\\/\\\/animefigurer.se\\\/wp-content\\\/uploads\\\/2025\\\/12\\\/Animefigurer_logowhite.png\",\"width\":1890,\"height\":1417,\"caption\":\"Animefigurer.se\"},\"image\":{\"@id\":\"https:\\\/\\\/animefigurer.se\\\/#\\\/schema\\\/logo\\\/image\\\/\"},\"sameAs\":[\"https:\\\/\\\/www.facebook.com\\\/profile.php?id=61581826539670\",\"https:\\\/\\\/www.instagram.com\\\/animefigurer.se\\\/\"],\"email\":\"info@animefigurer.se\"}]}<\/script>\n<!-- \/ Yoast SEO Premium plugin. -->","yoast_head_json":{"title":"SpongeBob SquarePants DoodleBob Pencil Holder | Animefigurer.se","robots":{"index":"index","follow":"follow","max-snippet":"max-snippet:-1","max-image-preview":"max-image-preview:large","max-video-preview":"max-video-preview:-1"},"canonical":"https:\/\/animefigurer.se\/en\/figurer\/spongebob-squarepants\/spongebob-squarepants-doodlebob-pencil-holder\/","og_locale":"en_GB","og_type":"article","og_title":"SpongeBob SquarePants DoodleBob Pencil Holder","og_description":"Stulit DoodleBobs penna? Ge tillbaka den innan han blir arg! Denna penh\u00e5llare \u00e4r cirka 3,8 tum l\u00e5ng och perfekt f\u00f6r pennor, blyertspennor eller andra tunna cylindriska f\u00f6rem\u00e5l. DoodleBob st\u00e5r med armarna upp\u00e5t, munnen \u00f6ppen och oj\u00e4mna \u00f6gon ritade som tjocka svarta linjer mot hans benvita kropp. F\u00f6rp","og_url":"https:\/\/animefigurer.se\/en\/figurer\/spongebob-squarepants\/spongebob-squarepants-doodlebob-pencil-holder\/","og_site_name":"Animefigurer.se","article_publisher":"https:\/\/www.facebook.com\/profile.php?id=61581826539670","article_modified_time":"2026-04-21T10:00:39+00:00","og_image":[{"width":1890,"height":1417,"url":"https:\/\/animefigurer.se\/wp-content\/uploads\/2025\/12\/Animefigurer_logowhite.png","type":"image\/png"}],"twitter_card":"summary_large_image","twitter_misc":{"Estimated reading time":"1 minute"},"schema":{"@context":"https:\/\/schema.org","@graph":[{"@type":"WebPage","@id":"https:\/\/animefigurer.se\/figurer\/spongebob-squarepants\/spongebob-squarepants-doodlebob-pencil-holder\/","url":"https:\/\/animefigurer.se\/figurer\/spongebob-squarepants\/spongebob-squarepants-doodlebob-pencil-holder\/","name":"SpongeBob SquarePants DoodleBob Pencil Holder | Animefigurer.se","isPartOf":{"@id":"https:\/\/animefigurer.se\/#website"},"primaryImageOfPage":{"@id":"https:\/\/animefigurer.se\/figurer\/spongebob-squarepants\/spongebob-squarepants-doodlebob-pencil-holder\/#primaryimage"},"image":{"@id":"https:\/\/animefigurer.se\/figurer\/spongebob-squarepants\/spongebob-squarepants-doodlebob-pencil-holder\/#primaryimage"},"thumbnailUrl":"https:\/\/animefigurer.se\/wp-content\/uploads\/2025\/10\/680b9f95d6539.jpeg","datePublished":"2025-10-21T11:10:26+00:00","dateModified":"2026-04-21T10:00:39+00:00","breadcrumb":{"@id":"https:\/\/animefigurer.se\/figurer\/spongebob-squarepants\/spongebob-squarepants-doodlebob-pencil-holder\/#breadcrumb"},"inLanguage":"en-GB","potentialAction":[{"@type":"ReadAction","target":["https:\/\/animefigurer.se\/figurer\/spongebob-squarepants\/spongebob-squarepants-doodlebob-pencil-holder\/"]}]},{"@type":"ImageObject","inLanguage":"en-GB","@id":"https:\/\/animefigurer.se\/figurer\/spongebob-squarepants\/spongebob-squarepants-doodlebob-pencil-holder\/#primaryimage","url":"https:\/\/animefigurer.se\/wp-content\/uploads\/2025\/10\/680b9f95d6539.jpeg","contentUrl":"https:\/\/animefigurer.se\/wp-content\/uploads\/2025\/10\/680b9f95d6539.jpeg","width":720,"height":540},{"@type":"BreadcrumbList","@id":"https:\/\/animefigurer.se\/figurer\/spongebob-squarepants\/spongebob-squarepants-doodlebob-pencil-holder\/#breadcrumb","itemListElement":[{"@type":"ListItem","position":1,"name":"Home","item":"https:\/\/animefigurer.se\/"},{"@type":"ListItem","position":2,"name":"Butik","item":"https:\/\/animefigurer.se\/figurer\/"},{"@type":"ListItem","position":3,"name":"SpongeBob SquarePants DoodleBob Pencil Holder"}]},{"@type":"WebSite","@id":"https:\/\/animefigurer.se\/#website","url":"https:\/\/animefigurer.se\/","name":"Animefigurer.se","description":"Anime figures from over 300 different anime series with over 9000 products | Anime Shop","publisher":{"@id":"https:\/\/animefigurer.se\/#organization"},"potentialAction":[{"@type":"SearchAction","target":{"@type":"EntryPoint","urlTemplate":"https:\/\/animefigurer.se\/?s={search_term_string}"},"query-input":{"@type":"PropertyValueSpecification","valueRequired":true,"valueName":"search_term_string"}}],"inLanguage":"en-GB"},{"@type":"Organization","@id":"https:\/\/animefigurer.se\/#organization","name":"Animefigurer.se","alternateName":"Anime figurer | Anime shop","url":"https:\/\/animefigurer.se\/","logo":{"@type":"ImageObject","inLanguage":"en-GB","@id":"https:\/\/animefigurer.se\/#\/schema\/logo\/image\/","url":"https:\/\/animefigurer.se\/wp-content\/uploads\/2025\/12\/Animefigurer_logowhite.png","contentUrl":"https:\/\/animefigurer.se\/wp-content\/uploads\/2025\/12\/Animefigurer_logowhite.png","width":1890,"height":1417,"caption":"Animefigurer.se"},"image":{"@id":"https:\/\/animefigurer.se\/#\/schema\/logo\/image\/"},"sameAs":["https:\/\/www.facebook.com\/profile.php?id=61581826539670","https:\/\/www.instagram.com\/animefigurer.se\/"],"email":"info@animefigurer.se"}]}},"_links":{"self":[{"href":"https:\/\/animefigurer.se\/en\/wp-json\/wp\/v2\/product\/62206","targetHints":{"allow":["GET"]}}],"collection":[{"href":"https:\/\/animefigurer.se\/en\/wp-json\/wp\/v2\/product"}],"about":[{"href":"https:\/\/animefigurer.se\/en\/wp-json\/wp\/v2\/types\/product"}],"replies":[{"embeddable":true,"href":"https:\/\/animefigurer.se\/en\/wp-json\/wp\/v2\/comments?post=62206"}],"wp:featuredmedia":[{"embeddable":true,"href":"https:\/\/animefigurer.se\/en\/wp-json\/wp\/v2\/media\/62207"}],"wp:attachment":[{"href":"https:\/\/animefigurer.se\/en\/wp-json\/wp\/v2\/media?parent=62206"}],"wp:term":[{"taxonomy":"product_brand","embeddable":true,"href":"https:\/\/animefigurer.se\/en\/wp-json\/wp\/v2\/product_brand?post=62206"},{"taxonomy":"product_cat","embeddable":true,"href":"https:\/\/animefigurer.se\/en\/wp-json\/wp\/v2\/product_cat?post=62206"},{"taxonomy":"product_tag","embeddable":true,"href":"https:\/\/animefigurer.se\/en\/wp-json\/wp\/v2\/product_tag?post=62206"},{"taxonomy":"giftcard-category","embeddable":true,"href":"https:\/\/animefigurer.se\/en\/wp-json\/wp\/v2\/giftcard-category?post=62206"}],"curies":[{"name":"wp","href":"https:\/\/api.w.org\/{rel}","templated":true}]}}