{"id":61993,"date":"2025-10-21T13:07:24","date_gmt":"2025-10-21T11:07:24","guid":{"rendered":"https:\/\/animefigurer.se\/produkt\/space-warrior-baldios-moderoid-baldios-model-kit\/"},"modified":"2025-12-21T19:34:55","modified_gmt":"2025-12-21T18:34:55","slug":"space-warrior-baldios-moderoid-baldios-model-kit","status":"publish","type":"product","link":"https:\/\/animefigurer.se\/en\/figurer\/space-warrior-baldios\/space-warrior-baldios-moderoid-baldios-model-kit\/","title":{"rendered":"Space Warrior Baldios MODEROID Baldios Model Kit"},"content":{"rendered":"<p>Reissue of the Baldios plastic model set from Space Warrior Baldios. The mecha is carefully recreated according to the series&#039; appearance with multiple points of articulation. The set contains parts to recreate the combination of Pulser Burn, Baldi Prize and Cateranger for Baldios. Includes Pulse Sabers, Baldi Guard Shield and Shoulder Cannons.<\/p>","protected":false},"excerpt":{"rendered":"<p>Reissue of the plastic model set Baldios from Space Warrior Baldios. The mecha is carefully recreated according to the series&#039; appearance with multiple points of articulation. The set contains parts to recreate the combination of Pulser Burn, Baldi Prize and Cateranger for Baldios. Includes Pulse Sabers, Baldi Guard Shield<\/p>","protected":false},"featured_media":61994,"comment_status":"closed","ping_status":"open","template":"","meta":{"_acf_changed":false,"_monsterinsights_skip_tracking":false,"_monsterinsights_sitenote_active":false,"_monsterinsights_sitenote_note":"","_monsterinsights_sitenote_category":0},"product_brand":[6890],"product_cat":[7233,5000],"product_tag":[26],"giftcard-category":[],"class_list":{"0":"post-61993","1":"product","2":"type-product","3":"status-publish","4":"has-post-thumbnail","6":"product_brand-good-smile-company","7":"product_cat-pre-order","8":"product_cat-space-warrior-baldios","9":"product_tag-pre-order","10":"pa_franchise-space-warrior-baldios","11":"pa_karaktar-baldios","12":"pa_material-plastic","13":"pa_produktserie-moderoid","14":"pa_typ-plastic-model-kit","16":"first","17":"instock","18":"taxable","19":"shipping-taxable","20":"purchasable","21":"product-type-simple"},"acf":[],"yoast_head":"<!-- This site is optimized with the Yoast SEO Premium plugin v24.6 (Yoast SEO v27.3) - https:\/\/yoast.com\/product\/yoast-seo-premium-wordpress\/ -->\n<title>Space Warrior Baldios MODEROID Baldios Model Kit | Animefigurer.se<\/title>\n<meta name=\"robots\" content=\"index, follow, max-snippet:-1, max-image-preview:large, max-video-preview:-1\" \/>\n<link rel=\"canonical\" href=\"https:\/\/animefigurer.se\/en\/figurer\/space-warrior-baldios\/space-warrior-baldios-moderoid-baldios-model-kit\/\" \/>\n<meta property=\"og:locale\" content=\"en_GB\" \/>\n<meta property=\"og:type\" content=\"article\" \/>\n<meta property=\"og:title\" content=\"Space Warrior Baldios MODEROID Baldios Model Kit\" \/>\n<meta property=\"og:description\" content=\"\u00c5terutgivning av plastmodellsetet Baldios fr\u00e5n Space Warrior Baldios. Mecha:n \u00e4r noggrant \u00e5terskapad enligt seriens utseende med flera ledpunkter. Setet inneh\u00e5ller delar f\u00f6r att \u00e5terskapa kombinationen av Pulser Burn, Baldi Prize och Cateranger till Baldios. Medf\u00f6ljer Pulse Sabers, Baldi Guard Shiel\" \/>\n<meta property=\"og:url\" content=\"https:\/\/animefigurer.se\/en\/figurer\/space-warrior-baldios\/space-warrior-baldios-moderoid-baldios-model-kit\/\" \/>\n<meta property=\"og:site_name\" content=\"Animefigurer.se\" \/>\n<meta property=\"article:publisher\" content=\"https:\/\/www.facebook.com\/profile.php?id=61581826539670\" \/>\n<meta property=\"article:modified_time\" content=\"2025-12-21T18:34:55+00:00\" \/>\n<meta property=\"og:image\" content=\"https:\/\/animefigurer.se\/wp-content\/uploads\/2025\/12\/Animefigurer_logowhite.png\" \/>\n\t<meta property=\"og:image:width\" content=\"1890\" \/>\n\t<meta property=\"og:image:height\" content=\"1417\" \/>\n\t<meta property=\"og:image:type\" content=\"image\/png\" \/>\n<meta name=\"twitter:card\" content=\"summary_large_image\" \/>\n<script type=\"application\/ld+json\" class=\"yoast-schema-graph\">{\"@context\":\"https:\\\/\\\/schema.org\",\"@graph\":[{\"@type\":\"WebPage\",\"@id\":\"https:\\\/\\\/animefigurer.se\\\/figurer\\\/space-warrior-baldios\\\/space-warrior-baldios-moderoid-baldios-model-kit\\\/\",\"url\":\"https:\\\/\\\/animefigurer.se\\\/figurer\\\/space-warrior-baldios\\\/space-warrior-baldios-moderoid-baldios-model-kit\\\/\",\"name\":\"Space Warrior Baldios MODEROID Baldios Model Kit | Animefigurer.se\",\"isPartOf\":{\"@id\":\"https:\\\/\\\/animefigurer.se\\\/#website\"},\"primaryImageOfPage\":{\"@id\":\"https:\\\/\\\/animefigurer.se\\\/figurer\\\/space-warrior-baldios\\\/space-warrior-baldios-moderoid-baldios-model-kit\\\/#primaryimage\"},\"image\":{\"@id\":\"https:\\\/\\\/animefigurer.se\\\/figurer\\\/space-warrior-baldios\\\/space-warrior-baldios-moderoid-baldios-model-kit\\\/#primaryimage\"},\"thumbnailUrl\":\"https:\\\/\\\/animefigurer.se\\\/wp-content\\\/uploads\\\/2025\\\/10\\\/687e830db1931.jpeg\",\"datePublished\":\"2025-10-21T11:07:24+00:00\",\"dateModified\":\"2025-12-21T18:34:55+00:00\",\"breadcrumb\":{\"@id\":\"https:\\\/\\\/animefigurer.se\\\/figurer\\\/space-warrior-baldios\\\/space-warrior-baldios-moderoid-baldios-model-kit\\\/#breadcrumb\"},\"inLanguage\":\"en-GB\",\"potentialAction\":[{\"@type\":\"ReadAction\",\"target\":[\"https:\\\/\\\/animefigurer.se\\\/figurer\\\/space-warrior-baldios\\\/space-warrior-baldios-moderoid-baldios-model-kit\\\/\"]}]},{\"@type\":\"ImageObject\",\"inLanguage\":\"en-GB\",\"@id\":\"https:\\\/\\\/animefigurer.se\\\/figurer\\\/space-warrior-baldios\\\/space-warrior-baldios-moderoid-baldios-model-kit\\\/#primaryimage\",\"url\":\"https:\\\/\\\/animefigurer.se\\\/wp-content\\\/uploads\\\/2025\\\/10\\\/687e830db1931.jpeg\",\"contentUrl\":\"https:\\\/\\\/animefigurer.se\\\/wp-content\\\/uploads\\\/2025\\\/10\\\/687e830db1931.jpeg\",\"width\":720,\"height\":540},{\"@type\":\"BreadcrumbList\",\"@id\":\"https:\\\/\\\/animefigurer.se\\\/figurer\\\/space-warrior-baldios\\\/space-warrior-baldios-moderoid-baldios-model-kit\\\/#breadcrumb\",\"itemListElement\":[{\"@type\":\"ListItem\",\"position\":1,\"name\":\"Home\",\"item\":\"https:\\\/\\\/animefigurer.se\\\/\"},{\"@type\":\"ListItem\",\"position\":2,\"name\":\"Butik\",\"item\":\"https:\\\/\\\/animefigurer.se\\\/figurer\\\/\"},{\"@type\":\"ListItem\",\"position\":3,\"name\":\"Space Warrior Baldios MODEROID Baldios Model Kit\"}]},{\"@type\":\"WebSite\",\"@id\":\"https:\\\/\\\/animefigurer.se\\\/#website\",\"url\":\"https:\\\/\\\/animefigurer.se\\\/\",\"name\":\"Animefigurer.se\",\"description\":\"Anime figurer fr\u00e5n \u00f6ver 300 olika anime serier med \u00f6ver 9000 produkter | Anime Shop\",\"publisher\":{\"@id\":\"https:\\\/\\\/animefigurer.se\\\/#organization\"},\"potentialAction\":[{\"@type\":\"SearchAction\",\"target\":{\"@type\":\"EntryPoint\",\"urlTemplate\":\"https:\\\/\\\/animefigurer.se\\\/?s={search_term_string}\"},\"query-input\":{\"@type\":\"PropertyValueSpecification\",\"valueRequired\":true,\"valueName\":\"search_term_string\"}}],\"inLanguage\":\"en-GB\"},{\"@type\":\"Organization\",\"@id\":\"https:\\\/\\\/animefigurer.se\\\/#organization\",\"name\":\"Animefigurer.se\",\"alternateName\":\"Anime figurer | Anime shop\",\"url\":\"https:\\\/\\\/animefigurer.se\\\/\",\"logo\":{\"@type\":\"ImageObject\",\"inLanguage\":\"en-GB\",\"@id\":\"https:\\\/\\\/animefigurer.se\\\/#\\\/schema\\\/logo\\\/image\\\/\",\"url\":\"https:\\\/\\\/animefigurer.se\\\/wp-content\\\/uploads\\\/2025\\\/12\\\/Animefigurer_logowhite.png\",\"contentUrl\":\"https:\\\/\\\/animefigurer.se\\\/wp-content\\\/uploads\\\/2025\\\/12\\\/Animefigurer_logowhite.png\",\"width\":1890,\"height\":1417,\"caption\":\"Animefigurer.se\"},\"image\":{\"@id\":\"https:\\\/\\\/animefigurer.se\\\/#\\\/schema\\\/logo\\\/image\\\/\"},\"sameAs\":[\"https:\\\/\\\/www.facebook.com\\\/profile.php?id=61581826539670\",\"https:\\\/\\\/www.instagram.com\\\/animefigurer.se\\\/\"],\"email\":\"info@animefigurer.se\"}]}<\/script>\n<!-- \/ Yoast SEO Premium plugin. -->","yoast_head_json":{"title":"Space Warrior Baldios MODEROID Baldios Model Kit | Animefigurer.se","robots":{"index":"index","follow":"follow","max-snippet":"max-snippet:-1","max-image-preview":"max-image-preview:large","max-video-preview":"max-video-preview:-1"},"canonical":"https:\/\/animefigurer.se\/en\/figurer\/space-warrior-baldios\/space-warrior-baldios-moderoid-baldios-model-kit\/","og_locale":"en_GB","og_type":"article","og_title":"Space Warrior Baldios MODEROID Baldios Model Kit","og_description":"\u00c5terutgivning av plastmodellsetet Baldios fr\u00e5n Space Warrior Baldios. Mecha:n \u00e4r noggrant \u00e5terskapad enligt seriens utseende med flera ledpunkter. Setet inneh\u00e5ller delar f\u00f6r att \u00e5terskapa kombinationen av Pulser Burn, Baldi Prize och Cateranger till Baldios. Medf\u00f6ljer Pulse Sabers, Baldi Guard Shiel","og_url":"https:\/\/animefigurer.se\/en\/figurer\/space-warrior-baldios\/space-warrior-baldios-moderoid-baldios-model-kit\/","og_site_name":"Animefigurer.se","article_publisher":"https:\/\/www.facebook.com\/profile.php?id=61581826539670","article_modified_time":"2025-12-21T18:34:55+00:00","og_image":[{"width":1890,"height":1417,"url":"https:\/\/animefigurer.se\/wp-content\/uploads\/2025\/12\/Animefigurer_logowhite.png","type":"image\/png"}],"twitter_card":"summary_large_image","schema":{"@context":"https:\/\/schema.org","@graph":[{"@type":"WebPage","@id":"https:\/\/animefigurer.se\/figurer\/space-warrior-baldios\/space-warrior-baldios-moderoid-baldios-model-kit\/","url":"https:\/\/animefigurer.se\/figurer\/space-warrior-baldios\/space-warrior-baldios-moderoid-baldios-model-kit\/","name":"Space Warrior Baldios MODEROID Baldios Model Kit | Animefigurer.se","isPartOf":{"@id":"https:\/\/animefigurer.se\/#website"},"primaryImageOfPage":{"@id":"https:\/\/animefigurer.se\/figurer\/space-warrior-baldios\/space-warrior-baldios-moderoid-baldios-model-kit\/#primaryimage"},"image":{"@id":"https:\/\/animefigurer.se\/figurer\/space-warrior-baldios\/space-warrior-baldios-moderoid-baldios-model-kit\/#primaryimage"},"thumbnailUrl":"https:\/\/animefigurer.se\/wp-content\/uploads\/2025\/10\/687e830db1931.jpeg","datePublished":"2025-10-21T11:07:24+00:00","dateModified":"2025-12-21T18:34:55+00:00","breadcrumb":{"@id":"https:\/\/animefigurer.se\/figurer\/space-warrior-baldios\/space-warrior-baldios-moderoid-baldios-model-kit\/#breadcrumb"},"inLanguage":"en-GB","potentialAction":[{"@type":"ReadAction","target":["https:\/\/animefigurer.se\/figurer\/space-warrior-baldios\/space-warrior-baldios-moderoid-baldios-model-kit\/"]}]},{"@type":"ImageObject","inLanguage":"en-GB","@id":"https:\/\/animefigurer.se\/figurer\/space-warrior-baldios\/space-warrior-baldios-moderoid-baldios-model-kit\/#primaryimage","url":"https:\/\/animefigurer.se\/wp-content\/uploads\/2025\/10\/687e830db1931.jpeg","contentUrl":"https:\/\/animefigurer.se\/wp-content\/uploads\/2025\/10\/687e830db1931.jpeg","width":720,"height":540},{"@type":"BreadcrumbList","@id":"https:\/\/animefigurer.se\/figurer\/space-warrior-baldios\/space-warrior-baldios-moderoid-baldios-model-kit\/#breadcrumb","itemListElement":[{"@type":"ListItem","position":1,"name":"Home","item":"https:\/\/animefigurer.se\/"},{"@type":"ListItem","position":2,"name":"Butik","item":"https:\/\/animefigurer.se\/figurer\/"},{"@type":"ListItem","position":3,"name":"Space Warrior Baldios MODEROID Baldios Model Kit"}]},{"@type":"WebSite","@id":"https:\/\/animefigurer.se\/#website","url":"https:\/\/animefigurer.se\/","name":"Animefigurer.se","description":"Anime figures from over 300 different anime series with over 9000 products | Anime Shop","publisher":{"@id":"https:\/\/animefigurer.se\/#organization"},"potentialAction":[{"@type":"SearchAction","target":{"@type":"EntryPoint","urlTemplate":"https:\/\/animefigurer.se\/?s={search_term_string}"},"query-input":{"@type":"PropertyValueSpecification","valueRequired":true,"valueName":"search_term_string"}}],"inLanguage":"en-GB"},{"@type":"Organization","@id":"https:\/\/animefigurer.se\/#organization","name":"Animefigurer.se","alternateName":"Anime figurer | Anime shop","url":"https:\/\/animefigurer.se\/","logo":{"@type":"ImageObject","inLanguage":"en-GB","@id":"https:\/\/animefigurer.se\/#\/schema\/logo\/image\/","url":"https:\/\/animefigurer.se\/wp-content\/uploads\/2025\/12\/Animefigurer_logowhite.png","contentUrl":"https:\/\/animefigurer.se\/wp-content\/uploads\/2025\/12\/Animefigurer_logowhite.png","width":1890,"height":1417,"caption":"Animefigurer.se"},"image":{"@id":"https:\/\/animefigurer.se\/#\/schema\/logo\/image\/"},"sameAs":["https:\/\/www.facebook.com\/profile.php?id=61581826539670","https:\/\/www.instagram.com\/animefigurer.se\/"],"email":"info@animefigurer.se"}]}},"_links":{"self":[{"href":"https:\/\/animefigurer.se\/en\/wp-json\/wp\/v2\/product\/61993","targetHints":{"allow":["GET"]}}],"collection":[{"href":"https:\/\/animefigurer.se\/en\/wp-json\/wp\/v2\/product"}],"about":[{"href":"https:\/\/animefigurer.se\/en\/wp-json\/wp\/v2\/types\/product"}],"replies":[{"embeddable":true,"href":"https:\/\/animefigurer.se\/en\/wp-json\/wp\/v2\/comments?post=61993"}],"wp:featuredmedia":[{"embeddable":true,"href":"https:\/\/animefigurer.se\/en\/wp-json\/wp\/v2\/media\/61994"}],"wp:attachment":[{"href":"https:\/\/animefigurer.se\/en\/wp-json\/wp\/v2\/media?parent=61993"}],"wp:term":[{"taxonomy":"product_brand","embeddable":true,"href":"https:\/\/animefigurer.se\/en\/wp-json\/wp\/v2\/product_brand?post=61993"},{"taxonomy":"product_cat","embeddable":true,"href":"https:\/\/animefigurer.se\/en\/wp-json\/wp\/v2\/product_cat?post=61993"},{"taxonomy":"product_tag","embeddable":true,"href":"https:\/\/animefigurer.se\/en\/wp-json\/wp\/v2\/product_tag?post=61993"},{"taxonomy":"giftcard-category","embeddable":true,"href":"https:\/\/animefigurer.se\/en\/wp-json\/wp\/v2\/giftcard-category?post=61993"}],"curies":[{"name":"wp","href":"https:\/\/api.w.org\/{rel}","templated":true}]}}