{"id":61667,"date":"2025-10-21T12:57:21","date_gmt":"2025-10-21T10:57:21","guid":{"rendered":"https:\/\/animefigurer.se\/produkt\/sousai-shoujo-teien-dress-up-body-small-c-color-ver-1-10-scale-model-kit\/"},"modified":"2025-12-21T19:34:54","modified_gmt":"2025-12-21T18:34:54","slug":"sousai-shoujo-teien-dress-up-body-small-c-color-ver-1-10-scale-model-kit","status":"publish","type":"product","link":"https:\/\/animefigurer.se\/en\/figurer\/sousai-shojo-teien\/sousai-shoujo-teien-dress-up-body-small-c-color-ver-1-10-scale-model-kit\/","title":{"rendered":"Sousai Shoujo Teien Dress Up Body (Small C Color Ver.) 1\/10 Scale Model Kit"},"content":{"rendered":"<p>From Kotobukiya and SOUSAI SHOJO TEIEN comes the Dress Up Body in skin tone C! The clothing color for this kit has been changed to black and the model is delivered in skin tone C.<\/p>\n<p>The set comes in two variations: loungewear and innerwear. Choose between narrow or normal bust type and build the model as desired. The simple, movable construction makes this an excellent base for modification and customization.<\/p>","protected":false},"excerpt":{"rendered":"<p>From Kotobukiya and SOUSAI SHOJO TEIEN comes the Dress Up Body in skin tone C! The clothing color for this kit has been changed to black and the model is delivered in skin tone C.<\/p>\n<p>The set is available in two versions: loungewear and innerwear. Choose between a narrow or normal bust type and build the model as desired. The simple,<\/p>","protected":false},"featured_media":61668,"comment_status":"closed","ping_status":"open","template":"","meta":{"_acf_changed":false,"_monsterinsights_skip_tracking":false,"_monsterinsights_sitenote_active":false,"_monsterinsights_sitenote_note":"","_monsterinsights_sitenote_category":0},"product_brand":[6892],"product_cat":[7233,4966],"product_tag":[26],"giftcard-category":[],"class_list":{"0":"post-61667","1":"product","2":"type-product","3":"status-publish","4":"has-post-thumbnail","6":"product_brand-kotobukiya","7":"product_cat-pre-order","8":"product_cat-sousai-shojo-teien","9":"product_tag-pre-order","10":"pa_franchise-sousai-shojo-teien","11":"pa_material-plastic","12":"pa_skala-379","13":"pa_typ-plastic-model-kit","15":"first","16":"instock","17":"taxable","18":"shipping-taxable","19":"purchasable","20":"product-type-simple"},"acf":[],"yoast_head":"<!-- This site is optimized with the Yoast SEO Premium plugin v24.6 (Yoast SEO v27.4) - https:\/\/yoast.com\/product\/yoast-seo-premium-wordpress\/ -->\n<title>Sousai Shoujo Teien Dress Up Body (Small C Color Ver.) 1\/10 Scale Model Kit | Animefigurer.se<\/title>\n<meta name=\"robots\" content=\"index, follow, max-snippet:-1, max-image-preview:large, max-video-preview:-1\" \/>\n<link rel=\"canonical\" href=\"https:\/\/animefigurer.se\/en\/figurer\/sousai-shojo-teien\/sousai-shoujo-teien-dress-up-body-small-c-color-ver-1-10-scale-model-kit\/\" \/>\n<meta property=\"og:locale\" content=\"en_GB\" \/>\n<meta property=\"og:type\" content=\"article\" \/>\n<meta property=\"og:title\" content=\"Sousai Shoujo Teien Dress Up Body (Small C Color Ver.) 1\/10 Scale Model Kit\" \/>\n<meta property=\"og:description\" content=\"Fr\u00e5n Kotobukiya och SOUSAI SHOJO TEIEN kommer nu Dress Up Body i hudton C! Kl\u00e4df\u00e4rgen f\u00f6r detta kit har \u00e4ndrats till svart och modellen levereras i hudf\u00e4rg C. Setet finns i tv\u00e5 varianter: loungewear och innerkl\u00e4der. V\u00e4lj mellan smal eller normal br\u00f6sttyp och bygg modellen efter \u00f6nskem\u00e5l. Den enkla,\" \/>\n<meta property=\"og:url\" content=\"https:\/\/animefigurer.se\/en\/figurer\/sousai-shojo-teien\/sousai-shoujo-teien-dress-up-body-small-c-color-ver-1-10-scale-model-kit\/\" \/>\n<meta property=\"og:site_name\" content=\"Animefigurer.se\" \/>\n<meta property=\"article:publisher\" content=\"https:\/\/www.facebook.com\/profile.php?id=61581826539670\" \/>\n<meta property=\"article:modified_time\" content=\"2025-12-21T18:34:54+00:00\" \/>\n<meta property=\"og:image\" content=\"https:\/\/animefigurer.se\/wp-content\/uploads\/2025\/12\/Animefigurer_logowhite.png\" \/>\n\t<meta property=\"og:image:width\" content=\"1890\" \/>\n\t<meta property=\"og:image:height\" content=\"1417\" \/>\n\t<meta property=\"og:image:type\" content=\"image\/png\" \/>\n<meta name=\"twitter:card\" content=\"summary_large_image\" \/>\n<script type=\"application\/ld+json\" class=\"yoast-schema-graph\">{\"@context\":\"https:\\\/\\\/schema.org\",\"@graph\":[{\"@type\":\"WebPage\",\"@id\":\"https:\\\/\\\/animefigurer.se\\\/en\\\/figurer\\\/sousai-shojo-teien\\\/sousai-shoujo-teien-dress-up-body-small-c-color-ver-1-10-scale-model-kit\\\/\",\"url\":\"https:\\\/\\\/animefigurer.se\\\/en\\\/figurer\\\/sousai-shojo-teien\\\/sousai-shoujo-teien-dress-up-body-small-c-color-ver-1-10-scale-model-kit\\\/\",\"name\":\"Sousai Shoujo Teien Dress Up Body (Small C Color Ver.) 1\\\/10 Scale Model Kit | Animefigurer.se\",\"isPartOf\":{\"@id\":\"https:\\\/\\\/animefigurer.se\\\/#website\"},\"primaryImageOfPage\":{\"@id\":\"https:\\\/\\\/animefigurer.se\\\/en\\\/figurer\\\/sousai-shojo-teien\\\/sousai-shoujo-teien-dress-up-body-small-c-color-ver-1-10-scale-model-kit\\\/#primaryimage\"},\"image\":{\"@id\":\"https:\\\/\\\/animefigurer.se\\\/en\\\/figurer\\\/sousai-shojo-teien\\\/sousai-shoujo-teien-dress-up-body-small-c-color-ver-1-10-scale-model-kit\\\/#primaryimage\"},\"thumbnailUrl\":\"https:\\\/\\\/animefigurer.se\\\/wp-content\\\/uploads\\\/2025\\\/10\\\/688a8d5eed2dd.jpeg\",\"datePublished\":\"2025-10-21T10:57:21+00:00\",\"dateModified\":\"2025-12-21T18:34:54+00:00\",\"breadcrumb\":{\"@id\":\"https:\\\/\\\/animefigurer.se\\\/en\\\/figurer\\\/sousai-shojo-teien\\\/sousai-shoujo-teien-dress-up-body-small-c-color-ver-1-10-scale-model-kit\\\/#breadcrumb\"},\"inLanguage\":\"en-GB\",\"potentialAction\":[{\"@type\":\"ReadAction\",\"target\":[\"https:\\\/\\\/animefigurer.se\\\/en\\\/figurer\\\/sousai-shojo-teien\\\/sousai-shoujo-teien-dress-up-body-small-c-color-ver-1-10-scale-model-kit\\\/\"]}]},{\"@type\":\"ImageObject\",\"inLanguage\":\"en-GB\",\"@id\":\"https:\\\/\\\/animefigurer.se\\\/en\\\/figurer\\\/sousai-shojo-teien\\\/sousai-shoujo-teien-dress-up-body-small-c-color-ver-1-10-scale-model-kit\\\/#primaryimage\",\"url\":\"https:\\\/\\\/animefigurer.se\\\/wp-content\\\/uploads\\\/2025\\\/10\\\/688a8d5eed2dd.jpeg\",\"contentUrl\":\"https:\\\/\\\/animefigurer.se\\\/wp-content\\\/uploads\\\/2025\\\/10\\\/688a8d5eed2dd.jpeg\",\"width\":1000,\"height\":750},{\"@type\":\"BreadcrumbList\",\"@id\":\"https:\\\/\\\/animefigurer.se\\\/en\\\/figurer\\\/sousai-shojo-teien\\\/sousai-shoujo-teien-dress-up-body-small-c-color-ver-1-10-scale-model-kit\\\/#breadcrumb\",\"itemListElement\":[{\"@type\":\"ListItem\",\"position\":1,\"name\":\"Home\",\"item\":\"https:\\\/\\\/animefigurer.se\\\/\"},{\"@type\":\"ListItem\",\"position\":2,\"name\":\"Butik\",\"item\":\"https:\\\/\\\/animefigurer.se\\\/figurer\\\/\"},{\"@type\":\"ListItem\",\"position\":3,\"name\":\"Sousai Shoujo Teien Dress Up Body (Small C Color Ver.) 1\\\/10 Scale Model Kit\"}]},{\"@type\":\"WebSite\",\"@id\":\"https:\\\/\\\/animefigurer.se\\\/#website\",\"url\":\"https:\\\/\\\/animefigurer.se\\\/\",\"name\":\"Animefigurer.se\",\"description\":\"Anime figurer fr\u00e5n \u00f6ver 300 olika anime serier med \u00f6ver 9000 produkter | Anime Shop\",\"publisher\":{\"@id\":\"https:\\\/\\\/animefigurer.se\\\/#organization\"},\"potentialAction\":[{\"@type\":\"SearchAction\",\"target\":{\"@type\":\"EntryPoint\",\"urlTemplate\":\"https:\\\/\\\/animefigurer.se\\\/?s={search_term_string}\"},\"query-input\":{\"@type\":\"PropertyValueSpecification\",\"valueRequired\":true,\"valueName\":\"search_term_string\"}}],\"inLanguage\":\"en-GB\"},{\"@type\":\"Organization\",\"@id\":\"https:\\\/\\\/animefigurer.se\\\/#organization\",\"name\":\"Animefigurer.se\",\"alternateName\":\"Anime figurer | Anime shop\",\"url\":\"https:\\\/\\\/animefigurer.se\\\/\",\"logo\":{\"@type\":\"ImageObject\",\"inLanguage\":\"en-GB\",\"@id\":\"https:\\\/\\\/animefigurer.se\\\/#\\\/schema\\\/logo\\\/image\\\/\",\"url\":\"https:\\\/\\\/animefigurer.se\\\/wp-content\\\/uploads\\\/2025\\\/12\\\/Animefigurer_logowhite.png\",\"contentUrl\":\"https:\\\/\\\/animefigurer.se\\\/wp-content\\\/uploads\\\/2025\\\/12\\\/Animefigurer_logowhite.png\",\"width\":1890,\"height\":1417,\"caption\":\"Animefigurer.se\"},\"image\":{\"@id\":\"https:\\\/\\\/animefigurer.se\\\/#\\\/schema\\\/logo\\\/image\\\/\"},\"sameAs\":[\"https:\\\/\\\/www.facebook.com\\\/profile.php?id=61581826539670\",\"https:\\\/\\\/www.instagram.com\\\/animefigurer.se\\\/\"],\"email\":\"info@animefigurer.se\"}]}<\/script>\n<!-- \/ Yoast SEO Premium plugin. -->","yoast_head_json":{"title":"Sousai Shoujo Teien Dress Up Body (Small C Color Ver.) 1\/10 Scale Model Kit | Animefigurer.se","robots":{"index":"index","follow":"follow","max-snippet":"max-snippet:-1","max-image-preview":"max-image-preview:large","max-video-preview":"max-video-preview:-1"},"canonical":"https:\/\/animefigurer.se\/en\/figurer\/sousai-shojo-teien\/sousai-shoujo-teien-dress-up-body-small-c-color-ver-1-10-scale-model-kit\/","og_locale":"en_GB","og_type":"article","og_title":"Sousai Shoujo Teien Dress Up Body (Small C Color Ver.) 1\/10 Scale Model Kit","og_description":"Fr\u00e5n Kotobukiya och SOUSAI SHOJO TEIEN kommer nu Dress Up Body i hudton C! Kl\u00e4df\u00e4rgen f\u00f6r detta kit har \u00e4ndrats till svart och modellen levereras i hudf\u00e4rg C. Setet finns i tv\u00e5 varianter: loungewear och innerkl\u00e4der. V\u00e4lj mellan smal eller normal br\u00f6sttyp och bygg modellen efter \u00f6nskem\u00e5l. Den enkla,","og_url":"https:\/\/animefigurer.se\/en\/figurer\/sousai-shojo-teien\/sousai-shoujo-teien-dress-up-body-small-c-color-ver-1-10-scale-model-kit\/","og_site_name":"Animefigurer.se","article_publisher":"https:\/\/www.facebook.com\/profile.php?id=61581826539670","article_modified_time":"2025-12-21T18:34:54+00:00","og_image":[{"width":1890,"height":1417,"url":"https:\/\/animefigurer.se\/wp-content\/uploads\/2025\/12\/Animefigurer_logowhite.png","type":"image\/png"}],"twitter_card":"summary_large_image","schema":{"@context":"https:\/\/schema.org","@graph":[{"@type":"WebPage","@id":"https:\/\/animefigurer.se\/en\/figurer\/sousai-shojo-teien\/sousai-shoujo-teien-dress-up-body-small-c-color-ver-1-10-scale-model-kit\/","url":"https:\/\/animefigurer.se\/en\/figurer\/sousai-shojo-teien\/sousai-shoujo-teien-dress-up-body-small-c-color-ver-1-10-scale-model-kit\/","name":"Sousai Shoujo Teien Dress Up Body (Small C Color Ver.) 1\/10 Scale Model Kit | Animefigurer.se","isPartOf":{"@id":"https:\/\/animefigurer.se\/#website"},"primaryImageOfPage":{"@id":"https:\/\/animefigurer.se\/en\/figurer\/sousai-shojo-teien\/sousai-shoujo-teien-dress-up-body-small-c-color-ver-1-10-scale-model-kit\/#primaryimage"},"image":{"@id":"https:\/\/animefigurer.se\/en\/figurer\/sousai-shojo-teien\/sousai-shoujo-teien-dress-up-body-small-c-color-ver-1-10-scale-model-kit\/#primaryimage"},"thumbnailUrl":"https:\/\/animefigurer.se\/wp-content\/uploads\/2025\/10\/688a8d5eed2dd.jpeg","datePublished":"2025-10-21T10:57:21+00:00","dateModified":"2025-12-21T18:34:54+00:00","breadcrumb":{"@id":"https:\/\/animefigurer.se\/en\/figurer\/sousai-shojo-teien\/sousai-shoujo-teien-dress-up-body-small-c-color-ver-1-10-scale-model-kit\/#breadcrumb"},"inLanguage":"en-GB","potentialAction":[{"@type":"ReadAction","target":["https:\/\/animefigurer.se\/en\/figurer\/sousai-shojo-teien\/sousai-shoujo-teien-dress-up-body-small-c-color-ver-1-10-scale-model-kit\/"]}]},{"@type":"ImageObject","inLanguage":"en-GB","@id":"https:\/\/animefigurer.se\/en\/figurer\/sousai-shojo-teien\/sousai-shoujo-teien-dress-up-body-small-c-color-ver-1-10-scale-model-kit\/#primaryimage","url":"https:\/\/animefigurer.se\/wp-content\/uploads\/2025\/10\/688a8d5eed2dd.jpeg","contentUrl":"https:\/\/animefigurer.se\/wp-content\/uploads\/2025\/10\/688a8d5eed2dd.jpeg","width":1000,"height":750},{"@type":"BreadcrumbList","@id":"https:\/\/animefigurer.se\/en\/figurer\/sousai-shojo-teien\/sousai-shoujo-teien-dress-up-body-small-c-color-ver-1-10-scale-model-kit\/#breadcrumb","itemListElement":[{"@type":"ListItem","position":1,"name":"Home","item":"https:\/\/animefigurer.se\/"},{"@type":"ListItem","position":2,"name":"Butik","item":"https:\/\/animefigurer.se\/figurer\/"},{"@type":"ListItem","position":3,"name":"Sousai Shoujo Teien Dress Up Body (Small C Color Ver.) 1\/10 Scale Model Kit"}]},{"@type":"WebSite","@id":"https:\/\/animefigurer.se\/#website","url":"https:\/\/animefigurer.se\/","name":"Animefigurer.se","description":"Anime figures from over 300 different anime series with over 9000 products | Anime Shop","publisher":{"@id":"https:\/\/animefigurer.se\/#organization"},"potentialAction":[{"@type":"SearchAction","target":{"@type":"EntryPoint","urlTemplate":"https:\/\/animefigurer.se\/?s={search_term_string}"},"query-input":{"@type":"PropertyValueSpecification","valueRequired":true,"valueName":"search_term_string"}}],"inLanguage":"en-GB"},{"@type":"Organization","@id":"https:\/\/animefigurer.se\/#organization","name":"Animefigurer.se","alternateName":"Anime figurer | Anime shop","url":"https:\/\/animefigurer.se\/","logo":{"@type":"ImageObject","inLanguage":"en-GB","@id":"https:\/\/animefigurer.se\/#\/schema\/logo\/image\/","url":"https:\/\/animefigurer.se\/wp-content\/uploads\/2025\/12\/Animefigurer_logowhite.png","contentUrl":"https:\/\/animefigurer.se\/wp-content\/uploads\/2025\/12\/Animefigurer_logowhite.png","width":1890,"height":1417,"caption":"Animefigurer.se"},"image":{"@id":"https:\/\/animefigurer.se\/#\/schema\/logo\/image\/"},"sameAs":["https:\/\/www.facebook.com\/profile.php?id=61581826539670","https:\/\/www.instagram.com\/animefigurer.se\/"],"email":"info@animefigurer.se"}]}},"_links":{"self":[{"href":"https:\/\/animefigurer.se\/en\/wp-json\/wp\/v2\/product\/61667","targetHints":{"allow":["GET"]}}],"collection":[{"href":"https:\/\/animefigurer.se\/en\/wp-json\/wp\/v2\/product"}],"about":[{"href":"https:\/\/animefigurer.se\/en\/wp-json\/wp\/v2\/types\/product"}],"replies":[{"embeddable":true,"href":"https:\/\/animefigurer.se\/en\/wp-json\/wp\/v2\/comments?post=61667"}],"wp:featuredmedia":[{"embeddable":true,"href":"https:\/\/animefigurer.se\/en\/wp-json\/wp\/v2\/media\/61668"}],"wp:attachment":[{"href":"https:\/\/animefigurer.se\/en\/wp-json\/wp\/v2\/media?parent=61667"}],"wp:term":[{"taxonomy":"product_brand","embeddable":true,"href":"https:\/\/animefigurer.se\/en\/wp-json\/wp\/v2\/product_brand?post=61667"},{"taxonomy":"product_cat","embeddable":true,"href":"https:\/\/animefigurer.se\/en\/wp-json\/wp\/v2\/product_cat?post=61667"},{"taxonomy":"product_tag","embeddable":true,"href":"https:\/\/animefigurer.se\/en\/wp-json\/wp\/v2\/product_tag?post=61667"},{"taxonomy":"giftcard-category","embeddable":true,"href":"https:\/\/animefigurer.se\/en\/wp-json\/wp\/v2\/giftcard-category?post=61667"}],"curies":[{"name":"wp","href":"https:\/\/api.w.org\/{rel}","templated":true}]}}