{"id":61441,"date":"2025-10-21T12:57:21","date_gmt":"2025-10-21T10:57:21","guid":{"rendered":"https:\/\/animefigurer.se\/produkt\/sonic-adventure-sonic-the-hedgehog-collectors-edition-statue\/"},"modified":"2026-04-21T11:54:40","modified_gmt":"2026-04-21T09:54:40","slug":"sonic-adventure-sonic-the-hedgehog-collectors-edition-statue","status":"publish","type":"product","link":"https:\/\/animefigurer.se\/en\/figurer\/sonic-the-hedgehog\/sonic-adventure-sonic-the-hedgehog-collectors-edition-statue\/","title":{"rendered":"Sonic Adventure Sonic the Hedgehog Collector&#039;s Edition Statue"},"content":{"rendered":"<p>First 4 Figures proudly presents a high-quality PVC statue of Sonic from Sonic Adventure!<\/p>\n<p>Sonic the Hedgehog is the protagonist of the video game Sonic Adventure \u2014 a blue anthropomorphic hedgehog known for his incredible speed and agility. In the game, Sonic must stop the evil Dr. Eggman, who wants to harness the creature Chaos to threaten the world. This paintable PVC statue recreates Sonic&#039;s iconic Sonic Adventure look in a dynamic pose, with meticulously sculpted details from his forehead spikes to his red and white shoes.<\/p>\n<p>The Collector&#039;s Edition variant features a special base with two (2) built-in LED modes: static and animated, which illuminate the display and enhance the stage feel.<\/p>\n<p>The package includes:<br \/>\n\u2013 Sonic Adventure \u2013 Sonic the Hedgehog PVC painted statue<br \/>\n\u2013 Detailed bass inspired by the style of the Sonic Adventure games<br \/>\n\u2013 Two (2) LED modes for the base (static and animated)*<br \/>\n\u2013 F4F brochure with 500 F4F reward points<\/p>","protected":false},"excerpt":{"rendered":"<p>First 4 Figures proudly presents a high-quality PVC statue of Sonic from Sonic Adventure!<\/p>\n<p>Sonic the Hedgehog is the protagonist of the game Sonic Adventure \u2014 a blue anthropomorphic hedgehog known for his incredible speed and agility. In the game, Sonic must stop the evil Dr. Eggman who wants to exploit every<\/p>","protected":false},"featured_media":61442,"comment_status":"closed","ping_status":"closed","template":"","meta":{"_acf_changed":false,"_monsterinsights_skip_tracking":false,"_monsterinsights_sitenote_active":false,"_monsterinsights_sitenote_note":"","_monsterinsights_sitenote_category":0},"product_brand":[6986],"product_cat":[4952],"product_tag":[24],"giftcard-category":[],"class_list":{"0":"post-61441","1":"product","2":"type-product","3":"status-publish","4":"has-post-thumbnail","6":"product_brand-first-4-figures","7":"product_cat-sonic-the-hedgehog","8":"product_tag-2-3-weeks","9":"pa_franchise-sonic-adventure","10":"pa_karaktar-sonic-adventure","11":"pa_material-pvc","12":"pa_storlek-23-cm","14":"first","15":"instock","16":"taxable","17":"shipping-taxable","18":"purchasable","19":"product-type-simple"},"acf":[],"yoast_head":"<!-- This site is optimized with the Yoast SEO Premium plugin v24.6 (Yoast SEO v27.4) - https:\/\/yoast.com\/product\/yoast-seo-premium-wordpress\/ -->\n<title>Sonic Adventure Sonic the Hedgehog Collector&#039;s Edition Statue | Animefigurer.se<\/title>\n<meta name=\"robots\" content=\"index, follow, max-snippet:-1, max-image-preview:large, max-video-preview:-1\" \/>\n<link rel=\"canonical\" href=\"https:\/\/animefigurer.se\/en\/figurer\/sonic-the-hedgehog\/sonic-adventure-sonic-the-hedgehog-collectors-edition-statue\/\" \/>\n<meta property=\"og:locale\" content=\"en_GB\" \/>\n<meta property=\"og:type\" content=\"article\" \/>\n<meta property=\"og:title\" content=\"Sonic Adventure Sonic the Hedgehog Collector&#039;s Edition Statue\" \/>\n<meta property=\"og:description\" content=\"First 4 Figures presenterar stolt en h\u00f6gkvalitativ PVC-staty av Sonic fr\u00e5n Sonic Adventure!  Sonic the Hedgehog \u00e4r huvudpersonen i spelet Sonic Adventure \u2014 en bl\u00e5 antropomorf igelkott k\u00e4nd f\u00f6r sin otroliga hastighet och smidighet. I spelet m\u00e5ste Sonic stoppa den onde Dr. Eggman som vill utnyttja var\" \/>\n<meta property=\"og:url\" content=\"https:\/\/animefigurer.se\/en\/figurer\/sonic-the-hedgehog\/sonic-adventure-sonic-the-hedgehog-collectors-edition-statue\/\" \/>\n<meta property=\"og:site_name\" content=\"Animefigurer.se\" \/>\n<meta property=\"article:publisher\" content=\"https:\/\/www.facebook.com\/profile.php?id=61581826539670\" \/>\n<meta property=\"article:modified_time\" content=\"2026-04-21T09:54:40+00:00\" \/>\n<meta property=\"og:image\" content=\"https:\/\/animefigurer.se\/wp-content\/uploads\/2025\/12\/Animefigurer_logowhite.png\" \/>\n\t<meta property=\"og:image:width\" content=\"1890\" \/>\n\t<meta property=\"og:image:height\" content=\"1417\" \/>\n\t<meta property=\"og:image:type\" content=\"image\/png\" \/>\n<meta name=\"twitter:card\" content=\"summary_large_image\" \/>\n<meta name=\"twitter:label1\" content=\"Estimated reading time\" \/>\n\t<meta name=\"twitter:data1\" content=\"1 minute\" \/>\n<script type=\"application\/ld+json\" class=\"yoast-schema-graph\">{\"@context\":\"https:\\\/\\\/schema.org\",\"@graph\":[{\"@type\":\"WebPage\",\"@id\":\"https:\\\/\\\/animefigurer.se\\\/figurer\\\/sonic-the-hedgehog\\\/sonic-adventure-sonic-the-hedgehog-collectors-edition-statue\\\/\",\"url\":\"https:\\\/\\\/animefigurer.se\\\/figurer\\\/sonic-the-hedgehog\\\/sonic-adventure-sonic-the-hedgehog-collectors-edition-statue\\\/\",\"name\":\"Sonic Adventure Sonic the Hedgehog Collector's Edition Statue | Animefigurer.se\",\"isPartOf\":{\"@id\":\"https:\\\/\\\/animefigurer.se\\\/#website\"},\"primaryImageOfPage\":{\"@id\":\"https:\\\/\\\/animefigurer.se\\\/figurer\\\/sonic-the-hedgehog\\\/sonic-adventure-sonic-the-hedgehog-collectors-edition-statue\\\/#primaryimage\"},\"image\":{\"@id\":\"https:\\\/\\\/animefigurer.se\\\/figurer\\\/sonic-the-hedgehog\\\/sonic-adventure-sonic-the-hedgehog-collectors-edition-statue\\\/#primaryimage\"},\"thumbnailUrl\":\"https:\\\/\\\/animefigurer.se\\\/wp-content\\\/uploads\\\/2025\\\/10\\\/6475dd621e57f.jpeg\",\"datePublished\":\"2025-10-21T10:57:21+00:00\",\"dateModified\":\"2026-04-21T09:54:40+00:00\",\"breadcrumb\":{\"@id\":\"https:\\\/\\\/animefigurer.se\\\/figurer\\\/sonic-the-hedgehog\\\/sonic-adventure-sonic-the-hedgehog-collectors-edition-statue\\\/#breadcrumb\"},\"inLanguage\":\"en-GB\",\"potentialAction\":[{\"@type\":\"ReadAction\",\"target\":[\"https:\\\/\\\/animefigurer.se\\\/figurer\\\/sonic-the-hedgehog\\\/sonic-adventure-sonic-the-hedgehog-collectors-edition-statue\\\/\"]}]},{\"@type\":\"ImageObject\",\"inLanguage\":\"en-GB\",\"@id\":\"https:\\\/\\\/animefigurer.se\\\/figurer\\\/sonic-the-hedgehog\\\/sonic-adventure-sonic-the-hedgehog-collectors-edition-statue\\\/#primaryimage\",\"url\":\"https:\\\/\\\/animefigurer.se\\\/wp-content\\\/uploads\\\/2025\\\/10\\\/6475dd621e57f.jpeg\",\"contentUrl\":\"https:\\\/\\\/animefigurer.se\\\/wp-content\\\/uploads\\\/2025\\\/10\\\/6475dd621e57f.jpeg\",\"width\":720,\"height\":540},{\"@type\":\"BreadcrumbList\",\"@id\":\"https:\\\/\\\/animefigurer.se\\\/figurer\\\/sonic-the-hedgehog\\\/sonic-adventure-sonic-the-hedgehog-collectors-edition-statue\\\/#breadcrumb\",\"itemListElement\":[{\"@type\":\"ListItem\",\"position\":1,\"name\":\"Home\",\"item\":\"https:\\\/\\\/animefigurer.se\\\/\"},{\"@type\":\"ListItem\",\"position\":2,\"name\":\"Butik\",\"item\":\"https:\\\/\\\/animefigurer.se\\\/figurer\\\/\"},{\"@type\":\"ListItem\",\"position\":3,\"name\":\"Sonic Adventure Sonic the Hedgehog Collector&#8217;s Edition Statue\"}]},{\"@type\":\"WebSite\",\"@id\":\"https:\\\/\\\/animefigurer.se\\\/#website\",\"url\":\"https:\\\/\\\/animefigurer.se\\\/\",\"name\":\"Animefigurer.se\",\"description\":\"Anime figurer fr\u00e5n \u00f6ver 300 olika anime serier med \u00f6ver 9000 produkter | Anime Shop\",\"publisher\":{\"@id\":\"https:\\\/\\\/animefigurer.se\\\/#organization\"},\"potentialAction\":[{\"@type\":\"SearchAction\",\"target\":{\"@type\":\"EntryPoint\",\"urlTemplate\":\"https:\\\/\\\/animefigurer.se\\\/?s={search_term_string}\"},\"query-input\":{\"@type\":\"PropertyValueSpecification\",\"valueRequired\":true,\"valueName\":\"search_term_string\"}}],\"inLanguage\":\"en-GB\"},{\"@type\":\"Organization\",\"@id\":\"https:\\\/\\\/animefigurer.se\\\/#organization\",\"name\":\"Animefigurer.se\",\"alternateName\":\"Anime figurer | Anime shop\",\"url\":\"https:\\\/\\\/animefigurer.se\\\/\",\"logo\":{\"@type\":\"ImageObject\",\"inLanguage\":\"en-GB\",\"@id\":\"https:\\\/\\\/animefigurer.se\\\/#\\\/schema\\\/logo\\\/image\\\/\",\"url\":\"https:\\\/\\\/animefigurer.se\\\/wp-content\\\/uploads\\\/2025\\\/12\\\/Animefigurer_logowhite.png\",\"contentUrl\":\"https:\\\/\\\/animefigurer.se\\\/wp-content\\\/uploads\\\/2025\\\/12\\\/Animefigurer_logowhite.png\",\"width\":1890,\"height\":1417,\"caption\":\"Animefigurer.se\"},\"image\":{\"@id\":\"https:\\\/\\\/animefigurer.se\\\/#\\\/schema\\\/logo\\\/image\\\/\"},\"sameAs\":[\"https:\\\/\\\/www.facebook.com\\\/profile.php?id=61581826539670\",\"https:\\\/\\\/www.instagram.com\\\/animefigurer.se\\\/\"],\"email\":\"info@animefigurer.se\"}]}<\/script>\n<!-- \/ Yoast SEO Premium plugin. -->","yoast_head_json":{"title":"Sonic Adventure Sonic the Hedgehog Collector&#039;s Edition Statue | Animefigurer.se","robots":{"index":"index","follow":"follow","max-snippet":"max-snippet:-1","max-image-preview":"max-image-preview:large","max-video-preview":"max-video-preview:-1"},"canonical":"https:\/\/animefigurer.se\/en\/figurer\/sonic-the-hedgehog\/sonic-adventure-sonic-the-hedgehog-collectors-edition-statue\/","og_locale":"en_GB","og_type":"article","og_title":"Sonic Adventure Sonic the Hedgehog Collector's Edition Statue","og_description":"First 4 Figures presenterar stolt en h\u00f6gkvalitativ PVC-staty av Sonic fr\u00e5n Sonic Adventure!  Sonic the Hedgehog \u00e4r huvudpersonen i spelet Sonic Adventure \u2014 en bl\u00e5 antropomorf igelkott k\u00e4nd f\u00f6r sin otroliga hastighet och smidighet. I spelet m\u00e5ste Sonic stoppa den onde Dr. Eggman som vill utnyttja var","og_url":"https:\/\/animefigurer.se\/en\/figurer\/sonic-the-hedgehog\/sonic-adventure-sonic-the-hedgehog-collectors-edition-statue\/","og_site_name":"Animefigurer.se","article_publisher":"https:\/\/www.facebook.com\/profile.php?id=61581826539670","article_modified_time":"2026-04-21T09:54:40+00:00","og_image":[{"width":1890,"height":1417,"url":"https:\/\/animefigurer.se\/wp-content\/uploads\/2025\/12\/Animefigurer_logowhite.png","type":"image\/png"}],"twitter_card":"summary_large_image","twitter_misc":{"Estimated reading time":"1 minute"},"schema":{"@context":"https:\/\/schema.org","@graph":[{"@type":"WebPage","@id":"https:\/\/animefigurer.se\/figurer\/sonic-the-hedgehog\/sonic-adventure-sonic-the-hedgehog-collectors-edition-statue\/","url":"https:\/\/animefigurer.se\/figurer\/sonic-the-hedgehog\/sonic-adventure-sonic-the-hedgehog-collectors-edition-statue\/","name":"Sonic Adventure Sonic the Hedgehog Collector&#039;s Edition Statue | Animefigurer.se","isPartOf":{"@id":"https:\/\/animefigurer.se\/#website"},"primaryImageOfPage":{"@id":"https:\/\/animefigurer.se\/figurer\/sonic-the-hedgehog\/sonic-adventure-sonic-the-hedgehog-collectors-edition-statue\/#primaryimage"},"image":{"@id":"https:\/\/animefigurer.se\/figurer\/sonic-the-hedgehog\/sonic-adventure-sonic-the-hedgehog-collectors-edition-statue\/#primaryimage"},"thumbnailUrl":"https:\/\/animefigurer.se\/wp-content\/uploads\/2025\/10\/6475dd621e57f.jpeg","datePublished":"2025-10-21T10:57:21+00:00","dateModified":"2026-04-21T09:54:40+00:00","breadcrumb":{"@id":"https:\/\/animefigurer.se\/figurer\/sonic-the-hedgehog\/sonic-adventure-sonic-the-hedgehog-collectors-edition-statue\/#breadcrumb"},"inLanguage":"en-GB","potentialAction":[{"@type":"ReadAction","target":["https:\/\/animefigurer.se\/figurer\/sonic-the-hedgehog\/sonic-adventure-sonic-the-hedgehog-collectors-edition-statue\/"]}]},{"@type":"ImageObject","inLanguage":"en-GB","@id":"https:\/\/animefigurer.se\/figurer\/sonic-the-hedgehog\/sonic-adventure-sonic-the-hedgehog-collectors-edition-statue\/#primaryimage","url":"https:\/\/animefigurer.se\/wp-content\/uploads\/2025\/10\/6475dd621e57f.jpeg","contentUrl":"https:\/\/animefigurer.se\/wp-content\/uploads\/2025\/10\/6475dd621e57f.jpeg","width":720,"height":540},{"@type":"BreadcrumbList","@id":"https:\/\/animefigurer.se\/figurer\/sonic-the-hedgehog\/sonic-adventure-sonic-the-hedgehog-collectors-edition-statue\/#breadcrumb","itemListElement":[{"@type":"ListItem","position":1,"name":"Home","item":"https:\/\/animefigurer.se\/"},{"@type":"ListItem","position":2,"name":"Butik","item":"https:\/\/animefigurer.se\/figurer\/"},{"@type":"ListItem","position":3,"name":"Sonic Adventure Sonic the Hedgehog Collector&#8217;s Edition Statue"}]},{"@type":"WebSite","@id":"https:\/\/animefigurer.se\/#website","url":"https:\/\/animefigurer.se\/","name":"Animefigurer.se","description":"Anime figures from over 300 different anime series with over 9000 products | Anime Shop","publisher":{"@id":"https:\/\/animefigurer.se\/#organization"},"potentialAction":[{"@type":"SearchAction","target":{"@type":"EntryPoint","urlTemplate":"https:\/\/animefigurer.se\/?s={search_term_string}"},"query-input":{"@type":"PropertyValueSpecification","valueRequired":true,"valueName":"search_term_string"}}],"inLanguage":"en-GB"},{"@type":"Organization","@id":"https:\/\/animefigurer.se\/#organization","name":"Animefigurer.se","alternateName":"Anime figurer | Anime shop","url":"https:\/\/animefigurer.se\/","logo":{"@type":"ImageObject","inLanguage":"en-GB","@id":"https:\/\/animefigurer.se\/#\/schema\/logo\/image\/","url":"https:\/\/animefigurer.se\/wp-content\/uploads\/2025\/12\/Animefigurer_logowhite.png","contentUrl":"https:\/\/animefigurer.se\/wp-content\/uploads\/2025\/12\/Animefigurer_logowhite.png","width":1890,"height":1417,"caption":"Animefigurer.se"},"image":{"@id":"https:\/\/animefigurer.se\/#\/schema\/logo\/image\/"},"sameAs":["https:\/\/www.facebook.com\/profile.php?id=61581826539670","https:\/\/www.instagram.com\/animefigurer.se\/"],"email":"info@animefigurer.se"}]}},"_links":{"self":[{"href":"https:\/\/animefigurer.se\/en\/wp-json\/wp\/v2\/product\/61441","targetHints":{"allow":["GET"]}}],"collection":[{"href":"https:\/\/animefigurer.se\/en\/wp-json\/wp\/v2\/product"}],"about":[{"href":"https:\/\/animefigurer.se\/en\/wp-json\/wp\/v2\/types\/product"}],"replies":[{"embeddable":true,"href":"https:\/\/animefigurer.se\/en\/wp-json\/wp\/v2\/comments?post=61441"}],"wp:featuredmedia":[{"embeddable":true,"href":"https:\/\/animefigurer.se\/en\/wp-json\/wp\/v2\/media\/61442"}],"wp:attachment":[{"href":"https:\/\/animefigurer.se\/en\/wp-json\/wp\/v2\/media?parent=61441"}],"wp:term":[{"taxonomy":"product_brand","embeddable":true,"href":"https:\/\/animefigurer.se\/en\/wp-json\/wp\/v2\/product_brand?post=61441"},{"taxonomy":"product_cat","embeddable":true,"href":"https:\/\/animefigurer.se\/en\/wp-json\/wp\/v2\/product_cat?post=61441"},{"taxonomy":"product_tag","embeddable":true,"href":"https:\/\/animefigurer.se\/en\/wp-json\/wp\/v2\/product_tag?post=61441"},{"taxonomy":"giftcard-category","embeddable":true,"href":"https:\/\/animefigurer.se\/en\/wp-json\/wp\/v2\/giftcard-category?post=61441"}],"curies":[{"name":"wp","href":"https:\/\/api.w.org\/{rel}","templated":true}]}}