{"id":61229,"date":"2025-10-21T12:53:47","date_gmt":"2025-10-21T10:53:47","guid":{"rendered":"https:\/\/animefigurer.se\/produkt\/snowbreak-containment-zone-katya-surfside-leisure-ver-1-7-scale-figure\/"},"modified":"2025-12-21T19:34:49","modified_gmt":"2025-12-21T18:34:49","slug":"snowbreak-containment-zone-katya-surfside-leisure-ver-1-7-scale-figure","status":"publish","type":"product","link":"https:\/\/animefigurer.se\/en\/figurer\/snowbreak-containment-zone\/snowbreak-containment-zone-katya-surfside-leisure-ver-1-7-scale-figure\/","title":{"rendered":"Snowbreak: Containment Zone Katya (Surfside Leisure Ver.) 1\/7 Scale Figure"},"content":{"rendered":"<p>From the popular mobile game Snowbreak: Containment Zone comes this 1\/7th scale figure of Katya in her Surfside Leisure outfit. Katya poses dynamically in a beautiful swimsuit, with a charming wink and a heart pose that enhances her appeal.<\/p>\n<p>The skin texture and shading, as well as the rich hair gradation details, have been meticulously reproduced with skillful paintwork, and a gold-colored hair accessory completes the look. Every part of the swimsuit is meticulously sculpted, down to the feather-like accessories, giving an impressive level of detail. Additionally, an interchangeable face piece is included to show Katya with open eyes. Feel free to add the charming Katya to your collection!<\/p>","protected":false},"excerpt":{"rendered":"<p>From the popular mobile game Snowbreak: Containment Zone comes this 1\/7th scale figure of Katya in her Surfside Leisure outfit. Katya poses dynamically in a beautiful swimsuit, with a charming wink and a heart pose that enhances her appeal.<\/p>\n<p>The texture and shading of the skin as well as the <\/p>","protected":false},"featured_media":61230,"comment_status":"closed","ping_status":"open","template":"","meta":{"_acf_changed":false,"_monsterinsights_skip_tracking":false,"_monsterinsights_sitenote_active":false,"_monsterinsights_sitenote_note":"","_monsterinsights_sitenote_category":0},"product_brand":[6890],"product_cat":[7233,4937],"product_tag":[26],"giftcard-category":[],"class_list":{"0":"post-61229","1":"product","2":"type-product","3":"status-publish","4":"has-post-thumbnail","6":"product_brand-good-smile-company","7":"product_cat-pre-order","8":"product_cat-snowbreak-containment-zone","9":"product_tag-pre-order","10":"pa_franchise-snowbreak-containment-zone","11":"pa_karaktar-katya","12":"pa_material-pvc-abs","13":"pa_skala-41","14":"pa_storlek-25-cm","16":"first","17":"instock","18":"taxable","19":"shipping-taxable","20":"purchasable","21":"product-type-simple"},"acf":[],"yoast_head":"<!-- This site is optimized with the Yoast SEO Premium plugin v24.6 (Yoast SEO v27.4) - https:\/\/yoast.com\/product\/yoast-seo-premium-wordpress\/ -->\n<title>Snowbreak: Containment Zone Katya (Surfside Leisure Ver.) 1\/7 Scale Figure | Animefigurer.se<\/title>\n<meta name=\"robots\" content=\"index, follow, max-snippet:-1, max-image-preview:large, max-video-preview:-1\" \/>\n<link rel=\"canonical\" href=\"https:\/\/animefigurer.se\/en\/figurer\/snowbreak-containment-zone\/snowbreak-containment-zone-katya-surfside-leisure-ver-1-7-scale-figure\/\" \/>\n<meta property=\"og:locale\" content=\"en_GB\" \/>\n<meta property=\"og:type\" content=\"article\" \/>\n<meta property=\"og:title\" content=\"Snowbreak: Containment Zone Katya (Surfside Leisure Ver.) 1\/7 Scale Figure\" \/>\n<meta property=\"og:description\" content=\"Fr\u00e5n det popul\u00e4ra mobilpelet Snowbreak: Containment Zone kommer denna 1\/7-skalenliga figur av Katya i hennes Surfside Leisure-outfit. Katya poserar dynamiskt i en vacker baddr\u00e4kt, med en charmig blinkning och en hj\u00e4rtpose som f\u00f6rst\u00e4rker hennes attraktionskraft. Hudens textur och skuggning samt den\" \/>\n<meta property=\"og:url\" content=\"https:\/\/animefigurer.se\/en\/figurer\/snowbreak-containment-zone\/snowbreak-containment-zone-katya-surfside-leisure-ver-1-7-scale-figure\/\" \/>\n<meta property=\"og:site_name\" content=\"Animefigurer.se\" \/>\n<meta property=\"article:publisher\" content=\"https:\/\/www.facebook.com\/profile.php?id=61581826539670\" \/>\n<meta property=\"article:modified_time\" content=\"2025-12-21T18:34:49+00:00\" \/>\n<meta property=\"og:image\" content=\"https:\/\/animefigurer.se\/wp-content\/uploads\/2025\/12\/Animefigurer_logowhite.png\" \/>\n\t<meta property=\"og:image:width\" content=\"1890\" \/>\n\t<meta property=\"og:image:height\" content=\"1417\" \/>\n\t<meta property=\"og:image:type\" content=\"image\/png\" \/>\n<meta name=\"twitter:card\" content=\"summary_large_image\" \/>\n<meta name=\"twitter:label1\" content=\"Estimated reading time\" \/>\n\t<meta name=\"twitter:data1\" content=\"1 minute\" \/>\n<script type=\"application\/ld+json\" class=\"yoast-schema-graph\">{\"@context\":\"https:\\\/\\\/schema.org\",\"@graph\":[{\"@type\":\"WebPage\",\"@id\":\"https:\\\/\\\/animefigurer.se\\\/figurer\\\/snowbreak-containment-zone\\\/snowbreak-containment-zone-katya-surfside-leisure-ver-1-7-scale-figure\\\/\",\"url\":\"https:\\\/\\\/animefigurer.se\\\/figurer\\\/snowbreak-containment-zone\\\/snowbreak-containment-zone-katya-surfside-leisure-ver-1-7-scale-figure\\\/\",\"name\":\"Snowbreak: Containment Zone Katya (Surfside Leisure Ver.) 1\\\/7 Scale Figure | Animefigurer.se\",\"isPartOf\":{\"@id\":\"https:\\\/\\\/animefigurer.se\\\/#website\"},\"primaryImageOfPage\":{\"@id\":\"https:\\\/\\\/animefigurer.se\\\/figurer\\\/snowbreak-containment-zone\\\/snowbreak-containment-zone-katya-surfside-leisure-ver-1-7-scale-figure\\\/#primaryimage\"},\"image\":{\"@id\":\"https:\\\/\\\/animefigurer.se\\\/figurer\\\/snowbreak-containment-zone\\\/snowbreak-containment-zone-katya-surfside-leisure-ver-1-7-scale-figure\\\/#primaryimage\"},\"thumbnailUrl\":\"https:\\\/\\\/animefigurer.se\\\/wp-content\\\/uploads\\\/2025\\\/10\\\/687925957b768.jpeg\",\"datePublished\":\"2025-10-21T10:53:47+00:00\",\"dateModified\":\"2025-12-21T18:34:49+00:00\",\"breadcrumb\":{\"@id\":\"https:\\\/\\\/animefigurer.se\\\/figurer\\\/snowbreak-containment-zone\\\/snowbreak-containment-zone-katya-surfside-leisure-ver-1-7-scale-figure\\\/#breadcrumb\"},\"inLanguage\":\"en-GB\",\"potentialAction\":[{\"@type\":\"ReadAction\",\"target\":[\"https:\\\/\\\/animefigurer.se\\\/figurer\\\/snowbreak-containment-zone\\\/snowbreak-containment-zone-katya-surfside-leisure-ver-1-7-scale-figure\\\/\"]}]},{\"@type\":\"ImageObject\",\"inLanguage\":\"en-GB\",\"@id\":\"https:\\\/\\\/animefigurer.se\\\/figurer\\\/snowbreak-containment-zone\\\/snowbreak-containment-zone-katya-surfside-leisure-ver-1-7-scale-figure\\\/#primaryimage\",\"url\":\"https:\\\/\\\/animefigurer.se\\\/wp-content\\\/uploads\\\/2025\\\/10\\\/687925957b768.jpeg\",\"contentUrl\":\"https:\\\/\\\/animefigurer.se\\\/wp-content\\\/uploads\\\/2025\\\/10\\\/687925957b768.jpeg\",\"width\":1000,\"height\":750},{\"@type\":\"BreadcrumbList\",\"@id\":\"https:\\\/\\\/animefigurer.se\\\/figurer\\\/snowbreak-containment-zone\\\/snowbreak-containment-zone-katya-surfside-leisure-ver-1-7-scale-figure\\\/#breadcrumb\",\"itemListElement\":[{\"@type\":\"ListItem\",\"position\":1,\"name\":\"Home\",\"item\":\"https:\\\/\\\/animefigurer.se\\\/\"},{\"@type\":\"ListItem\",\"position\":2,\"name\":\"Butik\",\"item\":\"https:\\\/\\\/animefigurer.se\\\/figurer\\\/\"},{\"@type\":\"ListItem\",\"position\":3,\"name\":\"Snowbreak: Containment Zone Katya (Surfside Leisure Ver.) 1\\\/7 Scale Figure\"}]},{\"@type\":\"WebSite\",\"@id\":\"https:\\\/\\\/animefigurer.se\\\/#website\",\"url\":\"https:\\\/\\\/animefigurer.se\\\/\",\"name\":\"Animefigurer.se\",\"description\":\"Anime figurer fr\u00e5n \u00f6ver 300 olika anime serier med \u00f6ver 9000 produkter | Anime Shop\",\"publisher\":{\"@id\":\"https:\\\/\\\/animefigurer.se\\\/#organization\"},\"potentialAction\":[{\"@type\":\"SearchAction\",\"target\":{\"@type\":\"EntryPoint\",\"urlTemplate\":\"https:\\\/\\\/animefigurer.se\\\/?s={search_term_string}\"},\"query-input\":{\"@type\":\"PropertyValueSpecification\",\"valueRequired\":true,\"valueName\":\"search_term_string\"}}],\"inLanguage\":\"en-GB\"},{\"@type\":\"Organization\",\"@id\":\"https:\\\/\\\/animefigurer.se\\\/#organization\",\"name\":\"Animefigurer.se\",\"alternateName\":\"Anime figurer | Anime shop\",\"url\":\"https:\\\/\\\/animefigurer.se\\\/\",\"logo\":{\"@type\":\"ImageObject\",\"inLanguage\":\"en-GB\",\"@id\":\"https:\\\/\\\/animefigurer.se\\\/#\\\/schema\\\/logo\\\/image\\\/\",\"url\":\"https:\\\/\\\/animefigurer.se\\\/wp-content\\\/uploads\\\/2025\\\/12\\\/Animefigurer_logowhite.png\",\"contentUrl\":\"https:\\\/\\\/animefigurer.se\\\/wp-content\\\/uploads\\\/2025\\\/12\\\/Animefigurer_logowhite.png\",\"width\":1890,\"height\":1417,\"caption\":\"Animefigurer.se\"},\"image\":{\"@id\":\"https:\\\/\\\/animefigurer.se\\\/#\\\/schema\\\/logo\\\/image\\\/\"},\"sameAs\":[\"https:\\\/\\\/www.facebook.com\\\/profile.php?id=61581826539670\",\"https:\\\/\\\/www.instagram.com\\\/animefigurer.se\\\/\"],\"email\":\"info@animefigurer.se\"}]}<\/script>\n<!-- \/ Yoast SEO Premium plugin. -->","yoast_head_json":{"title":"Snowbreak: Containment Zone Katya (Surfside Leisure Ver.) 1\/7 Scale Figure | Animefigurer.se","robots":{"index":"index","follow":"follow","max-snippet":"max-snippet:-1","max-image-preview":"max-image-preview:large","max-video-preview":"max-video-preview:-1"},"canonical":"https:\/\/animefigurer.se\/en\/figurer\/snowbreak-containment-zone\/snowbreak-containment-zone-katya-surfside-leisure-ver-1-7-scale-figure\/","og_locale":"en_GB","og_type":"article","og_title":"Snowbreak: Containment Zone Katya (Surfside Leisure Ver.) 1\/7 Scale Figure","og_description":"Fr\u00e5n det popul\u00e4ra mobilpelet Snowbreak: Containment Zone kommer denna 1\/7-skalenliga figur av Katya i hennes Surfside Leisure-outfit. Katya poserar dynamiskt i en vacker baddr\u00e4kt, med en charmig blinkning och en hj\u00e4rtpose som f\u00f6rst\u00e4rker hennes attraktionskraft. Hudens textur och skuggning samt den","og_url":"https:\/\/animefigurer.se\/en\/figurer\/snowbreak-containment-zone\/snowbreak-containment-zone-katya-surfside-leisure-ver-1-7-scale-figure\/","og_site_name":"Animefigurer.se","article_publisher":"https:\/\/www.facebook.com\/profile.php?id=61581826539670","article_modified_time":"2025-12-21T18:34:49+00:00","og_image":[{"width":1890,"height":1417,"url":"https:\/\/animefigurer.se\/wp-content\/uploads\/2025\/12\/Animefigurer_logowhite.png","type":"image\/png"}],"twitter_card":"summary_large_image","twitter_misc":{"Estimated reading time":"1 minute"},"schema":{"@context":"https:\/\/schema.org","@graph":[{"@type":"WebPage","@id":"https:\/\/animefigurer.se\/figurer\/snowbreak-containment-zone\/snowbreak-containment-zone-katya-surfside-leisure-ver-1-7-scale-figure\/","url":"https:\/\/animefigurer.se\/figurer\/snowbreak-containment-zone\/snowbreak-containment-zone-katya-surfside-leisure-ver-1-7-scale-figure\/","name":"Snowbreak: Containment Zone Katya (Surfside Leisure Ver.) 1\/7 Scale Figure | Animefigurer.se","isPartOf":{"@id":"https:\/\/animefigurer.se\/#website"},"primaryImageOfPage":{"@id":"https:\/\/animefigurer.se\/figurer\/snowbreak-containment-zone\/snowbreak-containment-zone-katya-surfside-leisure-ver-1-7-scale-figure\/#primaryimage"},"image":{"@id":"https:\/\/animefigurer.se\/figurer\/snowbreak-containment-zone\/snowbreak-containment-zone-katya-surfside-leisure-ver-1-7-scale-figure\/#primaryimage"},"thumbnailUrl":"https:\/\/animefigurer.se\/wp-content\/uploads\/2025\/10\/687925957b768.jpeg","datePublished":"2025-10-21T10:53:47+00:00","dateModified":"2025-12-21T18:34:49+00:00","breadcrumb":{"@id":"https:\/\/animefigurer.se\/figurer\/snowbreak-containment-zone\/snowbreak-containment-zone-katya-surfside-leisure-ver-1-7-scale-figure\/#breadcrumb"},"inLanguage":"en-GB","potentialAction":[{"@type":"ReadAction","target":["https:\/\/animefigurer.se\/figurer\/snowbreak-containment-zone\/snowbreak-containment-zone-katya-surfside-leisure-ver-1-7-scale-figure\/"]}]},{"@type":"ImageObject","inLanguage":"en-GB","@id":"https:\/\/animefigurer.se\/figurer\/snowbreak-containment-zone\/snowbreak-containment-zone-katya-surfside-leisure-ver-1-7-scale-figure\/#primaryimage","url":"https:\/\/animefigurer.se\/wp-content\/uploads\/2025\/10\/687925957b768.jpeg","contentUrl":"https:\/\/animefigurer.se\/wp-content\/uploads\/2025\/10\/687925957b768.jpeg","width":1000,"height":750},{"@type":"BreadcrumbList","@id":"https:\/\/animefigurer.se\/figurer\/snowbreak-containment-zone\/snowbreak-containment-zone-katya-surfside-leisure-ver-1-7-scale-figure\/#breadcrumb","itemListElement":[{"@type":"ListItem","position":1,"name":"Home","item":"https:\/\/animefigurer.se\/"},{"@type":"ListItem","position":2,"name":"Butik","item":"https:\/\/animefigurer.se\/figurer\/"},{"@type":"ListItem","position":3,"name":"Snowbreak: Containment Zone Katya (Surfside Leisure Ver.) 1\/7 Scale Figure"}]},{"@type":"WebSite","@id":"https:\/\/animefigurer.se\/#website","url":"https:\/\/animefigurer.se\/","name":"Animefigurer.se","description":"Anime figures from over 300 different anime series with over 9000 products | Anime Shop","publisher":{"@id":"https:\/\/animefigurer.se\/#organization"},"potentialAction":[{"@type":"SearchAction","target":{"@type":"EntryPoint","urlTemplate":"https:\/\/animefigurer.se\/?s={search_term_string}"},"query-input":{"@type":"PropertyValueSpecification","valueRequired":true,"valueName":"search_term_string"}}],"inLanguage":"en-GB"},{"@type":"Organization","@id":"https:\/\/animefigurer.se\/#organization","name":"Animefigurer.se","alternateName":"Anime figurer | Anime shop","url":"https:\/\/animefigurer.se\/","logo":{"@type":"ImageObject","inLanguage":"en-GB","@id":"https:\/\/animefigurer.se\/#\/schema\/logo\/image\/","url":"https:\/\/animefigurer.se\/wp-content\/uploads\/2025\/12\/Animefigurer_logowhite.png","contentUrl":"https:\/\/animefigurer.se\/wp-content\/uploads\/2025\/12\/Animefigurer_logowhite.png","width":1890,"height":1417,"caption":"Animefigurer.se"},"image":{"@id":"https:\/\/animefigurer.se\/#\/schema\/logo\/image\/"},"sameAs":["https:\/\/www.facebook.com\/profile.php?id=61581826539670","https:\/\/www.instagram.com\/animefigurer.se\/"],"email":"info@animefigurer.se"}]}},"_links":{"self":[{"href":"https:\/\/animefigurer.se\/en\/wp-json\/wp\/v2\/product\/61229","targetHints":{"allow":["GET"]}}],"collection":[{"href":"https:\/\/animefigurer.se\/en\/wp-json\/wp\/v2\/product"}],"about":[{"href":"https:\/\/animefigurer.se\/en\/wp-json\/wp\/v2\/types\/product"}],"replies":[{"embeddable":true,"href":"https:\/\/animefigurer.se\/en\/wp-json\/wp\/v2\/comments?post=61229"}],"wp:featuredmedia":[{"embeddable":true,"href":"https:\/\/animefigurer.se\/en\/wp-json\/wp\/v2\/media\/61230"}],"wp:attachment":[{"href":"https:\/\/animefigurer.se\/en\/wp-json\/wp\/v2\/media?parent=61229"}],"wp:term":[{"taxonomy":"product_brand","embeddable":true,"href":"https:\/\/animefigurer.se\/en\/wp-json\/wp\/v2\/product_brand?post=61229"},{"taxonomy":"product_cat","embeddable":true,"href":"https:\/\/animefigurer.se\/en\/wp-json\/wp\/v2\/product_cat?post=61229"},{"taxonomy":"product_tag","embeddable":true,"href":"https:\/\/animefigurer.se\/en\/wp-json\/wp\/v2\/product_tag?post=61229"},{"taxonomy":"giftcard-category","embeddable":true,"href":"https:\/\/animefigurer.se\/en\/wp-json\/wp\/v2\/giftcard-category?post=61229"}],"curies":[{"name":"wp","href":"https:\/\/api.w.org\/{rel}","templated":true}]}}