{"id":61111,"date":"2025-10-21T12:36:24","date_gmt":"2025-10-21T10:36:24","guid":{"rendered":"https:\/\/animefigurer.se\/produkt\/siren-plamatea-kyoya-suda-model-kit\/"},"modified":"2025-12-21T19:34:47","modified_gmt":"2025-12-21T18:34:47","slug":"siren-plamatea-kyoya-suda-model-kit","status":"publish","type":"product","link":"https:\/\/animefigurer.se\/en\/figurer\/siren\/siren-plamatea-kyoya-suda-model-kit\/","title":{"rendered":"Siren PLAMATEA Kyoya Suda Model Kit"},"content":{"rendered":"<p>Can you resist the siren&#039;s call? From the early 2000s, the cult horror game Siren comes as a PLAMATEA plastic model by Kyoya Suda!<\/p>\n<p>The model stands approximately 150mm tall and features articulated joints. It comes with several interchangeable hand parts and two head parts \u2014 standard and combat-ready expressions \u2014 which are UV-printed for added realism.<\/p>\n<p>Accessories include items from the game: Homuranagi sword, Uryen (shield design), pitchfork and flashlight. Uryen (sword design) is also included as a bonus accessory. The model&#039;s left chest pocket can be displayed with or without gunshot damage, and an interchangeable floating shirt section allows for greater freedom of movement in the legs. Unpainted head parts and eye decals are included for complete painting of the model.<\/p>","protected":false},"excerpt":{"rendered":"<p>Can you resist the siren&#039;s call? From the early 2000s, the cult horror game Siren comes as a PLAMATEA plastic model by Kyoya Suda!<\/p>\n<p>The model stands approximately 150mm tall and has articulated joints. It comes with several interchangeable hand parts and two head parts \u2014 standard and combat ready expression \u2014<\/p>","protected":false},"featured_media":61112,"comment_status":"closed","ping_status":"open","template":"","meta":{"_acf_changed":false,"_monsterinsights_skip_tracking":false,"_monsterinsights_sitenote_active":false,"_monsterinsights_sitenote_note":"","_monsterinsights_sitenote_category":0},"product_brand":[6890],"product_cat":[7233,4902],"product_tag":[26],"giftcard-category":[],"class_list":{"0":"post-61111","1":"product","2":"type-product","3":"status-publish","4":"has-post-thumbnail","6":"product_brand-good-smile-company","7":"product_cat-pre-order","8":"product_cat-siren","9":"product_tag-pre-order","10":"pa_franchise-siren","11":"pa_karaktar-kyoya-suda","12":"pa_material-plastic","13":"pa_produktserie-plamatea","14":"pa_storlek-15-cm","15":"pa_typ-plastic-model-kit","17":"first","18":"instock","19":"taxable","20":"shipping-taxable","21":"purchasable","22":"product-type-simple"},"acf":[],"yoast_head":"<!-- This site is optimized with the Yoast SEO Premium plugin v24.6 (Yoast SEO v27.4) - https:\/\/yoast.com\/product\/yoast-seo-premium-wordpress\/ -->\n<title>Siren PLAMATEA Kyoya Suda Model Kit | Animefigurer.se<\/title>\n<meta name=\"robots\" content=\"index, follow, max-snippet:-1, max-image-preview:large, max-video-preview:-1\" \/>\n<link rel=\"canonical\" href=\"https:\/\/animefigurer.se\/en\/figurer\/siren\/siren-plamatea-kyoya-suda-model-kit\/\" \/>\n<meta property=\"og:locale\" content=\"en_GB\" \/>\n<meta property=\"og:type\" content=\"article\" \/>\n<meta property=\"og:title\" content=\"Siren PLAMATEA Kyoya Suda Model Kit\" \/>\n<meta property=\"og:description\" content=\"Kan du st\u00e5 emot sirenens lockrop? Fr\u00e5n b\u00f6rjan av 2000-talet kommer det kultf\u00f6rklarade skr\u00e4ckspelet Siren som en PLAMATEA-plastmodell av Kyoya Suda! Modellen \u00e4r cirka 150 mm h\u00f6g och har ledade leder. Den levereras med flera utbytbara handdelar samt tv\u00e5 huvuddelar \u2014 standard och stridsklart uttryck \u2014\" \/>\n<meta property=\"og:url\" content=\"https:\/\/animefigurer.se\/en\/figurer\/siren\/siren-plamatea-kyoya-suda-model-kit\/\" \/>\n<meta property=\"og:site_name\" content=\"Animefigurer.se\" \/>\n<meta property=\"article:publisher\" content=\"https:\/\/www.facebook.com\/profile.php?id=61581826539670\" \/>\n<meta property=\"article:modified_time\" content=\"2025-12-21T18:34:47+00:00\" \/>\n<meta property=\"og:image\" content=\"https:\/\/animefigurer.se\/wp-content\/uploads\/2025\/12\/Animefigurer_logowhite.png\" \/>\n\t<meta property=\"og:image:width\" content=\"1890\" \/>\n\t<meta property=\"og:image:height\" content=\"1417\" \/>\n\t<meta property=\"og:image:type\" content=\"image\/png\" \/>\n<meta name=\"twitter:card\" content=\"summary_large_image\" \/>\n<meta name=\"twitter:label1\" content=\"Estimated reading time\" \/>\n\t<meta name=\"twitter:data1\" content=\"1 minute\" \/>\n<script type=\"application\/ld+json\" class=\"yoast-schema-graph\">{\"@context\":\"https:\\\/\\\/schema.org\",\"@graph\":[{\"@type\":\"WebPage\",\"@id\":\"https:\\\/\\\/animefigurer.se\\\/en\\\/figurer\\\/siren\\\/siren-plamatea-kyoya-suda-model-kit\\\/\",\"url\":\"https:\\\/\\\/animefigurer.se\\\/en\\\/figurer\\\/siren\\\/siren-plamatea-kyoya-suda-model-kit\\\/\",\"name\":\"Siren PLAMATEA Kyoya Suda Model Kit | Animefigurer.se\",\"isPartOf\":{\"@id\":\"https:\\\/\\\/animefigurer.se\\\/#website\"},\"primaryImageOfPage\":{\"@id\":\"https:\\\/\\\/animefigurer.se\\\/en\\\/figurer\\\/siren\\\/siren-plamatea-kyoya-suda-model-kit\\\/#primaryimage\"},\"image\":{\"@id\":\"https:\\\/\\\/animefigurer.se\\\/en\\\/figurer\\\/siren\\\/siren-plamatea-kyoya-suda-model-kit\\\/#primaryimage\"},\"thumbnailUrl\":\"https:\\\/\\\/animefigurer.se\\\/wp-content\\\/uploads\\\/2025\\\/10\\\/6892c5c196d65.jpeg\",\"datePublished\":\"2025-10-21T10:36:24+00:00\",\"dateModified\":\"2025-12-21T18:34:47+00:00\",\"breadcrumb\":{\"@id\":\"https:\\\/\\\/animefigurer.se\\\/en\\\/figurer\\\/siren\\\/siren-plamatea-kyoya-suda-model-kit\\\/#breadcrumb\"},\"inLanguage\":\"en-GB\",\"potentialAction\":[{\"@type\":\"ReadAction\",\"target\":[\"https:\\\/\\\/animefigurer.se\\\/en\\\/figurer\\\/siren\\\/siren-plamatea-kyoya-suda-model-kit\\\/\"]}]},{\"@type\":\"ImageObject\",\"inLanguage\":\"en-GB\",\"@id\":\"https:\\\/\\\/animefigurer.se\\\/en\\\/figurer\\\/siren\\\/siren-plamatea-kyoya-suda-model-kit\\\/#primaryimage\",\"url\":\"https:\\\/\\\/animefigurer.se\\\/wp-content\\\/uploads\\\/2025\\\/10\\\/6892c5c196d65.jpeg\",\"contentUrl\":\"https:\\\/\\\/animefigurer.se\\\/wp-content\\\/uploads\\\/2025\\\/10\\\/6892c5c196d65.jpeg\",\"width\":900,\"height\":675},{\"@type\":\"BreadcrumbList\",\"@id\":\"https:\\\/\\\/animefigurer.se\\\/en\\\/figurer\\\/siren\\\/siren-plamatea-kyoya-suda-model-kit\\\/#breadcrumb\",\"itemListElement\":[{\"@type\":\"ListItem\",\"position\":1,\"name\":\"Home\",\"item\":\"https:\\\/\\\/animefigurer.se\\\/\"},{\"@type\":\"ListItem\",\"position\":2,\"name\":\"Butik\",\"item\":\"https:\\\/\\\/animefigurer.se\\\/figurer\\\/\"},{\"@type\":\"ListItem\",\"position\":3,\"name\":\"Siren PLAMATEA Kyoya Suda Model Kit\"}]},{\"@type\":\"WebSite\",\"@id\":\"https:\\\/\\\/animefigurer.se\\\/#website\",\"url\":\"https:\\\/\\\/animefigurer.se\\\/\",\"name\":\"Animefigurer.se\",\"description\":\"Anime figurer fr\u00e5n \u00f6ver 300 olika anime serier med \u00f6ver 9000 produkter | Anime Shop\",\"publisher\":{\"@id\":\"https:\\\/\\\/animefigurer.se\\\/#organization\"},\"potentialAction\":[{\"@type\":\"SearchAction\",\"target\":{\"@type\":\"EntryPoint\",\"urlTemplate\":\"https:\\\/\\\/animefigurer.se\\\/?s={search_term_string}\"},\"query-input\":{\"@type\":\"PropertyValueSpecification\",\"valueRequired\":true,\"valueName\":\"search_term_string\"}}],\"inLanguage\":\"en-GB\"},{\"@type\":\"Organization\",\"@id\":\"https:\\\/\\\/animefigurer.se\\\/#organization\",\"name\":\"Animefigurer.se\",\"alternateName\":\"Anime figurer | Anime shop\",\"url\":\"https:\\\/\\\/animefigurer.se\\\/\",\"logo\":{\"@type\":\"ImageObject\",\"inLanguage\":\"en-GB\",\"@id\":\"https:\\\/\\\/animefigurer.se\\\/#\\\/schema\\\/logo\\\/image\\\/\",\"url\":\"https:\\\/\\\/animefigurer.se\\\/wp-content\\\/uploads\\\/2025\\\/12\\\/Animefigurer_logowhite.png\",\"contentUrl\":\"https:\\\/\\\/animefigurer.se\\\/wp-content\\\/uploads\\\/2025\\\/12\\\/Animefigurer_logowhite.png\",\"width\":1890,\"height\":1417,\"caption\":\"Animefigurer.se\"},\"image\":{\"@id\":\"https:\\\/\\\/animefigurer.se\\\/#\\\/schema\\\/logo\\\/image\\\/\"},\"sameAs\":[\"https:\\\/\\\/www.facebook.com\\\/profile.php?id=61581826539670\",\"https:\\\/\\\/www.instagram.com\\\/animefigurer.se\\\/\"],\"email\":\"info@animefigurer.se\"}]}<\/script>\n<!-- \/ Yoast SEO Premium plugin. -->","yoast_head_json":{"title":"Siren PLAMATEA Kyoya Suda Model Kit | Animefigurer.se","robots":{"index":"index","follow":"follow","max-snippet":"max-snippet:-1","max-image-preview":"max-image-preview:large","max-video-preview":"max-video-preview:-1"},"canonical":"https:\/\/animefigurer.se\/en\/figurer\/siren\/siren-plamatea-kyoya-suda-model-kit\/","og_locale":"en_GB","og_type":"article","og_title":"Siren PLAMATEA Kyoya Suda Model Kit","og_description":"Kan du st\u00e5 emot sirenens lockrop? Fr\u00e5n b\u00f6rjan av 2000-talet kommer det kultf\u00f6rklarade skr\u00e4ckspelet Siren som en PLAMATEA-plastmodell av Kyoya Suda! Modellen \u00e4r cirka 150 mm h\u00f6g och har ledade leder. Den levereras med flera utbytbara handdelar samt tv\u00e5 huvuddelar \u2014 standard och stridsklart uttryck \u2014","og_url":"https:\/\/animefigurer.se\/en\/figurer\/siren\/siren-plamatea-kyoya-suda-model-kit\/","og_site_name":"Animefigurer.se","article_publisher":"https:\/\/www.facebook.com\/profile.php?id=61581826539670","article_modified_time":"2025-12-21T18:34:47+00:00","og_image":[{"width":1890,"height":1417,"url":"https:\/\/animefigurer.se\/wp-content\/uploads\/2025\/12\/Animefigurer_logowhite.png","type":"image\/png"}],"twitter_card":"summary_large_image","twitter_misc":{"Estimated reading time":"1 minute"},"schema":{"@context":"https:\/\/schema.org","@graph":[{"@type":"WebPage","@id":"https:\/\/animefigurer.se\/en\/figurer\/siren\/siren-plamatea-kyoya-suda-model-kit\/","url":"https:\/\/animefigurer.se\/en\/figurer\/siren\/siren-plamatea-kyoya-suda-model-kit\/","name":"Siren PLAMATEA Kyoya Suda Model Kit | Animefigurer.se","isPartOf":{"@id":"https:\/\/animefigurer.se\/#website"},"primaryImageOfPage":{"@id":"https:\/\/animefigurer.se\/en\/figurer\/siren\/siren-plamatea-kyoya-suda-model-kit\/#primaryimage"},"image":{"@id":"https:\/\/animefigurer.se\/en\/figurer\/siren\/siren-plamatea-kyoya-suda-model-kit\/#primaryimage"},"thumbnailUrl":"https:\/\/animefigurer.se\/wp-content\/uploads\/2025\/10\/6892c5c196d65.jpeg","datePublished":"2025-10-21T10:36:24+00:00","dateModified":"2025-12-21T18:34:47+00:00","breadcrumb":{"@id":"https:\/\/animefigurer.se\/en\/figurer\/siren\/siren-plamatea-kyoya-suda-model-kit\/#breadcrumb"},"inLanguage":"en-GB","potentialAction":[{"@type":"ReadAction","target":["https:\/\/animefigurer.se\/en\/figurer\/siren\/siren-plamatea-kyoya-suda-model-kit\/"]}]},{"@type":"ImageObject","inLanguage":"en-GB","@id":"https:\/\/animefigurer.se\/en\/figurer\/siren\/siren-plamatea-kyoya-suda-model-kit\/#primaryimage","url":"https:\/\/animefigurer.se\/wp-content\/uploads\/2025\/10\/6892c5c196d65.jpeg","contentUrl":"https:\/\/animefigurer.se\/wp-content\/uploads\/2025\/10\/6892c5c196d65.jpeg","width":900,"height":675},{"@type":"BreadcrumbList","@id":"https:\/\/animefigurer.se\/en\/figurer\/siren\/siren-plamatea-kyoya-suda-model-kit\/#breadcrumb","itemListElement":[{"@type":"ListItem","position":1,"name":"Home","item":"https:\/\/animefigurer.se\/"},{"@type":"ListItem","position":2,"name":"Butik","item":"https:\/\/animefigurer.se\/figurer\/"},{"@type":"ListItem","position":3,"name":"Siren PLAMATEA Kyoya Suda Model Kit"}]},{"@type":"WebSite","@id":"https:\/\/animefigurer.se\/#website","url":"https:\/\/animefigurer.se\/","name":"Animefigurer.se","description":"Anime figures from over 300 different anime series with over 9000 products | Anime Shop","publisher":{"@id":"https:\/\/animefigurer.se\/#organization"},"potentialAction":[{"@type":"SearchAction","target":{"@type":"EntryPoint","urlTemplate":"https:\/\/animefigurer.se\/?s={search_term_string}"},"query-input":{"@type":"PropertyValueSpecification","valueRequired":true,"valueName":"search_term_string"}}],"inLanguage":"en-GB"},{"@type":"Organization","@id":"https:\/\/animefigurer.se\/#organization","name":"Animefigurer.se","alternateName":"Anime figurer | Anime shop","url":"https:\/\/animefigurer.se\/","logo":{"@type":"ImageObject","inLanguage":"en-GB","@id":"https:\/\/animefigurer.se\/#\/schema\/logo\/image\/","url":"https:\/\/animefigurer.se\/wp-content\/uploads\/2025\/12\/Animefigurer_logowhite.png","contentUrl":"https:\/\/animefigurer.se\/wp-content\/uploads\/2025\/12\/Animefigurer_logowhite.png","width":1890,"height":1417,"caption":"Animefigurer.se"},"image":{"@id":"https:\/\/animefigurer.se\/#\/schema\/logo\/image\/"},"sameAs":["https:\/\/www.facebook.com\/profile.php?id=61581826539670","https:\/\/www.instagram.com\/animefigurer.se\/"],"email":"info@animefigurer.se"}]}},"_links":{"self":[{"href":"https:\/\/animefigurer.se\/en\/wp-json\/wp\/v2\/product\/61111","targetHints":{"allow":["GET"]}}],"collection":[{"href":"https:\/\/animefigurer.se\/en\/wp-json\/wp\/v2\/product"}],"about":[{"href":"https:\/\/animefigurer.se\/en\/wp-json\/wp\/v2\/types\/product"}],"replies":[{"embeddable":true,"href":"https:\/\/animefigurer.se\/en\/wp-json\/wp\/v2\/comments?post=61111"}],"wp:featuredmedia":[{"embeddable":true,"href":"https:\/\/animefigurer.se\/en\/wp-json\/wp\/v2\/media\/61112"}],"wp:attachment":[{"href":"https:\/\/animefigurer.se\/en\/wp-json\/wp\/v2\/media?parent=61111"}],"wp:term":[{"taxonomy":"product_brand","embeddable":true,"href":"https:\/\/animefigurer.se\/en\/wp-json\/wp\/v2\/product_brand?post=61111"},{"taxonomy":"product_cat","embeddable":true,"href":"https:\/\/animefigurer.se\/en\/wp-json\/wp\/v2\/product_cat?post=61111"},{"taxonomy":"product_tag","embeddable":true,"href":"https:\/\/animefigurer.se\/en\/wp-json\/wp\/v2\/product_tag?post=61111"},{"taxonomy":"giftcard-category","embeddable":true,"href":"https:\/\/animefigurer.se\/en\/wp-json\/wp\/v2\/giftcard-category?post=61111"}],"curies":[{"name":"wp","href":"https:\/\/api.w.org\/{rel}","templated":true}]}}