{"id":60727,"date":"2025-10-21T12:32:08","date_gmt":"2025-10-21T10:32:08","guid":{"rendered":"https:\/\/animefigurer.se\/produkt\/sesame-street-syaking-bang-big-bird-vinyl-piggy-bank\/"},"modified":"2025-12-21T19:34:44","modified_gmt":"2025-12-21T18:34:44","slug":"sesame-street-syaking-bang-big-bird-vinyl-piggy-bank","status":"publish","type":"product","link":"https:\/\/animefigurer.se\/en\/figurer\/sesame-street\/sesame-street-syaking-bang-big-bird-vinyl-piggy-bank\/","title":{"rendered":"Sesame Street Syaking-Bang!! Big Bird Vinyl Piggy Bank"},"content":{"rendered":"<p>The beloved Sesame Street characters return in Beast Kingdom&#039;s SYAKING-BANG!! series \u2014 and now you can bring Big Bird home!<\/p>\n<p>Big Bird is captured in three-dimensional form with vibrant yellow feathers, soft blue-pink eyeshadow, and a friendly expression that reflects his optimistic personality.<\/p>\n<p>Each figure has movable joints in the head and limbs, allowing you to pose Big Bird in playful poses. There is a coin compartment on the back and a hidden button at the bottom to release the coins \u2014 practical and decorative at the same time.<\/p>\n<p>Bring this sunny-hearted Big Bird home and complete an iconic Sesame Street set \u2014 a warm tribute to childhood joy and timeless nostalgia.<\/p>","protected":false},"excerpt":{"rendered":"<p>The beloved Sesame Street characters return in Beast Kingdom&#039;s SYAKING-BANG!! series \u2014 and now you can bring Big Bird home!<\/p>\n<p>Big Bird is captured in three-dimensional form with vibrant yellow feathers, soft blue-pink eyeshadow, and a friendly expression that reflects his optimistic personality.<\/p>\n<p>Each figure has a move<\/p>","protected":false},"featured_media":60728,"comment_status":"closed","ping_status":"open","template":"","meta":{"_acf_changed":false,"_monsterinsights_skip_tracking":false,"_monsterinsights_sitenote_active":false,"_monsterinsights_sitenote_note":"","_monsterinsights_sitenote_category":0},"product_brand":[6931],"product_cat":[7233,4848],"product_tag":[26],"giftcard-category":[],"class_list":{"0":"post-60727","1":"product","2":"type-product","3":"status-publish","4":"has-post-thumbnail","6":"product_brand-beast-kingdom-toys","7":"product_cat-pre-order","8":"product_cat-sesame-street","9":"product_tag-pre-order","10":"pa_franchise-sesame-street","11":"pa_karaktar-big-bird","12":"pa_material-pvc-abs","13":"pa_storlek-48-cm","15":"first","16":"instock","17":"taxable","18":"shipping-taxable","19":"purchasable","20":"product-type-simple"},"acf":[],"yoast_head":"<!-- This site is optimized with the Yoast SEO Premium plugin v24.6 (Yoast SEO v27.3) - https:\/\/yoast.com\/product\/yoast-seo-premium-wordpress\/ -->\n<title>Sesame Street Syaking-Bang!! Big Bird Vinyl Piggy Bank | Animefigurer.se<\/title>\n<meta name=\"robots\" content=\"index, follow, max-snippet:-1, max-image-preview:large, max-video-preview:-1\" \/>\n<link rel=\"canonical\" href=\"https:\/\/animefigurer.se\/en\/figurer\/sesame-street\/sesame-street-syaking-bang-big-bird-vinyl-piggy-bank\/\" \/>\n<meta property=\"og:locale\" content=\"en_GB\" \/>\n<meta property=\"og:type\" content=\"article\" \/>\n<meta property=\"og:title\" content=\"Sesame Street Syaking-Bang!! Big Bird Vinyl Piggy Bank\" \/>\n<meta property=\"og:description\" content=\"De \u00e4lskade Sesame Street-karakt\u00e4rerna \u00e5terv\u00e4nder i Beast Kingdoms SYAKING-BANG!!-serie \u2014 och nu kan du ta hem Big Bird! Big Bird f\u00e5ngas i tredimensionell form med livfulla gula fj\u00e4drar, mjuk bl\u00e5rosa \u00f6gonskugga och ett v\u00e4nligt uttryck som speglar hans optimistiska personlighet. Varje figur har r\u00f6rl\" \/>\n<meta property=\"og:url\" content=\"https:\/\/animefigurer.se\/en\/figurer\/sesame-street\/sesame-street-syaking-bang-big-bird-vinyl-piggy-bank\/\" \/>\n<meta property=\"og:site_name\" content=\"Animefigurer.se\" \/>\n<meta property=\"article:publisher\" content=\"https:\/\/www.facebook.com\/profile.php?id=61581826539670\" \/>\n<meta property=\"article:modified_time\" content=\"2025-12-21T18:34:44+00:00\" \/>\n<meta property=\"og:image\" content=\"https:\/\/animefigurer.se\/wp-content\/uploads\/2025\/12\/Animefigurer_logowhite.png\" \/>\n\t<meta property=\"og:image:width\" content=\"1890\" \/>\n\t<meta property=\"og:image:height\" content=\"1417\" \/>\n\t<meta property=\"og:image:type\" content=\"image\/png\" \/>\n<meta name=\"twitter:card\" content=\"summary_large_image\" \/>\n<meta name=\"twitter:label1\" content=\"Estimated reading time\" \/>\n\t<meta name=\"twitter:data1\" content=\"1 minute\" \/>\n<script type=\"application\/ld+json\" class=\"yoast-schema-graph\">{\"@context\":\"https:\\\/\\\/schema.org\",\"@graph\":[{\"@type\":\"WebPage\",\"@id\":\"https:\\\/\\\/animefigurer.se\\\/figurer\\\/sesame-street\\\/sesame-street-syaking-bang-big-bird-vinyl-piggy-bank\\\/\",\"url\":\"https:\\\/\\\/animefigurer.se\\\/figurer\\\/sesame-street\\\/sesame-street-syaking-bang-big-bird-vinyl-piggy-bank\\\/\",\"name\":\"Sesame Street Syaking-Bang!! Big Bird Vinyl Piggy Bank | Animefigurer.se\",\"isPartOf\":{\"@id\":\"https:\\\/\\\/animefigurer.se\\\/#website\"},\"primaryImageOfPage\":{\"@id\":\"https:\\\/\\\/animefigurer.se\\\/figurer\\\/sesame-street\\\/sesame-street-syaking-bang-big-bird-vinyl-piggy-bank\\\/#primaryimage\"},\"image\":{\"@id\":\"https:\\\/\\\/animefigurer.se\\\/figurer\\\/sesame-street\\\/sesame-street-syaking-bang-big-bird-vinyl-piggy-bank\\\/#primaryimage\"},\"thumbnailUrl\":\"https:\\\/\\\/animefigurer.se\\\/wp-content\\\/uploads\\\/2025\\\/10\\\/689de8f72d880.jpeg\",\"datePublished\":\"2025-10-21T10:32:08+00:00\",\"dateModified\":\"2025-12-21T18:34:44+00:00\",\"breadcrumb\":{\"@id\":\"https:\\\/\\\/animefigurer.se\\\/figurer\\\/sesame-street\\\/sesame-street-syaking-bang-big-bird-vinyl-piggy-bank\\\/#breadcrumb\"},\"inLanguage\":\"en-GB\",\"potentialAction\":[{\"@type\":\"ReadAction\",\"target\":[\"https:\\\/\\\/animefigurer.se\\\/figurer\\\/sesame-street\\\/sesame-street-syaking-bang-big-bird-vinyl-piggy-bank\\\/\"]}]},{\"@type\":\"ImageObject\",\"inLanguage\":\"en-GB\",\"@id\":\"https:\\\/\\\/animefigurer.se\\\/figurer\\\/sesame-street\\\/sesame-street-syaking-bang-big-bird-vinyl-piggy-bank\\\/#primaryimage\",\"url\":\"https:\\\/\\\/animefigurer.se\\\/wp-content\\\/uploads\\\/2025\\\/10\\\/689de8f72d880.jpeg\",\"contentUrl\":\"https:\\\/\\\/animefigurer.se\\\/wp-content\\\/uploads\\\/2025\\\/10\\\/689de8f72d880.jpeg\",\"width\":1000,\"height\":750},{\"@type\":\"BreadcrumbList\",\"@id\":\"https:\\\/\\\/animefigurer.se\\\/figurer\\\/sesame-street\\\/sesame-street-syaking-bang-big-bird-vinyl-piggy-bank\\\/#breadcrumb\",\"itemListElement\":[{\"@type\":\"ListItem\",\"position\":1,\"name\":\"Home\",\"item\":\"https:\\\/\\\/animefigurer.se\\\/\"},{\"@type\":\"ListItem\",\"position\":2,\"name\":\"Butik\",\"item\":\"https:\\\/\\\/animefigurer.se\\\/figurer\\\/\"},{\"@type\":\"ListItem\",\"position\":3,\"name\":\"Sesame Street Syaking-Bang!! Big Bird Vinyl Piggy Bank\"}]},{\"@type\":\"WebSite\",\"@id\":\"https:\\\/\\\/animefigurer.se\\\/#website\",\"url\":\"https:\\\/\\\/animefigurer.se\\\/\",\"name\":\"Animefigurer.se\",\"description\":\"Anime figurer fr\u00e5n \u00f6ver 300 olika anime serier med \u00f6ver 9000 produkter | Anime Shop\",\"publisher\":{\"@id\":\"https:\\\/\\\/animefigurer.se\\\/#organization\"},\"potentialAction\":[{\"@type\":\"SearchAction\",\"target\":{\"@type\":\"EntryPoint\",\"urlTemplate\":\"https:\\\/\\\/animefigurer.se\\\/?s={search_term_string}\"},\"query-input\":{\"@type\":\"PropertyValueSpecification\",\"valueRequired\":true,\"valueName\":\"search_term_string\"}}],\"inLanguage\":\"en-GB\"},{\"@type\":\"Organization\",\"@id\":\"https:\\\/\\\/animefigurer.se\\\/#organization\",\"name\":\"Animefigurer.se\",\"alternateName\":\"Anime figurer | Anime shop\",\"url\":\"https:\\\/\\\/animefigurer.se\\\/\",\"logo\":{\"@type\":\"ImageObject\",\"inLanguage\":\"en-GB\",\"@id\":\"https:\\\/\\\/animefigurer.se\\\/#\\\/schema\\\/logo\\\/image\\\/\",\"url\":\"https:\\\/\\\/animefigurer.se\\\/wp-content\\\/uploads\\\/2025\\\/12\\\/Animefigurer_logowhite.png\",\"contentUrl\":\"https:\\\/\\\/animefigurer.se\\\/wp-content\\\/uploads\\\/2025\\\/12\\\/Animefigurer_logowhite.png\",\"width\":1890,\"height\":1417,\"caption\":\"Animefigurer.se\"},\"image\":{\"@id\":\"https:\\\/\\\/animefigurer.se\\\/#\\\/schema\\\/logo\\\/image\\\/\"},\"sameAs\":[\"https:\\\/\\\/www.facebook.com\\\/profile.php?id=61581826539670\",\"https:\\\/\\\/www.instagram.com\\\/animefigurer.se\\\/\"],\"email\":\"info@animefigurer.se\"}]}<\/script>\n<!-- \/ Yoast SEO Premium plugin. -->","yoast_head_json":{"title":"Sesame Street Syaking-Bang!! Big Bird Vinyl Piggy Bank | Animefigurer.se","robots":{"index":"index","follow":"follow","max-snippet":"max-snippet:-1","max-image-preview":"max-image-preview:large","max-video-preview":"max-video-preview:-1"},"canonical":"https:\/\/animefigurer.se\/en\/figurer\/sesame-street\/sesame-street-syaking-bang-big-bird-vinyl-piggy-bank\/","og_locale":"en_GB","og_type":"article","og_title":"Sesame Street Syaking-Bang!! Big Bird Vinyl Piggy Bank","og_description":"De \u00e4lskade Sesame Street-karakt\u00e4rerna \u00e5terv\u00e4nder i Beast Kingdoms SYAKING-BANG!!-serie \u2014 och nu kan du ta hem Big Bird! Big Bird f\u00e5ngas i tredimensionell form med livfulla gula fj\u00e4drar, mjuk bl\u00e5rosa \u00f6gonskugga och ett v\u00e4nligt uttryck som speglar hans optimistiska personlighet. Varje figur har r\u00f6rl","og_url":"https:\/\/animefigurer.se\/en\/figurer\/sesame-street\/sesame-street-syaking-bang-big-bird-vinyl-piggy-bank\/","og_site_name":"Animefigurer.se","article_publisher":"https:\/\/www.facebook.com\/profile.php?id=61581826539670","article_modified_time":"2025-12-21T18:34:44+00:00","og_image":[{"width":1890,"height":1417,"url":"https:\/\/animefigurer.se\/wp-content\/uploads\/2025\/12\/Animefigurer_logowhite.png","type":"image\/png"}],"twitter_card":"summary_large_image","twitter_misc":{"Estimated reading time":"1 minute"},"schema":{"@context":"https:\/\/schema.org","@graph":[{"@type":"WebPage","@id":"https:\/\/animefigurer.se\/figurer\/sesame-street\/sesame-street-syaking-bang-big-bird-vinyl-piggy-bank\/","url":"https:\/\/animefigurer.se\/figurer\/sesame-street\/sesame-street-syaking-bang-big-bird-vinyl-piggy-bank\/","name":"Sesame Street Syaking-Bang!! Big Bird Vinyl Piggy Bank | Animefigurer.se","isPartOf":{"@id":"https:\/\/animefigurer.se\/#website"},"primaryImageOfPage":{"@id":"https:\/\/animefigurer.se\/figurer\/sesame-street\/sesame-street-syaking-bang-big-bird-vinyl-piggy-bank\/#primaryimage"},"image":{"@id":"https:\/\/animefigurer.se\/figurer\/sesame-street\/sesame-street-syaking-bang-big-bird-vinyl-piggy-bank\/#primaryimage"},"thumbnailUrl":"https:\/\/animefigurer.se\/wp-content\/uploads\/2025\/10\/689de8f72d880.jpeg","datePublished":"2025-10-21T10:32:08+00:00","dateModified":"2025-12-21T18:34:44+00:00","breadcrumb":{"@id":"https:\/\/animefigurer.se\/figurer\/sesame-street\/sesame-street-syaking-bang-big-bird-vinyl-piggy-bank\/#breadcrumb"},"inLanguage":"en-GB","potentialAction":[{"@type":"ReadAction","target":["https:\/\/animefigurer.se\/figurer\/sesame-street\/sesame-street-syaking-bang-big-bird-vinyl-piggy-bank\/"]}]},{"@type":"ImageObject","inLanguage":"en-GB","@id":"https:\/\/animefigurer.se\/figurer\/sesame-street\/sesame-street-syaking-bang-big-bird-vinyl-piggy-bank\/#primaryimage","url":"https:\/\/animefigurer.se\/wp-content\/uploads\/2025\/10\/689de8f72d880.jpeg","contentUrl":"https:\/\/animefigurer.se\/wp-content\/uploads\/2025\/10\/689de8f72d880.jpeg","width":1000,"height":750},{"@type":"BreadcrumbList","@id":"https:\/\/animefigurer.se\/figurer\/sesame-street\/sesame-street-syaking-bang-big-bird-vinyl-piggy-bank\/#breadcrumb","itemListElement":[{"@type":"ListItem","position":1,"name":"Home","item":"https:\/\/animefigurer.se\/"},{"@type":"ListItem","position":2,"name":"Butik","item":"https:\/\/animefigurer.se\/figurer\/"},{"@type":"ListItem","position":3,"name":"Sesame Street Syaking-Bang!! Big Bird Vinyl Piggy Bank"}]},{"@type":"WebSite","@id":"https:\/\/animefigurer.se\/#website","url":"https:\/\/animefigurer.se\/","name":"Animefigurer.se","description":"Anime figures from over 300 different anime series with over 9000 products | Anime Shop","publisher":{"@id":"https:\/\/animefigurer.se\/#organization"},"potentialAction":[{"@type":"SearchAction","target":{"@type":"EntryPoint","urlTemplate":"https:\/\/animefigurer.se\/?s={search_term_string}"},"query-input":{"@type":"PropertyValueSpecification","valueRequired":true,"valueName":"search_term_string"}}],"inLanguage":"en-GB"},{"@type":"Organization","@id":"https:\/\/animefigurer.se\/#organization","name":"Animefigurer.se","alternateName":"Anime figurer | Anime shop","url":"https:\/\/animefigurer.se\/","logo":{"@type":"ImageObject","inLanguage":"en-GB","@id":"https:\/\/animefigurer.se\/#\/schema\/logo\/image\/","url":"https:\/\/animefigurer.se\/wp-content\/uploads\/2025\/12\/Animefigurer_logowhite.png","contentUrl":"https:\/\/animefigurer.se\/wp-content\/uploads\/2025\/12\/Animefigurer_logowhite.png","width":1890,"height":1417,"caption":"Animefigurer.se"},"image":{"@id":"https:\/\/animefigurer.se\/#\/schema\/logo\/image\/"},"sameAs":["https:\/\/www.facebook.com\/profile.php?id=61581826539670","https:\/\/www.instagram.com\/animefigurer.se\/"],"email":"info@animefigurer.se"}]}},"_links":{"self":[{"href":"https:\/\/animefigurer.se\/en\/wp-json\/wp\/v2\/product\/60727","targetHints":{"allow":["GET"]}}],"collection":[{"href":"https:\/\/animefigurer.se\/en\/wp-json\/wp\/v2\/product"}],"about":[{"href":"https:\/\/animefigurer.se\/en\/wp-json\/wp\/v2\/types\/product"}],"replies":[{"embeddable":true,"href":"https:\/\/animefigurer.se\/en\/wp-json\/wp\/v2\/comments?post=60727"}],"wp:featuredmedia":[{"embeddable":true,"href":"https:\/\/animefigurer.se\/en\/wp-json\/wp\/v2\/media\/60728"}],"wp:attachment":[{"href":"https:\/\/animefigurer.se\/en\/wp-json\/wp\/v2\/media?parent=60727"}],"wp:term":[{"taxonomy":"product_brand","embeddable":true,"href":"https:\/\/animefigurer.se\/en\/wp-json\/wp\/v2\/product_brand?post=60727"},{"taxonomy":"product_cat","embeddable":true,"href":"https:\/\/animefigurer.se\/en\/wp-json\/wp\/v2\/product_cat?post=60727"},{"taxonomy":"product_tag","embeddable":true,"href":"https:\/\/animefigurer.se\/en\/wp-json\/wp\/v2\/product_tag?post=60727"},{"taxonomy":"giftcard-category","embeddable":true,"href":"https:\/\/animefigurer.se\/en\/wp-json\/wp\/v2\/giftcard-category?post=60727"}],"curies":[{"name":"wp","href":"https:\/\/api.w.org\/{rel}","templated":true}]}}