{"id":60618,"date":"2025-10-21T12:30:47","date_gmt":"2025-10-21T10:30:47","guid":{"rendered":"https:\/\/animefigurer.se\/produkt\/sectaurs-warriors-of-symbion-dragonflyer-action-figure\/"},"modified":"2025-12-21T19:34:44","modified_gmt":"2025-12-21T18:34:44","slug":"sectaurs-warriors-of-symbion-dragonflyer-action-figure","status":"publish","type":"product","link":"https:\/\/animefigurer.se\/en\/figurer\/sectaurs-warriors-of-symbion\/sectaurs-warriors-of-symbion-dragonflyer-action-figure\/","title":{"rendered":"Sectaurs: Warriors of Symbion DragonFlyer Action Figure"},"content":{"rendered":"<p>DRAGONFLYER \u2014 the air\u2019s fastest winged champion! This mighty insectoid rider is loyal only to Dargon, bound by an unbreakable telepathic bond. With powerful jaws and razor-sharp fangs, DragonFlyer is both fearsome and noble \u2014 a swift, enduring giant who sweeps into battle like lightning when danger looms.<\/p>","protected":false},"excerpt":{"rendered":"<p>DRAGONFLYER \u2014 the air&#039;s fastest winged champion! This mighty insectoid rider is loyal only to Dargon, bound by an unbreakable telepathic bond. With powerful jaws and razor-sharp fangs, DragonFlyer is both fearsome and noble \u2014 a swift, enduring giant who sweeps into battle like a bl<\/p>","protected":false},"featured_media":60619,"comment_status":"closed","ping_status":"open","template":"","meta":{"_acf_changed":false,"_monsterinsights_skip_tracking":false,"_monsterinsights_sitenote_active":false,"_monsterinsights_sitenote_note":"","_monsterinsights_sitenote_category":0},"product_brand":[7075],"product_cat":[7233,4830],"product_tag":[26],"giftcard-category":[],"class_list":{"0":"post-60618","1":"product","2":"type-product","3":"status-publish","4":"has-post-thumbnail","6":"product_brand-nacelle","7":"product_cat-pre-order","8":"product_cat-sectaurs-warriors-of-symbion","9":"product_tag-pre-order","10":"pa_karaktar-dragonflyer","11":"pa_material-plastic","12":"pa_storlek-18-cm","14":"first","15":"instock","16":"taxable","17":"shipping-taxable","18":"purchasable","19":"product-type-simple"},"acf":[],"yoast_head":"<!-- This site is optimized with the Yoast SEO Premium plugin v24.6 (Yoast SEO v27.3) - https:\/\/yoast.com\/product\/yoast-seo-premium-wordpress\/ -->\n<title>Sectaurs: Warriors of Symbion DragonFlyer Action Figure | Animefigurer.se<\/title>\n<meta name=\"robots\" content=\"index, follow, max-snippet:-1, max-image-preview:large, max-video-preview:-1\" \/>\n<link rel=\"canonical\" href=\"https:\/\/animefigurer.se\/en\/figurer\/sectaurs-warriors-of-symbion\/sectaurs-warriors-of-symbion-dragonflyer-action-figure\/\" \/>\n<meta property=\"og:locale\" content=\"en_GB\" \/>\n<meta property=\"og:type\" content=\"article\" \/>\n<meta property=\"og:title\" content=\"Sectaurs: Warriors of Symbion DragonFlyer Action Figure\" \/>\n<meta property=\"og:description\" content=\"DRAGONFLYER \u2014 luften snabbaste bevingade m\u00e4stare! Denna m\u00e4ktiga insektoida rytter \u00e4r lojal endast mot Dargon, bunden genom ett obrytligt telepatiskt band. Med kraftfulla k\u00e4kar och knivskarpa huggt\u00e4nder \u00e4r DragonFlyer b\u00e5de fasansfull och \u00e4del \u2014 en snabb, uth\u00e5llig j\u00e4tte som sveper in i strid som en bl\" \/>\n<meta property=\"og:url\" content=\"https:\/\/animefigurer.se\/en\/figurer\/sectaurs-warriors-of-symbion\/sectaurs-warriors-of-symbion-dragonflyer-action-figure\/\" \/>\n<meta property=\"og:site_name\" content=\"Animefigurer.se\" \/>\n<meta property=\"article:publisher\" content=\"https:\/\/www.facebook.com\/profile.php?id=61581826539670\" \/>\n<meta property=\"article:modified_time\" content=\"2025-12-21T18:34:44+00:00\" \/>\n<meta property=\"og:image\" content=\"https:\/\/animefigurer.se\/wp-content\/uploads\/2025\/12\/Animefigurer_logowhite.png\" \/>\n\t<meta property=\"og:image:width\" content=\"1890\" \/>\n\t<meta property=\"og:image:height\" content=\"1417\" \/>\n\t<meta property=\"og:image:type\" content=\"image\/png\" \/>\n<meta name=\"twitter:card\" content=\"summary_large_image\" \/>\n<script type=\"application\/ld+json\" class=\"yoast-schema-graph\">{\"@context\":\"https:\\\/\\\/schema.org\",\"@graph\":[{\"@type\":\"WebPage\",\"@id\":\"https:\\\/\\\/animefigurer.se\\\/en\\\/figurer\\\/sectaurs-warriors-of-symbion\\\/sectaurs-warriors-of-symbion-dragonflyer-action-figure\\\/\",\"url\":\"https:\\\/\\\/animefigurer.se\\\/en\\\/figurer\\\/sectaurs-warriors-of-symbion\\\/sectaurs-warriors-of-symbion-dragonflyer-action-figure\\\/\",\"name\":\"Sectaurs: Warriors of Symbion DragonFlyer Action Figure | Animefigurer.se\",\"isPartOf\":{\"@id\":\"https:\\\/\\\/animefigurer.se\\\/#website\"},\"primaryImageOfPage\":{\"@id\":\"https:\\\/\\\/animefigurer.se\\\/en\\\/figurer\\\/sectaurs-warriors-of-symbion\\\/sectaurs-warriors-of-symbion-dragonflyer-action-figure\\\/#primaryimage\"},\"image\":{\"@id\":\"https:\\\/\\\/animefigurer.se\\\/en\\\/figurer\\\/sectaurs-warriors-of-symbion\\\/sectaurs-warriors-of-symbion-dragonflyer-action-figure\\\/#primaryimage\"},\"thumbnailUrl\":\"https:\\\/\\\/animefigurer.se\\\/wp-content\\\/uploads\\\/2025\\\/10\\\/68a43734ae921.jpeg\",\"datePublished\":\"2025-10-21T10:30:47+00:00\",\"dateModified\":\"2025-12-21T18:34:44+00:00\",\"breadcrumb\":{\"@id\":\"https:\\\/\\\/animefigurer.se\\\/en\\\/figurer\\\/sectaurs-warriors-of-symbion\\\/sectaurs-warriors-of-symbion-dragonflyer-action-figure\\\/#breadcrumb\"},\"inLanguage\":\"en-GB\",\"potentialAction\":[{\"@type\":\"ReadAction\",\"target\":[\"https:\\\/\\\/animefigurer.se\\\/en\\\/figurer\\\/sectaurs-warriors-of-symbion\\\/sectaurs-warriors-of-symbion-dragonflyer-action-figure\\\/\"]}]},{\"@type\":\"ImageObject\",\"inLanguage\":\"en-GB\",\"@id\":\"https:\\\/\\\/animefigurer.se\\\/en\\\/figurer\\\/sectaurs-warriors-of-symbion\\\/sectaurs-warriors-of-symbion-dragonflyer-action-figure\\\/#primaryimage\",\"url\":\"https:\\\/\\\/animefigurer.se\\\/wp-content\\\/uploads\\\/2025\\\/10\\\/68a43734ae921.jpeg\",\"contentUrl\":\"https:\\\/\\\/animefigurer.se\\\/wp-content\\\/uploads\\\/2025\\\/10\\\/68a43734ae921.jpeg\",\"width\":750,\"height\":750},{\"@type\":\"BreadcrumbList\",\"@id\":\"https:\\\/\\\/animefigurer.se\\\/en\\\/figurer\\\/sectaurs-warriors-of-symbion\\\/sectaurs-warriors-of-symbion-dragonflyer-action-figure\\\/#breadcrumb\",\"itemListElement\":[{\"@type\":\"ListItem\",\"position\":1,\"name\":\"Home\",\"item\":\"https:\\\/\\\/animefigurer.se\\\/\"},{\"@type\":\"ListItem\",\"position\":2,\"name\":\"Butik\",\"item\":\"https:\\\/\\\/animefigurer.se\\\/figurer\\\/\"},{\"@type\":\"ListItem\",\"position\":3,\"name\":\"Sectaurs: Warriors of Symbion DragonFlyer Action Figure\"}]},{\"@type\":\"WebSite\",\"@id\":\"https:\\\/\\\/animefigurer.se\\\/#website\",\"url\":\"https:\\\/\\\/animefigurer.se\\\/\",\"name\":\"Animefigurer.se\",\"description\":\"Anime figurer fr\u00e5n \u00f6ver 300 olika anime serier med \u00f6ver 9000 produkter | Anime Shop\",\"publisher\":{\"@id\":\"https:\\\/\\\/animefigurer.se\\\/#organization\"},\"potentialAction\":[{\"@type\":\"SearchAction\",\"target\":{\"@type\":\"EntryPoint\",\"urlTemplate\":\"https:\\\/\\\/animefigurer.se\\\/?s={search_term_string}\"},\"query-input\":{\"@type\":\"PropertyValueSpecification\",\"valueRequired\":true,\"valueName\":\"search_term_string\"}}],\"inLanguage\":\"en-GB\"},{\"@type\":\"Organization\",\"@id\":\"https:\\\/\\\/animefigurer.se\\\/#organization\",\"name\":\"Animefigurer.se\",\"alternateName\":\"Anime figurer | Anime shop\",\"url\":\"https:\\\/\\\/animefigurer.se\\\/\",\"logo\":{\"@type\":\"ImageObject\",\"inLanguage\":\"en-GB\",\"@id\":\"https:\\\/\\\/animefigurer.se\\\/#\\\/schema\\\/logo\\\/image\\\/\",\"url\":\"https:\\\/\\\/animefigurer.se\\\/wp-content\\\/uploads\\\/2025\\\/12\\\/Animefigurer_logowhite.png\",\"contentUrl\":\"https:\\\/\\\/animefigurer.se\\\/wp-content\\\/uploads\\\/2025\\\/12\\\/Animefigurer_logowhite.png\",\"width\":1890,\"height\":1417,\"caption\":\"Animefigurer.se\"},\"image\":{\"@id\":\"https:\\\/\\\/animefigurer.se\\\/#\\\/schema\\\/logo\\\/image\\\/\"},\"sameAs\":[\"https:\\\/\\\/www.facebook.com\\\/profile.php?id=61581826539670\",\"https:\\\/\\\/www.instagram.com\\\/animefigurer.se\\\/\"],\"email\":\"info@animefigurer.se\"}]}<\/script>\n<!-- \/ Yoast SEO Premium plugin. -->","yoast_head_json":{"title":"Sectaurs: Warriors of Symbion DragonFlyer Action Figure | Animefigurer.se","robots":{"index":"index","follow":"follow","max-snippet":"max-snippet:-1","max-image-preview":"max-image-preview:large","max-video-preview":"max-video-preview:-1"},"canonical":"https:\/\/animefigurer.se\/en\/figurer\/sectaurs-warriors-of-symbion\/sectaurs-warriors-of-symbion-dragonflyer-action-figure\/","og_locale":"en_GB","og_type":"article","og_title":"Sectaurs: Warriors of Symbion DragonFlyer Action Figure","og_description":"DRAGONFLYER \u2014 luften snabbaste bevingade m\u00e4stare! Denna m\u00e4ktiga insektoida rytter \u00e4r lojal endast mot Dargon, bunden genom ett obrytligt telepatiskt band. Med kraftfulla k\u00e4kar och knivskarpa huggt\u00e4nder \u00e4r DragonFlyer b\u00e5de fasansfull och \u00e4del \u2014 en snabb, uth\u00e5llig j\u00e4tte som sveper in i strid som en bl","og_url":"https:\/\/animefigurer.se\/en\/figurer\/sectaurs-warriors-of-symbion\/sectaurs-warriors-of-symbion-dragonflyer-action-figure\/","og_site_name":"Animefigurer.se","article_publisher":"https:\/\/www.facebook.com\/profile.php?id=61581826539670","article_modified_time":"2025-12-21T18:34:44+00:00","og_image":[{"width":1890,"height":1417,"url":"https:\/\/animefigurer.se\/wp-content\/uploads\/2025\/12\/Animefigurer_logowhite.png","type":"image\/png"}],"twitter_card":"summary_large_image","schema":{"@context":"https:\/\/schema.org","@graph":[{"@type":"WebPage","@id":"https:\/\/animefigurer.se\/en\/figurer\/sectaurs-warriors-of-symbion\/sectaurs-warriors-of-symbion-dragonflyer-action-figure\/","url":"https:\/\/animefigurer.se\/en\/figurer\/sectaurs-warriors-of-symbion\/sectaurs-warriors-of-symbion-dragonflyer-action-figure\/","name":"Sectaurs: Warriors of Symbion DragonFlyer Action Figure | Animefigurer.se","isPartOf":{"@id":"https:\/\/animefigurer.se\/#website"},"primaryImageOfPage":{"@id":"https:\/\/animefigurer.se\/en\/figurer\/sectaurs-warriors-of-symbion\/sectaurs-warriors-of-symbion-dragonflyer-action-figure\/#primaryimage"},"image":{"@id":"https:\/\/animefigurer.se\/en\/figurer\/sectaurs-warriors-of-symbion\/sectaurs-warriors-of-symbion-dragonflyer-action-figure\/#primaryimage"},"thumbnailUrl":"https:\/\/animefigurer.se\/wp-content\/uploads\/2025\/10\/68a43734ae921.jpeg","datePublished":"2025-10-21T10:30:47+00:00","dateModified":"2025-12-21T18:34:44+00:00","breadcrumb":{"@id":"https:\/\/animefigurer.se\/en\/figurer\/sectaurs-warriors-of-symbion\/sectaurs-warriors-of-symbion-dragonflyer-action-figure\/#breadcrumb"},"inLanguage":"en-GB","potentialAction":[{"@type":"ReadAction","target":["https:\/\/animefigurer.se\/en\/figurer\/sectaurs-warriors-of-symbion\/sectaurs-warriors-of-symbion-dragonflyer-action-figure\/"]}]},{"@type":"ImageObject","inLanguage":"en-GB","@id":"https:\/\/animefigurer.se\/en\/figurer\/sectaurs-warriors-of-symbion\/sectaurs-warriors-of-symbion-dragonflyer-action-figure\/#primaryimage","url":"https:\/\/animefigurer.se\/wp-content\/uploads\/2025\/10\/68a43734ae921.jpeg","contentUrl":"https:\/\/animefigurer.se\/wp-content\/uploads\/2025\/10\/68a43734ae921.jpeg","width":750,"height":750},{"@type":"BreadcrumbList","@id":"https:\/\/animefigurer.se\/en\/figurer\/sectaurs-warriors-of-symbion\/sectaurs-warriors-of-symbion-dragonflyer-action-figure\/#breadcrumb","itemListElement":[{"@type":"ListItem","position":1,"name":"Home","item":"https:\/\/animefigurer.se\/"},{"@type":"ListItem","position":2,"name":"Butik","item":"https:\/\/animefigurer.se\/figurer\/"},{"@type":"ListItem","position":3,"name":"Sectaurs: Warriors of Symbion DragonFlyer Action Figure"}]},{"@type":"WebSite","@id":"https:\/\/animefigurer.se\/#website","url":"https:\/\/animefigurer.se\/","name":"Animefigurer.se","description":"Anime figures from over 300 different anime series with over 9000 products | Anime Shop","publisher":{"@id":"https:\/\/animefigurer.se\/#organization"},"potentialAction":[{"@type":"SearchAction","target":{"@type":"EntryPoint","urlTemplate":"https:\/\/animefigurer.se\/?s={search_term_string}"},"query-input":{"@type":"PropertyValueSpecification","valueRequired":true,"valueName":"search_term_string"}}],"inLanguage":"en-GB"},{"@type":"Organization","@id":"https:\/\/animefigurer.se\/#organization","name":"Animefigurer.se","alternateName":"Anime figurer | Anime shop","url":"https:\/\/animefigurer.se\/","logo":{"@type":"ImageObject","inLanguage":"en-GB","@id":"https:\/\/animefigurer.se\/#\/schema\/logo\/image\/","url":"https:\/\/animefigurer.se\/wp-content\/uploads\/2025\/12\/Animefigurer_logowhite.png","contentUrl":"https:\/\/animefigurer.se\/wp-content\/uploads\/2025\/12\/Animefigurer_logowhite.png","width":1890,"height":1417,"caption":"Animefigurer.se"},"image":{"@id":"https:\/\/animefigurer.se\/#\/schema\/logo\/image\/"},"sameAs":["https:\/\/www.facebook.com\/profile.php?id=61581826539670","https:\/\/www.instagram.com\/animefigurer.se\/"],"email":"info@animefigurer.se"}]}},"_links":{"self":[{"href":"https:\/\/animefigurer.se\/en\/wp-json\/wp\/v2\/product\/60618","targetHints":{"allow":["GET"]}}],"collection":[{"href":"https:\/\/animefigurer.se\/en\/wp-json\/wp\/v2\/product"}],"about":[{"href":"https:\/\/animefigurer.se\/en\/wp-json\/wp\/v2\/types\/product"}],"replies":[{"embeddable":true,"href":"https:\/\/animefigurer.se\/en\/wp-json\/wp\/v2\/comments?post=60618"}],"wp:featuredmedia":[{"embeddable":true,"href":"https:\/\/animefigurer.se\/en\/wp-json\/wp\/v2\/media\/60619"}],"wp:attachment":[{"href":"https:\/\/animefigurer.se\/en\/wp-json\/wp\/v2\/media?parent=60618"}],"wp:term":[{"taxonomy":"product_brand","embeddable":true,"href":"https:\/\/animefigurer.se\/en\/wp-json\/wp\/v2\/product_brand?post=60618"},{"taxonomy":"product_cat","embeddable":true,"href":"https:\/\/animefigurer.se\/en\/wp-json\/wp\/v2\/product_cat?post=60618"},{"taxonomy":"product_tag","embeddable":true,"href":"https:\/\/animefigurer.se\/en\/wp-json\/wp\/v2\/product_tag?post=60618"},{"taxonomy":"giftcard-category","embeddable":true,"href":"https:\/\/animefigurer.se\/en\/wp-json\/wp\/v2\/giftcard-category?post=60618"}],"curies":[{"name":"wp","href":"https:\/\/api.w.org\/{rel}","templated":true}]}}