{"id":60588,"date":"2025-10-21T12:30:26","date_gmt":"2025-10-21T10:30:26","guid":{"rendered":"https:\/\/animefigurer.se\/produkt\/scott-pilgrim-plush-figure-scott-pilgrim\/"},"modified":"2025-12-21T19:34:42","modified_gmt":"2025-12-21T18:34:42","slug":"scott-pilgrim-plush-figure-scott-pilgrim","status":"publish","type":"product","link":"https:\/\/animefigurer.se\/en\/figurer\/scott-pilgrim\/scott-pilgrim-plush-figure-scott-pilgrim\/","title":{"rendered":"Scott Pilgrim Plush Figure Scott Pilgrim"},"content":{"rendered":"<p>Scott returns \u2014 this time as a Youtooz plush! He stands 9 inches tall with his legs kicked forward and wears white sneakers. The hero&#039;s outfit consists of light blue jeans, a pink shirt, and yellow bracelets, while his face lights up under a messy brown fringe.<\/p>\n<p>This plush is filled with 100% PP cotton and made of extra soft minky material, making it ideal for cuddling, display or fighting for what you love!<\/p>","protected":false},"excerpt":{"rendered":"<p>Scott returns \u2014 this time as a Youtooz plush! He stands 9 inches tall with his legs kicked forward and wears white sneakers. The hero&#039;s outfit consists of light blue jeans, a pink shirt, and yellow bracelets, while his face lights up under a messy brown fringe.<\/p>\n<p>This plush is filled with 100% PP cotton and <\/p>","protected":false},"featured_media":60589,"comment_status":"closed","ping_status":"open","template":"","meta":{"_acf_changed":false,"_monsterinsights_skip_tracking":false,"_monsterinsights_sitenote_active":false,"_monsterinsights_sitenote_note":"","_monsterinsights_sitenote_category":0},"product_brand":[7189],"product_cat":[7233,4818],"product_tag":[26],"giftcard-category":[],"class_list":{"0":"post-60588","1":"product","2":"type-product","3":"status-publish","4":"has-post-thumbnail","6":"product_brand-youtooz","7":"product_cat-pre-order","8":"product_cat-scott-pilgrim","9":"product_tag-pre-order","10":"pa_franchise-scott-pilgrim","11":"pa_karaktar-scott-pilgrim","12":"pa_storlek-23-cm","14":"first","15":"instock","16":"taxable","17":"shipping-taxable","18":"purchasable","19":"product-type-simple"},"acf":[],"yoast_head":"<!-- This site is optimized with the Yoast SEO Premium plugin v24.6 (Yoast SEO v27.3) - https:\/\/yoast.com\/product\/yoast-seo-premium-wordpress\/ -->\n<title>Scott Pilgrim Plush Figure Scott Pilgrim | Animefigurer.se<\/title>\n<meta name=\"robots\" content=\"index, follow, max-snippet:-1, max-image-preview:large, max-video-preview:-1\" \/>\n<link rel=\"canonical\" href=\"https:\/\/animefigurer.se\/en\/figurer\/scott-pilgrim\/scott-pilgrim-plush-figure-scott-pilgrim\/\" \/>\n<meta property=\"og:locale\" content=\"en_GB\" \/>\n<meta property=\"og:type\" content=\"article\" \/>\n<meta property=\"og:title\" content=\"Scott Pilgrim Plush Figure Scott Pilgrim\" \/>\n<meta property=\"og:description\" content=\"Scott \u00e5terv\u00e4nder \u2014 denna g\u00e5ng som en Youtooz-plysch! Han sitter 9 tum l\u00e5ng med benen fram\u00e5tsparkade och b\u00e4r vita sneakers. Hj\u00e4ltens outfit best\u00e5r av ljusbl\u00e5 jeans, en rosa skjorta och gula armband, medan hans ansikte lyser upp under en rufsig brun lugg. Denna plysch \u00e4r fylld med 100% PP-bomull och\" \/>\n<meta property=\"og:url\" content=\"https:\/\/animefigurer.se\/en\/figurer\/scott-pilgrim\/scott-pilgrim-plush-figure-scott-pilgrim\/\" \/>\n<meta property=\"og:site_name\" content=\"Animefigurer.se\" \/>\n<meta property=\"article:publisher\" content=\"https:\/\/www.facebook.com\/profile.php?id=61581826539670\" \/>\n<meta property=\"article:modified_time\" content=\"2025-12-21T18:34:42+00:00\" \/>\n<meta property=\"og:image\" content=\"https:\/\/animefigurer.se\/wp-content\/uploads\/2025\/12\/Animefigurer_logowhite.png\" \/>\n\t<meta property=\"og:image:width\" content=\"1890\" \/>\n\t<meta property=\"og:image:height\" content=\"1417\" \/>\n\t<meta property=\"og:image:type\" content=\"image\/png\" \/>\n<meta name=\"twitter:card\" content=\"summary_large_image\" \/>\n<script type=\"application\/ld+json\" class=\"yoast-schema-graph\">{\"@context\":\"https:\\\/\\\/schema.org\",\"@graph\":[{\"@type\":\"WebPage\",\"@id\":\"https:\\\/\\\/animefigurer.se\\\/en\\\/figurer\\\/scott-pilgrim\\\/scott-pilgrim-plush-figure-scott-pilgrim\\\/\",\"url\":\"https:\\\/\\\/animefigurer.se\\\/en\\\/figurer\\\/scott-pilgrim\\\/scott-pilgrim-plush-figure-scott-pilgrim\\\/\",\"name\":\"Scott Pilgrim Plush Figure Scott Pilgrim | Animefigurer.se\",\"isPartOf\":{\"@id\":\"https:\\\/\\\/animefigurer.se\\\/#website\"},\"primaryImageOfPage\":{\"@id\":\"https:\\\/\\\/animefigurer.se\\\/en\\\/figurer\\\/scott-pilgrim\\\/scott-pilgrim-plush-figure-scott-pilgrim\\\/#primaryimage\"},\"image\":{\"@id\":\"https:\\\/\\\/animefigurer.se\\\/en\\\/figurer\\\/scott-pilgrim\\\/scott-pilgrim-plush-figure-scott-pilgrim\\\/#primaryimage\"},\"thumbnailUrl\":\"https:\\\/\\\/animefigurer.se\\\/wp-content\\\/uploads\\\/2025\\\/10\\\/681a1519ce4e2.jpeg\",\"datePublished\":\"2025-10-21T10:30:26+00:00\",\"dateModified\":\"2025-12-21T18:34:42+00:00\",\"breadcrumb\":{\"@id\":\"https:\\\/\\\/animefigurer.se\\\/en\\\/figurer\\\/scott-pilgrim\\\/scott-pilgrim-plush-figure-scott-pilgrim\\\/#breadcrumb\"},\"inLanguage\":\"en-GB\",\"potentialAction\":[{\"@type\":\"ReadAction\",\"target\":[\"https:\\\/\\\/animefigurer.se\\\/en\\\/figurer\\\/scott-pilgrim\\\/scott-pilgrim-plush-figure-scott-pilgrim\\\/\"]}]},{\"@type\":\"ImageObject\",\"inLanguage\":\"en-GB\",\"@id\":\"https:\\\/\\\/animefigurer.se\\\/en\\\/figurer\\\/scott-pilgrim\\\/scott-pilgrim-plush-figure-scott-pilgrim\\\/#primaryimage\",\"url\":\"https:\\\/\\\/animefigurer.se\\\/wp-content\\\/uploads\\\/2025\\\/10\\\/681a1519ce4e2.jpeg\",\"contentUrl\":\"https:\\\/\\\/animefigurer.se\\\/wp-content\\\/uploads\\\/2025\\\/10\\\/681a1519ce4e2.jpeg\",\"width\":1000,\"height\":1000},{\"@type\":\"BreadcrumbList\",\"@id\":\"https:\\\/\\\/animefigurer.se\\\/en\\\/figurer\\\/scott-pilgrim\\\/scott-pilgrim-plush-figure-scott-pilgrim\\\/#breadcrumb\",\"itemListElement\":[{\"@type\":\"ListItem\",\"position\":1,\"name\":\"Home\",\"item\":\"https:\\\/\\\/animefigurer.se\\\/\"},{\"@type\":\"ListItem\",\"position\":2,\"name\":\"Butik\",\"item\":\"https:\\\/\\\/animefigurer.se\\\/figurer\\\/\"},{\"@type\":\"ListItem\",\"position\":3,\"name\":\"Scott Pilgrim Plush Figure Scott Pilgrim\"}]},{\"@type\":\"WebSite\",\"@id\":\"https:\\\/\\\/animefigurer.se\\\/#website\",\"url\":\"https:\\\/\\\/animefigurer.se\\\/\",\"name\":\"Animefigurer.se\",\"description\":\"Anime figurer fr\u00e5n \u00f6ver 300 olika anime serier med \u00f6ver 9000 produkter | Anime Shop\",\"publisher\":{\"@id\":\"https:\\\/\\\/animefigurer.se\\\/#organization\"},\"potentialAction\":[{\"@type\":\"SearchAction\",\"target\":{\"@type\":\"EntryPoint\",\"urlTemplate\":\"https:\\\/\\\/animefigurer.se\\\/?s={search_term_string}\"},\"query-input\":{\"@type\":\"PropertyValueSpecification\",\"valueRequired\":true,\"valueName\":\"search_term_string\"}}],\"inLanguage\":\"en-GB\"},{\"@type\":\"Organization\",\"@id\":\"https:\\\/\\\/animefigurer.se\\\/#organization\",\"name\":\"Animefigurer.se\",\"alternateName\":\"Anime figurer | Anime shop\",\"url\":\"https:\\\/\\\/animefigurer.se\\\/\",\"logo\":{\"@type\":\"ImageObject\",\"inLanguage\":\"en-GB\",\"@id\":\"https:\\\/\\\/animefigurer.se\\\/#\\\/schema\\\/logo\\\/image\\\/\",\"url\":\"https:\\\/\\\/animefigurer.se\\\/wp-content\\\/uploads\\\/2025\\\/12\\\/Animefigurer_logowhite.png\",\"contentUrl\":\"https:\\\/\\\/animefigurer.se\\\/wp-content\\\/uploads\\\/2025\\\/12\\\/Animefigurer_logowhite.png\",\"width\":1890,\"height\":1417,\"caption\":\"Animefigurer.se\"},\"image\":{\"@id\":\"https:\\\/\\\/animefigurer.se\\\/#\\\/schema\\\/logo\\\/image\\\/\"},\"sameAs\":[\"https:\\\/\\\/www.facebook.com\\\/profile.php?id=61581826539670\",\"https:\\\/\\\/www.instagram.com\\\/animefigurer.se\\\/\"],\"email\":\"info@animefigurer.se\"}]}<\/script>\n<!-- \/ Yoast SEO Premium plugin. -->","yoast_head_json":{"title":"Scott Pilgrim Plush Figure Scott Pilgrim | Animefigurer.se","robots":{"index":"index","follow":"follow","max-snippet":"max-snippet:-1","max-image-preview":"max-image-preview:large","max-video-preview":"max-video-preview:-1"},"canonical":"https:\/\/animefigurer.se\/en\/figurer\/scott-pilgrim\/scott-pilgrim-plush-figure-scott-pilgrim\/","og_locale":"en_GB","og_type":"article","og_title":"Scott Pilgrim Plush Figure Scott Pilgrim","og_description":"Scott \u00e5terv\u00e4nder \u2014 denna g\u00e5ng som en Youtooz-plysch! Han sitter 9 tum l\u00e5ng med benen fram\u00e5tsparkade och b\u00e4r vita sneakers. Hj\u00e4ltens outfit best\u00e5r av ljusbl\u00e5 jeans, en rosa skjorta och gula armband, medan hans ansikte lyser upp under en rufsig brun lugg. Denna plysch \u00e4r fylld med 100% PP-bomull och","og_url":"https:\/\/animefigurer.se\/en\/figurer\/scott-pilgrim\/scott-pilgrim-plush-figure-scott-pilgrim\/","og_site_name":"Animefigurer.se","article_publisher":"https:\/\/www.facebook.com\/profile.php?id=61581826539670","article_modified_time":"2025-12-21T18:34:42+00:00","og_image":[{"width":1890,"height":1417,"url":"https:\/\/animefigurer.se\/wp-content\/uploads\/2025\/12\/Animefigurer_logowhite.png","type":"image\/png"}],"twitter_card":"summary_large_image","schema":{"@context":"https:\/\/schema.org","@graph":[{"@type":"WebPage","@id":"https:\/\/animefigurer.se\/en\/figurer\/scott-pilgrim\/scott-pilgrim-plush-figure-scott-pilgrim\/","url":"https:\/\/animefigurer.se\/en\/figurer\/scott-pilgrim\/scott-pilgrim-plush-figure-scott-pilgrim\/","name":"Scott Pilgrim Plush Figure Scott Pilgrim | Animefigurer.se","isPartOf":{"@id":"https:\/\/animefigurer.se\/#website"},"primaryImageOfPage":{"@id":"https:\/\/animefigurer.se\/en\/figurer\/scott-pilgrim\/scott-pilgrim-plush-figure-scott-pilgrim\/#primaryimage"},"image":{"@id":"https:\/\/animefigurer.se\/en\/figurer\/scott-pilgrim\/scott-pilgrim-plush-figure-scott-pilgrim\/#primaryimage"},"thumbnailUrl":"https:\/\/animefigurer.se\/wp-content\/uploads\/2025\/10\/681a1519ce4e2.jpeg","datePublished":"2025-10-21T10:30:26+00:00","dateModified":"2025-12-21T18:34:42+00:00","breadcrumb":{"@id":"https:\/\/animefigurer.se\/en\/figurer\/scott-pilgrim\/scott-pilgrim-plush-figure-scott-pilgrim\/#breadcrumb"},"inLanguage":"en-GB","potentialAction":[{"@type":"ReadAction","target":["https:\/\/animefigurer.se\/en\/figurer\/scott-pilgrim\/scott-pilgrim-plush-figure-scott-pilgrim\/"]}]},{"@type":"ImageObject","inLanguage":"en-GB","@id":"https:\/\/animefigurer.se\/en\/figurer\/scott-pilgrim\/scott-pilgrim-plush-figure-scott-pilgrim\/#primaryimage","url":"https:\/\/animefigurer.se\/wp-content\/uploads\/2025\/10\/681a1519ce4e2.jpeg","contentUrl":"https:\/\/animefigurer.se\/wp-content\/uploads\/2025\/10\/681a1519ce4e2.jpeg","width":1000,"height":1000},{"@type":"BreadcrumbList","@id":"https:\/\/animefigurer.se\/en\/figurer\/scott-pilgrim\/scott-pilgrim-plush-figure-scott-pilgrim\/#breadcrumb","itemListElement":[{"@type":"ListItem","position":1,"name":"Home","item":"https:\/\/animefigurer.se\/"},{"@type":"ListItem","position":2,"name":"Butik","item":"https:\/\/animefigurer.se\/figurer\/"},{"@type":"ListItem","position":3,"name":"Scott Pilgrim Plush Figure Scott Pilgrim"}]},{"@type":"WebSite","@id":"https:\/\/animefigurer.se\/#website","url":"https:\/\/animefigurer.se\/","name":"Animefigurer.se","description":"Anime figures from over 300 different anime series with over 9000 products | Anime Shop","publisher":{"@id":"https:\/\/animefigurer.se\/#organization"},"potentialAction":[{"@type":"SearchAction","target":{"@type":"EntryPoint","urlTemplate":"https:\/\/animefigurer.se\/?s={search_term_string}"},"query-input":{"@type":"PropertyValueSpecification","valueRequired":true,"valueName":"search_term_string"}}],"inLanguage":"en-GB"},{"@type":"Organization","@id":"https:\/\/animefigurer.se\/#organization","name":"Animefigurer.se","alternateName":"Anime figurer | Anime shop","url":"https:\/\/animefigurer.se\/","logo":{"@type":"ImageObject","inLanguage":"en-GB","@id":"https:\/\/animefigurer.se\/#\/schema\/logo\/image\/","url":"https:\/\/animefigurer.se\/wp-content\/uploads\/2025\/12\/Animefigurer_logowhite.png","contentUrl":"https:\/\/animefigurer.se\/wp-content\/uploads\/2025\/12\/Animefigurer_logowhite.png","width":1890,"height":1417,"caption":"Animefigurer.se"},"image":{"@id":"https:\/\/animefigurer.se\/#\/schema\/logo\/image\/"},"sameAs":["https:\/\/www.facebook.com\/profile.php?id=61581826539670","https:\/\/www.instagram.com\/animefigurer.se\/"],"email":"info@animefigurer.se"}]}},"_links":{"self":[{"href":"https:\/\/animefigurer.se\/en\/wp-json\/wp\/v2\/product\/60588","targetHints":{"allow":["GET"]}}],"collection":[{"href":"https:\/\/animefigurer.se\/en\/wp-json\/wp\/v2\/product"}],"about":[{"href":"https:\/\/animefigurer.se\/en\/wp-json\/wp\/v2\/types\/product"}],"replies":[{"embeddable":true,"href":"https:\/\/animefigurer.se\/en\/wp-json\/wp\/v2\/comments?post=60588"}],"wp:featuredmedia":[{"embeddable":true,"href":"https:\/\/animefigurer.se\/en\/wp-json\/wp\/v2\/media\/60589"}],"wp:attachment":[{"href":"https:\/\/animefigurer.se\/en\/wp-json\/wp\/v2\/media?parent=60588"}],"wp:term":[{"taxonomy":"product_brand","embeddable":true,"href":"https:\/\/animefigurer.se\/en\/wp-json\/wp\/v2\/product_brand?post=60588"},{"taxonomy":"product_cat","embeddable":true,"href":"https:\/\/animefigurer.se\/en\/wp-json\/wp\/v2\/product_cat?post=60588"},{"taxonomy":"product_tag","embeddable":true,"href":"https:\/\/animefigurer.se\/en\/wp-json\/wp\/v2\/product_tag?post=60588"},{"taxonomy":"giftcard-category","embeddable":true,"href":"https:\/\/animefigurer.se\/en\/wp-json\/wp\/v2\/giftcard-category?post=60588"}],"curies":[{"name":"wp","href":"https:\/\/api.w.org\/{rel}","templated":true}]}}